{"id":36944,"date":"2025-01-17T13:45:41","date_gmt":"2025-01-17T10:45:41","guid":{"rendered":"https:\/\/astrologelvan.com\/magaza\/?post_type=product&#038;p=36944"},"modified":"2026-03-10T08:45:06","modified_gmt":"2026-03-10T05:45:06","slug":"aventurin-bileklik","status":"publish","type":"product","link":"https:\/\/astrologelvan.com\/magaza\/urun\/aventurin-bileklik\/","title":{"rendered":"FASET KES\u0130M AVENTUR\u0130N B\u0130LEKL\u0130K"},"content":{"rendered":"<p>8 MM TA\u015e<\/p>\n<p>FASET KES\u0130M<\/p>\n","protected":false},"excerpt":{"rendered":"<p><strong>\u201c\u015eans\u0131n ve Sakinli\u011fin Ye\u015fil Dokunu\u015fu\u201d<\/strong><\/p>\n<p>Aventurin, \u201c\u015fans ta\u015f\u0131\u201d olarak bilinir ve \u00f6zellikle bolluk, ba\u015far\u0131 ve cesareti art\u0131rd\u0131\u011f\u0131 s\u00f6ylenir. Ta\u015f\u0131n sakinle\u015ftirici enerjisi, zihninizi ve kalbinizi uyum i\u00e7inde tutarken i\u00e7 huzuru destekler.<\/p>\n<ul>\n<li>\u015eans ve Bereket: Hayat\u0131n\u0131za pozitif enerjiyi \u00e7ekmek ve f\u0131rsatlar\u0131 de\u011ferlendirmek i\u00e7in m\u00fckemmeldir.<\/li>\n<li>Kalp \u00c7akras\u0131: Duygusal denge sa\u011flar, sevgiyi ve \u015fefkati g\u00fc\u00e7lendirir.<\/li>\n<li>Sakinlik ve Huzur: G\u00fcnl\u00fck stresinizi azalt\u0131r ve ruhsal bir dinginlik sunar.<\/li>\n<\/ul>\n","protected":false},"featured_media":36948,"comment_status":"open","ping_status":"closed","template":"","meta":[],"product_brand":[596],"product_cat":[220,258,9539],"product_tag":[],"class_list":{"0":"post-36944","1":"product","2":"type-product","3":"status-publish","4":"has-post-thumbnail","6":"product_brand-astrolog-elvan","7":"product_cat-aventurin-tasi","8":"product_cat-bileklik","9":"product_cat--bileklikler","11":"first","12":"instock","13":"taxable","14":"shipping-taxable","15":"purchasable","16":"product-type-simple"},"yoast_head":"<!-- This site is optimized with the Yoast SEO plugin v27.3 - https:\/\/yoast.com\/product\/yoast-seo-wordpress\/ -->\n<title>FASET KES\u0130M AVENTUR\u0130N B\u0130LEKL\u0130K - Astrolog Elvan<\/title>\n<meta name=\"robots\" content=\"index, follow, max-snippet:-1, max-image-preview:large, max-video-preview:-1\" \/>\n<link rel=\"canonical\" href=\"https:\/\/astrologelvan.com\/magaza\/urun\/aventurin-bileklik\/\" \/>\n<meta property=\"og:locale\" content=\"tr_TR\" \/>\n<meta property=\"og:type\" content=\"article\" \/>\n<meta property=\"og:title\" content=\"FASET KES\u0130M AVENTUR\u0130N B\u0130LEKL\u0130K - Astrolog Elvan\" \/>\n<meta property=\"og:description\" content=\"\u201c\u015eans\u0131n ve Sakinli\u011fin Ye\u015fil Dokunu\u015fu\u201d  Aventurin, \u201c\u015fans ta\u015f\u0131\u201d olarak bilinir ve \u00f6zellikle bolluk, ba\u015far\u0131 ve cesareti art\u0131rd\u0131\u011f\u0131 s\u00f6ylenir. Ta\u015f\u0131n sakinle\u015ftirici enerjisi, zihninizi ve kalbinizi uyum i\u00e7inde tutarken i\u00e7 huzuru destekler.   \u015eans ve Bereket: Hayat\u0131n\u0131za pozitif enerjiyi \u00e7ekmek ve f\u0131rsatlar\u0131 de\u011ferlendirmek i\u00e7in m\u00fckemmeldir.  Kalp \u00c7akras\u0131: Duygusal denge sa\u011flar, sevgiyi ve \u015fefkati g\u00fc\u00e7lendirir.  Sakinlik ve Huzur: G\u00fcnl\u00fck stresinizi azalt\u0131r ve ruhsal bir dinginlik sunar.\" \/>\n<meta property=\"og:url\" content=\"https:\/\/astrologelvan.com\/magaza\/urun\/aventurin-bileklik\/\" \/>\n<meta property=\"og:site_name\" content=\"Astrolog Elvan\" \/>\n<meta property=\"article:modified_time\" content=\"2026-03-10T05:45:06+00:00\" \/>\n<meta property=\"og:image\" content=\"https:\/\/astrologelvan.com\/magaza\/wp-content\/uploads\/2025\/01\/AVENTURIN.jpg\" \/>\n\t<meta property=\"og:image:width\" content=\"2400\" \/>\n\t<meta property=\"og:image:height\" content=\"2400\" \/>\n\t<meta property=\"og:image:type\" content=\"image\/jpeg\" \/>\n<meta name=\"twitter:card\" content=\"summary_large_image\" \/>\n<meta name=\"twitter:label1\" content=\"Tahmini okuma s\u00fcresi\" \/>\n\t<meta name=\"twitter:data1\" content=\"1 dakika\" \/>\n<script type=\"application\/ld+json\" class=\"yoast-schema-graph\">{\"@context\":\"https:\\\/\\\/schema.org\",\"@graph\":[{\"@type\":[\"WebPage\",\"ItemPage\"],\"@id\":\"https:\\\/\\\/astrologelvan.com\\\/magaza\\\/urun\\\/aventurin-bileklik\\\/\",\"url\":\"https:\\\/\\\/astrologelvan.com\\\/magaza\\\/urun\\\/aventurin-bileklik\\\/\",\"name\":\"FASET KES\u0130M AVENTUR\u0130N B\u0130LEKL\u0130K - Astrolog Elvan\",\"isPartOf\":{\"@id\":\"https:\\\/\\\/astrologelvan.com\\\/magaza\\\/#website\"},\"primaryImageOfPage\":{\"@id\":\"https:\\\/\\\/astrologelvan.com\\\/magaza\\\/urun\\\/aventurin-bileklik\\\/#primaryimage\"},\"image\":{\"@id\":\"https:\\\/\\\/astrologelvan.com\\\/magaza\\\/urun\\\/aventurin-bileklik\\\/#primaryimage\"},\"thumbnailUrl\":\"https:\\\/\\\/astrologelvan.com\\\/magaza\\\/wp-content\\\/uploads\\\/2025\\\/01\\\/AVENTURIN.jpg\",\"datePublished\":\"2025-01-17T10:45:41+00:00\",\"dateModified\":\"2026-03-10T05:45:06+00:00\",\"breadcrumb\":{\"@id\":\"https:\\\/\\\/astrologelvan.com\\\/magaza\\\/urun\\\/aventurin-bileklik\\\/#breadcrumb\"},\"inLanguage\":\"tr\",\"potentialAction\":[{\"@type\":\"ReadAction\",\"target\":[\"https:\\\/\\\/astrologelvan.com\\\/magaza\\\/urun\\\/aventurin-bileklik\\\/\"]}]},{\"@type\":\"ImageObject\",\"inLanguage\":\"tr\",\"@id\":\"https:\\\/\\\/astrologelvan.com\\\/magaza\\\/urun\\\/aventurin-bileklik\\\/#primaryimage\",\"url\":\"https:\\\/\\\/astrologelvan.com\\\/magaza\\\/wp-content\\\/uploads\\\/2025\\\/01\\\/AVENTURIN.jpg\",\"contentUrl\":\"https:\\\/\\\/astrologelvan.com\\\/magaza\\\/wp-content\\\/uploads\\\/2025\\\/01\\\/AVENTURIN.jpg\",\"width\":2400,\"height\":2400},{\"@type\":\"BreadcrumbList\",\"@id\":\"https:\\\/\\\/astrologelvan.com\\\/magaza\\\/urun\\\/aventurin-bileklik\\\/#breadcrumb\",\"itemListElement\":[{\"@type\":\"ListItem\",\"position\":1,\"name\":\"Anasayfa\",\"item\":\"https:\\\/\\\/astrologelvan.com\\\/magaza\\\/\"},{\"@type\":\"ListItem\",\"position\":2,\"name\":\"Ma\u011faza\",\"item\":\"https:\\\/\\\/astrologelvan.com\\\/magaza\\\/magaza\\\/\"},{\"@type\":\"ListItem\",\"position\":3,\"name\":\"FASET KES\u0130M AVENTUR\u0130N B\u0130LEKL\u0130K\"}]},{\"@type\":\"WebSite\",\"@id\":\"https:\\\/\\\/astrologelvan.com\\\/magaza\\\/#website\",\"url\":\"https:\\\/\\\/astrologelvan.com\\\/magaza\\\/\",\"name\":\"Astrolog Elvan\",\"description\":\"\",\"potentialAction\":[{\"@type\":\"SearchAction\",\"target\":{\"@type\":\"EntryPoint\",\"urlTemplate\":\"https:\\\/\\\/astrologelvan.com\\\/magaza\\\/?s={search_term_string}\"},\"query-input\":{\"@type\":\"PropertyValueSpecification\",\"valueRequired\":true,\"valueName\":\"search_term_string\"}}],\"inLanguage\":\"tr\"}]}<\/script>\n<!-- \/ Yoast SEO plugin. -->","yoast_head_json":{"title":"FASET KES\u0130M AVENTUR\u0130N B\u0130LEKL\u0130K - Astrolog Elvan","robots":{"index":"index","follow":"follow","max-snippet":"max-snippet:-1","max-image-preview":"max-image-preview:large","max-video-preview":"max-video-preview:-1"},"canonical":"https:\/\/astrologelvan.com\/magaza\/urun\/aventurin-bileklik\/","og_locale":"tr_TR","og_type":"article","og_title":"FASET KES\u0130M AVENTUR\u0130N B\u0130LEKL\u0130K - Astrolog Elvan","og_description":"\u201c\u015eans\u0131n ve Sakinli\u011fin Ye\u015fil Dokunu\u015fu\u201d  Aventurin, \u201c\u015fans ta\u015f\u0131\u201d olarak bilinir ve \u00f6zellikle bolluk, ba\u015far\u0131 ve cesareti art\u0131rd\u0131\u011f\u0131 s\u00f6ylenir. Ta\u015f\u0131n sakinle\u015ftirici enerjisi, zihninizi ve kalbinizi uyum i\u00e7inde tutarken i\u00e7 huzuru destekler.   \u015eans ve Bereket: Hayat\u0131n\u0131za pozitif enerjiyi \u00e7ekmek ve f\u0131rsatlar\u0131 de\u011ferlendirmek i\u00e7in m\u00fckemmeldir.  Kalp \u00c7akras\u0131: Duygusal denge sa\u011flar, sevgiyi ve \u015fefkati g\u00fc\u00e7lendirir.  Sakinlik ve Huzur: G\u00fcnl\u00fck stresinizi azalt\u0131r ve ruhsal bir dinginlik sunar.","og_url":"https:\/\/astrologelvan.com\/magaza\/urun\/aventurin-bileklik\/","og_site_name":"Astrolog Elvan","article_modified_time":"2026-03-10T05:45:06+00:00","og_image":[{"width":2400,"height":2400,"url":"https:\/\/astrologelvan.com\/magaza\/wp-content\/uploads\/2025\/01\/AVENTURIN.jpg","type":"image\/jpeg"}],"twitter_card":"summary_large_image","twitter_misc":{"Tahmini okuma s\u00fcresi":"1 dakika"},"schema":{"@context":"https:\/\/schema.org","@graph":[{"@type":["WebPage","ItemPage"],"@id":"https:\/\/astrologelvan.com\/magaza\/urun\/aventurin-bileklik\/","url":"https:\/\/astrologelvan.com\/magaza\/urun\/aventurin-bileklik\/","name":"FASET KES\u0130M AVENTUR\u0130N B\u0130LEKL\u0130K - Astrolog Elvan","isPartOf":{"@id":"https:\/\/astrologelvan.com\/magaza\/#website"},"primaryImageOfPage":{"@id":"https:\/\/astrologelvan.com\/magaza\/urun\/aventurin-bileklik\/#primaryimage"},"image":{"@id":"https:\/\/astrologelvan.com\/magaza\/urun\/aventurin-bileklik\/#primaryimage"},"thumbnailUrl":"https:\/\/astrologelvan.com\/magaza\/wp-content\/uploads\/2025\/01\/AVENTURIN.jpg","datePublished":"2025-01-17T10:45:41+00:00","dateModified":"2026-03-10T05:45:06+00:00","breadcrumb":{"@id":"https:\/\/astrologelvan.com\/magaza\/urun\/aventurin-bileklik\/#breadcrumb"},"inLanguage":"tr","potentialAction":[{"@type":"ReadAction","target":["https:\/\/astrologelvan.com\/magaza\/urun\/aventurin-bileklik\/"]}]},{"@type":"ImageObject","inLanguage":"tr","@id":"https:\/\/astrologelvan.com\/magaza\/urun\/aventurin-bileklik\/#primaryimage","url":"https:\/\/astrologelvan.com\/magaza\/wp-content\/uploads\/2025\/01\/AVENTURIN.jpg","contentUrl":"https:\/\/astrologelvan.com\/magaza\/wp-content\/uploads\/2025\/01\/AVENTURIN.jpg","width":2400,"height":2400},{"@type":"BreadcrumbList","@id":"https:\/\/astrologelvan.com\/magaza\/urun\/aventurin-bileklik\/#breadcrumb","itemListElement":[{"@type":"ListItem","position":1,"name":"Anasayfa","item":"https:\/\/astrologelvan.com\/magaza\/"},{"@type":"ListItem","position":2,"name":"Ma\u011faza","item":"https:\/\/astrologelvan.com\/magaza\/magaza\/"},{"@type":"ListItem","position":3,"name":"FASET KES\u0130M AVENTUR\u0130N B\u0130LEKL\u0130K"}]},{"@type":"WebSite","@id":"https:\/\/astrologelvan.com\/magaza\/#website","url":"https:\/\/astrologelvan.com\/magaza\/","name":"Astrolog Elvan","description":"","potentialAction":[{"@type":"SearchAction","target":{"@type":"EntryPoint","urlTemplate":"https:\/\/astrologelvan.com\/magaza\/?s={search_term_string}"},"query-input":{"@type":"PropertyValueSpecification","valueRequired":true,"valueName":"search_term_string"}}],"inLanguage":"tr"}]}},"_links":{"self":[{"href":"https:\/\/astrologelvan.com\/magaza\/wp-json\/wp\/v2\/product\/36944","targetHints":{"allow":["GET"]}}],"collection":[{"href":"https:\/\/astrologelvan.com\/magaza\/wp-json\/wp\/v2\/product"}],"about":[{"href":"https:\/\/astrologelvan.com\/magaza\/wp-json\/wp\/v2\/types\/product"}],"replies":[{"embeddable":true,"href":"https:\/\/astrologelvan.com\/magaza\/wp-json\/wp\/v2\/comments?post=36944"}],"wp:featuredmedia":[{"embeddable":true,"href":"https:\/\/astrologelvan.com\/magaza\/wp-json\/wp\/v2\/media\/36948"}],"wp:attachment":[{"href":"https:\/\/astrologelvan.com\/magaza\/wp-json\/wp\/v2\/media?parent=36944"}],"wp:term":[{"taxonomy":"product_brand","embeddable":true,"href":"https:\/\/astrologelvan.com\/magaza\/wp-json\/wp\/v2\/product_brand?post=36944"},{"taxonomy":"product_cat","embeddable":true,"href":"https:\/\/astrologelvan.com\/magaza\/wp-json\/wp\/v2\/product_cat?post=36944"},{"taxonomy":"product_tag","embeddable":true,"href":"https:\/\/astrologelvan.com\/magaza\/wp-json\/wp\/v2\/product_tag?post=36944"}],"curies":[{"name":"wp","href":"https:\/\/api.w.org\/{rel}","templated":true}]}}