{"id":3545,"date":"2024-03-19T10:45:04","date_gmt":"2024-03-19T07:45:04","guid":{"rendered":"https:\/\/astrologelvan.com\/magaza\/?post_type=product&#038;p=3545"},"modified":"2025-10-06T08:15:13","modified_gmt":"2025-10-06T05:15:13","slug":"morganit-kolye-buyuk-boy","status":"publish","type":"product","link":"https:\/\/astrologelvan.com\/magaza\/urun\/morganit-kolye-buyuk-boy\/","title":{"rendered":"MORGAN\u0130T KOLYE B\u00dcY\u00dcK BOY"},"content":{"rendered":"<p><strong>\u00dcr\u00fcn \u00d6zellikleri:<\/strong><\/p>\n<p class=\"p1\">Kolye Uzunlu\u011fu: 45 CM<\/p>\n<p class=\"p1\">Kolye A\u011f\u0131rl\u0131\u011f\u0131: 57,6 Gram<\/p>\n<p>Morganit Do\u011fal Ta\u015f Kolye<\/p>\n","protected":false},"excerpt":{"rendered":"<p>Morganit ta\u015f\u0131n\u0131n kalp \u00e7akras\u0131yla ili\u015fkili oldu\u011fu ve ko\u015fulsuz sevgiyi, ruhsal geli\u015fimi ve i\u00e7 huzuru te\u015fvik etti\u011fi s\u00f6ylenir.<br \/>\nMorganit ta\u015f\u0131, a\u015fk\u0131n ve romantizmin ta\u015f\u0131 olarak kabul edilir. Bu ta\u015f\u0131 kullanmak, ili\u015fkilerde sevgi ve ba\u011fl\u0131l\u0131k hissiyat\u0131n\u0131 art\u0131rabilir, romantik enerjiyi g\u00fc\u00e7lendirebilir. Duygusal huzur ve dengeleme potansiyeline sahiptir. Bu ta\u015f\u0131 kullanmak, stresle ba\u015fa \u00e7\u0131kma yetene\u011fini art\u0131rabilir, duygusal dengeyi sa\u011flayabilir.<\/p>\n<p>Bu ta\u015f, kalp \u00e7akras\u0131n\u0131 a\u00e7ma ve dengeleme konusunda etkili olabilir. Morganit Ta\u015f\u0131 kullanmak, kalp merkezini g\u00fc\u00e7lendirebilir ve duygusal iyile\u015fme s\u00fcre\u00e7lerine destek sa\u011flayabilir.<\/p>\n<p>Morganit, \u00f6zg\u00fcveni art\u0131rma potansiyeline sahiptir. Bu ta\u015f\u0131 kullanmak, kendine g\u00fcveni g\u00fc\u00e7lendirebilir ve olumlu bir benlik alg\u0131s\u0131 olu\u015fturabilir.<\/p>\n<p>G\u00fc\u00e7, ne\u015fe ve duygusuyla ili\u015fkilendirdi\u011fimiz Morganit ta\u015f\u0131, di\u015fil enerjiyi dengelemekle beraber ilahi sevgi ile ba\u011flant\u0131l\u0131d\u0131r. Duygu durumunu dengeleyen Morganit ta\u015f\u0131 a\u015fk ve evlilik konular\u0131n\u0131zda sizlere yol g\u00f6stericidir.<\/p>\n<p>&nbsp;<\/p>\n","protected":false},"featured_media":5564,"comment_status":"open","ping_status":"closed","template":"","meta":[],"product_brand":[],"product_cat":[26],"product_tag":[],"class_list":{"0":"post-3545","1":"product","2":"type-product","3":"status-publish","4":"has-post-thumbnail","6":"product_cat-genel","8":"first","9":"outofstock","10":"taxable","11":"shipping-taxable","12":"purchasable","13":"product-type-simple"},"yoast_head":"<!-- This site is optimized with the Yoast SEO plugin v27.3 - https:\/\/yoast.com\/product\/yoast-seo-wordpress\/ -->\n<title>MORGAN\u0130T KOLYE B\u00dcY\u00dcK BOY - Astrolog Elvan<\/title>\n<meta name=\"robots\" content=\"index, follow, max-snippet:-1, max-image-preview:large, max-video-preview:-1\" \/>\n<link rel=\"canonical\" href=\"https:\/\/astrologelvan.com\/magaza\/urun\/morganit-kolye-buyuk-boy\/\" \/>\n<meta property=\"og:locale\" content=\"tr_TR\" \/>\n<meta property=\"og:type\" content=\"article\" \/>\n<meta property=\"og:title\" content=\"MORGAN\u0130T KOLYE B\u00dcY\u00dcK BOY - Astrolog Elvan\" \/>\n<meta property=\"og:description\" content=\"Morganit ta\u015f\u0131n\u0131n kalp \u00e7akras\u0131yla ili\u015fkili oldu\u011fu ve ko\u015fulsuz sevgiyi, ruhsal geli\u015fimi ve i\u00e7 huzuru te\u015fvik etti\u011fi s\u00f6ylenir. Morganit ta\u015f\u0131, a\u015fk\u0131n ve romantizmin ta\u015f\u0131 olarak kabul edilir. Bu ta\u015f\u0131 kullanmak, ili\u015fkilerde sevgi ve ba\u011fl\u0131l\u0131k hissiyat\u0131n\u0131 art\u0131rabilir, romantik enerjiyi g\u00fc\u00e7lendirebilir. Duygusal huzur ve dengeleme potansiyeline sahiptir. Bu ta\u015f\u0131 kullanmak, stresle ba\u015fa \u00e7\u0131kma yetene\u011fini art\u0131rabilir, duygusal dengeyi sa\u011flayabilir.  Bu ta\u015f, kalp \u00e7akras\u0131n\u0131 a\u00e7ma ve dengeleme konusunda etkili olabilir. Morganit Ta\u015f\u0131 kullanmak, kalp merkezini g\u00fc\u00e7lendirebilir ve duygusal iyile\u015fme s\u00fcre\u00e7lerine destek sa\u011flayabilir.  Morganit, \u00f6zg\u00fcveni art\u0131rma potansiyeline sahiptir. Bu ta\u015f\u0131 kullanmak, kendine g\u00fcveni g\u00fc\u00e7lendirebilir ve olumlu bir benlik alg\u0131s\u0131 olu\u015fturabilir.  G\u00fc\u00e7, ne\u015fe ve duygusuyla ili\u015fkilendirdi\u011fimiz Morganit ta\u015f\u0131, di\u015fil enerjiyi dengelemekle beraber ilahi sevgi ile ba\u011flant\u0131l\u0131d\u0131r. Duygu durumunu dengeleyen Morganit ta\u015f\u0131 a\u015fk ve evlilik konular\u0131n\u0131zda sizlere yol g\u00f6stericidir.  &nbsp;\" \/>\n<meta property=\"og:url\" content=\"https:\/\/astrologelvan.com\/magaza\/urun\/morganit-kolye-buyuk-boy\/\" \/>\n<meta property=\"og:site_name\" content=\"Astrolog Elvan\" \/>\n<meta property=\"article:modified_time\" content=\"2025-10-06T05:15:13+00:00\" \/>\n<meta property=\"og:image\" content=\"https:\/\/astrologelvan.com\/magaza\/wp-content\/uploads\/2024\/03\/1-27.jpg\" \/>\n\t<meta property=\"og:image:width\" content=\"1600\" \/>\n\t<meta property=\"og:image:height\" content=\"1600\" \/>\n\t<meta property=\"og:image:type\" content=\"image\/jpeg\" \/>\n<meta name=\"twitter:card\" content=\"summary_large_image\" \/>\n<meta name=\"twitter:label1\" content=\"Tahmini okuma s\u00fcresi\" \/>\n\t<meta name=\"twitter:data1\" content=\"1 dakika\" \/>\n<script type=\"application\/ld+json\" class=\"yoast-schema-graph\">{\"@context\":\"https:\\\/\\\/schema.org\",\"@graph\":[{\"@type\":[\"WebPage\",\"ItemPage\"],\"@id\":\"https:\\\/\\\/astrologelvan.com\\\/magaza\\\/urun\\\/morganit-kolye-buyuk-boy\\\/\",\"url\":\"https:\\\/\\\/astrologelvan.com\\\/magaza\\\/urun\\\/morganit-kolye-buyuk-boy\\\/\",\"name\":\"MORGAN\u0130T KOLYE B\u00dcY\u00dcK BOY - Astrolog Elvan\",\"isPartOf\":{\"@id\":\"https:\\\/\\\/astrologelvan.com\\\/magaza\\\/#website\"},\"primaryImageOfPage\":{\"@id\":\"https:\\\/\\\/astrologelvan.com\\\/magaza\\\/urun\\\/morganit-kolye-buyuk-boy\\\/#primaryimage\"},\"image\":{\"@id\":\"https:\\\/\\\/astrologelvan.com\\\/magaza\\\/urun\\\/morganit-kolye-buyuk-boy\\\/#primaryimage\"},\"thumbnailUrl\":\"https:\\\/\\\/astrologelvan.com\\\/magaza\\\/wp-content\\\/uploads\\\/2024\\\/03\\\/1-27.jpg\",\"datePublished\":\"2024-03-19T07:45:04+00:00\",\"dateModified\":\"2025-10-06T05:15:13+00:00\",\"breadcrumb\":{\"@id\":\"https:\\\/\\\/astrologelvan.com\\\/magaza\\\/urun\\\/morganit-kolye-buyuk-boy\\\/#breadcrumb\"},\"inLanguage\":\"tr\",\"potentialAction\":[{\"@type\":\"ReadAction\",\"target\":[\"https:\\\/\\\/astrologelvan.com\\\/magaza\\\/urun\\\/morganit-kolye-buyuk-boy\\\/\"]}]},{\"@type\":\"ImageObject\",\"inLanguage\":\"tr\",\"@id\":\"https:\\\/\\\/astrologelvan.com\\\/magaza\\\/urun\\\/morganit-kolye-buyuk-boy\\\/#primaryimage\",\"url\":\"https:\\\/\\\/astrologelvan.com\\\/magaza\\\/wp-content\\\/uploads\\\/2024\\\/03\\\/1-27.jpg\",\"contentUrl\":\"https:\\\/\\\/astrologelvan.com\\\/magaza\\\/wp-content\\\/uploads\\\/2024\\\/03\\\/1-27.jpg\",\"width\":1600,\"height\":1600},{\"@type\":\"BreadcrumbList\",\"@id\":\"https:\\\/\\\/astrologelvan.com\\\/magaza\\\/urun\\\/morganit-kolye-buyuk-boy\\\/#breadcrumb\",\"itemListElement\":[{\"@type\":\"ListItem\",\"position\":1,\"name\":\"Anasayfa\",\"item\":\"https:\\\/\\\/astrologelvan.com\\\/magaza\\\/\"},{\"@type\":\"ListItem\",\"position\":2,\"name\":\"Ma\u011faza\",\"item\":\"https:\\\/\\\/astrologelvan.com\\\/magaza\\\/magaza\\\/\"},{\"@type\":\"ListItem\",\"position\":3,\"name\":\"MORGAN\u0130T KOLYE B\u00dcY\u00dcK BOY\"}]},{\"@type\":\"WebSite\",\"@id\":\"https:\\\/\\\/astrologelvan.com\\\/magaza\\\/#website\",\"url\":\"https:\\\/\\\/astrologelvan.com\\\/magaza\\\/\",\"name\":\"Astrolog Elvan\",\"description\":\"\",\"potentialAction\":[{\"@type\":\"SearchAction\",\"target\":{\"@type\":\"EntryPoint\",\"urlTemplate\":\"https:\\\/\\\/astrologelvan.com\\\/magaza\\\/?s={search_term_string}\"},\"query-input\":{\"@type\":\"PropertyValueSpecification\",\"valueRequired\":true,\"valueName\":\"search_term_string\"}}],\"inLanguage\":\"tr\"}]}<\/script>\n<!-- \/ Yoast SEO plugin. -->","yoast_head_json":{"title":"MORGAN\u0130T KOLYE B\u00dcY\u00dcK BOY - Astrolog Elvan","robots":{"index":"index","follow":"follow","max-snippet":"max-snippet:-1","max-image-preview":"max-image-preview:large","max-video-preview":"max-video-preview:-1"},"canonical":"https:\/\/astrologelvan.com\/magaza\/urun\/morganit-kolye-buyuk-boy\/","og_locale":"tr_TR","og_type":"article","og_title":"MORGAN\u0130T KOLYE B\u00dcY\u00dcK BOY - Astrolog Elvan","og_description":"Morganit ta\u015f\u0131n\u0131n kalp \u00e7akras\u0131yla ili\u015fkili oldu\u011fu ve ko\u015fulsuz sevgiyi, ruhsal geli\u015fimi ve i\u00e7 huzuru te\u015fvik etti\u011fi s\u00f6ylenir. Morganit ta\u015f\u0131, a\u015fk\u0131n ve romantizmin ta\u015f\u0131 olarak kabul edilir. Bu ta\u015f\u0131 kullanmak, ili\u015fkilerde sevgi ve ba\u011fl\u0131l\u0131k hissiyat\u0131n\u0131 art\u0131rabilir, romantik enerjiyi g\u00fc\u00e7lendirebilir. Duygusal huzur ve dengeleme potansiyeline sahiptir. Bu ta\u015f\u0131 kullanmak, stresle ba\u015fa \u00e7\u0131kma yetene\u011fini art\u0131rabilir, duygusal dengeyi sa\u011flayabilir.  Bu ta\u015f, kalp \u00e7akras\u0131n\u0131 a\u00e7ma ve dengeleme konusunda etkili olabilir. Morganit Ta\u015f\u0131 kullanmak, kalp merkezini g\u00fc\u00e7lendirebilir ve duygusal iyile\u015fme s\u00fcre\u00e7lerine destek sa\u011flayabilir.  Morganit, \u00f6zg\u00fcveni art\u0131rma potansiyeline sahiptir. Bu ta\u015f\u0131 kullanmak, kendine g\u00fcveni g\u00fc\u00e7lendirebilir ve olumlu bir benlik alg\u0131s\u0131 olu\u015fturabilir.  G\u00fc\u00e7, ne\u015fe ve duygusuyla ili\u015fkilendirdi\u011fimiz Morganit ta\u015f\u0131, di\u015fil enerjiyi dengelemekle beraber ilahi sevgi ile ba\u011flant\u0131l\u0131d\u0131r. Duygu durumunu dengeleyen Morganit ta\u015f\u0131 a\u015fk ve evlilik konular\u0131n\u0131zda sizlere yol g\u00f6stericidir.  &nbsp;","og_url":"https:\/\/astrologelvan.com\/magaza\/urun\/morganit-kolye-buyuk-boy\/","og_site_name":"Astrolog Elvan","article_modified_time":"2025-10-06T05:15:13+00:00","og_image":[{"width":1600,"height":1600,"url":"https:\/\/astrologelvan.com\/magaza\/wp-content\/uploads\/2024\/03\/1-27.jpg","type":"image\/jpeg"}],"twitter_card":"summary_large_image","twitter_misc":{"Tahmini okuma s\u00fcresi":"1 dakika"},"schema":{"@context":"https:\/\/schema.org","@graph":[{"@type":["WebPage","ItemPage"],"@id":"https:\/\/astrologelvan.com\/magaza\/urun\/morganit-kolye-buyuk-boy\/","url":"https:\/\/astrologelvan.com\/magaza\/urun\/morganit-kolye-buyuk-boy\/","name":"MORGAN\u0130T KOLYE B\u00dcY\u00dcK BOY - Astrolog Elvan","isPartOf":{"@id":"https:\/\/astrologelvan.com\/magaza\/#website"},"primaryImageOfPage":{"@id":"https:\/\/astrologelvan.com\/magaza\/urun\/morganit-kolye-buyuk-boy\/#primaryimage"},"image":{"@id":"https:\/\/astrologelvan.com\/magaza\/urun\/morganit-kolye-buyuk-boy\/#primaryimage"},"thumbnailUrl":"https:\/\/astrologelvan.com\/magaza\/wp-content\/uploads\/2024\/03\/1-27.jpg","datePublished":"2024-03-19T07:45:04+00:00","dateModified":"2025-10-06T05:15:13+00:00","breadcrumb":{"@id":"https:\/\/astrologelvan.com\/magaza\/urun\/morganit-kolye-buyuk-boy\/#breadcrumb"},"inLanguage":"tr","potentialAction":[{"@type":"ReadAction","target":["https:\/\/astrologelvan.com\/magaza\/urun\/morganit-kolye-buyuk-boy\/"]}]},{"@type":"ImageObject","inLanguage":"tr","@id":"https:\/\/astrologelvan.com\/magaza\/urun\/morganit-kolye-buyuk-boy\/#primaryimage","url":"https:\/\/astrologelvan.com\/magaza\/wp-content\/uploads\/2024\/03\/1-27.jpg","contentUrl":"https:\/\/astrologelvan.com\/magaza\/wp-content\/uploads\/2024\/03\/1-27.jpg","width":1600,"height":1600},{"@type":"BreadcrumbList","@id":"https:\/\/astrologelvan.com\/magaza\/urun\/morganit-kolye-buyuk-boy\/#breadcrumb","itemListElement":[{"@type":"ListItem","position":1,"name":"Anasayfa","item":"https:\/\/astrologelvan.com\/magaza\/"},{"@type":"ListItem","position":2,"name":"Ma\u011faza","item":"https:\/\/astrologelvan.com\/magaza\/magaza\/"},{"@type":"ListItem","position":3,"name":"MORGAN\u0130T KOLYE B\u00dcY\u00dcK BOY"}]},{"@type":"WebSite","@id":"https:\/\/astrologelvan.com\/magaza\/#website","url":"https:\/\/astrologelvan.com\/magaza\/","name":"Astrolog Elvan","description":"","potentialAction":[{"@type":"SearchAction","target":{"@type":"EntryPoint","urlTemplate":"https:\/\/astrologelvan.com\/magaza\/?s={search_term_string}"},"query-input":{"@type":"PropertyValueSpecification","valueRequired":true,"valueName":"search_term_string"}}],"inLanguage":"tr"}]}},"_links":{"self":[{"href":"https:\/\/astrologelvan.com\/magaza\/wp-json\/wp\/v2\/product\/3545","targetHints":{"allow":["GET"]}}],"collection":[{"href":"https:\/\/astrologelvan.com\/magaza\/wp-json\/wp\/v2\/product"}],"about":[{"href":"https:\/\/astrologelvan.com\/magaza\/wp-json\/wp\/v2\/types\/product"}],"replies":[{"embeddable":true,"href":"https:\/\/astrologelvan.com\/magaza\/wp-json\/wp\/v2\/comments?post=3545"}],"wp:featuredmedia":[{"embeddable":true,"href":"https:\/\/astrologelvan.com\/magaza\/wp-json\/wp\/v2\/media\/5564"}],"wp:attachment":[{"href":"https:\/\/astrologelvan.com\/magaza\/wp-json\/wp\/v2\/media?parent=3545"}],"wp:term":[{"taxonomy":"product_brand","embeddable":true,"href":"https:\/\/astrologelvan.com\/magaza\/wp-json\/wp\/v2\/product_brand?post=3545"},{"taxonomy":"product_cat","embeddable":true,"href":"https:\/\/astrologelvan.com\/magaza\/wp-json\/wp\/v2\/product_cat?post=3545"},{"taxonomy":"product_tag","embeddable":true,"href":"https:\/\/astrologelvan.com\/magaza\/wp-json\/wp\/v2\/product_tag?post=3545"}],"curies":[{"name":"wp","href":"https:\/\/api.w.org\/{rel}","templated":true}]}}