{"id":3541,"date":"2024-03-19T10:33:29","date_gmt":"2024-03-19T07:33:29","guid":{"rendered":"https:\/\/astrologelvan.com\/magaza\/?post_type=product&#038;p=3541"},"modified":"2025-10-06T08:15:13","modified_gmt":"2025-10-06T05:15:13","slug":"jasper-kup-kolye","status":"publish","type":"product","link":"https:\/\/astrologelvan.com\/magaza\/urun\/jasper-kup-kolye\/","title":{"rendered":"DALMA\u00c7YA JASPER KOLYE"},"content":{"rendered":"<p><strong>\u00dcr\u00fcn \u00d6zellikleri:<\/strong><\/p>\n<p class=\"p1\">Kolye Uzunlu\u011fu: 45 CM<\/p>\n<p class=\"p1\">Kolye A\u011f\u0131rl\u0131\u011f\u0131: 27,4 Gram<\/p>\n<p>Jasper Do\u011fal Ta\u015f Kolye<\/p>\n","protected":false},"excerpt":{"rendered":"<p>Jasper ta\u015f\u0131, g\u00fcvende olmay\u0131 ve tutkuyu temsil eder. \u201cY\u00fcce e\u011fitici\u201d s\u0131fat\u0131yla an\u0131lan bu ta\u015f, ilk uygarl\u0131klardan beri \u015fifaland\u0131rma amac\u0131yla kullan\u0131l\u0131r.<\/p>\n<p>Stresli bunalt\u0131c\u0131 d\u00f6nemlerde sakinle\u015fmenize ve huzur bulman\u0131za yard\u0131mc\u0131 olur.<\/p>\n<p>\u0130li\u015fkilerde d\u00fczenleyici bir enerji yayabilir empati yapmay\u0131 ve yard\u0131mla\u015fmay\u0131 destekler.<\/p>\n<p>R\u00fcyalar\u0131n hat\u0131rlanmas\u0131na ve anla\u015f\u0131lmas\u0131na katk\u0131 sa\u011flar.<\/p>\n<p>Jasper ta\u015f\u0131, \u00f6zellikleri sayesinde koruma ve topraklamada olduk\u00e7a ba\u015far\u0131l\u0131 bir ta\u015f. Etraf\u0131n\u0131zdaki ve bedeninizdeki olumsuz enerjileri topraklar, sizi bu negatif enerjilerden korur.<\/p>\n","protected":false},"featured_media":3542,"comment_status":"open","ping_status":"closed","template":"","meta":[],"product_brand":[],"product_cat":[26],"product_tag":[],"class_list":{"0":"post-3541","1":"product","2":"type-product","3":"status-publish","4":"has-post-thumbnail","6":"product_cat-genel","8":"first","9":"outofstock","10":"taxable","11":"shipping-taxable","12":"purchasable","13":"product-type-simple"},"yoast_head":"<!-- This site is optimized with the Yoast SEO plugin v27.3 - https:\/\/yoast.com\/product\/yoast-seo-wordpress\/ -->\n<title>DALMA\u00c7YA JASPER KOLYE - Astrolog Elvan<\/title>\n<meta name=\"robots\" content=\"index, follow, max-snippet:-1, max-image-preview:large, max-video-preview:-1\" \/>\n<link rel=\"canonical\" href=\"https:\/\/astrologelvan.com\/magaza\/urun\/jasper-kup-kolye\/\" \/>\n<meta property=\"og:locale\" content=\"tr_TR\" \/>\n<meta property=\"og:type\" content=\"article\" \/>\n<meta property=\"og:title\" content=\"DALMA\u00c7YA JASPER KOLYE - Astrolog Elvan\" \/>\n<meta property=\"og:description\" content=\"Jasper ta\u015f\u0131, g\u00fcvende olmay\u0131 ve tutkuyu temsil eder. \u201cY\u00fcce e\u011fitici\u201d s\u0131fat\u0131yla an\u0131lan bu ta\u015f, ilk uygarl\u0131klardan beri \u015fifaland\u0131rma amac\u0131yla kullan\u0131l\u0131r.  Stresli bunalt\u0131c\u0131 d\u00f6nemlerde sakinle\u015fmenize ve huzur bulman\u0131za yard\u0131mc\u0131 olur.  \u0130li\u015fkilerde d\u00fczenleyici bir enerji yayabilir empati yapmay\u0131 ve yard\u0131mla\u015fmay\u0131 destekler.  R\u00fcyalar\u0131n hat\u0131rlanmas\u0131na ve anla\u015f\u0131lmas\u0131na katk\u0131 sa\u011flar.  Jasper ta\u015f\u0131, \u00f6zellikleri sayesinde koruma ve topraklamada olduk\u00e7a ba\u015far\u0131l\u0131 bir ta\u015f. Etraf\u0131n\u0131zdaki ve bedeninizdeki olumsuz enerjileri topraklar, sizi bu negatif enerjilerden korur.\" \/>\n<meta property=\"og:url\" content=\"https:\/\/astrologelvan.com\/magaza\/urun\/jasper-kup-kolye\/\" \/>\n<meta property=\"og:site_name\" content=\"Astrolog Elvan\" \/>\n<meta property=\"article:modified_time\" content=\"2025-10-06T05:15:13+00:00\" \/>\n<meta property=\"og:image\" content=\"https:\/\/astrologelvan.com\/magaza\/wp-content\/uploads\/2024\/03\/1-5.jpg\" \/>\n\t<meta property=\"og:image:width\" content=\"1536\" \/>\n\t<meta property=\"og:image:height\" content=\"2048\" \/>\n\t<meta property=\"og:image:type\" content=\"image\/jpeg\" \/>\n<meta name=\"twitter:card\" content=\"summary_large_image\" \/>\n<meta name=\"twitter:label1\" content=\"Tahmini okuma s\u00fcresi\" \/>\n\t<meta name=\"twitter:data1\" content=\"1 dakika\" \/>\n<script type=\"application\/ld+json\" class=\"yoast-schema-graph\">{\"@context\":\"https:\\\/\\\/schema.org\",\"@graph\":[{\"@type\":[\"WebPage\",\"ItemPage\"],\"@id\":\"https:\\\/\\\/astrologelvan.com\\\/magaza\\\/urun\\\/jasper-kup-kolye\\\/\",\"url\":\"https:\\\/\\\/astrologelvan.com\\\/magaza\\\/urun\\\/jasper-kup-kolye\\\/\",\"name\":\"DALMA\u00c7YA JASPER KOLYE - Astrolog Elvan\",\"isPartOf\":{\"@id\":\"https:\\\/\\\/astrologelvan.com\\\/magaza\\\/#website\"},\"primaryImageOfPage\":{\"@id\":\"https:\\\/\\\/astrologelvan.com\\\/magaza\\\/urun\\\/jasper-kup-kolye\\\/#primaryimage\"},\"image\":{\"@id\":\"https:\\\/\\\/astrologelvan.com\\\/magaza\\\/urun\\\/jasper-kup-kolye\\\/#primaryimage\"},\"thumbnailUrl\":\"https:\\\/\\\/astrologelvan.com\\\/magaza\\\/wp-content\\\/uploads\\\/2024\\\/03\\\/1-5.jpg\",\"datePublished\":\"2024-03-19T07:33:29+00:00\",\"dateModified\":\"2025-10-06T05:15:13+00:00\",\"breadcrumb\":{\"@id\":\"https:\\\/\\\/astrologelvan.com\\\/magaza\\\/urun\\\/jasper-kup-kolye\\\/#breadcrumb\"},\"inLanguage\":\"tr\",\"potentialAction\":[{\"@type\":\"ReadAction\",\"target\":[\"https:\\\/\\\/astrologelvan.com\\\/magaza\\\/urun\\\/jasper-kup-kolye\\\/\"]}]},{\"@type\":\"ImageObject\",\"inLanguage\":\"tr\",\"@id\":\"https:\\\/\\\/astrologelvan.com\\\/magaza\\\/urun\\\/jasper-kup-kolye\\\/#primaryimage\",\"url\":\"https:\\\/\\\/astrologelvan.com\\\/magaza\\\/wp-content\\\/uploads\\\/2024\\\/03\\\/1-5.jpg\",\"contentUrl\":\"https:\\\/\\\/astrologelvan.com\\\/magaza\\\/wp-content\\\/uploads\\\/2024\\\/03\\\/1-5.jpg\",\"width\":1536,\"height\":2048},{\"@type\":\"BreadcrumbList\",\"@id\":\"https:\\\/\\\/astrologelvan.com\\\/magaza\\\/urun\\\/jasper-kup-kolye\\\/#breadcrumb\",\"itemListElement\":[{\"@type\":\"ListItem\",\"position\":1,\"name\":\"Anasayfa\",\"item\":\"https:\\\/\\\/astrologelvan.com\\\/magaza\\\/\"},{\"@type\":\"ListItem\",\"position\":2,\"name\":\"Ma\u011faza\",\"item\":\"https:\\\/\\\/astrologelvan.com\\\/magaza\\\/magaza\\\/\"},{\"@type\":\"ListItem\",\"position\":3,\"name\":\"DALMA\u00c7YA JASPER KOLYE\"}]},{\"@type\":\"WebSite\",\"@id\":\"https:\\\/\\\/astrologelvan.com\\\/magaza\\\/#website\",\"url\":\"https:\\\/\\\/astrologelvan.com\\\/magaza\\\/\",\"name\":\"Astrolog Elvan\",\"description\":\"\",\"potentialAction\":[{\"@type\":\"SearchAction\",\"target\":{\"@type\":\"EntryPoint\",\"urlTemplate\":\"https:\\\/\\\/astrologelvan.com\\\/magaza\\\/?s={search_term_string}\"},\"query-input\":{\"@type\":\"PropertyValueSpecification\",\"valueRequired\":true,\"valueName\":\"search_term_string\"}}],\"inLanguage\":\"tr\"}]}<\/script>\n<!-- \/ Yoast SEO plugin. -->","yoast_head_json":{"title":"DALMA\u00c7YA JASPER KOLYE - Astrolog Elvan","robots":{"index":"index","follow":"follow","max-snippet":"max-snippet:-1","max-image-preview":"max-image-preview:large","max-video-preview":"max-video-preview:-1"},"canonical":"https:\/\/astrologelvan.com\/magaza\/urun\/jasper-kup-kolye\/","og_locale":"tr_TR","og_type":"article","og_title":"DALMA\u00c7YA JASPER KOLYE - Astrolog Elvan","og_description":"Jasper ta\u015f\u0131, g\u00fcvende olmay\u0131 ve tutkuyu temsil eder. \u201cY\u00fcce e\u011fitici\u201d s\u0131fat\u0131yla an\u0131lan bu ta\u015f, ilk uygarl\u0131klardan beri \u015fifaland\u0131rma amac\u0131yla kullan\u0131l\u0131r.  Stresli bunalt\u0131c\u0131 d\u00f6nemlerde sakinle\u015fmenize ve huzur bulman\u0131za yard\u0131mc\u0131 olur.  \u0130li\u015fkilerde d\u00fczenleyici bir enerji yayabilir empati yapmay\u0131 ve yard\u0131mla\u015fmay\u0131 destekler.  R\u00fcyalar\u0131n hat\u0131rlanmas\u0131na ve anla\u015f\u0131lmas\u0131na katk\u0131 sa\u011flar.  Jasper ta\u015f\u0131, \u00f6zellikleri sayesinde koruma ve topraklamada olduk\u00e7a ba\u015far\u0131l\u0131 bir ta\u015f. Etraf\u0131n\u0131zdaki ve bedeninizdeki olumsuz enerjileri topraklar, sizi bu negatif enerjilerden korur.","og_url":"https:\/\/astrologelvan.com\/magaza\/urun\/jasper-kup-kolye\/","og_site_name":"Astrolog Elvan","article_modified_time":"2025-10-06T05:15:13+00:00","og_image":[{"width":1536,"height":2048,"url":"https:\/\/astrologelvan.com\/magaza\/wp-content\/uploads\/2024\/03\/1-5.jpg","type":"image\/jpeg"}],"twitter_card":"summary_large_image","twitter_misc":{"Tahmini okuma s\u00fcresi":"1 dakika"},"schema":{"@context":"https:\/\/schema.org","@graph":[{"@type":["WebPage","ItemPage"],"@id":"https:\/\/astrologelvan.com\/magaza\/urun\/jasper-kup-kolye\/","url":"https:\/\/astrologelvan.com\/magaza\/urun\/jasper-kup-kolye\/","name":"DALMA\u00c7YA JASPER KOLYE - Astrolog Elvan","isPartOf":{"@id":"https:\/\/astrologelvan.com\/magaza\/#website"},"primaryImageOfPage":{"@id":"https:\/\/astrologelvan.com\/magaza\/urun\/jasper-kup-kolye\/#primaryimage"},"image":{"@id":"https:\/\/astrologelvan.com\/magaza\/urun\/jasper-kup-kolye\/#primaryimage"},"thumbnailUrl":"https:\/\/astrologelvan.com\/magaza\/wp-content\/uploads\/2024\/03\/1-5.jpg","datePublished":"2024-03-19T07:33:29+00:00","dateModified":"2025-10-06T05:15:13+00:00","breadcrumb":{"@id":"https:\/\/astrologelvan.com\/magaza\/urun\/jasper-kup-kolye\/#breadcrumb"},"inLanguage":"tr","potentialAction":[{"@type":"ReadAction","target":["https:\/\/astrologelvan.com\/magaza\/urun\/jasper-kup-kolye\/"]}]},{"@type":"ImageObject","inLanguage":"tr","@id":"https:\/\/astrologelvan.com\/magaza\/urun\/jasper-kup-kolye\/#primaryimage","url":"https:\/\/astrologelvan.com\/magaza\/wp-content\/uploads\/2024\/03\/1-5.jpg","contentUrl":"https:\/\/astrologelvan.com\/magaza\/wp-content\/uploads\/2024\/03\/1-5.jpg","width":1536,"height":2048},{"@type":"BreadcrumbList","@id":"https:\/\/astrologelvan.com\/magaza\/urun\/jasper-kup-kolye\/#breadcrumb","itemListElement":[{"@type":"ListItem","position":1,"name":"Anasayfa","item":"https:\/\/astrologelvan.com\/magaza\/"},{"@type":"ListItem","position":2,"name":"Ma\u011faza","item":"https:\/\/astrologelvan.com\/magaza\/magaza\/"},{"@type":"ListItem","position":3,"name":"DALMA\u00c7YA JASPER KOLYE"}]},{"@type":"WebSite","@id":"https:\/\/astrologelvan.com\/magaza\/#website","url":"https:\/\/astrologelvan.com\/magaza\/","name":"Astrolog Elvan","description":"","potentialAction":[{"@type":"SearchAction","target":{"@type":"EntryPoint","urlTemplate":"https:\/\/astrologelvan.com\/magaza\/?s={search_term_string}"},"query-input":{"@type":"PropertyValueSpecification","valueRequired":true,"valueName":"search_term_string"}}],"inLanguage":"tr"}]}},"_links":{"self":[{"href":"https:\/\/astrologelvan.com\/magaza\/wp-json\/wp\/v2\/product\/3541","targetHints":{"allow":["GET"]}}],"collection":[{"href":"https:\/\/astrologelvan.com\/magaza\/wp-json\/wp\/v2\/product"}],"about":[{"href":"https:\/\/astrologelvan.com\/magaza\/wp-json\/wp\/v2\/types\/product"}],"replies":[{"embeddable":true,"href":"https:\/\/astrologelvan.com\/magaza\/wp-json\/wp\/v2\/comments?post=3541"}],"wp:featuredmedia":[{"embeddable":true,"href":"https:\/\/astrologelvan.com\/magaza\/wp-json\/wp\/v2\/media\/3542"}],"wp:attachment":[{"href":"https:\/\/astrologelvan.com\/magaza\/wp-json\/wp\/v2\/media?parent=3541"}],"wp:term":[{"taxonomy":"product_brand","embeddable":true,"href":"https:\/\/astrologelvan.com\/magaza\/wp-json\/wp\/v2\/product_brand?post=3541"},{"taxonomy":"product_cat","embeddable":true,"href":"https:\/\/astrologelvan.com\/magaza\/wp-json\/wp\/v2\/product_cat?post=3541"},{"taxonomy":"product_tag","embeddable":true,"href":"https:\/\/astrologelvan.com\/magaza\/wp-json\/wp\/v2\/product_tag?post=3541"}],"curies":[{"name":"wp","href":"https:\/\/api.w.org\/{rel}","templated":true}]}}