{"id":34569,"date":"2025-01-10T11:15:12","date_gmt":"2025-01-10T08:15:12","guid":{"rendered":"https:\/\/astrologelvan.com\/magaza\/?post_type=product&#038;p=34569"},"modified":"2025-12-15T13:31:24","modified_gmt":"2025-12-15T10:31:24","slug":"%e2%9c%a8-selenit-unicorn-bileklik-%e2%9c%a8","status":"publish","type":"product","link":"https:\/\/astrologelvan.com\/magaza\/urun\/%e2%9c%a8-selenit-unicorn-bileklik-%e2%9c%a8\/","title":{"rendered":"\u2728 SELEN\u0130T UN\u0130CORN B\u0130LEKL\u0130K \u2728"},"content":{"rendered":"","protected":false},"excerpt":{"rendered":"<p>Unicorn\u2019un masals\u0131 enerjisiyle selenitin safla\u015ft\u0131r\u0131c\u0131 g\u00fcc\u00fcn\u00fc bir araya getiren bu bileklik, zarafeti ve spirit\u00fcel dengeyi bir arada sunar.<\/p>\n<p>Do\u011fal ta\u015flardan \u00fcretilen bu bileklik, ruhunuzu sakinle\u015ftirirken \u00e7evrenizdeki negatif enerjiyi uzakla\u015ft\u0131rmaya yard\u0131mc\u0131 olur.<\/p>\n<div>\u2022Selenit Ta\u015f\u0131: Negatif enerjiyi n\u00f6tralize eder, ruhsal uyumu ve berrakl\u0131\u011f\u0131 art\u0131r\u0131r.<\/div>\n<div>\u2022Unicorn \u0130lham\u0131: Hayal g\u00fcc\u00fcn\u00fcz\u00fc canland\u0131r\u0131r ve pozitif enerjiyi \u00e7ekmenize yard\u0131mc\u0131 olur.<\/div>\n<div>\u2022El Yap\u0131m\u0131 ve Do\u011fal: Her bileklik, \u00f6zenle se\u00e7ilmi\u015f do\u011fal ta\u015flarla el i\u015f\u00e7ili\u011fiyle haz\u0131rlanm\u0131\u015ft\u0131r.<\/div>\n<div><\/div>\n<div>Bu bileklik; kendinizi yenilemek, enerjinizi y\u00fckseltmek ve g\u00fcn boyu pozitif bir aura ta\u015f\u0131mak isteyenler i\u00e7in e\u015fsiz bir se\u00e7imdir. Unicorn\u2019un b\u00fcy\u00fcl\u00fc dokunu\u015fuyla ruhunuzu ayd\u0131nlat\u0131n!<\/div>\n","protected":false},"featured_media":34571,"comment_status":"open","ping_status":"closed","template":"","meta":[],"product_brand":[],"product_cat":[26,422],"product_tag":[],"class_list":{"0":"post-34569","1":"product","2":"type-product","3":"status-publish","4":"has-post-thumbnail","6":"product_cat-genel","7":"product_cat-selenit-tasi","9":"first","10":"instock","11":"taxable","12":"shipping-taxable","13":"purchasable","14":"product-type-simple"},"yoast_head":"<!-- This site is optimized with the Yoast SEO plugin v27.3 - https:\/\/yoast.com\/product\/yoast-seo-wordpress\/ -->\n<title>\u2728 SELEN\u0130T UN\u0130CORN B\u0130LEKL\u0130K \u2728 - Astrolog Elvan<\/title>\n<meta name=\"robots\" content=\"index, follow, max-snippet:-1, max-image-preview:large, max-video-preview:-1\" \/>\n<link rel=\"canonical\" href=\"https:\/\/astrologelvan.com\/magaza\/urun\/\u2728-selenit-unicorn-bileklik-\u2728\/\" \/>\n<meta property=\"og:locale\" content=\"tr_TR\" \/>\n<meta property=\"og:type\" content=\"article\" \/>\n<meta property=\"og:title\" content=\"\u2728 SELEN\u0130T UN\u0130CORN B\u0130LEKL\u0130K \u2728 - Astrolog Elvan\" \/>\n<meta property=\"og:description\" content=\"Unicorn\u2019un masals\u0131 enerjisiyle selenitin safla\u015ft\u0131r\u0131c\u0131 g\u00fcc\u00fcn\u00fc bir araya getiren bu bileklik, zarafeti ve spirit\u00fcel dengeyi bir arada sunar.  Do\u011fal ta\u015flardan \u00fcretilen bu bileklik, ruhunuzu sakinle\u015ftirirken \u00e7evrenizdeki negatif enerjiyi uzakla\u015ft\u0131rmaya yard\u0131mc\u0131 olur. \u2022Selenit Ta\u015f\u0131: Negatif enerjiyi n\u00f6tralize eder, ruhsal uyumu ve berrakl\u0131\u011f\u0131 art\u0131r\u0131r. \u2022Unicorn \u0130lham\u0131: Hayal g\u00fcc\u00fcn\u00fcz\u00fc canland\u0131r\u0131r ve pozitif enerjiyi \u00e7ekmenize yard\u0131mc\u0131 olur. \u2022El Yap\u0131m\u0131 ve Do\u011fal: Her bileklik, \u00f6zenle se\u00e7ilmi\u015f do\u011fal ta\u015flarla el i\u015f\u00e7ili\u011fiyle haz\u0131rlanm\u0131\u015ft\u0131r.  Bu bileklik; kendinizi yenilemek, enerjinizi y\u00fckseltmek ve g\u00fcn boyu pozitif bir aura ta\u015f\u0131mak isteyenler i\u00e7in e\u015fsiz bir se\u00e7imdir. Unicorn\u2019un b\u00fcy\u00fcl\u00fc dokunu\u015fuyla ruhunuzu ayd\u0131nlat\u0131n!\" \/>\n<meta property=\"og:url\" content=\"https:\/\/astrologelvan.com\/magaza\/urun\/\u2728-selenit-unicorn-bileklik-\u2728\/\" \/>\n<meta property=\"og:site_name\" content=\"Astrolog Elvan\" \/>\n<meta property=\"article:modified_time\" content=\"2025-12-15T10:31:24+00:00\" \/>\n<meta property=\"og:image\" content=\"https:\/\/astrologelvan.com\/magaza\/wp-content\/uploads\/2025\/01\/unicorn-scaled.jpg\" \/>\n\t<meta property=\"og:image:width\" content=\"1707\" \/>\n\t<meta property=\"og:image:height\" content=\"2560\" \/>\n\t<meta property=\"og:image:type\" content=\"image\/jpeg\" \/>\n<meta name=\"twitter:card\" content=\"summary_large_image\" \/>\n<meta name=\"twitter:label1\" content=\"Tahmini okuma s\u00fcresi\" \/>\n\t<meta name=\"twitter:data1\" content=\"1 dakika\" \/>\n<script type=\"application\/ld+json\" class=\"yoast-schema-graph\">{\"@context\":\"https:\\\/\\\/schema.org\",\"@graph\":[{\"@type\":[\"WebPage\",\"ItemPage\"],\"@id\":\"https:\\\/\\\/astrologelvan.com\\\/magaza\\\/urun\\\/%e2%9c%a8-selenit-unicorn-bileklik-%e2%9c%a8\\\/\",\"url\":\"https:\\\/\\\/astrologelvan.com\\\/magaza\\\/urun\\\/%e2%9c%a8-selenit-unicorn-bileklik-%e2%9c%a8\\\/\",\"name\":\"\u2728 SELEN\u0130T UN\u0130CORN B\u0130LEKL\u0130K \u2728 - Astrolog Elvan\",\"isPartOf\":{\"@id\":\"https:\\\/\\\/astrologelvan.com\\\/magaza\\\/#website\"},\"primaryImageOfPage\":{\"@id\":\"https:\\\/\\\/astrologelvan.com\\\/magaza\\\/urun\\\/%e2%9c%a8-selenit-unicorn-bileklik-%e2%9c%a8\\\/#primaryimage\"},\"image\":{\"@id\":\"https:\\\/\\\/astrologelvan.com\\\/magaza\\\/urun\\\/%e2%9c%a8-selenit-unicorn-bileklik-%e2%9c%a8\\\/#primaryimage\"},\"thumbnailUrl\":\"https:\\\/\\\/astrologelvan.com\\\/magaza\\\/wp-content\\\/uploads\\\/2025\\\/01\\\/unicorn-scaled.jpg\",\"datePublished\":\"2025-01-10T08:15:12+00:00\",\"dateModified\":\"2025-12-15T10:31:24+00:00\",\"breadcrumb\":{\"@id\":\"https:\\\/\\\/astrologelvan.com\\\/magaza\\\/urun\\\/%e2%9c%a8-selenit-unicorn-bileklik-%e2%9c%a8\\\/#breadcrumb\"},\"inLanguage\":\"tr\",\"potentialAction\":[{\"@type\":\"ReadAction\",\"target\":[\"https:\\\/\\\/astrologelvan.com\\\/magaza\\\/urun\\\/%e2%9c%a8-selenit-unicorn-bileklik-%e2%9c%a8\\\/\"]}]},{\"@type\":\"ImageObject\",\"inLanguage\":\"tr\",\"@id\":\"https:\\\/\\\/astrologelvan.com\\\/magaza\\\/urun\\\/%e2%9c%a8-selenit-unicorn-bileklik-%e2%9c%a8\\\/#primaryimage\",\"url\":\"https:\\\/\\\/astrologelvan.com\\\/magaza\\\/wp-content\\\/uploads\\\/2025\\\/01\\\/unicorn-scaled.jpg\",\"contentUrl\":\"https:\\\/\\\/astrologelvan.com\\\/magaza\\\/wp-content\\\/uploads\\\/2025\\\/01\\\/unicorn-scaled.jpg\",\"width\":1707,\"height\":2560},{\"@type\":\"BreadcrumbList\",\"@id\":\"https:\\\/\\\/astrologelvan.com\\\/magaza\\\/urun\\\/%e2%9c%a8-selenit-unicorn-bileklik-%e2%9c%a8\\\/#breadcrumb\",\"itemListElement\":[{\"@type\":\"ListItem\",\"position\":1,\"name\":\"Anasayfa\",\"item\":\"https:\\\/\\\/astrologelvan.com\\\/magaza\\\/\"},{\"@type\":\"ListItem\",\"position\":2,\"name\":\"Ma\u011faza\",\"item\":\"https:\\\/\\\/astrologelvan.com\\\/magaza\\\/magaza\\\/\"},{\"@type\":\"ListItem\",\"position\":3,\"name\":\"\u2728 SELEN\u0130T UN\u0130CORN B\u0130LEKL\u0130K \u2728\"}]},{\"@type\":\"WebSite\",\"@id\":\"https:\\\/\\\/astrologelvan.com\\\/magaza\\\/#website\",\"url\":\"https:\\\/\\\/astrologelvan.com\\\/magaza\\\/\",\"name\":\"Astrolog Elvan\",\"description\":\"\",\"potentialAction\":[{\"@type\":\"SearchAction\",\"target\":{\"@type\":\"EntryPoint\",\"urlTemplate\":\"https:\\\/\\\/astrologelvan.com\\\/magaza\\\/?s={search_term_string}\"},\"query-input\":{\"@type\":\"PropertyValueSpecification\",\"valueRequired\":true,\"valueName\":\"search_term_string\"}}],\"inLanguage\":\"tr\"}]}<\/script>\n<!-- \/ Yoast SEO plugin. -->","yoast_head_json":{"title":"\u2728 SELEN\u0130T UN\u0130CORN B\u0130LEKL\u0130K \u2728 - Astrolog Elvan","robots":{"index":"index","follow":"follow","max-snippet":"max-snippet:-1","max-image-preview":"max-image-preview:large","max-video-preview":"max-video-preview:-1"},"canonical":"https:\/\/astrologelvan.com\/magaza\/urun\/\u2728-selenit-unicorn-bileklik-\u2728\/","og_locale":"tr_TR","og_type":"article","og_title":"\u2728 SELEN\u0130T UN\u0130CORN B\u0130LEKL\u0130K \u2728 - Astrolog Elvan","og_description":"Unicorn\u2019un masals\u0131 enerjisiyle selenitin safla\u015ft\u0131r\u0131c\u0131 g\u00fcc\u00fcn\u00fc bir araya getiren bu bileklik, zarafeti ve spirit\u00fcel dengeyi bir arada sunar.  Do\u011fal ta\u015flardan \u00fcretilen bu bileklik, ruhunuzu sakinle\u015ftirirken \u00e7evrenizdeki negatif enerjiyi uzakla\u015ft\u0131rmaya yard\u0131mc\u0131 olur. \u2022Selenit Ta\u015f\u0131: Negatif enerjiyi n\u00f6tralize eder, ruhsal uyumu ve berrakl\u0131\u011f\u0131 art\u0131r\u0131r. \u2022Unicorn \u0130lham\u0131: Hayal g\u00fcc\u00fcn\u00fcz\u00fc canland\u0131r\u0131r ve pozitif enerjiyi \u00e7ekmenize yard\u0131mc\u0131 olur. \u2022El Yap\u0131m\u0131 ve Do\u011fal: Her bileklik, \u00f6zenle se\u00e7ilmi\u015f do\u011fal ta\u015flarla el i\u015f\u00e7ili\u011fiyle haz\u0131rlanm\u0131\u015ft\u0131r.  Bu bileklik; kendinizi yenilemek, enerjinizi y\u00fckseltmek ve g\u00fcn boyu pozitif bir aura ta\u015f\u0131mak isteyenler i\u00e7in e\u015fsiz bir se\u00e7imdir. Unicorn\u2019un b\u00fcy\u00fcl\u00fc dokunu\u015fuyla ruhunuzu ayd\u0131nlat\u0131n!","og_url":"https:\/\/astrologelvan.com\/magaza\/urun\/\u2728-selenit-unicorn-bileklik-\u2728\/","og_site_name":"Astrolog Elvan","article_modified_time":"2025-12-15T10:31:24+00:00","og_image":[{"width":1707,"height":2560,"url":"https:\/\/astrologelvan.com\/magaza\/wp-content\/uploads\/2025\/01\/unicorn-scaled.jpg","type":"image\/jpeg"}],"twitter_card":"summary_large_image","twitter_misc":{"Tahmini okuma s\u00fcresi":"1 dakika"},"schema":{"@context":"https:\/\/schema.org","@graph":[{"@type":["WebPage","ItemPage"],"@id":"https:\/\/astrologelvan.com\/magaza\/urun\/%e2%9c%a8-selenit-unicorn-bileklik-%e2%9c%a8\/","url":"https:\/\/astrologelvan.com\/magaza\/urun\/%e2%9c%a8-selenit-unicorn-bileklik-%e2%9c%a8\/","name":"\u2728 SELEN\u0130T UN\u0130CORN B\u0130LEKL\u0130K \u2728 - Astrolog Elvan","isPartOf":{"@id":"https:\/\/astrologelvan.com\/magaza\/#website"},"primaryImageOfPage":{"@id":"https:\/\/astrologelvan.com\/magaza\/urun\/%e2%9c%a8-selenit-unicorn-bileklik-%e2%9c%a8\/#primaryimage"},"image":{"@id":"https:\/\/astrologelvan.com\/magaza\/urun\/%e2%9c%a8-selenit-unicorn-bileklik-%e2%9c%a8\/#primaryimage"},"thumbnailUrl":"https:\/\/astrologelvan.com\/magaza\/wp-content\/uploads\/2025\/01\/unicorn-scaled.jpg","datePublished":"2025-01-10T08:15:12+00:00","dateModified":"2025-12-15T10:31:24+00:00","breadcrumb":{"@id":"https:\/\/astrologelvan.com\/magaza\/urun\/%e2%9c%a8-selenit-unicorn-bileklik-%e2%9c%a8\/#breadcrumb"},"inLanguage":"tr","potentialAction":[{"@type":"ReadAction","target":["https:\/\/astrologelvan.com\/magaza\/urun\/%e2%9c%a8-selenit-unicorn-bileklik-%e2%9c%a8\/"]}]},{"@type":"ImageObject","inLanguage":"tr","@id":"https:\/\/astrologelvan.com\/magaza\/urun\/%e2%9c%a8-selenit-unicorn-bileklik-%e2%9c%a8\/#primaryimage","url":"https:\/\/astrologelvan.com\/magaza\/wp-content\/uploads\/2025\/01\/unicorn-scaled.jpg","contentUrl":"https:\/\/astrologelvan.com\/magaza\/wp-content\/uploads\/2025\/01\/unicorn-scaled.jpg","width":1707,"height":2560},{"@type":"BreadcrumbList","@id":"https:\/\/astrologelvan.com\/magaza\/urun\/%e2%9c%a8-selenit-unicorn-bileklik-%e2%9c%a8\/#breadcrumb","itemListElement":[{"@type":"ListItem","position":1,"name":"Anasayfa","item":"https:\/\/astrologelvan.com\/magaza\/"},{"@type":"ListItem","position":2,"name":"Ma\u011faza","item":"https:\/\/astrologelvan.com\/magaza\/magaza\/"},{"@type":"ListItem","position":3,"name":"\u2728 SELEN\u0130T UN\u0130CORN B\u0130LEKL\u0130K \u2728"}]},{"@type":"WebSite","@id":"https:\/\/astrologelvan.com\/magaza\/#website","url":"https:\/\/astrologelvan.com\/magaza\/","name":"Astrolog Elvan","description":"","potentialAction":[{"@type":"SearchAction","target":{"@type":"EntryPoint","urlTemplate":"https:\/\/astrologelvan.com\/magaza\/?s={search_term_string}"},"query-input":{"@type":"PropertyValueSpecification","valueRequired":true,"valueName":"search_term_string"}}],"inLanguage":"tr"}]}},"_links":{"self":[{"href":"https:\/\/astrologelvan.com\/magaza\/wp-json\/wp\/v2\/product\/34569","targetHints":{"allow":["GET"]}}],"collection":[{"href":"https:\/\/astrologelvan.com\/magaza\/wp-json\/wp\/v2\/product"}],"about":[{"href":"https:\/\/astrologelvan.com\/magaza\/wp-json\/wp\/v2\/types\/product"}],"replies":[{"embeddable":true,"href":"https:\/\/astrologelvan.com\/magaza\/wp-json\/wp\/v2\/comments?post=34569"}],"wp:featuredmedia":[{"embeddable":true,"href":"https:\/\/astrologelvan.com\/magaza\/wp-json\/wp\/v2\/media\/34571"}],"wp:attachment":[{"href":"https:\/\/astrologelvan.com\/magaza\/wp-json\/wp\/v2\/media?parent=34569"}],"wp:term":[{"taxonomy":"product_brand","embeddable":true,"href":"https:\/\/astrologelvan.com\/magaza\/wp-json\/wp\/v2\/product_brand?post=34569"},{"taxonomy":"product_cat","embeddable":true,"href":"https:\/\/astrologelvan.com\/magaza\/wp-json\/wp\/v2\/product_cat?post=34569"},{"taxonomy":"product_tag","embeddable":true,"href":"https:\/\/astrologelvan.com\/magaza\/wp-json\/wp\/v2\/product_tag?post=34569"}],"curies":[{"name":"wp","href":"https:\/\/api.w.org\/{rel}","templated":true}]}}