{"id":34385,"date":"2025-01-10T08:08:24","date_gmt":"2025-01-10T05:08:24","guid":{"rendered":"https:\/\/astrologelvan.com\/magaza\/?post_type=product&#038;p=34385"},"modified":"2025-10-06T08:15:28","modified_gmt":"2025-10-06T05:15:28","slug":"pembe-topaz-floransa","status":"publish","type":"product","link":"https:\/\/astrologelvan.com\/magaza\/urun\/pembe-topaz-floransa\/","title":{"rendered":"Pembe Topaz Antik Y\u00fcz\u00fck \/ Floransa"},"content":{"rendered":"<p>26.64 Karat Pembe Topaz ta\u015f<\/p>\n<p>925 Ayar G\u00fcm\u00fc\u015f \u00dczeri Alt\u0131n Kaplama<\/p>\n","protected":false},"excerpt":{"rendered":"<p>Floransa\u2019n\u0131n romantik ve sanat dolu havas\u0131ndan esinlenen Pembe Topaz Antik Y\u00fcz\u00fck, size hayalinizdeki a\u015fk\u0131 ya\u015fatmak i\u00e7in usta ellerde tasarland\u0131. Pembe Topaz ta\u015f\u0131, nadir bulunan do\u011fal ta\u015flardand\u0131r. T\u0131pk\u0131 ger\u00e7ek a\u015fk gibi\u2026 Pembe Topaz\u2019\u0131n hayat\u0131n\u0131za do\u011fru adam\u0131 \u00e7ekmeye yarayan enerjisi \u015fimdi sizlerle bulu\u015fmaya haz\u0131r.<\/p>\n<p><strong>925 ayar g\u00fcm\u00fc\u015f \u00fczerine alt\u0131n kaplama yap\u0131lm\u0131\u015ft\u0131r. El i\u015f\u00e7ili\u011fi ile mont\u00fcr i\u015flemesi ger\u00e7ekle\u015ftirilmi\u015ftir<\/strong><\/p>\n<p><em>Y\u00fcz\u00fck \u00d6l\u00e7\u00fcn\u00fcze G\u00f6re Sipari\u015finiz \u00d6zel Olarak Haz\u0131rlanmaktad\u0131r. L\u00fctfen Y\u00fcz\u00fck \u00d6l\u00e7\u00fcn\u00fcz\u00fc Se\u00e7iniz<\/em><\/p>\n","protected":false},"featured_media":34403,"comment_status":"open","ping_status":"closed","template":"","meta":[],"product_brand":[],"product_cat":[574],"product_tag":[],"class_list":{"0":"post-34385","1":"product","2":"type-product","3":"status-publish","4":"has-post-thumbnail","6":"product_cat-antik-yuzuk-serisi","8":"first","9":"instock","10":"purchasable","11":"product-type-variable"},"yoast_head":"<!-- This site is optimized with the Yoast SEO plugin v27.3 - https:\/\/yoast.com\/product\/yoast-seo-wordpress\/ -->\n<title>Pembe Topaz Antik Y\u00fcz\u00fck \/ Floransa - Astrolog Elvan<\/title>\n<meta name=\"robots\" content=\"index, follow, max-snippet:-1, max-image-preview:large, max-video-preview:-1\" \/>\n<link rel=\"canonical\" href=\"https:\/\/astrologelvan.com\/magaza\/urun\/pembe-topaz-floransa\/\" \/>\n<meta property=\"og:locale\" content=\"tr_TR\" \/>\n<meta property=\"og:type\" content=\"article\" \/>\n<meta property=\"og:title\" content=\"Pembe Topaz Antik Y\u00fcz\u00fck \/ Floransa - Astrolog Elvan\" \/>\n<meta property=\"og:description\" content=\"Floransa\u2019n\u0131n romantik ve sanat dolu havas\u0131ndan esinlenen Pembe Topaz Antik Y\u00fcz\u00fck, size hayalinizdeki a\u015fk\u0131 ya\u015fatmak i\u00e7in usta ellerde tasarland\u0131. Pembe Topaz ta\u015f\u0131, nadir bulunan do\u011fal ta\u015flardand\u0131r. T\u0131pk\u0131 ger\u00e7ek a\u015fk gibi\u2026 Pembe Topaz\u2019\u0131n hayat\u0131n\u0131za do\u011fru adam\u0131 \u00e7ekmeye yarayan enerjisi \u015fimdi sizlerle bulu\u015fmaya haz\u0131r.  925 ayar g\u00fcm\u00fc\u015f \u00fczerine alt\u0131n kaplama yap\u0131lm\u0131\u015ft\u0131r. El i\u015f\u00e7ili\u011fi ile mont\u00fcr i\u015flemesi ger\u00e7ekle\u015ftirilmi\u015ftir  Y\u00fcz\u00fck \u00d6l\u00e7\u00fcn\u00fcze G\u00f6re Sipari\u015finiz \u00d6zel Olarak Haz\u0131rlanmaktad\u0131r. L\u00fctfen Y\u00fcz\u00fck \u00d6l\u00e7\u00fcn\u00fcz\u00fc Se\u00e7iniz\" \/>\n<meta property=\"og:url\" content=\"https:\/\/astrologelvan.com\/magaza\/urun\/pembe-topaz-floransa\/\" \/>\n<meta property=\"og:site_name\" content=\"Astrolog Elvan\" \/>\n<meta property=\"article:modified_time\" content=\"2025-10-06T05:15:28+00:00\" \/>\n<meta property=\"og:image\" content=\"https:\/\/astrologelvan.com\/magaza\/wp-content\/uploads\/2025\/01\/JAGS9922-scaled.jpg\" \/>\n\t<meta property=\"og:image:width\" content=\"1920\" \/>\n\t<meta property=\"og:image:height\" content=\"2560\" \/>\n\t<meta property=\"og:image:type\" content=\"image\/jpeg\" \/>\n<meta name=\"twitter:card\" content=\"summary_large_image\" \/>\n<meta name=\"twitter:label1\" content=\"Tahmini okuma s\u00fcresi\" \/>\n\t<meta name=\"twitter:data1\" content=\"1 dakika\" \/>\n<script type=\"application\/ld+json\" class=\"yoast-schema-graph\">{\"@context\":\"https:\\\/\\\/schema.org\",\"@graph\":[{\"@type\":[\"WebPage\",\"ItemPage\"],\"@id\":\"https:\\\/\\\/astrologelvan.com\\\/magaza\\\/urun\\\/pembe-topaz-floransa\\\/\",\"url\":\"https:\\\/\\\/astrologelvan.com\\\/magaza\\\/urun\\\/pembe-topaz-floransa\\\/\",\"name\":\"Pembe Topaz Antik Y\u00fcz\u00fck \\\/ Floransa - Astrolog Elvan\",\"isPartOf\":{\"@id\":\"https:\\\/\\\/astrologelvan.com\\\/magaza\\\/#website\"},\"primaryImageOfPage\":{\"@id\":\"https:\\\/\\\/astrologelvan.com\\\/magaza\\\/urun\\\/pembe-topaz-floransa\\\/#primaryimage\"},\"image\":{\"@id\":\"https:\\\/\\\/astrologelvan.com\\\/magaza\\\/urun\\\/pembe-topaz-floransa\\\/#primaryimage\"},\"thumbnailUrl\":\"https:\\\/\\\/astrologelvan.com\\\/magaza\\\/wp-content\\\/uploads\\\/2025\\\/01\\\/JAGS9922-scaled.jpg\",\"datePublished\":\"2025-01-10T05:08:24+00:00\",\"dateModified\":\"2025-10-06T05:15:28+00:00\",\"breadcrumb\":{\"@id\":\"https:\\\/\\\/astrologelvan.com\\\/magaza\\\/urun\\\/pembe-topaz-floransa\\\/#breadcrumb\"},\"inLanguage\":\"tr\",\"potentialAction\":[{\"@type\":\"ReadAction\",\"target\":[\"https:\\\/\\\/astrologelvan.com\\\/magaza\\\/urun\\\/pembe-topaz-floransa\\\/\"]}]},{\"@type\":\"ImageObject\",\"inLanguage\":\"tr\",\"@id\":\"https:\\\/\\\/astrologelvan.com\\\/magaza\\\/urun\\\/pembe-topaz-floransa\\\/#primaryimage\",\"url\":\"https:\\\/\\\/astrologelvan.com\\\/magaza\\\/wp-content\\\/uploads\\\/2025\\\/01\\\/JAGS9922-scaled.jpg\",\"contentUrl\":\"https:\\\/\\\/astrologelvan.com\\\/magaza\\\/wp-content\\\/uploads\\\/2025\\\/01\\\/JAGS9922-scaled.jpg\",\"width\":1920,\"height\":2560},{\"@type\":\"BreadcrumbList\",\"@id\":\"https:\\\/\\\/astrologelvan.com\\\/magaza\\\/urun\\\/pembe-topaz-floransa\\\/#breadcrumb\",\"itemListElement\":[{\"@type\":\"ListItem\",\"position\":1,\"name\":\"Anasayfa\",\"item\":\"https:\\\/\\\/astrologelvan.com\\\/magaza\\\/\"},{\"@type\":\"ListItem\",\"position\":2,\"name\":\"Ma\u011faza\",\"item\":\"https:\\\/\\\/astrologelvan.com\\\/magaza\\\/magaza\\\/\"},{\"@type\":\"ListItem\",\"position\":3,\"name\":\"Pembe Topaz Antik Y\u00fcz\u00fck \\\/ Floransa\"}]},{\"@type\":\"WebSite\",\"@id\":\"https:\\\/\\\/astrologelvan.com\\\/magaza\\\/#website\",\"url\":\"https:\\\/\\\/astrologelvan.com\\\/magaza\\\/\",\"name\":\"Astrolog Elvan\",\"description\":\"\",\"potentialAction\":[{\"@type\":\"SearchAction\",\"target\":{\"@type\":\"EntryPoint\",\"urlTemplate\":\"https:\\\/\\\/astrologelvan.com\\\/magaza\\\/?s={search_term_string}\"},\"query-input\":{\"@type\":\"PropertyValueSpecification\",\"valueRequired\":true,\"valueName\":\"search_term_string\"}}],\"inLanguage\":\"tr\"}]}<\/script>\n<!-- \/ Yoast SEO plugin. -->","yoast_head_json":{"title":"Pembe Topaz Antik Y\u00fcz\u00fck \/ Floransa - Astrolog Elvan","robots":{"index":"index","follow":"follow","max-snippet":"max-snippet:-1","max-image-preview":"max-image-preview:large","max-video-preview":"max-video-preview:-1"},"canonical":"https:\/\/astrologelvan.com\/magaza\/urun\/pembe-topaz-floransa\/","og_locale":"tr_TR","og_type":"article","og_title":"Pembe Topaz Antik Y\u00fcz\u00fck \/ Floransa - Astrolog Elvan","og_description":"Floransa\u2019n\u0131n romantik ve sanat dolu havas\u0131ndan esinlenen Pembe Topaz Antik Y\u00fcz\u00fck, size hayalinizdeki a\u015fk\u0131 ya\u015fatmak i\u00e7in usta ellerde tasarland\u0131. Pembe Topaz ta\u015f\u0131, nadir bulunan do\u011fal ta\u015flardand\u0131r. T\u0131pk\u0131 ger\u00e7ek a\u015fk gibi\u2026 Pembe Topaz\u2019\u0131n hayat\u0131n\u0131za do\u011fru adam\u0131 \u00e7ekmeye yarayan enerjisi \u015fimdi sizlerle bulu\u015fmaya haz\u0131r.  925 ayar g\u00fcm\u00fc\u015f \u00fczerine alt\u0131n kaplama yap\u0131lm\u0131\u015ft\u0131r. El i\u015f\u00e7ili\u011fi ile mont\u00fcr i\u015flemesi ger\u00e7ekle\u015ftirilmi\u015ftir  Y\u00fcz\u00fck \u00d6l\u00e7\u00fcn\u00fcze G\u00f6re Sipari\u015finiz \u00d6zel Olarak Haz\u0131rlanmaktad\u0131r. L\u00fctfen Y\u00fcz\u00fck \u00d6l\u00e7\u00fcn\u00fcz\u00fc Se\u00e7iniz","og_url":"https:\/\/astrologelvan.com\/magaza\/urun\/pembe-topaz-floransa\/","og_site_name":"Astrolog Elvan","article_modified_time":"2025-10-06T05:15:28+00:00","og_image":[{"width":1920,"height":2560,"url":"https:\/\/astrologelvan.com\/magaza\/wp-content\/uploads\/2025\/01\/JAGS9922-scaled.jpg","type":"image\/jpeg"}],"twitter_card":"summary_large_image","twitter_misc":{"Tahmini okuma s\u00fcresi":"1 dakika"},"schema":{"@context":"https:\/\/schema.org","@graph":[{"@type":["WebPage","ItemPage"],"@id":"https:\/\/astrologelvan.com\/magaza\/urun\/pembe-topaz-floransa\/","url":"https:\/\/astrologelvan.com\/magaza\/urun\/pembe-topaz-floransa\/","name":"Pembe Topaz Antik Y\u00fcz\u00fck \/ Floransa - Astrolog Elvan","isPartOf":{"@id":"https:\/\/astrologelvan.com\/magaza\/#website"},"primaryImageOfPage":{"@id":"https:\/\/astrologelvan.com\/magaza\/urun\/pembe-topaz-floransa\/#primaryimage"},"image":{"@id":"https:\/\/astrologelvan.com\/magaza\/urun\/pembe-topaz-floransa\/#primaryimage"},"thumbnailUrl":"https:\/\/astrologelvan.com\/magaza\/wp-content\/uploads\/2025\/01\/JAGS9922-scaled.jpg","datePublished":"2025-01-10T05:08:24+00:00","dateModified":"2025-10-06T05:15:28+00:00","breadcrumb":{"@id":"https:\/\/astrologelvan.com\/magaza\/urun\/pembe-topaz-floransa\/#breadcrumb"},"inLanguage":"tr","potentialAction":[{"@type":"ReadAction","target":["https:\/\/astrologelvan.com\/magaza\/urun\/pembe-topaz-floransa\/"]}]},{"@type":"ImageObject","inLanguage":"tr","@id":"https:\/\/astrologelvan.com\/magaza\/urun\/pembe-topaz-floransa\/#primaryimage","url":"https:\/\/astrologelvan.com\/magaza\/wp-content\/uploads\/2025\/01\/JAGS9922-scaled.jpg","contentUrl":"https:\/\/astrologelvan.com\/magaza\/wp-content\/uploads\/2025\/01\/JAGS9922-scaled.jpg","width":1920,"height":2560},{"@type":"BreadcrumbList","@id":"https:\/\/astrologelvan.com\/magaza\/urun\/pembe-topaz-floransa\/#breadcrumb","itemListElement":[{"@type":"ListItem","position":1,"name":"Anasayfa","item":"https:\/\/astrologelvan.com\/magaza\/"},{"@type":"ListItem","position":2,"name":"Ma\u011faza","item":"https:\/\/astrologelvan.com\/magaza\/magaza\/"},{"@type":"ListItem","position":3,"name":"Pembe Topaz Antik Y\u00fcz\u00fck \/ Floransa"}]},{"@type":"WebSite","@id":"https:\/\/astrologelvan.com\/magaza\/#website","url":"https:\/\/astrologelvan.com\/magaza\/","name":"Astrolog Elvan","description":"","potentialAction":[{"@type":"SearchAction","target":{"@type":"EntryPoint","urlTemplate":"https:\/\/astrologelvan.com\/magaza\/?s={search_term_string}"},"query-input":{"@type":"PropertyValueSpecification","valueRequired":true,"valueName":"search_term_string"}}],"inLanguage":"tr"}]}},"_links":{"self":[{"href":"https:\/\/astrologelvan.com\/magaza\/wp-json\/wp\/v2\/product\/34385","targetHints":{"allow":["GET"]}}],"collection":[{"href":"https:\/\/astrologelvan.com\/magaza\/wp-json\/wp\/v2\/product"}],"about":[{"href":"https:\/\/astrologelvan.com\/magaza\/wp-json\/wp\/v2\/types\/product"}],"replies":[{"embeddable":true,"href":"https:\/\/astrologelvan.com\/magaza\/wp-json\/wp\/v2\/comments?post=34385"}],"wp:featuredmedia":[{"embeddable":true,"href":"https:\/\/astrologelvan.com\/magaza\/wp-json\/wp\/v2\/media\/34403"}],"wp:attachment":[{"href":"https:\/\/astrologelvan.com\/magaza\/wp-json\/wp\/v2\/media?parent=34385"}],"wp:term":[{"taxonomy":"product_brand","embeddable":true,"href":"https:\/\/astrologelvan.com\/magaza\/wp-json\/wp\/v2\/product_brand?post=34385"},{"taxonomy":"product_cat","embeddable":true,"href":"https:\/\/astrologelvan.com\/magaza\/wp-json\/wp\/v2\/product_cat?post=34385"},{"taxonomy":"product_tag","embeddable":true,"href":"https:\/\/astrologelvan.com\/magaza\/wp-json\/wp\/v2\/product_tag?post=34385"}],"curies":[{"name":"wp","href":"https:\/\/api.w.org\/{rel}","templated":true}]}}