{"id":3346,"date":"2024-03-15T15:58:35","date_gmt":"2024-03-15T12:58:35","guid":{"rendered":"https:\/\/astrologelvan.com\/magaza\/?post_type=product&#038;p=3346"},"modified":"2025-11-29T21:19:24","modified_gmt":"2025-11-29T18:19:24","slug":"925-ayar-yakut-tasli-unicorn-kolye-2","status":"publish","type":"product","link":"https:\/\/astrologelvan.com\/magaza\/urun\/925-ayar-yakut-tasli-unicorn-kolye-2\/","title":{"rendered":"YAKUT TA\u015eLI UN\u0130CORN KOLYE"},"content":{"rendered":"<p>\u00dcr\u00fcn \u00d6zellikleri:<\/p>\n<p class=\"p1\">Kolye Uzunlu\u011fu: 45 CM<\/p>\n<p class=\"p1\">Kolye A\u011f\u0131rl\u0131\u011f\u0131: 58 Gram<\/p>\n<p class=\"p1\">925 Ayar G\u00fcm\u00fc\u015f \u00dczeri Alt\u0131n Kaplama Yakut Unicorn Kolye<\/p>\n","protected":false},"excerpt":{"rendered":"<p>*Yakut g\u00fc\u00e7 ta\u015f\u0131d\u0131r. Astrolojide Mars gezegeninin ta\u015f\u0131 olarak g\u00f6r\u00fcl\u00fcr. Ki\u015finin do\u011fum haritas\u0131nda Mars\u2019\u0131 Retro ise ya da zay\u0131f bir bur\u00e7ta (Mars Terazi, Bo\u011fa, Yenge\u00e7) mutlaka ki\u015fi \u00fczerinde ta\u015f\u0131mal\u0131d\u0131r.<\/p>\n<p>Ki\u015fiye hem koruma hem de ruhsal ve fiziksel g\u00fc\u00e7 verir. Ki\u015fiyi kavga ortam\u0131ndan ve ruhsal gerginlikten uzakla\u015ft\u0131r\u0131r. Mars Retrolar\u0131 zaman\u0131nda takmak \u00e7ok faydal\u0131d\u0131r.<\/p>\n<p>Yakut ta\u015f\u0131n\u0131n do\u011fumu kolayla\u015ft\u0131rd\u0131\u011f\u0131na inan\u0131l\u0131r. Zor zamanlardan ge\u00e7en ve deste\u011fe, g\u00fcce ihtiyac\u0131 olan annelerin enerjilerini y\u00fckselten g\u00fc\u00e7l\u00fc bir ta\u015ft\u0131r.<\/p>\n<p>Kad\u0131nlarda adet d\u00fczenine yard\u0131mc\u0131 olur. Reglin ya\u015fatt\u0131\u011f\u0131 gerginli\u011fi \u00e7\u00f6zer, v\u00fccudunda demir eksikli\u011fi olanlar\u0131n da kullanmas\u0131 \u00f6nerilir.<\/p>\n<p>Menopoz d\u00f6neminin daha rahat ge\u00e7mesini sa\u011flar.<\/p>\n<p>\u0130mmun sistemini kuvvetlendirir. Renginden dolay\u0131 kan ile ba\u011flant\u0131l\u0131d\u0131r ve kan dola\u015f\u0131m\u0131n\u0131 dengeye soktu\u011funa inan\u0131l\u0131r.<\/p>\n<p>Yakutu \u00fczerinde ta\u015f\u0131yan ki\u015fiye \u00f6zg\u00fcven ve cesaret katar.<\/p>\n<p>*B\u00fct\u00fcn unicornlar (tek boynuzlu atlar) ayd\u0131nlanmam\u0131za yard\u0131mc\u0131 olur ve daha y\u00fcksek boyutlara ge\u00e7memizi sa\u011flar.<\/p>\n<p>Unicornlar kozmik d\u00fczeyde bir grup bilincidir. K\u00e2inat\u0131n etraf\u0131nda dola\u015f\u0131p ne\u015fe ve bereket sa\u00e7an saf elmas beyaz\u0131 renginde yo\u011fun bir \u0131\u015f\u0131k k\u00fcmesi hayal edin. Bu, unicorn enerjisidir. Bu unicorn kolye sana temiz kalple ve b\u00fct\u00fcn\u00fcn hayr\u0131na diledi\u011fin her dile\u011fini getirmeye yard\u0131mc\u0131 olacak.<\/p>\n<p>\u00dczerinde ta\u015f\u0131d\u0131\u011f\u0131n s\u00fcrece daha y\u00fcksek bir kozmik enerji alan\u0131nda oldu\u011funu fark edeceksin.<\/p>\n<p>Unicornlar tamamen ayd\u0131nlanm\u0131\u015ft\u0131r, bu sebeple al\u0131nlar\u0131ndaki \u00fc\u00e7\u00fcnc\u00fc g\u00f6z sonuna kadar a\u00e7\u0131kt\u0131r ve o kadar parlak bir \u0131\u015f\u0131k sa\u00e7ar ki bu \u0131\u015f\u0131k kat\u0131 bir cisim gibi g\u00f6r\u00fcn\u00fcr ve spiral bir boynuz \u015feklini al\u0131r. Unicorn kolyeni takt\u0131k\u00e7a 3. g\u00f6z\u00fcn\u00fcn de aktive oldu\u011funu g\u00f6receksin. Unicorn enerjisi ile hayat\u0131na mucizeleri \u00e7ekmeye haz\u0131rs\u0131n. 777<\/p>\n","protected":false},"featured_media":5556,"comment_status":"open","ping_status":"closed","template":"","meta":[],"product_brand":[],"product_cat":[26,48,432,403],"product_tag":[],"class_list":{"0":"post-3346","1":"product","2":"type-product","3":"status-publish","4":"has-post-thumbnail","6":"product_cat-genel","7":"product_cat-kolyeler","8":"product_cat-unicorn-serisi","9":"product_cat-yakut-tasi","11":"first","12":"outofstock","13":"taxable","14":"shipping-taxable","15":"purchasable","16":"product-type-simple"},"yoast_head":"<!-- This site is optimized with the Yoast SEO plugin v27.3 - https:\/\/yoast.com\/product\/yoast-seo-wordpress\/ -->\n<title>YAKUT TA\u015eLI UN\u0130CORN KOLYE - Astrolog Elvan<\/title>\n<meta name=\"robots\" content=\"index, follow, max-snippet:-1, max-image-preview:large, max-video-preview:-1\" \/>\n<link rel=\"canonical\" href=\"https:\/\/astrologelvan.com\/magaza\/urun\/925-ayar-yakut-tasli-unicorn-kolye-2\/\" \/>\n<meta property=\"og:locale\" content=\"tr_TR\" \/>\n<meta property=\"og:type\" content=\"article\" \/>\n<meta property=\"og:title\" content=\"YAKUT TA\u015eLI UN\u0130CORN KOLYE - Astrolog Elvan\" \/>\n<meta property=\"og:description\" content=\"*Yakut g\u00fc\u00e7 ta\u015f\u0131d\u0131r. Astrolojide Mars gezegeninin ta\u015f\u0131 olarak g\u00f6r\u00fcl\u00fcr. Ki\u015finin do\u011fum haritas\u0131nda Mars\u2019\u0131 Retro ise ya da zay\u0131f bir bur\u00e7ta (Mars Terazi, Bo\u011fa, Yenge\u00e7) mutlaka ki\u015fi \u00fczerinde ta\u015f\u0131mal\u0131d\u0131r.  Ki\u015fiye hem koruma hem de ruhsal ve fiziksel g\u00fc\u00e7 verir. Ki\u015fiyi kavga ortam\u0131ndan ve ruhsal gerginlikten uzakla\u015ft\u0131r\u0131r. Mars Retrolar\u0131 zaman\u0131nda takmak \u00e7ok faydal\u0131d\u0131r.  Yakut ta\u015f\u0131n\u0131n do\u011fumu kolayla\u015ft\u0131rd\u0131\u011f\u0131na inan\u0131l\u0131r. Zor zamanlardan ge\u00e7en ve deste\u011fe, g\u00fcce ihtiyac\u0131 olan annelerin enerjilerini y\u00fckselten g\u00fc\u00e7l\u00fc bir ta\u015ft\u0131r.  Kad\u0131nlarda adet d\u00fczenine yard\u0131mc\u0131 olur. Reglin ya\u015fatt\u0131\u011f\u0131 gerginli\u011fi \u00e7\u00f6zer, v\u00fccudunda demir eksikli\u011fi olanlar\u0131n da kullanmas\u0131 \u00f6nerilir.  Menopoz d\u00f6neminin daha rahat ge\u00e7mesini sa\u011flar.  \u0130mmun sistemini kuvvetlendirir. Renginden dolay\u0131 kan ile ba\u011flant\u0131l\u0131d\u0131r ve kan dola\u015f\u0131m\u0131n\u0131 dengeye soktu\u011funa inan\u0131l\u0131r.  Yakutu \u00fczerinde ta\u015f\u0131yan ki\u015fiye \u00f6zg\u00fcven ve cesaret katar.  *B\u00fct\u00fcn unicornlar (tek boynuzlu atlar) ayd\u0131nlanmam\u0131za yard\u0131mc\u0131 olur ve daha y\u00fcksek boyutlara ge\u00e7memizi sa\u011flar.  Unicornlar kozmik d\u00fczeyde bir grup bilincidir. K\u00e2inat\u0131n etraf\u0131nda dola\u015f\u0131p ne\u015fe ve bereket sa\u00e7an saf elmas beyaz\u0131 renginde yo\u011fun bir \u0131\u015f\u0131k k\u00fcmesi hayal edin. Bu, unicorn enerjisidir. Bu unicorn kolye sana temiz kalple ve b\u00fct\u00fcn\u00fcn hayr\u0131na diledi\u011fin her dile\u011fini getirmeye yard\u0131mc\u0131 olacak.  \u00dczerinde ta\u015f\u0131d\u0131\u011f\u0131n s\u00fcrece daha y\u00fcksek bir kozmik enerji alan\u0131nda oldu\u011funu fark edeceksin.  Unicornlar tamamen ayd\u0131nlanm\u0131\u015ft\u0131r, bu sebeple al\u0131nlar\u0131ndaki \u00fc\u00e7\u00fcnc\u00fc g\u00f6z sonuna kadar a\u00e7\u0131kt\u0131r ve o kadar parlak bir \u0131\u015f\u0131k sa\u00e7ar ki bu \u0131\u015f\u0131k kat\u0131 bir cisim gibi g\u00f6r\u00fcn\u00fcr ve spiral bir boynuz \u015feklini al\u0131r. Unicorn kolyeni takt\u0131k\u00e7a 3. g\u00f6z\u00fcn\u00fcn de aktive oldu\u011funu g\u00f6receksin. Unicorn enerjisi ile hayat\u0131na mucizeleri \u00e7ekmeye haz\u0131rs\u0131n. 777\" \/>\n<meta property=\"og:url\" content=\"https:\/\/astrologelvan.com\/magaza\/urun\/925-ayar-yakut-tasli-unicorn-kolye-2\/\" \/>\n<meta property=\"og:site_name\" content=\"Astrolog Elvan\" \/>\n<meta property=\"article:modified_time\" content=\"2025-11-29T18:19:24+00:00\" \/>\n<meta property=\"og:image\" content=\"https:\/\/astrologelvan.com\/magaza\/wp-content\/uploads\/2024\/03\/1-24.jpg\" \/>\n\t<meta property=\"og:image:width\" content=\"1600\" \/>\n\t<meta property=\"og:image:height\" content=\"1600\" \/>\n\t<meta property=\"og:image:type\" content=\"image\/jpeg\" \/>\n<meta name=\"twitter:card\" content=\"summary_large_image\" \/>\n<meta name=\"twitter:label1\" content=\"Tahmini okuma s\u00fcresi\" \/>\n\t<meta name=\"twitter:data1\" content=\"1 dakika\" \/>\n<script type=\"application\/ld+json\" class=\"yoast-schema-graph\">{\"@context\":\"https:\\\/\\\/schema.org\",\"@graph\":[{\"@type\":[\"WebPage\",\"ItemPage\"],\"@id\":\"https:\\\/\\\/astrologelvan.com\\\/magaza\\\/urun\\\/925-ayar-yakut-tasli-unicorn-kolye-2\\\/\",\"url\":\"https:\\\/\\\/astrologelvan.com\\\/magaza\\\/urun\\\/925-ayar-yakut-tasli-unicorn-kolye-2\\\/\",\"name\":\"YAKUT TA\u015eLI UN\u0130CORN KOLYE - Astrolog Elvan\",\"isPartOf\":{\"@id\":\"https:\\\/\\\/astrologelvan.com\\\/magaza\\\/#website\"},\"primaryImageOfPage\":{\"@id\":\"https:\\\/\\\/astrologelvan.com\\\/magaza\\\/urun\\\/925-ayar-yakut-tasli-unicorn-kolye-2\\\/#primaryimage\"},\"image\":{\"@id\":\"https:\\\/\\\/astrologelvan.com\\\/magaza\\\/urun\\\/925-ayar-yakut-tasli-unicorn-kolye-2\\\/#primaryimage\"},\"thumbnailUrl\":\"https:\\\/\\\/astrologelvan.com\\\/magaza\\\/wp-content\\\/uploads\\\/2024\\\/03\\\/1-24.jpg\",\"datePublished\":\"2024-03-15T12:58:35+00:00\",\"dateModified\":\"2025-11-29T18:19:24+00:00\",\"breadcrumb\":{\"@id\":\"https:\\\/\\\/astrologelvan.com\\\/magaza\\\/urun\\\/925-ayar-yakut-tasli-unicorn-kolye-2\\\/#breadcrumb\"},\"inLanguage\":\"tr\",\"potentialAction\":[{\"@type\":\"ReadAction\",\"target\":[\"https:\\\/\\\/astrologelvan.com\\\/magaza\\\/urun\\\/925-ayar-yakut-tasli-unicorn-kolye-2\\\/\"]}]},{\"@type\":\"ImageObject\",\"inLanguage\":\"tr\",\"@id\":\"https:\\\/\\\/astrologelvan.com\\\/magaza\\\/urun\\\/925-ayar-yakut-tasli-unicorn-kolye-2\\\/#primaryimage\",\"url\":\"https:\\\/\\\/astrologelvan.com\\\/magaza\\\/wp-content\\\/uploads\\\/2024\\\/03\\\/1-24.jpg\",\"contentUrl\":\"https:\\\/\\\/astrologelvan.com\\\/magaza\\\/wp-content\\\/uploads\\\/2024\\\/03\\\/1-24.jpg\",\"width\":1600,\"height\":1600},{\"@type\":\"BreadcrumbList\",\"@id\":\"https:\\\/\\\/astrologelvan.com\\\/magaza\\\/urun\\\/925-ayar-yakut-tasli-unicorn-kolye-2\\\/#breadcrumb\",\"itemListElement\":[{\"@type\":\"ListItem\",\"position\":1,\"name\":\"Anasayfa\",\"item\":\"https:\\\/\\\/astrologelvan.com\\\/magaza\\\/\"},{\"@type\":\"ListItem\",\"position\":2,\"name\":\"Ma\u011faza\",\"item\":\"https:\\\/\\\/astrologelvan.com\\\/magaza\\\/magaza\\\/\"},{\"@type\":\"ListItem\",\"position\":3,\"name\":\"YAKUT TA\u015eLI UN\u0130CORN KOLYE\"}]},{\"@type\":\"WebSite\",\"@id\":\"https:\\\/\\\/astrologelvan.com\\\/magaza\\\/#website\",\"url\":\"https:\\\/\\\/astrologelvan.com\\\/magaza\\\/\",\"name\":\"Astrolog Elvan\",\"description\":\"\",\"potentialAction\":[{\"@type\":\"SearchAction\",\"target\":{\"@type\":\"EntryPoint\",\"urlTemplate\":\"https:\\\/\\\/astrologelvan.com\\\/magaza\\\/?s={search_term_string}\"},\"query-input\":{\"@type\":\"PropertyValueSpecification\",\"valueRequired\":true,\"valueName\":\"search_term_string\"}}],\"inLanguage\":\"tr\"}]}<\/script>\n<!-- \/ Yoast SEO plugin. -->","yoast_head_json":{"title":"YAKUT TA\u015eLI UN\u0130CORN KOLYE - Astrolog Elvan","robots":{"index":"index","follow":"follow","max-snippet":"max-snippet:-1","max-image-preview":"max-image-preview:large","max-video-preview":"max-video-preview:-1"},"canonical":"https:\/\/astrologelvan.com\/magaza\/urun\/925-ayar-yakut-tasli-unicorn-kolye-2\/","og_locale":"tr_TR","og_type":"article","og_title":"YAKUT TA\u015eLI UN\u0130CORN KOLYE - Astrolog Elvan","og_description":"*Yakut g\u00fc\u00e7 ta\u015f\u0131d\u0131r. Astrolojide Mars gezegeninin ta\u015f\u0131 olarak g\u00f6r\u00fcl\u00fcr. Ki\u015finin do\u011fum haritas\u0131nda Mars\u2019\u0131 Retro ise ya da zay\u0131f bir bur\u00e7ta (Mars Terazi, Bo\u011fa, Yenge\u00e7) mutlaka ki\u015fi \u00fczerinde ta\u015f\u0131mal\u0131d\u0131r.  Ki\u015fiye hem koruma hem de ruhsal ve fiziksel g\u00fc\u00e7 verir. Ki\u015fiyi kavga ortam\u0131ndan ve ruhsal gerginlikten uzakla\u015ft\u0131r\u0131r. Mars Retrolar\u0131 zaman\u0131nda takmak \u00e7ok faydal\u0131d\u0131r.  Yakut ta\u015f\u0131n\u0131n do\u011fumu kolayla\u015ft\u0131rd\u0131\u011f\u0131na inan\u0131l\u0131r. Zor zamanlardan ge\u00e7en ve deste\u011fe, g\u00fcce ihtiyac\u0131 olan annelerin enerjilerini y\u00fckselten g\u00fc\u00e7l\u00fc bir ta\u015ft\u0131r.  Kad\u0131nlarda adet d\u00fczenine yard\u0131mc\u0131 olur. Reglin ya\u015fatt\u0131\u011f\u0131 gerginli\u011fi \u00e7\u00f6zer, v\u00fccudunda demir eksikli\u011fi olanlar\u0131n da kullanmas\u0131 \u00f6nerilir.  Menopoz d\u00f6neminin daha rahat ge\u00e7mesini sa\u011flar.  \u0130mmun sistemini kuvvetlendirir. Renginden dolay\u0131 kan ile ba\u011flant\u0131l\u0131d\u0131r ve kan dola\u015f\u0131m\u0131n\u0131 dengeye soktu\u011funa inan\u0131l\u0131r.  Yakutu \u00fczerinde ta\u015f\u0131yan ki\u015fiye \u00f6zg\u00fcven ve cesaret katar.  *B\u00fct\u00fcn unicornlar (tek boynuzlu atlar) ayd\u0131nlanmam\u0131za yard\u0131mc\u0131 olur ve daha y\u00fcksek boyutlara ge\u00e7memizi sa\u011flar.  Unicornlar kozmik d\u00fczeyde bir grup bilincidir. K\u00e2inat\u0131n etraf\u0131nda dola\u015f\u0131p ne\u015fe ve bereket sa\u00e7an saf elmas beyaz\u0131 renginde yo\u011fun bir \u0131\u015f\u0131k k\u00fcmesi hayal edin. Bu, unicorn enerjisidir. Bu unicorn kolye sana temiz kalple ve b\u00fct\u00fcn\u00fcn hayr\u0131na diledi\u011fin her dile\u011fini getirmeye yard\u0131mc\u0131 olacak.  \u00dczerinde ta\u015f\u0131d\u0131\u011f\u0131n s\u00fcrece daha y\u00fcksek bir kozmik enerji alan\u0131nda oldu\u011funu fark edeceksin.  Unicornlar tamamen ayd\u0131nlanm\u0131\u015ft\u0131r, bu sebeple al\u0131nlar\u0131ndaki \u00fc\u00e7\u00fcnc\u00fc g\u00f6z sonuna kadar a\u00e7\u0131kt\u0131r ve o kadar parlak bir \u0131\u015f\u0131k sa\u00e7ar ki bu \u0131\u015f\u0131k kat\u0131 bir cisim gibi g\u00f6r\u00fcn\u00fcr ve spiral bir boynuz \u015feklini al\u0131r. Unicorn kolyeni takt\u0131k\u00e7a 3. g\u00f6z\u00fcn\u00fcn de aktive oldu\u011funu g\u00f6receksin. Unicorn enerjisi ile hayat\u0131na mucizeleri \u00e7ekmeye haz\u0131rs\u0131n. 777","og_url":"https:\/\/astrologelvan.com\/magaza\/urun\/925-ayar-yakut-tasli-unicorn-kolye-2\/","og_site_name":"Astrolog Elvan","article_modified_time":"2025-11-29T18:19:24+00:00","og_image":[{"width":1600,"height":1600,"url":"https:\/\/astrologelvan.com\/magaza\/wp-content\/uploads\/2024\/03\/1-24.jpg","type":"image\/jpeg"}],"twitter_card":"summary_large_image","twitter_misc":{"Tahmini okuma s\u00fcresi":"1 dakika"},"schema":{"@context":"https:\/\/schema.org","@graph":[{"@type":["WebPage","ItemPage"],"@id":"https:\/\/astrologelvan.com\/magaza\/urun\/925-ayar-yakut-tasli-unicorn-kolye-2\/","url":"https:\/\/astrologelvan.com\/magaza\/urun\/925-ayar-yakut-tasli-unicorn-kolye-2\/","name":"YAKUT TA\u015eLI UN\u0130CORN KOLYE - Astrolog Elvan","isPartOf":{"@id":"https:\/\/astrologelvan.com\/magaza\/#website"},"primaryImageOfPage":{"@id":"https:\/\/astrologelvan.com\/magaza\/urun\/925-ayar-yakut-tasli-unicorn-kolye-2\/#primaryimage"},"image":{"@id":"https:\/\/astrologelvan.com\/magaza\/urun\/925-ayar-yakut-tasli-unicorn-kolye-2\/#primaryimage"},"thumbnailUrl":"https:\/\/astrologelvan.com\/magaza\/wp-content\/uploads\/2024\/03\/1-24.jpg","datePublished":"2024-03-15T12:58:35+00:00","dateModified":"2025-11-29T18:19:24+00:00","breadcrumb":{"@id":"https:\/\/astrologelvan.com\/magaza\/urun\/925-ayar-yakut-tasli-unicorn-kolye-2\/#breadcrumb"},"inLanguage":"tr","potentialAction":[{"@type":"ReadAction","target":["https:\/\/astrologelvan.com\/magaza\/urun\/925-ayar-yakut-tasli-unicorn-kolye-2\/"]}]},{"@type":"ImageObject","inLanguage":"tr","@id":"https:\/\/astrologelvan.com\/magaza\/urun\/925-ayar-yakut-tasli-unicorn-kolye-2\/#primaryimage","url":"https:\/\/astrologelvan.com\/magaza\/wp-content\/uploads\/2024\/03\/1-24.jpg","contentUrl":"https:\/\/astrologelvan.com\/magaza\/wp-content\/uploads\/2024\/03\/1-24.jpg","width":1600,"height":1600},{"@type":"BreadcrumbList","@id":"https:\/\/astrologelvan.com\/magaza\/urun\/925-ayar-yakut-tasli-unicorn-kolye-2\/#breadcrumb","itemListElement":[{"@type":"ListItem","position":1,"name":"Anasayfa","item":"https:\/\/astrologelvan.com\/magaza\/"},{"@type":"ListItem","position":2,"name":"Ma\u011faza","item":"https:\/\/astrologelvan.com\/magaza\/magaza\/"},{"@type":"ListItem","position":3,"name":"YAKUT TA\u015eLI UN\u0130CORN KOLYE"}]},{"@type":"WebSite","@id":"https:\/\/astrologelvan.com\/magaza\/#website","url":"https:\/\/astrologelvan.com\/magaza\/","name":"Astrolog Elvan","description":"","potentialAction":[{"@type":"SearchAction","target":{"@type":"EntryPoint","urlTemplate":"https:\/\/astrologelvan.com\/magaza\/?s={search_term_string}"},"query-input":{"@type":"PropertyValueSpecification","valueRequired":true,"valueName":"search_term_string"}}],"inLanguage":"tr"}]}},"_links":{"self":[{"href":"https:\/\/astrologelvan.com\/magaza\/wp-json\/wp\/v2\/product\/3346","targetHints":{"allow":["GET"]}}],"collection":[{"href":"https:\/\/astrologelvan.com\/magaza\/wp-json\/wp\/v2\/product"}],"about":[{"href":"https:\/\/astrologelvan.com\/magaza\/wp-json\/wp\/v2\/types\/product"}],"replies":[{"embeddable":true,"href":"https:\/\/astrologelvan.com\/magaza\/wp-json\/wp\/v2\/comments?post=3346"}],"wp:featuredmedia":[{"embeddable":true,"href":"https:\/\/astrologelvan.com\/magaza\/wp-json\/wp\/v2\/media\/5556"}],"wp:attachment":[{"href":"https:\/\/astrologelvan.com\/magaza\/wp-json\/wp\/v2\/media?parent=3346"}],"wp:term":[{"taxonomy":"product_brand","embeddable":true,"href":"https:\/\/astrologelvan.com\/magaza\/wp-json\/wp\/v2\/product_brand?post=3346"},{"taxonomy":"product_cat","embeddable":true,"href":"https:\/\/astrologelvan.com\/magaza\/wp-json\/wp\/v2\/product_cat?post=3346"},{"taxonomy":"product_tag","embeddable":true,"href":"https:\/\/astrologelvan.com\/magaza\/wp-json\/wp\/v2\/product_tag?post=3346"}],"curies":[{"name":"wp","href":"https:\/\/api.w.org\/{rel}","templated":true}]}}