{"id":30765,"date":"2025-01-03T18:06:38","date_gmt":"2025-01-03T15:06:38","guid":{"rendered":"https:\/\/astrologelvan.com\/magaza\/?post_type=product&#038;p=30765"},"modified":"2025-12-30T14:58:52","modified_gmt":"2025-12-30T11:58:52","slug":"cam-sitrin-kadin-kolye-sinirli-sayida-uretim","status":"publish","type":"product","link":"https:\/\/astrologelvan.com\/magaza\/urun\/cam-sitrin-kadin-kolye-sinirli-sayida-uretim\/","title":{"rendered":"CAM S\u0130TR\u0130N KADIN KOLYE SINIRLI SAYIDA \u00dcRET\u0130M"},"content":{"rendered":"","protected":false},"excerpt":{"rendered":"<p>Bu kolye, tamamen el yap\u0131m\u0131d\u0131r. Her bir mont\u00fcr ayr\u0131 ayr\u0131 i\u015flenmi\u015ftir. Hem kad\u0131n hem erkek i\u00e7in bolluk, bereket ve b\u00fcy\u00fcme sembol\u00fc olarak kullan\u0131labilir. Cam Sitrin Limited Edition G\u00fcm\u00fc\u015f Kolye&#8217;yi alan herkesin alan\u0131nda; hayat\u0131n her alan\u0131nda bolluk, bereket, refah ve b\u00fcy\u00fcme i\u00e7erisinde olman\u0131n hisleri y\u00fcklenecektir. Yeni bir y\u0131la ba\u015flarken, b\u00fcy\u00fcmesini istedi\u011finiz her i\u015fe ba\u015flarken bu kolyeyi takabilirsiniz.<\/p>\n","protected":false},"featured_media":93655,"comment_status":"open","ping_status":"closed","template":"","meta":[],"product_brand":[],"product_cat":[465,48,114],"product_tag":[],"class_list":{"0":"post-30765","1":"product","2":"type-product","3":"status-publish","4":"has-post-thumbnail","6":"product_cat-erkek-kolyeler","7":"product_cat-kolyeler","8":"product_cat-limited-edition","10":"first","11":"instock","12":"purchasable","13":"product-type-simple"},"yoast_head":"<!-- This site is optimized with the Yoast SEO plugin v27.3 - https:\/\/yoast.com\/product\/yoast-seo-wordpress\/ -->\n<title>CAM S\u0130TR\u0130N KADIN KOLYE SINIRLI SAYIDA \u00dcRET\u0130M - Astrolog Elvan<\/title>\n<meta name=\"robots\" content=\"index, follow, max-snippet:-1, max-image-preview:large, max-video-preview:-1\" \/>\n<link rel=\"canonical\" href=\"https:\/\/astrologelvan.com\/magaza\/urun\/cam-sitrin-kadin-kolye-sinirli-sayida-uretim\/\" \/>\n<meta property=\"og:locale\" content=\"tr_TR\" \/>\n<meta property=\"og:type\" content=\"article\" \/>\n<meta property=\"og:title\" content=\"CAM S\u0130TR\u0130N KADIN KOLYE SINIRLI SAYIDA \u00dcRET\u0130M - Astrolog Elvan\" \/>\n<meta property=\"og:description\" content=\"Bu kolye, tamamen el yap\u0131m\u0131d\u0131r. Her bir mont\u00fcr ayr\u0131 ayr\u0131 i\u015flenmi\u015ftir. Hem kad\u0131n hem erkek i\u00e7in bolluk, bereket ve b\u00fcy\u00fcme sembol\u00fc olarak kullan\u0131labilir. Cam Sitrin Limited Edition G\u00fcm\u00fc\u015f Kolye&#039;yi alan herkesin alan\u0131nda; hayat\u0131n her alan\u0131nda bolluk, bereket, refah ve b\u00fcy\u00fcme i\u00e7erisinde olman\u0131n hisleri y\u00fcklenecektir. Yeni bir y\u0131la ba\u015flarken, b\u00fcy\u00fcmesini istedi\u011finiz her i\u015fe ba\u015flarken bu kolyeyi takabilirsiniz.\" \/>\n<meta property=\"og:url\" content=\"https:\/\/astrologelvan.com\/magaza\/urun\/cam-sitrin-kadin-kolye-sinirli-sayida-uretim\/\" \/>\n<meta property=\"og:site_name\" content=\"Astrolog Elvan\" \/>\n<meta property=\"article:modified_time\" content=\"2025-12-30T11:58:52+00:00\" \/>\n<meta property=\"og:image\" content=\"https:\/\/astrologelvan.com\/magaza\/wp-content\/uploads\/2025\/01\/Untitled-Session0036.jpg\" \/>\n\t<meta property=\"og:image:width\" content=\"591\" \/>\n\t<meta property=\"og:image:height\" content=\"887\" \/>\n\t<meta property=\"og:image:type\" content=\"image\/jpeg\" \/>\n<meta name=\"twitter:card\" content=\"summary_large_image\" \/>\n<meta name=\"twitter:label1\" content=\"Tahmini okuma s\u00fcresi\" \/>\n\t<meta name=\"twitter:data1\" content=\"1 dakika\" \/>\n<script type=\"application\/ld+json\" class=\"yoast-schema-graph\">{\"@context\":\"https:\\\/\\\/schema.org\",\"@graph\":[{\"@type\":[\"WebPage\",\"ItemPage\"],\"@id\":\"https:\\\/\\\/astrologelvan.com\\\/magaza\\\/urun\\\/cam-sitrin-kadin-kolye-sinirli-sayida-uretim\\\/\",\"url\":\"https:\\\/\\\/astrologelvan.com\\\/magaza\\\/urun\\\/cam-sitrin-kadin-kolye-sinirli-sayida-uretim\\\/\",\"name\":\"CAM S\u0130TR\u0130N KADIN KOLYE SINIRLI SAYIDA \u00dcRET\u0130M - Astrolog Elvan\",\"isPartOf\":{\"@id\":\"https:\\\/\\\/astrologelvan.com\\\/magaza\\\/#website\"},\"primaryImageOfPage\":{\"@id\":\"https:\\\/\\\/astrologelvan.com\\\/magaza\\\/urun\\\/cam-sitrin-kadin-kolye-sinirli-sayida-uretim\\\/#primaryimage\"},\"image\":{\"@id\":\"https:\\\/\\\/astrologelvan.com\\\/magaza\\\/urun\\\/cam-sitrin-kadin-kolye-sinirli-sayida-uretim\\\/#primaryimage\"},\"thumbnailUrl\":\"https:\\\/\\\/astrologelvan.com\\\/magaza\\\/wp-content\\\/uploads\\\/2025\\\/01\\\/Untitled-Session0036.jpg\",\"datePublished\":\"2025-01-03T15:06:38+00:00\",\"dateModified\":\"2025-12-30T11:58:52+00:00\",\"breadcrumb\":{\"@id\":\"https:\\\/\\\/astrologelvan.com\\\/magaza\\\/urun\\\/cam-sitrin-kadin-kolye-sinirli-sayida-uretim\\\/#breadcrumb\"},\"inLanguage\":\"tr\",\"potentialAction\":[{\"@type\":\"ReadAction\",\"target\":[\"https:\\\/\\\/astrologelvan.com\\\/magaza\\\/urun\\\/cam-sitrin-kadin-kolye-sinirli-sayida-uretim\\\/\"]}]},{\"@type\":\"ImageObject\",\"inLanguage\":\"tr\",\"@id\":\"https:\\\/\\\/astrologelvan.com\\\/magaza\\\/urun\\\/cam-sitrin-kadin-kolye-sinirli-sayida-uretim\\\/#primaryimage\",\"url\":\"https:\\\/\\\/astrologelvan.com\\\/magaza\\\/wp-content\\\/uploads\\\/2025\\\/01\\\/Untitled-Session0036.jpg\",\"contentUrl\":\"https:\\\/\\\/astrologelvan.com\\\/magaza\\\/wp-content\\\/uploads\\\/2025\\\/01\\\/Untitled-Session0036.jpg\",\"width\":591,\"height\":887},{\"@type\":\"BreadcrumbList\",\"@id\":\"https:\\\/\\\/astrologelvan.com\\\/magaza\\\/urun\\\/cam-sitrin-kadin-kolye-sinirli-sayida-uretim\\\/#breadcrumb\",\"itemListElement\":[{\"@type\":\"ListItem\",\"position\":1,\"name\":\"Anasayfa\",\"item\":\"https:\\\/\\\/astrologelvan.com\\\/magaza\\\/\"},{\"@type\":\"ListItem\",\"position\":2,\"name\":\"Ma\u011faza\",\"item\":\"https:\\\/\\\/astrologelvan.com\\\/magaza\\\/magaza\\\/\"},{\"@type\":\"ListItem\",\"position\":3,\"name\":\"CAM S\u0130TR\u0130N KADIN KOLYE SINIRLI SAYIDA \u00dcRET\u0130M\"}]},{\"@type\":\"WebSite\",\"@id\":\"https:\\\/\\\/astrologelvan.com\\\/magaza\\\/#website\",\"url\":\"https:\\\/\\\/astrologelvan.com\\\/magaza\\\/\",\"name\":\"Astrolog Elvan\",\"description\":\"\",\"potentialAction\":[{\"@type\":\"SearchAction\",\"target\":{\"@type\":\"EntryPoint\",\"urlTemplate\":\"https:\\\/\\\/astrologelvan.com\\\/magaza\\\/?s={search_term_string}\"},\"query-input\":{\"@type\":\"PropertyValueSpecification\",\"valueRequired\":true,\"valueName\":\"search_term_string\"}}],\"inLanguage\":\"tr\"}]}<\/script>\n<!-- \/ Yoast SEO plugin. -->","yoast_head_json":{"title":"CAM S\u0130TR\u0130N KADIN KOLYE SINIRLI SAYIDA \u00dcRET\u0130M - Astrolog Elvan","robots":{"index":"index","follow":"follow","max-snippet":"max-snippet:-1","max-image-preview":"max-image-preview:large","max-video-preview":"max-video-preview:-1"},"canonical":"https:\/\/astrologelvan.com\/magaza\/urun\/cam-sitrin-kadin-kolye-sinirli-sayida-uretim\/","og_locale":"tr_TR","og_type":"article","og_title":"CAM S\u0130TR\u0130N KADIN KOLYE SINIRLI SAYIDA \u00dcRET\u0130M - Astrolog Elvan","og_description":"Bu kolye, tamamen el yap\u0131m\u0131d\u0131r. Her bir mont\u00fcr ayr\u0131 ayr\u0131 i\u015flenmi\u015ftir. Hem kad\u0131n hem erkek i\u00e7in bolluk, bereket ve b\u00fcy\u00fcme sembol\u00fc olarak kullan\u0131labilir. Cam Sitrin Limited Edition G\u00fcm\u00fc\u015f Kolye'yi alan herkesin alan\u0131nda; hayat\u0131n her alan\u0131nda bolluk, bereket, refah ve b\u00fcy\u00fcme i\u00e7erisinde olman\u0131n hisleri y\u00fcklenecektir. Yeni bir y\u0131la ba\u015flarken, b\u00fcy\u00fcmesini istedi\u011finiz her i\u015fe ba\u015flarken bu kolyeyi takabilirsiniz.","og_url":"https:\/\/astrologelvan.com\/magaza\/urun\/cam-sitrin-kadin-kolye-sinirli-sayida-uretim\/","og_site_name":"Astrolog Elvan","article_modified_time":"2025-12-30T11:58:52+00:00","og_image":[{"width":591,"height":887,"url":"https:\/\/astrologelvan.com\/magaza\/wp-content\/uploads\/2025\/01\/Untitled-Session0036.jpg","type":"image\/jpeg"}],"twitter_card":"summary_large_image","twitter_misc":{"Tahmini okuma s\u00fcresi":"1 dakika"},"schema":{"@context":"https:\/\/schema.org","@graph":[{"@type":["WebPage","ItemPage"],"@id":"https:\/\/astrologelvan.com\/magaza\/urun\/cam-sitrin-kadin-kolye-sinirli-sayida-uretim\/","url":"https:\/\/astrologelvan.com\/magaza\/urun\/cam-sitrin-kadin-kolye-sinirli-sayida-uretim\/","name":"CAM S\u0130TR\u0130N KADIN KOLYE SINIRLI SAYIDA \u00dcRET\u0130M - Astrolog Elvan","isPartOf":{"@id":"https:\/\/astrologelvan.com\/magaza\/#website"},"primaryImageOfPage":{"@id":"https:\/\/astrologelvan.com\/magaza\/urun\/cam-sitrin-kadin-kolye-sinirli-sayida-uretim\/#primaryimage"},"image":{"@id":"https:\/\/astrologelvan.com\/magaza\/urun\/cam-sitrin-kadin-kolye-sinirli-sayida-uretim\/#primaryimage"},"thumbnailUrl":"https:\/\/astrologelvan.com\/magaza\/wp-content\/uploads\/2025\/01\/Untitled-Session0036.jpg","datePublished":"2025-01-03T15:06:38+00:00","dateModified":"2025-12-30T11:58:52+00:00","breadcrumb":{"@id":"https:\/\/astrologelvan.com\/magaza\/urun\/cam-sitrin-kadin-kolye-sinirli-sayida-uretim\/#breadcrumb"},"inLanguage":"tr","potentialAction":[{"@type":"ReadAction","target":["https:\/\/astrologelvan.com\/magaza\/urun\/cam-sitrin-kadin-kolye-sinirli-sayida-uretim\/"]}]},{"@type":"ImageObject","inLanguage":"tr","@id":"https:\/\/astrologelvan.com\/magaza\/urun\/cam-sitrin-kadin-kolye-sinirli-sayida-uretim\/#primaryimage","url":"https:\/\/astrologelvan.com\/magaza\/wp-content\/uploads\/2025\/01\/Untitled-Session0036.jpg","contentUrl":"https:\/\/astrologelvan.com\/magaza\/wp-content\/uploads\/2025\/01\/Untitled-Session0036.jpg","width":591,"height":887},{"@type":"BreadcrumbList","@id":"https:\/\/astrologelvan.com\/magaza\/urun\/cam-sitrin-kadin-kolye-sinirli-sayida-uretim\/#breadcrumb","itemListElement":[{"@type":"ListItem","position":1,"name":"Anasayfa","item":"https:\/\/astrologelvan.com\/magaza\/"},{"@type":"ListItem","position":2,"name":"Ma\u011faza","item":"https:\/\/astrologelvan.com\/magaza\/magaza\/"},{"@type":"ListItem","position":3,"name":"CAM S\u0130TR\u0130N KADIN KOLYE SINIRLI SAYIDA \u00dcRET\u0130M"}]},{"@type":"WebSite","@id":"https:\/\/astrologelvan.com\/magaza\/#website","url":"https:\/\/astrologelvan.com\/magaza\/","name":"Astrolog Elvan","description":"","potentialAction":[{"@type":"SearchAction","target":{"@type":"EntryPoint","urlTemplate":"https:\/\/astrologelvan.com\/magaza\/?s={search_term_string}"},"query-input":{"@type":"PropertyValueSpecification","valueRequired":true,"valueName":"search_term_string"}}],"inLanguage":"tr"}]}},"_links":{"self":[{"href":"https:\/\/astrologelvan.com\/magaza\/wp-json\/wp\/v2\/product\/30765","targetHints":{"allow":["GET"]}}],"collection":[{"href":"https:\/\/astrologelvan.com\/magaza\/wp-json\/wp\/v2\/product"}],"about":[{"href":"https:\/\/astrologelvan.com\/magaza\/wp-json\/wp\/v2\/types\/product"}],"replies":[{"embeddable":true,"href":"https:\/\/astrologelvan.com\/magaza\/wp-json\/wp\/v2\/comments?post=30765"}],"wp:featuredmedia":[{"embeddable":true,"href":"https:\/\/astrologelvan.com\/magaza\/wp-json\/wp\/v2\/media\/93655"}],"wp:attachment":[{"href":"https:\/\/astrologelvan.com\/magaza\/wp-json\/wp\/v2\/media?parent=30765"}],"wp:term":[{"taxonomy":"product_brand","embeddable":true,"href":"https:\/\/astrologelvan.com\/magaza\/wp-json\/wp\/v2\/product_brand?post=30765"},{"taxonomy":"product_cat","embeddable":true,"href":"https:\/\/astrologelvan.com\/magaza\/wp-json\/wp\/v2\/product_cat?post=30765"},{"taxonomy":"product_tag","embeddable":true,"href":"https:\/\/astrologelvan.com\/magaza\/wp-json\/wp\/v2\/product_tag?post=30765"}],"curies":[{"name":"wp","href":"https:\/\/api.w.org\/{rel}","templated":true}]}}