{"id":299,"date":"2024-02-28T02:14:52","date_gmt":"2024-02-27T23:14:52","guid":{"rendered":"https:\/\/astrologelvan.shop\/?post_type=product&#038;p=299"},"modified":"2026-04-01T11:55:58","modified_gmt":"2026-04-01T08:55:58","slug":"silindir-form-lepidolit-bagimlilik-tasi","status":"publish","type":"product","link":"https:\/\/astrologelvan.com\/magaza\/urun\/silindir-form-lepidolit-bagimlilik-tasi\/","title":{"rendered":"LEP\u0130DOL\u0130T (BA\u011eIMLILIK TA\u015eI) S\u0130L\u0130ND\u0130R FORM"},"content":{"rendered":"<p>Do\u011fal ta\u015f kolyelerimizin tasar\u0131mlar\u0131nda do\u011frudan cilde temas etmesini sa\u011fl\u0131yoruz. B\u00f6ylece do\u011fal ta\u015f kolyenizi takt\u0131k\u00e7a v\u00fccudunuzun titre\u015fimlerine ba\u011flan\u0131r ve size denge ve uyum getirir.<\/p>\n<p>&nbsp;<\/p>\n<p>&nbsp;<\/p>\n<p><strong>Tak\u0131lar\u0131n\u0131z\u0131n uzun s\u00fcre kullanabilmesi i\u00e7in; Parf\u00fcm, su, s\u0131v\u0131, dezenfektan, krem v.b. gibi maddelerle temas etmemesi, du\u015f-banyo s\u0131ras\u0131nda \u00e7\u0131kart\u0131lmas\u0131 gerekmektedir. Ki\u015finin ter-ten yap\u0131s\u0131na g\u00f6re de etkilenmektedir. Tak\u0131lar\u0131n\u0131z\u0131 kullanmad\u0131\u011f\u0131n\u0131z zamanlarda kesesinde saklaman\u0131z\u0131 \u00f6neririz.<\/strong><\/p>\n<p><strong>Do\u011fal ta\u015flar\u0131n belirli titre\u015fimlere ve frekanslara sahip oldu\u011fu bilinmektedir. Bu nedenle v\u00fccudumuzda ve auram\u0131zda birtak\u0131m iyi etkileri oldu\u011fu s\u00f6ylenmektedir. Ta\u015flar\u0131n \u00f6zelliklerinin bilimsel kesinli\u011fi yoktur. Astrologelvan ma\u011fazas\u0131ndaki t\u00fcm ta\u015flar orijinal, ger\u00e7ek do\u011fal ta\u015flard\u0131r. T\u0131bbi konularda doktora dan\u0131\u015fman\u0131z\u0131 tavsiye ederiz. Ta\u015flar\u0131n tedavi edici \u00f6zelli\u011fi yoktur, sadece ki\u015fisel enerjimizi y\u00fckseltmekte ve astrolojik olarak da temsil etti\u011fi gezegenlerin etkilerini artt\u0131rmakta oldu\u011fu kabul edilir. \u00d6rne\u011fin; pembe kuvars ta\u015f\u0131 a\u015fk ve sevgi gezegeni Ven\u00fcs&#8217;\u00fcn ta\u015f\u0131d\u0131r ve bu sebeple \u00fczerinde ta\u015f\u0131yan ki\u015finin a\u015fk ve sevgi frekans\u0131n\u0131 y\u00fckseltti\u011fi bilinir.<\/strong><\/p>\n<h3><\/h3>\n<h3>Lepidolit (Ba\u011f\u0131ml\u0131l\u0131k Ta\u015f\u0131) \u00d6zellikleri ve Faydalar\u0131<\/h3>\n<p class=\"p1\">Kanada, \u00c7ek Cumhuriyeti, Brezilya, Japonya, Almanya, \u0130sve\u00e7 ve Rusya\u2019dan \u00e7\u0131kar\u0131l\u0131r. \u0130lk \u00e7\u0131kar\u0131ld\u0131\u011f\u0131nda, lavanta rengine sahip oldu\u011fu i\u00e7in \u201cliliat\u201d olarak adland\u0131r\u0131l\u0131rd\u0131. Sonra Mika\u015fist ya da lepidolit olarak de\u011fi\u015ftirildi. Mikra mineral grubunun bir \u00fcyesi olan lepidolit renkleri mor ve leylak tonlar\u0131 aras\u0131nda de\u011fi\u015fir. Dikit form mika\u015fist ta\u015f\u0131, titanyumla renklendirilmi\u015ftir. O sebeple yanar d\u00f6ner bir renge b\u00fcr\u00fcnm\u00fc\u015ft\u00fcr.<\/p>\n<p class=\"p1\">Mika\u015fist ta\u015f\u0131, t\u0131pk\u0131 Labradorit gibi enerjisi olduk\u00e7a y\u00fcksel bir ta\u015ft\u0131r. Spirit\u00fcel \u00e7al\u0131\u015fmalarda, ta\u00e7 \u00e7akra t\u0131kan\u0131kl\u0131klar\u0131 i\u00e7in, rit\u00fcellerde kozmik enerji ile ba\u011f kurmak i\u00e7in kullan\u0131l\u0131r. Yapt\u0131\u011f\u0131n\u0131z rit\u00fcelde mika\u015fist ta\u015f\u0131n\u0131 da 10 dakika boyunca elinizde tutarak enerji alan\u0131n\u0131z\u0131 geni\u015fletebilir, rit\u00fcelin frekans\u0131na daha h\u0131zl\u0131 y\u00fckselebilirsiniz.<\/p>\n<p class=\"p1\">Ayr\u0131ca, duygusal travmalarda derin duygusal iyile\u015fmeye, kalp \u00e7akras\u0131n\u0131 dengelemeye, ki\u015fiyi sakinle\u015ftirmeye yard\u0131mc\u0131 olur.<\/p>\n<p class=\"p1\">Ta\u015f\u0131n\u0131z\u0131 yatarken ba\u015fucunuzda da tutabilirsiniz, \u00e7antan\u0131zda ta\u015f\u0131yabilir ya da oturdu\u011funuz odada muhafaza edebilirsiniz. Kullanmadan \u00f6nce ada\u00e7ay\u0131 ile t\u00fcts\u00fcleyin.<\/p>\n","protected":false},"excerpt":{"rendered":"<p><strong>Lepidolit \u2013 Lepidolite (Ba\u011f\u0131ml\u0131l\u0131k Ta\u015f\u0131)<\/strong><\/p>\n<p>Lepidolit Ta\u015f\u0131, insan\u0131n ba\u011f\u0131ml\u0131l\u0131k ve tiryakilik hissiyat\u0131ndan kurtulmas\u0131na yard\u0131mc\u0131 olur. Genellikle bipolar, \u015fizofreni, depresyon gibi psikolojik rahats\u0131zl\u0131klarda ki\u015finin rahatlamas\u0131 i\u00e7in destekleyici olarak kullan\u0131labilir. Sinir sistemi \u00fczerinde olumlu etkisi vard\u0131r. Depresyon tedavisinde yard\u0131mc\u0131 olur.<\/p>\n","protected":false},"featured_media":10274,"comment_status":"closed","ping_status":"closed","template":"","meta":[],"product_brand":[596],"product_cat":[58,48,7455],"product_tag":[39,157,40,63,158,101,159],"class_list":{"0":"post-299","1":"product","2":"type-product","3":"status-publish","4":"has-post-thumbnail","6":"product_brand-astrolog-elvan","7":"product_cat-kabuslariniz-icin-dogal-taslar","8":"product_cat-kolyeler","9":"product_cat--kolyeler","10":"product_tag-astrolog-elvan","11":"product_tag-bagimlilik-tasi","12":"product_tag-dogal-tas","13":"product_tag-dogal-tas-kolye","14":"product_tag-lepidolit-kolye","15":"product_tag-lepidolit-tasi","16":"product_tag-lepidolite","18":"first","19":"instock","20":"featured","21":"taxable","22":"shipping-taxable","23":"purchasable","24":"product-type-simple"},"yoast_head":"<!-- This site is optimized with the Yoast SEO plugin v27.3 - https:\/\/yoast.com\/product\/yoast-seo-wordpress\/ -->\n<title>LEP\u0130DOL\u0130T (BA\u011eIMLILIK TA\u015eI) S\u0130L\u0130ND\u0130R FORM - Astrolog Elvan<\/title>\n<meta name=\"description\" content=\"Lepidolit Ta\u015f\u0131, insan\u0131n ba\u011f\u0131ml\u0131l\u0131k ve tiryakilik hissiyat\u0131ndan kurtulmas\u0131na yard\u0131mc\u0131 olur. Genellikle bipolar, \u015fizofreni, depresyon gibi psikolojik rahats\u0131zl\u0131klara iyi gelir. Sinir sistemi \u00fczerinde olumlu etkisi vard\u0131r. Depresyon tedavisinde yard\u0131mc\u0131 olur.\" \/>\n<meta name=\"robots\" content=\"index, follow, max-snippet:-1, max-image-preview:large, max-video-preview:-1\" \/>\n<link rel=\"canonical\" href=\"https:\/\/astrologelvan.com\/magaza\/urun\/silindir-form-lepidolit-bagimlilik-tasi\/\" \/>\n<meta property=\"og:locale\" content=\"tr_TR\" \/>\n<meta property=\"og:type\" content=\"article\" \/>\n<meta property=\"og:title\" content=\"LEP\u0130DOL\u0130T (BA\u011eIMLILIK TA\u015eI) S\u0130L\u0130ND\u0130R FORM - Astrolog Elvan\" \/>\n<meta property=\"og:description\" content=\"Lepidolit Ta\u015f\u0131, insan\u0131n ba\u011f\u0131ml\u0131l\u0131k ve tiryakilik hissiyat\u0131ndan kurtulmas\u0131na yard\u0131mc\u0131 olur. Genellikle bipolar, \u015fizofreni, depresyon gibi psikolojik rahats\u0131zl\u0131klara iyi gelir. Sinir sistemi \u00fczerinde olumlu etkisi vard\u0131r. Depresyon tedavisinde yard\u0131mc\u0131 olur.\" \/>\n<meta property=\"og:url\" content=\"https:\/\/astrologelvan.com\/magaza\/urun\/silindir-form-lepidolit-bagimlilik-tasi\/\" \/>\n<meta property=\"og:site_name\" content=\"Astrolog Elvan\" \/>\n<meta property=\"article:modified_time\" content=\"2026-04-01T08:55:58+00:00\" \/>\n<meta property=\"og:image\" content=\"https:\/\/astrologelvan.com\/magaza\/wp-content\/uploads\/2024\/02\/1-157-scaled.jpg\" \/>\n\t<meta property=\"og:image:width\" content=\"2560\" \/>\n\t<meta property=\"og:image:height\" content=\"2560\" \/>\n\t<meta property=\"og:image:type\" content=\"image\/jpeg\" \/>\n<meta name=\"twitter:card\" content=\"summary_large_image\" \/>\n<meta name=\"twitter:label1\" content=\"Tahmini okuma s\u00fcresi\" \/>\n\t<meta name=\"twitter:data1\" content=\"2 dakika\" \/>\n<script type=\"application\/ld+json\" class=\"yoast-schema-graph\">{\"@context\":\"https:\\\/\\\/schema.org\",\"@graph\":[{\"@type\":[\"WebPage\",\"ItemPage\"],\"@id\":\"https:\\\/\\\/astrologelvan.com\\\/magaza\\\/urun\\\/silindir-form-lepidolit-bagimlilik-tasi\\\/\",\"url\":\"https:\\\/\\\/astrologelvan.com\\\/magaza\\\/urun\\\/silindir-form-lepidolit-bagimlilik-tasi\\\/\",\"name\":\"LEP\u0130DOL\u0130T (BA\u011eIMLILIK TA\u015eI) S\u0130L\u0130ND\u0130R FORM - Astrolog Elvan\",\"isPartOf\":{\"@id\":\"https:\\\/\\\/astrologelvan.com\\\/magaza\\\/#website\"},\"primaryImageOfPage\":{\"@id\":\"https:\\\/\\\/astrologelvan.com\\\/magaza\\\/urun\\\/silindir-form-lepidolit-bagimlilik-tasi\\\/#primaryimage\"},\"image\":{\"@id\":\"https:\\\/\\\/astrologelvan.com\\\/magaza\\\/urun\\\/silindir-form-lepidolit-bagimlilik-tasi\\\/#primaryimage\"},\"thumbnailUrl\":\"https:\\\/\\\/astrologelvan.com\\\/magaza\\\/wp-content\\\/uploads\\\/2024\\\/02\\\/1-157-scaled.jpg\",\"datePublished\":\"2024-02-27T23:14:52+00:00\",\"dateModified\":\"2026-04-01T08:55:58+00:00\",\"description\":\"Lepidolit Ta\u015f\u0131, insan\u0131n ba\u011f\u0131ml\u0131l\u0131k ve tiryakilik hissiyat\u0131ndan kurtulmas\u0131na yard\u0131mc\u0131 olur. Genellikle bipolar, \u015fizofreni, depresyon gibi psikolojik rahats\u0131zl\u0131klara iyi gelir. Sinir sistemi \u00fczerinde olumlu etkisi vard\u0131r. Depresyon tedavisinde yard\u0131mc\u0131 olur.\",\"breadcrumb\":{\"@id\":\"https:\\\/\\\/astrologelvan.com\\\/magaza\\\/urun\\\/silindir-form-lepidolit-bagimlilik-tasi\\\/#breadcrumb\"},\"inLanguage\":\"tr\",\"potentialAction\":[{\"@type\":\"ReadAction\",\"target\":[\"https:\\\/\\\/astrologelvan.com\\\/magaza\\\/urun\\\/silindir-form-lepidolit-bagimlilik-tasi\\\/\"]}]},{\"@type\":\"ImageObject\",\"inLanguage\":\"tr\",\"@id\":\"https:\\\/\\\/astrologelvan.com\\\/magaza\\\/urun\\\/silindir-form-lepidolit-bagimlilik-tasi\\\/#primaryimage\",\"url\":\"https:\\\/\\\/astrologelvan.com\\\/magaza\\\/wp-content\\\/uploads\\\/2024\\\/02\\\/1-157-scaled.jpg\",\"contentUrl\":\"https:\\\/\\\/astrologelvan.com\\\/magaza\\\/wp-content\\\/uploads\\\/2024\\\/02\\\/1-157-scaled.jpg\",\"width\":2560,\"height\":2560},{\"@type\":\"BreadcrumbList\",\"@id\":\"https:\\\/\\\/astrologelvan.com\\\/magaza\\\/urun\\\/silindir-form-lepidolit-bagimlilik-tasi\\\/#breadcrumb\",\"itemListElement\":[{\"@type\":\"ListItem\",\"position\":1,\"name\":\"Anasayfa\",\"item\":\"https:\\\/\\\/astrologelvan.com\\\/magaza\\\/\"},{\"@type\":\"ListItem\",\"position\":2,\"name\":\"Ma\u011faza\",\"item\":\"https:\\\/\\\/astrologelvan.com\\\/magaza\\\/magaza\\\/\"},{\"@type\":\"ListItem\",\"position\":3,\"name\":\"LEP\u0130DOL\u0130T (BA\u011eIMLILIK TA\u015eI) S\u0130L\u0130ND\u0130R FORM\"}]},{\"@type\":\"WebSite\",\"@id\":\"https:\\\/\\\/astrologelvan.com\\\/magaza\\\/#website\",\"url\":\"https:\\\/\\\/astrologelvan.com\\\/magaza\\\/\",\"name\":\"Astrolog Elvan\",\"description\":\"\",\"potentialAction\":[{\"@type\":\"SearchAction\",\"target\":{\"@type\":\"EntryPoint\",\"urlTemplate\":\"https:\\\/\\\/astrologelvan.com\\\/magaza\\\/?s={search_term_string}\"},\"query-input\":{\"@type\":\"PropertyValueSpecification\",\"valueRequired\":true,\"valueName\":\"search_term_string\"}}],\"inLanguage\":\"tr\"}]}<\/script>\n<!-- \/ Yoast SEO plugin. -->","yoast_head_json":{"title":"LEP\u0130DOL\u0130T (BA\u011eIMLILIK TA\u015eI) S\u0130L\u0130ND\u0130R FORM - Astrolog Elvan","description":"Lepidolit Ta\u015f\u0131, insan\u0131n ba\u011f\u0131ml\u0131l\u0131k ve tiryakilik hissiyat\u0131ndan kurtulmas\u0131na yard\u0131mc\u0131 olur. Genellikle bipolar, \u015fizofreni, depresyon gibi psikolojik rahats\u0131zl\u0131klara iyi gelir. Sinir sistemi \u00fczerinde olumlu etkisi vard\u0131r. Depresyon tedavisinde yard\u0131mc\u0131 olur.","robots":{"index":"index","follow":"follow","max-snippet":"max-snippet:-1","max-image-preview":"max-image-preview:large","max-video-preview":"max-video-preview:-1"},"canonical":"https:\/\/astrologelvan.com\/magaza\/urun\/silindir-form-lepidolit-bagimlilik-tasi\/","og_locale":"tr_TR","og_type":"article","og_title":"LEP\u0130DOL\u0130T (BA\u011eIMLILIK TA\u015eI) S\u0130L\u0130ND\u0130R FORM - Astrolog Elvan","og_description":"Lepidolit Ta\u015f\u0131, insan\u0131n ba\u011f\u0131ml\u0131l\u0131k ve tiryakilik hissiyat\u0131ndan kurtulmas\u0131na yard\u0131mc\u0131 olur. Genellikle bipolar, \u015fizofreni, depresyon gibi psikolojik rahats\u0131zl\u0131klara iyi gelir. Sinir sistemi \u00fczerinde olumlu etkisi vard\u0131r. Depresyon tedavisinde yard\u0131mc\u0131 olur.","og_url":"https:\/\/astrologelvan.com\/magaza\/urun\/silindir-form-lepidolit-bagimlilik-tasi\/","og_site_name":"Astrolog Elvan","article_modified_time":"2026-04-01T08:55:58+00:00","og_image":[{"width":2560,"height":2560,"url":"https:\/\/astrologelvan.com\/magaza\/wp-content\/uploads\/2024\/02\/1-157-scaled.jpg","type":"image\/jpeg"}],"twitter_card":"summary_large_image","twitter_misc":{"Tahmini okuma s\u00fcresi":"2 dakika"},"schema":{"@context":"https:\/\/schema.org","@graph":[{"@type":["WebPage","ItemPage"],"@id":"https:\/\/astrologelvan.com\/magaza\/urun\/silindir-form-lepidolit-bagimlilik-tasi\/","url":"https:\/\/astrologelvan.com\/magaza\/urun\/silindir-form-lepidolit-bagimlilik-tasi\/","name":"LEP\u0130DOL\u0130T (BA\u011eIMLILIK TA\u015eI) S\u0130L\u0130ND\u0130R FORM - Astrolog Elvan","isPartOf":{"@id":"https:\/\/astrologelvan.com\/magaza\/#website"},"primaryImageOfPage":{"@id":"https:\/\/astrologelvan.com\/magaza\/urun\/silindir-form-lepidolit-bagimlilik-tasi\/#primaryimage"},"image":{"@id":"https:\/\/astrologelvan.com\/magaza\/urun\/silindir-form-lepidolit-bagimlilik-tasi\/#primaryimage"},"thumbnailUrl":"https:\/\/astrologelvan.com\/magaza\/wp-content\/uploads\/2024\/02\/1-157-scaled.jpg","datePublished":"2024-02-27T23:14:52+00:00","dateModified":"2026-04-01T08:55:58+00:00","description":"Lepidolit Ta\u015f\u0131, insan\u0131n ba\u011f\u0131ml\u0131l\u0131k ve tiryakilik hissiyat\u0131ndan kurtulmas\u0131na yard\u0131mc\u0131 olur. Genellikle bipolar, \u015fizofreni, depresyon gibi psikolojik rahats\u0131zl\u0131klara iyi gelir. Sinir sistemi \u00fczerinde olumlu etkisi vard\u0131r. Depresyon tedavisinde yard\u0131mc\u0131 olur.","breadcrumb":{"@id":"https:\/\/astrologelvan.com\/magaza\/urun\/silindir-form-lepidolit-bagimlilik-tasi\/#breadcrumb"},"inLanguage":"tr","potentialAction":[{"@type":"ReadAction","target":["https:\/\/astrologelvan.com\/magaza\/urun\/silindir-form-lepidolit-bagimlilik-tasi\/"]}]},{"@type":"ImageObject","inLanguage":"tr","@id":"https:\/\/astrologelvan.com\/magaza\/urun\/silindir-form-lepidolit-bagimlilik-tasi\/#primaryimage","url":"https:\/\/astrologelvan.com\/magaza\/wp-content\/uploads\/2024\/02\/1-157-scaled.jpg","contentUrl":"https:\/\/astrologelvan.com\/magaza\/wp-content\/uploads\/2024\/02\/1-157-scaled.jpg","width":2560,"height":2560},{"@type":"BreadcrumbList","@id":"https:\/\/astrologelvan.com\/magaza\/urun\/silindir-form-lepidolit-bagimlilik-tasi\/#breadcrumb","itemListElement":[{"@type":"ListItem","position":1,"name":"Anasayfa","item":"https:\/\/astrologelvan.com\/magaza\/"},{"@type":"ListItem","position":2,"name":"Ma\u011faza","item":"https:\/\/astrologelvan.com\/magaza\/magaza\/"},{"@type":"ListItem","position":3,"name":"LEP\u0130DOL\u0130T (BA\u011eIMLILIK TA\u015eI) S\u0130L\u0130ND\u0130R FORM"}]},{"@type":"WebSite","@id":"https:\/\/astrologelvan.com\/magaza\/#website","url":"https:\/\/astrologelvan.com\/magaza\/","name":"Astrolog Elvan","description":"","potentialAction":[{"@type":"SearchAction","target":{"@type":"EntryPoint","urlTemplate":"https:\/\/astrologelvan.com\/magaza\/?s={search_term_string}"},"query-input":{"@type":"PropertyValueSpecification","valueRequired":true,"valueName":"search_term_string"}}],"inLanguage":"tr"}]}},"_links":{"self":[{"href":"https:\/\/astrologelvan.com\/magaza\/wp-json\/wp\/v2\/product\/299","targetHints":{"allow":["GET"]}}],"collection":[{"href":"https:\/\/astrologelvan.com\/magaza\/wp-json\/wp\/v2\/product"}],"about":[{"href":"https:\/\/astrologelvan.com\/magaza\/wp-json\/wp\/v2\/types\/product"}],"replies":[{"embeddable":true,"href":"https:\/\/astrologelvan.com\/magaza\/wp-json\/wp\/v2\/comments?post=299"}],"wp:featuredmedia":[{"embeddable":true,"href":"https:\/\/astrologelvan.com\/magaza\/wp-json\/wp\/v2\/media\/10274"}],"wp:attachment":[{"href":"https:\/\/astrologelvan.com\/magaza\/wp-json\/wp\/v2\/media?parent=299"}],"wp:term":[{"taxonomy":"product_brand","embeddable":true,"href":"https:\/\/astrologelvan.com\/magaza\/wp-json\/wp\/v2\/product_brand?post=299"},{"taxonomy":"product_cat","embeddable":true,"href":"https:\/\/astrologelvan.com\/magaza\/wp-json\/wp\/v2\/product_cat?post=299"},{"taxonomy":"product_tag","embeddable":true,"href":"https:\/\/astrologelvan.com\/magaza\/wp-json\/wp\/v2\/product_tag?post=299"}],"curies":[{"name":"wp","href":"https:\/\/api.w.org\/{rel}","templated":true}]}}