{"id":2938,"date":"2024-03-11T13:36:00","date_gmt":"2024-03-11T10:36:00","guid":{"rendered":"https:\/\/astrologelvan.com\/magaza\/?post_type=product&#038;p=2938"},"modified":"2025-12-05T14:55:40","modified_gmt":"2025-12-05T11:55:40","slug":"bas-melek-cebrail-pirehnit-tasi-erkek-bilekligi-2","status":"publish","type":"product","link":"https:\/\/astrologelvan.com\/magaza\/urun\/bas-melek-cebrail-pirehnit-tasi-erkek-bilekligi-2\/","title":{"rendered":"BA\u015e MELEK CEBRA\u0130L (P\u0130REHN\u0130T) TA\u015eI ERKEK B\u0130LEKL\u0130\u011e\u0130"},"content":{"rendered":"","protected":false},"excerpt":{"rendered":"<p><b>Prehnit ta\u015f\u0131<\/b><span style=\"font-weight: 400;\">;\u00a0ba\u015f melek Cebrail\u2019in enerjisiyle uyumlu \u00e7al\u0131\u015f\u0131r. Takt\u0131k\u00e7a yolunuza \u0131\u015f\u0131k olacak ve ruhunuza iyi gelecektir. \u00d6zellikle cevab\u0131n\u0131 merak etti\u011finiz sorular\u0131n\u0131z\u0131 bu kolyeyi takarken sorun. Melek sa\u00e7\u0131 kolye, ta\u015f\u0131d\u0131\u011f\u0131n\u0131z s\u00fcre boyunca sorular\u0131n\u0131za ilahi cevaplar bulman\u0131z i\u00e7in yol g\u00f6sterici olacakt\u0131r. Sezgilerinizi kuvvetlendirmekle beraber sonsuz sevgi ve \u0131\u015f\u0131k ta\u015f\u0131d\u0131r.<\/span><\/p>\n<p><span style=\"font-weight: 400;\">Prehnit\u00a0gibi ye\u015fil de\u011ferli ta\u015flar insanlar\u0131n eski enerjiyi temizlemelerine ve hayatlar\u0131ndaki yeni de\u011fi\u015fiklikleri benimsemelerine yard\u0131mc\u0131 olabilecek g\u00fc\u00e7l\u00fc Feng Shui ta\u015flar\u0131 olarak kabul edilir.<\/span><span style=\"font-weight: 400;\"><br \/>\n<\/span><span style=\"font-weight: 400;\">Bu ta\u015f inat\u00e7\u0131 veya sahiplenici bireylerin ge\u00e7mi\u015fi b\u0131rakmas\u0131n\u0131 ve olumlu de\u011fi\u015fiklikleri kabul etmesine yard\u0131mc\u0131 olabilir.<\/span><\/p>\n<p><b>Hematit:<\/b><span style=\"font-weight: 400;\"> Her erkek bilekli\u011finin olmazsa olmaz\u0131 olan Hematit ta\u015f\u0131 i\u00e7erisinde demir bulunur<\/span><span style=\"font-weight: 400;\">. <\/span><span style=\"font-weight: 400;\">\u00a0Demir, astrolojide Mars ile ba\u011flant\u0131l\u0131d\u0131r. Yani; hematit ta\u015f\u0131 takmak, erkeklerin eril enerjisini dengeleyici bir etkide bulunur. Ba\u011f\u0131\u015f\u0131kl\u0131k sistemine katk\u0131 sa\u011flar. \u00d6fke ve korku duygular\u0131n\u0131 dengeler.\u00a0<\/span><\/p>\n","protected":false},"featured_media":5238,"comment_status":"open","ping_status":"closed","template":"","meta":[],"product_brand":[],"product_cat":[258,465,347,26],"product_tag":[],"class_list":{"0":"post-2938","1":"product","2":"type-product","3":"status-publish","4":"has-post-thumbnail","6":"product_cat-bileklik","7":"product_cat-erkek-kolyeler","8":"product_cat-erkekler-icin-dogal-taslar","9":"product_cat-genel","11":"first","12":"instock","13":"taxable","14":"shipping-taxable","15":"purchasable","16":"product-type-simple"},"yoast_head":"<!-- This site is optimized with the Yoast SEO plugin v27.3 - https:\/\/yoast.com\/product\/yoast-seo-wordpress\/ -->\n<title>BA\u015e MELEK CEBRA\u0130L (P\u0130REHN\u0130T) TA\u015eI ERKEK B\u0130LEKL\u0130\u011e\u0130 - Astrolog Elvan<\/title>\n<meta name=\"robots\" content=\"index, follow, max-snippet:-1, max-image-preview:large, max-video-preview:-1\" \/>\n<link rel=\"canonical\" href=\"https:\/\/astrologelvan.com\/magaza\/urun\/bas-melek-cebrail-pirehnit-tasi-erkek-bilekligi-2\/\" \/>\n<meta property=\"og:locale\" content=\"tr_TR\" \/>\n<meta property=\"og:type\" content=\"article\" \/>\n<meta property=\"og:title\" content=\"BA\u015e MELEK CEBRA\u0130L (P\u0130REHN\u0130T) TA\u015eI ERKEK B\u0130LEKL\u0130\u011e\u0130 - Astrolog Elvan\" \/>\n<meta property=\"og:description\" content=\"Prehnit ta\u015f\u0131;\u00a0ba\u015f melek Cebrail\u2019in enerjisiyle uyumlu \u00e7al\u0131\u015f\u0131r. Takt\u0131k\u00e7a yolunuza \u0131\u015f\u0131k olacak ve ruhunuza iyi gelecektir. \u00d6zellikle cevab\u0131n\u0131 merak etti\u011finiz sorular\u0131n\u0131z\u0131 bu kolyeyi takarken sorun. Melek sa\u00e7\u0131 kolye, ta\u015f\u0131d\u0131\u011f\u0131n\u0131z s\u00fcre boyunca sorular\u0131n\u0131za ilahi cevaplar bulman\u0131z i\u00e7in yol g\u00f6sterici olacakt\u0131r. Sezgilerinizi kuvvetlendirmekle beraber sonsuz sevgi ve \u0131\u015f\u0131k ta\u015f\u0131d\u0131r.  Prehnit\u00a0gibi ye\u015fil de\u011ferli ta\u015flar insanlar\u0131n eski enerjiyi temizlemelerine ve hayatlar\u0131ndaki yeni de\u011fi\u015fiklikleri benimsemelerine yard\u0131mc\u0131 olabilecek g\u00fc\u00e7l\u00fc Feng Shui ta\u015flar\u0131 olarak kabul edilir. Bu ta\u015f inat\u00e7\u0131 veya sahiplenici bireylerin ge\u00e7mi\u015fi b\u0131rakmas\u0131n\u0131 ve olumlu de\u011fi\u015fiklikleri kabul etmesine yard\u0131mc\u0131 olabilir.  Hematit: Her erkek bilekli\u011finin olmazsa olmaz\u0131 olan Hematit ta\u015f\u0131 i\u00e7erisinde demir bulunur. \u00a0Demir, astrolojide Mars ile ba\u011flant\u0131l\u0131d\u0131r. Yani; hematit ta\u015f\u0131 takmak, erkeklerin eril enerjisini dengeleyici bir etkide bulunur. Ba\u011f\u0131\u015f\u0131kl\u0131k sistemine katk\u0131 sa\u011flar. \u00d6fke ve korku duygular\u0131n\u0131 dengeler.\u00a0\" \/>\n<meta property=\"og:url\" content=\"https:\/\/astrologelvan.com\/magaza\/urun\/bas-melek-cebrail-pirehnit-tasi-erkek-bilekligi-2\/\" \/>\n<meta property=\"og:site_name\" content=\"Astrolog Elvan\" \/>\n<meta property=\"article:modified_time\" content=\"2025-12-05T11:55:40+00:00\" \/>\n<meta property=\"og:image\" content=\"https:\/\/astrologelvan.com\/magaza\/wp-content\/uploads\/2024\/03\/1-22.jpg\" \/>\n\t<meta property=\"og:image:width\" content=\"1600\" \/>\n\t<meta property=\"og:image:height\" content=\"1600\" \/>\n\t<meta property=\"og:image:type\" content=\"image\/jpeg\" \/>\n<meta name=\"twitter:card\" content=\"summary_large_image\" \/>\n<meta name=\"twitter:label1\" content=\"Tahmini okuma s\u00fcresi\" \/>\n\t<meta name=\"twitter:data1\" content=\"1 dakika\" \/>\n<script type=\"application\/ld+json\" class=\"yoast-schema-graph\">{\"@context\":\"https:\\\/\\\/schema.org\",\"@graph\":[{\"@type\":[\"WebPage\",\"ItemPage\"],\"@id\":\"https:\\\/\\\/astrologelvan.com\\\/magaza\\\/urun\\\/bas-melek-cebrail-pirehnit-tasi-erkek-bilekligi-2\\\/\",\"url\":\"https:\\\/\\\/astrologelvan.com\\\/magaza\\\/urun\\\/bas-melek-cebrail-pirehnit-tasi-erkek-bilekligi-2\\\/\",\"name\":\"BA\u015e MELEK CEBRA\u0130L (P\u0130REHN\u0130T) TA\u015eI ERKEK B\u0130LEKL\u0130\u011e\u0130 - Astrolog Elvan\",\"isPartOf\":{\"@id\":\"https:\\\/\\\/astrologelvan.com\\\/magaza\\\/#website\"},\"primaryImageOfPage\":{\"@id\":\"https:\\\/\\\/astrologelvan.com\\\/magaza\\\/urun\\\/bas-melek-cebrail-pirehnit-tasi-erkek-bilekligi-2\\\/#primaryimage\"},\"image\":{\"@id\":\"https:\\\/\\\/astrologelvan.com\\\/magaza\\\/urun\\\/bas-melek-cebrail-pirehnit-tasi-erkek-bilekligi-2\\\/#primaryimage\"},\"thumbnailUrl\":\"https:\\\/\\\/astrologelvan.com\\\/magaza\\\/wp-content\\\/uploads\\\/2024\\\/03\\\/1-22.jpg\",\"datePublished\":\"2024-03-11T10:36:00+00:00\",\"dateModified\":\"2025-12-05T11:55:40+00:00\",\"breadcrumb\":{\"@id\":\"https:\\\/\\\/astrologelvan.com\\\/magaza\\\/urun\\\/bas-melek-cebrail-pirehnit-tasi-erkek-bilekligi-2\\\/#breadcrumb\"},\"inLanguage\":\"tr\",\"potentialAction\":[{\"@type\":\"ReadAction\",\"target\":[\"https:\\\/\\\/astrologelvan.com\\\/magaza\\\/urun\\\/bas-melek-cebrail-pirehnit-tasi-erkek-bilekligi-2\\\/\"]}]},{\"@type\":\"ImageObject\",\"inLanguage\":\"tr\",\"@id\":\"https:\\\/\\\/astrologelvan.com\\\/magaza\\\/urun\\\/bas-melek-cebrail-pirehnit-tasi-erkek-bilekligi-2\\\/#primaryimage\",\"url\":\"https:\\\/\\\/astrologelvan.com\\\/magaza\\\/wp-content\\\/uploads\\\/2024\\\/03\\\/1-22.jpg\",\"contentUrl\":\"https:\\\/\\\/astrologelvan.com\\\/magaza\\\/wp-content\\\/uploads\\\/2024\\\/03\\\/1-22.jpg\",\"width\":1600,\"height\":1600},{\"@type\":\"BreadcrumbList\",\"@id\":\"https:\\\/\\\/astrologelvan.com\\\/magaza\\\/urun\\\/bas-melek-cebrail-pirehnit-tasi-erkek-bilekligi-2\\\/#breadcrumb\",\"itemListElement\":[{\"@type\":\"ListItem\",\"position\":1,\"name\":\"Anasayfa\",\"item\":\"https:\\\/\\\/astrologelvan.com\\\/magaza\\\/\"},{\"@type\":\"ListItem\",\"position\":2,\"name\":\"Ma\u011faza\",\"item\":\"https:\\\/\\\/astrologelvan.com\\\/magaza\\\/magaza\\\/\"},{\"@type\":\"ListItem\",\"position\":3,\"name\":\"BA\u015e MELEK CEBRA\u0130L (P\u0130REHN\u0130T) TA\u015eI ERKEK B\u0130LEKL\u0130\u011e\u0130\"}]},{\"@type\":\"WebSite\",\"@id\":\"https:\\\/\\\/astrologelvan.com\\\/magaza\\\/#website\",\"url\":\"https:\\\/\\\/astrologelvan.com\\\/magaza\\\/\",\"name\":\"Astrolog Elvan\",\"description\":\"\",\"potentialAction\":[{\"@type\":\"SearchAction\",\"target\":{\"@type\":\"EntryPoint\",\"urlTemplate\":\"https:\\\/\\\/astrologelvan.com\\\/magaza\\\/?s={search_term_string}\"},\"query-input\":{\"@type\":\"PropertyValueSpecification\",\"valueRequired\":true,\"valueName\":\"search_term_string\"}}],\"inLanguage\":\"tr\"}]}<\/script>\n<!-- \/ Yoast SEO plugin. -->","yoast_head_json":{"title":"BA\u015e MELEK CEBRA\u0130L (P\u0130REHN\u0130T) TA\u015eI ERKEK B\u0130LEKL\u0130\u011e\u0130 - Astrolog Elvan","robots":{"index":"index","follow":"follow","max-snippet":"max-snippet:-1","max-image-preview":"max-image-preview:large","max-video-preview":"max-video-preview:-1"},"canonical":"https:\/\/astrologelvan.com\/magaza\/urun\/bas-melek-cebrail-pirehnit-tasi-erkek-bilekligi-2\/","og_locale":"tr_TR","og_type":"article","og_title":"BA\u015e MELEK CEBRA\u0130L (P\u0130REHN\u0130T) TA\u015eI ERKEK B\u0130LEKL\u0130\u011e\u0130 - Astrolog Elvan","og_description":"Prehnit ta\u015f\u0131;\u00a0ba\u015f melek Cebrail\u2019in enerjisiyle uyumlu \u00e7al\u0131\u015f\u0131r. Takt\u0131k\u00e7a yolunuza \u0131\u015f\u0131k olacak ve ruhunuza iyi gelecektir. \u00d6zellikle cevab\u0131n\u0131 merak etti\u011finiz sorular\u0131n\u0131z\u0131 bu kolyeyi takarken sorun. Melek sa\u00e7\u0131 kolye, ta\u015f\u0131d\u0131\u011f\u0131n\u0131z s\u00fcre boyunca sorular\u0131n\u0131za ilahi cevaplar bulman\u0131z i\u00e7in yol g\u00f6sterici olacakt\u0131r. Sezgilerinizi kuvvetlendirmekle beraber sonsuz sevgi ve \u0131\u015f\u0131k ta\u015f\u0131d\u0131r.  Prehnit\u00a0gibi ye\u015fil de\u011ferli ta\u015flar insanlar\u0131n eski enerjiyi temizlemelerine ve hayatlar\u0131ndaki yeni de\u011fi\u015fiklikleri benimsemelerine yard\u0131mc\u0131 olabilecek g\u00fc\u00e7l\u00fc Feng Shui ta\u015flar\u0131 olarak kabul edilir. Bu ta\u015f inat\u00e7\u0131 veya sahiplenici bireylerin ge\u00e7mi\u015fi b\u0131rakmas\u0131n\u0131 ve olumlu de\u011fi\u015fiklikleri kabul etmesine yard\u0131mc\u0131 olabilir.  Hematit: Her erkek bilekli\u011finin olmazsa olmaz\u0131 olan Hematit ta\u015f\u0131 i\u00e7erisinde demir bulunur. \u00a0Demir, astrolojide Mars ile ba\u011flant\u0131l\u0131d\u0131r. Yani; hematit ta\u015f\u0131 takmak, erkeklerin eril enerjisini dengeleyici bir etkide bulunur. Ba\u011f\u0131\u015f\u0131kl\u0131k sistemine katk\u0131 sa\u011flar. \u00d6fke ve korku duygular\u0131n\u0131 dengeler.\u00a0","og_url":"https:\/\/astrologelvan.com\/magaza\/urun\/bas-melek-cebrail-pirehnit-tasi-erkek-bilekligi-2\/","og_site_name":"Astrolog Elvan","article_modified_time":"2025-12-05T11:55:40+00:00","og_image":[{"width":1600,"height":1600,"url":"https:\/\/astrologelvan.com\/magaza\/wp-content\/uploads\/2024\/03\/1-22.jpg","type":"image\/jpeg"}],"twitter_card":"summary_large_image","twitter_misc":{"Tahmini okuma s\u00fcresi":"1 dakika"},"schema":{"@context":"https:\/\/schema.org","@graph":[{"@type":["WebPage","ItemPage"],"@id":"https:\/\/astrologelvan.com\/magaza\/urun\/bas-melek-cebrail-pirehnit-tasi-erkek-bilekligi-2\/","url":"https:\/\/astrologelvan.com\/magaza\/urun\/bas-melek-cebrail-pirehnit-tasi-erkek-bilekligi-2\/","name":"BA\u015e MELEK CEBRA\u0130L (P\u0130REHN\u0130T) TA\u015eI ERKEK B\u0130LEKL\u0130\u011e\u0130 - Astrolog Elvan","isPartOf":{"@id":"https:\/\/astrologelvan.com\/magaza\/#website"},"primaryImageOfPage":{"@id":"https:\/\/astrologelvan.com\/magaza\/urun\/bas-melek-cebrail-pirehnit-tasi-erkek-bilekligi-2\/#primaryimage"},"image":{"@id":"https:\/\/astrologelvan.com\/magaza\/urun\/bas-melek-cebrail-pirehnit-tasi-erkek-bilekligi-2\/#primaryimage"},"thumbnailUrl":"https:\/\/astrologelvan.com\/magaza\/wp-content\/uploads\/2024\/03\/1-22.jpg","datePublished":"2024-03-11T10:36:00+00:00","dateModified":"2025-12-05T11:55:40+00:00","breadcrumb":{"@id":"https:\/\/astrologelvan.com\/magaza\/urun\/bas-melek-cebrail-pirehnit-tasi-erkek-bilekligi-2\/#breadcrumb"},"inLanguage":"tr","potentialAction":[{"@type":"ReadAction","target":["https:\/\/astrologelvan.com\/magaza\/urun\/bas-melek-cebrail-pirehnit-tasi-erkek-bilekligi-2\/"]}]},{"@type":"ImageObject","inLanguage":"tr","@id":"https:\/\/astrologelvan.com\/magaza\/urun\/bas-melek-cebrail-pirehnit-tasi-erkek-bilekligi-2\/#primaryimage","url":"https:\/\/astrologelvan.com\/magaza\/wp-content\/uploads\/2024\/03\/1-22.jpg","contentUrl":"https:\/\/astrologelvan.com\/magaza\/wp-content\/uploads\/2024\/03\/1-22.jpg","width":1600,"height":1600},{"@type":"BreadcrumbList","@id":"https:\/\/astrologelvan.com\/magaza\/urun\/bas-melek-cebrail-pirehnit-tasi-erkek-bilekligi-2\/#breadcrumb","itemListElement":[{"@type":"ListItem","position":1,"name":"Anasayfa","item":"https:\/\/astrologelvan.com\/magaza\/"},{"@type":"ListItem","position":2,"name":"Ma\u011faza","item":"https:\/\/astrologelvan.com\/magaza\/magaza\/"},{"@type":"ListItem","position":3,"name":"BA\u015e MELEK CEBRA\u0130L (P\u0130REHN\u0130T) TA\u015eI ERKEK B\u0130LEKL\u0130\u011e\u0130"}]},{"@type":"WebSite","@id":"https:\/\/astrologelvan.com\/magaza\/#website","url":"https:\/\/astrologelvan.com\/magaza\/","name":"Astrolog Elvan","description":"","potentialAction":[{"@type":"SearchAction","target":{"@type":"EntryPoint","urlTemplate":"https:\/\/astrologelvan.com\/magaza\/?s={search_term_string}"},"query-input":{"@type":"PropertyValueSpecification","valueRequired":true,"valueName":"search_term_string"}}],"inLanguage":"tr"}]}},"_links":{"self":[{"href":"https:\/\/astrologelvan.com\/magaza\/wp-json\/wp\/v2\/product\/2938","targetHints":{"allow":["GET"]}}],"collection":[{"href":"https:\/\/astrologelvan.com\/magaza\/wp-json\/wp\/v2\/product"}],"about":[{"href":"https:\/\/astrologelvan.com\/magaza\/wp-json\/wp\/v2\/types\/product"}],"replies":[{"embeddable":true,"href":"https:\/\/astrologelvan.com\/magaza\/wp-json\/wp\/v2\/comments?post=2938"}],"wp:featuredmedia":[{"embeddable":true,"href":"https:\/\/astrologelvan.com\/magaza\/wp-json\/wp\/v2\/media\/5238"}],"wp:attachment":[{"href":"https:\/\/astrologelvan.com\/magaza\/wp-json\/wp\/v2\/media?parent=2938"}],"wp:term":[{"taxonomy":"product_brand","embeddable":true,"href":"https:\/\/astrologelvan.com\/magaza\/wp-json\/wp\/v2\/product_brand?post=2938"},{"taxonomy":"product_cat","embeddable":true,"href":"https:\/\/astrologelvan.com\/magaza\/wp-json\/wp\/v2\/product_cat?post=2938"},{"taxonomy":"product_tag","embeddable":true,"href":"https:\/\/astrologelvan.com\/magaza\/wp-json\/wp\/v2\/product_tag?post=2938"}],"curies":[{"name":"wp","href":"https:\/\/api.w.org\/{rel}","templated":true}]}}