{"id":287,"date":"2024-02-28T02:14:23","date_gmt":"2024-02-27T23:14:23","guid":{"rendered":"https:\/\/astrologelvan.shop\/?post_type=product&#038;p=287"},"modified":"2025-10-06T08:14:50","modified_gmt":"2025-10-06T05:14:50","slug":"anyolit-kolye","status":"publish","type":"product","link":"https:\/\/astrologelvan.com\/magaza\/urun\/anyolit-kolye\/","title":{"rendered":"ANYOL\u0130T KOLYE"},"content":{"rendered":"<p>Do\u011fal ta\u015f kolyelerimizin tasar\u0131mlar\u0131nda do\u011frudan cilde temas etmesini sa\u011fl\u0131yoruz. B\u00f6ylece do\u011fal ta\u015f kolyenizi takt\u0131k\u00e7a v\u00fccudunuzun titre\u015fimlerine ba\u011flan\u0131r ve size denge ve uyum getirir.<\/p>\n<p>&nbsp;<\/p>\n<p>&nbsp;<\/p>\n<p><strong>Tak\u0131lar\u0131n\u0131z\u0131n uzun s\u00fcre kullanabilmesi i\u00e7in; Parf\u00fcm, su, s\u0131v\u0131, dezenfektan, krem v.b. gibi maddelerle temas etmemesi, du\u015f-banyo s\u0131ras\u0131nda \u00e7\u0131kart\u0131lmas\u0131 gerekmektedir. Ki\u015finin ter-ten yap\u0131s\u0131na g\u00f6re de etkilenmektedir. Tak\u0131lar\u0131n\u0131z\u0131 kullanmad\u0131\u011f\u0131n\u0131z zamanlarda kesesinde saklaman\u0131z\u0131 \u00f6neririz.<\/strong><\/p>\n<p><strong>Do\u011fal ta\u015flar\u0131n belirli titre\u015fimlere ve frekanslara sahip oldu\u011fu bilinmektedir. Bu nedenle v\u00fccudumuzda ve auram\u0131zda birtak\u0131m iyi etkileri oldu\u011fu s\u00f6ylenmektedir. Ta\u015flar\u0131n \u00f6zelliklerinin bilimsel kesinli\u011fi yoktur. Astrologelvan ma\u011fazas\u0131ndaki t\u00fcm ta\u015flar orijinal, ger\u00e7ek do\u011fal ta\u015flard\u0131r. T\u0131bbi konularda doktora dan\u0131\u015fman\u0131z\u0131 tavsiye ederiz. Ta\u015flar\u0131n tedavi edici \u00f6zelli\u011fi yoktur, sadece ki\u015fisel enerjimizi y\u00fckseltmekte ve astrolojik olarak da temsil etti\u011fi gezegenlerin etkilerini artt\u0131rmakta oldu\u011fu kabul edilir. \u00d6rne\u011fin; pembe kuvars ta\u015f\u0131 a\u015fk ve sevgi gezegeni Ven\u00fcs&#8217;\u00fcn ta\u015f\u0131d\u0131r ve bu sebeple \u00fczerinde ta\u015f\u0131yan ki\u015finin a\u015fk ve sevgi frekans\u0131n\u0131 y\u00fckseltti\u011fi bilinir.<\/strong><\/p>\n<p>&nbsp;<\/p>\n<h3><strong>Anyolit Ta\u015f\u0131 Neye \u0130yi Gelir ? <\/strong><\/h3>\n<p>Olumlu enerjiyi \u00e7ekmek i\u00e7in kullan\u0131lan Anyolit ta\u015f\u0131 iyi bir iyile\u015ftiricidir. Beden enerjisini y\u00fckseltir, bitkinlik halsizlik durumlar\u0131n\u0131n ortadan kalmas\u0131na yard\u0131mc\u0131 olur. Dinginle\u015ftirici \u00f6zelli\u011fi vard\u0131r bu sayede uykular\u0131n\u0131z\u0131 d\u00fczenler. Sinir, stres ve depresyona iyi geldi\u011fi bilinmektedir. Cinsel organlar\u0131 korur ve kad\u0131nlarda do\u011furganl\u0131\u011f\u0131 olumlu y\u00f6nde etkiledi\u011fi d\u00fc\u015f\u00fcn\u00fcl\u00fcr. Kalp ve g\u00f6z sa\u011fl\u0131\u011f\u0131, ba\u011f\u0131\u015f\u0131kl\u0131k sistemi ve tiroid bezinin d\u00fczenli \u00e7al\u0131\u015fmas\u0131na etki eder.<\/p>\n<h3><strong>Anyolit Ta\u015f\u0131n\u0131n Temizli\u011fi<\/strong><\/h3>\n<p>Fazla radyasyon y\u00fcklendi\u011fi i\u00e7in Anyolit ta\u015f\u0131n\u0131n temizli\u011finin topra\u011fa g\u00f6m\u00fclerek yap\u0131lmas\u0131 daha do\u011frudur. Ta\u015f\u0131n\u0131z\u0131 kullanmadan \u00f6nce mutlaka 15 dakika topra\u011fa g\u00f6m\u00fcn, enerjisini n\u00f6trledikten sonra ada\u00e7ay\u0131 ile t\u00fcts\u00fcleyerek olumlu enerjiyi aktive ettirerek kullanmaya ba\u015flayabilirsiniz. <a href=\"https:\/\/astrologelvan.com\/magaza\/urun\/istiridye-tutsuluk-ile-adacayi-tutsusu\/\">https:\/\/astrologelvan.com\/magaza\/urun\/istiridye-tutsuluk-ile-adacayi-tutsusu\/<\/a> \u00a0<strong>Anyolit ta\u015f\u0131n\u0131<\/strong> kullan\u0131rken belirli aral\u0131kla topra\u011fa g\u00f6merek enerjisini dengelemesini sa\u011flamay\u0131 ihmal etmeyin.<\/p>\n<p>Sa\u011fl\u0131k ta\u015f\u0131 olarak bilinen <strong>Anyolit ta\u015f\u0131<\/strong> her bur\u00e7tan insan taraf\u0131ndan kullan\u0131labilir ancak Ko\u00e7, Yenge\u00e7, \u0130kizler, Akrep ve Yay bur\u00e7lar\u0131n\u0131n enerjisi ile daha verimli \u00e7al\u0131\u015f\u0131r.<\/p>\n<p>Anyolit ta\u015f\u0131; evlerde ya da ofislerde obje olarak kullan\u0131lmas\u0131n\u0131n yan\u0131 s\u0131ra \u00fczerinizde tak\u0131 olarak da kullanabilirsiniz. <a href=\"https:\/\/astrologelvan.com\/magaza\/urun\/celik-zincirli-altin-kaplama-dogal-tas-anyolit-kolye\/\">https:\/\/astrologelvan.com\/magaza\/urun\/celik-zincirli-altin-kaplama-dogal-tas-anyolit-kolye\/<\/a><\/p>\n<h3><strong>ANYOL\u0130T TA\u015eI HAKKINDA EN \u00c7OK SORULAN SORULAR\u00a0<\/strong><\/h3>\n<p><strong>Anyolit Ta\u015f\u0131 ne i\u015fe yarar: <\/strong>Duygusal enerjiyi dengeler, kalp sa\u011fl\u0131\u011f\u0131n\u0131 korur.<\/p>\n<p><strong>Anyolit Ta\u015f\u0131 nas\u0131l temizlenir:<\/strong> Topraklama y\u00f6ntemi ile temizlenir.<\/p>\n<p><strong>Anyolit Ta\u015f\u0131 hangi burcun ta\u015f\u0131:<\/strong> Ko\u00e7, Yenge\u00e7, \u0130kizler, Akrep ve Yay bur\u00e7lar\u0131n\u0131n ta\u015f\u0131d\u0131r.<\/p>\n<p><strong>Anyolit Ta\u015f\u0131 nerede bulunur:<\/strong> Hindistan ve Afrika b\u00f6lgelerinden \u00e7\u0131kart\u0131l\u0131r.<\/p>\n<p><strong>Anyolit Ta\u015f\u0131 neye iyi gelir:<\/strong> Kalp, g\u00f6z sa\u011fl\u0131\u011f\u0131na iyi gelir.<\/p>\n<p><strong>Anyolit Ta\u015f\u0131 hangi \u00e7akra ta\u015f\u0131d\u0131r:<\/strong> Ta\u00e7 \u00e7akra ve kalp \u00e7akras\u0131n\u0131n ta\u015f\u0131d\u0131r.<\/p>\n<p><strong>Anyolit Ta\u015f\u0131 neyi simgeler:<\/strong> Olumlu enerjiyi kendinize \u00e7ekerek beden ve ruh sa\u011fl\u0131\u011f\u0131n\u0131z\u0131 dengeler.<\/p>\n","protected":false},"excerpt":{"rendered":"<h3><strong>Anyolit Ta\u015f\u0131<\/strong><\/h3>\n<p><em>Beden ve ruh enerjini dengele, kalbine iyi bak \u2026<\/em><\/p>\n<p><em><strong>Anyolit ta\u015f\u0131<\/strong><\/em> Ruby in Zoiste olarak ta bilinir. Z\u00fcmr\u00fct ye\u015fili ve yakut k\u0131rm\u0131z\u0131s\u0131 renklerin kar\u0131\u015f\u0131m\u0131 olan Anyolit Ta\u015f\u0131, y\u00fcksek enerjiyi \u00e7ekmek i\u00e7in kullan\u0131labilecek en do\u011fru ta\u015ft\u0131r. Hindistan b\u00f6lgesinden \u00e7\u0131kart\u0131lan Anyolid ta\u015f\u0131, Afrika\u2019da da bulunmaktad\u0131r. \u00dc\u00e7\u00fcnc\u00fc g\u00f6z ve kalp \u00e7akras\u0131 ile ili\u015fkili olan bu ta\u015f; sezgileri, alg\u0131y\u0131 y\u00fckseltir. Psi\u015fik g\u00fc\u00e7lerin ve ruhani \u00f6zelliklerin a\u00e7\u0131lmas\u0131n\u0131 sa\u011flar.<\/p>\n<p>Anyolit ta\u015f\u0131 <strong>Mars <\/strong>gezegeni ile e\u015fle\u015ftirilir. Anyolit, halk aras\u0131nda <strong>\u201cSa\u011fl\u0131k Ta\u015f\u0131\u201d<\/strong> olarak da bilinir. \u00d6zellikle kalp sa\u011fl\u0131\u011f\u0131 ile ili\u015fkilidir.\u00a0Duygusal enerjinizi dengeler ve ya\u015fam enerjinizi art\u0131rmaya yard\u0131mc\u0131 olur. Anyolit ta\u015f\u0131n\u0131n ya\u015fam enerjisini dengelemesinden ve \u00f6zellikle radyasyonu \u00e7ekmesinden dolay\u0131, kanser tedavilerinde kullan\u0131lan bir\u00e7ok ila\u00e7 ve tedavi s\u00fcrecinin olumsuz etkilerine destek verdi\u011fi d\u00fc\u015f\u00fcn\u00fclmektedir.<\/p>\n","protected":false},"featured_media":380,"comment_status":"closed","ping_status":"closed","template":"","meta":[],"product_brand":[],"product_cat":[141,48],"product_tag":[142,143,39,63],"class_list":{"0":"post-287","1":"product","2":"type-product","3":"status-publish","4":"has-post-thumbnail","6":"product_cat-anyolit-tasi","7":"product_cat-kolyeler","8":"product_tag-anyolit-kolye","9":"product_tag-anyolit-tasi","10":"product_tag-astrolog-elvan","11":"product_tag-dogal-tas-kolye","13":"first","14":"outofstock","15":"taxable","16":"shipping-taxable","17":"purchasable","18":"product-type-simple"},"yoast_head":"<!-- This site is optimized with the Yoast SEO plugin v27.3 - https:\/\/yoast.com\/product\/yoast-seo-wordpress\/ -->\n<title>ANYOL\u0130T KOLYE - Astrolog Elvan<\/title>\n<meta name=\"robots\" content=\"index, follow, max-snippet:-1, max-image-preview:large, max-video-preview:-1\" \/>\n<link rel=\"canonical\" href=\"https:\/\/astrologelvan.com\/magaza\/urun\/anyolit-kolye\/\" \/>\n<meta property=\"og:locale\" content=\"tr_TR\" \/>\n<meta property=\"og:type\" content=\"article\" \/>\n<meta property=\"og:title\" content=\"ANYOL\u0130T KOLYE - Astrolog Elvan\" \/>\n<meta property=\"og:description\" content=\"Anyolit Ta\u015f\u0131 Beden ve ruh enerjini dengele, kalbine iyi bak \u2026  Anyolit ta\u015f\u0131 Ruby in Zoiste olarak ta bilinir. Z\u00fcmr\u00fct ye\u015fili ve yakut k\u0131rm\u0131z\u0131s\u0131 renklerin kar\u0131\u015f\u0131m\u0131 olan Anyolit Ta\u015f\u0131, y\u00fcksek enerjiyi \u00e7ekmek i\u00e7in kullan\u0131labilecek en do\u011fru ta\u015ft\u0131r. Hindistan b\u00f6lgesinden \u00e7\u0131kart\u0131lan Anyolid ta\u015f\u0131, Afrika\u2019da da bulunmaktad\u0131r. \u00dc\u00e7\u00fcnc\u00fc g\u00f6z ve kalp \u00e7akras\u0131 ile ili\u015fkili olan bu ta\u015f; sezgileri, alg\u0131y\u0131 y\u00fckseltir. Psi\u015fik g\u00fc\u00e7lerin ve ruhani \u00f6zelliklerin a\u00e7\u0131lmas\u0131n\u0131 sa\u011flar.  Anyolit ta\u015f\u0131 Mars gezegeni ile e\u015fle\u015ftirilir. Anyolit, halk aras\u0131nda \u201cSa\u011fl\u0131k Ta\u015f\u0131\u201d olarak da bilinir. \u00d6zellikle kalp sa\u011fl\u0131\u011f\u0131 ile ili\u015fkilidir.\u00a0Duygusal enerjinizi dengeler ve ya\u015fam enerjinizi art\u0131rmaya yard\u0131mc\u0131 olur. Anyolit ta\u015f\u0131n\u0131n ya\u015fam enerjisini dengelemesinden ve \u00f6zellikle radyasyonu \u00e7ekmesinden dolay\u0131, kanser tedavilerinde kullan\u0131lan bir\u00e7ok ila\u00e7 ve tedavi s\u00fcrecinin olumsuz etkilerine destek verdi\u011fi d\u00fc\u015f\u00fcn\u00fclmektedir.\" \/>\n<meta property=\"og:url\" content=\"https:\/\/astrologelvan.com\/magaza\/urun\/anyolit-kolye\/\" \/>\n<meta property=\"og:site_name\" content=\"Astrolog Elvan\" \/>\n<meta property=\"article:modified_time\" content=\"2025-10-06T05:14:50+00:00\" \/>\n<meta property=\"og:image\" content=\"https:\/\/astrologelvan.com\/magaza\/wp-content\/uploads\/2024\/02\/Anyolit-Kolye-min.jpg\" \/>\n\t<meta property=\"og:image:width\" content=\"1080\" \/>\n\t<meta property=\"og:image:height\" content=\"1080\" \/>\n\t<meta property=\"og:image:type\" content=\"image\/jpeg\" \/>\n<meta name=\"twitter:card\" content=\"summary_large_image\" \/>\n<meta name=\"twitter:title\" content=\"\u00c7elik Zincirli Alt\u0131n Kaplama Do\u011fal Ta\u015f Anyolit Kolye (Ruby in Zoiste)\" \/>\n<meta name=\"twitter:label1\" content=\"Tahmini okuma s\u00fcresi\" \/>\n\t<meta name=\"twitter:data1\" content=\"3 dakika\" \/>\n<script type=\"application\/ld+json\" class=\"yoast-schema-graph\">{\"@context\":\"https:\\\/\\\/schema.org\",\"@graph\":[{\"@type\":[\"WebPage\",\"ItemPage\"],\"@id\":\"https:\\\/\\\/astrologelvan.com\\\/magaza\\\/urun\\\/anyolit-kolye\\\/\",\"url\":\"https:\\\/\\\/astrologelvan.com\\\/magaza\\\/urun\\\/anyolit-kolye\\\/\",\"name\":\"ANYOL\u0130T KOLYE - Astrolog Elvan\",\"isPartOf\":{\"@id\":\"https:\\\/\\\/astrologelvan.com\\\/magaza\\\/#website\"},\"primaryImageOfPage\":{\"@id\":\"https:\\\/\\\/astrologelvan.com\\\/magaza\\\/urun\\\/anyolit-kolye\\\/#primaryimage\"},\"image\":{\"@id\":\"https:\\\/\\\/astrologelvan.com\\\/magaza\\\/urun\\\/anyolit-kolye\\\/#primaryimage\"},\"thumbnailUrl\":\"https:\\\/\\\/astrologelvan.com\\\/magaza\\\/wp-content\\\/uploads\\\/2024\\\/02\\\/Anyolit-Kolye-min.jpg\",\"datePublished\":\"2024-02-27T23:14:23+00:00\",\"dateModified\":\"2025-10-06T05:14:50+00:00\",\"breadcrumb\":{\"@id\":\"https:\\\/\\\/astrologelvan.com\\\/magaza\\\/urun\\\/anyolit-kolye\\\/#breadcrumb\"},\"inLanguage\":\"tr\",\"potentialAction\":[{\"@type\":\"ReadAction\",\"target\":[\"https:\\\/\\\/astrologelvan.com\\\/magaza\\\/urun\\\/anyolit-kolye\\\/\"]}]},{\"@type\":\"ImageObject\",\"inLanguage\":\"tr\",\"@id\":\"https:\\\/\\\/astrologelvan.com\\\/magaza\\\/urun\\\/anyolit-kolye\\\/#primaryimage\",\"url\":\"https:\\\/\\\/astrologelvan.com\\\/magaza\\\/wp-content\\\/uploads\\\/2024\\\/02\\\/Anyolit-Kolye-min.jpg\",\"contentUrl\":\"https:\\\/\\\/astrologelvan.com\\\/magaza\\\/wp-content\\\/uploads\\\/2024\\\/02\\\/Anyolit-Kolye-min.jpg\",\"width\":1080,\"height\":1080},{\"@type\":\"BreadcrumbList\",\"@id\":\"https:\\\/\\\/astrologelvan.com\\\/magaza\\\/urun\\\/anyolit-kolye\\\/#breadcrumb\",\"itemListElement\":[{\"@type\":\"ListItem\",\"position\":1,\"name\":\"Anasayfa\",\"item\":\"https:\\\/\\\/astrologelvan.com\\\/magaza\\\/\"},{\"@type\":\"ListItem\",\"position\":2,\"name\":\"Ma\u011faza\",\"item\":\"https:\\\/\\\/astrologelvan.com\\\/magaza\\\/magaza\\\/\"},{\"@type\":\"ListItem\",\"position\":3,\"name\":\"ANYOL\u0130T KOLYE\"}]},{\"@type\":\"WebSite\",\"@id\":\"https:\\\/\\\/astrologelvan.com\\\/magaza\\\/#website\",\"url\":\"https:\\\/\\\/astrologelvan.com\\\/magaza\\\/\",\"name\":\"Astrolog Elvan\",\"description\":\"\",\"potentialAction\":[{\"@type\":\"SearchAction\",\"target\":{\"@type\":\"EntryPoint\",\"urlTemplate\":\"https:\\\/\\\/astrologelvan.com\\\/magaza\\\/?s={search_term_string}\"},\"query-input\":{\"@type\":\"PropertyValueSpecification\",\"valueRequired\":true,\"valueName\":\"search_term_string\"}}],\"inLanguage\":\"tr\"}]}<\/script>\n<!-- \/ Yoast SEO plugin. -->","yoast_head_json":{"title":"ANYOL\u0130T KOLYE - Astrolog Elvan","robots":{"index":"index","follow":"follow","max-snippet":"max-snippet:-1","max-image-preview":"max-image-preview:large","max-video-preview":"max-video-preview:-1"},"canonical":"https:\/\/astrologelvan.com\/magaza\/urun\/anyolit-kolye\/","og_locale":"tr_TR","og_type":"article","og_title":"ANYOL\u0130T KOLYE - Astrolog Elvan","og_description":"Anyolit Ta\u015f\u0131 Beden ve ruh enerjini dengele, kalbine iyi bak \u2026  Anyolit ta\u015f\u0131 Ruby in Zoiste olarak ta bilinir. Z\u00fcmr\u00fct ye\u015fili ve yakut k\u0131rm\u0131z\u0131s\u0131 renklerin kar\u0131\u015f\u0131m\u0131 olan Anyolit Ta\u015f\u0131, y\u00fcksek enerjiyi \u00e7ekmek i\u00e7in kullan\u0131labilecek en do\u011fru ta\u015ft\u0131r. Hindistan b\u00f6lgesinden \u00e7\u0131kart\u0131lan Anyolid ta\u015f\u0131, Afrika\u2019da da bulunmaktad\u0131r. \u00dc\u00e7\u00fcnc\u00fc g\u00f6z ve kalp \u00e7akras\u0131 ile ili\u015fkili olan bu ta\u015f; sezgileri, alg\u0131y\u0131 y\u00fckseltir. Psi\u015fik g\u00fc\u00e7lerin ve ruhani \u00f6zelliklerin a\u00e7\u0131lmas\u0131n\u0131 sa\u011flar.  Anyolit ta\u015f\u0131 Mars gezegeni ile e\u015fle\u015ftirilir. Anyolit, halk aras\u0131nda \u201cSa\u011fl\u0131k Ta\u015f\u0131\u201d olarak da bilinir. \u00d6zellikle kalp sa\u011fl\u0131\u011f\u0131 ile ili\u015fkilidir.\u00a0Duygusal enerjinizi dengeler ve ya\u015fam enerjinizi art\u0131rmaya yard\u0131mc\u0131 olur. Anyolit ta\u015f\u0131n\u0131n ya\u015fam enerjisini dengelemesinden ve \u00f6zellikle radyasyonu \u00e7ekmesinden dolay\u0131, kanser tedavilerinde kullan\u0131lan bir\u00e7ok ila\u00e7 ve tedavi s\u00fcrecinin olumsuz etkilerine destek verdi\u011fi d\u00fc\u015f\u00fcn\u00fclmektedir.","og_url":"https:\/\/astrologelvan.com\/magaza\/urun\/anyolit-kolye\/","og_site_name":"Astrolog Elvan","article_modified_time":"2025-10-06T05:14:50+00:00","og_image":[{"width":1080,"height":1080,"url":"https:\/\/astrologelvan.com\/magaza\/wp-content\/uploads\/2024\/02\/Anyolit-Kolye-min.jpg","type":"image\/jpeg"}],"twitter_card":"summary_large_image","twitter_title":"\u00c7elik Zincirli Alt\u0131n Kaplama Do\u011fal Ta\u015f Anyolit Kolye (Ruby in Zoiste)","twitter_misc":{"Tahmini okuma s\u00fcresi":"3 dakika"},"schema":{"@context":"https:\/\/schema.org","@graph":[{"@type":["WebPage","ItemPage"],"@id":"https:\/\/astrologelvan.com\/magaza\/urun\/anyolit-kolye\/","url":"https:\/\/astrologelvan.com\/magaza\/urun\/anyolit-kolye\/","name":"ANYOL\u0130T KOLYE - Astrolog Elvan","isPartOf":{"@id":"https:\/\/astrologelvan.com\/magaza\/#website"},"primaryImageOfPage":{"@id":"https:\/\/astrologelvan.com\/magaza\/urun\/anyolit-kolye\/#primaryimage"},"image":{"@id":"https:\/\/astrologelvan.com\/magaza\/urun\/anyolit-kolye\/#primaryimage"},"thumbnailUrl":"https:\/\/astrologelvan.com\/magaza\/wp-content\/uploads\/2024\/02\/Anyolit-Kolye-min.jpg","datePublished":"2024-02-27T23:14:23+00:00","dateModified":"2025-10-06T05:14:50+00:00","breadcrumb":{"@id":"https:\/\/astrologelvan.com\/magaza\/urun\/anyolit-kolye\/#breadcrumb"},"inLanguage":"tr","potentialAction":[{"@type":"ReadAction","target":["https:\/\/astrologelvan.com\/magaza\/urun\/anyolit-kolye\/"]}]},{"@type":"ImageObject","inLanguage":"tr","@id":"https:\/\/astrologelvan.com\/magaza\/urun\/anyolit-kolye\/#primaryimage","url":"https:\/\/astrologelvan.com\/magaza\/wp-content\/uploads\/2024\/02\/Anyolit-Kolye-min.jpg","contentUrl":"https:\/\/astrologelvan.com\/magaza\/wp-content\/uploads\/2024\/02\/Anyolit-Kolye-min.jpg","width":1080,"height":1080},{"@type":"BreadcrumbList","@id":"https:\/\/astrologelvan.com\/magaza\/urun\/anyolit-kolye\/#breadcrumb","itemListElement":[{"@type":"ListItem","position":1,"name":"Anasayfa","item":"https:\/\/astrologelvan.com\/magaza\/"},{"@type":"ListItem","position":2,"name":"Ma\u011faza","item":"https:\/\/astrologelvan.com\/magaza\/magaza\/"},{"@type":"ListItem","position":3,"name":"ANYOL\u0130T KOLYE"}]},{"@type":"WebSite","@id":"https:\/\/astrologelvan.com\/magaza\/#website","url":"https:\/\/astrologelvan.com\/magaza\/","name":"Astrolog Elvan","description":"","potentialAction":[{"@type":"SearchAction","target":{"@type":"EntryPoint","urlTemplate":"https:\/\/astrologelvan.com\/magaza\/?s={search_term_string}"},"query-input":{"@type":"PropertyValueSpecification","valueRequired":true,"valueName":"search_term_string"}}],"inLanguage":"tr"}]}},"_links":{"self":[{"href":"https:\/\/astrologelvan.com\/magaza\/wp-json\/wp\/v2\/product\/287","targetHints":{"allow":["GET"]}}],"collection":[{"href":"https:\/\/astrologelvan.com\/magaza\/wp-json\/wp\/v2\/product"}],"about":[{"href":"https:\/\/astrologelvan.com\/magaza\/wp-json\/wp\/v2\/types\/product"}],"replies":[{"embeddable":true,"href":"https:\/\/astrologelvan.com\/magaza\/wp-json\/wp\/v2\/comments?post=287"}],"wp:featuredmedia":[{"embeddable":true,"href":"https:\/\/astrologelvan.com\/magaza\/wp-json\/wp\/v2\/media\/380"}],"wp:attachment":[{"href":"https:\/\/astrologelvan.com\/magaza\/wp-json\/wp\/v2\/media?parent=287"}],"wp:term":[{"taxonomy":"product_brand","embeddable":true,"href":"https:\/\/astrologelvan.com\/magaza\/wp-json\/wp\/v2\/product_brand?post=287"},{"taxonomy":"product_cat","embeddable":true,"href":"https:\/\/astrologelvan.com\/magaza\/wp-json\/wp\/v2\/product_cat?post=287"},{"taxonomy":"product_tag","embeddable":true,"href":"https:\/\/astrologelvan.com\/magaza\/wp-json\/wp\/v2\/product_tag?post=287"}],"curies":[{"name":"wp","href":"https:\/\/api.w.org\/{rel}","templated":true}]}}