{"id":277,"date":"2024-02-28T02:13:50","date_gmt":"2024-02-27T23:13:50","guid":{"rendered":"https:\/\/astrologelvan.shop\/?post_type=product&#038;p=277"},"modified":"2025-10-06T08:14:49","modified_gmt":"2025-10-06T05:14:49","slug":"pembe-kuvars-kupe","status":"publish","type":"product","link":"https:\/\/astrologelvan.com\/magaza\/urun\/pembe-kuvars-kupe\/","title":{"rendered":"PEMBE KUVARS K\u00dcPE"},"content":{"rendered":"<div class=\"bt_bb_wrapper\">\n<p>Do\u011fal ta\u015f kolyelerimizin tasar\u0131mlar\u0131nda do\u011frudan cilde temas etmesini sa\u011fl\u0131yoruz. B\u00f6ylece do\u011fal ta\u015f kolyenizi takt\u0131k\u00e7a v\u00fccudunuzun titre\u015fimlerine ba\u011flan\u0131r ve size denge ve uyum getirir.<\/p>\n<p>&nbsp;<\/p>\n<p>&nbsp;<\/p>\n<p><strong>Tak\u0131lar\u0131n\u0131z\u0131n uzun s\u00fcre kullanabilmesi i\u00e7in; Parf\u00fcm, su, s\u0131v\u0131, dezenfektan, krem v.b. gibi maddelerle temas etmemesi, du\u015f-banyo s\u0131ras\u0131nda \u00e7\u0131kart\u0131lmas\u0131 gerekmektedir. Ki\u015finin ter-ten yap\u0131s\u0131na g\u00f6re de etkilenmektedir. Tak\u0131lar\u0131n\u0131z\u0131 kullanmad\u0131\u011f\u0131n\u0131z zamanlarda kesesinde saklaman\u0131z\u0131 \u00f6neririz.<\/strong><\/p>\n<p><strong>Do\u011fal ta\u015flar\u0131n belirli titre\u015fimlere ve frekanslara sahip oldu\u011fu bilinmektedir. Bu nedenle v\u00fccudumuzda ve auram\u0131zda birtak\u0131m iyi etkileri oldu\u011fu s\u00f6ylenmektedir. Ta\u015flar\u0131n \u00f6zelliklerinin bilimsel kesinli\u011fi yoktur. Astrologelvan ma\u011fazas\u0131ndaki t\u00fcm ta\u015flar orijinal, ger\u00e7ek do\u011fal ta\u015flard\u0131r. T\u0131bbi konularda doktora dan\u0131\u015fman\u0131z\u0131 tavsiye ederiz. Ta\u015flar\u0131n tedavi edici \u00f6zelli\u011fi yoktur, sadece ki\u015fisel enerjimizi y\u00fckseltmekte ve astrolojik olarak da temsil etti\u011fi gezegenlerin etkilerini artt\u0131rmakta oldu\u011fu kabul edilir. \u00d6rne\u011fin; pembe kuvars ta\u015f\u0131 a\u015fk ve sevgi gezegeni Ven\u00fcs&#8217;\u00fcn ta\u015f\u0131d\u0131r ve bu sebeple \u00fczerinde ta\u015f\u0131yan ki\u015finin a\u015fk ve sevgi frekans\u0131n\u0131 y\u00fckseltti\u011fi bilinir.<\/strong><\/p>\n<p>&nbsp;<\/p>\n<\/div>\n<h3>Pembe Kuvars ne i\u015fe yarar?<\/h3>\n<p>K\u0131saca sevgi ta\u015f\u0131 olarak bilinen Pembe kuvars ya da bir di\u011fer ad\u0131yla g\u00fcl kuvars\u0131 ili\u015fkilerde ya\u015fan\u0131lan sorunlar\u0131n ve kalp \u00e7akras\u0131n\u0131n \u015fifaland\u0131r\u0131lmas\u0131nda yayg\u0131n olarak kullan\u0131l\u0131r. Romantik ili\u015fkilerde, arkada\u015fl\u0131k ili\u015fkilerinde sevgiyi ve huzuru derinle\u015ftirmek istedi\u011finizde pembe kuvarstan yararlanabilirsiniz. Ayn\u0131 zamanda ili\u015fkilerinizdeki denge ve uyumu yakalaman\u0131za da yard\u0131mc\u0131 olur. Kendinize olan g\u00fcveninizi art\u0131r\u0131r. Affedemedi\u011finiz ya da kabullenemedi\u011finiz durumlarda da pembe kuvars \u015fifalanman\u0131za yard\u0131mc\u0131 olur.<\/p>\n<h3>Pembe Kuvars nas\u0131l temizlenir?<\/h3>\n<p>4-5 dakika akan suya tutabilirsiniz ancak pembe kuvars\u0131 kolye olarak kullan\u0131yorsan\u0131z kolyenin metal k\u0131s\u0131mlar\u0131 oksitlenme yapabilir. Pembe Kuvars\u0131 1 gece tuzlu suda bekletebilirsiniz. Tuz pembe kuvarstaki negatif enerjiyi \u00e7ekecektir. Ya da bunun yerine, 24 saat, bitki yeti\u015ftirmedi\u011finiz bir topra\u011fa pembe kuvars\u0131n\u0131z\u0131 g\u00f6mebilirsiniz. Dolunay \u0131\u015f\u0131\u011f\u0131nda 1 gece bekletebilirsiniz ya da ada\u00e7ay\u0131n\u0131 yakarak pembe kuvarslar\u0131n\u0131z\u0131 t\u00fcts\u00fcleyerek temizleyebilirsiniz.<\/p>\n<h3>Pembe Kuvars hangi burcun ta\u015f\u0131?<\/h3>\n<p>Pembe Kuvars genellikle a\u015fk\u0131n ve g\u00fczelli\u011fin gezegeni Ven\u00fcs\u2019\u00fcn y\u00f6netti\u011fi bo\u011fa burcu ile \u00f6zde\u015fle\u015fmi\u015ftir. Ancak pembe kuvars yenge\u00e7 ve terazi bur\u00e7lar\u0131na da \u015fifal\u0131 gelecektir.<\/p>\n<h3>Pembe Kuvars nerede bulunur? \/ Pembe Kuvars hangi \u00fclkede \u00e7\u0131kar?<\/h3>\n<p>Pembe kuvars genellikle Brezilya, G\u00fcney Afrika, Hindistan ve Madagaskar\u2019da tortu olarak \u00e7\u0131kar\u0131lmaktad\u0131r ve laboratuvarda \u00fcretilmektedir.<\/p>\n<p>&nbsp;<\/p>\n<h3>Pembe Kuvars neye iyi gelir? \/ Pembe Kuvars nelere iyi gelir?<\/h3>\n<p>Pembe kuvars kalbinizi ve dola\u015f\u0131m sisteminizi g\u00fc\u00e7lendir ve dengeler. Ruhsal da fiziksel olarak da bir\u00e7ok \u015feye iyi gelmektedir. \u0130\u00e7 huzuru bulman\u0131za, dinginle\u015fmenize, g\u00fcven duyman\u0131za yard\u0131mc\u0131 olur. Ayn\u0131 zamanda Ven\u00fcs\u2019\u00fcn ta\u015f\u0131 oldu\u011fu i\u00e7inde do\u011furganl\u0131\u011f\u0131 art\u0131rd\u0131\u011f\u0131 ve bebe\u011fi d\u00fc\u015f\u00fck do\u011fumlardan korudu\u011funa inan\u0131l\u0131r. Hastal\u0131klar\u0131n tedavilerinde de iyile\u015fmeyi h\u0131zland\u0131r\u0131r ve kalp a\u011fr\u0131lar\u0131na iyi gelir.<\/p>\n<h3>Pembe Kuvars nerede \u00e7\u0131kar?<\/h3>\n<p>Pembe kuvars ilk olarak 1959 y\u0131l\u0131nda Brezilyada bulunmu\u015ftur ve g\u00fcn\u00fcm\u00fczde hala pembe kuvars\u0131n \u00e7\u0131kt\u0131\u011f\u0131 ana yer Brezilya\u2019d\u0131r.<\/p>\n<h3>Pembe Kuvars hangi \u00e7akraya iyi gelir?<\/h3>\n<p>Pembe kuvars genellikle kalp \u00e7akras\u0131 ile ili\u015fkilendirilir. Kalbe derin \u015fifa getirdi\u011fine inan\u0131lan pembe kuvars, ki\u015finin ruh dinginli\u011fine, kendini sevmesine ve huzuru bulmas\u0131na yard\u0131mc\u0131 olur. Yam mantras\u0131 ile beraber kullanarak meditasyon ve \u00e7akra dengeleme gibi \u015fifa \u00e7al\u0131\u015fmalar\u0131n\u0131zda da pembe kuvars\u0131 kullanabilirsiniz. Ayr\u0131ca pand\u00fcl kullan\u0131yorsan\u0131z da sevgi, \u015fefkat, huzur ya da sakinli\u011fe ihtiya\u00e7 duydu\u011funuzda, bir elinize pand\u00fcl\u00fcn\u00fcz\u00fc al\u0131p di\u011fer elinize pembe kuvars\u0131n\u0131z\u0131 alarak da ta\u015f\u0131n enerjisini v\u00fccudunuza y\u00fckleyebilirsiniz.<\/p>\n<h3>Pembe Kuvars neyi simgeler?<\/h3>\n<p>Pembe kuvars a\u015fk\u0131, bar\u0131\u015f\u0131, dengeyi, sakinli\u011fi, kendini sevmeyi ve huzuru simgeler.<\/p>\n<h3>Pembe Kuvars neden \u00f6nemlidir?<\/h3>\n<p>Pembe kuvars g\u00fc\u00e7l\u00fc a\u015fk titre\u015fimleri yayd\u0131\u011f\u0131na inan\u0131ld\u0131\u011f\u0131 i\u00e7in \u00f6nemlidir. Duygular\u0131n\u0131z\u0131 daha rahat ifade etmenizde, sakinle\u015fmeye ihtiyac\u0131n\u0131z oldu\u011funda, kendinizi affetmek ve kabullenmek istedi\u011finizde yayd\u0131\u011f\u0131 a\u015fk titre\u015fimleriyle sizi \u015fifaland\u0131r\u0131r. Duygusal ili\u015fkilerinizi destekler, duygular\u0131n\u0131z\u0131 g\u00fc\u00e7lendirdi\u011fi ve i\u00e7 huzurunuzu bulmada yard\u0131mc\u0131 oldu\u011fu i\u00e7in pembe kuvars \u00f6nemlidir.<\/p>\n","protected":false},"excerpt":{"rendered":"<p>A\u015fk ve sevgi ta\u015f\u0131d\u0131r. \u00d6zellikle ili\u015fkilerinizi yoluna koymak i\u00e7in ve i\u00e7inizdeki di\u015fi enerjiyi a\u00e7\u0131\u011fa \u00e7\u0131karmak i\u00e7in kullanabilirsiniz. Kolyenizi ada\u00e7ay\u0131 ile t\u00fcts\u00fcleyip takmaya ba\u015flayabilirsiniz. \u0130lk seferde 21 g\u00fcn boyunca kolyenizi \u00fczerinizde ta\u015f\u0131mal\u0131s\u0131n\u0131z. Do\u011fru a\u015fk ve sevgiyi hayat\u0131n\u0131za \u00e7ekmenize yard\u0131mc\u0131 olur. Terazi ve Bo\u011fa bur\u00e7lar\u0131n\u0131n ana ta\u015f\u0131d\u0131r. \u0130li\u015fkileri dengeler. Her bur\u00e7 kullanabilir. A\u015fk rit\u00fcellerinizde \u00f6zellikle kullan\u0131n\u0131z.<\/p>\n<p>&nbsp;<\/p>\n","protected":false},"featured_media":364,"comment_status":"closed","ping_status":"closed","template":"","meta":[],"product_brand":[],"product_cat":[135,34],"product_tag":[136],"class_list":{"0":"post-277","1":"product","2":"type-product","3":"status-publish","4":"has-post-thumbnail","6":"product_cat-kupe","7":"product_cat-pembe-kuvars","8":"product_tag-kupe","10":"first","11":"outofstock","12":"taxable","13":"shipping-taxable","14":"purchasable","15":"product-type-simple"},"yoast_head":"<!-- This site is optimized with the Yoast SEO plugin v27.3 - https:\/\/yoast.com\/product\/yoast-seo-wordpress\/ -->\n<title>PEMBE KUVARS K\u00dcPE - Astrolog Elvan<\/title>\n<meta name=\"robots\" content=\"index, follow, max-snippet:-1, max-image-preview:large, max-video-preview:-1\" \/>\n<link rel=\"canonical\" href=\"https:\/\/astrologelvan.com\/magaza\/urun\/pembe-kuvars-kupe\/\" \/>\n<meta property=\"og:locale\" content=\"tr_TR\" \/>\n<meta property=\"og:type\" content=\"article\" \/>\n<meta property=\"og:title\" content=\"PEMBE KUVARS K\u00dcPE - Astrolog Elvan\" \/>\n<meta property=\"og:description\" content=\"A\u015fk ve sevgi ta\u015f\u0131d\u0131r. \u00d6zellikle ili\u015fkilerinizi yoluna koymak i\u00e7in ve i\u00e7inizdeki di\u015fi enerjiyi a\u00e7\u0131\u011fa \u00e7\u0131karmak i\u00e7in kullanabilirsiniz. Kolyenizi ada\u00e7ay\u0131 ile t\u00fcts\u00fcleyip takmaya ba\u015flayabilirsiniz. \u0130lk seferde 21 g\u00fcn boyunca kolyenizi \u00fczerinizde ta\u015f\u0131mal\u0131s\u0131n\u0131z. Do\u011fru a\u015fk ve sevgiyi hayat\u0131n\u0131za \u00e7ekmenize yard\u0131mc\u0131 olur. Terazi ve Bo\u011fa bur\u00e7lar\u0131n\u0131n ana ta\u015f\u0131d\u0131r. \u0130li\u015fkileri dengeler. Her bur\u00e7 kullanabilir. A\u015fk rit\u00fcellerinizde \u00f6zellikle kullan\u0131n\u0131z.  &nbsp;\" \/>\n<meta property=\"og:url\" content=\"https:\/\/astrologelvan.com\/magaza\/urun\/pembe-kuvars-kupe\/\" \/>\n<meta property=\"og:site_name\" content=\"Astrolog Elvan\" \/>\n<meta property=\"article:modified_time\" content=\"2025-10-06T05:14:49+00:00\" \/>\n<meta property=\"og:image\" content=\"https:\/\/astrologelvan.com\/magaza\/wp-content\/uploads\/2024\/02\/Pembe-Kuvars-Kupe-1.jpg\" \/>\n\t<meta property=\"og:image:width\" content=\"1080\" \/>\n\t<meta property=\"og:image:height\" content=\"1080\" \/>\n\t<meta property=\"og:image:type\" content=\"image\/jpeg\" \/>\n<meta name=\"twitter:card\" content=\"summary_large_image\" \/>\n<meta name=\"twitter:label1\" content=\"Tahmini okuma s\u00fcresi\" \/>\n\t<meta name=\"twitter:data1\" content=\"4 dakika\" \/>\n<script type=\"application\/ld+json\" class=\"yoast-schema-graph\">{\"@context\":\"https:\\\/\\\/schema.org\",\"@graph\":[{\"@type\":[\"WebPage\",\"ItemPage\"],\"@id\":\"https:\\\/\\\/astrologelvan.com\\\/magaza\\\/urun\\\/pembe-kuvars-kupe\\\/\",\"url\":\"https:\\\/\\\/astrologelvan.com\\\/magaza\\\/urun\\\/pembe-kuvars-kupe\\\/\",\"name\":\"PEMBE KUVARS K\u00dcPE - Astrolog Elvan\",\"isPartOf\":{\"@id\":\"https:\\\/\\\/astrologelvan.com\\\/magaza\\\/#website\"},\"primaryImageOfPage\":{\"@id\":\"https:\\\/\\\/astrologelvan.com\\\/magaza\\\/urun\\\/pembe-kuvars-kupe\\\/#primaryimage\"},\"image\":{\"@id\":\"https:\\\/\\\/astrologelvan.com\\\/magaza\\\/urun\\\/pembe-kuvars-kupe\\\/#primaryimage\"},\"thumbnailUrl\":\"https:\\\/\\\/astrologelvan.com\\\/magaza\\\/wp-content\\\/uploads\\\/2024\\\/02\\\/Pembe-Kuvars-Kupe-1.jpg\",\"datePublished\":\"2024-02-27T23:13:50+00:00\",\"dateModified\":\"2025-10-06T05:14:49+00:00\",\"breadcrumb\":{\"@id\":\"https:\\\/\\\/astrologelvan.com\\\/magaza\\\/urun\\\/pembe-kuvars-kupe\\\/#breadcrumb\"},\"inLanguage\":\"tr\",\"potentialAction\":[{\"@type\":\"ReadAction\",\"target\":[\"https:\\\/\\\/astrologelvan.com\\\/magaza\\\/urun\\\/pembe-kuvars-kupe\\\/\"]}]},{\"@type\":\"ImageObject\",\"inLanguage\":\"tr\",\"@id\":\"https:\\\/\\\/astrologelvan.com\\\/magaza\\\/urun\\\/pembe-kuvars-kupe\\\/#primaryimage\",\"url\":\"https:\\\/\\\/astrologelvan.com\\\/magaza\\\/wp-content\\\/uploads\\\/2024\\\/02\\\/Pembe-Kuvars-Kupe-1.jpg\",\"contentUrl\":\"https:\\\/\\\/astrologelvan.com\\\/magaza\\\/wp-content\\\/uploads\\\/2024\\\/02\\\/Pembe-Kuvars-Kupe-1.jpg\",\"width\":1080,\"height\":1080},{\"@type\":\"BreadcrumbList\",\"@id\":\"https:\\\/\\\/astrologelvan.com\\\/magaza\\\/urun\\\/pembe-kuvars-kupe\\\/#breadcrumb\",\"itemListElement\":[{\"@type\":\"ListItem\",\"position\":1,\"name\":\"Anasayfa\",\"item\":\"https:\\\/\\\/astrologelvan.com\\\/magaza\\\/\"},{\"@type\":\"ListItem\",\"position\":2,\"name\":\"Ma\u011faza\",\"item\":\"https:\\\/\\\/astrologelvan.com\\\/magaza\\\/magaza\\\/\"},{\"@type\":\"ListItem\",\"position\":3,\"name\":\"PEMBE KUVARS K\u00dcPE\"}]},{\"@type\":\"WebSite\",\"@id\":\"https:\\\/\\\/astrologelvan.com\\\/magaza\\\/#website\",\"url\":\"https:\\\/\\\/astrologelvan.com\\\/magaza\\\/\",\"name\":\"Astrolog Elvan\",\"description\":\"\",\"potentialAction\":[{\"@type\":\"SearchAction\",\"target\":{\"@type\":\"EntryPoint\",\"urlTemplate\":\"https:\\\/\\\/astrologelvan.com\\\/magaza\\\/?s={search_term_string}\"},\"query-input\":{\"@type\":\"PropertyValueSpecification\",\"valueRequired\":true,\"valueName\":\"search_term_string\"}}],\"inLanguage\":\"tr\"}]}<\/script>\n<!-- \/ Yoast SEO plugin. -->","yoast_head_json":{"title":"PEMBE KUVARS K\u00dcPE - Astrolog Elvan","robots":{"index":"index","follow":"follow","max-snippet":"max-snippet:-1","max-image-preview":"max-image-preview:large","max-video-preview":"max-video-preview:-1"},"canonical":"https:\/\/astrologelvan.com\/magaza\/urun\/pembe-kuvars-kupe\/","og_locale":"tr_TR","og_type":"article","og_title":"PEMBE KUVARS K\u00dcPE - Astrolog Elvan","og_description":"A\u015fk ve sevgi ta\u015f\u0131d\u0131r. \u00d6zellikle ili\u015fkilerinizi yoluna koymak i\u00e7in ve i\u00e7inizdeki di\u015fi enerjiyi a\u00e7\u0131\u011fa \u00e7\u0131karmak i\u00e7in kullanabilirsiniz. Kolyenizi ada\u00e7ay\u0131 ile t\u00fcts\u00fcleyip takmaya ba\u015flayabilirsiniz. \u0130lk seferde 21 g\u00fcn boyunca kolyenizi \u00fczerinizde ta\u015f\u0131mal\u0131s\u0131n\u0131z. Do\u011fru a\u015fk ve sevgiyi hayat\u0131n\u0131za \u00e7ekmenize yard\u0131mc\u0131 olur. Terazi ve Bo\u011fa bur\u00e7lar\u0131n\u0131n ana ta\u015f\u0131d\u0131r. \u0130li\u015fkileri dengeler. Her bur\u00e7 kullanabilir. A\u015fk rit\u00fcellerinizde \u00f6zellikle kullan\u0131n\u0131z.  &nbsp;","og_url":"https:\/\/astrologelvan.com\/magaza\/urun\/pembe-kuvars-kupe\/","og_site_name":"Astrolog Elvan","article_modified_time":"2025-10-06T05:14:49+00:00","og_image":[{"width":1080,"height":1080,"url":"https:\/\/astrologelvan.com\/magaza\/wp-content\/uploads\/2024\/02\/Pembe-Kuvars-Kupe-1.jpg","type":"image\/jpeg"}],"twitter_card":"summary_large_image","twitter_misc":{"Tahmini okuma s\u00fcresi":"4 dakika"},"schema":{"@context":"https:\/\/schema.org","@graph":[{"@type":["WebPage","ItemPage"],"@id":"https:\/\/astrologelvan.com\/magaza\/urun\/pembe-kuvars-kupe\/","url":"https:\/\/astrologelvan.com\/magaza\/urun\/pembe-kuvars-kupe\/","name":"PEMBE KUVARS K\u00dcPE - Astrolog Elvan","isPartOf":{"@id":"https:\/\/astrologelvan.com\/magaza\/#website"},"primaryImageOfPage":{"@id":"https:\/\/astrologelvan.com\/magaza\/urun\/pembe-kuvars-kupe\/#primaryimage"},"image":{"@id":"https:\/\/astrologelvan.com\/magaza\/urun\/pembe-kuvars-kupe\/#primaryimage"},"thumbnailUrl":"https:\/\/astrologelvan.com\/magaza\/wp-content\/uploads\/2024\/02\/Pembe-Kuvars-Kupe-1.jpg","datePublished":"2024-02-27T23:13:50+00:00","dateModified":"2025-10-06T05:14:49+00:00","breadcrumb":{"@id":"https:\/\/astrologelvan.com\/magaza\/urun\/pembe-kuvars-kupe\/#breadcrumb"},"inLanguage":"tr","potentialAction":[{"@type":"ReadAction","target":["https:\/\/astrologelvan.com\/magaza\/urun\/pembe-kuvars-kupe\/"]}]},{"@type":"ImageObject","inLanguage":"tr","@id":"https:\/\/astrologelvan.com\/magaza\/urun\/pembe-kuvars-kupe\/#primaryimage","url":"https:\/\/astrologelvan.com\/magaza\/wp-content\/uploads\/2024\/02\/Pembe-Kuvars-Kupe-1.jpg","contentUrl":"https:\/\/astrologelvan.com\/magaza\/wp-content\/uploads\/2024\/02\/Pembe-Kuvars-Kupe-1.jpg","width":1080,"height":1080},{"@type":"BreadcrumbList","@id":"https:\/\/astrologelvan.com\/magaza\/urun\/pembe-kuvars-kupe\/#breadcrumb","itemListElement":[{"@type":"ListItem","position":1,"name":"Anasayfa","item":"https:\/\/astrologelvan.com\/magaza\/"},{"@type":"ListItem","position":2,"name":"Ma\u011faza","item":"https:\/\/astrologelvan.com\/magaza\/magaza\/"},{"@type":"ListItem","position":3,"name":"PEMBE KUVARS K\u00dcPE"}]},{"@type":"WebSite","@id":"https:\/\/astrologelvan.com\/magaza\/#website","url":"https:\/\/astrologelvan.com\/magaza\/","name":"Astrolog Elvan","description":"","potentialAction":[{"@type":"SearchAction","target":{"@type":"EntryPoint","urlTemplate":"https:\/\/astrologelvan.com\/magaza\/?s={search_term_string}"},"query-input":{"@type":"PropertyValueSpecification","valueRequired":true,"valueName":"search_term_string"}}],"inLanguage":"tr"}]}},"_links":{"self":[{"href":"https:\/\/astrologelvan.com\/magaza\/wp-json\/wp\/v2\/product\/277","targetHints":{"allow":["GET"]}}],"collection":[{"href":"https:\/\/astrologelvan.com\/magaza\/wp-json\/wp\/v2\/product"}],"about":[{"href":"https:\/\/astrologelvan.com\/magaza\/wp-json\/wp\/v2\/types\/product"}],"replies":[{"embeddable":true,"href":"https:\/\/astrologelvan.com\/magaza\/wp-json\/wp\/v2\/comments?post=277"}],"wp:featuredmedia":[{"embeddable":true,"href":"https:\/\/astrologelvan.com\/magaza\/wp-json\/wp\/v2\/media\/364"}],"wp:attachment":[{"href":"https:\/\/astrologelvan.com\/magaza\/wp-json\/wp\/v2\/media?parent=277"}],"wp:term":[{"taxonomy":"product_brand","embeddable":true,"href":"https:\/\/astrologelvan.com\/magaza\/wp-json\/wp\/v2\/product_brand?post=277"},{"taxonomy":"product_cat","embeddable":true,"href":"https:\/\/astrologelvan.com\/magaza\/wp-json\/wp\/v2\/product_cat?post=277"},{"taxonomy":"product_tag","embeddable":true,"href":"https:\/\/astrologelvan.com\/magaza\/wp-json\/wp\/v2\/product_tag?post=277"}],"curies":[{"name":"wp","href":"https:\/\/api.w.org\/{rel}","templated":true}]}}