{"id":27235,"date":"2024-12-27T17:25:25","date_gmt":"2024-12-27T14:25:25","guid":{"rendered":"https:\/\/astrologelvan.com\/magaza\/?post_type=product&#038;p=27235"},"modified":"2025-10-23T18:58:11","modified_gmt":"2025-10-23T15:58:11","slug":"2025-eros-ask-paketi","status":"publish","type":"product","link":"https:\/\/astrologelvan.com\/magaza\/urun\/2025-eros-ask-paketi\/","title":{"rendered":"2025 EROS A\u015eK PAKET\u0130"},"content":{"rendered":"<p>Unicorn Bileklik<\/p>\n<p>Ven\u00fcs A\u015fk Mantras\u0131<\/p>\n<p>Hediye Kutusu<\/p>\n<p>Y\u0131lba\u015f\u0131 Kart\u0131<\/p>\n","protected":false},"excerpt":{"rendered":"<p>2025 y\u0131l\u0131na hayalinizdeki a\u015fk\u0131 manifestleyerek girin! Sadece s\u0131n\u0131rl\u0131 say\u0131da Ven\u00fcs Mantra, renkli selenitten \u00fcretilen Unicorn bileklik, nostaljik y\u0131lba\u015f\u0131 dilek kartpostal\u0131 \u00f6zel kutusuyla sizlerle.<\/p>\n<p>Ven\u00fcs Mantra kolyeyi 30 g\u00fcn boyunca takarak, a\u015fk\u0131n ve de\u011ferli hissetmenin gezegeni Ven\u00fcs&#8217;\u00fc haritan\u0131zda iyile\u015ftirebilir ve g\u00fc\u00e7lendirebilirsiniz. B\u00f6ylece sizi mutlu edecek romantik bir a\u015fk\u0131 hayat\u0131n\u0131za \u00e7ekersiniz. Renkli selenitten ellerimizle haz\u0131rlad\u0131\u011f\u0131m\u0131z unicorn bileklik ile 2025&#8217;te mucizeleri hayat\u0131n\u0131za \u00e7ekmeye niyet edin ve ne zaman kendinizi mutsuz ve huzursuz hissetseniz tak\u0131n, frekans\u0131n\u0131z y\u00fckselsin. Auran\u0131z temizlensin. Selenit, kendi kendini temizleyen tek ta\u015ft\u0131r. Dilek kartpostal\u0131na 2025 niyetlerinizi yaz\u0131n, hayalleriniz bir bir ger\u00e7e\u011finiz olsun!<\/p>\n","protected":false},"featured_media":27255,"comment_status":"open","ping_status":"closed","template":"","meta":[],"product_brand":[],"product_cat":[26,422],"product_tag":[],"class_list":{"0":"post-27235","1":"product","2":"type-product","3":"status-publish","4":"has-post-thumbnail","6":"product_cat-genel","7":"product_cat-selenit-tasi","9":"first","10":"instock","11":"taxable","12":"shipping-taxable","13":"purchasable","14":"product-type-simple"},"yoast_head":"<!-- This site is optimized with the Yoast SEO plugin v27.3 - https:\/\/yoast.com\/product\/yoast-seo-wordpress\/ -->\n<title>2025 EROS A\u015eK PAKET\u0130 - Astrolog Elvan<\/title>\n<meta name=\"robots\" content=\"index, follow, max-snippet:-1, max-image-preview:large, max-video-preview:-1\" \/>\n<link rel=\"canonical\" href=\"https:\/\/astrologelvan.com\/magaza\/urun\/2025-eros-ask-paketi\/\" \/>\n<meta property=\"og:locale\" content=\"tr_TR\" \/>\n<meta property=\"og:type\" content=\"article\" \/>\n<meta property=\"og:title\" content=\"2025 EROS A\u015eK PAKET\u0130 - Astrolog Elvan\" \/>\n<meta property=\"og:description\" content=\"2025 y\u0131l\u0131na hayalinizdeki a\u015fk\u0131 manifestleyerek girin! Sadece s\u0131n\u0131rl\u0131 say\u0131da Ven\u00fcs Mantra, renkli selenitten \u00fcretilen Unicorn bileklik, nostaljik y\u0131lba\u015f\u0131 dilek kartpostal\u0131 \u00f6zel kutusuyla sizlerle.  Ven\u00fcs Mantra kolyeyi 30 g\u00fcn boyunca takarak, a\u015fk\u0131n ve de\u011ferli hissetmenin gezegeni Ven\u00fcs&#039;\u00fc haritan\u0131zda iyile\u015ftirebilir ve g\u00fc\u00e7lendirebilirsiniz. B\u00f6ylece sizi mutlu edecek romantik bir a\u015fk\u0131 hayat\u0131n\u0131za \u00e7ekersiniz. Renkli selenitten ellerimizle haz\u0131rlad\u0131\u011f\u0131m\u0131z unicorn bileklik ile 2025&#039;te mucizeleri hayat\u0131n\u0131za \u00e7ekmeye niyet edin ve ne zaman kendinizi mutsuz ve huzursuz hissetseniz tak\u0131n, frekans\u0131n\u0131z y\u00fckselsin. Auran\u0131z temizlensin. Selenit, kendi kendini temizleyen tek ta\u015ft\u0131r. Dilek kartpostal\u0131na 2025 niyetlerinizi yaz\u0131n, hayalleriniz bir bir ger\u00e7e\u011finiz olsun!\" \/>\n<meta property=\"og:url\" content=\"https:\/\/astrologelvan.com\/magaza\/urun\/2025-eros-ask-paketi\/\" \/>\n<meta property=\"og:site_name\" content=\"Astrolog Elvan\" \/>\n<meta property=\"article:modified_time\" content=\"2025-10-23T15:58:11+00:00\" \/>\n<meta property=\"og:image\" content=\"https:\/\/astrologelvan.com\/magaza\/wp-content\/uploads\/2024\/12\/kit-2-scaled.jpg\" \/>\n\t<meta property=\"og:image:width\" content=\"1707\" \/>\n\t<meta property=\"og:image:height\" content=\"2560\" \/>\n\t<meta property=\"og:image:type\" content=\"image\/jpeg\" \/>\n<meta name=\"twitter:card\" content=\"summary_large_image\" \/>\n<meta name=\"twitter:label1\" content=\"Tahmini okuma s\u00fcresi\" \/>\n\t<meta name=\"twitter:data1\" content=\"1 dakika\" \/>\n<script type=\"application\/ld+json\" class=\"yoast-schema-graph\">{\"@context\":\"https:\\\/\\\/schema.org\",\"@graph\":[{\"@type\":[\"WebPage\",\"ItemPage\"],\"@id\":\"https:\\\/\\\/astrologelvan.com\\\/magaza\\\/urun\\\/2025-eros-ask-paketi\\\/\",\"url\":\"https:\\\/\\\/astrologelvan.com\\\/magaza\\\/urun\\\/2025-eros-ask-paketi\\\/\",\"name\":\"2025 EROS A\u015eK PAKET\u0130 - Astrolog Elvan\",\"isPartOf\":{\"@id\":\"https:\\\/\\\/astrologelvan.com\\\/magaza\\\/#website\"},\"primaryImageOfPage\":{\"@id\":\"https:\\\/\\\/astrologelvan.com\\\/magaza\\\/urun\\\/2025-eros-ask-paketi\\\/#primaryimage\"},\"image\":{\"@id\":\"https:\\\/\\\/astrologelvan.com\\\/magaza\\\/urun\\\/2025-eros-ask-paketi\\\/#primaryimage\"},\"thumbnailUrl\":\"https:\\\/\\\/astrologelvan.com\\\/magaza\\\/wp-content\\\/uploads\\\/2024\\\/12\\\/kit-2-scaled.jpg\",\"datePublished\":\"2024-12-27T14:25:25+00:00\",\"dateModified\":\"2025-10-23T15:58:11+00:00\",\"breadcrumb\":{\"@id\":\"https:\\\/\\\/astrologelvan.com\\\/magaza\\\/urun\\\/2025-eros-ask-paketi\\\/#breadcrumb\"},\"inLanguage\":\"tr\",\"potentialAction\":[{\"@type\":\"ReadAction\",\"target\":[\"https:\\\/\\\/astrologelvan.com\\\/magaza\\\/urun\\\/2025-eros-ask-paketi\\\/\"]}]},{\"@type\":\"ImageObject\",\"inLanguage\":\"tr\",\"@id\":\"https:\\\/\\\/astrologelvan.com\\\/magaza\\\/urun\\\/2025-eros-ask-paketi\\\/#primaryimage\",\"url\":\"https:\\\/\\\/astrologelvan.com\\\/magaza\\\/wp-content\\\/uploads\\\/2024\\\/12\\\/kit-2-scaled.jpg\",\"contentUrl\":\"https:\\\/\\\/astrologelvan.com\\\/magaza\\\/wp-content\\\/uploads\\\/2024\\\/12\\\/kit-2-scaled.jpg\",\"width\":1707,\"height\":2560},{\"@type\":\"BreadcrumbList\",\"@id\":\"https:\\\/\\\/astrologelvan.com\\\/magaza\\\/urun\\\/2025-eros-ask-paketi\\\/#breadcrumb\",\"itemListElement\":[{\"@type\":\"ListItem\",\"position\":1,\"name\":\"Anasayfa\",\"item\":\"https:\\\/\\\/astrologelvan.com\\\/magaza\\\/\"},{\"@type\":\"ListItem\",\"position\":2,\"name\":\"Ma\u011faza\",\"item\":\"https:\\\/\\\/astrologelvan.com\\\/magaza\\\/magaza\\\/\"},{\"@type\":\"ListItem\",\"position\":3,\"name\":\"2025 EROS A\u015eK PAKET\u0130\"}]},{\"@type\":\"WebSite\",\"@id\":\"https:\\\/\\\/astrologelvan.com\\\/magaza\\\/#website\",\"url\":\"https:\\\/\\\/astrologelvan.com\\\/magaza\\\/\",\"name\":\"Astrolog Elvan\",\"description\":\"\",\"potentialAction\":[{\"@type\":\"SearchAction\",\"target\":{\"@type\":\"EntryPoint\",\"urlTemplate\":\"https:\\\/\\\/astrologelvan.com\\\/magaza\\\/?s={search_term_string}\"},\"query-input\":{\"@type\":\"PropertyValueSpecification\",\"valueRequired\":true,\"valueName\":\"search_term_string\"}}],\"inLanguage\":\"tr\"}]}<\/script>\n<!-- \/ Yoast SEO plugin. -->","yoast_head_json":{"title":"2025 EROS A\u015eK PAKET\u0130 - Astrolog Elvan","robots":{"index":"index","follow":"follow","max-snippet":"max-snippet:-1","max-image-preview":"max-image-preview:large","max-video-preview":"max-video-preview:-1"},"canonical":"https:\/\/astrologelvan.com\/magaza\/urun\/2025-eros-ask-paketi\/","og_locale":"tr_TR","og_type":"article","og_title":"2025 EROS A\u015eK PAKET\u0130 - Astrolog Elvan","og_description":"2025 y\u0131l\u0131na hayalinizdeki a\u015fk\u0131 manifestleyerek girin! Sadece s\u0131n\u0131rl\u0131 say\u0131da Ven\u00fcs Mantra, renkli selenitten \u00fcretilen Unicorn bileklik, nostaljik y\u0131lba\u015f\u0131 dilek kartpostal\u0131 \u00f6zel kutusuyla sizlerle.  Ven\u00fcs Mantra kolyeyi 30 g\u00fcn boyunca takarak, a\u015fk\u0131n ve de\u011ferli hissetmenin gezegeni Ven\u00fcs'\u00fc haritan\u0131zda iyile\u015ftirebilir ve g\u00fc\u00e7lendirebilirsiniz. B\u00f6ylece sizi mutlu edecek romantik bir a\u015fk\u0131 hayat\u0131n\u0131za \u00e7ekersiniz. Renkli selenitten ellerimizle haz\u0131rlad\u0131\u011f\u0131m\u0131z unicorn bileklik ile 2025'te mucizeleri hayat\u0131n\u0131za \u00e7ekmeye niyet edin ve ne zaman kendinizi mutsuz ve huzursuz hissetseniz tak\u0131n, frekans\u0131n\u0131z y\u00fckselsin. Auran\u0131z temizlensin. Selenit, kendi kendini temizleyen tek ta\u015ft\u0131r. Dilek kartpostal\u0131na 2025 niyetlerinizi yaz\u0131n, hayalleriniz bir bir ger\u00e7e\u011finiz olsun!","og_url":"https:\/\/astrologelvan.com\/magaza\/urun\/2025-eros-ask-paketi\/","og_site_name":"Astrolog Elvan","article_modified_time":"2025-10-23T15:58:11+00:00","og_image":[{"width":1707,"height":2560,"url":"https:\/\/astrologelvan.com\/magaza\/wp-content\/uploads\/2024\/12\/kit-2-scaled.jpg","type":"image\/jpeg"}],"twitter_card":"summary_large_image","twitter_misc":{"Tahmini okuma s\u00fcresi":"1 dakika"},"schema":{"@context":"https:\/\/schema.org","@graph":[{"@type":["WebPage","ItemPage"],"@id":"https:\/\/astrologelvan.com\/magaza\/urun\/2025-eros-ask-paketi\/","url":"https:\/\/astrologelvan.com\/magaza\/urun\/2025-eros-ask-paketi\/","name":"2025 EROS A\u015eK PAKET\u0130 - Astrolog Elvan","isPartOf":{"@id":"https:\/\/astrologelvan.com\/magaza\/#website"},"primaryImageOfPage":{"@id":"https:\/\/astrologelvan.com\/magaza\/urun\/2025-eros-ask-paketi\/#primaryimage"},"image":{"@id":"https:\/\/astrologelvan.com\/magaza\/urun\/2025-eros-ask-paketi\/#primaryimage"},"thumbnailUrl":"https:\/\/astrologelvan.com\/magaza\/wp-content\/uploads\/2024\/12\/kit-2-scaled.jpg","datePublished":"2024-12-27T14:25:25+00:00","dateModified":"2025-10-23T15:58:11+00:00","breadcrumb":{"@id":"https:\/\/astrologelvan.com\/magaza\/urun\/2025-eros-ask-paketi\/#breadcrumb"},"inLanguage":"tr","potentialAction":[{"@type":"ReadAction","target":["https:\/\/astrologelvan.com\/magaza\/urun\/2025-eros-ask-paketi\/"]}]},{"@type":"ImageObject","inLanguage":"tr","@id":"https:\/\/astrologelvan.com\/magaza\/urun\/2025-eros-ask-paketi\/#primaryimage","url":"https:\/\/astrologelvan.com\/magaza\/wp-content\/uploads\/2024\/12\/kit-2-scaled.jpg","contentUrl":"https:\/\/astrologelvan.com\/magaza\/wp-content\/uploads\/2024\/12\/kit-2-scaled.jpg","width":1707,"height":2560},{"@type":"BreadcrumbList","@id":"https:\/\/astrologelvan.com\/magaza\/urun\/2025-eros-ask-paketi\/#breadcrumb","itemListElement":[{"@type":"ListItem","position":1,"name":"Anasayfa","item":"https:\/\/astrologelvan.com\/magaza\/"},{"@type":"ListItem","position":2,"name":"Ma\u011faza","item":"https:\/\/astrologelvan.com\/magaza\/magaza\/"},{"@type":"ListItem","position":3,"name":"2025 EROS A\u015eK PAKET\u0130"}]},{"@type":"WebSite","@id":"https:\/\/astrologelvan.com\/magaza\/#website","url":"https:\/\/astrologelvan.com\/magaza\/","name":"Astrolog Elvan","description":"","potentialAction":[{"@type":"SearchAction","target":{"@type":"EntryPoint","urlTemplate":"https:\/\/astrologelvan.com\/magaza\/?s={search_term_string}"},"query-input":{"@type":"PropertyValueSpecification","valueRequired":true,"valueName":"search_term_string"}}],"inLanguage":"tr"}]}},"_links":{"self":[{"href":"https:\/\/astrologelvan.com\/magaza\/wp-json\/wp\/v2\/product\/27235","targetHints":{"allow":["GET"]}}],"collection":[{"href":"https:\/\/astrologelvan.com\/magaza\/wp-json\/wp\/v2\/product"}],"about":[{"href":"https:\/\/astrologelvan.com\/magaza\/wp-json\/wp\/v2\/types\/product"}],"replies":[{"embeddable":true,"href":"https:\/\/astrologelvan.com\/magaza\/wp-json\/wp\/v2\/comments?post=27235"}],"wp:featuredmedia":[{"embeddable":true,"href":"https:\/\/astrologelvan.com\/magaza\/wp-json\/wp\/v2\/media\/27255"}],"wp:attachment":[{"href":"https:\/\/astrologelvan.com\/magaza\/wp-json\/wp\/v2\/media?parent=27235"}],"wp:term":[{"taxonomy":"product_brand","embeddable":true,"href":"https:\/\/astrologelvan.com\/magaza\/wp-json\/wp\/v2\/product_brand?post=27235"},{"taxonomy":"product_cat","embeddable":true,"href":"https:\/\/astrologelvan.com\/magaza\/wp-json\/wp\/v2\/product_cat?post=27235"},{"taxonomy":"product_tag","embeddable":true,"href":"https:\/\/astrologelvan.com\/magaza\/wp-json\/wp\/v2\/product_tag?post=27235"}],"curies":[{"name":"wp","href":"https:\/\/api.w.org\/{rel}","templated":true}]}}