{"id":25091,"date":"2024-12-19T14:17:18","date_gmt":"2024-12-19T11:17:18","guid":{"rendered":"https:\/\/astrologelvan.com\/magaza\/?post_type=product&#038;p=25091"},"modified":"2026-02-27T00:53:32","modified_gmt":"2026-02-26T21:53:32","slug":"aytasi-a-kalite-kolye","status":"publish","type":"product","link":"https:\/\/astrologelvan.com\/magaza\/urun\/aytasi-a-kalite-kolye\/","title":{"rendered":"AYTA\u015eI (A KAL\u0130TE) KOLYE"},"content":{"rendered":"<div><strong>17,8 Gram<\/strong><\/div>\n<div><strong>Zincir uzunlu\u011fu: 40 cm<\/strong><\/div>\n","protected":false},"excerpt":{"rendered":"<p><strong>\u201cDuygusal Denge ve Zarafet Bir Arada: A Kalite Ay Ta\u015f\u0131 Kolye\u201d<\/strong><\/p>\n<p>Ay ta\u015f\u0131, y\u00fczy\u0131llard\u0131r sezgilerin ta\u015f\u0131 olarak bilinir ve kad\u0131ns\u0131 enerjiyi g\u00fc\u00e7lendirdi\u011fi, duygusal dengeyi sa\u011flad\u0131\u011f\u0131 d\u00fc\u015f\u00fcn\u00fcl\u00fcr. \u015eimdi bu \u00f6zel enerjiyi yan\u0131n\u0131zda ta\u015f\u0131mak i\u00e7in size A kalite ay ta\u015f\u0131 kolyemizi sunuyoruz.<\/p>\n<p>Zarif kesimi ve y\u00fcksek kalitedeki ta\u015f\u0131n \u0131\u015f\u0131ldayan parlakl\u0131\u011f\u0131yla, hem \u015f\u0131k bir aksesuar hem de g\u00fc\u00e7l\u00fc bir enerji ta\u015f\u0131.<\/p>\n<p>Meditasyon yaparken ya da g\u00fcnl\u00fck hayat\u0131n\u0131zda ruhsal dengeyi koruman\u0131za yard\u0131mc\u0131 olur.<\/p>\n<p>Bu e\u015fsiz par\u00e7aya sahip olun ve hayat\u0131n\u0131za zarafetle birlikte pozitif enerji kat\u0131n!<\/p>\n","protected":false},"featured_media":25092,"comment_status":"open","ping_status":"closed","template":"","meta":[],"product_brand":[],"product_cat":[153,26,48,114],"product_tag":[],"class_list":{"0":"post-25091","1":"product","2":"type-product","3":"status-publish","4":"has-post-thumbnail","6":"product_cat-aytasi","7":"product_cat-genel","8":"product_cat-kolyeler","9":"product_cat-limited-edition","11":"first","12":"instock","13":"taxable","14":"shipping-taxable","15":"purchasable","16":"product-type-simple"},"yoast_head":"<!-- This site is optimized with the Yoast SEO plugin v27.3 - https:\/\/yoast.com\/product\/yoast-seo-wordpress\/ -->\n<title>AYTA\u015eI (A KAL\u0130TE) KOLYE - Astrolog Elvan<\/title>\n<meta name=\"robots\" content=\"index, follow, max-snippet:-1, max-image-preview:large, max-video-preview:-1\" \/>\n<link rel=\"canonical\" href=\"https:\/\/astrologelvan.com\/magaza\/urun\/aytasi-a-kalite-kolye\/\" \/>\n<meta property=\"og:locale\" content=\"tr_TR\" \/>\n<meta property=\"og:type\" content=\"article\" \/>\n<meta property=\"og:title\" content=\"AYTA\u015eI (A KAL\u0130TE) KOLYE - Astrolog Elvan\" \/>\n<meta property=\"og:description\" content=\"\u201cDuygusal Denge ve Zarafet Bir Arada: A Kalite Ay Ta\u015f\u0131 Kolye\u201d  Ay ta\u015f\u0131, y\u00fczy\u0131llard\u0131r sezgilerin ta\u015f\u0131 olarak bilinir ve kad\u0131ns\u0131 enerjiyi g\u00fc\u00e7lendirdi\u011fi, duygusal dengeyi sa\u011flad\u0131\u011f\u0131 d\u00fc\u015f\u00fcn\u00fcl\u00fcr. \u015eimdi bu \u00f6zel enerjiyi yan\u0131n\u0131zda ta\u015f\u0131mak i\u00e7in size A kalite ay ta\u015f\u0131 kolyemizi sunuyoruz.  Zarif kesimi ve y\u00fcksek kalitedeki ta\u015f\u0131n \u0131\u015f\u0131ldayan parlakl\u0131\u011f\u0131yla, hem \u015f\u0131k bir aksesuar hem de g\u00fc\u00e7l\u00fc bir enerji ta\u015f\u0131.  Meditasyon yaparken ya da g\u00fcnl\u00fck hayat\u0131n\u0131zda ruhsal dengeyi koruman\u0131za yard\u0131mc\u0131 olur.  Bu e\u015fsiz par\u00e7aya sahip olun ve hayat\u0131n\u0131za zarafetle birlikte pozitif enerji kat\u0131n!\" \/>\n<meta property=\"og:url\" content=\"https:\/\/astrologelvan.com\/magaza\/urun\/aytasi-a-kalite-kolye\/\" \/>\n<meta property=\"og:site_name\" content=\"Astrolog Elvan\" \/>\n<meta property=\"article:modified_time\" content=\"2026-02-26T21:53:32+00:00\" \/>\n<meta property=\"og:image\" content=\"https:\/\/astrologelvan.com\/magaza\/wp-content\/uploads\/2024\/12\/1-2-scaled.jpg\" \/>\n\t<meta property=\"og:image:width\" content=\"1920\" \/>\n\t<meta property=\"og:image:height\" content=\"2560\" \/>\n\t<meta property=\"og:image:type\" content=\"image\/jpeg\" \/>\n<meta name=\"twitter:card\" content=\"summary_large_image\" \/>\n<meta name=\"twitter:label1\" content=\"Tahmini okuma s\u00fcresi\" \/>\n\t<meta name=\"twitter:data1\" content=\"1 dakika\" \/>\n<script type=\"application\/ld+json\" class=\"yoast-schema-graph\">{\"@context\":\"https:\\\/\\\/schema.org\",\"@graph\":[{\"@type\":[\"WebPage\",\"ItemPage\"],\"@id\":\"https:\\\/\\\/astrologelvan.com\\\/magaza\\\/urun\\\/aytasi-a-kalite-kolye\\\/\",\"url\":\"https:\\\/\\\/astrologelvan.com\\\/magaza\\\/urun\\\/aytasi-a-kalite-kolye\\\/\",\"name\":\"AYTA\u015eI (A KAL\u0130TE) KOLYE - Astrolog Elvan\",\"isPartOf\":{\"@id\":\"https:\\\/\\\/astrologelvan.com\\\/magaza\\\/#website\"},\"primaryImageOfPage\":{\"@id\":\"https:\\\/\\\/astrologelvan.com\\\/magaza\\\/urun\\\/aytasi-a-kalite-kolye\\\/#primaryimage\"},\"image\":{\"@id\":\"https:\\\/\\\/astrologelvan.com\\\/magaza\\\/urun\\\/aytasi-a-kalite-kolye\\\/#primaryimage\"},\"thumbnailUrl\":\"https:\\\/\\\/astrologelvan.com\\\/magaza\\\/wp-content\\\/uploads\\\/2024\\\/12\\\/1-2-scaled.jpg\",\"datePublished\":\"2024-12-19T11:17:18+00:00\",\"dateModified\":\"2026-02-26T21:53:32+00:00\",\"breadcrumb\":{\"@id\":\"https:\\\/\\\/astrologelvan.com\\\/magaza\\\/urun\\\/aytasi-a-kalite-kolye\\\/#breadcrumb\"},\"inLanguage\":\"tr\",\"potentialAction\":[{\"@type\":\"ReadAction\",\"target\":[\"https:\\\/\\\/astrologelvan.com\\\/magaza\\\/urun\\\/aytasi-a-kalite-kolye\\\/\"]}]},{\"@type\":\"ImageObject\",\"inLanguage\":\"tr\",\"@id\":\"https:\\\/\\\/astrologelvan.com\\\/magaza\\\/urun\\\/aytasi-a-kalite-kolye\\\/#primaryimage\",\"url\":\"https:\\\/\\\/astrologelvan.com\\\/magaza\\\/wp-content\\\/uploads\\\/2024\\\/12\\\/1-2-scaled.jpg\",\"contentUrl\":\"https:\\\/\\\/astrologelvan.com\\\/magaza\\\/wp-content\\\/uploads\\\/2024\\\/12\\\/1-2-scaled.jpg\",\"width\":1920,\"height\":2560},{\"@type\":\"BreadcrumbList\",\"@id\":\"https:\\\/\\\/astrologelvan.com\\\/magaza\\\/urun\\\/aytasi-a-kalite-kolye\\\/#breadcrumb\",\"itemListElement\":[{\"@type\":\"ListItem\",\"position\":1,\"name\":\"Anasayfa\",\"item\":\"https:\\\/\\\/astrologelvan.com\\\/magaza\\\/\"},{\"@type\":\"ListItem\",\"position\":2,\"name\":\"Ma\u011faza\",\"item\":\"https:\\\/\\\/astrologelvan.com\\\/magaza\\\/magaza\\\/\"},{\"@type\":\"ListItem\",\"position\":3,\"name\":\"AYTA\u015eI (A KAL\u0130TE) KOLYE\"}]},{\"@type\":\"WebSite\",\"@id\":\"https:\\\/\\\/astrologelvan.com\\\/magaza\\\/#website\",\"url\":\"https:\\\/\\\/astrologelvan.com\\\/magaza\\\/\",\"name\":\"Astrolog Elvan\",\"description\":\"\",\"potentialAction\":[{\"@type\":\"SearchAction\",\"target\":{\"@type\":\"EntryPoint\",\"urlTemplate\":\"https:\\\/\\\/astrologelvan.com\\\/magaza\\\/?s={search_term_string}\"},\"query-input\":{\"@type\":\"PropertyValueSpecification\",\"valueRequired\":true,\"valueName\":\"search_term_string\"}}],\"inLanguage\":\"tr\"}]}<\/script>\n<!-- \/ Yoast SEO plugin. -->","yoast_head_json":{"title":"AYTA\u015eI (A KAL\u0130TE) KOLYE - Astrolog Elvan","robots":{"index":"index","follow":"follow","max-snippet":"max-snippet:-1","max-image-preview":"max-image-preview:large","max-video-preview":"max-video-preview:-1"},"canonical":"https:\/\/astrologelvan.com\/magaza\/urun\/aytasi-a-kalite-kolye\/","og_locale":"tr_TR","og_type":"article","og_title":"AYTA\u015eI (A KAL\u0130TE) KOLYE - Astrolog Elvan","og_description":"\u201cDuygusal Denge ve Zarafet Bir Arada: A Kalite Ay Ta\u015f\u0131 Kolye\u201d  Ay ta\u015f\u0131, y\u00fczy\u0131llard\u0131r sezgilerin ta\u015f\u0131 olarak bilinir ve kad\u0131ns\u0131 enerjiyi g\u00fc\u00e7lendirdi\u011fi, duygusal dengeyi sa\u011flad\u0131\u011f\u0131 d\u00fc\u015f\u00fcn\u00fcl\u00fcr. \u015eimdi bu \u00f6zel enerjiyi yan\u0131n\u0131zda ta\u015f\u0131mak i\u00e7in size A kalite ay ta\u015f\u0131 kolyemizi sunuyoruz.  Zarif kesimi ve y\u00fcksek kalitedeki ta\u015f\u0131n \u0131\u015f\u0131ldayan parlakl\u0131\u011f\u0131yla, hem \u015f\u0131k bir aksesuar hem de g\u00fc\u00e7l\u00fc bir enerji ta\u015f\u0131.  Meditasyon yaparken ya da g\u00fcnl\u00fck hayat\u0131n\u0131zda ruhsal dengeyi koruman\u0131za yard\u0131mc\u0131 olur.  Bu e\u015fsiz par\u00e7aya sahip olun ve hayat\u0131n\u0131za zarafetle birlikte pozitif enerji kat\u0131n!","og_url":"https:\/\/astrologelvan.com\/magaza\/urun\/aytasi-a-kalite-kolye\/","og_site_name":"Astrolog Elvan","article_modified_time":"2026-02-26T21:53:32+00:00","og_image":[{"width":1920,"height":2560,"url":"https:\/\/astrologelvan.com\/magaza\/wp-content\/uploads\/2024\/12\/1-2-scaled.jpg","type":"image\/jpeg"}],"twitter_card":"summary_large_image","twitter_misc":{"Tahmini okuma s\u00fcresi":"1 dakika"},"schema":{"@context":"https:\/\/schema.org","@graph":[{"@type":["WebPage","ItemPage"],"@id":"https:\/\/astrologelvan.com\/magaza\/urun\/aytasi-a-kalite-kolye\/","url":"https:\/\/astrologelvan.com\/magaza\/urun\/aytasi-a-kalite-kolye\/","name":"AYTA\u015eI (A KAL\u0130TE) KOLYE - Astrolog Elvan","isPartOf":{"@id":"https:\/\/astrologelvan.com\/magaza\/#website"},"primaryImageOfPage":{"@id":"https:\/\/astrologelvan.com\/magaza\/urun\/aytasi-a-kalite-kolye\/#primaryimage"},"image":{"@id":"https:\/\/astrologelvan.com\/magaza\/urun\/aytasi-a-kalite-kolye\/#primaryimage"},"thumbnailUrl":"https:\/\/astrologelvan.com\/magaza\/wp-content\/uploads\/2024\/12\/1-2-scaled.jpg","datePublished":"2024-12-19T11:17:18+00:00","dateModified":"2026-02-26T21:53:32+00:00","breadcrumb":{"@id":"https:\/\/astrologelvan.com\/magaza\/urun\/aytasi-a-kalite-kolye\/#breadcrumb"},"inLanguage":"tr","potentialAction":[{"@type":"ReadAction","target":["https:\/\/astrologelvan.com\/magaza\/urun\/aytasi-a-kalite-kolye\/"]}]},{"@type":"ImageObject","inLanguage":"tr","@id":"https:\/\/astrologelvan.com\/magaza\/urun\/aytasi-a-kalite-kolye\/#primaryimage","url":"https:\/\/astrologelvan.com\/magaza\/wp-content\/uploads\/2024\/12\/1-2-scaled.jpg","contentUrl":"https:\/\/astrologelvan.com\/magaza\/wp-content\/uploads\/2024\/12\/1-2-scaled.jpg","width":1920,"height":2560},{"@type":"BreadcrumbList","@id":"https:\/\/astrologelvan.com\/magaza\/urun\/aytasi-a-kalite-kolye\/#breadcrumb","itemListElement":[{"@type":"ListItem","position":1,"name":"Anasayfa","item":"https:\/\/astrologelvan.com\/magaza\/"},{"@type":"ListItem","position":2,"name":"Ma\u011faza","item":"https:\/\/astrologelvan.com\/magaza\/magaza\/"},{"@type":"ListItem","position":3,"name":"AYTA\u015eI (A KAL\u0130TE) KOLYE"}]},{"@type":"WebSite","@id":"https:\/\/astrologelvan.com\/magaza\/#website","url":"https:\/\/astrologelvan.com\/magaza\/","name":"Astrolog Elvan","description":"","potentialAction":[{"@type":"SearchAction","target":{"@type":"EntryPoint","urlTemplate":"https:\/\/astrologelvan.com\/magaza\/?s={search_term_string}"},"query-input":{"@type":"PropertyValueSpecification","valueRequired":true,"valueName":"search_term_string"}}],"inLanguage":"tr"}]}},"_links":{"self":[{"href":"https:\/\/astrologelvan.com\/magaza\/wp-json\/wp\/v2\/product\/25091","targetHints":{"allow":["GET"]}}],"collection":[{"href":"https:\/\/astrologelvan.com\/magaza\/wp-json\/wp\/v2\/product"}],"about":[{"href":"https:\/\/astrologelvan.com\/magaza\/wp-json\/wp\/v2\/types\/product"}],"replies":[{"embeddable":true,"href":"https:\/\/astrologelvan.com\/magaza\/wp-json\/wp\/v2\/comments?post=25091"}],"wp:featuredmedia":[{"embeddable":true,"href":"https:\/\/astrologelvan.com\/magaza\/wp-json\/wp\/v2\/media\/25092"}],"wp:attachment":[{"href":"https:\/\/astrologelvan.com\/magaza\/wp-json\/wp\/v2\/media?parent=25091"}],"wp:term":[{"taxonomy":"product_brand","embeddable":true,"href":"https:\/\/astrologelvan.com\/magaza\/wp-json\/wp\/v2\/product_brand?post=25091"},{"taxonomy":"product_cat","embeddable":true,"href":"https:\/\/astrologelvan.com\/magaza\/wp-json\/wp\/v2\/product_cat?post=25091"},{"taxonomy":"product_tag","embeddable":true,"href":"https:\/\/astrologelvan.com\/magaza\/wp-json\/wp\/v2\/product_tag?post=25091"}],"curies":[{"name":"wp","href":"https:\/\/api.w.org\/{rel}","templated":true}]}}