{"id":23315,"date":"2024-12-09T21:22:15","date_gmt":"2024-12-09T18:22:15","guid":{"rendered":"https:\/\/astrologelvan.com\/magaza\/?post_type=product&#038;p=23315"},"modified":"2025-12-19T15:09:29","modified_gmt":"2025-12-19T12:09:29","slug":"2025ini-yarat-manifest-atolyesi","status":"publish","type":"product","link":"https:\/\/astrologelvan.com\/magaza\/urun\/2025ini-yarat-manifest-atolyesi\/","title":{"rendered":"2025\u2019ini YARAT! Manifest At\u00f6lyesi"},"content":{"rendered":"","protected":false},"excerpt":{"rendered":"<p>2025 y\u0131l\u0131n\u0131, ThetaHealing, Astroloji ve JAAS teknikleriyle yaratmaya haz\u0131rlan. Elvan Lapis, y\u0131l\u0131n son at\u00f6lyesini 2025\u2019ini hayalindeki gibi ya\u015famak isteyen herkes i\u00e7in veriyor. Hemen kat\u0131l ve 19 Aral\u0131k ak\u015fam\u0131 hayallerini birlikte \u015fekillendirelim. Unutma, ger\u00e7ek olan her \u015fey \u00f6nceden hayal edildi!<\/p>\n<p><strong><span style=\"color: #ed1c24;\">At\u00f6lye 19 Aral\u0131k Per\u015fembe gecesi saat 21:00\u2019da zoom \u00fczerinden canl\u0131 olarak yap\u0131lm\u0131\u015ft\u0131r. Canl\u0131 yay\u0131na kat\u0131lamad\u0131ysan\u0131z At\u00f6lye Canl\u0131 Yay\u0131n kay\u0131tlar\u0131n\u0131 sipari\u015f verebilirsiniz. Sipari\u015f verdi\u011finiz Mail adresinize kay\u0131t linki otomatik olarak g\u00f6nderilecektir.<\/span><\/strong><\/p>\n<p><strong>At\u00f6lyeyi canl\u0131 yay\u0131ndan \u00f6nce sat\u0131n alan kullan\u0131c\u0131lara canl\u0131 yay\u0131n kay\u0131t linki SMS ve E-mail ile g\u00f6nderilmi\u015ftir.<br \/>\n<\/strong><strong>Her at\u00f6lye kayd\u0131 bir ki\u015fi i\u00e7in ge\u00e7erlidir, yasal olarak bir ba\u015fkas\u0131 ile payla\u015f\u0131lamaz.\u00a0<\/strong><\/p>\n","protected":false},"featured_media":23352,"comment_status":"open","ping_status":"closed","template":"","meta":[],"product_brand":[],"product_cat":[494],"product_tag":[],"class_list":{"0":"post-23315","1":"product","2":"type-product","3":"status-publish","4":"has-post-thumbnail","6":"product_cat-atolyeler","8":"first","9":"outofstock","10":"taxable","11":"shipping-taxable","12":"purchasable","13":"product-type-variable"},"yoast_head":"<!-- This site is optimized with the Yoast SEO plugin v27.3 - https:\/\/yoast.com\/product\/yoast-seo-wordpress\/ -->\n<title>2025\u2019ini YARAT! Manifest At\u00f6lyesi - Astrolog Elvan<\/title>\n<meta name=\"robots\" content=\"index, follow, max-snippet:-1, max-image-preview:large, max-video-preview:-1\" \/>\n<link rel=\"canonical\" href=\"https:\/\/astrologelvan.com\/magaza\/urun\/2025ini-yarat-manifest-atolyesi\/\" \/>\n<meta property=\"og:locale\" content=\"tr_TR\" \/>\n<meta property=\"og:type\" content=\"article\" \/>\n<meta property=\"og:title\" content=\"2025\u2019ini YARAT! Manifest At\u00f6lyesi - Astrolog Elvan\" \/>\n<meta property=\"og:description\" content=\"2025 y\u0131l\u0131n\u0131, ThetaHealing, Astroloji ve JAAS teknikleriyle yaratmaya haz\u0131rlan. Elvan Lapis, y\u0131l\u0131n son at\u00f6lyesini 2025\u2019ini hayalindeki gibi ya\u015famak isteyen herkes i\u00e7in veriyor. Hemen kat\u0131l ve 19 Aral\u0131k ak\u015fam\u0131 hayallerini birlikte \u015fekillendirelim. Unutma, ger\u00e7ek olan her \u015fey \u00f6nceden hayal edildi!  At\u00f6lye 19 Aral\u0131k Per\u015fembe gecesi saat 21:00\u2019da zoom \u00fczerinden canl\u0131 olarak yap\u0131lm\u0131\u015ft\u0131r. Canl\u0131 yay\u0131na kat\u0131lamad\u0131ysan\u0131z At\u00f6lye Canl\u0131 Yay\u0131n kay\u0131tlar\u0131n\u0131 sipari\u015f verebilirsiniz. Sipari\u015f verdi\u011finiz Mail adresinize kay\u0131t linki otomatik olarak g\u00f6nderilecektir.  At\u00f6lyeyi canl\u0131 yay\u0131ndan \u00f6nce sat\u0131n alan kullan\u0131c\u0131lara canl\u0131 yay\u0131n kay\u0131t linki SMS ve E-mail ile g\u00f6nderilmi\u015ftir. Her at\u00f6lye kayd\u0131 bir ki\u015fi i\u00e7in ge\u00e7erlidir, yasal olarak bir ba\u015fkas\u0131 ile payla\u015f\u0131lamaz.\u00a0\" \/>\n<meta property=\"og:url\" content=\"https:\/\/astrologelvan.com\/magaza\/urun\/2025ini-yarat-manifest-atolyesi\/\" \/>\n<meta property=\"og:site_name\" content=\"Astrolog Elvan\" \/>\n<meta property=\"article:modified_time\" content=\"2025-12-19T12:09:29+00:00\" \/>\n<meta property=\"og:image\" content=\"https:\/\/astrologelvan.com\/magaza\/wp-content\/uploads\/2024\/12\/Basliksiz-1Calisma-yuzeyi-3-kopya-3.png\" \/>\n\t<meta property=\"og:image:width\" content=\"1000\" \/>\n\t<meta property=\"og:image:height\" content=\"1300\" \/>\n\t<meta property=\"og:image:type\" content=\"image\/png\" \/>\n<meta name=\"twitter:card\" content=\"summary_large_image\" \/>\n<meta name=\"twitter:label1\" content=\"Tahmini okuma s\u00fcresi\" \/>\n\t<meta name=\"twitter:data1\" content=\"1 dakika\" \/>\n<script type=\"application\/ld+json\" class=\"yoast-schema-graph\">{\"@context\":\"https:\\\/\\\/schema.org\",\"@graph\":[{\"@type\":[\"WebPage\",\"ItemPage\"],\"@id\":\"https:\\\/\\\/astrologelvan.com\\\/magaza\\\/urun\\\/2025ini-yarat-manifest-atolyesi\\\/\",\"url\":\"https:\\\/\\\/astrologelvan.com\\\/magaza\\\/urun\\\/2025ini-yarat-manifest-atolyesi\\\/\",\"name\":\"2025\u2019ini YARAT! Manifest At\u00f6lyesi - Astrolog Elvan\",\"isPartOf\":{\"@id\":\"https:\\\/\\\/astrologelvan.com\\\/magaza\\\/#website\"},\"primaryImageOfPage\":{\"@id\":\"https:\\\/\\\/astrologelvan.com\\\/magaza\\\/urun\\\/2025ini-yarat-manifest-atolyesi\\\/#primaryimage\"},\"image\":{\"@id\":\"https:\\\/\\\/astrologelvan.com\\\/magaza\\\/urun\\\/2025ini-yarat-manifest-atolyesi\\\/#primaryimage\"},\"thumbnailUrl\":\"https:\\\/\\\/astrologelvan.com\\\/magaza\\\/wp-content\\\/uploads\\\/2024\\\/12\\\/Basliksiz-1Calisma-yuzeyi-3-kopya-3.png\",\"datePublished\":\"2024-12-09T18:22:15+00:00\",\"dateModified\":\"2025-12-19T12:09:29+00:00\",\"breadcrumb\":{\"@id\":\"https:\\\/\\\/astrologelvan.com\\\/magaza\\\/urun\\\/2025ini-yarat-manifest-atolyesi\\\/#breadcrumb\"},\"inLanguage\":\"tr\",\"potentialAction\":[{\"@type\":\"ReadAction\",\"target\":[\"https:\\\/\\\/astrologelvan.com\\\/magaza\\\/urun\\\/2025ini-yarat-manifest-atolyesi\\\/\"]}]},{\"@type\":\"ImageObject\",\"inLanguage\":\"tr\",\"@id\":\"https:\\\/\\\/astrologelvan.com\\\/magaza\\\/urun\\\/2025ini-yarat-manifest-atolyesi\\\/#primaryimage\",\"url\":\"https:\\\/\\\/astrologelvan.com\\\/magaza\\\/wp-content\\\/uploads\\\/2024\\\/12\\\/Basliksiz-1Calisma-yuzeyi-3-kopya-3.png\",\"contentUrl\":\"https:\\\/\\\/astrologelvan.com\\\/magaza\\\/wp-content\\\/uploads\\\/2024\\\/12\\\/Basliksiz-1Calisma-yuzeyi-3-kopya-3.png\",\"width\":1000,\"height\":1300},{\"@type\":\"BreadcrumbList\",\"@id\":\"https:\\\/\\\/astrologelvan.com\\\/magaza\\\/urun\\\/2025ini-yarat-manifest-atolyesi\\\/#breadcrumb\",\"itemListElement\":[{\"@type\":\"ListItem\",\"position\":1,\"name\":\"Anasayfa\",\"item\":\"https:\\\/\\\/astrologelvan.com\\\/magaza\\\/\"},{\"@type\":\"ListItem\",\"position\":2,\"name\":\"Ma\u011faza\",\"item\":\"https:\\\/\\\/astrologelvan.com\\\/magaza\\\/magaza\\\/\"},{\"@type\":\"ListItem\",\"position\":3,\"name\":\"2025\u2019ini YARAT! Manifest At\u00f6lyesi\"}]},{\"@type\":\"WebSite\",\"@id\":\"https:\\\/\\\/astrologelvan.com\\\/magaza\\\/#website\",\"url\":\"https:\\\/\\\/astrologelvan.com\\\/magaza\\\/\",\"name\":\"Astrolog Elvan\",\"description\":\"\",\"potentialAction\":[{\"@type\":\"SearchAction\",\"target\":{\"@type\":\"EntryPoint\",\"urlTemplate\":\"https:\\\/\\\/astrologelvan.com\\\/magaza\\\/?s={search_term_string}\"},\"query-input\":{\"@type\":\"PropertyValueSpecification\",\"valueRequired\":true,\"valueName\":\"search_term_string\"}}],\"inLanguage\":\"tr\"}]}<\/script>\n<!-- \/ Yoast SEO plugin. -->","yoast_head_json":{"title":"2025\u2019ini YARAT! Manifest At\u00f6lyesi - Astrolog Elvan","robots":{"index":"index","follow":"follow","max-snippet":"max-snippet:-1","max-image-preview":"max-image-preview:large","max-video-preview":"max-video-preview:-1"},"canonical":"https:\/\/astrologelvan.com\/magaza\/urun\/2025ini-yarat-manifest-atolyesi\/","og_locale":"tr_TR","og_type":"article","og_title":"2025\u2019ini YARAT! Manifest At\u00f6lyesi - Astrolog Elvan","og_description":"2025 y\u0131l\u0131n\u0131, ThetaHealing, Astroloji ve JAAS teknikleriyle yaratmaya haz\u0131rlan. Elvan Lapis, y\u0131l\u0131n son at\u00f6lyesini 2025\u2019ini hayalindeki gibi ya\u015famak isteyen herkes i\u00e7in veriyor. Hemen kat\u0131l ve 19 Aral\u0131k ak\u015fam\u0131 hayallerini birlikte \u015fekillendirelim. Unutma, ger\u00e7ek olan her \u015fey \u00f6nceden hayal edildi!  At\u00f6lye 19 Aral\u0131k Per\u015fembe gecesi saat 21:00\u2019da zoom \u00fczerinden canl\u0131 olarak yap\u0131lm\u0131\u015ft\u0131r. Canl\u0131 yay\u0131na kat\u0131lamad\u0131ysan\u0131z At\u00f6lye Canl\u0131 Yay\u0131n kay\u0131tlar\u0131n\u0131 sipari\u015f verebilirsiniz. Sipari\u015f verdi\u011finiz Mail adresinize kay\u0131t linki otomatik olarak g\u00f6nderilecektir.  At\u00f6lyeyi canl\u0131 yay\u0131ndan \u00f6nce sat\u0131n alan kullan\u0131c\u0131lara canl\u0131 yay\u0131n kay\u0131t linki SMS ve E-mail ile g\u00f6nderilmi\u015ftir. Her at\u00f6lye kayd\u0131 bir ki\u015fi i\u00e7in ge\u00e7erlidir, yasal olarak bir ba\u015fkas\u0131 ile payla\u015f\u0131lamaz.\u00a0","og_url":"https:\/\/astrologelvan.com\/magaza\/urun\/2025ini-yarat-manifest-atolyesi\/","og_site_name":"Astrolog Elvan","article_modified_time":"2025-12-19T12:09:29+00:00","og_image":[{"width":1000,"height":1300,"url":"https:\/\/astrologelvan.com\/magaza\/wp-content\/uploads\/2024\/12\/Basliksiz-1Calisma-yuzeyi-3-kopya-3.png","type":"image\/png"}],"twitter_card":"summary_large_image","twitter_misc":{"Tahmini okuma s\u00fcresi":"1 dakika"},"schema":{"@context":"https:\/\/schema.org","@graph":[{"@type":["WebPage","ItemPage"],"@id":"https:\/\/astrologelvan.com\/magaza\/urun\/2025ini-yarat-manifest-atolyesi\/","url":"https:\/\/astrologelvan.com\/magaza\/urun\/2025ini-yarat-manifest-atolyesi\/","name":"2025\u2019ini YARAT! Manifest At\u00f6lyesi - Astrolog Elvan","isPartOf":{"@id":"https:\/\/astrologelvan.com\/magaza\/#website"},"primaryImageOfPage":{"@id":"https:\/\/astrologelvan.com\/magaza\/urun\/2025ini-yarat-manifest-atolyesi\/#primaryimage"},"image":{"@id":"https:\/\/astrologelvan.com\/magaza\/urun\/2025ini-yarat-manifest-atolyesi\/#primaryimage"},"thumbnailUrl":"https:\/\/astrologelvan.com\/magaza\/wp-content\/uploads\/2024\/12\/Basliksiz-1Calisma-yuzeyi-3-kopya-3.png","datePublished":"2024-12-09T18:22:15+00:00","dateModified":"2025-12-19T12:09:29+00:00","breadcrumb":{"@id":"https:\/\/astrologelvan.com\/magaza\/urun\/2025ini-yarat-manifest-atolyesi\/#breadcrumb"},"inLanguage":"tr","potentialAction":[{"@type":"ReadAction","target":["https:\/\/astrologelvan.com\/magaza\/urun\/2025ini-yarat-manifest-atolyesi\/"]}]},{"@type":"ImageObject","inLanguage":"tr","@id":"https:\/\/astrologelvan.com\/magaza\/urun\/2025ini-yarat-manifest-atolyesi\/#primaryimage","url":"https:\/\/astrologelvan.com\/magaza\/wp-content\/uploads\/2024\/12\/Basliksiz-1Calisma-yuzeyi-3-kopya-3.png","contentUrl":"https:\/\/astrologelvan.com\/magaza\/wp-content\/uploads\/2024\/12\/Basliksiz-1Calisma-yuzeyi-3-kopya-3.png","width":1000,"height":1300},{"@type":"BreadcrumbList","@id":"https:\/\/astrologelvan.com\/magaza\/urun\/2025ini-yarat-manifest-atolyesi\/#breadcrumb","itemListElement":[{"@type":"ListItem","position":1,"name":"Anasayfa","item":"https:\/\/astrologelvan.com\/magaza\/"},{"@type":"ListItem","position":2,"name":"Ma\u011faza","item":"https:\/\/astrologelvan.com\/magaza\/magaza\/"},{"@type":"ListItem","position":3,"name":"2025\u2019ini YARAT! Manifest At\u00f6lyesi"}]},{"@type":"WebSite","@id":"https:\/\/astrologelvan.com\/magaza\/#website","url":"https:\/\/astrologelvan.com\/magaza\/","name":"Astrolog Elvan","description":"","potentialAction":[{"@type":"SearchAction","target":{"@type":"EntryPoint","urlTemplate":"https:\/\/astrologelvan.com\/magaza\/?s={search_term_string}"},"query-input":{"@type":"PropertyValueSpecification","valueRequired":true,"valueName":"search_term_string"}}],"inLanguage":"tr"}]}},"_links":{"self":[{"href":"https:\/\/astrologelvan.com\/magaza\/wp-json\/wp\/v2\/product\/23315","targetHints":{"allow":["GET"]}}],"collection":[{"href":"https:\/\/astrologelvan.com\/magaza\/wp-json\/wp\/v2\/product"}],"about":[{"href":"https:\/\/astrologelvan.com\/magaza\/wp-json\/wp\/v2\/types\/product"}],"replies":[{"embeddable":true,"href":"https:\/\/astrologelvan.com\/magaza\/wp-json\/wp\/v2\/comments?post=23315"}],"wp:featuredmedia":[{"embeddable":true,"href":"https:\/\/astrologelvan.com\/magaza\/wp-json\/wp\/v2\/media\/23352"}],"wp:attachment":[{"href":"https:\/\/astrologelvan.com\/magaza\/wp-json\/wp\/v2\/media?parent=23315"}],"wp:term":[{"taxonomy":"product_brand","embeddable":true,"href":"https:\/\/astrologelvan.com\/magaza\/wp-json\/wp\/v2\/product_brand?post=23315"},{"taxonomy":"product_cat","embeddable":true,"href":"https:\/\/astrologelvan.com\/magaza\/wp-json\/wp\/v2\/product_cat?post=23315"},{"taxonomy":"product_tag","embeddable":true,"href":"https:\/\/astrologelvan.com\/magaza\/wp-json\/wp\/v2\/product_tag?post=23315"}],"curies":[{"name":"wp","href":"https:\/\/api.w.org\/{rel}","templated":true}]}}