{"id":22466,"date":"2024-12-06T12:49:48","date_gmt":"2024-12-06T09:49:48","guid":{"rendered":"https:\/\/astrologelvan.com\/magaza\/?post_type=product&#038;p=22466"},"modified":"2025-12-24T11:32:24","modified_gmt":"2025-12-24T08:32:24","slug":"harikalar-ajandasi-2026-askida","status":"publish","type":"product","link":"https:\/\/astrologelvan.com\/magaza\/urun\/harikalar-ajandasi-2026-askida\/","title":{"rendered":"\ud83e\uddda\ud83c\udffd\u200d\u2642\ufe0f HAR\u0130KALAR AJANDASI 2026 &#8211; ASKIDA"},"content":{"rendered":"","protected":false},"excerpt":{"rendered":"<p>\u00dcr\u00fcn\u00fcn iadesi ve iptali yoktur.<\/p>\n<p data-start=\"346\" data-end=\"863\">Baz\u0131 hayallerin ger\u00e7ekle\u015fmesi i\u00e7in sadece bir ad\u0131m atmak yeterlidir. Ancak bazen o ilk ad\u0131m\u0131 atmak i\u00e7in k\u00fc\u00e7\u00fck bir deste\u011fe ihtiya\u00e7 duyulur. <strong data-start=\"485\" data-end=\"510\">Ask\u0131da Ajanda Projesi<\/strong>, tam da bu ihtiyac\u0131 kar\u015f\u0131lamak i\u00e7in var. Almak isteyip de alamayan \u00f6\u011frenciler i\u00e7in g\u00f6n\u00fcll\u00fcler ask\u0131ya bir ajanda b\u0131rak\u0131r. Ask\u0131ya b\u0131rak\u0131lan ajandalar bir havuzda birikir ve ihtiyac\u0131 olan \u00f6\u011frencilere \u00fccretsiz olarak g\u00f6nderilir. Ba\u011f\u0131\u015f yapan ki\u015fi ve ajanday\u0131 alan \u00f6\u011frenci birbirlerini tan\u0131maz, ancak bu iyilik ba\u011f\u0131 onlar\u0131 g\u00f6r\u00fcnmez bir \u015fekilde birle\u015ftirir.<\/p>\n<p data-start=\"865\" data-end=\"1172\" data-is-last-node=\"\" data-is-only-node=\"\">Evrenin mucizeleri bazen hi\u00e7 tan\u0131mad\u0131\u011f\u0131m\u0131z insanlar\u0131n niyetleriyle \u015fekillenir. Bir \u00f6\u011frencinin hayallerini yazmas\u0131na, gelece\u011fine umutla bakmas\u0131na vesile olabilirsin. Herkesin yazmaya, dileklerini evrene g\u00f6ndermeye ve hayat\u0131nda yeni ba\u015flang\u0131\u00e7lar yapmaya ihtiyac\u0131 var. <strong data-start=\"1131\" data-end=\"1169\">Bir umut payla\u015f, bir hayale dokun!<br \/>\n<\/strong><\/p>\n<p>Ask\u0131da Ajanda Projesinden \u00fccretsiz olarak yararlanabilmeniz i\u00e7in \u00f6\u011frenci olman\u0131z yeterlidir.<\/p>\n<p>3986497851<\/p>\n<a href=\"#form\" class=\"button primary expand\" >\n\t\t<span>ASKIDAN AJANDA AL<\/span>\n\t<\/a>\n\n<div class=\"sales-counter\" style=\" margin: 1em 0; padding: 10px; background-color: #fff; border: 1px solid #ddd;\">\u2728 Ask\u0131da Ajanda Say\u0131s\u0131: 62<\/div>\n\t<div id=\"form\"\n\t     class=\"lightbox-by-id lightbox-content mfp-hide lightbox-white \"\n\t     style=\"max-width:600px ;padding:20px\">\n\t\t\n<div class=\"wpcf7 no-js\" id=\"wpcf7-f35443-o1\" lang=\"tr-TR\" dir=\"ltr\" data-wpcf7-id=\"35443\">\n<div class=\"screen-reader-response\"><p role=\"status\" aria-live=\"polite\" aria-atomic=\"true\"><\/p> <ul><\/ul><\/div>\n<form action=\"\/magaza\/wp-json\/wp\/v2\/product\/22466#wpcf7-f35443-o1\" method=\"post\" class=\"wpcf7-form init\" aria-label=\"\u0130leti\u015fim Formu\" enctype=\"multipart\/form-data\" novalidate=\"novalidate\" data-status=\"init\">\n<fieldset class=\"hidden-fields-container\"><input type=\"hidden\" name=\"_wpcf7\" value=\"35443\" \/><input type=\"hidden\" name=\"_wpcf7_version\" value=\"6.1.5\" \/><input type=\"hidden\" name=\"_wpcf7_locale\" value=\"tr_TR\" \/><input type=\"hidden\" name=\"_wpcf7_unit_tag\" value=\"wpcf7-f35443-o1\" \/><input type=\"hidden\" name=\"_wpcf7_container_post\" value=\"0\" \/><input type=\"hidden\" name=\"_wpcf7_posted_data_hash\" value=\"\" \/>\n<\/fieldset>\n<p><label> Ad\u0131n\u0131z Soyad\u0131n\u0131z:<br \/>\n<span class=\"wpcf7-form-control-wrap\" data-name=\"your-name\"><input size=\"40\" maxlength=\"400\" class=\"wpcf7-form-control wpcf7-text wpcf7-validates-as-required\" autocomplete=\"name\" aria-required=\"true\" aria-invalid=\"false\" value=\"\" type=\"text\" name=\"your-name\" \/><\/span> <\/label><br \/>\n<label> E-posta Adresiniz:<br \/>\n<span class=\"wpcf7-form-control-wrap\" data-name=\"email-50\"><input size=\"40\" maxlength=\"400\" class=\"wpcf7-form-control wpcf7-email wpcf7-validates-as-required wpcf7-text wpcf7-validates-as-email\" aria-required=\"true\" aria-invalid=\"false\" value=\"\" type=\"email\" name=\"email-50\" \/><\/span><\/label><br \/>\n<label> Telefon Numaran\u0131z:<br \/>\n<span class=\"wpcf7-form-control-wrap\" data-name=\"tel-666\"><input size=\"40\" maxlength=\"400\" class=\"wpcf7-form-control wpcf7-tel wpcf7-validates-as-required wpcf7-text wpcf7-validates-as-tel\" aria-required=\"true\" aria-invalid=\"false\" value=\"\" type=\"tel\" name=\"tel-666\" \/><\/span><\/label>\n<\/p>\n<p><label> Kargo Adresiniz:<br \/>\n<span class=\"wpcf7-form-control-wrap\" data-name=\"text-305\"><input size=\"40\" maxlength=\"400\" class=\"wpcf7-form-control wpcf7-text wpcf7-validates-as-required\" aria-required=\"true\" aria-invalid=\"false\" value=\"\" type=\"text\" name=\"text-305\" \/><\/span><\/label>\n<\/p>\n<p><label> \u00d6\u011frenci Belgeniz:<br \/>\n<span class=\"wpcf7-form-control-wrap\" data-name=\"file-672\"><input size=\"40\" class=\"wpcf7-form-control wpcf7-file wpcf7-validates-as-required\" accept=\".pdf,.jpeg,.gif,.png,.heic,.zip,.rar,.jpg\" aria-required=\"true\" aria-invalid=\"false\" type=\"file\" name=\"file-672\" \/><\/span> <\/label><br \/>\n<span class=\"wpcf7-form-control-wrap\" data-name=\"acceptance-440\"><span class=\"wpcf7-form-control wpcf7-acceptance\"><span class=\"wpcf7-list-item\"><label><input type=\"checkbox\" name=\"acceptance-440\" value=\"1\" aria-invalid=\"false\" \/><span class=\"wpcf7-list-item-label\">Ask\u0131da Ajanda Projesi Kapsam\u0131nda <a href=\"https:\/\/astrologelvan.com\/magaza\/askida-ajanda-projesi-kapsaminda-kvkk-aydinlatma-metni\/\" target=\"_blank\">KVKK Ayd\u0131nlatma Metni<\/a>\u2019ni okudum, kabul ediyorum<\/span><\/label><\/span><\/span><\/span>\n<\/p>\n<p><input class=\"wpcf7-form-control wpcf7-submit has-spinner\" type=\"submit\" value=\"G\u00f6nder\" \/>\n<\/p><div class=\"wpcf7-response-output\" aria-hidden=\"true\"><\/div>\n<\/form>\n<\/div>\n\t<\/div>\n\t\n\t\n","protected":false},"featured_media":54503,"comment_status":"open","ping_status":"closed","template":"","meta":[],"product_brand":[],"product_cat":[388],"product_tag":[],"class_list":{"0":"post-22466","1":"product","2":"type-product","3":"status-publish","4":"has-post-thumbnail","6":"product_cat-astroloji-ajandasi","8":"first","9":"outofstock","10":"taxable","11":"shipping-taxable","12":"purchasable","13":"product-type-simple"},"yoast_head":"<!-- This site is optimized with the Yoast SEO plugin v27.3 - https:\/\/yoast.com\/product\/yoast-seo-wordpress\/ -->\n<title>\ud83e\uddda\ud83c\udffd\u200d\u2642\ufe0f HAR\u0130KALAR AJANDASI 2026 - ASKIDA - Astrolog Elvan<\/title>\n<meta name=\"robots\" content=\"index, follow, max-snippet:-1, max-image-preview:large, max-video-preview:-1\" \/>\n<link rel=\"canonical\" href=\"https:\/\/astrologelvan.com\/magaza\/urun\/harikalar-ajandasi-2026-askida\/\" \/>\n<meta property=\"og:locale\" content=\"tr_TR\" \/>\n<meta property=\"og:type\" content=\"article\" \/>\n<meta property=\"og:title\" content=\"\ud83e\uddda\ud83c\udffd\u200d\u2642\ufe0f HAR\u0130KALAR AJANDASI 2026 - ASKIDA - Astrolog Elvan\" \/>\n<meta property=\"og:description\" content=\"\u00dcr\u00fcn\u00fcn iadesi ve iptali yoktur. Baz\u0131 hayallerin ger\u00e7ekle\u015fmesi i\u00e7in sadece bir ad\u0131m atmak yeterlidir. Ancak bazen o ilk ad\u0131m\u0131 atmak i\u00e7in k\u00fc\u00e7\u00fck bir deste\u011fe ihtiya\u00e7 duyulur. Ask\u0131da Ajanda Projesi, tam da bu ihtiyac\u0131 kar\u015f\u0131lamak i\u00e7in var. Almak isteyip de alamayan \u00f6\u011frenciler i\u00e7in g\u00f6n\u00fcll\u00fcler ask\u0131ya bir ajanda b\u0131rak\u0131r. Ask\u0131ya b\u0131rak\u0131lan ajandalar bir havuzda birikir ve ihtiyac\u0131 olan \u00f6\u011frencilere \u00fccretsiz olarak g\u00f6nderilir. Ba\u011f\u0131\u015f yapan ki\u015fi ve ajanday\u0131 alan \u00f6\u011frenci birbirlerini tan\u0131maz, ancak bu iyilik ba\u011f\u0131 onlar\u0131 g\u00f6r\u00fcnmez bir \u015fekilde birle\u015ftirir. Evrenin mucizeleri bazen hi\u00e7 tan\u0131mad\u0131\u011f\u0131m\u0131z insanlar\u0131n niyetleriyle \u015fekillenir. Bir \u00f6\u011frencinin hayallerini yazmas\u0131na, gelece\u011fine umutla bakmas\u0131na vesile olabilirsin. Herkesin yazmaya, dileklerini evrene g\u00f6ndermeye ve hayat\u0131nda yeni ba\u015flang\u0131\u00e7lar yapmaya ihtiyac\u0131 var. Bir umut payla\u015f, bir hayale dokun!  Ask\u0131da Ajanda Projesinden \u00fccretsiz olarak yararlanabilmeniz i\u00e7in \u00f6\u011frenci olman\u0131z yeterlidir.  3986497851\" \/>\n<meta property=\"og:url\" content=\"https:\/\/astrologelvan.com\/magaza\/urun\/harikalar-ajandasi-2026-askida\/\" \/>\n<meta property=\"og:site_name\" content=\"Astrolog Elvan\" \/>\n<meta property=\"article:modified_time\" content=\"2025-12-24T08:32:24+00:00\" \/>\n<meta property=\"og:image\" content=\"https:\/\/astrologelvan.com\/magaza\/wp-content\/uploads\/2024\/12\/uyanis-ajanda-main.webp\" \/>\n\t<meta property=\"og:image:width\" content=\"1000\" \/>\n\t<meta property=\"og:image:height\" content=\"1300\" \/>\n\t<meta property=\"og:image:type\" content=\"image\/webp\" \/>\n<meta name=\"twitter:card\" content=\"summary_large_image\" \/>\n<meta name=\"twitter:label1\" content=\"Tahmini okuma s\u00fcresi\" \/>\n\t<meta name=\"twitter:data1\" content=\"1 dakika\" \/>\n<script type=\"application\/ld+json\" class=\"yoast-schema-graph\">{\"@context\":\"https:\\\/\\\/schema.org\",\"@graph\":[{\"@type\":[\"WebPage\",\"ItemPage\"],\"@id\":\"https:\\\/\\\/astrologelvan.com\\\/magaza\\\/urun\\\/harikalar-ajandasi-2026-askida\\\/\",\"url\":\"https:\\\/\\\/astrologelvan.com\\\/magaza\\\/urun\\\/harikalar-ajandasi-2026-askida\\\/\",\"name\":\"\ud83e\uddda\ud83c\udffd\u200d\u2642\ufe0f HAR\u0130KALAR AJANDASI 2026 - ASKIDA - Astrolog Elvan\",\"isPartOf\":{\"@id\":\"https:\\\/\\\/astrologelvan.com\\\/magaza\\\/#website\"},\"primaryImageOfPage\":{\"@id\":\"https:\\\/\\\/astrologelvan.com\\\/magaza\\\/urun\\\/harikalar-ajandasi-2026-askida\\\/#primaryimage\"},\"image\":{\"@id\":\"https:\\\/\\\/astrologelvan.com\\\/magaza\\\/urun\\\/harikalar-ajandasi-2026-askida\\\/#primaryimage\"},\"thumbnailUrl\":\"https:\\\/\\\/astrologelvan.com\\\/magaza\\\/wp-content\\\/uploads\\\/2025\\\/03\\\/askiMOBIL.webp\",\"datePublished\":\"2024-12-06T09:49:48+00:00\",\"dateModified\":\"2025-12-24T08:32:24+00:00\",\"breadcrumb\":{\"@id\":\"https:\\\/\\\/astrologelvan.com\\\/magaza\\\/urun\\\/harikalar-ajandasi-2026-askida\\\/#breadcrumb\"},\"inLanguage\":\"tr\",\"potentialAction\":[{\"@type\":\"ReadAction\",\"target\":[\"https:\\\/\\\/astrologelvan.com\\\/magaza\\\/urun\\\/harikalar-ajandasi-2026-askida\\\/\"]}]},{\"@type\":\"ImageObject\",\"inLanguage\":\"tr\",\"@id\":\"https:\\\/\\\/astrologelvan.com\\\/magaza\\\/urun\\\/harikalar-ajandasi-2026-askida\\\/#primaryimage\",\"url\":\"https:\\\/\\\/astrologelvan.com\\\/magaza\\\/wp-content\\\/uploads\\\/2025\\\/03\\\/askiMOBIL.webp\",\"contentUrl\":\"https:\\\/\\\/astrologelvan.com\\\/magaza\\\/wp-content\\\/uploads\\\/2025\\\/03\\\/askiMOBIL.webp\",\"width\":1000,\"height\":1300},{\"@type\":\"BreadcrumbList\",\"@id\":\"https:\\\/\\\/astrologelvan.com\\\/magaza\\\/urun\\\/harikalar-ajandasi-2026-askida\\\/#breadcrumb\",\"itemListElement\":[{\"@type\":\"ListItem\",\"position\":1,\"name\":\"Anasayfa\",\"item\":\"https:\\\/\\\/astrologelvan.com\\\/magaza\\\/\"},{\"@type\":\"ListItem\",\"position\":2,\"name\":\"Ma\u011faza\",\"item\":\"https:\\\/\\\/astrologelvan.com\\\/magaza\\\/magaza\\\/\"},{\"@type\":\"ListItem\",\"position\":3,\"name\":\"\ud83e\uddda\ud83c\udffd\u200d\u2642\ufe0f HAR\u0130KALAR AJANDASI 2026 &#8211; ASKIDA\"}]},{\"@type\":\"WebSite\",\"@id\":\"https:\\\/\\\/astrologelvan.com\\\/magaza\\\/#website\",\"url\":\"https:\\\/\\\/astrologelvan.com\\\/magaza\\\/\",\"name\":\"Astrolog Elvan\",\"description\":\"\",\"potentialAction\":[{\"@type\":\"SearchAction\",\"target\":{\"@type\":\"EntryPoint\",\"urlTemplate\":\"https:\\\/\\\/astrologelvan.com\\\/magaza\\\/?s={search_term_string}\"},\"query-input\":{\"@type\":\"PropertyValueSpecification\",\"valueRequired\":true,\"valueName\":\"search_term_string\"}}],\"inLanguage\":\"tr\"}]}<\/script>\n<!-- \/ Yoast SEO plugin. -->","yoast_head_json":{"title":"\ud83e\uddda\ud83c\udffd\u200d\u2642\ufe0f HAR\u0130KALAR AJANDASI 2026 - ASKIDA - Astrolog Elvan","robots":{"index":"index","follow":"follow","max-snippet":"max-snippet:-1","max-image-preview":"max-image-preview:large","max-video-preview":"max-video-preview:-1"},"canonical":"https:\/\/astrologelvan.com\/magaza\/urun\/harikalar-ajandasi-2026-askida\/","og_locale":"tr_TR","og_type":"article","og_title":"\ud83e\uddda\ud83c\udffd\u200d\u2642\ufe0f HAR\u0130KALAR AJANDASI 2026 - ASKIDA - Astrolog Elvan","og_description":"\u00dcr\u00fcn\u00fcn iadesi ve iptali yoktur. Baz\u0131 hayallerin ger\u00e7ekle\u015fmesi i\u00e7in sadece bir ad\u0131m atmak yeterlidir. Ancak bazen o ilk ad\u0131m\u0131 atmak i\u00e7in k\u00fc\u00e7\u00fck bir deste\u011fe ihtiya\u00e7 duyulur. Ask\u0131da Ajanda Projesi, tam da bu ihtiyac\u0131 kar\u015f\u0131lamak i\u00e7in var. Almak isteyip de alamayan \u00f6\u011frenciler i\u00e7in g\u00f6n\u00fcll\u00fcler ask\u0131ya bir ajanda b\u0131rak\u0131r. Ask\u0131ya b\u0131rak\u0131lan ajandalar bir havuzda birikir ve ihtiyac\u0131 olan \u00f6\u011frencilere \u00fccretsiz olarak g\u00f6nderilir. Ba\u011f\u0131\u015f yapan ki\u015fi ve ajanday\u0131 alan \u00f6\u011frenci birbirlerini tan\u0131maz, ancak bu iyilik ba\u011f\u0131 onlar\u0131 g\u00f6r\u00fcnmez bir \u015fekilde birle\u015ftirir. Evrenin mucizeleri bazen hi\u00e7 tan\u0131mad\u0131\u011f\u0131m\u0131z insanlar\u0131n niyetleriyle \u015fekillenir. Bir \u00f6\u011frencinin hayallerini yazmas\u0131na, gelece\u011fine umutla bakmas\u0131na vesile olabilirsin. Herkesin yazmaya, dileklerini evrene g\u00f6ndermeye ve hayat\u0131nda yeni ba\u015flang\u0131\u00e7lar yapmaya ihtiyac\u0131 var. Bir umut payla\u015f, bir hayale dokun!  Ask\u0131da Ajanda Projesinden \u00fccretsiz olarak yararlanabilmeniz i\u00e7in \u00f6\u011frenci olman\u0131z yeterlidir.  3986497851","og_url":"https:\/\/astrologelvan.com\/magaza\/urun\/harikalar-ajandasi-2026-askida\/","og_site_name":"Astrolog Elvan","article_modified_time":"2025-12-24T08:32:24+00:00","og_image":[{"width":1000,"height":1300,"url":"https:\/\/astrologelvan.com\/magaza\/wp-content\/uploads\/2024\/12\/uyanis-ajanda-main.webp","type":"image\/webp"}],"twitter_card":"summary_large_image","twitter_misc":{"Tahmini okuma s\u00fcresi":"1 dakika"},"schema":{"@context":"https:\/\/schema.org","@graph":[{"@type":["WebPage","ItemPage"],"@id":"https:\/\/astrologelvan.com\/magaza\/urun\/harikalar-ajandasi-2026-askida\/","url":"https:\/\/astrologelvan.com\/magaza\/urun\/harikalar-ajandasi-2026-askida\/","name":"\ud83e\uddda\ud83c\udffd\u200d\u2642\ufe0f HAR\u0130KALAR AJANDASI 2026 - ASKIDA - Astrolog Elvan","isPartOf":{"@id":"https:\/\/astrologelvan.com\/magaza\/#website"},"primaryImageOfPage":{"@id":"https:\/\/astrologelvan.com\/magaza\/urun\/harikalar-ajandasi-2026-askida\/#primaryimage"},"image":{"@id":"https:\/\/astrologelvan.com\/magaza\/urun\/harikalar-ajandasi-2026-askida\/#primaryimage"},"thumbnailUrl":"https:\/\/astrologelvan.com\/magaza\/wp-content\/uploads\/2025\/03\/askiMOBIL.webp","datePublished":"2024-12-06T09:49:48+00:00","dateModified":"2025-12-24T08:32:24+00:00","breadcrumb":{"@id":"https:\/\/astrologelvan.com\/magaza\/urun\/harikalar-ajandasi-2026-askida\/#breadcrumb"},"inLanguage":"tr","potentialAction":[{"@type":"ReadAction","target":["https:\/\/astrologelvan.com\/magaza\/urun\/harikalar-ajandasi-2026-askida\/"]}]},{"@type":"ImageObject","inLanguage":"tr","@id":"https:\/\/astrologelvan.com\/magaza\/urun\/harikalar-ajandasi-2026-askida\/#primaryimage","url":"https:\/\/astrologelvan.com\/magaza\/wp-content\/uploads\/2025\/03\/askiMOBIL.webp","contentUrl":"https:\/\/astrologelvan.com\/magaza\/wp-content\/uploads\/2025\/03\/askiMOBIL.webp","width":1000,"height":1300},{"@type":"BreadcrumbList","@id":"https:\/\/astrologelvan.com\/magaza\/urun\/harikalar-ajandasi-2026-askida\/#breadcrumb","itemListElement":[{"@type":"ListItem","position":1,"name":"Anasayfa","item":"https:\/\/astrologelvan.com\/magaza\/"},{"@type":"ListItem","position":2,"name":"Ma\u011faza","item":"https:\/\/astrologelvan.com\/magaza\/magaza\/"},{"@type":"ListItem","position":3,"name":"\ud83e\uddda\ud83c\udffd\u200d\u2642\ufe0f HAR\u0130KALAR AJANDASI 2026 &#8211; ASKIDA"}]},{"@type":"WebSite","@id":"https:\/\/astrologelvan.com\/magaza\/#website","url":"https:\/\/astrologelvan.com\/magaza\/","name":"Astrolog Elvan","description":"","potentialAction":[{"@type":"SearchAction","target":{"@type":"EntryPoint","urlTemplate":"https:\/\/astrologelvan.com\/magaza\/?s={search_term_string}"},"query-input":{"@type":"PropertyValueSpecification","valueRequired":true,"valueName":"search_term_string"}}],"inLanguage":"tr"}]}},"_links":{"self":[{"href":"https:\/\/astrologelvan.com\/magaza\/wp-json\/wp\/v2\/product\/22466","targetHints":{"allow":["GET"]}}],"collection":[{"href":"https:\/\/astrologelvan.com\/magaza\/wp-json\/wp\/v2\/product"}],"about":[{"href":"https:\/\/astrologelvan.com\/magaza\/wp-json\/wp\/v2\/types\/product"}],"replies":[{"embeddable":true,"href":"https:\/\/astrologelvan.com\/magaza\/wp-json\/wp\/v2\/comments?post=22466"}],"wp:featuredmedia":[{"embeddable":true,"href":"https:\/\/astrologelvan.com\/magaza\/wp-json\/wp\/v2\/media\/54503"}],"wp:attachment":[{"href":"https:\/\/astrologelvan.com\/magaza\/wp-json\/wp\/v2\/media?parent=22466"}],"wp:term":[{"taxonomy":"product_brand","embeddable":true,"href":"https:\/\/astrologelvan.com\/magaza\/wp-json\/wp\/v2\/product_brand?post=22466"},{"taxonomy":"product_cat","embeddable":true,"href":"https:\/\/astrologelvan.com\/magaza\/wp-json\/wp\/v2\/product_cat?post=22466"},{"taxonomy":"product_tag","embeddable":true,"href":"https:\/\/astrologelvan.com\/magaza\/wp-json\/wp\/v2\/product_tag?post=22466"}],"curies":[{"name":"wp","href":"https:\/\/api.w.org\/{rel}","templated":true}]}}