{"id":22437,"date":"2024-12-06T10:54:32","date_gmt":"2024-12-06T07:54:32","guid":{"rendered":"https:\/\/astrologelvan.com\/magaza\/?post_type=product&#038;p=22437"},"modified":"2026-04-02T18:16:43","modified_gmt":"2026-04-02T15:16:43","slug":"ruh-esi-ask-anahtari","status":"publish","type":"product","link":"https:\/\/astrologelvan.com\/magaza\/urun\/ruh-esi-ask-anahtari\/","title":{"rendered":"RUH E\u015e\u0130 A\u015eK ANAHTARLIK"},"content":{"rendered":"","protected":false},"excerpt":{"rendered":"<p>Bu anahtarl\u0131k \u00fczerindeki semboller ve pembe kuvars do\u011fal ta\u015f\u0131 ile hayat\u0131n\u0131za ruh e\u015finizi \u00e7ekmenize ve hakketti\u011finiz a\u015fk\u0131n size gelmesine vesile olacak. Bu niyetle sevdiklerinize hediye edebilirsiniz.<\/p>\n","protected":false},"featured_media":147707,"comment_status":"open","ping_status":"closed","template":"","meta":[],"product_brand":[596],"product_cat":[568,9528],"product_tag":[],"class_list":{"0":"post-22437","1":"product","2":"type-product","3":"status-publish","4":"has-post-thumbnail","6":"product_brand-astrolog-elvan","7":"product_cat-anahtarliklar","8":"product_cat--anahtarliklar","10":"first","11":"instock","12":"taxable","13":"shipping-taxable","14":"purchasable","15":"product-type-simple"},"yoast_head":"<!-- This site is optimized with the Yoast SEO plugin v27.3 - https:\/\/yoast.com\/product\/yoast-seo-wordpress\/ -->\n<title>RUH E\u015e\u0130 A\u015eK ANAHTARLIK - Astrolog Elvan<\/title>\n<meta name=\"robots\" content=\"index, follow, max-snippet:-1, max-image-preview:large, max-video-preview:-1\" \/>\n<link rel=\"canonical\" href=\"https:\/\/astrologelvan.com\/magaza\/urun\/ruh-esi-ask-anahtari\/\" \/>\n<meta property=\"og:locale\" content=\"tr_TR\" \/>\n<meta property=\"og:type\" content=\"article\" \/>\n<meta property=\"og:title\" content=\"RUH E\u015e\u0130 A\u015eK ANAHTARLIK - Astrolog Elvan\" \/>\n<meta property=\"og:description\" content=\"Bu anahtarl\u0131k \u00fczerindeki semboller ve pembe kuvars do\u011fal ta\u015f\u0131 ile hayat\u0131n\u0131za ruh e\u015finizi \u00e7ekmenize ve hakketti\u011finiz a\u015fk\u0131n size gelmesine vesile olacak. Bu niyetle sevdiklerinize hediye edebilirsiniz.\" \/>\n<meta property=\"og:url\" content=\"https:\/\/astrologelvan.com\/magaza\/urun\/ruh-esi-ask-anahtari\/\" \/>\n<meta property=\"og:site_name\" content=\"Astrolog Elvan\" \/>\n<meta property=\"article:modified_time\" content=\"2026-04-02T15:16:43+00:00\" \/>\n<meta property=\"og:image\" content=\"https:\/\/astrologelvan.com\/magaza\/wp-content\/uploads\/2024\/12\/B83C0D7A-1466-4174-BC4F-03E34A56EC21.webp\" \/>\n\t<meta property=\"og:image:width\" content=\"1024\" \/>\n\t<meta property=\"og:image:height\" content=\"1536\" \/>\n\t<meta property=\"og:image:type\" content=\"image\/webp\" \/>\n<meta name=\"twitter:card\" content=\"summary_large_image\" \/>\n<meta name=\"twitter:label1\" content=\"Tahmini okuma s\u00fcresi\" \/>\n\t<meta name=\"twitter:data1\" content=\"1 dakika\" \/>\n<script type=\"application\/ld+json\" class=\"yoast-schema-graph\">{\"@context\":\"https:\\\/\\\/schema.org\",\"@graph\":[{\"@type\":[\"WebPage\",\"ItemPage\"],\"@id\":\"https:\\\/\\\/astrologelvan.com\\\/magaza\\\/urun\\\/ruh-esi-ask-anahtari\\\/\",\"url\":\"https:\\\/\\\/astrologelvan.com\\\/magaza\\\/urun\\\/ruh-esi-ask-anahtari\\\/\",\"name\":\"RUH E\u015e\u0130 A\u015eK ANAHTARLIK - Astrolog Elvan\",\"isPartOf\":{\"@id\":\"https:\\\/\\\/astrologelvan.com\\\/magaza\\\/#website\"},\"primaryImageOfPage\":{\"@id\":\"https:\\\/\\\/astrologelvan.com\\\/magaza\\\/urun\\\/ruh-esi-ask-anahtari\\\/#primaryimage\"},\"image\":{\"@id\":\"https:\\\/\\\/astrologelvan.com\\\/magaza\\\/urun\\\/ruh-esi-ask-anahtari\\\/#primaryimage\"},\"thumbnailUrl\":\"https:\\\/\\\/astrologelvan.com\\\/magaza\\\/wp-content\\\/uploads\\\/2024\\\/12\\\/B83C0D7A-1466-4174-BC4F-03E34A56EC21.webp\",\"datePublished\":\"2024-12-06T07:54:32+00:00\",\"dateModified\":\"2026-04-02T15:16:43+00:00\",\"breadcrumb\":{\"@id\":\"https:\\\/\\\/astrologelvan.com\\\/magaza\\\/urun\\\/ruh-esi-ask-anahtari\\\/#breadcrumb\"},\"inLanguage\":\"tr\",\"potentialAction\":[{\"@type\":\"ReadAction\",\"target\":[\"https:\\\/\\\/astrologelvan.com\\\/magaza\\\/urun\\\/ruh-esi-ask-anahtari\\\/\"]}]},{\"@type\":\"ImageObject\",\"inLanguage\":\"tr\",\"@id\":\"https:\\\/\\\/astrologelvan.com\\\/magaza\\\/urun\\\/ruh-esi-ask-anahtari\\\/#primaryimage\",\"url\":\"https:\\\/\\\/astrologelvan.com\\\/magaza\\\/wp-content\\\/uploads\\\/2024\\\/12\\\/B83C0D7A-1466-4174-BC4F-03E34A56EC21.webp\",\"contentUrl\":\"https:\\\/\\\/astrologelvan.com\\\/magaza\\\/wp-content\\\/uploads\\\/2024\\\/12\\\/B83C0D7A-1466-4174-BC4F-03E34A56EC21.webp\",\"width\":1024,\"height\":1536},{\"@type\":\"BreadcrumbList\",\"@id\":\"https:\\\/\\\/astrologelvan.com\\\/magaza\\\/urun\\\/ruh-esi-ask-anahtari\\\/#breadcrumb\",\"itemListElement\":[{\"@type\":\"ListItem\",\"position\":1,\"name\":\"Anasayfa\",\"item\":\"https:\\\/\\\/astrologelvan.com\\\/magaza\\\/\"},{\"@type\":\"ListItem\",\"position\":2,\"name\":\"Ma\u011faza\",\"item\":\"https:\\\/\\\/astrologelvan.com\\\/magaza\\\/magaza\\\/\"},{\"@type\":\"ListItem\",\"position\":3,\"name\":\"RUH E\u015e\u0130 A\u015eK ANAHTARLIK\"}]},{\"@type\":\"WebSite\",\"@id\":\"https:\\\/\\\/astrologelvan.com\\\/magaza\\\/#website\",\"url\":\"https:\\\/\\\/astrologelvan.com\\\/magaza\\\/\",\"name\":\"Astrolog Elvan\",\"description\":\"\",\"potentialAction\":[{\"@type\":\"SearchAction\",\"target\":{\"@type\":\"EntryPoint\",\"urlTemplate\":\"https:\\\/\\\/astrologelvan.com\\\/magaza\\\/?s={search_term_string}\"},\"query-input\":{\"@type\":\"PropertyValueSpecification\",\"valueRequired\":true,\"valueName\":\"search_term_string\"}}],\"inLanguage\":\"tr\"}]}<\/script>\n<!-- \/ Yoast SEO plugin. -->","yoast_head_json":{"title":"RUH E\u015e\u0130 A\u015eK ANAHTARLIK - Astrolog Elvan","robots":{"index":"index","follow":"follow","max-snippet":"max-snippet:-1","max-image-preview":"max-image-preview:large","max-video-preview":"max-video-preview:-1"},"canonical":"https:\/\/astrologelvan.com\/magaza\/urun\/ruh-esi-ask-anahtari\/","og_locale":"tr_TR","og_type":"article","og_title":"RUH E\u015e\u0130 A\u015eK ANAHTARLIK - Astrolog Elvan","og_description":"Bu anahtarl\u0131k \u00fczerindeki semboller ve pembe kuvars do\u011fal ta\u015f\u0131 ile hayat\u0131n\u0131za ruh e\u015finizi \u00e7ekmenize ve hakketti\u011finiz a\u015fk\u0131n size gelmesine vesile olacak. Bu niyetle sevdiklerinize hediye edebilirsiniz.","og_url":"https:\/\/astrologelvan.com\/magaza\/urun\/ruh-esi-ask-anahtari\/","og_site_name":"Astrolog Elvan","article_modified_time":"2026-04-02T15:16:43+00:00","og_image":[{"width":1024,"height":1536,"url":"https:\/\/astrologelvan.com\/magaza\/wp-content\/uploads\/2024\/12\/B83C0D7A-1466-4174-BC4F-03E34A56EC21.webp","type":"image\/webp"}],"twitter_card":"summary_large_image","twitter_misc":{"Tahmini okuma s\u00fcresi":"1 dakika"},"schema":{"@context":"https:\/\/schema.org","@graph":[{"@type":["WebPage","ItemPage"],"@id":"https:\/\/astrologelvan.com\/magaza\/urun\/ruh-esi-ask-anahtari\/","url":"https:\/\/astrologelvan.com\/magaza\/urun\/ruh-esi-ask-anahtari\/","name":"RUH E\u015e\u0130 A\u015eK ANAHTARLIK - Astrolog Elvan","isPartOf":{"@id":"https:\/\/astrologelvan.com\/magaza\/#website"},"primaryImageOfPage":{"@id":"https:\/\/astrologelvan.com\/magaza\/urun\/ruh-esi-ask-anahtari\/#primaryimage"},"image":{"@id":"https:\/\/astrologelvan.com\/magaza\/urun\/ruh-esi-ask-anahtari\/#primaryimage"},"thumbnailUrl":"https:\/\/astrologelvan.com\/magaza\/wp-content\/uploads\/2024\/12\/B83C0D7A-1466-4174-BC4F-03E34A56EC21.webp","datePublished":"2024-12-06T07:54:32+00:00","dateModified":"2026-04-02T15:16:43+00:00","breadcrumb":{"@id":"https:\/\/astrologelvan.com\/magaza\/urun\/ruh-esi-ask-anahtari\/#breadcrumb"},"inLanguage":"tr","potentialAction":[{"@type":"ReadAction","target":["https:\/\/astrologelvan.com\/magaza\/urun\/ruh-esi-ask-anahtari\/"]}]},{"@type":"ImageObject","inLanguage":"tr","@id":"https:\/\/astrologelvan.com\/magaza\/urun\/ruh-esi-ask-anahtari\/#primaryimage","url":"https:\/\/astrologelvan.com\/magaza\/wp-content\/uploads\/2024\/12\/B83C0D7A-1466-4174-BC4F-03E34A56EC21.webp","contentUrl":"https:\/\/astrologelvan.com\/magaza\/wp-content\/uploads\/2024\/12\/B83C0D7A-1466-4174-BC4F-03E34A56EC21.webp","width":1024,"height":1536},{"@type":"BreadcrumbList","@id":"https:\/\/astrologelvan.com\/magaza\/urun\/ruh-esi-ask-anahtari\/#breadcrumb","itemListElement":[{"@type":"ListItem","position":1,"name":"Anasayfa","item":"https:\/\/astrologelvan.com\/magaza\/"},{"@type":"ListItem","position":2,"name":"Ma\u011faza","item":"https:\/\/astrologelvan.com\/magaza\/magaza\/"},{"@type":"ListItem","position":3,"name":"RUH E\u015e\u0130 A\u015eK ANAHTARLIK"}]},{"@type":"WebSite","@id":"https:\/\/astrologelvan.com\/magaza\/#website","url":"https:\/\/astrologelvan.com\/magaza\/","name":"Astrolog Elvan","description":"","potentialAction":[{"@type":"SearchAction","target":{"@type":"EntryPoint","urlTemplate":"https:\/\/astrologelvan.com\/magaza\/?s={search_term_string}"},"query-input":{"@type":"PropertyValueSpecification","valueRequired":true,"valueName":"search_term_string"}}],"inLanguage":"tr"}]}},"_links":{"self":[{"href":"https:\/\/astrologelvan.com\/magaza\/wp-json\/wp\/v2\/product\/22437","targetHints":{"allow":["GET"]}}],"collection":[{"href":"https:\/\/astrologelvan.com\/magaza\/wp-json\/wp\/v2\/product"}],"about":[{"href":"https:\/\/astrologelvan.com\/magaza\/wp-json\/wp\/v2\/types\/product"}],"replies":[{"embeddable":true,"href":"https:\/\/astrologelvan.com\/magaza\/wp-json\/wp\/v2\/comments?post=22437"}],"wp:featuredmedia":[{"embeddable":true,"href":"https:\/\/astrologelvan.com\/magaza\/wp-json\/wp\/v2\/media\/147707"}],"wp:attachment":[{"href":"https:\/\/astrologelvan.com\/magaza\/wp-json\/wp\/v2\/media?parent=22437"}],"wp:term":[{"taxonomy":"product_brand","embeddable":true,"href":"https:\/\/astrologelvan.com\/magaza\/wp-json\/wp\/v2\/product_brand?post=22437"},{"taxonomy":"product_cat","embeddable":true,"href":"https:\/\/astrologelvan.com\/magaza\/wp-json\/wp\/v2\/product_cat?post=22437"},{"taxonomy":"product_tag","embeddable":true,"href":"https:\/\/astrologelvan.com\/magaza\/wp-json\/wp\/v2\/product_tag?post=22437"}],"curies":[{"name":"wp","href":"https:\/\/api.w.org\/{rel}","templated":true}]}}