{"id":207,"date":"2024-02-28T02:09:18","date_gmt":"2024-02-27T23:09:18","guid":{"rendered":"https:\/\/astrologelvan.shop\/?post_type=product&#038;p=207"},"modified":"2025-10-06T08:14:48","modified_gmt":"2025-10-06T05:14:48","slug":"gunes-opucugu-aromaterapik-bronzlastirici-gunes-yagi-100-ml","status":"publish","type":"product","link":"https:\/\/astrologelvan.com\/magaza\/urun\/gunes-opucugu-aromaterapik-bronzlastirici-gunes-yagi-100-ml\/","title":{"rendered":"G\u00dcNE\u015e \u00d6P\u00dcC\u00dc\u011e\u00dc AROMATERAP\u0130K BRONZLA\u015eTIRICI GU\u0308NE\u015e YA\u011eI (100 ML)"},"content":{"rendered":"<p class=\"p1\"><strong>\u0130\u00e7indekiler:<\/strong> Shea ya\u011f\u0131, Hindistan cevizi ya\u011f\u0131, nar \u00e7ekirde\u011fi ya\u011f\u0131, havu\u00e7 tohumu ya\u011f\u0131, ku\u015fburnu ya\u011f\u0131, u\u0308zu\u0308m \u00e7ekirde\u011fi ya\u011f\u0131, kakao ya\u011f\u0131,\u00f6zel aromatik kar\u0131\u015f\u0131m, e vitamini, t\u00fct\u00fcn yapra\u011f\u0131, yasemin, vanilya \u00e7i\u00e7e\u011fi, tonka fasulyesi ve hindistan cevizi esans\u0131<\/p>\n<p class=\"p1\">Butyrospermum parkii oil, Cocos nucifera oil, Punica granatum seed oil, Daucus carola seed oil, Rosa rugosa oil, Vitis vinifera seed oil, Thebroma cacao oil<\/p>\n","protected":false},"excerpt":{"rendered":"<p class=\"p1\">Nemlendirici ve hu\u0308cre yenileyici \u00f6zelli\u011fi olan antioksidanlar bak\u0131m\u0131ndan zengin do\u011fal ve organik ya\u011flarla sizin i\u00e7in elde haz\u0131rlanm\u0131\u015ft\u0131r. Kal\u0131c\u0131 ve cilde zarar vermeden bronzla\u015fmak ama\u00e7l\u0131 kullanabilirsiniz. Gu\u0308ne\u015flenirken bronzla\u015fmas\u0131n\u0131 istedi\u011finiz b\u00f6lgelere su\u0308rebilirsiniz, gu\u0308ne\u015f koruyucu \u00f6zelli\u011fi yoktur. Hassas b\u00f6lgeler i\u00e7in kullanmay\u0131n\u0131z.<\/p>\n<p class=\"p1\"><em>Kullanmadan \u00f6nce \u00e7alkalay\u0131n\u0131z. G\u00f6z, a\u011f\u0131z ve burna s\u0131kmay\u0131n\u0131z, i\u00e7meyiniz e\u011fer b\u00f6yle bir durumla kar\u015f\u0131la\u015f\u0131rsan\u0131z lu\u0308tfen doktora ba\u015fvurunuz. \u00dcru\u0308nu\u0308nu\u0308zu\u0308 a\u00e7t\u0131ktan sonra 6 ay i\u00e7inde bitirmeniz tavsiye edilir.<\/em><\/p>\n<p class=\"p2\">\n","protected":false},"featured_media":283,"comment_status":"closed","ping_status":"closed","template":"","meta":[],"product_brand":[],"product_cat":[106],"product_tag":[107,39,108,109],"class_list":{"0":"post-207","1":"product","2":"type-product","3":"status-publish","4":"has-post-thumbnail","6":"product_cat-aromaterapi","7":"product_tag-aroma-terapi","8":"product_tag-astrolog-elvan","9":"product_tag-gunes-opucugu","10":"product_tag-gunes-opucugu-aromaterapik-bronzlastirici-gunes-yagi-100-ml","12":"first","13":"outofstock","14":"taxable","15":"shipping-taxable","16":"purchasable","17":"product-type-simple"},"yoast_head":"<!-- This site is optimized with the Yoast SEO plugin v27.3 - https:\/\/yoast.com\/product\/yoast-seo-wordpress\/ -->\n<title>G\u00dcNE\u015e \u00d6P\u00dcC\u00dc\u011e\u00dc AROMATERAP\u0130K BRONZLA\u015eTIRICI GU\u0308NE\u015e YA\u011eI (100 ML) - Astrolog Elvan<\/title>\n<meta name=\"robots\" content=\"index, follow, max-snippet:-1, max-image-preview:large, max-video-preview:-1\" \/>\n<link rel=\"canonical\" href=\"https:\/\/astrologelvan.com\/magaza\/urun\/gunes-opucugu-aromaterapik-bronzlastirici-gunes-yagi-100-ml\/\" \/>\n<meta property=\"og:locale\" content=\"tr_TR\" \/>\n<meta property=\"og:type\" content=\"article\" \/>\n<meta property=\"og:title\" content=\"G\u00dcNE\u015e \u00d6P\u00dcC\u00dc\u011e\u00dc AROMATERAP\u0130K BRONZLA\u015eTIRICI GU\u0308NE\u015e YA\u011eI (100 ML) - Astrolog Elvan\" \/>\n<meta property=\"og:description\" content=\"Nemlendirici ve hu\u0308cre yenileyici \u00f6zelli\u011fi olan antioksidanlar bak\u0131m\u0131ndan zengin do\u011fal ve organik ya\u011flarla sizin i\u00e7in elde haz\u0131rlanm\u0131\u015ft\u0131r. Kal\u0131c\u0131 ve cilde zarar vermeden bronzla\u015fmak ama\u00e7l\u0131 kullanabilirsiniz. Gu\u0308ne\u015flenirken bronzla\u015fmas\u0131n\u0131 istedi\u011finiz b\u00f6lgelere su\u0308rebilirsiniz, gu\u0308ne\u015f koruyucu \u00f6zelli\u011fi yoktur. Hassas b\u00f6lgeler i\u00e7in kullanmay\u0131n\u0131z. Kullanmadan \u00f6nce \u00e7alkalay\u0131n\u0131z. G\u00f6z, a\u011f\u0131z ve burna s\u0131kmay\u0131n\u0131z, i\u00e7meyiniz e\u011fer b\u00f6yle bir durumla kar\u015f\u0131la\u015f\u0131rsan\u0131z lu\u0308tfen doktora ba\u015fvurunuz. \u00dcru\u0308nu\u0308nu\u0308zu\u0308 a\u00e7t\u0131ktan sonra 6 ay i\u00e7inde bitirmeniz tavsiye edilir.\" \/>\n<meta property=\"og:url\" content=\"https:\/\/astrologelvan.com\/magaza\/urun\/gunes-opucugu-aromaterapik-bronzlastirici-gunes-yagi-100-ml\/\" \/>\n<meta property=\"og:site_name\" content=\"Astrolog Elvan\" \/>\n<meta property=\"article:modified_time\" content=\"2025-10-06T05:14:48+00:00\" \/>\n<meta property=\"og:image\" content=\"https:\/\/astrologelvan.com\/magaza\/wp-content\/uploads\/2024\/02\/Gunes-Opucugu-Aromaterapik-Bronzlastirici-Gunes-Yagi-100-ml-1.jpg\" \/>\n\t<meta property=\"og:image:width\" content=\"1080\" \/>\n\t<meta property=\"og:image:height\" content=\"1080\" \/>\n\t<meta property=\"og:image:type\" content=\"image\/jpeg\" \/>\n<meta name=\"twitter:card\" content=\"summary_large_image\" \/>\n<meta name=\"twitter:label1\" content=\"Tahmini okuma s\u00fcresi\" \/>\n\t<meta name=\"twitter:data1\" content=\"1 dakika\" \/>\n<script type=\"application\/ld+json\" class=\"yoast-schema-graph\">{\"@context\":\"https:\\\/\\\/schema.org\",\"@graph\":[{\"@type\":[\"WebPage\",\"ItemPage\"],\"@id\":\"https:\\\/\\\/astrologelvan.com\\\/magaza\\\/urun\\\/gunes-opucugu-aromaterapik-bronzlastirici-gunes-yagi-100-ml\\\/\",\"url\":\"https:\\\/\\\/astrologelvan.com\\\/magaza\\\/urun\\\/gunes-opucugu-aromaterapik-bronzlastirici-gunes-yagi-100-ml\\\/\",\"name\":\"G\u00dcNE\u015e \u00d6P\u00dcC\u00dc\u011e\u00dc AROMATERAP\u0130K BRONZLA\u015eTIRICI GU\u0308NE\u015e YA\u011eI (100 ML) - Astrolog Elvan\",\"isPartOf\":{\"@id\":\"https:\\\/\\\/astrologelvan.com\\\/magaza\\\/#website\"},\"primaryImageOfPage\":{\"@id\":\"https:\\\/\\\/astrologelvan.com\\\/magaza\\\/urun\\\/gunes-opucugu-aromaterapik-bronzlastirici-gunes-yagi-100-ml\\\/#primaryimage\"},\"image\":{\"@id\":\"https:\\\/\\\/astrologelvan.com\\\/magaza\\\/urun\\\/gunes-opucugu-aromaterapik-bronzlastirici-gunes-yagi-100-ml\\\/#primaryimage\"},\"thumbnailUrl\":\"https:\\\/\\\/astrologelvan.com\\\/magaza\\\/wp-content\\\/uploads\\\/2024\\\/02\\\/Gunes-Opucugu-Aromaterapik-Bronzlastirici-Gunes-Yagi-100-ml-1.jpg\",\"datePublished\":\"2024-02-27T23:09:18+00:00\",\"dateModified\":\"2025-10-06T05:14:48+00:00\",\"breadcrumb\":{\"@id\":\"https:\\\/\\\/astrologelvan.com\\\/magaza\\\/urun\\\/gunes-opucugu-aromaterapik-bronzlastirici-gunes-yagi-100-ml\\\/#breadcrumb\"},\"inLanguage\":\"tr\",\"potentialAction\":[{\"@type\":\"ReadAction\",\"target\":[\"https:\\\/\\\/astrologelvan.com\\\/magaza\\\/urun\\\/gunes-opucugu-aromaterapik-bronzlastirici-gunes-yagi-100-ml\\\/\"]}]},{\"@type\":\"ImageObject\",\"inLanguage\":\"tr\",\"@id\":\"https:\\\/\\\/astrologelvan.com\\\/magaza\\\/urun\\\/gunes-opucugu-aromaterapik-bronzlastirici-gunes-yagi-100-ml\\\/#primaryimage\",\"url\":\"https:\\\/\\\/astrologelvan.com\\\/magaza\\\/wp-content\\\/uploads\\\/2024\\\/02\\\/Gunes-Opucugu-Aromaterapik-Bronzlastirici-Gunes-Yagi-100-ml-1.jpg\",\"contentUrl\":\"https:\\\/\\\/astrologelvan.com\\\/magaza\\\/wp-content\\\/uploads\\\/2024\\\/02\\\/Gunes-Opucugu-Aromaterapik-Bronzlastirici-Gunes-Yagi-100-ml-1.jpg\",\"width\":1080,\"height\":1080},{\"@type\":\"BreadcrumbList\",\"@id\":\"https:\\\/\\\/astrologelvan.com\\\/magaza\\\/urun\\\/gunes-opucugu-aromaterapik-bronzlastirici-gunes-yagi-100-ml\\\/#breadcrumb\",\"itemListElement\":[{\"@type\":\"ListItem\",\"position\":1,\"name\":\"Anasayfa\",\"item\":\"https:\\\/\\\/astrologelvan.com\\\/magaza\\\/\"},{\"@type\":\"ListItem\",\"position\":2,\"name\":\"Ma\u011faza\",\"item\":\"https:\\\/\\\/astrologelvan.com\\\/magaza\\\/magaza\\\/\"},{\"@type\":\"ListItem\",\"position\":3,\"name\":\"G\u00dcNE\u015e \u00d6P\u00dcC\u00dc\u011e\u00dc AROMATERAP\u0130K BRONZLA\u015eTIRICI GU\u0308NE\u015e YA\u011eI (100 ML)\"}]},{\"@type\":\"WebSite\",\"@id\":\"https:\\\/\\\/astrologelvan.com\\\/magaza\\\/#website\",\"url\":\"https:\\\/\\\/astrologelvan.com\\\/magaza\\\/\",\"name\":\"Astrolog Elvan\",\"description\":\"\",\"potentialAction\":[{\"@type\":\"SearchAction\",\"target\":{\"@type\":\"EntryPoint\",\"urlTemplate\":\"https:\\\/\\\/astrologelvan.com\\\/magaza\\\/?s={search_term_string}\"},\"query-input\":{\"@type\":\"PropertyValueSpecification\",\"valueRequired\":true,\"valueName\":\"search_term_string\"}}],\"inLanguage\":\"tr\"}]}<\/script>\n<!-- \/ Yoast SEO plugin. -->","yoast_head_json":{"title":"G\u00dcNE\u015e \u00d6P\u00dcC\u00dc\u011e\u00dc AROMATERAP\u0130K BRONZLA\u015eTIRICI GU\u0308NE\u015e YA\u011eI (100 ML) - Astrolog Elvan","robots":{"index":"index","follow":"follow","max-snippet":"max-snippet:-1","max-image-preview":"max-image-preview:large","max-video-preview":"max-video-preview:-1"},"canonical":"https:\/\/astrologelvan.com\/magaza\/urun\/gunes-opucugu-aromaterapik-bronzlastirici-gunes-yagi-100-ml\/","og_locale":"tr_TR","og_type":"article","og_title":"G\u00dcNE\u015e \u00d6P\u00dcC\u00dc\u011e\u00dc AROMATERAP\u0130K BRONZLA\u015eTIRICI GU\u0308NE\u015e YA\u011eI (100 ML) - Astrolog Elvan","og_description":"Nemlendirici ve hu\u0308cre yenileyici \u00f6zelli\u011fi olan antioksidanlar bak\u0131m\u0131ndan zengin do\u011fal ve organik ya\u011flarla sizin i\u00e7in elde haz\u0131rlanm\u0131\u015ft\u0131r. Kal\u0131c\u0131 ve cilde zarar vermeden bronzla\u015fmak ama\u00e7l\u0131 kullanabilirsiniz. Gu\u0308ne\u015flenirken bronzla\u015fmas\u0131n\u0131 istedi\u011finiz b\u00f6lgelere su\u0308rebilirsiniz, gu\u0308ne\u015f koruyucu \u00f6zelli\u011fi yoktur. Hassas b\u00f6lgeler i\u00e7in kullanmay\u0131n\u0131z. Kullanmadan \u00f6nce \u00e7alkalay\u0131n\u0131z. G\u00f6z, a\u011f\u0131z ve burna s\u0131kmay\u0131n\u0131z, i\u00e7meyiniz e\u011fer b\u00f6yle bir durumla kar\u015f\u0131la\u015f\u0131rsan\u0131z lu\u0308tfen doktora ba\u015fvurunuz. \u00dcru\u0308nu\u0308nu\u0308zu\u0308 a\u00e7t\u0131ktan sonra 6 ay i\u00e7inde bitirmeniz tavsiye edilir.","og_url":"https:\/\/astrologelvan.com\/magaza\/urun\/gunes-opucugu-aromaterapik-bronzlastirici-gunes-yagi-100-ml\/","og_site_name":"Astrolog Elvan","article_modified_time":"2025-10-06T05:14:48+00:00","og_image":[{"width":1080,"height":1080,"url":"https:\/\/astrologelvan.com\/magaza\/wp-content\/uploads\/2024\/02\/Gunes-Opucugu-Aromaterapik-Bronzlastirici-Gunes-Yagi-100-ml-1.jpg","type":"image\/jpeg"}],"twitter_card":"summary_large_image","twitter_misc":{"Tahmini okuma s\u00fcresi":"1 dakika"},"schema":{"@context":"https:\/\/schema.org","@graph":[{"@type":["WebPage","ItemPage"],"@id":"https:\/\/astrologelvan.com\/magaza\/urun\/gunes-opucugu-aromaterapik-bronzlastirici-gunes-yagi-100-ml\/","url":"https:\/\/astrologelvan.com\/magaza\/urun\/gunes-opucugu-aromaterapik-bronzlastirici-gunes-yagi-100-ml\/","name":"G\u00dcNE\u015e \u00d6P\u00dcC\u00dc\u011e\u00dc AROMATERAP\u0130K BRONZLA\u015eTIRICI GU\u0308NE\u015e YA\u011eI (100 ML) - Astrolog Elvan","isPartOf":{"@id":"https:\/\/astrologelvan.com\/magaza\/#website"},"primaryImageOfPage":{"@id":"https:\/\/astrologelvan.com\/magaza\/urun\/gunes-opucugu-aromaterapik-bronzlastirici-gunes-yagi-100-ml\/#primaryimage"},"image":{"@id":"https:\/\/astrologelvan.com\/magaza\/urun\/gunes-opucugu-aromaterapik-bronzlastirici-gunes-yagi-100-ml\/#primaryimage"},"thumbnailUrl":"https:\/\/astrologelvan.com\/magaza\/wp-content\/uploads\/2024\/02\/Gunes-Opucugu-Aromaterapik-Bronzlastirici-Gunes-Yagi-100-ml-1.jpg","datePublished":"2024-02-27T23:09:18+00:00","dateModified":"2025-10-06T05:14:48+00:00","breadcrumb":{"@id":"https:\/\/astrologelvan.com\/magaza\/urun\/gunes-opucugu-aromaterapik-bronzlastirici-gunes-yagi-100-ml\/#breadcrumb"},"inLanguage":"tr","potentialAction":[{"@type":"ReadAction","target":["https:\/\/astrologelvan.com\/magaza\/urun\/gunes-opucugu-aromaterapik-bronzlastirici-gunes-yagi-100-ml\/"]}]},{"@type":"ImageObject","inLanguage":"tr","@id":"https:\/\/astrologelvan.com\/magaza\/urun\/gunes-opucugu-aromaterapik-bronzlastirici-gunes-yagi-100-ml\/#primaryimage","url":"https:\/\/astrologelvan.com\/magaza\/wp-content\/uploads\/2024\/02\/Gunes-Opucugu-Aromaterapik-Bronzlastirici-Gunes-Yagi-100-ml-1.jpg","contentUrl":"https:\/\/astrologelvan.com\/magaza\/wp-content\/uploads\/2024\/02\/Gunes-Opucugu-Aromaterapik-Bronzlastirici-Gunes-Yagi-100-ml-1.jpg","width":1080,"height":1080},{"@type":"BreadcrumbList","@id":"https:\/\/astrologelvan.com\/magaza\/urun\/gunes-opucugu-aromaterapik-bronzlastirici-gunes-yagi-100-ml\/#breadcrumb","itemListElement":[{"@type":"ListItem","position":1,"name":"Anasayfa","item":"https:\/\/astrologelvan.com\/magaza\/"},{"@type":"ListItem","position":2,"name":"Ma\u011faza","item":"https:\/\/astrologelvan.com\/magaza\/magaza\/"},{"@type":"ListItem","position":3,"name":"G\u00dcNE\u015e \u00d6P\u00dcC\u00dc\u011e\u00dc AROMATERAP\u0130K BRONZLA\u015eTIRICI GU\u0308NE\u015e YA\u011eI (100 ML)"}]},{"@type":"WebSite","@id":"https:\/\/astrologelvan.com\/magaza\/#website","url":"https:\/\/astrologelvan.com\/magaza\/","name":"Astrolog Elvan","description":"","potentialAction":[{"@type":"SearchAction","target":{"@type":"EntryPoint","urlTemplate":"https:\/\/astrologelvan.com\/magaza\/?s={search_term_string}"},"query-input":{"@type":"PropertyValueSpecification","valueRequired":true,"valueName":"search_term_string"}}],"inLanguage":"tr"}]}},"_links":{"self":[{"href":"https:\/\/astrologelvan.com\/magaza\/wp-json\/wp\/v2\/product\/207","targetHints":{"allow":["GET"]}}],"collection":[{"href":"https:\/\/astrologelvan.com\/magaza\/wp-json\/wp\/v2\/product"}],"about":[{"href":"https:\/\/astrologelvan.com\/magaza\/wp-json\/wp\/v2\/types\/product"}],"replies":[{"embeddable":true,"href":"https:\/\/astrologelvan.com\/magaza\/wp-json\/wp\/v2\/comments?post=207"}],"wp:featuredmedia":[{"embeddable":true,"href":"https:\/\/astrologelvan.com\/magaza\/wp-json\/wp\/v2\/media\/283"}],"wp:attachment":[{"href":"https:\/\/astrologelvan.com\/magaza\/wp-json\/wp\/v2\/media?parent=207"}],"wp:term":[{"taxonomy":"product_brand","embeddable":true,"href":"https:\/\/astrologelvan.com\/magaza\/wp-json\/wp\/v2\/product_brand?post=207"},{"taxonomy":"product_cat","embeddable":true,"href":"https:\/\/astrologelvan.com\/magaza\/wp-json\/wp\/v2\/product_cat?post=207"},{"taxonomy":"product_tag","embeddable":true,"href":"https:\/\/astrologelvan.com\/magaza\/wp-json\/wp\/v2\/product_tag?post=207"}],"curies":[{"name":"wp","href":"https:\/\/api.w.org\/{rel}","templated":true}]}}