{"id":19420,"date":"2024-11-07T22:49:33","date_gmt":"2024-11-07T19:49:33","guid":{"rendered":"https:\/\/astrologelvan.com\/magaza\/?post_type=product&#038;p=19420"},"modified":"2026-03-08T17:06:03","modified_gmt":"2026-03-08T14:06:03","slug":"siyah-turmalin-koruma-tasi","status":"publish","type":"product","link":"https:\/\/astrologelvan.com\/magaza\/urun\/siyah-turmalin-koruma-tasi\/","title":{"rendered":"S\u0130YAH TURMAL\u0130N ( KORUMA ) TA\u015eI"},"content":{"rendered":"","protected":false},"excerpt":{"rendered":"<p>Siyah Turmalin ta\u015f\u0131 g\u00fc\u00e7l\u00fc bir koruma ta\u015f\u0131d\u0131r. Gerilimi ve stresi azalt\u0131r. Negatif t\u00fcm varl\u0131klara kar\u015f\u0131 kalkan g\u00f6revi g\u00f6r\u00fcr.<\/p>\n","protected":false},"featured_media":19421,"comment_status":"open","ping_status":"closed","template":"","meta":[],"product_brand":[],"product_cat":[26],"product_tag":[],"class_list":{"0":"post-19420","1":"product","2":"type-product","3":"status-publish","4":"has-post-thumbnail","6":"product_cat-genel","8":"first","9":"outofstock","10":"taxable","11":"shipping-taxable","12":"purchasable","13":"product-type-simple"},"yoast_head":"<!-- This site is optimized with the Yoast SEO plugin v27.3 - https:\/\/yoast.com\/product\/yoast-seo-wordpress\/ -->\n<title>S\u0130YAH TURMAL\u0130N ( KORUMA ) TA\u015eI - Astrolog Elvan<\/title>\n<meta name=\"robots\" content=\"index, follow, max-snippet:-1, max-image-preview:large, max-video-preview:-1\" \/>\n<link rel=\"canonical\" href=\"https:\/\/astrologelvan.com\/magaza\/urun\/siyah-turmalin-koruma-tasi\/\" \/>\n<meta property=\"og:locale\" content=\"tr_TR\" \/>\n<meta property=\"og:type\" content=\"article\" \/>\n<meta property=\"og:title\" content=\"S\u0130YAH TURMAL\u0130N ( KORUMA ) TA\u015eI - Astrolog Elvan\" \/>\n<meta property=\"og:description\" content=\"Siyah Turmalin ta\u015f\u0131 g\u00fc\u00e7l\u00fc bir koruma ta\u015f\u0131d\u0131r. Gerilimi ve stresi azalt\u0131r. Negatif t\u00fcm varl\u0131klara kar\u015f\u0131 kalkan g\u00f6revi g\u00f6r\u00fcr.\" \/>\n<meta property=\"og:url\" content=\"https:\/\/astrologelvan.com\/magaza\/urun\/siyah-turmalin-koruma-tasi\/\" \/>\n<meta property=\"og:site_name\" content=\"Astrolog Elvan\" \/>\n<meta property=\"article:modified_time\" content=\"2026-03-08T14:06:03+00:00\" \/>\n<meta property=\"og:image\" content=\"https:\/\/astrologelvan.com\/magaza\/wp-content\/uploads\/2024\/11\/170c000b-782b-45a0-89c2-90d21b77f84c.jpg\" \/>\n\t<meta property=\"og:image:width\" content=\"1600\" \/>\n\t<meta property=\"og:image:height\" content=\"1600\" \/>\n\t<meta property=\"og:image:type\" content=\"image\/jpeg\" \/>\n<meta name=\"twitter:card\" content=\"summary_large_image\" \/>\n<meta name=\"twitter:label1\" content=\"Tahmini okuma s\u00fcresi\" \/>\n\t<meta name=\"twitter:data1\" content=\"1 dakika\" \/>\n<script type=\"application\/ld+json\" class=\"yoast-schema-graph\">{\"@context\":\"https:\\\/\\\/schema.org\",\"@graph\":[{\"@type\":[\"WebPage\",\"ItemPage\"],\"@id\":\"https:\\\/\\\/astrologelvan.com\\\/magaza\\\/urun\\\/siyah-turmalin-koruma-tasi\\\/\",\"url\":\"https:\\\/\\\/astrologelvan.com\\\/magaza\\\/urun\\\/siyah-turmalin-koruma-tasi\\\/\",\"name\":\"S\u0130YAH TURMAL\u0130N ( KORUMA ) TA\u015eI - Astrolog Elvan\",\"isPartOf\":{\"@id\":\"https:\\\/\\\/astrologelvan.com\\\/magaza\\\/#website\"},\"primaryImageOfPage\":{\"@id\":\"https:\\\/\\\/astrologelvan.com\\\/magaza\\\/urun\\\/siyah-turmalin-koruma-tasi\\\/#primaryimage\"},\"image\":{\"@id\":\"https:\\\/\\\/astrologelvan.com\\\/magaza\\\/urun\\\/siyah-turmalin-koruma-tasi\\\/#primaryimage\"},\"thumbnailUrl\":\"https:\\\/\\\/astrologelvan.com\\\/magaza\\\/wp-content\\\/uploads\\\/2024\\\/11\\\/170c000b-782b-45a0-89c2-90d21b77f84c.jpg\",\"datePublished\":\"2024-11-07T19:49:33+00:00\",\"dateModified\":\"2026-03-08T14:06:03+00:00\",\"breadcrumb\":{\"@id\":\"https:\\\/\\\/astrologelvan.com\\\/magaza\\\/urun\\\/siyah-turmalin-koruma-tasi\\\/#breadcrumb\"},\"inLanguage\":\"tr\",\"potentialAction\":[{\"@type\":\"ReadAction\",\"target\":[\"https:\\\/\\\/astrologelvan.com\\\/magaza\\\/urun\\\/siyah-turmalin-koruma-tasi\\\/\"]}]},{\"@type\":\"ImageObject\",\"inLanguage\":\"tr\",\"@id\":\"https:\\\/\\\/astrologelvan.com\\\/magaza\\\/urun\\\/siyah-turmalin-koruma-tasi\\\/#primaryimage\",\"url\":\"https:\\\/\\\/astrologelvan.com\\\/magaza\\\/wp-content\\\/uploads\\\/2024\\\/11\\\/170c000b-782b-45a0-89c2-90d21b77f84c.jpg\",\"contentUrl\":\"https:\\\/\\\/astrologelvan.com\\\/magaza\\\/wp-content\\\/uploads\\\/2024\\\/11\\\/170c000b-782b-45a0-89c2-90d21b77f84c.jpg\",\"width\":1600,\"height\":1600},{\"@type\":\"BreadcrumbList\",\"@id\":\"https:\\\/\\\/astrologelvan.com\\\/magaza\\\/urun\\\/siyah-turmalin-koruma-tasi\\\/#breadcrumb\",\"itemListElement\":[{\"@type\":\"ListItem\",\"position\":1,\"name\":\"Anasayfa\",\"item\":\"https:\\\/\\\/astrologelvan.com\\\/magaza\\\/\"},{\"@type\":\"ListItem\",\"position\":2,\"name\":\"Ma\u011faza\",\"item\":\"https:\\\/\\\/astrologelvan.com\\\/magaza\\\/magaza\\\/\"},{\"@type\":\"ListItem\",\"position\":3,\"name\":\"S\u0130YAH TURMAL\u0130N ( KORUMA ) TA\u015eI\"}]},{\"@type\":\"WebSite\",\"@id\":\"https:\\\/\\\/astrologelvan.com\\\/magaza\\\/#website\",\"url\":\"https:\\\/\\\/astrologelvan.com\\\/magaza\\\/\",\"name\":\"Astrolog Elvan\",\"description\":\"\",\"potentialAction\":[{\"@type\":\"SearchAction\",\"target\":{\"@type\":\"EntryPoint\",\"urlTemplate\":\"https:\\\/\\\/astrologelvan.com\\\/magaza\\\/?s={search_term_string}\"},\"query-input\":{\"@type\":\"PropertyValueSpecification\",\"valueRequired\":true,\"valueName\":\"search_term_string\"}}],\"inLanguage\":\"tr\"}]}<\/script>\n<!-- \/ Yoast SEO plugin. -->","yoast_head_json":{"title":"S\u0130YAH TURMAL\u0130N ( KORUMA ) TA\u015eI - Astrolog Elvan","robots":{"index":"index","follow":"follow","max-snippet":"max-snippet:-1","max-image-preview":"max-image-preview:large","max-video-preview":"max-video-preview:-1"},"canonical":"https:\/\/astrologelvan.com\/magaza\/urun\/siyah-turmalin-koruma-tasi\/","og_locale":"tr_TR","og_type":"article","og_title":"S\u0130YAH TURMAL\u0130N ( KORUMA ) TA\u015eI - Astrolog Elvan","og_description":"Siyah Turmalin ta\u015f\u0131 g\u00fc\u00e7l\u00fc bir koruma ta\u015f\u0131d\u0131r. Gerilimi ve stresi azalt\u0131r. Negatif t\u00fcm varl\u0131klara kar\u015f\u0131 kalkan g\u00f6revi g\u00f6r\u00fcr.","og_url":"https:\/\/astrologelvan.com\/magaza\/urun\/siyah-turmalin-koruma-tasi\/","og_site_name":"Astrolog Elvan","article_modified_time":"2026-03-08T14:06:03+00:00","og_image":[{"width":1600,"height":1600,"url":"https:\/\/astrologelvan.com\/magaza\/wp-content\/uploads\/2024\/11\/170c000b-782b-45a0-89c2-90d21b77f84c.jpg","type":"image\/jpeg"}],"twitter_card":"summary_large_image","twitter_misc":{"Tahmini okuma s\u00fcresi":"1 dakika"},"schema":{"@context":"https:\/\/schema.org","@graph":[{"@type":["WebPage","ItemPage"],"@id":"https:\/\/astrologelvan.com\/magaza\/urun\/siyah-turmalin-koruma-tasi\/","url":"https:\/\/astrologelvan.com\/magaza\/urun\/siyah-turmalin-koruma-tasi\/","name":"S\u0130YAH TURMAL\u0130N ( KORUMA ) TA\u015eI - Astrolog Elvan","isPartOf":{"@id":"https:\/\/astrologelvan.com\/magaza\/#website"},"primaryImageOfPage":{"@id":"https:\/\/astrologelvan.com\/magaza\/urun\/siyah-turmalin-koruma-tasi\/#primaryimage"},"image":{"@id":"https:\/\/astrologelvan.com\/magaza\/urun\/siyah-turmalin-koruma-tasi\/#primaryimage"},"thumbnailUrl":"https:\/\/astrologelvan.com\/magaza\/wp-content\/uploads\/2024\/11\/170c000b-782b-45a0-89c2-90d21b77f84c.jpg","datePublished":"2024-11-07T19:49:33+00:00","dateModified":"2026-03-08T14:06:03+00:00","breadcrumb":{"@id":"https:\/\/astrologelvan.com\/magaza\/urun\/siyah-turmalin-koruma-tasi\/#breadcrumb"},"inLanguage":"tr","potentialAction":[{"@type":"ReadAction","target":["https:\/\/astrologelvan.com\/magaza\/urun\/siyah-turmalin-koruma-tasi\/"]}]},{"@type":"ImageObject","inLanguage":"tr","@id":"https:\/\/astrologelvan.com\/magaza\/urun\/siyah-turmalin-koruma-tasi\/#primaryimage","url":"https:\/\/astrologelvan.com\/magaza\/wp-content\/uploads\/2024\/11\/170c000b-782b-45a0-89c2-90d21b77f84c.jpg","contentUrl":"https:\/\/astrologelvan.com\/magaza\/wp-content\/uploads\/2024\/11\/170c000b-782b-45a0-89c2-90d21b77f84c.jpg","width":1600,"height":1600},{"@type":"BreadcrumbList","@id":"https:\/\/astrologelvan.com\/magaza\/urun\/siyah-turmalin-koruma-tasi\/#breadcrumb","itemListElement":[{"@type":"ListItem","position":1,"name":"Anasayfa","item":"https:\/\/astrologelvan.com\/magaza\/"},{"@type":"ListItem","position":2,"name":"Ma\u011faza","item":"https:\/\/astrologelvan.com\/magaza\/magaza\/"},{"@type":"ListItem","position":3,"name":"S\u0130YAH TURMAL\u0130N ( KORUMA ) TA\u015eI"}]},{"@type":"WebSite","@id":"https:\/\/astrologelvan.com\/magaza\/#website","url":"https:\/\/astrologelvan.com\/magaza\/","name":"Astrolog Elvan","description":"","potentialAction":[{"@type":"SearchAction","target":{"@type":"EntryPoint","urlTemplate":"https:\/\/astrologelvan.com\/magaza\/?s={search_term_string}"},"query-input":{"@type":"PropertyValueSpecification","valueRequired":true,"valueName":"search_term_string"}}],"inLanguage":"tr"}]}},"_links":{"self":[{"href":"https:\/\/astrologelvan.com\/magaza\/wp-json\/wp\/v2\/product\/19420","targetHints":{"allow":["GET"]}}],"collection":[{"href":"https:\/\/astrologelvan.com\/magaza\/wp-json\/wp\/v2\/product"}],"about":[{"href":"https:\/\/astrologelvan.com\/magaza\/wp-json\/wp\/v2\/types\/product"}],"replies":[{"embeddable":true,"href":"https:\/\/astrologelvan.com\/magaza\/wp-json\/wp\/v2\/comments?post=19420"}],"wp:featuredmedia":[{"embeddable":true,"href":"https:\/\/astrologelvan.com\/magaza\/wp-json\/wp\/v2\/media\/19421"}],"wp:attachment":[{"href":"https:\/\/astrologelvan.com\/magaza\/wp-json\/wp\/v2\/media?parent=19420"}],"wp:term":[{"taxonomy":"product_brand","embeddable":true,"href":"https:\/\/astrologelvan.com\/magaza\/wp-json\/wp\/v2\/product_brand?post=19420"},{"taxonomy":"product_cat","embeddable":true,"href":"https:\/\/astrologelvan.com\/magaza\/wp-json\/wp\/v2\/product_cat?post=19420"},{"taxonomy":"product_tag","embeddable":true,"href":"https:\/\/astrologelvan.com\/magaza\/wp-json\/wp\/v2\/product_tag?post=19420"}],"curies":[{"name":"wp","href":"https:\/\/api.w.org\/{rel}","templated":true}]}}