{"id":19393,"date":"2024-11-07T19:23:25","date_gmt":"2024-11-07T16:23:25","guid":{"rendered":"https:\/\/astrologelvan.com\/magaza\/?post_type=product&#038;p=19393"},"modified":"2025-10-06T08:15:24","modified_gmt":"2025-10-06T05:15:24","slug":"balik-burcu-taslari","status":"publish","type":"product","link":"https:\/\/astrologelvan.com\/magaza\/urun\/balik-burcu-taslari\/","title":{"rendered":"BALIK BURCU TA\u015eLARI"},"content":{"rendered":"","protected":false},"excerpt":{"rendered":"<p>Ta\u015flar\u0131: Dumanl\u0131 Kuvars \u2013 Mavi Akik \u2013 Aura Kuvars<\/p>\n<p>Dumanl\u0131 Kuvars ta\u015f\u0131 zor zamanlar\u0131 sakinlikle ge\u00e7irmeye ve g\u00fc\u00e7lendirmeye yard\u0131m eder. <span style=\"font-size: 14.4px;\">Korkular\u0131n\u0131z\u0131 giderir, sakinlik verir.<\/span><\/p>\n<p>Mavi Akik ta\u015f\u0131 negatif enerjileri yok ederek ve d\u00f6n\u00fc\u015ft\u00fcrerek auray\u0131 dengeler. \u0130\u00e7sel olarak tedavi eder ve yeniden ba\u015flamak i\u00e7in cesaret verir. Ruhsal olarak fark\u0131ndal\u0131\u011f\u0131 art\u0131r\u0131r.<\/p>\n<p>Aura Kuvars ta\u015f\u0131 zihninizdeki an\u0131lar\u0131n engellerini kald\u0131rmaya yard\u0131mc\u0131d\u0131r. Aura Kuvars ta\u015f\u0131 size g\u00fc\u00e7, \u015fifa ve enerji verir.<\/p>\n","protected":false},"featured_media":19396,"comment_status":"open","ping_status":"closed","template":"","meta":[],"product_brand":[],"product_cat":[562,558,122,573],"product_tag":[],"class_list":{"0":"post-19393","1":"product","2":"type-product","3":"status-publish","4":"has-post-thumbnail","6":"product_cat-aura-kuvars","7":"product_cat-burc-taslari","8":"product_cat-dumanli-kuvars-tasi","9":"product_cat-mavi-akik","11":"first","12":"instock","13":"taxable","14":"shipping-taxable","15":"purchasable","16":"product-type-simple"},"yoast_head":"<!-- This site is optimized with the Yoast SEO plugin v27.2 - https:\/\/yoast.com\/product\/yoast-seo-wordpress\/ -->\n<title>BALIK BURCU TA\u015eLARI - Astrolog Elvan<\/title>\n<meta name=\"robots\" content=\"index, follow, max-snippet:-1, max-image-preview:large, max-video-preview:-1\" \/>\n<link rel=\"canonical\" href=\"https:\/\/astrologelvan.com\/magaza\/urun\/balik-burcu-taslari\/\" \/>\n<meta property=\"og:locale\" content=\"tr_TR\" \/>\n<meta property=\"og:type\" content=\"article\" \/>\n<meta property=\"og:title\" content=\"BALIK BURCU TA\u015eLARI - Astrolog Elvan\" \/>\n<meta property=\"og:description\" content=\"Ta\u015flar\u0131: Dumanl\u0131 Kuvars \u2013 Mavi Akik \u2013 Aura Kuvars  Dumanl\u0131 Kuvars ta\u015f\u0131 zor zamanlar\u0131 sakinlikle ge\u00e7irmeye ve g\u00fc\u00e7lendirmeye yard\u0131m eder. Korkular\u0131n\u0131z\u0131 giderir, sakinlik verir.  Mavi Akik ta\u015f\u0131 negatif enerjileri yok ederek ve d\u00f6n\u00fc\u015ft\u00fcrerek auray\u0131 dengeler. \u0130\u00e7sel olarak tedavi eder ve yeniden ba\u015flamak i\u00e7in cesaret verir. Ruhsal olarak fark\u0131ndal\u0131\u011f\u0131 art\u0131r\u0131r.  Aura Kuvars ta\u015f\u0131 zihninizdeki an\u0131lar\u0131n engellerini kald\u0131rmaya yard\u0131mc\u0131d\u0131r. Aura Kuvars ta\u015f\u0131 size g\u00fc\u00e7, \u015fifa ve enerji verir.\" \/>\n<meta property=\"og:url\" content=\"https:\/\/astrologelvan.com\/magaza\/urun\/balik-burcu-taslari\/\" \/>\n<meta property=\"og:site_name\" content=\"Astrolog Elvan\" \/>\n<meta property=\"article:modified_time\" content=\"2025-10-06T05:15:24+00:00\" \/>\n<meta property=\"og:image\" content=\"https:\/\/astrologelvan.com\/magaza\/wp-content\/uploads\/2024\/11\/balik-1.jpg\" \/>\n\t<meta property=\"og:image:width\" content=\"1536\" \/>\n\t<meta property=\"og:image:height\" content=\"2048\" \/>\n\t<meta property=\"og:image:type\" content=\"image\/jpeg\" \/>\n<meta name=\"twitter:card\" content=\"summary_large_image\" \/>\n<meta name=\"twitter:label1\" content=\"Tahmini okuma s\u00fcresi\" \/>\n\t<meta name=\"twitter:data1\" content=\"1 dakika\" \/>\n<script type=\"application\/ld+json\" class=\"yoast-schema-graph\">{\"@context\":\"https:\/\/schema.org\",\"@graph\":[{\"@type\":[\"WebPage\",\"ItemPage\"],\"@id\":\"https:\/\/astrologelvan.com\/magaza\/urun\/balik-burcu-taslari\/\",\"url\":\"https:\/\/astrologelvan.com\/magaza\/urun\/balik-burcu-taslari\/\",\"name\":\"BALIK BURCU TA\u015eLARI - Astrolog Elvan\",\"isPartOf\":{\"@id\":\"https:\/\/astrologelvan.com\/magaza\/#website\"},\"primaryImageOfPage\":{\"@id\":\"https:\/\/astrologelvan.com\/magaza\/urun\/balik-burcu-taslari\/#primaryimage\"},\"image\":{\"@id\":\"https:\/\/astrologelvan.com\/magaza\/urun\/balik-burcu-taslari\/#primaryimage\"},\"thumbnailUrl\":\"https:\/\/astrologelvan.com\/magaza\/wp-content\/uploads\/2024\/11\/balik-1.jpg\",\"datePublished\":\"2024-11-07T16:23:25+00:00\",\"dateModified\":\"2025-10-06T05:15:24+00:00\",\"breadcrumb\":{\"@id\":\"https:\/\/astrologelvan.com\/magaza\/urun\/balik-burcu-taslari\/#breadcrumb\"},\"inLanguage\":\"tr\",\"potentialAction\":[{\"@type\":\"ReadAction\",\"target\":[\"https:\/\/astrologelvan.com\/magaza\/urun\/balik-burcu-taslari\/\"]}]},{\"@type\":\"ImageObject\",\"inLanguage\":\"tr\",\"@id\":\"https:\/\/astrologelvan.com\/magaza\/urun\/balik-burcu-taslari\/#primaryimage\",\"url\":\"https:\/\/astrologelvan.com\/magaza\/wp-content\/uploads\/2024\/11\/balik-1.jpg\",\"contentUrl\":\"https:\/\/astrologelvan.com\/magaza\/wp-content\/uploads\/2024\/11\/balik-1.jpg\",\"width\":1536,\"height\":2048},{\"@type\":\"BreadcrumbList\",\"@id\":\"https:\/\/astrologelvan.com\/magaza\/urun\/balik-burcu-taslari\/#breadcrumb\",\"itemListElement\":[{\"@type\":\"ListItem\",\"position\":1,\"name\":\"Anasayfa\",\"item\":\"https:\/\/astrologelvan.com\/magaza\/\"},{\"@type\":\"ListItem\",\"position\":2,\"name\":\"Ma\u011faza\",\"item\":\"https:\/\/astrologelvan.com\/magaza\/magaza\/\"},{\"@type\":\"ListItem\",\"position\":3,\"name\":\"BALIK BURCU TA\u015eLARI\"}]},{\"@type\":\"WebSite\",\"@id\":\"https:\/\/astrologelvan.com\/magaza\/#website\",\"url\":\"https:\/\/astrologelvan.com\/magaza\/\",\"name\":\"Astrolog Elvan\",\"description\":\"\",\"potentialAction\":[{\"@type\":\"SearchAction\",\"target\":{\"@type\":\"EntryPoint\",\"urlTemplate\":\"https:\/\/astrologelvan.com\/magaza\/?s={search_term_string}\"},\"query-input\":{\"@type\":\"PropertyValueSpecification\",\"valueRequired\":true,\"valueName\":\"search_term_string\"}}],\"inLanguage\":\"tr\"}]}<\/script>\n<!-- \/ Yoast SEO plugin. -->","yoast_head_json":{"title":"BALIK BURCU TA\u015eLARI - Astrolog Elvan","robots":{"index":"index","follow":"follow","max-snippet":"max-snippet:-1","max-image-preview":"max-image-preview:large","max-video-preview":"max-video-preview:-1"},"canonical":"https:\/\/astrologelvan.com\/magaza\/urun\/balik-burcu-taslari\/","og_locale":"tr_TR","og_type":"article","og_title":"BALIK BURCU TA\u015eLARI - Astrolog Elvan","og_description":"Ta\u015flar\u0131: Dumanl\u0131 Kuvars \u2013 Mavi Akik \u2013 Aura Kuvars  Dumanl\u0131 Kuvars ta\u015f\u0131 zor zamanlar\u0131 sakinlikle ge\u00e7irmeye ve g\u00fc\u00e7lendirmeye yard\u0131m eder. Korkular\u0131n\u0131z\u0131 giderir, sakinlik verir.  Mavi Akik ta\u015f\u0131 negatif enerjileri yok ederek ve d\u00f6n\u00fc\u015ft\u00fcrerek auray\u0131 dengeler. \u0130\u00e7sel olarak tedavi eder ve yeniden ba\u015flamak i\u00e7in cesaret verir. Ruhsal olarak fark\u0131ndal\u0131\u011f\u0131 art\u0131r\u0131r.  Aura Kuvars ta\u015f\u0131 zihninizdeki an\u0131lar\u0131n engellerini kald\u0131rmaya yard\u0131mc\u0131d\u0131r. Aura Kuvars ta\u015f\u0131 size g\u00fc\u00e7, \u015fifa ve enerji verir.","og_url":"https:\/\/astrologelvan.com\/magaza\/urun\/balik-burcu-taslari\/","og_site_name":"Astrolog Elvan","article_modified_time":"2025-10-06T05:15:24+00:00","og_image":[{"width":1536,"height":2048,"url":"https:\/\/astrologelvan.com\/magaza\/wp-content\/uploads\/2024\/11\/balik-1.jpg","type":"image\/jpeg"}],"twitter_card":"summary_large_image","twitter_misc":{"Tahmini okuma s\u00fcresi":"1 dakika"},"schema":{"@context":"https:\/\/schema.org","@graph":[{"@type":["WebPage","ItemPage"],"@id":"https:\/\/astrologelvan.com\/magaza\/urun\/balik-burcu-taslari\/","url":"https:\/\/astrologelvan.com\/magaza\/urun\/balik-burcu-taslari\/","name":"BALIK BURCU TA\u015eLARI - Astrolog Elvan","isPartOf":{"@id":"https:\/\/astrologelvan.com\/magaza\/#website"},"primaryImageOfPage":{"@id":"https:\/\/astrologelvan.com\/magaza\/urun\/balik-burcu-taslari\/#primaryimage"},"image":{"@id":"https:\/\/astrologelvan.com\/magaza\/urun\/balik-burcu-taslari\/#primaryimage"},"thumbnailUrl":"https:\/\/astrologelvan.com\/magaza\/wp-content\/uploads\/2024\/11\/balik-1.jpg","datePublished":"2024-11-07T16:23:25+00:00","dateModified":"2025-10-06T05:15:24+00:00","breadcrumb":{"@id":"https:\/\/astrologelvan.com\/magaza\/urun\/balik-burcu-taslari\/#breadcrumb"},"inLanguage":"tr","potentialAction":[{"@type":"ReadAction","target":["https:\/\/astrologelvan.com\/magaza\/urun\/balik-burcu-taslari\/"]}]},{"@type":"ImageObject","inLanguage":"tr","@id":"https:\/\/astrologelvan.com\/magaza\/urun\/balik-burcu-taslari\/#primaryimage","url":"https:\/\/astrologelvan.com\/magaza\/wp-content\/uploads\/2024\/11\/balik-1.jpg","contentUrl":"https:\/\/astrologelvan.com\/magaza\/wp-content\/uploads\/2024\/11\/balik-1.jpg","width":1536,"height":2048},{"@type":"BreadcrumbList","@id":"https:\/\/astrologelvan.com\/magaza\/urun\/balik-burcu-taslari\/#breadcrumb","itemListElement":[{"@type":"ListItem","position":1,"name":"Anasayfa","item":"https:\/\/astrologelvan.com\/magaza\/"},{"@type":"ListItem","position":2,"name":"Ma\u011faza","item":"https:\/\/astrologelvan.com\/magaza\/magaza\/"},{"@type":"ListItem","position":3,"name":"BALIK BURCU TA\u015eLARI"}]},{"@type":"WebSite","@id":"https:\/\/astrologelvan.com\/magaza\/#website","url":"https:\/\/astrologelvan.com\/magaza\/","name":"Astrolog Elvan","description":"","potentialAction":[{"@type":"SearchAction","target":{"@type":"EntryPoint","urlTemplate":"https:\/\/astrologelvan.com\/magaza\/?s={search_term_string}"},"query-input":{"@type":"PropertyValueSpecification","valueRequired":true,"valueName":"search_term_string"}}],"inLanguage":"tr"}]}},"_links":{"self":[{"href":"https:\/\/astrologelvan.com\/magaza\/wp-json\/wp\/v2\/product\/19393","targetHints":{"allow":["GET"]}}],"collection":[{"href":"https:\/\/astrologelvan.com\/magaza\/wp-json\/wp\/v2\/product"}],"about":[{"href":"https:\/\/astrologelvan.com\/magaza\/wp-json\/wp\/v2\/types\/product"}],"replies":[{"embeddable":true,"href":"https:\/\/astrologelvan.com\/magaza\/wp-json\/wp\/v2\/comments?post=19393"}],"wp:featuredmedia":[{"embeddable":true,"href":"https:\/\/astrologelvan.com\/magaza\/wp-json\/wp\/v2\/media\/19396"}],"wp:attachment":[{"href":"https:\/\/astrologelvan.com\/magaza\/wp-json\/wp\/v2\/media?parent=19393"}],"wp:term":[{"taxonomy":"product_brand","embeddable":true,"href":"https:\/\/astrologelvan.com\/magaza\/wp-json\/wp\/v2\/product_brand?post=19393"},{"taxonomy":"product_cat","embeddable":true,"href":"https:\/\/astrologelvan.com\/magaza\/wp-json\/wp\/v2\/product_cat?post=19393"},{"taxonomy":"product_tag","embeddable":true,"href":"https:\/\/astrologelvan.com\/magaza\/wp-json\/wp\/v2\/product_tag?post=19393"}],"curies":[{"name":"wp","href":"https:\/\/api.w.org\/{rel}","templated":true}]}}