{"id":19386,"date":"2024-11-07T19:13:58","date_gmt":"2024-11-07T16:13:58","guid":{"rendered":"https:\/\/astrologelvan.com\/magaza\/?post_type=product&#038;p=19386"},"modified":"2025-12-09T17:43:26","modified_gmt":"2025-12-09T14:43:26","slug":"yay-burcu-taslari","status":"publish","type":"product","link":"https:\/\/astrologelvan.com\/magaza\/urun\/yay-burcu-taslari\/","title":{"rendered":"YAY BURCU TA\u015eLARI"},"content":{"rendered":"","protected":false},"excerpt":{"rendered":"<p>Ta\u015flar\u0131: Havlit \u2013 Akik \u2013 Lapis<\/p>\n<p>Havlit sakinlik veren bir ta\u015ft\u0131r. Uyku ve meditasyon i\u00e7in kullanabilirsiniz. Sab\u0131rl\u0131 olmay\u0131 ve ani \u00f6fkelenmeyi dengeler.<\/p>\n<p>Akik ta\u015f\u0131 negatif enerjileri yok ederek ve d\u00f6n\u00fc\u015ft\u00fcrerek auray\u0131 dengeler. \u0130\u00e7sel olarak tedavi eder ve yeniden ba\u015flamak i\u00e7in cesaret verir.<\/p>\n<p>Lapis ta\u015f\u0131 hayat\u0131n\u0131zdaki sorumluluklar\u0131 \u00fcstlenme cesareti verir. A\u015fk ve dostluk ili\u015fkileri kurar, duygu ve d\u00fc\u015f\u00fcnceleri ifade etmeye yard\u0131mc\u0131d\u0131r.<\/p>\n","protected":false},"featured_media":19387,"comment_status":"closed","ping_status":"closed","template":"","meta":[],"product_brand":[],"product_cat":[558],"product_tag":[],"class_list":{"0":"post-19386","1":"product","2":"type-product","3":"status-publish","4":"has-post-thumbnail","6":"product_cat-burc-taslari","8":"first","9":"instock","10":"taxable","11":"shipping-taxable","12":"purchasable","13":"product-type-simple"},"yoast_head":"<!-- This site is optimized with the Yoast SEO plugin v27.2 - https:\/\/yoast.com\/product\/yoast-seo-wordpress\/ -->\n<title>YAY BURCU TA\u015eLARI - Astrolog Elvan<\/title>\n<meta name=\"robots\" content=\"index, follow, max-snippet:-1, max-image-preview:large, max-video-preview:-1\" \/>\n<link rel=\"canonical\" href=\"https:\/\/astrologelvan.com\/magaza\/urun\/yay-burcu-taslari\/\" \/>\n<meta property=\"og:locale\" content=\"tr_TR\" \/>\n<meta property=\"og:type\" content=\"article\" \/>\n<meta property=\"og:title\" content=\"YAY BURCU TA\u015eLARI - Astrolog Elvan\" \/>\n<meta property=\"og:description\" content=\"Ta\u015flar\u0131: Havlit \u2013 Akik \u2013 Lapis  Havlit sakinlik veren bir ta\u015ft\u0131r. Uyku ve meditasyon i\u00e7in kullanabilirsiniz. Sab\u0131rl\u0131 olmay\u0131 ve ani \u00f6fkelenmeyi dengeler.  Akik ta\u015f\u0131 negatif enerjileri yok ederek ve d\u00f6n\u00fc\u015ft\u00fcrerek auray\u0131 dengeler. \u0130\u00e7sel olarak tedavi eder ve yeniden ba\u015flamak i\u00e7in cesaret verir.  Lapis ta\u015f\u0131 hayat\u0131n\u0131zdaki sorumluluklar\u0131 \u00fcstlenme cesareti verir. A\u015fk ve dostluk ili\u015fkileri kurar, duygu ve d\u00fc\u015f\u00fcnceleri ifade etmeye yard\u0131mc\u0131d\u0131r.\" \/>\n<meta property=\"og:url\" content=\"https:\/\/astrologelvan.com\/magaza\/urun\/yay-burcu-taslari\/\" \/>\n<meta property=\"og:site_name\" content=\"Astrolog Elvan\" \/>\n<meta property=\"article:modified_time\" content=\"2025-12-09T14:43:26+00:00\" \/>\n<meta property=\"og:image\" content=\"https:\/\/astrologelvan.com\/magaza\/wp-content\/uploads\/2024\/11\/yay.jpg\" \/>\n\t<meta property=\"og:image:width\" content=\"1200\" \/>\n\t<meta property=\"og:image:height\" content=\"1600\" \/>\n\t<meta property=\"og:image:type\" content=\"image\/jpeg\" \/>\n<meta name=\"twitter:card\" content=\"summary_large_image\" \/>\n<meta name=\"twitter:label1\" content=\"Tahmini okuma s\u00fcresi\" \/>\n\t<meta name=\"twitter:data1\" content=\"1 dakika\" \/>\n<script type=\"application\/ld+json\" class=\"yoast-schema-graph\">{\"@context\":\"https:\/\/schema.org\",\"@graph\":[{\"@type\":[\"WebPage\",\"ItemPage\"],\"@id\":\"https:\/\/astrologelvan.com\/magaza\/urun\/yay-burcu-taslari\/\",\"url\":\"https:\/\/astrologelvan.com\/magaza\/urun\/yay-burcu-taslari\/\",\"name\":\"YAY BURCU TA\u015eLARI - Astrolog Elvan\",\"isPartOf\":{\"@id\":\"https:\/\/astrologelvan.com\/magaza\/#website\"},\"primaryImageOfPage\":{\"@id\":\"https:\/\/astrologelvan.com\/magaza\/urun\/yay-burcu-taslari\/#primaryimage\"},\"image\":{\"@id\":\"https:\/\/astrologelvan.com\/magaza\/urun\/yay-burcu-taslari\/#primaryimage\"},\"thumbnailUrl\":\"https:\/\/astrologelvan.com\/magaza\/wp-content\/uploads\/2024\/11\/yay.jpg\",\"datePublished\":\"2024-11-07T16:13:58+00:00\",\"dateModified\":\"2025-12-09T14:43:26+00:00\",\"breadcrumb\":{\"@id\":\"https:\/\/astrologelvan.com\/magaza\/urun\/yay-burcu-taslari\/#breadcrumb\"},\"inLanguage\":\"tr\",\"potentialAction\":[{\"@type\":\"ReadAction\",\"target\":[\"https:\/\/astrologelvan.com\/magaza\/urun\/yay-burcu-taslari\/\"]}]},{\"@type\":\"ImageObject\",\"inLanguage\":\"tr\",\"@id\":\"https:\/\/astrologelvan.com\/magaza\/urun\/yay-burcu-taslari\/#primaryimage\",\"url\":\"https:\/\/astrologelvan.com\/magaza\/wp-content\/uploads\/2024\/11\/yay.jpg\",\"contentUrl\":\"https:\/\/astrologelvan.com\/magaza\/wp-content\/uploads\/2024\/11\/yay.jpg\",\"width\":1200,\"height\":1600},{\"@type\":\"BreadcrumbList\",\"@id\":\"https:\/\/astrologelvan.com\/magaza\/urun\/yay-burcu-taslari\/#breadcrumb\",\"itemListElement\":[{\"@type\":\"ListItem\",\"position\":1,\"name\":\"Anasayfa\",\"item\":\"https:\/\/astrologelvan.com\/magaza\/\"},{\"@type\":\"ListItem\",\"position\":2,\"name\":\"Ma\u011faza\",\"item\":\"https:\/\/astrologelvan.com\/magaza\/magaza\/\"},{\"@type\":\"ListItem\",\"position\":3,\"name\":\"YAY BURCU TA\u015eLARI\"}]},{\"@type\":\"WebSite\",\"@id\":\"https:\/\/astrologelvan.com\/magaza\/#website\",\"url\":\"https:\/\/astrologelvan.com\/magaza\/\",\"name\":\"Astrolog Elvan\",\"description\":\"\",\"potentialAction\":[{\"@type\":\"SearchAction\",\"target\":{\"@type\":\"EntryPoint\",\"urlTemplate\":\"https:\/\/astrologelvan.com\/magaza\/?s={search_term_string}\"},\"query-input\":{\"@type\":\"PropertyValueSpecification\",\"valueRequired\":true,\"valueName\":\"search_term_string\"}}],\"inLanguage\":\"tr\"}]}<\/script>\n<!-- \/ Yoast SEO plugin. -->","yoast_head_json":{"title":"YAY BURCU TA\u015eLARI - Astrolog Elvan","robots":{"index":"index","follow":"follow","max-snippet":"max-snippet:-1","max-image-preview":"max-image-preview:large","max-video-preview":"max-video-preview:-1"},"canonical":"https:\/\/astrologelvan.com\/magaza\/urun\/yay-burcu-taslari\/","og_locale":"tr_TR","og_type":"article","og_title":"YAY BURCU TA\u015eLARI - Astrolog Elvan","og_description":"Ta\u015flar\u0131: Havlit \u2013 Akik \u2013 Lapis  Havlit sakinlik veren bir ta\u015ft\u0131r. Uyku ve meditasyon i\u00e7in kullanabilirsiniz. Sab\u0131rl\u0131 olmay\u0131 ve ani \u00f6fkelenmeyi dengeler.  Akik ta\u015f\u0131 negatif enerjileri yok ederek ve d\u00f6n\u00fc\u015ft\u00fcrerek auray\u0131 dengeler. \u0130\u00e7sel olarak tedavi eder ve yeniden ba\u015flamak i\u00e7in cesaret verir.  Lapis ta\u015f\u0131 hayat\u0131n\u0131zdaki sorumluluklar\u0131 \u00fcstlenme cesareti verir. A\u015fk ve dostluk ili\u015fkileri kurar, duygu ve d\u00fc\u015f\u00fcnceleri ifade etmeye yard\u0131mc\u0131d\u0131r.","og_url":"https:\/\/astrologelvan.com\/magaza\/urun\/yay-burcu-taslari\/","og_site_name":"Astrolog Elvan","article_modified_time":"2025-12-09T14:43:26+00:00","og_image":[{"width":1200,"height":1600,"url":"https:\/\/astrologelvan.com\/magaza\/wp-content\/uploads\/2024\/11\/yay.jpg","type":"image\/jpeg"}],"twitter_card":"summary_large_image","twitter_misc":{"Tahmini okuma s\u00fcresi":"1 dakika"},"schema":{"@context":"https:\/\/schema.org","@graph":[{"@type":["WebPage","ItemPage"],"@id":"https:\/\/astrologelvan.com\/magaza\/urun\/yay-burcu-taslari\/","url":"https:\/\/astrologelvan.com\/magaza\/urun\/yay-burcu-taslari\/","name":"YAY BURCU TA\u015eLARI - Astrolog Elvan","isPartOf":{"@id":"https:\/\/astrologelvan.com\/magaza\/#website"},"primaryImageOfPage":{"@id":"https:\/\/astrologelvan.com\/magaza\/urun\/yay-burcu-taslari\/#primaryimage"},"image":{"@id":"https:\/\/astrologelvan.com\/magaza\/urun\/yay-burcu-taslari\/#primaryimage"},"thumbnailUrl":"https:\/\/astrologelvan.com\/magaza\/wp-content\/uploads\/2024\/11\/yay.jpg","datePublished":"2024-11-07T16:13:58+00:00","dateModified":"2025-12-09T14:43:26+00:00","breadcrumb":{"@id":"https:\/\/astrologelvan.com\/magaza\/urun\/yay-burcu-taslari\/#breadcrumb"},"inLanguage":"tr","potentialAction":[{"@type":"ReadAction","target":["https:\/\/astrologelvan.com\/magaza\/urun\/yay-burcu-taslari\/"]}]},{"@type":"ImageObject","inLanguage":"tr","@id":"https:\/\/astrologelvan.com\/magaza\/urun\/yay-burcu-taslari\/#primaryimage","url":"https:\/\/astrologelvan.com\/magaza\/wp-content\/uploads\/2024\/11\/yay.jpg","contentUrl":"https:\/\/astrologelvan.com\/magaza\/wp-content\/uploads\/2024\/11\/yay.jpg","width":1200,"height":1600},{"@type":"BreadcrumbList","@id":"https:\/\/astrologelvan.com\/magaza\/urun\/yay-burcu-taslari\/#breadcrumb","itemListElement":[{"@type":"ListItem","position":1,"name":"Anasayfa","item":"https:\/\/astrologelvan.com\/magaza\/"},{"@type":"ListItem","position":2,"name":"Ma\u011faza","item":"https:\/\/astrologelvan.com\/magaza\/magaza\/"},{"@type":"ListItem","position":3,"name":"YAY BURCU TA\u015eLARI"}]},{"@type":"WebSite","@id":"https:\/\/astrologelvan.com\/magaza\/#website","url":"https:\/\/astrologelvan.com\/magaza\/","name":"Astrolog Elvan","description":"","potentialAction":[{"@type":"SearchAction","target":{"@type":"EntryPoint","urlTemplate":"https:\/\/astrologelvan.com\/magaza\/?s={search_term_string}"},"query-input":{"@type":"PropertyValueSpecification","valueRequired":true,"valueName":"search_term_string"}}],"inLanguage":"tr"}]}},"_links":{"self":[{"href":"https:\/\/astrologelvan.com\/magaza\/wp-json\/wp\/v2\/product\/19386","targetHints":{"allow":["GET"]}}],"collection":[{"href":"https:\/\/astrologelvan.com\/magaza\/wp-json\/wp\/v2\/product"}],"about":[{"href":"https:\/\/astrologelvan.com\/magaza\/wp-json\/wp\/v2\/types\/product"}],"replies":[{"embeddable":true,"href":"https:\/\/astrologelvan.com\/magaza\/wp-json\/wp\/v2\/comments?post=19386"}],"wp:featuredmedia":[{"embeddable":true,"href":"https:\/\/astrologelvan.com\/magaza\/wp-json\/wp\/v2\/media\/19387"}],"wp:attachment":[{"href":"https:\/\/astrologelvan.com\/magaza\/wp-json\/wp\/v2\/media?parent=19386"}],"wp:term":[{"taxonomy":"product_brand","embeddable":true,"href":"https:\/\/astrologelvan.com\/magaza\/wp-json\/wp\/v2\/product_brand?post=19386"},{"taxonomy":"product_cat","embeddable":true,"href":"https:\/\/astrologelvan.com\/magaza\/wp-json\/wp\/v2\/product_cat?post=19386"},{"taxonomy":"product_tag","embeddable":true,"href":"https:\/\/astrologelvan.com\/magaza\/wp-json\/wp\/v2\/product_tag?post=19386"}],"curies":[{"name":"wp","href":"https:\/\/api.w.org\/{rel}","templated":true}]}}