{"id":19380,"date":"2024-11-07T19:08:54","date_gmt":"2024-11-07T16:08:54","guid":{"rendered":"https:\/\/astrologelvan.com\/magaza\/?post_type=product&#038;p=19380"},"modified":"2025-10-06T08:15:24","modified_gmt":"2025-10-06T05:15:24","slug":"basak-burcu-taslari","status":"publish","type":"product","link":"https:\/\/astrologelvan.com\/magaza\/urun\/basak-burcu-taslari\/","title":{"rendered":"BA\u015eAK BURCU TA\u015eLARI"},"content":{"rendered":"","protected":false},"excerpt":{"rendered":"<p>Ta\u015flar\u0131: Ametist \u2013 \u0130nci \u2013 Rutil Kuvars<\/p>\n<p>Ametist ta\u015f\u0131 zihinsel olarak sakinle\u015fmenizi sa\u011flar. \u015eifa ve ruhsal ar\u0131nma sa\u011flar.<\/p>\n<p>\u0130nci ta\u015f\u0131 sezgisel g\u00fcc\u00fcn\u00fcz\u00fc harekete ge\u00e7irir. Sevgi ve \u015fefkati hayat\u0131n\u0131za \u00e7eker.<\/p>\n<p>Hayat\u0131n\u0131z\u0131 iyile\u015ftirmede ve dengelemede yard\u0131mc\u0131 olur.<\/p>\n<p>Rutil Kuvars \u015fifa ve enerji ta\u015f\u0131d\u0131r. Bu ta\u015f iyile\u015ftirme ve ruhsal \u00e7al\u0131\u015fmalar\u0131n\u0131zda size yol g\u00f6sterir.<\/p>\n","protected":false},"featured_media":19381,"comment_status":"open","ping_status":"closed","template":"","meta":[],"product_brand":[],"product_cat":[558],"product_tag":[],"class_list":{"0":"post-19380","1":"product","2":"type-product","3":"status-publish","4":"has-post-thumbnail","6":"product_cat-burc-taslari","8":"first","9":"instock","10":"taxable","11":"shipping-taxable","12":"purchasable","13":"product-type-simple"},"yoast_head":"<!-- This site is optimized with the Yoast SEO plugin v27.3 - https:\/\/yoast.com\/product\/yoast-seo-wordpress\/ -->\n<title>BA\u015eAK BURCU TA\u015eLARI - Astrolog Elvan<\/title>\n<meta name=\"robots\" content=\"index, follow, max-snippet:-1, max-image-preview:large, max-video-preview:-1\" \/>\n<link rel=\"canonical\" href=\"https:\/\/astrologelvan.com\/magaza\/urun\/basak-burcu-taslari\/\" \/>\n<meta property=\"og:locale\" content=\"tr_TR\" \/>\n<meta property=\"og:type\" content=\"article\" \/>\n<meta property=\"og:title\" content=\"BA\u015eAK BURCU TA\u015eLARI - Astrolog Elvan\" \/>\n<meta property=\"og:description\" content=\"Ta\u015flar\u0131: Ametist \u2013 \u0130nci \u2013 Rutil Kuvars  Ametist ta\u015f\u0131 zihinsel olarak sakinle\u015fmenizi sa\u011flar. \u015eifa ve ruhsal ar\u0131nma sa\u011flar.  \u0130nci ta\u015f\u0131 sezgisel g\u00fcc\u00fcn\u00fcz\u00fc harekete ge\u00e7irir. Sevgi ve \u015fefkati hayat\u0131n\u0131za \u00e7eker.  Hayat\u0131n\u0131z\u0131 iyile\u015ftirmede ve dengelemede yard\u0131mc\u0131 olur.  Rutil Kuvars \u015fifa ve enerji ta\u015f\u0131d\u0131r. Bu ta\u015f iyile\u015ftirme ve ruhsal \u00e7al\u0131\u015fmalar\u0131n\u0131zda size yol g\u00f6sterir.\" \/>\n<meta property=\"og:url\" content=\"https:\/\/astrologelvan.com\/magaza\/urun\/basak-burcu-taslari\/\" \/>\n<meta property=\"og:site_name\" content=\"Astrolog Elvan\" \/>\n<meta property=\"article:modified_time\" content=\"2025-10-06T05:15:24+00:00\" \/>\n<meta property=\"og:image\" content=\"https:\/\/astrologelvan.com\/magaza\/wp-content\/uploads\/2024\/11\/basak.jpg\" \/>\n\t<meta property=\"og:image:width\" content=\"1200\" \/>\n\t<meta property=\"og:image:height\" content=\"1600\" \/>\n\t<meta property=\"og:image:type\" content=\"image\/jpeg\" \/>\n<meta name=\"twitter:card\" content=\"summary_large_image\" \/>\n<meta name=\"twitter:label1\" content=\"Tahmini okuma s\u00fcresi\" \/>\n\t<meta name=\"twitter:data1\" content=\"1 dakika\" \/>\n<script type=\"application\/ld+json\" class=\"yoast-schema-graph\">{\"@context\":\"https:\\\/\\\/schema.org\",\"@graph\":[{\"@type\":[\"WebPage\",\"ItemPage\"],\"@id\":\"https:\\\/\\\/astrologelvan.com\\\/magaza\\\/urun\\\/basak-burcu-taslari\\\/\",\"url\":\"https:\\\/\\\/astrologelvan.com\\\/magaza\\\/urun\\\/basak-burcu-taslari\\\/\",\"name\":\"BA\u015eAK BURCU TA\u015eLARI - Astrolog Elvan\",\"isPartOf\":{\"@id\":\"https:\\\/\\\/astrologelvan.com\\\/magaza\\\/#website\"},\"primaryImageOfPage\":{\"@id\":\"https:\\\/\\\/astrologelvan.com\\\/magaza\\\/urun\\\/basak-burcu-taslari\\\/#primaryimage\"},\"image\":{\"@id\":\"https:\\\/\\\/astrologelvan.com\\\/magaza\\\/urun\\\/basak-burcu-taslari\\\/#primaryimage\"},\"thumbnailUrl\":\"https:\\\/\\\/astrologelvan.com\\\/magaza\\\/wp-content\\\/uploads\\\/2024\\\/11\\\/basak.jpg\",\"datePublished\":\"2024-11-07T16:08:54+00:00\",\"dateModified\":\"2025-10-06T05:15:24+00:00\",\"breadcrumb\":{\"@id\":\"https:\\\/\\\/astrologelvan.com\\\/magaza\\\/urun\\\/basak-burcu-taslari\\\/#breadcrumb\"},\"inLanguage\":\"tr\",\"potentialAction\":[{\"@type\":\"ReadAction\",\"target\":[\"https:\\\/\\\/astrologelvan.com\\\/magaza\\\/urun\\\/basak-burcu-taslari\\\/\"]}]},{\"@type\":\"ImageObject\",\"inLanguage\":\"tr\",\"@id\":\"https:\\\/\\\/astrologelvan.com\\\/magaza\\\/urun\\\/basak-burcu-taslari\\\/#primaryimage\",\"url\":\"https:\\\/\\\/astrologelvan.com\\\/magaza\\\/wp-content\\\/uploads\\\/2024\\\/11\\\/basak.jpg\",\"contentUrl\":\"https:\\\/\\\/astrologelvan.com\\\/magaza\\\/wp-content\\\/uploads\\\/2024\\\/11\\\/basak.jpg\",\"width\":1200,\"height\":1600},{\"@type\":\"BreadcrumbList\",\"@id\":\"https:\\\/\\\/astrologelvan.com\\\/magaza\\\/urun\\\/basak-burcu-taslari\\\/#breadcrumb\",\"itemListElement\":[{\"@type\":\"ListItem\",\"position\":1,\"name\":\"Anasayfa\",\"item\":\"https:\\\/\\\/astrologelvan.com\\\/magaza\\\/\"},{\"@type\":\"ListItem\",\"position\":2,\"name\":\"Ma\u011faza\",\"item\":\"https:\\\/\\\/astrologelvan.com\\\/magaza\\\/magaza\\\/\"},{\"@type\":\"ListItem\",\"position\":3,\"name\":\"BA\u015eAK BURCU TA\u015eLARI\"}]},{\"@type\":\"WebSite\",\"@id\":\"https:\\\/\\\/astrologelvan.com\\\/magaza\\\/#website\",\"url\":\"https:\\\/\\\/astrologelvan.com\\\/magaza\\\/\",\"name\":\"Astrolog Elvan\",\"description\":\"\",\"potentialAction\":[{\"@type\":\"SearchAction\",\"target\":{\"@type\":\"EntryPoint\",\"urlTemplate\":\"https:\\\/\\\/astrologelvan.com\\\/magaza\\\/?s={search_term_string}\"},\"query-input\":{\"@type\":\"PropertyValueSpecification\",\"valueRequired\":true,\"valueName\":\"search_term_string\"}}],\"inLanguage\":\"tr\"}]}<\/script>\n<!-- \/ Yoast SEO plugin. -->","yoast_head_json":{"title":"BA\u015eAK BURCU TA\u015eLARI - Astrolog Elvan","robots":{"index":"index","follow":"follow","max-snippet":"max-snippet:-1","max-image-preview":"max-image-preview:large","max-video-preview":"max-video-preview:-1"},"canonical":"https:\/\/astrologelvan.com\/magaza\/urun\/basak-burcu-taslari\/","og_locale":"tr_TR","og_type":"article","og_title":"BA\u015eAK BURCU TA\u015eLARI - Astrolog Elvan","og_description":"Ta\u015flar\u0131: Ametist \u2013 \u0130nci \u2013 Rutil Kuvars  Ametist ta\u015f\u0131 zihinsel olarak sakinle\u015fmenizi sa\u011flar. \u015eifa ve ruhsal ar\u0131nma sa\u011flar.  \u0130nci ta\u015f\u0131 sezgisel g\u00fcc\u00fcn\u00fcz\u00fc harekete ge\u00e7irir. Sevgi ve \u015fefkati hayat\u0131n\u0131za \u00e7eker.  Hayat\u0131n\u0131z\u0131 iyile\u015ftirmede ve dengelemede yard\u0131mc\u0131 olur.  Rutil Kuvars \u015fifa ve enerji ta\u015f\u0131d\u0131r. Bu ta\u015f iyile\u015ftirme ve ruhsal \u00e7al\u0131\u015fmalar\u0131n\u0131zda size yol g\u00f6sterir.","og_url":"https:\/\/astrologelvan.com\/magaza\/urun\/basak-burcu-taslari\/","og_site_name":"Astrolog Elvan","article_modified_time":"2025-10-06T05:15:24+00:00","og_image":[{"width":1200,"height":1600,"url":"https:\/\/astrologelvan.com\/magaza\/wp-content\/uploads\/2024\/11\/basak.jpg","type":"image\/jpeg"}],"twitter_card":"summary_large_image","twitter_misc":{"Tahmini okuma s\u00fcresi":"1 dakika"},"schema":{"@context":"https:\/\/schema.org","@graph":[{"@type":["WebPage","ItemPage"],"@id":"https:\/\/astrologelvan.com\/magaza\/urun\/basak-burcu-taslari\/","url":"https:\/\/astrologelvan.com\/magaza\/urun\/basak-burcu-taslari\/","name":"BA\u015eAK BURCU TA\u015eLARI - Astrolog Elvan","isPartOf":{"@id":"https:\/\/astrologelvan.com\/magaza\/#website"},"primaryImageOfPage":{"@id":"https:\/\/astrologelvan.com\/magaza\/urun\/basak-burcu-taslari\/#primaryimage"},"image":{"@id":"https:\/\/astrologelvan.com\/magaza\/urun\/basak-burcu-taslari\/#primaryimage"},"thumbnailUrl":"https:\/\/astrologelvan.com\/magaza\/wp-content\/uploads\/2024\/11\/basak.jpg","datePublished":"2024-11-07T16:08:54+00:00","dateModified":"2025-10-06T05:15:24+00:00","breadcrumb":{"@id":"https:\/\/astrologelvan.com\/magaza\/urun\/basak-burcu-taslari\/#breadcrumb"},"inLanguage":"tr","potentialAction":[{"@type":"ReadAction","target":["https:\/\/astrologelvan.com\/magaza\/urun\/basak-burcu-taslari\/"]}]},{"@type":"ImageObject","inLanguage":"tr","@id":"https:\/\/astrologelvan.com\/magaza\/urun\/basak-burcu-taslari\/#primaryimage","url":"https:\/\/astrologelvan.com\/magaza\/wp-content\/uploads\/2024\/11\/basak.jpg","contentUrl":"https:\/\/astrologelvan.com\/magaza\/wp-content\/uploads\/2024\/11\/basak.jpg","width":1200,"height":1600},{"@type":"BreadcrumbList","@id":"https:\/\/astrologelvan.com\/magaza\/urun\/basak-burcu-taslari\/#breadcrumb","itemListElement":[{"@type":"ListItem","position":1,"name":"Anasayfa","item":"https:\/\/astrologelvan.com\/magaza\/"},{"@type":"ListItem","position":2,"name":"Ma\u011faza","item":"https:\/\/astrologelvan.com\/magaza\/magaza\/"},{"@type":"ListItem","position":3,"name":"BA\u015eAK BURCU TA\u015eLARI"}]},{"@type":"WebSite","@id":"https:\/\/astrologelvan.com\/magaza\/#website","url":"https:\/\/astrologelvan.com\/magaza\/","name":"Astrolog Elvan","description":"","potentialAction":[{"@type":"SearchAction","target":{"@type":"EntryPoint","urlTemplate":"https:\/\/astrologelvan.com\/magaza\/?s={search_term_string}"},"query-input":{"@type":"PropertyValueSpecification","valueRequired":true,"valueName":"search_term_string"}}],"inLanguage":"tr"}]}},"_links":{"self":[{"href":"https:\/\/astrologelvan.com\/magaza\/wp-json\/wp\/v2\/product\/19380","targetHints":{"allow":["GET"]}}],"collection":[{"href":"https:\/\/astrologelvan.com\/magaza\/wp-json\/wp\/v2\/product"}],"about":[{"href":"https:\/\/astrologelvan.com\/magaza\/wp-json\/wp\/v2\/types\/product"}],"replies":[{"embeddable":true,"href":"https:\/\/astrologelvan.com\/magaza\/wp-json\/wp\/v2\/comments?post=19380"}],"wp:featuredmedia":[{"embeddable":true,"href":"https:\/\/astrologelvan.com\/magaza\/wp-json\/wp\/v2\/media\/19381"}],"wp:attachment":[{"href":"https:\/\/astrologelvan.com\/magaza\/wp-json\/wp\/v2\/media?parent=19380"}],"wp:term":[{"taxonomy":"product_brand","embeddable":true,"href":"https:\/\/astrologelvan.com\/magaza\/wp-json\/wp\/v2\/product_brand?post=19380"},{"taxonomy":"product_cat","embeddable":true,"href":"https:\/\/astrologelvan.com\/magaza\/wp-json\/wp\/v2\/product_cat?post=19380"},{"taxonomy":"product_tag","embeddable":true,"href":"https:\/\/astrologelvan.com\/magaza\/wp-json\/wp\/v2\/product_tag?post=19380"}],"curies":[{"name":"wp","href":"https:\/\/api.w.org\/{rel}","templated":true}]}}