{"id":19378,"date":"2024-11-07T19:06:56","date_gmt":"2024-11-07T16:06:56","guid":{"rendered":"https:\/\/astrologelvan.com\/magaza\/?post_type=product&#038;p=19378"},"modified":"2025-10-06T08:15:24","modified_gmt":"2025-10-06T05:15:24","slug":"aslan-burcu-taslari","status":"publish","type":"product","link":"https:\/\/astrologelvan.com\/magaza\/urun\/aslan-burcu-taslari\/","title":{"rendered":"ASLAN BURCU TA\u015eLARI"},"content":{"rendered":"","protected":false},"excerpt":{"rendered":"<p>Ta\u015flar\u0131: G\u00fcne\u015f Ta\u015f\u0131 \u2013 Kaplan G\u00f6z\u00fc \u2013 Aventurin<\/p>\n<p>G\u00fcne\u015f Ta\u015f\u0131 ne\u015fe ve \u0131\u015f\u0131k veren bir ta\u015ft\u0131r. Ya\u015fam sevinci ve iyi huylar a\u015f\u0131lar, sezgileri y\u00fckseltir. Hay\u0131r demekte zorlan\u0131yor ve s\u00fcrekli ba\u015fkalar\u0131 i\u00e7in fedakarl\u0131klar yap\u0131yorsan\u0131z bu ta\u015f\u0131 s\u00fcrekli yan\u0131n\u0131zda ta\u015f\u0131y\u0131n.<\/p>\n<p>Kaplan G\u00f6z\u00fc ta\u015f\u0131 g\u00fcc\u00fcn\u00fcz\u00fc do\u011fru kullanman\u0131z\u0131 g\u00f6sterir. Negatif ruh halini dengeler. Hayat\u0131n\u0131zdaki yanl\u0131\u015flar\u0131 fark etmenizi sa\u011flar.<\/p>\n<p>Aventurin \u015fans, bolluk ve mutluluk ta\u015f\u0131d\u0131r. Stres ve kayg\u0131y\u0131 hafifletir duygusal dengelenmeyi sa\u011flar. \u0130\u00e7sel huzur sa\u011flar.<\/p>\n","protected":false},"featured_media":19379,"comment_status":"open","ping_status":"closed","template":"","meta":[],"product_brand":[],"product_cat":[558],"product_tag":[],"class_list":{"0":"post-19378","1":"product","2":"type-product","3":"status-publish","4":"has-post-thumbnail","6":"product_cat-burc-taslari","8":"first","9":"instock","10":"taxable","11":"shipping-taxable","12":"purchasable","13":"product-type-simple"},"yoast_head":"<!-- This site is optimized with the Yoast SEO plugin v27.2 - https:\/\/yoast.com\/product\/yoast-seo-wordpress\/ -->\n<title>ASLAN BURCU TA\u015eLARI - Astrolog Elvan<\/title>\n<meta name=\"robots\" content=\"index, follow, max-snippet:-1, max-image-preview:large, max-video-preview:-1\" \/>\n<link rel=\"canonical\" href=\"https:\/\/astrologelvan.com\/magaza\/urun\/aslan-burcu-taslari\/\" \/>\n<meta property=\"og:locale\" content=\"tr_TR\" \/>\n<meta property=\"og:type\" content=\"article\" \/>\n<meta property=\"og:title\" content=\"ASLAN BURCU TA\u015eLARI - Astrolog Elvan\" \/>\n<meta property=\"og:description\" content=\"Ta\u015flar\u0131: G\u00fcne\u015f Ta\u015f\u0131 \u2013 Kaplan G\u00f6z\u00fc \u2013 Aventurin  G\u00fcne\u015f Ta\u015f\u0131 ne\u015fe ve \u0131\u015f\u0131k veren bir ta\u015ft\u0131r. Ya\u015fam sevinci ve iyi huylar a\u015f\u0131lar, sezgileri y\u00fckseltir. Hay\u0131r demekte zorlan\u0131yor ve s\u00fcrekli ba\u015fkalar\u0131 i\u00e7in fedakarl\u0131klar yap\u0131yorsan\u0131z bu ta\u015f\u0131 s\u00fcrekli yan\u0131n\u0131zda ta\u015f\u0131y\u0131n.  Kaplan G\u00f6z\u00fc ta\u015f\u0131 g\u00fcc\u00fcn\u00fcz\u00fc do\u011fru kullanman\u0131z\u0131 g\u00f6sterir. Negatif ruh halini dengeler. Hayat\u0131n\u0131zdaki yanl\u0131\u015flar\u0131 fark etmenizi sa\u011flar.  Aventurin \u015fans, bolluk ve mutluluk ta\u015f\u0131d\u0131r. Stres ve kayg\u0131y\u0131 hafifletir duygusal dengelenmeyi sa\u011flar. \u0130\u00e7sel huzur sa\u011flar.\" \/>\n<meta property=\"og:url\" content=\"https:\/\/astrologelvan.com\/magaza\/urun\/aslan-burcu-taslari\/\" \/>\n<meta property=\"og:site_name\" content=\"Astrolog Elvan\" \/>\n<meta property=\"article:modified_time\" content=\"2025-10-06T05:15:24+00:00\" \/>\n<meta property=\"og:image\" content=\"https:\/\/astrologelvan.com\/magaza\/wp-content\/uploads\/2024\/11\/aslan.jpg\" \/>\n\t<meta property=\"og:image:width\" content=\"1200\" \/>\n\t<meta property=\"og:image:height\" content=\"1600\" \/>\n\t<meta property=\"og:image:type\" content=\"image\/jpeg\" \/>\n<meta name=\"twitter:card\" content=\"summary_large_image\" \/>\n<meta name=\"twitter:label1\" content=\"Tahmini okuma s\u00fcresi\" \/>\n\t<meta name=\"twitter:data1\" content=\"1 dakika\" \/>\n<script type=\"application\/ld+json\" class=\"yoast-schema-graph\">{\"@context\":\"https:\/\/schema.org\",\"@graph\":[{\"@type\":[\"WebPage\",\"ItemPage\"],\"@id\":\"https:\/\/astrologelvan.com\/magaza\/urun\/aslan-burcu-taslari\/\",\"url\":\"https:\/\/astrologelvan.com\/magaza\/urun\/aslan-burcu-taslari\/\",\"name\":\"ASLAN BURCU TA\u015eLARI - Astrolog Elvan\",\"isPartOf\":{\"@id\":\"https:\/\/astrologelvan.com\/magaza\/#website\"},\"primaryImageOfPage\":{\"@id\":\"https:\/\/astrologelvan.com\/magaza\/urun\/aslan-burcu-taslari\/#primaryimage\"},\"image\":{\"@id\":\"https:\/\/astrologelvan.com\/magaza\/urun\/aslan-burcu-taslari\/#primaryimage\"},\"thumbnailUrl\":\"https:\/\/astrologelvan.com\/magaza\/wp-content\/uploads\/2024\/11\/aslan.jpg\",\"datePublished\":\"2024-11-07T16:06:56+00:00\",\"dateModified\":\"2025-10-06T05:15:24+00:00\",\"breadcrumb\":{\"@id\":\"https:\/\/astrologelvan.com\/magaza\/urun\/aslan-burcu-taslari\/#breadcrumb\"},\"inLanguage\":\"tr\",\"potentialAction\":[{\"@type\":\"ReadAction\",\"target\":[\"https:\/\/astrologelvan.com\/magaza\/urun\/aslan-burcu-taslari\/\"]}]},{\"@type\":\"ImageObject\",\"inLanguage\":\"tr\",\"@id\":\"https:\/\/astrologelvan.com\/magaza\/urun\/aslan-burcu-taslari\/#primaryimage\",\"url\":\"https:\/\/astrologelvan.com\/magaza\/wp-content\/uploads\/2024\/11\/aslan.jpg\",\"contentUrl\":\"https:\/\/astrologelvan.com\/magaza\/wp-content\/uploads\/2024\/11\/aslan.jpg\",\"width\":1200,\"height\":1600},{\"@type\":\"BreadcrumbList\",\"@id\":\"https:\/\/astrologelvan.com\/magaza\/urun\/aslan-burcu-taslari\/#breadcrumb\",\"itemListElement\":[{\"@type\":\"ListItem\",\"position\":1,\"name\":\"Anasayfa\",\"item\":\"https:\/\/astrologelvan.com\/magaza\/\"},{\"@type\":\"ListItem\",\"position\":2,\"name\":\"Ma\u011faza\",\"item\":\"https:\/\/astrologelvan.com\/magaza\/magaza\/\"},{\"@type\":\"ListItem\",\"position\":3,\"name\":\"ASLAN BURCU TA\u015eLARI\"}]},{\"@type\":\"WebSite\",\"@id\":\"https:\/\/astrologelvan.com\/magaza\/#website\",\"url\":\"https:\/\/astrologelvan.com\/magaza\/\",\"name\":\"Astrolog Elvan\",\"description\":\"\",\"potentialAction\":[{\"@type\":\"SearchAction\",\"target\":{\"@type\":\"EntryPoint\",\"urlTemplate\":\"https:\/\/astrologelvan.com\/magaza\/?s={search_term_string}\"},\"query-input\":{\"@type\":\"PropertyValueSpecification\",\"valueRequired\":true,\"valueName\":\"search_term_string\"}}],\"inLanguage\":\"tr\"}]}<\/script>\n<!-- \/ Yoast SEO plugin. -->","yoast_head_json":{"title":"ASLAN BURCU TA\u015eLARI - Astrolog Elvan","robots":{"index":"index","follow":"follow","max-snippet":"max-snippet:-1","max-image-preview":"max-image-preview:large","max-video-preview":"max-video-preview:-1"},"canonical":"https:\/\/astrologelvan.com\/magaza\/urun\/aslan-burcu-taslari\/","og_locale":"tr_TR","og_type":"article","og_title":"ASLAN BURCU TA\u015eLARI - Astrolog Elvan","og_description":"Ta\u015flar\u0131: G\u00fcne\u015f Ta\u015f\u0131 \u2013 Kaplan G\u00f6z\u00fc \u2013 Aventurin  G\u00fcne\u015f Ta\u015f\u0131 ne\u015fe ve \u0131\u015f\u0131k veren bir ta\u015ft\u0131r. Ya\u015fam sevinci ve iyi huylar a\u015f\u0131lar, sezgileri y\u00fckseltir. Hay\u0131r demekte zorlan\u0131yor ve s\u00fcrekli ba\u015fkalar\u0131 i\u00e7in fedakarl\u0131klar yap\u0131yorsan\u0131z bu ta\u015f\u0131 s\u00fcrekli yan\u0131n\u0131zda ta\u015f\u0131y\u0131n.  Kaplan G\u00f6z\u00fc ta\u015f\u0131 g\u00fcc\u00fcn\u00fcz\u00fc do\u011fru kullanman\u0131z\u0131 g\u00f6sterir. Negatif ruh halini dengeler. Hayat\u0131n\u0131zdaki yanl\u0131\u015flar\u0131 fark etmenizi sa\u011flar.  Aventurin \u015fans, bolluk ve mutluluk ta\u015f\u0131d\u0131r. Stres ve kayg\u0131y\u0131 hafifletir duygusal dengelenmeyi sa\u011flar. \u0130\u00e7sel huzur sa\u011flar.","og_url":"https:\/\/astrologelvan.com\/magaza\/urun\/aslan-burcu-taslari\/","og_site_name":"Astrolog Elvan","article_modified_time":"2025-10-06T05:15:24+00:00","og_image":[{"width":1200,"height":1600,"url":"https:\/\/astrologelvan.com\/magaza\/wp-content\/uploads\/2024\/11\/aslan.jpg","type":"image\/jpeg"}],"twitter_card":"summary_large_image","twitter_misc":{"Tahmini okuma s\u00fcresi":"1 dakika"},"schema":{"@context":"https:\/\/schema.org","@graph":[{"@type":["WebPage","ItemPage"],"@id":"https:\/\/astrologelvan.com\/magaza\/urun\/aslan-burcu-taslari\/","url":"https:\/\/astrologelvan.com\/magaza\/urun\/aslan-burcu-taslari\/","name":"ASLAN BURCU TA\u015eLARI - Astrolog Elvan","isPartOf":{"@id":"https:\/\/astrologelvan.com\/magaza\/#website"},"primaryImageOfPage":{"@id":"https:\/\/astrologelvan.com\/magaza\/urun\/aslan-burcu-taslari\/#primaryimage"},"image":{"@id":"https:\/\/astrologelvan.com\/magaza\/urun\/aslan-burcu-taslari\/#primaryimage"},"thumbnailUrl":"https:\/\/astrologelvan.com\/magaza\/wp-content\/uploads\/2024\/11\/aslan.jpg","datePublished":"2024-11-07T16:06:56+00:00","dateModified":"2025-10-06T05:15:24+00:00","breadcrumb":{"@id":"https:\/\/astrologelvan.com\/magaza\/urun\/aslan-burcu-taslari\/#breadcrumb"},"inLanguage":"tr","potentialAction":[{"@type":"ReadAction","target":["https:\/\/astrologelvan.com\/magaza\/urun\/aslan-burcu-taslari\/"]}]},{"@type":"ImageObject","inLanguage":"tr","@id":"https:\/\/astrologelvan.com\/magaza\/urun\/aslan-burcu-taslari\/#primaryimage","url":"https:\/\/astrologelvan.com\/magaza\/wp-content\/uploads\/2024\/11\/aslan.jpg","contentUrl":"https:\/\/astrologelvan.com\/magaza\/wp-content\/uploads\/2024\/11\/aslan.jpg","width":1200,"height":1600},{"@type":"BreadcrumbList","@id":"https:\/\/astrologelvan.com\/magaza\/urun\/aslan-burcu-taslari\/#breadcrumb","itemListElement":[{"@type":"ListItem","position":1,"name":"Anasayfa","item":"https:\/\/astrologelvan.com\/magaza\/"},{"@type":"ListItem","position":2,"name":"Ma\u011faza","item":"https:\/\/astrologelvan.com\/magaza\/magaza\/"},{"@type":"ListItem","position":3,"name":"ASLAN BURCU TA\u015eLARI"}]},{"@type":"WebSite","@id":"https:\/\/astrologelvan.com\/magaza\/#website","url":"https:\/\/astrologelvan.com\/magaza\/","name":"Astrolog Elvan","description":"","potentialAction":[{"@type":"SearchAction","target":{"@type":"EntryPoint","urlTemplate":"https:\/\/astrologelvan.com\/magaza\/?s={search_term_string}"},"query-input":{"@type":"PropertyValueSpecification","valueRequired":true,"valueName":"search_term_string"}}],"inLanguage":"tr"}]}},"_links":{"self":[{"href":"https:\/\/astrologelvan.com\/magaza\/wp-json\/wp\/v2\/product\/19378","targetHints":{"allow":["GET"]}}],"collection":[{"href":"https:\/\/astrologelvan.com\/magaza\/wp-json\/wp\/v2\/product"}],"about":[{"href":"https:\/\/astrologelvan.com\/magaza\/wp-json\/wp\/v2\/types\/product"}],"replies":[{"embeddable":true,"href":"https:\/\/astrologelvan.com\/magaza\/wp-json\/wp\/v2\/comments?post=19378"}],"wp:featuredmedia":[{"embeddable":true,"href":"https:\/\/astrologelvan.com\/magaza\/wp-json\/wp\/v2\/media\/19379"}],"wp:attachment":[{"href":"https:\/\/astrologelvan.com\/magaza\/wp-json\/wp\/v2\/media?parent=19378"}],"wp:term":[{"taxonomy":"product_brand","embeddable":true,"href":"https:\/\/astrologelvan.com\/magaza\/wp-json\/wp\/v2\/product_brand?post=19378"},{"taxonomy":"product_cat","embeddable":true,"href":"https:\/\/astrologelvan.com\/magaza\/wp-json\/wp\/v2\/product_cat?post=19378"},{"taxonomy":"product_tag","embeddable":true,"href":"https:\/\/astrologelvan.com\/magaza\/wp-json\/wp\/v2\/product_tag?post=19378"}],"curies":[{"name":"wp","href":"https:\/\/api.w.org\/{rel}","templated":true}]}}