{"id":19376,"date":"2024-11-07T19:05:15","date_gmt":"2024-11-07T16:05:15","guid":{"rendered":"https:\/\/astrologelvan.com\/magaza\/?post_type=product&#038;p=19376"},"modified":"2025-11-23T09:45:29","modified_gmt":"2025-11-23T06:45:29","slug":"yengec-burcu-taslari","status":"publish","type":"product","link":"https:\/\/astrologelvan.com\/magaza\/urun\/yengec-burcu-taslari\/","title":{"rendered":"YENGE\u00c7 BURCU TA\u015eLARI"},"content":{"rendered":"","protected":false},"excerpt":{"rendered":"<p>Ta\u015flar\u0131: Pembe Kuvars \u2013 Selenit \u2013 Rodonit<\/p>\n<p>Pembe Kuvars sonsuz sevgi ve huzurun ta\u015f\u0131d\u0131r. Kendinize g\u00fcvenmeyi ve sevmeyi destekler. A\u015fk\u0131 kendinize \u00e7ekmeyi sa\u011flar.<\/p>\n<p>Selenit ta\u015f\u0131 size huzur a\u015f\u0131layan ve sakinlik veren bir ta\u015ft\u0131r. Zihninizdeki kar\u0131\u015f\u0131kl\u0131klar\u0131 ve derindeki resmi g\u00f6rmeye yard\u0131mc\u0131d\u0131r. Bilin\u00e7alt\u0131 d\u00fc\u015f\u00fcncelerinizi dengelemeye ve anlamaya yard\u0131m eder.<\/p>\n<p>Rodonit ta\u015f\u0131 fiziksel ve zihinsel enerjinizi dengeler. Ge\u00e7mi\u015ften gelen duygusal yaralar\u0131 temizler, pi\u015fmanl\u0131k ve ac\u0131 gibi duygular\u0131n de\u011fi\u015fimini sa\u011flar.<\/p>\n","protected":false},"featured_media":19377,"comment_status":"open","ping_status":"closed","template":"","meta":[],"product_brand":[],"product_cat":[558,422],"product_tag":[],"class_list":{"0":"post-19376","1":"product","2":"type-product","3":"status-publish","4":"has-post-thumbnail","6":"product_cat-burc-taslari","7":"product_cat-selenit-tasi","9":"first","10":"instock","11":"taxable","12":"shipping-taxable","13":"purchasable","14":"product-type-simple"},"yoast_head":"<!-- This site is optimized with the Yoast SEO plugin v27.2 - https:\/\/yoast.com\/product\/yoast-seo-wordpress\/ -->\n<title>YENGE\u00c7 BURCU TA\u015eLARI - Astrolog Elvan<\/title>\n<meta name=\"robots\" content=\"index, follow, max-snippet:-1, max-image-preview:large, max-video-preview:-1\" \/>\n<link rel=\"canonical\" href=\"https:\/\/astrologelvan.com\/magaza\/urun\/yengec-burcu-taslari\/\" \/>\n<meta property=\"og:locale\" content=\"tr_TR\" \/>\n<meta property=\"og:type\" content=\"article\" \/>\n<meta property=\"og:title\" content=\"YENGE\u00c7 BURCU TA\u015eLARI - Astrolog Elvan\" \/>\n<meta property=\"og:description\" content=\"Ta\u015flar\u0131: Pembe Kuvars \u2013 Selenit \u2013 Rodonit  Pembe Kuvars sonsuz sevgi ve huzurun ta\u015f\u0131d\u0131r. Kendinize g\u00fcvenmeyi ve sevmeyi destekler. A\u015fk\u0131 kendinize \u00e7ekmeyi sa\u011flar.  Selenit ta\u015f\u0131 size huzur a\u015f\u0131layan ve sakinlik veren bir ta\u015ft\u0131r. Zihninizdeki kar\u0131\u015f\u0131kl\u0131klar\u0131 ve derindeki resmi g\u00f6rmeye yard\u0131mc\u0131d\u0131r. Bilin\u00e7alt\u0131 d\u00fc\u015f\u00fcncelerinizi dengelemeye ve anlamaya yard\u0131m eder.  Rodonit ta\u015f\u0131 fiziksel ve zihinsel enerjinizi dengeler. Ge\u00e7mi\u015ften gelen duygusal yaralar\u0131 temizler, pi\u015fmanl\u0131k ve ac\u0131 gibi duygular\u0131n de\u011fi\u015fimini sa\u011flar.\" \/>\n<meta property=\"og:url\" content=\"https:\/\/astrologelvan.com\/magaza\/urun\/yengec-burcu-taslari\/\" \/>\n<meta property=\"og:site_name\" content=\"Astrolog Elvan\" \/>\n<meta property=\"article:modified_time\" content=\"2025-11-23T06:45:29+00:00\" \/>\n<meta property=\"og:image\" content=\"https:\/\/astrologelvan.com\/magaza\/wp-content\/uploads\/2024\/11\/yengec.jpg\" \/>\n\t<meta property=\"og:image:width\" content=\"1200\" \/>\n\t<meta property=\"og:image:height\" content=\"1600\" \/>\n\t<meta property=\"og:image:type\" content=\"image\/jpeg\" \/>\n<meta name=\"twitter:card\" content=\"summary_large_image\" \/>\n<meta name=\"twitter:label1\" content=\"Tahmini okuma s\u00fcresi\" \/>\n\t<meta name=\"twitter:data1\" content=\"1 dakika\" \/>\n<script type=\"application\/ld+json\" class=\"yoast-schema-graph\">{\"@context\":\"https:\/\/schema.org\",\"@graph\":[{\"@type\":[\"WebPage\",\"ItemPage\"],\"@id\":\"https:\/\/astrologelvan.com\/magaza\/urun\/yengec-burcu-taslari\/\",\"url\":\"https:\/\/astrologelvan.com\/magaza\/urun\/yengec-burcu-taslari\/\",\"name\":\"YENGE\u00c7 BURCU TA\u015eLARI - Astrolog Elvan\",\"isPartOf\":{\"@id\":\"https:\/\/astrologelvan.com\/magaza\/#website\"},\"primaryImageOfPage\":{\"@id\":\"https:\/\/astrologelvan.com\/magaza\/urun\/yengec-burcu-taslari\/#primaryimage\"},\"image\":{\"@id\":\"https:\/\/astrologelvan.com\/magaza\/urun\/yengec-burcu-taslari\/#primaryimage\"},\"thumbnailUrl\":\"https:\/\/astrologelvan.com\/magaza\/wp-content\/uploads\/2024\/11\/yengec.jpg\",\"datePublished\":\"2024-11-07T16:05:15+00:00\",\"dateModified\":\"2025-11-23T06:45:29+00:00\",\"breadcrumb\":{\"@id\":\"https:\/\/astrologelvan.com\/magaza\/urun\/yengec-burcu-taslari\/#breadcrumb\"},\"inLanguage\":\"tr\",\"potentialAction\":[{\"@type\":\"ReadAction\",\"target\":[\"https:\/\/astrologelvan.com\/magaza\/urun\/yengec-burcu-taslari\/\"]}]},{\"@type\":\"ImageObject\",\"inLanguage\":\"tr\",\"@id\":\"https:\/\/astrologelvan.com\/magaza\/urun\/yengec-burcu-taslari\/#primaryimage\",\"url\":\"https:\/\/astrologelvan.com\/magaza\/wp-content\/uploads\/2024\/11\/yengec.jpg\",\"contentUrl\":\"https:\/\/astrologelvan.com\/magaza\/wp-content\/uploads\/2024\/11\/yengec.jpg\",\"width\":1200,\"height\":1600},{\"@type\":\"BreadcrumbList\",\"@id\":\"https:\/\/astrologelvan.com\/magaza\/urun\/yengec-burcu-taslari\/#breadcrumb\",\"itemListElement\":[{\"@type\":\"ListItem\",\"position\":1,\"name\":\"Anasayfa\",\"item\":\"https:\/\/astrologelvan.com\/magaza\/\"},{\"@type\":\"ListItem\",\"position\":2,\"name\":\"Ma\u011faza\",\"item\":\"https:\/\/astrologelvan.com\/magaza\/magaza\/\"},{\"@type\":\"ListItem\",\"position\":3,\"name\":\"YENGE\u00c7 BURCU TA\u015eLARI\"}]},{\"@type\":\"WebSite\",\"@id\":\"https:\/\/astrologelvan.com\/magaza\/#website\",\"url\":\"https:\/\/astrologelvan.com\/magaza\/\",\"name\":\"Astrolog Elvan\",\"description\":\"\",\"potentialAction\":[{\"@type\":\"SearchAction\",\"target\":{\"@type\":\"EntryPoint\",\"urlTemplate\":\"https:\/\/astrologelvan.com\/magaza\/?s={search_term_string}\"},\"query-input\":{\"@type\":\"PropertyValueSpecification\",\"valueRequired\":true,\"valueName\":\"search_term_string\"}}],\"inLanguage\":\"tr\"}]}<\/script>\n<!-- \/ Yoast SEO plugin. -->","yoast_head_json":{"title":"YENGE\u00c7 BURCU TA\u015eLARI - Astrolog Elvan","robots":{"index":"index","follow":"follow","max-snippet":"max-snippet:-1","max-image-preview":"max-image-preview:large","max-video-preview":"max-video-preview:-1"},"canonical":"https:\/\/astrologelvan.com\/magaza\/urun\/yengec-burcu-taslari\/","og_locale":"tr_TR","og_type":"article","og_title":"YENGE\u00c7 BURCU TA\u015eLARI - Astrolog Elvan","og_description":"Ta\u015flar\u0131: Pembe Kuvars \u2013 Selenit \u2013 Rodonit  Pembe Kuvars sonsuz sevgi ve huzurun ta\u015f\u0131d\u0131r. Kendinize g\u00fcvenmeyi ve sevmeyi destekler. A\u015fk\u0131 kendinize \u00e7ekmeyi sa\u011flar.  Selenit ta\u015f\u0131 size huzur a\u015f\u0131layan ve sakinlik veren bir ta\u015ft\u0131r. Zihninizdeki kar\u0131\u015f\u0131kl\u0131klar\u0131 ve derindeki resmi g\u00f6rmeye yard\u0131mc\u0131d\u0131r. Bilin\u00e7alt\u0131 d\u00fc\u015f\u00fcncelerinizi dengelemeye ve anlamaya yard\u0131m eder.  Rodonit ta\u015f\u0131 fiziksel ve zihinsel enerjinizi dengeler. Ge\u00e7mi\u015ften gelen duygusal yaralar\u0131 temizler, pi\u015fmanl\u0131k ve ac\u0131 gibi duygular\u0131n de\u011fi\u015fimini sa\u011flar.","og_url":"https:\/\/astrologelvan.com\/magaza\/urun\/yengec-burcu-taslari\/","og_site_name":"Astrolog Elvan","article_modified_time":"2025-11-23T06:45:29+00:00","og_image":[{"width":1200,"height":1600,"url":"https:\/\/astrologelvan.com\/magaza\/wp-content\/uploads\/2024\/11\/yengec.jpg","type":"image\/jpeg"}],"twitter_card":"summary_large_image","twitter_misc":{"Tahmini okuma s\u00fcresi":"1 dakika"},"schema":{"@context":"https:\/\/schema.org","@graph":[{"@type":["WebPage","ItemPage"],"@id":"https:\/\/astrologelvan.com\/magaza\/urun\/yengec-burcu-taslari\/","url":"https:\/\/astrologelvan.com\/magaza\/urun\/yengec-burcu-taslari\/","name":"YENGE\u00c7 BURCU TA\u015eLARI - Astrolog Elvan","isPartOf":{"@id":"https:\/\/astrologelvan.com\/magaza\/#website"},"primaryImageOfPage":{"@id":"https:\/\/astrologelvan.com\/magaza\/urun\/yengec-burcu-taslari\/#primaryimage"},"image":{"@id":"https:\/\/astrologelvan.com\/magaza\/urun\/yengec-burcu-taslari\/#primaryimage"},"thumbnailUrl":"https:\/\/astrologelvan.com\/magaza\/wp-content\/uploads\/2024\/11\/yengec.jpg","datePublished":"2024-11-07T16:05:15+00:00","dateModified":"2025-11-23T06:45:29+00:00","breadcrumb":{"@id":"https:\/\/astrologelvan.com\/magaza\/urun\/yengec-burcu-taslari\/#breadcrumb"},"inLanguage":"tr","potentialAction":[{"@type":"ReadAction","target":["https:\/\/astrologelvan.com\/magaza\/urun\/yengec-burcu-taslari\/"]}]},{"@type":"ImageObject","inLanguage":"tr","@id":"https:\/\/astrologelvan.com\/magaza\/urun\/yengec-burcu-taslari\/#primaryimage","url":"https:\/\/astrologelvan.com\/magaza\/wp-content\/uploads\/2024\/11\/yengec.jpg","contentUrl":"https:\/\/astrologelvan.com\/magaza\/wp-content\/uploads\/2024\/11\/yengec.jpg","width":1200,"height":1600},{"@type":"BreadcrumbList","@id":"https:\/\/astrologelvan.com\/magaza\/urun\/yengec-burcu-taslari\/#breadcrumb","itemListElement":[{"@type":"ListItem","position":1,"name":"Anasayfa","item":"https:\/\/astrologelvan.com\/magaza\/"},{"@type":"ListItem","position":2,"name":"Ma\u011faza","item":"https:\/\/astrologelvan.com\/magaza\/magaza\/"},{"@type":"ListItem","position":3,"name":"YENGE\u00c7 BURCU TA\u015eLARI"}]},{"@type":"WebSite","@id":"https:\/\/astrologelvan.com\/magaza\/#website","url":"https:\/\/astrologelvan.com\/magaza\/","name":"Astrolog Elvan","description":"","potentialAction":[{"@type":"SearchAction","target":{"@type":"EntryPoint","urlTemplate":"https:\/\/astrologelvan.com\/magaza\/?s={search_term_string}"},"query-input":{"@type":"PropertyValueSpecification","valueRequired":true,"valueName":"search_term_string"}}],"inLanguage":"tr"}]}},"_links":{"self":[{"href":"https:\/\/astrologelvan.com\/magaza\/wp-json\/wp\/v2\/product\/19376","targetHints":{"allow":["GET"]}}],"collection":[{"href":"https:\/\/astrologelvan.com\/magaza\/wp-json\/wp\/v2\/product"}],"about":[{"href":"https:\/\/astrologelvan.com\/magaza\/wp-json\/wp\/v2\/types\/product"}],"replies":[{"embeddable":true,"href":"https:\/\/astrologelvan.com\/magaza\/wp-json\/wp\/v2\/comments?post=19376"}],"wp:featuredmedia":[{"embeddable":true,"href":"https:\/\/astrologelvan.com\/magaza\/wp-json\/wp\/v2\/media\/19377"}],"wp:attachment":[{"href":"https:\/\/astrologelvan.com\/magaza\/wp-json\/wp\/v2\/media?parent=19376"}],"wp:term":[{"taxonomy":"product_brand","embeddable":true,"href":"https:\/\/astrologelvan.com\/magaza\/wp-json\/wp\/v2\/product_brand?post=19376"},{"taxonomy":"product_cat","embeddable":true,"href":"https:\/\/astrologelvan.com\/magaza\/wp-json\/wp\/v2\/product_cat?post=19376"},{"taxonomy":"product_tag","embeddable":true,"href":"https:\/\/astrologelvan.com\/magaza\/wp-json\/wp\/v2\/product_tag?post=19376"}],"curies":[{"name":"wp","href":"https:\/\/api.w.org\/{rel}","templated":true}]}}