{"id":19368,"date":"2024-11-07T18:45:43","date_gmt":"2024-11-07T15:45:43","guid":{"rendered":"https:\/\/astrologelvan.com\/magaza\/?post_type=product&#038;p=19368"},"modified":"2026-02-21T18:10:26","modified_gmt":"2026-02-21T15:10:26","slug":"koc-burcu-taslari","status":"publish","type":"product","link":"https:\/\/astrologelvan.com\/magaza\/urun\/koc-burcu-taslari\/","title":{"rendered":"KO\u00c7 BURCU TA\u015eLARI"},"content":{"rendered":"","protected":false},"excerpt":{"rendered":"<p>Ta\u015flar\u0131: Jasper &#8211; Aura Kuvars &#8211; Amazonit<\/p>\n<p>Jasper ta\u015f\u0131 stresli d\u00f6nemlerinizde destek verir, hayat\u0131n\u0131za huzur ve b\u00fct\u00fcnl\u00fck getirir. Zihinsel olarak h\u0131zl\u0131 d\u00fc\u015f\u00fcnmenizi sa\u011flar.<\/p>\n<p>Aura Kuvars ta\u015f\u0131 zihninizdeki an\u0131lar\u0131n engellerini kald\u0131rmaya yard\u0131mc\u0131d\u0131r. Aura Kuvars ta\u015f\u0131 size g\u00fc\u00e7, \u015fifa ve enerji verir.<\/p>\n<p>Amazonit ta\u015f\u0131 duygusal travmalar\u0131n\u0131z\u0131 yat\u0131\u015ft\u0131r\u0131r, korku ve endi\u015felerinizi giderir. Ruhunuzdaki negatif enerjileri ve \u015fiddeti yok eder.<\/p>\n","protected":false},"featured_media":19369,"comment_status":"open","ping_status":"closed","template":"","meta":[],"product_brand":[],"product_cat":[558],"product_tag":[],"class_list":{"0":"post-19368","1":"product","2":"type-product","3":"status-publish","4":"has-post-thumbnail","6":"product_cat-burc-taslari","8":"first","9":"instock","10":"taxable","11":"shipping-taxable","12":"purchasable","13":"product-type-simple"},"yoast_head":"<!-- This site is optimized with the Yoast SEO plugin v27.2 - https:\/\/yoast.com\/product\/yoast-seo-wordpress\/ -->\n<title>KO\u00c7 BURCU TA\u015eLARI - Astrolog Elvan<\/title>\n<meta name=\"robots\" content=\"index, follow, max-snippet:-1, max-image-preview:large, max-video-preview:-1\" \/>\n<link rel=\"canonical\" href=\"https:\/\/astrologelvan.com\/magaza\/urun\/koc-burcu-taslari\/\" \/>\n<meta property=\"og:locale\" content=\"tr_TR\" \/>\n<meta property=\"og:type\" content=\"article\" \/>\n<meta property=\"og:title\" content=\"KO\u00c7 BURCU TA\u015eLARI - Astrolog Elvan\" \/>\n<meta property=\"og:description\" content=\"Ta\u015flar\u0131: Jasper - Aura Kuvars - Amazonit  Jasper ta\u015f\u0131 stresli d\u00f6nemlerinizde destek verir, hayat\u0131n\u0131za huzur ve b\u00fct\u00fcnl\u00fck getirir. Zihinsel olarak h\u0131zl\u0131 d\u00fc\u015f\u00fcnmenizi sa\u011flar.  Aura Kuvars ta\u015f\u0131 zihninizdeki an\u0131lar\u0131n engellerini kald\u0131rmaya yard\u0131mc\u0131d\u0131r. Aura Kuvars ta\u015f\u0131 size g\u00fc\u00e7, \u015fifa ve enerji verir.  Amazonit ta\u015f\u0131 duygusal travmalar\u0131n\u0131z\u0131 yat\u0131\u015ft\u0131r\u0131r, korku ve endi\u015felerinizi giderir. Ruhunuzdaki negatif enerjileri ve \u015fiddeti yok eder.\" \/>\n<meta property=\"og:url\" content=\"https:\/\/astrologelvan.com\/magaza\/urun\/koc-burcu-taslari\/\" \/>\n<meta property=\"og:site_name\" content=\"Astrolog Elvan\" \/>\n<meta property=\"article:modified_time\" content=\"2026-02-21T15:10:26+00:00\" \/>\n<meta property=\"og:image\" content=\"https:\/\/astrologelvan.com\/magaza\/wp-content\/uploads\/2024\/11\/koc.jpg\" \/>\n\t<meta property=\"og:image:width\" content=\"1200\" \/>\n\t<meta property=\"og:image:height\" content=\"1600\" \/>\n\t<meta property=\"og:image:type\" content=\"image\/jpeg\" \/>\n<meta name=\"twitter:card\" content=\"summary_large_image\" \/>\n<meta name=\"twitter:label1\" content=\"Tahmini okuma s\u00fcresi\" \/>\n\t<meta name=\"twitter:data1\" content=\"1 dakika\" \/>\n<script type=\"application\/ld+json\" class=\"yoast-schema-graph\">{\"@context\":\"https:\/\/schema.org\",\"@graph\":[{\"@type\":[\"WebPage\",\"ItemPage\"],\"@id\":\"https:\/\/astrologelvan.com\/magaza\/urun\/koc-burcu-taslari\/\",\"url\":\"https:\/\/astrologelvan.com\/magaza\/urun\/koc-burcu-taslari\/\",\"name\":\"KO\u00c7 BURCU TA\u015eLARI - Astrolog Elvan\",\"isPartOf\":{\"@id\":\"https:\/\/astrologelvan.com\/magaza\/#website\"},\"primaryImageOfPage\":{\"@id\":\"https:\/\/astrologelvan.com\/magaza\/urun\/koc-burcu-taslari\/#primaryimage\"},\"image\":{\"@id\":\"https:\/\/astrologelvan.com\/magaza\/urun\/koc-burcu-taslari\/#primaryimage\"},\"thumbnailUrl\":\"https:\/\/astrologelvan.com\/magaza\/wp-content\/uploads\/2024\/11\/koc.jpg\",\"datePublished\":\"2024-11-07T15:45:43+00:00\",\"dateModified\":\"2026-02-21T15:10:26+00:00\",\"breadcrumb\":{\"@id\":\"https:\/\/astrologelvan.com\/magaza\/urun\/koc-burcu-taslari\/#breadcrumb\"},\"inLanguage\":\"tr\",\"potentialAction\":[{\"@type\":\"ReadAction\",\"target\":[\"https:\/\/astrologelvan.com\/magaza\/urun\/koc-burcu-taslari\/\"]}]},{\"@type\":\"ImageObject\",\"inLanguage\":\"tr\",\"@id\":\"https:\/\/astrologelvan.com\/magaza\/urun\/koc-burcu-taslari\/#primaryimage\",\"url\":\"https:\/\/astrologelvan.com\/magaza\/wp-content\/uploads\/2024\/11\/koc.jpg\",\"contentUrl\":\"https:\/\/astrologelvan.com\/magaza\/wp-content\/uploads\/2024\/11\/koc.jpg\",\"width\":1200,\"height\":1600},{\"@type\":\"BreadcrumbList\",\"@id\":\"https:\/\/astrologelvan.com\/magaza\/urun\/koc-burcu-taslari\/#breadcrumb\",\"itemListElement\":[{\"@type\":\"ListItem\",\"position\":1,\"name\":\"Anasayfa\",\"item\":\"https:\/\/astrologelvan.com\/magaza\/\"},{\"@type\":\"ListItem\",\"position\":2,\"name\":\"Ma\u011faza\",\"item\":\"https:\/\/astrologelvan.com\/magaza\/magaza\/\"},{\"@type\":\"ListItem\",\"position\":3,\"name\":\"KO\u00c7 BURCU TA\u015eLARI\"}]},{\"@type\":\"WebSite\",\"@id\":\"https:\/\/astrologelvan.com\/magaza\/#website\",\"url\":\"https:\/\/astrologelvan.com\/magaza\/\",\"name\":\"Astrolog Elvan\",\"description\":\"\",\"potentialAction\":[{\"@type\":\"SearchAction\",\"target\":{\"@type\":\"EntryPoint\",\"urlTemplate\":\"https:\/\/astrologelvan.com\/magaza\/?s={search_term_string}\"},\"query-input\":{\"@type\":\"PropertyValueSpecification\",\"valueRequired\":true,\"valueName\":\"search_term_string\"}}],\"inLanguage\":\"tr\"}]}<\/script>\n<!-- \/ Yoast SEO plugin. -->","yoast_head_json":{"title":"KO\u00c7 BURCU TA\u015eLARI - Astrolog Elvan","robots":{"index":"index","follow":"follow","max-snippet":"max-snippet:-1","max-image-preview":"max-image-preview:large","max-video-preview":"max-video-preview:-1"},"canonical":"https:\/\/astrologelvan.com\/magaza\/urun\/koc-burcu-taslari\/","og_locale":"tr_TR","og_type":"article","og_title":"KO\u00c7 BURCU TA\u015eLARI - Astrolog Elvan","og_description":"Ta\u015flar\u0131: Jasper - Aura Kuvars - Amazonit  Jasper ta\u015f\u0131 stresli d\u00f6nemlerinizde destek verir, hayat\u0131n\u0131za huzur ve b\u00fct\u00fcnl\u00fck getirir. Zihinsel olarak h\u0131zl\u0131 d\u00fc\u015f\u00fcnmenizi sa\u011flar.  Aura Kuvars ta\u015f\u0131 zihninizdeki an\u0131lar\u0131n engellerini kald\u0131rmaya yard\u0131mc\u0131d\u0131r. Aura Kuvars ta\u015f\u0131 size g\u00fc\u00e7, \u015fifa ve enerji verir.  Amazonit ta\u015f\u0131 duygusal travmalar\u0131n\u0131z\u0131 yat\u0131\u015ft\u0131r\u0131r, korku ve endi\u015felerinizi giderir. Ruhunuzdaki negatif enerjileri ve \u015fiddeti yok eder.","og_url":"https:\/\/astrologelvan.com\/magaza\/urun\/koc-burcu-taslari\/","og_site_name":"Astrolog Elvan","article_modified_time":"2026-02-21T15:10:26+00:00","og_image":[{"width":1200,"height":1600,"url":"https:\/\/astrologelvan.com\/magaza\/wp-content\/uploads\/2024\/11\/koc.jpg","type":"image\/jpeg"}],"twitter_card":"summary_large_image","twitter_misc":{"Tahmini okuma s\u00fcresi":"1 dakika"},"schema":{"@context":"https:\/\/schema.org","@graph":[{"@type":["WebPage","ItemPage"],"@id":"https:\/\/astrologelvan.com\/magaza\/urun\/koc-burcu-taslari\/","url":"https:\/\/astrologelvan.com\/magaza\/urun\/koc-burcu-taslari\/","name":"KO\u00c7 BURCU TA\u015eLARI - Astrolog Elvan","isPartOf":{"@id":"https:\/\/astrologelvan.com\/magaza\/#website"},"primaryImageOfPage":{"@id":"https:\/\/astrologelvan.com\/magaza\/urun\/koc-burcu-taslari\/#primaryimage"},"image":{"@id":"https:\/\/astrologelvan.com\/magaza\/urun\/koc-burcu-taslari\/#primaryimage"},"thumbnailUrl":"https:\/\/astrologelvan.com\/magaza\/wp-content\/uploads\/2024\/11\/koc.jpg","datePublished":"2024-11-07T15:45:43+00:00","dateModified":"2026-02-21T15:10:26+00:00","breadcrumb":{"@id":"https:\/\/astrologelvan.com\/magaza\/urun\/koc-burcu-taslari\/#breadcrumb"},"inLanguage":"tr","potentialAction":[{"@type":"ReadAction","target":["https:\/\/astrologelvan.com\/magaza\/urun\/koc-burcu-taslari\/"]}]},{"@type":"ImageObject","inLanguage":"tr","@id":"https:\/\/astrologelvan.com\/magaza\/urun\/koc-burcu-taslari\/#primaryimage","url":"https:\/\/astrologelvan.com\/magaza\/wp-content\/uploads\/2024\/11\/koc.jpg","contentUrl":"https:\/\/astrologelvan.com\/magaza\/wp-content\/uploads\/2024\/11\/koc.jpg","width":1200,"height":1600},{"@type":"BreadcrumbList","@id":"https:\/\/astrologelvan.com\/magaza\/urun\/koc-burcu-taslari\/#breadcrumb","itemListElement":[{"@type":"ListItem","position":1,"name":"Anasayfa","item":"https:\/\/astrologelvan.com\/magaza\/"},{"@type":"ListItem","position":2,"name":"Ma\u011faza","item":"https:\/\/astrologelvan.com\/magaza\/magaza\/"},{"@type":"ListItem","position":3,"name":"KO\u00c7 BURCU TA\u015eLARI"}]},{"@type":"WebSite","@id":"https:\/\/astrologelvan.com\/magaza\/#website","url":"https:\/\/astrologelvan.com\/magaza\/","name":"Astrolog Elvan","description":"","potentialAction":[{"@type":"SearchAction","target":{"@type":"EntryPoint","urlTemplate":"https:\/\/astrologelvan.com\/magaza\/?s={search_term_string}"},"query-input":{"@type":"PropertyValueSpecification","valueRequired":true,"valueName":"search_term_string"}}],"inLanguage":"tr"}]}},"_links":{"self":[{"href":"https:\/\/astrologelvan.com\/magaza\/wp-json\/wp\/v2\/product\/19368","targetHints":{"allow":["GET"]}}],"collection":[{"href":"https:\/\/astrologelvan.com\/magaza\/wp-json\/wp\/v2\/product"}],"about":[{"href":"https:\/\/astrologelvan.com\/magaza\/wp-json\/wp\/v2\/types\/product"}],"replies":[{"embeddable":true,"href":"https:\/\/astrologelvan.com\/magaza\/wp-json\/wp\/v2\/comments?post=19368"}],"wp:featuredmedia":[{"embeddable":true,"href":"https:\/\/astrologelvan.com\/magaza\/wp-json\/wp\/v2\/media\/19369"}],"wp:attachment":[{"href":"https:\/\/astrologelvan.com\/magaza\/wp-json\/wp\/v2\/media?parent=19368"}],"wp:term":[{"taxonomy":"product_brand","embeddable":true,"href":"https:\/\/astrologelvan.com\/magaza\/wp-json\/wp\/v2\/product_brand?post=19368"},{"taxonomy":"product_cat","embeddable":true,"href":"https:\/\/astrologelvan.com\/magaza\/wp-json\/wp\/v2\/product_cat?post=19368"},{"taxonomy":"product_tag","embeddable":true,"href":"https:\/\/astrologelvan.com\/magaza\/wp-json\/wp\/v2\/product_tag?post=19368"}],"curies":[{"name":"wp","href":"https:\/\/api.w.org\/{rel}","templated":true}]}}