{"id":19160,"date":"2024-11-05T11:12:40","date_gmt":"2024-11-05T08:12:40","guid":{"rendered":"https:\/\/astrologelvan.com\/magaza\/?post_type=product&#038;p=19160"},"modified":"2025-11-11T00:06:28","modified_gmt":"2025-11-10T21:06:28","slug":"nefrit-yesim-kolye","status":"publish","type":"product","link":"https:\/\/astrologelvan.com\/magaza\/urun\/nefrit-yesim-kolye\/","title":{"rendered":"NEFR\u0130T YE\u015e\u0130M KOLYE"},"content":{"rendered":"<p>Kolye A\u011f\u0131rl\u0131\u011f\u0131: 40,6\u00a0Gram<\/p>\n<p>Ta\u015f \u00d6l\u00e7\u00fcs\u00fc: 8 MM<\/p>\n<p>Kolye Uzunlu\u011fu: 42 CM<\/p>\n<p>925 Ayar G\u00fcm\u00fc\u015f \u00dczeri Alt\u0131n Kaplama<\/p>\n","protected":false},"excerpt":{"rendered":"<p>Ye\u015fim, e\u015fsiz g\u00f6r\u00fcn\u00fcm\u00fcyle ilgi \u00e7eken ve iyile\u015ftirici oldu\u011fu s\u00f6ylenen bir do\u011fal ta\u015ft\u0131r.<\/p>\n<p>Do\u011fada ye\u015fil tonlar\u0131nda bulunan bu kristal, hem v\u00fccut hem de cilt i\u00e7in do\u011fal bir \u015fifa kayna\u011f\u0131d\u0131r.<\/p>\n<p>Huzur mutluluk ve dinginlik verir.<\/p>\n<p>Zihni dinginle\u015ftirerek hem fiziksel hem de manevi anlamda yenilenme sa\u011flar.<\/p>\n<p>Denge, uyum ve sonsuzluk simgesi.<\/p>\n","protected":false},"featured_media":19164,"comment_status":"open","ping_status":"closed","template":"","meta":[],"product_brand":[596],"product_cat":[384,7455],"product_tag":[],"class_list":{"0":"post-19160","1":"product","2":"type-product","3":"status-publish","4":"has-post-thumbnail","6":"product_brand-astrolog-elvan","7":"product_cat-yesim-tasi","8":"product_cat--kolyeler","10":"first","11":"instock","12":"taxable","13":"shipping-taxable","14":"purchasable","15":"product-type-simple"},"yoast_head":"<!-- This site is optimized with the Yoast SEO plugin v27.3 - https:\/\/yoast.com\/product\/yoast-seo-wordpress\/ -->\n<title>NEFR\u0130T YE\u015e\u0130M KOLYE - Astrolog Elvan<\/title>\n<meta name=\"robots\" content=\"index, follow, max-snippet:-1, max-image-preview:large, max-video-preview:-1\" \/>\n<link rel=\"canonical\" href=\"https:\/\/astrologelvan.com\/magaza\/urun\/nefrit-yesim-kolye\/\" \/>\n<meta property=\"og:locale\" content=\"tr_TR\" \/>\n<meta property=\"og:type\" content=\"article\" \/>\n<meta property=\"og:title\" content=\"NEFR\u0130T YE\u015e\u0130M KOLYE - Astrolog Elvan\" \/>\n<meta property=\"og:description\" content=\"Ye\u015fim, e\u015fsiz g\u00f6r\u00fcn\u00fcm\u00fcyle ilgi \u00e7eken ve iyile\u015ftirici oldu\u011fu s\u00f6ylenen bir do\u011fal ta\u015ft\u0131r.  Do\u011fada ye\u015fil tonlar\u0131nda bulunan bu kristal, hem v\u00fccut hem de cilt i\u00e7in do\u011fal bir \u015fifa kayna\u011f\u0131d\u0131r.  Huzur mutluluk ve dinginlik verir.  Zihni dinginle\u015ftirerek hem fiziksel hem de manevi anlamda yenilenme sa\u011flar.  Denge, uyum ve sonsuzluk simgesi.\" \/>\n<meta property=\"og:url\" content=\"https:\/\/astrologelvan.com\/magaza\/urun\/nefrit-yesim-kolye\/\" \/>\n<meta property=\"og:site_name\" content=\"Astrolog Elvan\" \/>\n<meta property=\"article:modified_time\" content=\"2025-11-10T21:06:28+00:00\" \/>\n<meta property=\"og:image\" content=\"https:\/\/astrologelvan.com\/magaza\/wp-content\/uploads\/2024\/11\/JAGS9554-scaled.jpg\" \/>\n\t<meta property=\"og:image:width\" content=\"1920\" \/>\n\t<meta property=\"og:image:height\" content=\"2560\" \/>\n\t<meta property=\"og:image:type\" content=\"image\/jpeg\" \/>\n<meta name=\"twitter:card\" content=\"summary_large_image\" \/>\n<meta name=\"twitter:label1\" content=\"Tahmini okuma s\u00fcresi\" \/>\n\t<meta name=\"twitter:data1\" content=\"1 dakika\" \/>\n<script type=\"application\/ld+json\" class=\"yoast-schema-graph\">{\"@context\":\"https:\\\/\\\/schema.org\",\"@graph\":[{\"@type\":[\"WebPage\",\"ItemPage\"],\"@id\":\"https:\\\/\\\/astrologelvan.com\\\/magaza\\\/urun\\\/nefrit-yesim-kolye\\\/\",\"url\":\"https:\\\/\\\/astrologelvan.com\\\/magaza\\\/urun\\\/nefrit-yesim-kolye\\\/\",\"name\":\"NEFR\u0130T YE\u015e\u0130M KOLYE - Astrolog Elvan\",\"isPartOf\":{\"@id\":\"https:\\\/\\\/astrologelvan.com\\\/magaza\\\/#website\"},\"primaryImageOfPage\":{\"@id\":\"https:\\\/\\\/astrologelvan.com\\\/magaza\\\/urun\\\/nefrit-yesim-kolye\\\/#primaryimage\"},\"image\":{\"@id\":\"https:\\\/\\\/astrologelvan.com\\\/magaza\\\/urun\\\/nefrit-yesim-kolye\\\/#primaryimage\"},\"thumbnailUrl\":\"https:\\\/\\\/astrologelvan.com\\\/magaza\\\/wp-content\\\/uploads\\\/2024\\\/11\\\/JAGS9554-scaled.jpg\",\"datePublished\":\"2024-11-05T08:12:40+00:00\",\"dateModified\":\"2025-11-10T21:06:28+00:00\",\"breadcrumb\":{\"@id\":\"https:\\\/\\\/astrologelvan.com\\\/magaza\\\/urun\\\/nefrit-yesim-kolye\\\/#breadcrumb\"},\"inLanguage\":\"tr\",\"potentialAction\":[{\"@type\":\"ReadAction\",\"target\":[\"https:\\\/\\\/astrologelvan.com\\\/magaza\\\/urun\\\/nefrit-yesim-kolye\\\/\"]}]},{\"@type\":\"ImageObject\",\"inLanguage\":\"tr\",\"@id\":\"https:\\\/\\\/astrologelvan.com\\\/magaza\\\/urun\\\/nefrit-yesim-kolye\\\/#primaryimage\",\"url\":\"https:\\\/\\\/astrologelvan.com\\\/magaza\\\/wp-content\\\/uploads\\\/2024\\\/11\\\/JAGS9554-scaled.jpg\",\"contentUrl\":\"https:\\\/\\\/astrologelvan.com\\\/magaza\\\/wp-content\\\/uploads\\\/2024\\\/11\\\/JAGS9554-scaled.jpg\",\"width\":1920,\"height\":2560},{\"@type\":\"BreadcrumbList\",\"@id\":\"https:\\\/\\\/astrologelvan.com\\\/magaza\\\/urun\\\/nefrit-yesim-kolye\\\/#breadcrumb\",\"itemListElement\":[{\"@type\":\"ListItem\",\"position\":1,\"name\":\"Anasayfa\",\"item\":\"https:\\\/\\\/astrologelvan.com\\\/magaza\\\/\"},{\"@type\":\"ListItem\",\"position\":2,\"name\":\"Ma\u011faza\",\"item\":\"https:\\\/\\\/astrologelvan.com\\\/magaza\\\/magaza\\\/\"},{\"@type\":\"ListItem\",\"position\":3,\"name\":\"NEFR\u0130T YE\u015e\u0130M KOLYE\"}]},{\"@type\":\"WebSite\",\"@id\":\"https:\\\/\\\/astrologelvan.com\\\/magaza\\\/#website\",\"url\":\"https:\\\/\\\/astrologelvan.com\\\/magaza\\\/\",\"name\":\"Astrolog Elvan\",\"description\":\"\",\"potentialAction\":[{\"@type\":\"SearchAction\",\"target\":{\"@type\":\"EntryPoint\",\"urlTemplate\":\"https:\\\/\\\/astrologelvan.com\\\/magaza\\\/?s={search_term_string}\"},\"query-input\":{\"@type\":\"PropertyValueSpecification\",\"valueRequired\":true,\"valueName\":\"search_term_string\"}}],\"inLanguage\":\"tr\"}]}<\/script>\n<!-- \/ Yoast SEO plugin. -->","yoast_head_json":{"title":"NEFR\u0130T YE\u015e\u0130M KOLYE - Astrolog Elvan","robots":{"index":"index","follow":"follow","max-snippet":"max-snippet:-1","max-image-preview":"max-image-preview:large","max-video-preview":"max-video-preview:-1"},"canonical":"https:\/\/astrologelvan.com\/magaza\/urun\/nefrit-yesim-kolye\/","og_locale":"tr_TR","og_type":"article","og_title":"NEFR\u0130T YE\u015e\u0130M KOLYE - Astrolog Elvan","og_description":"Ye\u015fim, e\u015fsiz g\u00f6r\u00fcn\u00fcm\u00fcyle ilgi \u00e7eken ve iyile\u015ftirici oldu\u011fu s\u00f6ylenen bir do\u011fal ta\u015ft\u0131r.  Do\u011fada ye\u015fil tonlar\u0131nda bulunan bu kristal, hem v\u00fccut hem de cilt i\u00e7in do\u011fal bir \u015fifa kayna\u011f\u0131d\u0131r.  Huzur mutluluk ve dinginlik verir.  Zihni dinginle\u015ftirerek hem fiziksel hem de manevi anlamda yenilenme sa\u011flar.  Denge, uyum ve sonsuzluk simgesi.","og_url":"https:\/\/astrologelvan.com\/magaza\/urun\/nefrit-yesim-kolye\/","og_site_name":"Astrolog Elvan","article_modified_time":"2025-11-10T21:06:28+00:00","og_image":[{"width":1920,"height":2560,"url":"https:\/\/astrologelvan.com\/magaza\/wp-content\/uploads\/2024\/11\/JAGS9554-scaled.jpg","type":"image\/jpeg"}],"twitter_card":"summary_large_image","twitter_misc":{"Tahmini okuma s\u00fcresi":"1 dakika"},"schema":{"@context":"https:\/\/schema.org","@graph":[{"@type":["WebPage","ItemPage"],"@id":"https:\/\/astrologelvan.com\/magaza\/urun\/nefrit-yesim-kolye\/","url":"https:\/\/astrologelvan.com\/magaza\/urun\/nefrit-yesim-kolye\/","name":"NEFR\u0130T YE\u015e\u0130M KOLYE - Astrolog Elvan","isPartOf":{"@id":"https:\/\/astrologelvan.com\/magaza\/#website"},"primaryImageOfPage":{"@id":"https:\/\/astrologelvan.com\/magaza\/urun\/nefrit-yesim-kolye\/#primaryimage"},"image":{"@id":"https:\/\/astrologelvan.com\/magaza\/urun\/nefrit-yesim-kolye\/#primaryimage"},"thumbnailUrl":"https:\/\/astrologelvan.com\/magaza\/wp-content\/uploads\/2024\/11\/JAGS9554-scaled.jpg","datePublished":"2024-11-05T08:12:40+00:00","dateModified":"2025-11-10T21:06:28+00:00","breadcrumb":{"@id":"https:\/\/astrologelvan.com\/magaza\/urun\/nefrit-yesim-kolye\/#breadcrumb"},"inLanguage":"tr","potentialAction":[{"@type":"ReadAction","target":["https:\/\/astrologelvan.com\/magaza\/urun\/nefrit-yesim-kolye\/"]}]},{"@type":"ImageObject","inLanguage":"tr","@id":"https:\/\/astrologelvan.com\/magaza\/urun\/nefrit-yesim-kolye\/#primaryimage","url":"https:\/\/astrologelvan.com\/magaza\/wp-content\/uploads\/2024\/11\/JAGS9554-scaled.jpg","contentUrl":"https:\/\/astrologelvan.com\/magaza\/wp-content\/uploads\/2024\/11\/JAGS9554-scaled.jpg","width":1920,"height":2560},{"@type":"BreadcrumbList","@id":"https:\/\/astrologelvan.com\/magaza\/urun\/nefrit-yesim-kolye\/#breadcrumb","itemListElement":[{"@type":"ListItem","position":1,"name":"Anasayfa","item":"https:\/\/astrologelvan.com\/magaza\/"},{"@type":"ListItem","position":2,"name":"Ma\u011faza","item":"https:\/\/astrologelvan.com\/magaza\/magaza\/"},{"@type":"ListItem","position":3,"name":"NEFR\u0130T YE\u015e\u0130M KOLYE"}]},{"@type":"WebSite","@id":"https:\/\/astrologelvan.com\/magaza\/#website","url":"https:\/\/astrologelvan.com\/magaza\/","name":"Astrolog Elvan","description":"","potentialAction":[{"@type":"SearchAction","target":{"@type":"EntryPoint","urlTemplate":"https:\/\/astrologelvan.com\/magaza\/?s={search_term_string}"},"query-input":{"@type":"PropertyValueSpecification","valueRequired":true,"valueName":"search_term_string"}}],"inLanguage":"tr"}]}},"_links":{"self":[{"href":"https:\/\/astrologelvan.com\/magaza\/wp-json\/wp\/v2\/product\/19160","targetHints":{"allow":["GET"]}}],"collection":[{"href":"https:\/\/astrologelvan.com\/magaza\/wp-json\/wp\/v2\/product"}],"about":[{"href":"https:\/\/astrologelvan.com\/magaza\/wp-json\/wp\/v2\/types\/product"}],"replies":[{"embeddable":true,"href":"https:\/\/astrologelvan.com\/magaza\/wp-json\/wp\/v2\/comments?post=19160"}],"wp:featuredmedia":[{"embeddable":true,"href":"https:\/\/astrologelvan.com\/magaza\/wp-json\/wp\/v2\/media\/19164"}],"wp:attachment":[{"href":"https:\/\/astrologelvan.com\/magaza\/wp-json\/wp\/v2\/media?parent=19160"}],"wp:term":[{"taxonomy":"product_brand","embeddable":true,"href":"https:\/\/astrologelvan.com\/magaza\/wp-json\/wp\/v2\/product_brand?post=19160"},{"taxonomy":"product_cat","embeddable":true,"href":"https:\/\/astrologelvan.com\/magaza\/wp-json\/wp\/v2\/product_cat?post=19160"},{"taxonomy":"product_tag","embeddable":true,"href":"https:\/\/astrologelvan.com\/magaza\/wp-json\/wp\/v2\/product_tag?post=19160"}],"curies":[{"name":"wp","href":"https:\/\/api.w.org\/{rel}","templated":true}]}}