{"id":191,"date":"2024-02-28T02:07:57","date_gmt":"2024-02-27T23:07:57","guid":{"rendered":"https:\/\/astrologelvan.shop\/?post_type=product&#038;p=191"},"modified":"2025-10-06T08:14:48","modified_gmt":"2025-10-06T05:14:48","slug":"mikasist-lepidolit-tasi-dikit-form","status":"publish","type":"product","link":"https:\/\/astrologelvan.com\/magaza\/urun\/mikasist-lepidolit-tasi-dikit-form\/","title":{"rendered":"M\u0130KA\u015e\u0130ST (LEP\u0130DOL\u0130T) TA\u015eI D\u0130K\u0130T FORM"},"content":{"rendered":"<p class=\"p1\">Ta\u015f\u0131n\u0131z\u0131 yatarken ba\u015fucunuzda da tutabilirsiniz, \u00e7antan\u0131zda ta\u015f\u0131yabilir ya da oturdu\u011funuz odada muhafaza edebilirsiniz. Kullanmadan \u00f6nce ada\u00e7ay\u0131 ile t\u00fcts\u00fcleyin.<\/p>\n","protected":false},"excerpt":{"rendered":"<h5>Mika\u015fist (Lepidolit) Ta\u015f\u0131 Dikit Form, \u00d6zellikleri ve Faydalar\u0131<\/h5>\n<p class=\"p1\">Kanada, \u00c7ek Cumhuriyeti, Brezilya, Japonya, Almanya, \u0130sve\u00e7 ve Rusyada\u2019dan \u00e7\u0131kar\u0131l\u0131r. \u0130lk \u00e7\u0131kar\u0131ld\u0131\u011f\u0131nda, lavanta rengine sahip oldu\u011fu i\u00e7in \u201cliliat\u201d olarak adland\u0131r\u0131l\u0131rd\u0131. Sonra Mika\u015fist ya da lepidolit olarak de\u011fi\u015ftirildi. Mikra mineral grubunun bir \u00fcyesi olan lepidolit renkleri mor ve leylak tonlar\u0131 aras\u0131nda de\u011fi\u015fir. Dikit form mika\u015fist ta\u015f\u0131, titanyumla renklendirilmi\u015ftir. O sebeple yanar d\u00f6ner bir renge b\u00fcr\u00fcnm\u00fc\u015ft\u00fcr.<\/p>\n<p class=\"p1\">Mika\u015fist ta\u015f\u0131, t\u0131pk\u0131 Labradorit gibi enerjisi olduk\u00e7a y\u00fcksel bir ta\u015ft\u0131r. Spirit\u00fcel \u00e7al\u0131\u015fmalarda, ta\u00e7 \u00e7akra t\u0131kan\u0131kl\u0131klar\u0131 i\u00e7in, rit\u00fcellerde kozmik enerji ile ba\u011f kurmak i\u00e7in kullan\u0131l\u0131r. Yapt\u0131\u011f\u0131n\u0131z rit\u00fcelde mika\u015fist ta\u015f\u0131n\u0131 da 10 dakika boyunca elinizde tutarak enerji alan\u0131n\u0131z\u0131 geni\u015fletebilir, rit\u00fcelin frekans\u0131na daha h\u0131zl\u0131 y\u00fckselebilirsiniz.<\/p>\n<p class=\"p1\">Ayr\u0131ca, duygusal travmalarda derin duygusal iyile\u015fmeye, kalp \u00e7akras\u0131n\u0131 dengelemeye, ki\u015fiyi sakinle\u015ftirmeye yard\u0131mc\u0131 olur.<\/p>\n<p class=\"p1\">\n","protected":false},"featured_media":281,"comment_status":"closed","ping_status":"closed","template":"","meta":[],"product_brand":[],"product_cat":[84,52,58,100],"product_tag":[39,97,98,40,101,102],"class_list":{"0":"post-191","1":"product","2":"type-product","3":"status-publish","4":"has-post-thumbnail","6":"product_cat-dikitler","7":"product_cat-dogal-taslar","8":"product_cat-kabuslariniz-icin-dogal-taslar","9":"product_cat-lepidolit-tasi","10":"product_tag-astrolog-elvan","11":"product_tag-dikit","12":"product_tag-dikit-tas","13":"product_tag-dogal-tas","14":"product_tag-lepidolit-tasi","15":"product_tag-mikasist-lepidolit-tasi-dikit-form","17":"first","18":"outofstock","19":"taxable","20":"shipping-taxable","21":"purchasable","22":"product-type-simple"},"yoast_head":"<!-- This site is optimized with the Yoast SEO plugin v27.2 - https:\/\/yoast.com\/product\/yoast-seo-wordpress\/ -->\n<title>M\u0130KA\u015e\u0130ST (LEP\u0130DOL\u0130T) TA\u015eI D\u0130K\u0130T FORM - Astrolog Elvan<\/title>\n<meta name=\"robots\" content=\"index, follow, max-snippet:-1, max-image-preview:large, max-video-preview:-1\" \/>\n<link rel=\"canonical\" href=\"https:\/\/astrologelvan.com\/magaza\/urun\/mikasist-lepidolit-tasi-dikit-form\/\" \/>\n<meta property=\"og:locale\" content=\"tr_TR\" \/>\n<meta property=\"og:type\" content=\"article\" \/>\n<meta property=\"og:title\" content=\"M\u0130KA\u015e\u0130ST (LEP\u0130DOL\u0130T) TA\u015eI D\u0130K\u0130T FORM - Astrolog Elvan\" \/>\n<meta property=\"og:description\" content=\"Mika\u015fist (Lepidolit) Ta\u015f\u0131 Dikit Form, \u00d6zellikleri ve Faydalar\u0131 Kanada, \u00c7ek Cumhuriyeti, Brezilya, Japonya, Almanya, \u0130sve\u00e7 ve Rusyada\u2019dan \u00e7\u0131kar\u0131l\u0131r. \u0130lk \u00e7\u0131kar\u0131ld\u0131\u011f\u0131nda, lavanta rengine sahip oldu\u011fu i\u00e7in \u201cliliat\u201d olarak adland\u0131r\u0131l\u0131rd\u0131. Sonra Mika\u015fist ya da lepidolit olarak de\u011fi\u015ftirildi. Mikra mineral grubunun bir \u00fcyesi olan lepidolit renkleri mor ve leylak tonlar\u0131 aras\u0131nda de\u011fi\u015fir. Dikit form mika\u015fist ta\u015f\u0131, titanyumla renklendirilmi\u015ftir. O sebeple yanar d\u00f6ner bir renge b\u00fcr\u00fcnm\u00fc\u015ft\u00fcr. Mika\u015fist ta\u015f\u0131, t\u0131pk\u0131 Labradorit gibi enerjisi olduk\u00e7a y\u00fcksel bir ta\u015ft\u0131r. Spirit\u00fcel \u00e7al\u0131\u015fmalarda, ta\u00e7 \u00e7akra t\u0131kan\u0131kl\u0131klar\u0131 i\u00e7in, rit\u00fcellerde kozmik enerji ile ba\u011f kurmak i\u00e7in kullan\u0131l\u0131r. Yapt\u0131\u011f\u0131n\u0131z rit\u00fcelde mika\u015fist ta\u015f\u0131n\u0131 da 10 dakika boyunca elinizde tutarak enerji alan\u0131n\u0131z\u0131 geni\u015fletebilir, rit\u00fcelin frekans\u0131na daha h\u0131zl\u0131 y\u00fckselebilirsiniz. Ayr\u0131ca, duygusal travmalarda derin duygusal iyile\u015fmeye, kalp \u00e7akras\u0131n\u0131 dengelemeye, ki\u015fiyi sakinle\u015ftirmeye yard\u0131mc\u0131 olur.\" \/>\n<meta property=\"og:url\" content=\"https:\/\/astrologelvan.com\/magaza\/urun\/mikasist-lepidolit-tasi-dikit-form\/\" \/>\n<meta property=\"og:site_name\" content=\"Astrolog Elvan\" \/>\n<meta property=\"article:modified_time\" content=\"2025-10-06T05:14:48+00:00\" \/>\n<meta property=\"og:image\" content=\"https:\/\/astrologelvan.com\/magaza\/wp-content\/uploads\/2024\/02\/Mikasist-Lepidolit-Tasi-Dikit-Form-1.jpg\" \/>\n\t<meta property=\"og:image:width\" content=\"1080\" \/>\n\t<meta property=\"og:image:height\" content=\"1080\" \/>\n\t<meta property=\"og:image:type\" content=\"image\/jpeg\" \/>\n<meta name=\"twitter:card\" content=\"summary_large_image\" \/>\n<meta name=\"twitter:label1\" content=\"Tahmini okuma s\u00fcresi\" \/>\n\t<meta name=\"twitter:data1\" content=\"1 dakika\" \/>\n<script type=\"application\/ld+json\" class=\"yoast-schema-graph\">{\"@context\":\"https:\/\/schema.org\",\"@graph\":[{\"@type\":[\"WebPage\",\"ItemPage\"],\"@id\":\"https:\/\/astrologelvan.com\/magaza\/urun\/mikasist-lepidolit-tasi-dikit-form\/\",\"url\":\"https:\/\/astrologelvan.com\/magaza\/urun\/mikasist-lepidolit-tasi-dikit-form\/\",\"name\":\"M\u0130KA\u015e\u0130ST (LEP\u0130DOL\u0130T) TA\u015eI D\u0130K\u0130T FORM - Astrolog Elvan\",\"isPartOf\":{\"@id\":\"https:\/\/astrologelvan.com\/magaza\/#website\"},\"primaryImageOfPage\":{\"@id\":\"https:\/\/astrologelvan.com\/magaza\/urun\/mikasist-lepidolit-tasi-dikit-form\/#primaryimage\"},\"image\":{\"@id\":\"https:\/\/astrologelvan.com\/magaza\/urun\/mikasist-lepidolit-tasi-dikit-form\/#primaryimage\"},\"thumbnailUrl\":\"https:\/\/astrologelvan.com\/magaza\/wp-content\/uploads\/2024\/02\/Mikasist-Lepidolit-Tasi-Dikit-Form-1.jpg\",\"datePublished\":\"2024-02-27T23:07:57+00:00\",\"dateModified\":\"2025-10-06T05:14:48+00:00\",\"breadcrumb\":{\"@id\":\"https:\/\/astrologelvan.com\/magaza\/urun\/mikasist-lepidolit-tasi-dikit-form\/#breadcrumb\"},\"inLanguage\":\"tr\",\"potentialAction\":[{\"@type\":\"ReadAction\",\"target\":[\"https:\/\/astrologelvan.com\/magaza\/urun\/mikasist-lepidolit-tasi-dikit-form\/\"]}]},{\"@type\":\"ImageObject\",\"inLanguage\":\"tr\",\"@id\":\"https:\/\/astrologelvan.com\/magaza\/urun\/mikasist-lepidolit-tasi-dikit-form\/#primaryimage\",\"url\":\"https:\/\/astrologelvan.com\/magaza\/wp-content\/uploads\/2024\/02\/Mikasist-Lepidolit-Tasi-Dikit-Form-1.jpg\",\"contentUrl\":\"https:\/\/astrologelvan.com\/magaza\/wp-content\/uploads\/2024\/02\/Mikasist-Lepidolit-Tasi-Dikit-Form-1.jpg\",\"width\":1080,\"height\":1080},{\"@type\":\"BreadcrumbList\",\"@id\":\"https:\/\/astrologelvan.com\/magaza\/urun\/mikasist-lepidolit-tasi-dikit-form\/#breadcrumb\",\"itemListElement\":[{\"@type\":\"ListItem\",\"position\":1,\"name\":\"Anasayfa\",\"item\":\"https:\/\/astrologelvan.com\/magaza\/\"},{\"@type\":\"ListItem\",\"position\":2,\"name\":\"Ma\u011faza\",\"item\":\"https:\/\/astrologelvan.com\/magaza\/magaza\/\"},{\"@type\":\"ListItem\",\"position\":3,\"name\":\"M\u0130KA\u015e\u0130ST (LEP\u0130DOL\u0130T) TA\u015eI D\u0130K\u0130T FORM\"}]},{\"@type\":\"WebSite\",\"@id\":\"https:\/\/astrologelvan.com\/magaza\/#website\",\"url\":\"https:\/\/astrologelvan.com\/magaza\/\",\"name\":\"Astrolog Elvan\",\"description\":\"\",\"potentialAction\":[{\"@type\":\"SearchAction\",\"target\":{\"@type\":\"EntryPoint\",\"urlTemplate\":\"https:\/\/astrologelvan.com\/magaza\/?s={search_term_string}\"},\"query-input\":{\"@type\":\"PropertyValueSpecification\",\"valueRequired\":true,\"valueName\":\"search_term_string\"}}],\"inLanguage\":\"tr\"}]}<\/script>\n<!-- \/ Yoast SEO plugin. -->","yoast_head_json":{"title":"M\u0130KA\u015e\u0130ST (LEP\u0130DOL\u0130T) TA\u015eI D\u0130K\u0130T FORM - Astrolog Elvan","robots":{"index":"index","follow":"follow","max-snippet":"max-snippet:-1","max-image-preview":"max-image-preview:large","max-video-preview":"max-video-preview:-1"},"canonical":"https:\/\/astrologelvan.com\/magaza\/urun\/mikasist-lepidolit-tasi-dikit-form\/","og_locale":"tr_TR","og_type":"article","og_title":"M\u0130KA\u015e\u0130ST (LEP\u0130DOL\u0130T) TA\u015eI D\u0130K\u0130T FORM - Astrolog Elvan","og_description":"Mika\u015fist (Lepidolit) Ta\u015f\u0131 Dikit Form, \u00d6zellikleri ve Faydalar\u0131 Kanada, \u00c7ek Cumhuriyeti, Brezilya, Japonya, Almanya, \u0130sve\u00e7 ve Rusyada\u2019dan \u00e7\u0131kar\u0131l\u0131r. \u0130lk \u00e7\u0131kar\u0131ld\u0131\u011f\u0131nda, lavanta rengine sahip oldu\u011fu i\u00e7in \u201cliliat\u201d olarak adland\u0131r\u0131l\u0131rd\u0131. Sonra Mika\u015fist ya da lepidolit olarak de\u011fi\u015ftirildi. Mikra mineral grubunun bir \u00fcyesi olan lepidolit renkleri mor ve leylak tonlar\u0131 aras\u0131nda de\u011fi\u015fir. Dikit form mika\u015fist ta\u015f\u0131, titanyumla renklendirilmi\u015ftir. O sebeple yanar d\u00f6ner bir renge b\u00fcr\u00fcnm\u00fc\u015ft\u00fcr. Mika\u015fist ta\u015f\u0131, t\u0131pk\u0131 Labradorit gibi enerjisi olduk\u00e7a y\u00fcksel bir ta\u015ft\u0131r. Spirit\u00fcel \u00e7al\u0131\u015fmalarda, ta\u00e7 \u00e7akra t\u0131kan\u0131kl\u0131klar\u0131 i\u00e7in, rit\u00fcellerde kozmik enerji ile ba\u011f kurmak i\u00e7in kullan\u0131l\u0131r. Yapt\u0131\u011f\u0131n\u0131z rit\u00fcelde mika\u015fist ta\u015f\u0131n\u0131 da 10 dakika boyunca elinizde tutarak enerji alan\u0131n\u0131z\u0131 geni\u015fletebilir, rit\u00fcelin frekans\u0131na daha h\u0131zl\u0131 y\u00fckselebilirsiniz. Ayr\u0131ca, duygusal travmalarda derin duygusal iyile\u015fmeye, kalp \u00e7akras\u0131n\u0131 dengelemeye, ki\u015fiyi sakinle\u015ftirmeye yard\u0131mc\u0131 olur.","og_url":"https:\/\/astrologelvan.com\/magaza\/urun\/mikasist-lepidolit-tasi-dikit-form\/","og_site_name":"Astrolog Elvan","article_modified_time":"2025-10-06T05:14:48+00:00","og_image":[{"width":1080,"height":1080,"url":"https:\/\/astrologelvan.com\/magaza\/wp-content\/uploads\/2024\/02\/Mikasist-Lepidolit-Tasi-Dikit-Form-1.jpg","type":"image\/jpeg"}],"twitter_card":"summary_large_image","twitter_misc":{"Tahmini okuma s\u00fcresi":"1 dakika"},"schema":{"@context":"https:\/\/schema.org","@graph":[{"@type":["WebPage","ItemPage"],"@id":"https:\/\/astrologelvan.com\/magaza\/urun\/mikasist-lepidolit-tasi-dikit-form\/","url":"https:\/\/astrologelvan.com\/magaza\/urun\/mikasist-lepidolit-tasi-dikit-form\/","name":"M\u0130KA\u015e\u0130ST (LEP\u0130DOL\u0130T) TA\u015eI D\u0130K\u0130T FORM - Astrolog Elvan","isPartOf":{"@id":"https:\/\/astrologelvan.com\/magaza\/#website"},"primaryImageOfPage":{"@id":"https:\/\/astrologelvan.com\/magaza\/urun\/mikasist-lepidolit-tasi-dikit-form\/#primaryimage"},"image":{"@id":"https:\/\/astrologelvan.com\/magaza\/urun\/mikasist-lepidolit-tasi-dikit-form\/#primaryimage"},"thumbnailUrl":"https:\/\/astrologelvan.com\/magaza\/wp-content\/uploads\/2024\/02\/Mikasist-Lepidolit-Tasi-Dikit-Form-1.jpg","datePublished":"2024-02-27T23:07:57+00:00","dateModified":"2025-10-06T05:14:48+00:00","breadcrumb":{"@id":"https:\/\/astrologelvan.com\/magaza\/urun\/mikasist-lepidolit-tasi-dikit-form\/#breadcrumb"},"inLanguage":"tr","potentialAction":[{"@type":"ReadAction","target":["https:\/\/astrologelvan.com\/magaza\/urun\/mikasist-lepidolit-tasi-dikit-form\/"]}]},{"@type":"ImageObject","inLanguage":"tr","@id":"https:\/\/astrologelvan.com\/magaza\/urun\/mikasist-lepidolit-tasi-dikit-form\/#primaryimage","url":"https:\/\/astrologelvan.com\/magaza\/wp-content\/uploads\/2024\/02\/Mikasist-Lepidolit-Tasi-Dikit-Form-1.jpg","contentUrl":"https:\/\/astrologelvan.com\/magaza\/wp-content\/uploads\/2024\/02\/Mikasist-Lepidolit-Tasi-Dikit-Form-1.jpg","width":1080,"height":1080},{"@type":"BreadcrumbList","@id":"https:\/\/astrologelvan.com\/magaza\/urun\/mikasist-lepidolit-tasi-dikit-form\/#breadcrumb","itemListElement":[{"@type":"ListItem","position":1,"name":"Anasayfa","item":"https:\/\/astrologelvan.com\/magaza\/"},{"@type":"ListItem","position":2,"name":"Ma\u011faza","item":"https:\/\/astrologelvan.com\/magaza\/magaza\/"},{"@type":"ListItem","position":3,"name":"M\u0130KA\u015e\u0130ST (LEP\u0130DOL\u0130T) TA\u015eI D\u0130K\u0130T FORM"}]},{"@type":"WebSite","@id":"https:\/\/astrologelvan.com\/magaza\/#website","url":"https:\/\/astrologelvan.com\/magaza\/","name":"Astrolog Elvan","description":"","potentialAction":[{"@type":"SearchAction","target":{"@type":"EntryPoint","urlTemplate":"https:\/\/astrologelvan.com\/magaza\/?s={search_term_string}"},"query-input":{"@type":"PropertyValueSpecification","valueRequired":true,"valueName":"search_term_string"}}],"inLanguage":"tr"}]}},"_links":{"self":[{"href":"https:\/\/astrologelvan.com\/magaza\/wp-json\/wp\/v2\/product\/191","targetHints":{"allow":["GET"]}}],"collection":[{"href":"https:\/\/astrologelvan.com\/magaza\/wp-json\/wp\/v2\/product"}],"about":[{"href":"https:\/\/astrologelvan.com\/magaza\/wp-json\/wp\/v2\/types\/product"}],"replies":[{"embeddable":true,"href":"https:\/\/astrologelvan.com\/magaza\/wp-json\/wp\/v2\/comments?post=191"}],"wp:featuredmedia":[{"embeddable":true,"href":"https:\/\/astrologelvan.com\/magaza\/wp-json\/wp\/v2\/media\/281"}],"wp:attachment":[{"href":"https:\/\/astrologelvan.com\/magaza\/wp-json\/wp\/v2\/media?parent=191"}],"wp:term":[{"taxonomy":"product_brand","embeddable":true,"href":"https:\/\/astrologelvan.com\/magaza\/wp-json\/wp\/v2\/product_brand?post=191"},{"taxonomy":"product_cat","embeddable":true,"href":"https:\/\/astrologelvan.com\/magaza\/wp-json\/wp\/v2\/product_cat?post=191"},{"taxonomy":"product_tag","embeddable":true,"href":"https:\/\/astrologelvan.com\/magaza\/wp-json\/wp\/v2\/product_tag?post=191"}],"curies":[{"name":"wp","href":"https:\/\/api.w.org\/{rel}","templated":true}]}}