{"id":190,"date":"2024-02-28T02:07:57","date_gmt":"2024-02-27T23:07:57","guid":{"rendered":"https:\/\/astrologelvan.shop\/?post_type=product&#038;p=190"},"modified":"2025-10-06T08:14:48","modified_gmt":"2025-10-06T05:14:48","slug":"kristal-kuvars-beyaz-kuvars-dikit-form","status":"publish","type":"product","link":"https:\/\/astrologelvan.com\/magaza\/urun\/kristal-kuvars-beyaz-kuvars-dikit-form\/","title":{"rendered":"KR\u0130STAL KUVARS (BEYAZ KUVARS) D\u0130K\u0130T FORM"},"content":{"rendered":"<p class=\"p1\">Yapaca\u011f\u0131n\u0131z her rit\u00fcelde kuvars ta\u015f\u0131n\u0131 da 10 dakika boyunca elinizde tutarak enerji alan\u0131n\u0131z\u0131 geni\u015fletebilir, rit\u00fcelin frekans\u0131na daha h\u0131zl\u0131 y\u00fckselebilirsiniz.<\/p>\n<p class=\"p1\">Ta\u015f\u0131n\u0131z\u0131 yatarken ba\u015fucunuzda da tutabilirsiniz, \u00e7antan\u0131zda ta\u015f\u0131yabilir ya da oturdu\u011funuz odada muhafaza edebilirsiniz. Kullanmadan \u00f6nce ada\u00e7ay\u0131 ile t\u00fcts\u00fcleyin.<\/p>\n","protected":false},"excerpt":{"rendered":"<h5>Kristal Kuvars (Beyaz Kuvars) Ta\u015f\u0131, \u00d6zellikleri ve Faydalar\u0131<\/h5>\n<p class=\"p1\">Her rit\u00fcelin ve enerji \u00e7al\u0131\u015fmas\u0131n\u0131n olmazsa olmaz\u0131d\u0131r. Kuvars ailesinin en bilinen do\u011fal ta\u015f\u0131d\u0131r. 7 \u00e7akra \u00e7al\u0131\u015fmas\u0131 i\u00e7in de kullan\u0131labilir. Auran\u0131zdaki enerji alan\u0131ndaki blokajlar\u0131 dengelemek i\u00e7in kullan\u0131l\u0131r. Ruhsal ve bedensel tedavi edici \u00f6zelliklere sahip bir ta\u015ft\u0131r. Bir\u00e7ok \u00fclkede kuvarsa rastlanmas\u0131na ra\u011fmen kuvars en yayg\u0131n olarak Brezilya ve Madagaskar\u2019da bulunur. Olduk\u00e7a sert bir ta\u015f oldu\u011fundan tuzlu suyla temizleyebilirsiniz. Sertlik derecesi 7\u2019dir.<\/p>\n<p class=\"p1\">\u00d6fke, korku, k\u0131skan\u00e7l\u0131k, su\u00e7luluk gibi negatif duygulardan ar\u0131nd\u0131r\u0131r.<span class=\"Apple-converted-space\">\u00a0 <\/span>Stresten korunmaya yard\u0131mc\u0131 olur. \u00d6zellikle sinir sistemi \u00fczerinde etkisi vard\u0131r. Sinir sistemini yat\u0131\u015ft\u0131r\u0131r ve ki\u015finin rahatlamas\u0131na yard\u0131mc\u0131 olur.<\/p>\n<p class=\"p1\">\n","protected":false},"featured_media":280,"comment_status":"closed","ping_status":"closed","template":"","meta":[],"product_brand":[],"product_cat":[84,52],"product_tag":[39,97,98,40,99],"class_list":{"0":"post-190","1":"product","2":"type-product","3":"status-publish","4":"has-post-thumbnail","6":"product_cat-dikitler","7":"product_cat-dogal-taslar","8":"product_tag-astrolog-elvan","9":"product_tag-dikit","10":"product_tag-dikit-tas","11":"product_tag-dogal-tas","12":"product_tag-kristal-kuvars-beyaz-kuvars-dikit-form","14":"first","15":"outofstock","16":"taxable","17":"shipping-taxable","18":"purchasable","19":"product-type-simple"},"yoast_head":"<!-- This site is optimized with the Yoast SEO plugin v27.2 - https:\/\/yoast.com\/product\/yoast-seo-wordpress\/ -->\n<title>KR\u0130STAL KUVARS (BEYAZ KUVARS) D\u0130K\u0130T FORM - Astrolog Elvan<\/title>\n<meta name=\"robots\" content=\"index, follow, max-snippet:-1, max-image-preview:large, max-video-preview:-1\" \/>\n<link rel=\"canonical\" href=\"https:\/\/astrologelvan.com\/magaza\/urun\/kristal-kuvars-beyaz-kuvars-dikit-form\/\" \/>\n<meta property=\"og:locale\" content=\"tr_TR\" \/>\n<meta property=\"og:type\" content=\"article\" \/>\n<meta property=\"og:title\" content=\"KR\u0130STAL KUVARS (BEYAZ KUVARS) D\u0130K\u0130T FORM - Astrolog Elvan\" \/>\n<meta property=\"og:description\" content=\"Kristal Kuvars (Beyaz Kuvars) Ta\u015f\u0131, \u00d6zellikleri ve Faydalar\u0131 Her rit\u00fcelin ve enerji \u00e7al\u0131\u015fmas\u0131n\u0131n olmazsa olmaz\u0131d\u0131r. Kuvars ailesinin en bilinen do\u011fal ta\u015f\u0131d\u0131r. 7 \u00e7akra \u00e7al\u0131\u015fmas\u0131 i\u00e7in de kullan\u0131labilir. Auran\u0131zdaki enerji alan\u0131ndaki blokajlar\u0131 dengelemek i\u00e7in kullan\u0131l\u0131r. Ruhsal ve bedensel tedavi edici \u00f6zelliklere sahip bir ta\u015ft\u0131r. Bir\u00e7ok \u00fclkede kuvarsa rastlanmas\u0131na ra\u011fmen kuvars en yayg\u0131n olarak Brezilya ve Madagaskar\u2019da bulunur. Olduk\u00e7a sert bir ta\u015f oldu\u011fundan tuzlu suyla temizleyebilirsiniz. Sertlik derecesi 7\u2019dir. \u00d6fke, korku, k\u0131skan\u00e7l\u0131k, su\u00e7luluk gibi negatif duygulardan ar\u0131nd\u0131r\u0131r.\u00a0 Stresten korunmaya yard\u0131mc\u0131 olur. \u00d6zellikle sinir sistemi \u00fczerinde etkisi vard\u0131r. Sinir sistemini yat\u0131\u015ft\u0131r\u0131r ve ki\u015finin rahatlamas\u0131na yard\u0131mc\u0131 olur.\" \/>\n<meta property=\"og:url\" content=\"https:\/\/astrologelvan.com\/magaza\/urun\/kristal-kuvars-beyaz-kuvars-dikit-form\/\" \/>\n<meta property=\"og:site_name\" content=\"Astrolog Elvan\" \/>\n<meta property=\"article:modified_time\" content=\"2025-10-06T05:14:48+00:00\" \/>\n<meta property=\"og:image\" content=\"https:\/\/astrologelvan.com\/magaza\/wp-content\/uploads\/2024\/02\/Kristal-Kuvars-Beyaz-Kuvars-Dikit-Form_.jpg\" \/>\n\t<meta property=\"og:image:width\" content=\"1080\" \/>\n\t<meta property=\"og:image:height\" content=\"1080\" \/>\n\t<meta property=\"og:image:type\" content=\"image\/jpeg\" \/>\n<meta name=\"twitter:card\" content=\"summary_large_image\" \/>\n<meta name=\"twitter:label1\" content=\"Tahmini okuma s\u00fcresi\" \/>\n\t<meta name=\"twitter:data1\" content=\"1 dakika\" \/>\n<script type=\"application\/ld+json\" class=\"yoast-schema-graph\">{\"@context\":\"https:\/\/schema.org\",\"@graph\":[{\"@type\":[\"WebPage\",\"ItemPage\"],\"@id\":\"https:\/\/astrologelvan.com\/magaza\/urun\/kristal-kuvars-beyaz-kuvars-dikit-form\/\",\"url\":\"https:\/\/astrologelvan.com\/magaza\/urun\/kristal-kuvars-beyaz-kuvars-dikit-form\/\",\"name\":\"KR\u0130STAL KUVARS (BEYAZ KUVARS) D\u0130K\u0130T FORM - Astrolog Elvan\",\"isPartOf\":{\"@id\":\"https:\/\/astrologelvan.com\/magaza\/#website\"},\"primaryImageOfPage\":{\"@id\":\"https:\/\/astrologelvan.com\/magaza\/urun\/kristal-kuvars-beyaz-kuvars-dikit-form\/#primaryimage\"},\"image\":{\"@id\":\"https:\/\/astrologelvan.com\/magaza\/urun\/kristal-kuvars-beyaz-kuvars-dikit-form\/#primaryimage\"},\"thumbnailUrl\":\"https:\/\/astrologelvan.com\/magaza\/wp-content\/uploads\/2024\/02\/Kristal-Kuvars-Beyaz-Kuvars-Dikit-Form_.jpg\",\"datePublished\":\"2024-02-27T23:07:57+00:00\",\"dateModified\":\"2025-10-06T05:14:48+00:00\",\"breadcrumb\":{\"@id\":\"https:\/\/astrologelvan.com\/magaza\/urun\/kristal-kuvars-beyaz-kuvars-dikit-form\/#breadcrumb\"},\"inLanguage\":\"tr\",\"potentialAction\":[{\"@type\":\"ReadAction\",\"target\":[\"https:\/\/astrologelvan.com\/magaza\/urun\/kristal-kuvars-beyaz-kuvars-dikit-form\/\"]}]},{\"@type\":\"ImageObject\",\"inLanguage\":\"tr\",\"@id\":\"https:\/\/astrologelvan.com\/magaza\/urun\/kristal-kuvars-beyaz-kuvars-dikit-form\/#primaryimage\",\"url\":\"https:\/\/astrologelvan.com\/magaza\/wp-content\/uploads\/2024\/02\/Kristal-Kuvars-Beyaz-Kuvars-Dikit-Form_.jpg\",\"contentUrl\":\"https:\/\/astrologelvan.com\/magaza\/wp-content\/uploads\/2024\/02\/Kristal-Kuvars-Beyaz-Kuvars-Dikit-Form_.jpg\",\"width\":1080,\"height\":1080},{\"@type\":\"BreadcrumbList\",\"@id\":\"https:\/\/astrologelvan.com\/magaza\/urun\/kristal-kuvars-beyaz-kuvars-dikit-form\/#breadcrumb\",\"itemListElement\":[{\"@type\":\"ListItem\",\"position\":1,\"name\":\"Anasayfa\",\"item\":\"https:\/\/astrologelvan.com\/magaza\/\"},{\"@type\":\"ListItem\",\"position\":2,\"name\":\"Ma\u011faza\",\"item\":\"https:\/\/astrologelvan.com\/magaza\/magaza\/\"},{\"@type\":\"ListItem\",\"position\":3,\"name\":\"KR\u0130STAL KUVARS (BEYAZ KUVARS) D\u0130K\u0130T FORM\"}]},{\"@type\":\"WebSite\",\"@id\":\"https:\/\/astrologelvan.com\/magaza\/#website\",\"url\":\"https:\/\/astrologelvan.com\/magaza\/\",\"name\":\"Astrolog Elvan\",\"description\":\"\",\"potentialAction\":[{\"@type\":\"SearchAction\",\"target\":{\"@type\":\"EntryPoint\",\"urlTemplate\":\"https:\/\/astrologelvan.com\/magaza\/?s={search_term_string}\"},\"query-input\":{\"@type\":\"PropertyValueSpecification\",\"valueRequired\":true,\"valueName\":\"search_term_string\"}}],\"inLanguage\":\"tr\"}]}<\/script>\n<!-- \/ Yoast SEO plugin. -->","yoast_head_json":{"title":"KR\u0130STAL KUVARS (BEYAZ KUVARS) D\u0130K\u0130T FORM - Astrolog Elvan","robots":{"index":"index","follow":"follow","max-snippet":"max-snippet:-1","max-image-preview":"max-image-preview:large","max-video-preview":"max-video-preview:-1"},"canonical":"https:\/\/astrologelvan.com\/magaza\/urun\/kristal-kuvars-beyaz-kuvars-dikit-form\/","og_locale":"tr_TR","og_type":"article","og_title":"KR\u0130STAL KUVARS (BEYAZ KUVARS) D\u0130K\u0130T FORM - Astrolog Elvan","og_description":"Kristal Kuvars (Beyaz Kuvars) Ta\u015f\u0131, \u00d6zellikleri ve Faydalar\u0131 Her rit\u00fcelin ve enerji \u00e7al\u0131\u015fmas\u0131n\u0131n olmazsa olmaz\u0131d\u0131r. Kuvars ailesinin en bilinen do\u011fal ta\u015f\u0131d\u0131r. 7 \u00e7akra \u00e7al\u0131\u015fmas\u0131 i\u00e7in de kullan\u0131labilir. Auran\u0131zdaki enerji alan\u0131ndaki blokajlar\u0131 dengelemek i\u00e7in kullan\u0131l\u0131r. Ruhsal ve bedensel tedavi edici \u00f6zelliklere sahip bir ta\u015ft\u0131r. Bir\u00e7ok \u00fclkede kuvarsa rastlanmas\u0131na ra\u011fmen kuvars en yayg\u0131n olarak Brezilya ve Madagaskar\u2019da bulunur. Olduk\u00e7a sert bir ta\u015f oldu\u011fundan tuzlu suyla temizleyebilirsiniz. Sertlik derecesi 7\u2019dir. \u00d6fke, korku, k\u0131skan\u00e7l\u0131k, su\u00e7luluk gibi negatif duygulardan ar\u0131nd\u0131r\u0131r.\u00a0 Stresten korunmaya yard\u0131mc\u0131 olur. \u00d6zellikle sinir sistemi \u00fczerinde etkisi vard\u0131r. Sinir sistemini yat\u0131\u015ft\u0131r\u0131r ve ki\u015finin rahatlamas\u0131na yard\u0131mc\u0131 olur.","og_url":"https:\/\/astrologelvan.com\/magaza\/urun\/kristal-kuvars-beyaz-kuvars-dikit-form\/","og_site_name":"Astrolog Elvan","article_modified_time":"2025-10-06T05:14:48+00:00","og_image":[{"width":1080,"height":1080,"url":"https:\/\/astrologelvan.com\/magaza\/wp-content\/uploads\/2024\/02\/Kristal-Kuvars-Beyaz-Kuvars-Dikit-Form_.jpg","type":"image\/jpeg"}],"twitter_card":"summary_large_image","twitter_misc":{"Tahmini okuma s\u00fcresi":"1 dakika"},"schema":{"@context":"https:\/\/schema.org","@graph":[{"@type":["WebPage","ItemPage"],"@id":"https:\/\/astrologelvan.com\/magaza\/urun\/kristal-kuvars-beyaz-kuvars-dikit-form\/","url":"https:\/\/astrologelvan.com\/magaza\/urun\/kristal-kuvars-beyaz-kuvars-dikit-form\/","name":"KR\u0130STAL KUVARS (BEYAZ KUVARS) D\u0130K\u0130T FORM - Astrolog Elvan","isPartOf":{"@id":"https:\/\/astrologelvan.com\/magaza\/#website"},"primaryImageOfPage":{"@id":"https:\/\/astrologelvan.com\/magaza\/urun\/kristal-kuvars-beyaz-kuvars-dikit-form\/#primaryimage"},"image":{"@id":"https:\/\/astrologelvan.com\/magaza\/urun\/kristal-kuvars-beyaz-kuvars-dikit-form\/#primaryimage"},"thumbnailUrl":"https:\/\/astrologelvan.com\/magaza\/wp-content\/uploads\/2024\/02\/Kristal-Kuvars-Beyaz-Kuvars-Dikit-Form_.jpg","datePublished":"2024-02-27T23:07:57+00:00","dateModified":"2025-10-06T05:14:48+00:00","breadcrumb":{"@id":"https:\/\/astrologelvan.com\/magaza\/urun\/kristal-kuvars-beyaz-kuvars-dikit-form\/#breadcrumb"},"inLanguage":"tr","potentialAction":[{"@type":"ReadAction","target":["https:\/\/astrologelvan.com\/magaza\/urun\/kristal-kuvars-beyaz-kuvars-dikit-form\/"]}]},{"@type":"ImageObject","inLanguage":"tr","@id":"https:\/\/astrologelvan.com\/magaza\/urun\/kristal-kuvars-beyaz-kuvars-dikit-form\/#primaryimage","url":"https:\/\/astrologelvan.com\/magaza\/wp-content\/uploads\/2024\/02\/Kristal-Kuvars-Beyaz-Kuvars-Dikit-Form_.jpg","contentUrl":"https:\/\/astrologelvan.com\/magaza\/wp-content\/uploads\/2024\/02\/Kristal-Kuvars-Beyaz-Kuvars-Dikit-Form_.jpg","width":1080,"height":1080},{"@type":"BreadcrumbList","@id":"https:\/\/astrologelvan.com\/magaza\/urun\/kristal-kuvars-beyaz-kuvars-dikit-form\/#breadcrumb","itemListElement":[{"@type":"ListItem","position":1,"name":"Anasayfa","item":"https:\/\/astrologelvan.com\/magaza\/"},{"@type":"ListItem","position":2,"name":"Ma\u011faza","item":"https:\/\/astrologelvan.com\/magaza\/magaza\/"},{"@type":"ListItem","position":3,"name":"KR\u0130STAL KUVARS (BEYAZ KUVARS) D\u0130K\u0130T FORM"}]},{"@type":"WebSite","@id":"https:\/\/astrologelvan.com\/magaza\/#website","url":"https:\/\/astrologelvan.com\/magaza\/","name":"Astrolog Elvan","description":"","potentialAction":[{"@type":"SearchAction","target":{"@type":"EntryPoint","urlTemplate":"https:\/\/astrologelvan.com\/magaza\/?s={search_term_string}"},"query-input":{"@type":"PropertyValueSpecification","valueRequired":true,"valueName":"search_term_string"}}],"inLanguage":"tr"}]}},"_links":{"self":[{"href":"https:\/\/astrologelvan.com\/magaza\/wp-json\/wp\/v2\/product\/190","targetHints":{"allow":["GET"]}}],"collection":[{"href":"https:\/\/astrologelvan.com\/magaza\/wp-json\/wp\/v2\/product"}],"about":[{"href":"https:\/\/astrologelvan.com\/magaza\/wp-json\/wp\/v2\/types\/product"}],"replies":[{"embeddable":true,"href":"https:\/\/astrologelvan.com\/magaza\/wp-json\/wp\/v2\/comments?post=190"}],"wp:featuredmedia":[{"embeddable":true,"href":"https:\/\/astrologelvan.com\/magaza\/wp-json\/wp\/v2\/media\/280"}],"wp:attachment":[{"href":"https:\/\/astrologelvan.com\/magaza\/wp-json\/wp\/v2\/media?parent=190"}],"wp:term":[{"taxonomy":"product_brand","embeddable":true,"href":"https:\/\/astrologelvan.com\/magaza\/wp-json\/wp\/v2\/product_brand?post=190"},{"taxonomy":"product_cat","embeddable":true,"href":"https:\/\/astrologelvan.com\/magaza\/wp-json\/wp\/v2\/product_cat?post=190"},{"taxonomy":"product_tag","embeddable":true,"href":"https:\/\/astrologelvan.com\/magaza\/wp-json\/wp\/v2\/product_tag?post=190"}],"curies":[{"name":"wp","href":"https:\/\/api.w.org\/{rel}","templated":true}]}}