{"id":189662,"date":"2026-05-14T19:03:02","date_gmt":"2026-05-14T16:03:02","guid":{"rendered":"https:\/\/astrologelvan.com\/magaza\/?post_type=product&#038;p=189662"},"modified":"2026-05-15T00:08:00","modified_gmt":"2026-05-14T21:08:00","slug":"manifest-anahtarligi","status":"publish","type":"product","link":"https:\/\/astrologelvan.com\/magaza\/urun\/manifest-anahtarligi\/","title":{"rendered":"Manifest Anahtarl\u0131\u011f\u0131"},"content":{"rendered":"","protected":false},"excerpt":{"rendered":"<div>Baz\u0131 anahtarlar kap\u0131lar\u0131 a\u00e7ar\u2026<\/div>\n<div>Baz\u0131lar\u0131 ise kaderini. \u2728<\/div>\n<div><\/div>\n<div>Manifest Anahtarl\u0131\u011f\u0131;<\/div>\n<div>\u015fans, korunma, bereket, yolculuk, cesaret ve yeni ba\u015flang\u0131\u00e7lar\u0131n sembollerini bir araya getiren \u00f6zel bir enerji objesi olarak tasarland\u0131.<\/div>\n<div><\/div>\n<div>\u00dczerindeki nazar sembol\u00fc negatif enerjilere kar\u015f\u0131 korumay\u0131, fil fig\u00fcr\u00fc bolluk ve \u015fans\u0131, at nal\u0131 talihi, u\u00e7ak yeni yollar\u0131 ve hayalleri, k\u0131rm\u0131z\u0131 biber ya\u015fam enerjisini temsil ederken; do\u011fal kuvars kristali niyetini b\u00fcy\u00fct\u00fcp enerjini g\u00fc\u00e7lendirmeye yard\u0131mc\u0131 olur.<\/div>\n<div><\/div>\n<div>\u00c7antanda, anahtar\u0131nda ya da hayat\u0131n\u0131n en \u00f6zel k\u00f6\u015fesinde ta\u015f\u0131yabilece\u011fin bu tasar\u0131m;<\/div>\n<div>sadece bir aksesuar de\u011fil, her bakt\u0131\u011f\u0131nda niyetlerini hat\u0131rlatan k\u00fc\u00e7\u00fck bir manifest rit\u00fceli.<\/div>\n<div><\/div>\n<blockquote>\n<div style=\"text-align: left;\"><em>Niyet et.<\/em><\/div>\n<div style=\"text-align: left;\"><em>\u0130nan.<\/em><\/div>\n<div style=\"text-align: left;\"><em>\u00c7ek \u2728<\/em><\/div>\n<\/blockquote>\n<div><\/div>\n<div>Her \u00fcr\u00fcn, sevgi ve y\u00fcksek enerji niyetiyle haz\u0131rlanm\u0131\u015ft\u0131r.<\/div>\n","protected":false},"featured_media":189663,"comment_status":"open","ping_status":"closed","template":"","meta":[],"product_brand":[596],"product_cat":[568,9528],"product_tag":[],"class_list":{"0":"post-189662","1":"product","2":"type-product","3":"status-publish","4":"has-post-thumbnail","6":"product_brand-astrolog-elvan","7":"product_cat-anahtarliklar","8":"product_cat--anahtarliklar","10":"first","11":"instock","12":"sale","13":"taxable","14":"shipping-taxable","15":"purchasable","16":"product-type-simple"},"yoast_head":"<!-- This site is optimized with the Yoast SEO plugin v27.5 - https:\/\/yoast.com\/product\/yoast-seo-wordpress\/ -->\n<title>Manifest Anahtarl\u0131\u011f\u0131 - Astrolog Elvan<\/title>\n<meta name=\"robots\" content=\"index, follow, max-snippet:-1, max-image-preview:large, max-video-preview:-1\" \/>\n<link rel=\"canonical\" href=\"https:\/\/astrologelvan.com\/magaza\/urun\/manifest-anahtarligi\/\" \/>\n<meta property=\"og:locale\" content=\"tr_TR\" \/>\n<meta property=\"og:type\" content=\"article\" \/>\n<meta property=\"og:title\" content=\"Manifest Anahtarl\u0131\u011f\u0131 - Astrolog Elvan\" \/>\n<meta property=\"og:description\" content=\"Baz\u0131 anahtarlar kap\u0131lar\u0131 a\u00e7ar\u2026 Baz\u0131lar\u0131 ise kaderini. \u2728  Manifest Anahtarl\u0131\u011f\u0131; \u015fans, korunma, bereket, yolculuk, cesaret ve yeni ba\u015flang\u0131\u00e7lar\u0131n sembollerini bir araya getiren \u00f6zel bir enerji objesi olarak tasarland\u0131.  \u00dczerindeki nazar sembol\u00fc negatif enerjilere kar\u015f\u0131 korumay\u0131, fil fig\u00fcr\u00fc bolluk ve \u015fans\u0131, at nal\u0131 talihi, u\u00e7ak yeni yollar\u0131 ve hayalleri, k\u0131rm\u0131z\u0131 biber ya\u015fam enerjisini temsil ederken; do\u011fal kuvars kristali niyetini b\u00fcy\u00fct\u00fcp enerjini g\u00fc\u00e7lendirmeye yard\u0131mc\u0131 olur.  \u00c7antanda, anahtar\u0131nda ya da hayat\u0131n\u0131n en \u00f6zel k\u00f6\u015fesinde ta\u015f\u0131yabilece\u011fin bu tasar\u0131m; sadece bir aksesuar de\u011fil, her bakt\u0131\u011f\u0131nda niyetlerini hat\u0131rlatan k\u00fc\u00e7\u00fck bir manifest rit\u00fceli.   Niyet et. \u0130nan. \u00c7ek \u2728  Her \u00fcr\u00fcn, sevgi ve y\u00fcksek enerji niyetiyle haz\u0131rlanm\u0131\u015ft\u0131r.\" \/>\n<meta property=\"og:url\" content=\"https:\/\/astrologelvan.com\/magaza\/urun\/manifest-anahtarligi\/\" \/>\n<meta property=\"og:site_name\" content=\"Astrolog Elvan\" \/>\n<meta property=\"article:modified_time\" content=\"2026-05-14T21:08:00+00:00\" \/>\n<meta property=\"og:image\" content=\"https:\/\/astrologelvan.com\/magaza\/wp-content\/uploads\/2026\/05\/IMG_0347.png\" \/>\n\t<meta property=\"og:image:width\" content=\"1020\" \/>\n\t<meta property=\"og:image:height\" content=\"1360\" \/>\n\t<meta property=\"og:image:type\" content=\"image\/png\" \/>\n<meta name=\"twitter:card\" content=\"summary_large_image\" \/>\n<meta name=\"twitter:label1\" content=\"Tahmini okuma s\u00fcresi\" \/>\n\t<meta name=\"twitter:data1\" content=\"1 dakika\" \/>\n<script type=\"application\/ld+json\" class=\"yoast-schema-graph\">{\"@context\":\"https:\\\/\\\/schema.org\",\"@graph\":[{\"@type\":[\"WebPage\",\"ItemPage\"],\"@id\":\"https:\\\/\\\/astrologelvan.com\\\/magaza\\\/urun\\\/manifest-anahtarligi\\\/\",\"url\":\"https:\\\/\\\/astrologelvan.com\\\/magaza\\\/urun\\\/manifest-anahtarligi\\\/\",\"name\":\"Manifest Anahtarl\u0131\u011f\u0131 - Astrolog Elvan\",\"isPartOf\":{\"@id\":\"https:\\\/\\\/astrologelvan.com\\\/magaza\\\/#website\"},\"primaryImageOfPage\":{\"@id\":\"https:\\\/\\\/astrologelvan.com\\\/magaza\\\/urun\\\/manifest-anahtarligi\\\/#primaryimage\"},\"image\":{\"@id\":\"https:\\\/\\\/astrologelvan.com\\\/magaza\\\/urun\\\/manifest-anahtarligi\\\/#primaryimage\"},\"thumbnailUrl\":\"https:\\\/\\\/astrologelvan.com\\\/magaza\\\/wp-content\\\/uploads\\\/2026\\\/05\\\/IMG_0347.png\",\"datePublished\":\"2026-05-14T16:03:02+00:00\",\"dateModified\":\"2026-05-14T21:08:00+00:00\",\"breadcrumb\":{\"@id\":\"https:\\\/\\\/astrologelvan.com\\\/magaza\\\/urun\\\/manifest-anahtarligi\\\/#breadcrumb\"},\"inLanguage\":\"tr\",\"potentialAction\":[{\"@type\":\"ReadAction\",\"target\":[\"https:\\\/\\\/astrologelvan.com\\\/magaza\\\/urun\\\/manifest-anahtarligi\\\/\"]}]},{\"@type\":\"ImageObject\",\"inLanguage\":\"tr\",\"@id\":\"https:\\\/\\\/astrologelvan.com\\\/magaza\\\/urun\\\/manifest-anahtarligi\\\/#primaryimage\",\"url\":\"https:\\\/\\\/astrologelvan.com\\\/magaza\\\/wp-content\\\/uploads\\\/2026\\\/05\\\/IMG_0347.png\",\"contentUrl\":\"https:\\\/\\\/astrologelvan.com\\\/magaza\\\/wp-content\\\/uploads\\\/2026\\\/05\\\/IMG_0347.png\",\"width\":1086,\"height\":1448},{\"@type\":\"BreadcrumbList\",\"@id\":\"https:\\\/\\\/astrologelvan.com\\\/magaza\\\/urun\\\/manifest-anahtarligi\\\/#breadcrumb\",\"itemListElement\":[{\"@type\":\"ListItem\",\"position\":1,\"name\":\"Anasayfa\",\"item\":\"https:\\\/\\\/astrologelvan.com\\\/magaza\\\/\"},{\"@type\":\"ListItem\",\"position\":2,\"name\":\"Ma\u011faza\",\"item\":\"https:\\\/\\\/astrologelvan.com\\\/magaza\\\/magaza\\\/\"},{\"@type\":\"ListItem\",\"position\":3,\"name\":\"Manifest Anahtarl\u0131\u011f\u0131\"}]},{\"@type\":\"WebSite\",\"@id\":\"https:\\\/\\\/astrologelvan.com\\\/magaza\\\/#website\",\"url\":\"https:\\\/\\\/astrologelvan.com\\\/magaza\\\/\",\"name\":\"Astrolog Elvan\",\"description\":\"\",\"potentialAction\":[{\"@type\":\"SearchAction\",\"target\":{\"@type\":\"EntryPoint\",\"urlTemplate\":\"https:\\\/\\\/astrologelvan.com\\\/magaza\\\/?s={search_term_string}\"},\"query-input\":{\"@type\":\"PropertyValueSpecification\",\"valueRequired\":true,\"valueName\":\"search_term_string\"}}],\"inLanguage\":\"tr\"}]}<\/script>\n<!-- \/ Yoast SEO plugin. -->","yoast_head_json":{"title":"Manifest Anahtarl\u0131\u011f\u0131 - Astrolog Elvan","robots":{"index":"index","follow":"follow","max-snippet":"max-snippet:-1","max-image-preview":"max-image-preview:large","max-video-preview":"max-video-preview:-1"},"canonical":"https:\/\/astrologelvan.com\/magaza\/urun\/manifest-anahtarligi\/","og_locale":"tr_TR","og_type":"article","og_title":"Manifest Anahtarl\u0131\u011f\u0131 - Astrolog Elvan","og_description":"Baz\u0131 anahtarlar kap\u0131lar\u0131 a\u00e7ar\u2026 Baz\u0131lar\u0131 ise kaderini. \u2728  Manifest Anahtarl\u0131\u011f\u0131; \u015fans, korunma, bereket, yolculuk, cesaret ve yeni ba\u015flang\u0131\u00e7lar\u0131n sembollerini bir araya getiren \u00f6zel bir enerji objesi olarak tasarland\u0131.  \u00dczerindeki nazar sembol\u00fc negatif enerjilere kar\u015f\u0131 korumay\u0131, fil fig\u00fcr\u00fc bolluk ve \u015fans\u0131, at nal\u0131 talihi, u\u00e7ak yeni yollar\u0131 ve hayalleri, k\u0131rm\u0131z\u0131 biber ya\u015fam enerjisini temsil ederken; do\u011fal kuvars kristali niyetini b\u00fcy\u00fct\u00fcp enerjini g\u00fc\u00e7lendirmeye yard\u0131mc\u0131 olur.  \u00c7antanda, anahtar\u0131nda ya da hayat\u0131n\u0131n en \u00f6zel k\u00f6\u015fesinde ta\u015f\u0131yabilece\u011fin bu tasar\u0131m; sadece bir aksesuar de\u011fil, her bakt\u0131\u011f\u0131nda niyetlerini hat\u0131rlatan k\u00fc\u00e7\u00fck bir manifest rit\u00fceli.   Niyet et. \u0130nan. \u00c7ek \u2728  Her \u00fcr\u00fcn, sevgi ve y\u00fcksek enerji niyetiyle haz\u0131rlanm\u0131\u015ft\u0131r.","og_url":"https:\/\/astrologelvan.com\/magaza\/urun\/manifest-anahtarligi\/","og_site_name":"Astrolog Elvan","article_modified_time":"2026-05-14T21:08:00+00:00","og_image":[{"url":"https:\/\/astrologelvan.com\/magaza\/wp-content\/uploads\/2026\/05\/IMG_0347.png","width":1020,"height":1360,"type":"image\/png"}],"twitter_card":"summary_large_image","twitter_misc":{"Tahmini okuma s\u00fcresi":"1 dakika"},"schema":{"@context":"https:\/\/schema.org","@graph":[{"@type":["WebPage","ItemPage"],"@id":"https:\/\/astrologelvan.com\/magaza\/urun\/manifest-anahtarligi\/","url":"https:\/\/astrologelvan.com\/magaza\/urun\/manifest-anahtarligi\/","name":"Manifest Anahtarl\u0131\u011f\u0131 - Astrolog Elvan","isPartOf":{"@id":"https:\/\/astrologelvan.com\/magaza\/#website"},"primaryImageOfPage":{"@id":"https:\/\/astrologelvan.com\/magaza\/urun\/manifest-anahtarligi\/#primaryimage"},"image":{"@id":"https:\/\/astrologelvan.com\/magaza\/urun\/manifest-anahtarligi\/#primaryimage"},"thumbnailUrl":"https:\/\/astrologelvan.com\/magaza\/wp-content\/uploads\/2026\/05\/IMG_0347.png","datePublished":"2026-05-14T16:03:02+00:00","dateModified":"2026-05-14T21:08:00+00:00","breadcrumb":{"@id":"https:\/\/astrologelvan.com\/magaza\/urun\/manifest-anahtarligi\/#breadcrumb"},"inLanguage":"tr","potentialAction":[{"@type":"ReadAction","target":["https:\/\/astrologelvan.com\/magaza\/urun\/manifest-anahtarligi\/"]}]},{"@type":"ImageObject","inLanguage":"tr","@id":"https:\/\/astrologelvan.com\/magaza\/urun\/manifest-anahtarligi\/#primaryimage","url":"https:\/\/astrologelvan.com\/magaza\/wp-content\/uploads\/2026\/05\/IMG_0347.png","contentUrl":"https:\/\/astrologelvan.com\/magaza\/wp-content\/uploads\/2026\/05\/IMG_0347.png","width":1086,"height":1448},{"@type":"BreadcrumbList","@id":"https:\/\/astrologelvan.com\/magaza\/urun\/manifest-anahtarligi\/#breadcrumb","itemListElement":[{"@type":"ListItem","position":1,"name":"Anasayfa","item":"https:\/\/astrologelvan.com\/magaza\/"},{"@type":"ListItem","position":2,"name":"Ma\u011faza","item":"https:\/\/astrologelvan.com\/magaza\/magaza\/"},{"@type":"ListItem","position":3,"name":"Manifest Anahtarl\u0131\u011f\u0131"}]},{"@type":"WebSite","@id":"https:\/\/astrologelvan.com\/magaza\/#website","url":"https:\/\/astrologelvan.com\/magaza\/","name":"Astrolog Elvan","description":"","potentialAction":[{"@type":"SearchAction","target":{"@type":"EntryPoint","urlTemplate":"https:\/\/astrologelvan.com\/magaza\/?s={search_term_string}"},"query-input":{"@type":"PropertyValueSpecification","valueRequired":true,"valueName":"search_term_string"}}],"inLanguage":"tr"}]}},"_links":{"self":[{"href":"https:\/\/astrologelvan.com\/magaza\/wp-json\/wp\/v2\/product\/189662","targetHints":{"allow":["GET"]}}],"collection":[{"href":"https:\/\/astrologelvan.com\/magaza\/wp-json\/wp\/v2\/product"}],"about":[{"href":"https:\/\/astrologelvan.com\/magaza\/wp-json\/wp\/v2\/types\/product"}],"replies":[{"embeddable":true,"href":"https:\/\/astrologelvan.com\/magaza\/wp-json\/wp\/v2\/comments?post=189662"}],"wp:featuredmedia":[{"embeddable":true,"href":"https:\/\/astrologelvan.com\/magaza\/wp-json\/wp\/v2\/media\/189663"}],"wp:attachment":[{"href":"https:\/\/astrologelvan.com\/magaza\/wp-json\/wp\/v2\/media?parent=189662"}],"wp:term":[{"taxonomy":"product_brand","embeddable":true,"href":"https:\/\/astrologelvan.com\/magaza\/wp-json\/wp\/v2\/product_brand?post=189662"},{"taxonomy":"product_cat","embeddable":true,"href":"https:\/\/astrologelvan.com\/magaza\/wp-json\/wp\/v2\/product_cat?post=189662"},{"taxonomy":"product_tag","embeddable":true,"href":"https:\/\/astrologelvan.com\/magaza\/wp-json\/wp\/v2\/product_tag?post=189662"}],"curies":[{"name":"wp","href":"https:\/\/api.w.org\/{rel}","templated":true}]}}