{"id":188386,"date":"2026-05-11T18:24:51","date_gmt":"2026-05-11T15:24:51","guid":{"rendered":"https:\/\/astrologelvan.com\/magaza\/?post_type=product&#038;p=188386"},"modified":"2026-05-11T19:13:17","modified_gmt":"2026-05-11T16:13:17","slug":"mal-mulk-edinme-atolyesi-astrolog-elvan-lapis","status":"publish","type":"product","link":"https:\/\/astrologelvan.com\/magaza\/urun\/mal-mulk-edinme-atolyesi-astrolog-elvan-lapis\/","title":{"rendered":"MAL M\u00dcLK ED\u0130NME AT\u00d6LYES\u0130 |\u00a0ASTROLOG ELVAN LAP\u0130S"},"content":{"rendered":"","protected":false},"excerpt":{"rendered":"<p>Ev, arsa sahibi olmak\u2026<br \/>\nKendi topra\u011f\u0131n\u0131 almak\u2026<br \/>\nYat\u0131r\u0131m yapmak\u2026<br \/>\nKazand\u0131\u011f\u0131n\u0131 b\u00fcy\u00fctmek\u2026<\/p>\n<p>Baz\u0131 insanlar f\u0131rsatlar\u0131 s\u00fcrekli \u00e7ekerken, baz\u0131lar\u0131 ne kadar \u00e7al\u0131\u015fsa da hep son anda bir engelle kar\u015f\u0131la\u015f\u0131r.<br \/>\n\u00c7\u00fcnk\u00fc mal m\u00fclk enerjisi sadece maddiyat de\u011fil; bilin\u00e7alt\u0131ndaki g\u00fcven, hak etme ve sahip olabilme frekans\u0131yla ilgilidir.<\/p>\n<p>17 May\u0131s\u2019taki bu \u00f6zel at\u00f6lyede; Karma Astrolog &amp; ThetaHealer E\u011fitmeni Elvan Lapis ve ThetaHealer &amp; Kuantum Dan\u0131\u015fman\u0131 Musa \u015ean kat\u0131l\u0131mc\u0131lar\u0131n ev, arsa, yat\u0131r\u0131m, maddiyat, g\u00fcvenlik ve bolluk alan\u0131ndaki blokajlar\u0131n\u0131 fark edip d\u00f6n\u00fc\u015ft\u00fcrmesi i\u00e7in nefis \u00e7al\u0131\u015fmalar ger\u00e7ekle\u015ftirecek.<\/p>\n<p>Ve bu at\u00f6lyede ilk kez\u2026<br \/>\n\u26a1\u00a0<span style=\"color: #9134b0;\"><strong>Kuantum Yarat\u0131m Kaz\u0131s\u0131<\/strong><\/span> \u00e7al\u0131\u015fmas\u0131 yap\u0131lacakt\u0131r.<\/p>\n<p><strong>Bu \u00f6zel \u00e7al\u0131\u015fmada;<\/strong><br \/>\nki\u015finin bilin\u00e7alt\u0131ndaki derin maddi korkular, kaybetme kay\u0131tlar\u0131, yoksunluk haf\u0131zas\u0131 ve \u201csahip olamam\u201d kodlar\u0131 \u00fczerine inilecek; ki\u015finin bolluk, m\u00fclk ve g\u00fcven enerjisiyle hizalanmas\u0131 hedeflenecektir.<\/p>\n<p>\u2728 At\u00f6lyede \u00e7al\u0131\u015faca\u011f\u0131m\u0131z ba\u015fl\u0131klar:<br \/>\n\u2022 Ev sahibi olma frekans\u0131n\u0131 aktive etmek<br \/>\n\u2022 Mal m\u00fclk edinmenin \u00f6n\u00fcndeki g\u00f6r\u00fcnmeyen blokajlar\u0131 fark etmek<br \/>\n\u2022 Kaybetme ve bor\u00e7 korkular\u0131n\u0131 d\u00f6n\u00fc\u015ft\u00fcrmek<br \/>\n\u2022 Bollu\u011fu tutabilme enerjisini g\u00fc\u00e7lendirmek<br \/>\n\u2022 Yat\u0131r\u0131m ve para alan\u0131ndaki t\u0131kan\u0131kl\u0131klar\u0131 d\u00f6n\u00fc\u015ft\u00fcrmek<br \/>\n\u2022 Maddi g\u00fcven ve k\u00f6klenme hissini artt\u0131rmak<br \/>\n\u2022 Kuantum yarat\u0131m alan\u0131nda yeni bir ger\u00e7eklik frekans\u0131 olu\u015fturmak<\/p>\n<p><strong>Bu \u00e7al\u0131\u015fma;<\/strong><br \/>\nev almak isteyenler, yat\u0131r\u0131m yapmak isteyenler, maddi d\u00fczen kurmak isteyenler ve hayat\u0131nda daha g\u00fc\u00e7l\u00fc bir g\u00fcven alan\u0131 yaratmaya haz\u0131r olan herkes i\u00e7indir. \ud83d\udddd\ufe0f\ud83c\udfe1\u2728<\/p>\n<p class=\"alt-font\"><span style=\"color: #9134b0;\"><strong>Belki de hayat\u0131ndaki yeni kap\u0131lar\u2026<\/strong><\/span><br \/>\n<span style=\"color: #9134b0;\"><strong>\u00d6nce enerjinde a\u00e7\u0131lacakt\u0131r.<\/strong><\/span><\/p>\n<p><strong><div class=\"message-box relative dark\" style=\"padding-top:15px;padding-bottom:15px;\"><div class=\"message-box-bg-image bg-fill fill\" style=\"background-image:url(#hex or http:\/\/imageurl);\"><\/div><div class=\"message-box-bg-overlay bg-fill fill\" ><\/div><div class=\"container relative\"><div class=\"inner last-reset\"> At\u00f6lye 17 May\u0131s ak\u015fam\u0131 T\u00fcrkiye saati ile 21:05\u2019te Zoom \u00fczerinden Astrolog Elvan Lapis e\u015fli\u011finde canl\u0131 olarak yap\u0131lacakt\u0131r.<br \/>\n<\/div><\/div><\/div><\/strong><\/p>\n<p>&nbsp;<\/p>\n<p><strong>At\u00f6lye kat\u0131l\u0131m linkleri<\/strong>\u00a0<u>belirtti\u011finiz telefon numaras\u0131na Mesaj olarak ve belirtti\u011finiz e-mail adresine e-mail olarak g\u00f6nderilecektir. Sipari\u015flerinizi olu\u015ftururken aktif kulland\u0131\u011f\u0131n\u0131z telefon numaran\u0131z\u0131 ve e-mail adresinizi girmelisiniz. <\/u>E-mail adresinizi do\u011fru yazd\u0131\u011f\u0131n\u0131za ve e-mail kutunuzun dolu olmad\u0131\u011f\u0131na dikkat ediniz.<\/p>\n<p>At\u00f6lye kay\u0131tlar\u0131 sat\u0131n alan ki\u015filere canl\u0131 yay\u0131n sonras\u0131ndaki g\u00fcnlerde yine ayn\u0131 kanallardan iletilecektir.<br \/>\n<strong>Her at\u00f6lye kayd\u0131 yasal olarak yaln\u0131zca bir ki\u015fi i\u00e7in ge\u00e7erlidir, bir ba\u015fkas\u0131 ile payla\u015f\u0131lamaz.<\/strong><\/p>\n<span class=\"sales-counter\">\u2728 22 Ki\u015fi Yerini Ay\u0131rd\u0131!<\/span>\n","protected":false},"featured_media":188389,"comment_status":"open","ping_status":"closed","template":"","meta":[],"product_brand":[596],"product_cat":[494],"product_tag":[],"class_list":{"0":"post-188386","1":"product","2":"type-product","3":"status-publish","4":"has-post-thumbnail","6":"product_brand-astrolog-elvan","7":"product_cat-atolyeler","9":"first","10":"instock","11":"virtual","12":"taxable","13":"purchasable","14":"product-type-simple"},"yoast_head":"<!-- This site is optimized with the Yoast SEO plugin v27.5 - https:\/\/yoast.com\/product\/yoast-seo-wordpress\/ -->\n<title>MAL M\u00dcLK ED\u0130NME AT\u00d6LYES\u0130 |\u00a0ASTROLOG ELVAN LAP\u0130S - Astrolog Elvan<\/title>\n<meta name=\"robots\" content=\"index, follow, max-snippet:-1, max-image-preview:large, max-video-preview:-1\" \/>\n<link rel=\"canonical\" href=\"https:\/\/astrologelvan.com\/magaza\/urun\/mal-mulk-edinme-atolyesi-astrolog-elvan-lapis\/\" \/>\n<meta property=\"og:locale\" content=\"tr_TR\" \/>\n<meta property=\"og:type\" content=\"article\" \/>\n<meta property=\"og:title\" content=\"MAL M\u00dcLK ED\u0130NME AT\u00d6LYES\u0130 |\u00a0ASTROLOG ELVAN LAP\u0130S - Astrolog Elvan\" \/>\n<meta property=\"og:description\" content=\"Ev, arsa sahibi olmak\u2026 Kendi topra\u011f\u0131n\u0131 almak\u2026 Yat\u0131r\u0131m yapmak\u2026 Kazand\u0131\u011f\u0131n\u0131 b\u00fcy\u00fctmek\u2026  Baz\u0131 insanlar f\u0131rsatlar\u0131 s\u00fcrekli \u00e7ekerken, baz\u0131lar\u0131 ne kadar \u00e7al\u0131\u015fsa da hep son anda bir engelle kar\u015f\u0131la\u015f\u0131r. \u00c7\u00fcnk\u00fc mal m\u00fclk enerjisi sadece maddiyat de\u011fil; bilin\u00e7alt\u0131ndaki g\u00fcven, hak etme ve sahip olabilme frekans\u0131yla ilgilidir.  17 May\u0131s\u2019taki bu \u00f6zel at\u00f6lyede; Karma Astrolog &amp; ThetaHealer E\u011fitmeni Elvan Lapis ve ThetaHealer &amp; Kuantum Dan\u0131\u015fman\u0131 Musa \u015ean kat\u0131l\u0131mc\u0131lar\u0131n ev, arsa, yat\u0131r\u0131m, maddiyat, g\u00fcvenlik ve bolluk alan\u0131ndaki blokajlar\u0131n\u0131 fark edip d\u00f6n\u00fc\u015ft\u00fcrmesi i\u00e7in nefis \u00e7al\u0131\u015fmalar ger\u00e7ekle\u015ftirecek.  Ve bu at\u00f6lyede ilk kez\u2026 \u26a1\u00a0Kuantum Yarat\u0131m Kaz\u0131s\u0131 \u00e7al\u0131\u015fmas\u0131 yap\u0131lacakt\u0131r.  Bu \u00f6zel \u00e7al\u0131\u015fmada; ki\u015finin bilin\u00e7alt\u0131ndaki derin maddi korkular, kaybetme kay\u0131tlar\u0131, yoksunluk haf\u0131zas\u0131 ve \u201csahip olamam\u201d kodlar\u0131 \u00fczerine inilecek; ki\u015finin bolluk, m\u00fclk ve g\u00fcven enerjisiyle hizalanmas\u0131 hedeflenecektir.  \u2728 At\u00f6lyede \u00e7al\u0131\u015faca\u011f\u0131m\u0131z ba\u015fl\u0131klar: \u2022 Ev sahibi olma frekans\u0131n\u0131 aktive etmek \u2022 Mal m\u00fclk edinmenin \u00f6n\u00fcndeki g\u00f6r\u00fcnmeyen blokajlar\u0131 fark etmek \u2022 Kaybetme ve bor\u00e7 korkular\u0131n\u0131 d\u00f6n\u00fc\u015ft\u00fcrmek \u2022 Bollu\u011fu tutabilme enerjisini g\u00fc\u00e7lendirmek \u2022 Yat\u0131r\u0131m ve para alan\u0131ndaki t\u0131kan\u0131kl\u0131klar\u0131 d\u00f6n\u00fc\u015ft\u00fcrmek \u2022 Maddi g\u00fcven ve k\u00f6klenme hissini artt\u0131rmak \u2022 Kuantum yarat\u0131m alan\u0131nda yeni bir ger\u00e7eklik frekans\u0131 olu\u015fturmak  Bu \u00e7al\u0131\u015fma; ev almak isteyenler, yat\u0131r\u0131m yapmak isteyenler, maddi d\u00fczen kurmak isteyenler ve hayat\u0131nda daha g\u00fc\u00e7l\u00fc bir g\u00fcven alan\u0131 yaratmaya haz\u0131r olan herkes i\u00e7indir. \ud83d\udddd\ufe0f\ud83c\udfe1\u2728 Belki de hayat\u0131ndaki yeni kap\u0131lar\u2026 \u00d6nce enerjinde a\u00e7\u0131lacakt\u0131r.   &nbsp;  At\u00f6lye kat\u0131l\u0131m linkleri\u00a0belirtti\u011finiz telefon numaras\u0131na Mesaj olarak ve belirtti\u011finiz e-mail adresine e-mail olarak g\u00f6nderilecektir. Sipari\u015flerinizi olu\u015ftururken aktif kulland\u0131\u011f\u0131n\u0131z telefon numaran\u0131z\u0131 ve e-mail adresinizi girmelisiniz. E-mail adresinizi do\u011fru yazd\u0131\u011f\u0131n\u0131za ve e-mail kutunuzun dolu olmad\u0131\u011f\u0131na dikkat ediniz.  At\u00f6lye kay\u0131tlar\u0131 sat\u0131n alan ki\u015filere canl\u0131 yay\u0131n sonras\u0131ndaki g\u00fcnlerde yine ayn\u0131 kanallardan iletilecektir. Her at\u00f6lye kayd\u0131 yasal olarak yaln\u0131zca bir ki\u015fi i\u00e7in ge\u00e7erlidir, bir ba\u015fkas\u0131 ile payla\u015f\u0131lamaz.\" \/>\n<meta property=\"og:url\" content=\"https:\/\/astrologelvan.com\/magaza\/urun\/mal-mulk-edinme-atolyesi-astrolog-elvan-lapis\/\" \/>\n<meta property=\"og:site_name\" content=\"Astrolog Elvan\" \/>\n<meta property=\"article:modified_time\" content=\"2026-05-11T16:13:17+00:00\" \/>\n<meta property=\"og:image\" content=\"https:\/\/astrologelvan.com\/magaza\/wp-content\/uploads\/2026\/05\/Urun_Gorsel-1.webp\" \/>\n\t<meta property=\"og:image:width\" content=\"1000\" \/>\n\t<meta property=\"og:image:height\" content=\"1300\" \/>\n\t<meta property=\"og:image:type\" content=\"image\/webp\" \/>\n<meta name=\"twitter:card\" content=\"summary_large_image\" \/>\n<meta name=\"twitter:label1\" content=\"Tahmini okuma s\u00fcresi\" \/>\n\t<meta name=\"twitter:data1\" content=\"1 dakika\" \/>\n<script type=\"application\/ld+json\" class=\"yoast-schema-graph\">{\"@context\":\"https:\\\/\\\/schema.org\",\"@graph\":[{\"@type\":[\"WebPage\",\"ItemPage\"],\"@id\":\"https:\\\/\\\/astrologelvan.com\\\/magaza\\\/urun\\\/mal-mulk-edinme-atolyesi-astrolog-elvan-lapis\\\/\",\"url\":\"https:\\\/\\\/astrologelvan.com\\\/magaza\\\/urun\\\/mal-mulk-edinme-atolyesi-astrolog-elvan-lapis\\\/\",\"name\":\"MAL M\u00dcLK ED\u0130NME AT\u00d6LYES\u0130 |\u00a0ASTROLOG ELVAN LAP\u0130S - Astrolog Elvan\",\"isPartOf\":{\"@id\":\"https:\\\/\\\/astrologelvan.com\\\/magaza\\\/#website\"},\"primaryImageOfPage\":{\"@id\":\"https:\\\/\\\/astrologelvan.com\\\/magaza\\\/urun\\\/mal-mulk-edinme-atolyesi-astrolog-elvan-lapis\\\/#primaryimage\"},\"image\":{\"@id\":\"https:\\\/\\\/astrologelvan.com\\\/magaza\\\/urun\\\/mal-mulk-edinme-atolyesi-astrolog-elvan-lapis\\\/#primaryimage\"},\"thumbnailUrl\":\"https:\\\/\\\/astrologelvan.com\\\/magaza\\\/wp-content\\\/uploads\\\/2026\\\/05\\\/Urun_Gorsel-1.webp\",\"datePublished\":\"2026-05-11T15:24:51+00:00\",\"dateModified\":\"2026-05-11T16:13:17+00:00\",\"breadcrumb\":{\"@id\":\"https:\\\/\\\/astrologelvan.com\\\/magaza\\\/urun\\\/mal-mulk-edinme-atolyesi-astrolog-elvan-lapis\\\/#breadcrumb\"},\"inLanguage\":\"tr\",\"potentialAction\":[{\"@type\":\"ReadAction\",\"target\":[\"https:\\\/\\\/astrologelvan.com\\\/magaza\\\/urun\\\/mal-mulk-edinme-atolyesi-astrolog-elvan-lapis\\\/\"]}]},{\"@type\":\"ImageObject\",\"inLanguage\":\"tr\",\"@id\":\"https:\\\/\\\/astrologelvan.com\\\/magaza\\\/urun\\\/mal-mulk-edinme-atolyesi-astrolog-elvan-lapis\\\/#primaryimage\",\"url\":\"https:\\\/\\\/astrologelvan.com\\\/magaza\\\/wp-content\\\/uploads\\\/2026\\\/05\\\/Urun_Gorsel-1.webp\",\"contentUrl\":\"https:\\\/\\\/astrologelvan.com\\\/magaza\\\/wp-content\\\/uploads\\\/2026\\\/05\\\/Urun_Gorsel-1.webp\",\"width\":1000,\"height\":1300},{\"@type\":\"BreadcrumbList\",\"@id\":\"https:\\\/\\\/astrologelvan.com\\\/magaza\\\/urun\\\/mal-mulk-edinme-atolyesi-astrolog-elvan-lapis\\\/#breadcrumb\",\"itemListElement\":[{\"@type\":\"ListItem\",\"position\":1,\"name\":\"Anasayfa\",\"item\":\"https:\\\/\\\/astrologelvan.com\\\/magaza\\\/\"},{\"@type\":\"ListItem\",\"position\":2,\"name\":\"Ma\u011faza\",\"item\":\"https:\\\/\\\/astrologelvan.com\\\/magaza\\\/magaza\\\/\"},{\"@type\":\"ListItem\",\"position\":3,\"name\":\"MAL M\u00dcLK ED\u0130NME AT\u00d6LYES\u0130 |\u00a0ASTROLOG ELVAN LAP\u0130S\"}]},{\"@type\":\"WebSite\",\"@id\":\"https:\\\/\\\/astrologelvan.com\\\/magaza\\\/#website\",\"url\":\"https:\\\/\\\/astrologelvan.com\\\/magaza\\\/\",\"name\":\"Astrolog Elvan\",\"description\":\"\",\"potentialAction\":[{\"@type\":\"SearchAction\",\"target\":{\"@type\":\"EntryPoint\",\"urlTemplate\":\"https:\\\/\\\/astrologelvan.com\\\/magaza\\\/?s={search_term_string}\"},\"query-input\":{\"@type\":\"PropertyValueSpecification\",\"valueRequired\":true,\"valueName\":\"search_term_string\"}}],\"inLanguage\":\"tr\"}]}<\/script>\n<!-- \/ Yoast SEO plugin. -->","yoast_head_json":{"title":"MAL M\u00dcLK ED\u0130NME AT\u00d6LYES\u0130 |\u00a0ASTROLOG ELVAN LAP\u0130S - Astrolog Elvan","robots":{"index":"index","follow":"follow","max-snippet":"max-snippet:-1","max-image-preview":"max-image-preview:large","max-video-preview":"max-video-preview:-1"},"canonical":"https:\/\/astrologelvan.com\/magaza\/urun\/mal-mulk-edinme-atolyesi-astrolog-elvan-lapis\/","og_locale":"tr_TR","og_type":"article","og_title":"MAL M\u00dcLK ED\u0130NME AT\u00d6LYES\u0130 |\u00a0ASTROLOG ELVAN LAP\u0130S - Astrolog Elvan","og_description":"Ev, arsa sahibi olmak\u2026 Kendi topra\u011f\u0131n\u0131 almak\u2026 Yat\u0131r\u0131m yapmak\u2026 Kazand\u0131\u011f\u0131n\u0131 b\u00fcy\u00fctmek\u2026  Baz\u0131 insanlar f\u0131rsatlar\u0131 s\u00fcrekli \u00e7ekerken, baz\u0131lar\u0131 ne kadar \u00e7al\u0131\u015fsa da hep son anda bir engelle kar\u015f\u0131la\u015f\u0131r. \u00c7\u00fcnk\u00fc mal m\u00fclk enerjisi sadece maddiyat de\u011fil; bilin\u00e7alt\u0131ndaki g\u00fcven, hak etme ve sahip olabilme frekans\u0131yla ilgilidir.  17 May\u0131s\u2019taki bu \u00f6zel at\u00f6lyede; Karma Astrolog &amp; ThetaHealer E\u011fitmeni Elvan Lapis ve ThetaHealer &amp; Kuantum Dan\u0131\u015fman\u0131 Musa \u015ean kat\u0131l\u0131mc\u0131lar\u0131n ev, arsa, yat\u0131r\u0131m, maddiyat, g\u00fcvenlik ve bolluk alan\u0131ndaki blokajlar\u0131n\u0131 fark edip d\u00f6n\u00fc\u015ft\u00fcrmesi i\u00e7in nefis \u00e7al\u0131\u015fmalar ger\u00e7ekle\u015ftirecek.  Ve bu at\u00f6lyede ilk kez\u2026 \u26a1\u00a0Kuantum Yarat\u0131m Kaz\u0131s\u0131 \u00e7al\u0131\u015fmas\u0131 yap\u0131lacakt\u0131r.  Bu \u00f6zel \u00e7al\u0131\u015fmada; ki\u015finin bilin\u00e7alt\u0131ndaki derin maddi korkular, kaybetme kay\u0131tlar\u0131, yoksunluk haf\u0131zas\u0131 ve \u201csahip olamam\u201d kodlar\u0131 \u00fczerine inilecek; ki\u015finin bolluk, m\u00fclk ve g\u00fcven enerjisiyle hizalanmas\u0131 hedeflenecektir.  \u2728 At\u00f6lyede \u00e7al\u0131\u015faca\u011f\u0131m\u0131z ba\u015fl\u0131klar: \u2022 Ev sahibi olma frekans\u0131n\u0131 aktive etmek \u2022 Mal m\u00fclk edinmenin \u00f6n\u00fcndeki g\u00f6r\u00fcnmeyen blokajlar\u0131 fark etmek \u2022 Kaybetme ve bor\u00e7 korkular\u0131n\u0131 d\u00f6n\u00fc\u015ft\u00fcrmek \u2022 Bollu\u011fu tutabilme enerjisini g\u00fc\u00e7lendirmek \u2022 Yat\u0131r\u0131m ve para alan\u0131ndaki t\u0131kan\u0131kl\u0131klar\u0131 d\u00f6n\u00fc\u015ft\u00fcrmek \u2022 Maddi g\u00fcven ve k\u00f6klenme hissini artt\u0131rmak \u2022 Kuantum yarat\u0131m alan\u0131nda yeni bir ger\u00e7eklik frekans\u0131 olu\u015fturmak  Bu \u00e7al\u0131\u015fma; ev almak isteyenler, yat\u0131r\u0131m yapmak isteyenler, maddi d\u00fczen kurmak isteyenler ve hayat\u0131nda daha g\u00fc\u00e7l\u00fc bir g\u00fcven alan\u0131 yaratmaya haz\u0131r olan herkes i\u00e7indir. \ud83d\udddd\ufe0f\ud83c\udfe1\u2728 Belki de hayat\u0131ndaki yeni kap\u0131lar\u2026 \u00d6nce enerjinde a\u00e7\u0131lacakt\u0131r.   &nbsp;  At\u00f6lye kat\u0131l\u0131m linkleri\u00a0belirtti\u011finiz telefon numaras\u0131na Mesaj olarak ve belirtti\u011finiz e-mail adresine e-mail olarak g\u00f6nderilecektir. Sipari\u015flerinizi olu\u015ftururken aktif kulland\u0131\u011f\u0131n\u0131z telefon numaran\u0131z\u0131 ve e-mail adresinizi girmelisiniz. E-mail adresinizi do\u011fru yazd\u0131\u011f\u0131n\u0131za ve e-mail kutunuzun dolu olmad\u0131\u011f\u0131na dikkat ediniz.  At\u00f6lye kay\u0131tlar\u0131 sat\u0131n alan ki\u015filere canl\u0131 yay\u0131n sonras\u0131ndaki g\u00fcnlerde yine ayn\u0131 kanallardan iletilecektir. Her at\u00f6lye kayd\u0131 yasal olarak yaln\u0131zca bir ki\u015fi i\u00e7in ge\u00e7erlidir, bir ba\u015fkas\u0131 ile payla\u015f\u0131lamaz.","og_url":"https:\/\/astrologelvan.com\/magaza\/urun\/mal-mulk-edinme-atolyesi-astrolog-elvan-lapis\/","og_site_name":"Astrolog Elvan","article_modified_time":"2026-05-11T16:13:17+00:00","og_image":[{"width":1000,"height":1300,"url":"https:\/\/astrologelvan.com\/magaza\/wp-content\/uploads\/2026\/05\/Urun_Gorsel-1.webp","type":"image\/webp"}],"twitter_card":"summary_large_image","twitter_misc":{"Tahmini okuma s\u00fcresi":"1 dakika"},"schema":{"@context":"https:\/\/schema.org","@graph":[{"@type":["WebPage","ItemPage"],"@id":"https:\/\/astrologelvan.com\/magaza\/urun\/mal-mulk-edinme-atolyesi-astrolog-elvan-lapis\/","url":"https:\/\/astrologelvan.com\/magaza\/urun\/mal-mulk-edinme-atolyesi-astrolog-elvan-lapis\/","name":"MAL M\u00dcLK ED\u0130NME AT\u00d6LYES\u0130 |\u00a0ASTROLOG ELVAN LAP\u0130S - Astrolog Elvan","isPartOf":{"@id":"https:\/\/astrologelvan.com\/magaza\/#website"},"primaryImageOfPage":{"@id":"https:\/\/astrologelvan.com\/magaza\/urun\/mal-mulk-edinme-atolyesi-astrolog-elvan-lapis\/#primaryimage"},"image":{"@id":"https:\/\/astrologelvan.com\/magaza\/urun\/mal-mulk-edinme-atolyesi-astrolog-elvan-lapis\/#primaryimage"},"thumbnailUrl":"https:\/\/astrologelvan.com\/magaza\/wp-content\/uploads\/2026\/05\/Urun_Gorsel-1.webp","datePublished":"2026-05-11T15:24:51+00:00","dateModified":"2026-05-11T16:13:17+00:00","breadcrumb":{"@id":"https:\/\/astrologelvan.com\/magaza\/urun\/mal-mulk-edinme-atolyesi-astrolog-elvan-lapis\/#breadcrumb"},"inLanguage":"tr","potentialAction":[{"@type":"ReadAction","target":["https:\/\/astrologelvan.com\/magaza\/urun\/mal-mulk-edinme-atolyesi-astrolog-elvan-lapis\/"]}]},{"@type":"ImageObject","inLanguage":"tr","@id":"https:\/\/astrologelvan.com\/magaza\/urun\/mal-mulk-edinme-atolyesi-astrolog-elvan-lapis\/#primaryimage","url":"https:\/\/astrologelvan.com\/magaza\/wp-content\/uploads\/2026\/05\/Urun_Gorsel-1.webp","contentUrl":"https:\/\/astrologelvan.com\/magaza\/wp-content\/uploads\/2026\/05\/Urun_Gorsel-1.webp","width":1000,"height":1300},{"@type":"BreadcrumbList","@id":"https:\/\/astrologelvan.com\/magaza\/urun\/mal-mulk-edinme-atolyesi-astrolog-elvan-lapis\/#breadcrumb","itemListElement":[{"@type":"ListItem","position":1,"name":"Anasayfa","item":"https:\/\/astrologelvan.com\/magaza\/"},{"@type":"ListItem","position":2,"name":"Ma\u011faza","item":"https:\/\/astrologelvan.com\/magaza\/magaza\/"},{"@type":"ListItem","position":3,"name":"MAL M\u00dcLK ED\u0130NME AT\u00d6LYES\u0130 |\u00a0ASTROLOG ELVAN LAP\u0130S"}]},{"@type":"WebSite","@id":"https:\/\/astrologelvan.com\/magaza\/#website","url":"https:\/\/astrologelvan.com\/magaza\/","name":"Astrolog Elvan","description":"","potentialAction":[{"@type":"SearchAction","target":{"@type":"EntryPoint","urlTemplate":"https:\/\/astrologelvan.com\/magaza\/?s={search_term_string}"},"query-input":{"@type":"PropertyValueSpecification","valueRequired":true,"valueName":"search_term_string"}}],"inLanguage":"tr"}]}},"_links":{"self":[{"href":"https:\/\/astrologelvan.com\/magaza\/wp-json\/wp\/v2\/product\/188386","targetHints":{"allow":["GET"]}}],"collection":[{"href":"https:\/\/astrologelvan.com\/magaza\/wp-json\/wp\/v2\/product"}],"about":[{"href":"https:\/\/astrologelvan.com\/magaza\/wp-json\/wp\/v2\/types\/product"}],"replies":[{"embeddable":true,"href":"https:\/\/astrologelvan.com\/magaza\/wp-json\/wp\/v2\/comments?post=188386"}],"wp:featuredmedia":[{"embeddable":true,"href":"https:\/\/astrologelvan.com\/magaza\/wp-json\/wp\/v2\/media\/188389"}],"wp:attachment":[{"href":"https:\/\/astrologelvan.com\/magaza\/wp-json\/wp\/v2\/media?parent=188386"}],"wp:term":[{"taxonomy":"product_brand","embeddable":true,"href":"https:\/\/astrologelvan.com\/magaza\/wp-json\/wp\/v2\/product_brand?post=188386"},{"taxonomy":"product_cat","embeddable":true,"href":"https:\/\/astrologelvan.com\/magaza\/wp-json\/wp\/v2\/product_cat?post=188386"},{"taxonomy":"product_tag","embeddable":true,"href":"https:\/\/astrologelvan.com\/magaza\/wp-json\/wp\/v2\/product_tag?post=188386"}],"curies":[{"name":"wp","href":"https:\/\/api.w.org\/{rel}","templated":true}]}}