{"id":188237,"date":"2026-05-08T15:55:11","date_gmt":"2026-05-08T12:55:11","guid":{"rendered":"https:\/\/astrologelvan.com\/magaza\/?post_type=product&#038;p=188237"},"modified":"2026-05-08T16:30:32","modified_gmt":"2026-05-08T13:30:32","slug":"flora-charm","status":"publish","type":"product","link":"https:\/\/astrologelvan.com\/magaza\/urun\/flora-charm\/","title":{"rendered":"Flora Charm"},"content":{"rendered":"","protected":false},"excerpt":{"rendered":"<p>Bu minik \u00e7i\u00e7ek charm\u2019lar; bir annenin \u015fefkatini, bir k\u0131z \u00e7ocu\u011funun kalbindeki g\u00fcveni ve nesilden nesile aktar\u0131lan sevgiyi temsil ediyor.<\/p>\n<p><strong>\ud83c\udf38 Minik bir \u00e7i\u00e7ek\u2026<\/strong><br \/>\n<strong>ama kocaman bir anlam.<\/strong><\/p>\n<p>Annenle kahve i\u00e7meye gitmek,<br \/>\nayn\u0131 ojeyi s\u00fcrmek,<br \/>\nbirbirinin tak\u0131s\u0131n\u0131 gizlice almak,<br \/>\n\u201ciyi ki vars\u0131n\u201d demeden anla\u015fmak gibi\u2026 \ud83d\udc96<\/p>\n<p>Reng\u00e2renk, ne\u015feli, biraz romantik, biraz \u00e7ocuk ruhlu\u2026<br \/>\nT\u0131pk\u0131 birlikte g\u00fclmekten k\u0131r\u0131ld\u0131\u011f\u0131n\u0131z o anlar gibi.<\/p>\n<p><strong>Bu Anneler G\u00fcn\u00fc\u2019nde<\/strong><br \/>\nsevginizi \u00e7i\u00e7ek gibi \u00fczerinde ta\u015f\u0131y\u0131n. \ud83c\udf38\u2728<\/p>\n<p><em>\u00dcr\u00fcn G\u00fcm\u00fc\u015f ve Mine el i\u015f\u00e7ili\u011fidir.<\/em><\/p>\n<p><span style=\"color: #9033af;\"><strong>\u0130stedi\u011finiz \u00e7i\u00e7e\u011fi ve adedini se\u00e7erek tek tek sepete ekleyin<\/strong><\/span><\/p>\n","protected":false},"featured_media":188254,"comment_status":"open","ping_status":"closed","template":"","meta":[],"product_brand":[596],"product_cat":[490],"product_tag":[],"class_list":{"0":"post-188237","1":"product","2":"type-product","3":"status-publish","4":"has-post-thumbnail","6":"product_brand-astrolog-elvan","7":"product_cat-charm","9":"first","10":"instock","11":"purchasable","12":"product-type-variable"},"yoast_head":"<!-- This site is optimized with the Yoast SEO plugin v27.5 - https:\/\/yoast.com\/product\/yoast-seo-wordpress\/ -->\n<title>Flora Charm - Astrolog Elvan<\/title>\n<meta name=\"robots\" content=\"index, follow, max-snippet:-1, max-image-preview:large, max-video-preview:-1\" \/>\n<link rel=\"canonical\" href=\"https:\/\/astrologelvan.com\/magaza\/urun\/flora-charm\/\" \/>\n<meta property=\"og:locale\" content=\"tr_TR\" \/>\n<meta property=\"og:type\" content=\"article\" \/>\n<meta property=\"og:title\" content=\"Flora Charm - Astrolog Elvan\" \/>\n<meta property=\"og:description\" content=\"Bu minik \u00e7i\u00e7ek charm\u2019lar; bir annenin \u015fefkatini, bir k\u0131z \u00e7ocu\u011funun kalbindeki g\u00fcveni ve nesilden nesile aktar\u0131lan sevgiyi temsil ediyor.  \ud83c\udf38 Minik bir \u00e7i\u00e7ek\u2026 ama kocaman bir anlam.  Annenle kahve i\u00e7meye gitmek, ayn\u0131 ojeyi s\u00fcrmek, birbirinin tak\u0131s\u0131n\u0131 gizlice almak, \u201ciyi ki vars\u0131n\u201d demeden anla\u015fmak gibi\u2026 \ud83d\udc96  Reng\u00e2renk, ne\u015feli, biraz romantik, biraz \u00e7ocuk ruhlu\u2026 T\u0131pk\u0131 birlikte g\u00fclmekten k\u0131r\u0131ld\u0131\u011f\u0131n\u0131z o anlar gibi.  Bu Anneler G\u00fcn\u00fc\u2019nde sevginizi \u00e7i\u00e7ek gibi \u00fczerinde ta\u015f\u0131y\u0131n. \ud83c\udf38\u2728  \u00dcr\u00fcn G\u00fcm\u00fc\u015f ve Mine el i\u015f\u00e7ili\u011fidir.  \u0130stedi\u011finiz \u00e7i\u00e7e\u011fi ve adedini se\u00e7erek tek tek sepete ekleyin\" \/>\n<meta property=\"og:url\" content=\"https:\/\/astrologelvan.com\/magaza\/urun\/flora-charm\/\" \/>\n<meta property=\"og:site_name\" content=\"Astrolog Elvan\" \/>\n<meta property=\"article:modified_time\" content=\"2026-05-08T13:30:32+00:00\" \/>\n<meta property=\"og:image\" content=\"https:\/\/astrologelvan.com\/magaza\/wp-content\/uploads\/2026\/05\/IMG_6761.webp\" \/>\n\t<meta property=\"og:image:width\" content=\"941\" \/>\n\t<meta property=\"og:image:height\" content=\"1672\" \/>\n\t<meta property=\"og:image:type\" content=\"image\/webp\" \/>\n<meta name=\"twitter:card\" content=\"summary_large_image\" \/>\n<meta name=\"twitter:label1\" content=\"Tahmini okuma s\u00fcresi\" \/>\n\t<meta name=\"twitter:data1\" content=\"1 dakika\" \/>\n<script type=\"application\/ld+json\" class=\"yoast-schema-graph\">{\"@context\":\"https:\\\/\\\/schema.org\",\"@graph\":[{\"@type\":[\"WebPage\",\"ItemPage\"],\"@id\":\"https:\\\/\\\/astrologelvan.com\\\/magaza\\\/urun\\\/flora-charm\\\/\",\"url\":\"https:\\\/\\\/astrologelvan.com\\\/magaza\\\/urun\\\/flora-charm\\\/\",\"name\":\"Flora Charm - Astrolog Elvan\",\"isPartOf\":{\"@id\":\"https:\\\/\\\/astrologelvan.com\\\/magaza\\\/#website\"},\"primaryImageOfPage\":{\"@id\":\"https:\\\/\\\/astrologelvan.com\\\/magaza\\\/urun\\\/flora-charm\\\/#primaryimage\"},\"image\":{\"@id\":\"https:\\\/\\\/astrologelvan.com\\\/magaza\\\/urun\\\/flora-charm\\\/#primaryimage\"},\"thumbnailUrl\":\"https:\\\/\\\/astrologelvan.com\\\/magaza\\\/wp-content\\\/uploads\\\/2026\\\/05\\\/IMG_6761.webp\",\"datePublished\":\"2026-05-08T12:55:11+00:00\",\"dateModified\":\"2026-05-08T13:30:32+00:00\",\"breadcrumb\":{\"@id\":\"https:\\\/\\\/astrologelvan.com\\\/magaza\\\/urun\\\/flora-charm\\\/#breadcrumb\"},\"inLanguage\":\"tr\",\"potentialAction\":[{\"@type\":\"ReadAction\",\"target\":[\"https:\\\/\\\/astrologelvan.com\\\/magaza\\\/urun\\\/flora-charm\\\/\"]}]},{\"@type\":\"ImageObject\",\"inLanguage\":\"tr\",\"@id\":\"https:\\\/\\\/astrologelvan.com\\\/magaza\\\/urun\\\/flora-charm\\\/#primaryimage\",\"url\":\"https:\\\/\\\/astrologelvan.com\\\/magaza\\\/wp-content\\\/uploads\\\/2026\\\/05\\\/IMG_6761.webp\",\"contentUrl\":\"https:\\\/\\\/astrologelvan.com\\\/magaza\\\/wp-content\\\/uploads\\\/2026\\\/05\\\/IMG_6761.webp\",\"width\":941,\"height\":1672},{\"@type\":\"BreadcrumbList\",\"@id\":\"https:\\\/\\\/astrologelvan.com\\\/magaza\\\/urun\\\/flora-charm\\\/#breadcrumb\",\"itemListElement\":[{\"@type\":\"ListItem\",\"position\":1,\"name\":\"Anasayfa\",\"item\":\"https:\\\/\\\/astrologelvan.com\\\/magaza\\\/\"},{\"@type\":\"ListItem\",\"position\":2,\"name\":\"Ma\u011faza\",\"item\":\"https:\\\/\\\/astrologelvan.com\\\/magaza\\\/magaza\\\/\"},{\"@type\":\"ListItem\",\"position\":3,\"name\":\"Flora Charm\"}]},{\"@type\":\"WebSite\",\"@id\":\"https:\\\/\\\/astrologelvan.com\\\/magaza\\\/#website\",\"url\":\"https:\\\/\\\/astrologelvan.com\\\/magaza\\\/\",\"name\":\"Astrolog Elvan\",\"description\":\"\",\"potentialAction\":[{\"@type\":\"SearchAction\",\"target\":{\"@type\":\"EntryPoint\",\"urlTemplate\":\"https:\\\/\\\/astrologelvan.com\\\/magaza\\\/?s={search_term_string}\"},\"query-input\":{\"@type\":\"PropertyValueSpecification\",\"valueRequired\":true,\"valueName\":\"search_term_string\"}}],\"inLanguage\":\"tr\"}]}<\/script>\n<!-- \/ Yoast SEO plugin. -->","yoast_head_json":{"title":"Flora Charm - Astrolog Elvan","robots":{"index":"index","follow":"follow","max-snippet":"max-snippet:-1","max-image-preview":"max-image-preview:large","max-video-preview":"max-video-preview:-1"},"canonical":"https:\/\/astrologelvan.com\/magaza\/urun\/flora-charm\/","og_locale":"tr_TR","og_type":"article","og_title":"Flora Charm - Astrolog Elvan","og_description":"Bu minik \u00e7i\u00e7ek charm\u2019lar; bir annenin \u015fefkatini, bir k\u0131z \u00e7ocu\u011funun kalbindeki g\u00fcveni ve nesilden nesile aktar\u0131lan sevgiyi temsil ediyor.  \ud83c\udf38 Minik bir \u00e7i\u00e7ek\u2026 ama kocaman bir anlam.  Annenle kahve i\u00e7meye gitmek, ayn\u0131 ojeyi s\u00fcrmek, birbirinin tak\u0131s\u0131n\u0131 gizlice almak, \u201ciyi ki vars\u0131n\u201d demeden anla\u015fmak gibi\u2026 \ud83d\udc96  Reng\u00e2renk, ne\u015feli, biraz romantik, biraz \u00e7ocuk ruhlu\u2026 T\u0131pk\u0131 birlikte g\u00fclmekten k\u0131r\u0131ld\u0131\u011f\u0131n\u0131z o anlar gibi.  Bu Anneler G\u00fcn\u00fc\u2019nde sevginizi \u00e7i\u00e7ek gibi \u00fczerinde ta\u015f\u0131y\u0131n. \ud83c\udf38\u2728  \u00dcr\u00fcn G\u00fcm\u00fc\u015f ve Mine el i\u015f\u00e7ili\u011fidir.  \u0130stedi\u011finiz \u00e7i\u00e7e\u011fi ve adedini se\u00e7erek tek tek sepete ekleyin","og_url":"https:\/\/astrologelvan.com\/magaza\/urun\/flora-charm\/","og_site_name":"Astrolog Elvan","article_modified_time":"2026-05-08T13:30:32+00:00","og_image":[{"width":941,"height":1672,"url":"https:\/\/astrologelvan.com\/magaza\/wp-content\/uploads\/2026\/05\/IMG_6761.webp","type":"image\/webp"}],"twitter_card":"summary_large_image","twitter_misc":{"Tahmini okuma s\u00fcresi":"1 dakika"},"schema":{"@context":"https:\/\/schema.org","@graph":[{"@type":["WebPage","ItemPage"],"@id":"https:\/\/astrologelvan.com\/magaza\/urun\/flora-charm\/","url":"https:\/\/astrologelvan.com\/magaza\/urun\/flora-charm\/","name":"Flora Charm - Astrolog Elvan","isPartOf":{"@id":"https:\/\/astrologelvan.com\/magaza\/#website"},"primaryImageOfPage":{"@id":"https:\/\/astrologelvan.com\/magaza\/urun\/flora-charm\/#primaryimage"},"image":{"@id":"https:\/\/astrologelvan.com\/magaza\/urun\/flora-charm\/#primaryimage"},"thumbnailUrl":"https:\/\/astrologelvan.com\/magaza\/wp-content\/uploads\/2026\/05\/IMG_6761.webp","datePublished":"2026-05-08T12:55:11+00:00","dateModified":"2026-05-08T13:30:32+00:00","breadcrumb":{"@id":"https:\/\/astrologelvan.com\/magaza\/urun\/flora-charm\/#breadcrumb"},"inLanguage":"tr","potentialAction":[{"@type":"ReadAction","target":["https:\/\/astrologelvan.com\/magaza\/urun\/flora-charm\/"]}]},{"@type":"ImageObject","inLanguage":"tr","@id":"https:\/\/astrologelvan.com\/magaza\/urun\/flora-charm\/#primaryimage","url":"https:\/\/astrologelvan.com\/magaza\/wp-content\/uploads\/2026\/05\/IMG_6761.webp","contentUrl":"https:\/\/astrologelvan.com\/magaza\/wp-content\/uploads\/2026\/05\/IMG_6761.webp","width":941,"height":1672},{"@type":"BreadcrumbList","@id":"https:\/\/astrologelvan.com\/magaza\/urun\/flora-charm\/#breadcrumb","itemListElement":[{"@type":"ListItem","position":1,"name":"Anasayfa","item":"https:\/\/astrologelvan.com\/magaza\/"},{"@type":"ListItem","position":2,"name":"Ma\u011faza","item":"https:\/\/astrologelvan.com\/magaza\/magaza\/"},{"@type":"ListItem","position":3,"name":"Flora Charm"}]},{"@type":"WebSite","@id":"https:\/\/astrologelvan.com\/magaza\/#website","url":"https:\/\/astrologelvan.com\/magaza\/","name":"Astrolog Elvan","description":"","potentialAction":[{"@type":"SearchAction","target":{"@type":"EntryPoint","urlTemplate":"https:\/\/astrologelvan.com\/magaza\/?s={search_term_string}"},"query-input":{"@type":"PropertyValueSpecification","valueRequired":true,"valueName":"search_term_string"}}],"inLanguage":"tr"}]}},"_links":{"self":[{"href":"https:\/\/astrologelvan.com\/magaza\/wp-json\/wp\/v2\/product\/188237","targetHints":{"allow":["GET"]}}],"collection":[{"href":"https:\/\/astrologelvan.com\/magaza\/wp-json\/wp\/v2\/product"}],"about":[{"href":"https:\/\/astrologelvan.com\/magaza\/wp-json\/wp\/v2\/types\/product"}],"replies":[{"embeddable":true,"href":"https:\/\/astrologelvan.com\/magaza\/wp-json\/wp\/v2\/comments?post=188237"}],"wp:featuredmedia":[{"embeddable":true,"href":"https:\/\/astrologelvan.com\/magaza\/wp-json\/wp\/v2\/media\/188254"}],"wp:attachment":[{"href":"https:\/\/astrologelvan.com\/magaza\/wp-json\/wp\/v2\/media?parent=188237"}],"wp:term":[{"taxonomy":"product_brand","embeddable":true,"href":"https:\/\/astrologelvan.com\/magaza\/wp-json\/wp\/v2\/product_brand?post=188237"},{"taxonomy":"product_cat","embeddable":true,"href":"https:\/\/astrologelvan.com\/magaza\/wp-json\/wp\/v2\/product_cat?post=188237"},{"taxonomy":"product_tag","embeddable":true,"href":"https:\/\/astrologelvan.com\/magaza\/wp-json\/wp\/v2\/product_tag?post=188237"}],"curies":[{"name":"wp","href":"https:\/\/api.w.org\/{rel}","templated":true}]}}