{"id":18821,"date":"2024-11-02T16:06:38","date_gmt":"2024-11-02T13:06:38","guid":{"rendered":"https:\/\/astrologelvan.com\/magaza\/?post_type=product&#038;p=18821"},"modified":"2025-11-03T14:51:51","modified_gmt":"2025-11-03T11:51:51","slug":"cakra-dengeleyici-kolye","status":"publish","type":"product","link":"https:\/\/astrologelvan.com\/magaza\/urun\/cakra-dengeleyici-kolye\/","title":{"rendered":"\u00c7AKRA DENGELEY\u0130C\u0130 KOLYE"},"content":{"rendered":"<p>Kolye A\u011f\u0131rl\u0131\u011f\u0131: 25,2 Gram<\/p>\n<p>Ta\u015f \u00d6l\u00e7\u00fcs\u00fc: 6 MM<\/p>\n<p>Kolye Uzunlu\u011fu: 42 CM<\/p>\n<p>925 Ayar G\u00fcm\u00fc\u015f \u00dczeri Alt\u0131n Kaplama<\/p>\n","protected":false},"excerpt":{"rendered":"<div>\u00c7akra Dengeleyici Kolye<\/div>\n<div><\/div>\n<div>Hepimizde 7 \u00e7akra var ve her \u00e7akra dengelendi\u011finde, hayat\u0131n\u0131zdaki t\u00fcm ak\u0131\u015f\u0131n de\u011fi\u015fti\u011fini, ya\u015fam\u0131n\u0131z\u0131n d\u00fczene girdi\u011fini g\u00f6r\u00fcrs\u00fcn\u00fcz. Bu \u00e7akra kolyede 7 ta\u015f bulunur;<\/div>\n<div>K\u00f6k \u00e7akra i\u00e7in: Jasper<\/div>\n<div>Sakral \u00e7akra i\u00e7in: Sar\u0131 Akik<\/div>\n<div>Solar Pleksus i\u00e7in: Kaplang\u00f6z\u00fc<\/div>\n<div>Kalp \u00e7akras\u0131 i\u00e7in: Aventurin<\/div>\n<div>Bo\u011faz \u00e7akras\u0131 i\u00e7in: Sodalit<\/div>\n<div>Ajna \u00e7akra i\u00e7in: Lapis Lazuli<\/div>\n<div>Tepe \u00e7akra i\u00e7in: Ametist ta\u015f\u0131 kullan\u0131larak sevgiyle \u00fcretilmi\u015ftir.<\/div>\n<div><\/div>\n<div>S\u0131n\u0131rl\u0131 say\u0131da bu \u00f6zel tasar\u0131m \u00e7akra kolyeyi ka\u00e7\u0131rma. \u00c7akra dengeni sa\u011fla!<\/div>\n","protected":false},"featured_media":18823,"comment_status":"open","ping_status":"closed","template":"","meta":[],"product_brand":[],"product_cat":[172],"product_tag":[],"class_list":{"0":"post-18821","1":"product","2":"type-product","3":"status-publish","4":"has-post-thumbnail","6":"product_cat-jasper-tasi","8":"first","9":"outofstock","10":"taxable","11":"shipping-taxable","12":"purchasable","13":"product-type-simple"},"yoast_head":"<!-- This site is optimized with the Yoast SEO plugin v27.3 - https:\/\/yoast.com\/product\/yoast-seo-wordpress\/ -->\n<title>\u00c7AKRA DENGELEY\u0130C\u0130 KOLYE - Astrolog Elvan<\/title>\n<meta name=\"robots\" content=\"index, follow, max-snippet:-1, max-image-preview:large, max-video-preview:-1\" \/>\n<link rel=\"canonical\" href=\"https:\/\/astrologelvan.com\/magaza\/urun\/cakra-dengeleyici-kolye\/\" \/>\n<meta property=\"og:locale\" content=\"tr_TR\" \/>\n<meta property=\"og:type\" content=\"article\" \/>\n<meta property=\"og:title\" content=\"\u00c7AKRA DENGELEY\u0130C\u0130 KOLYE - Astrolog Elvan\" \/>\n<meta property=\"og:description\" content=\"\u00c7akra Dengeleyici Kolye  Hepimizde 7 \u00e7akra var ve her \u00e7akra dengelendi\u011finde, hayat\u0131n\u0131zdaki t\u00fcm ak\u0131\u015f\u0131n de\u011fi\u015fti\u011fini, ya\u015fam\u0131n\u0131z\u0131n d\u00fczene girdi\u011fini g\u00f6r\u00fcrs\u00fcn\u00fcz. Bu \u00e7akra kolyede 7 ta\u015f bulunur; K\u00f6k \u00e7akra i\u00e7in: Jasper Sakral \u00e7akra i\u00e7in: Sar\u0131 Akik Solar Pleksus i\u00e7in: Kaplang\u00f6z\u00fc Kalp \u00e7akras\u0131 i\u00e7in: Aventurin Bo\u011faz \u00e7akras\u0131 i\u00e7in: Sodalit Ajna \u00e7akra i\u00e7in: Lapis Lazuli Tepe \u00e7akra i\u00e7in: Ametist ta\u015f\u0131 kullan\u0131larak sevgiyle \u00fcretilmi\u015ftir.  S\u0131n\u0131rl\u0131 say\u0131da bu \u00f6zel tasar\u0131m \u00e7akra kolyeyi ka\u00e7\u0131rma. \u00c7akra dengeni sa\u011fla!\" \/>\n<meta property=\"og:url\" content=\"https:\/\/astrologelvan.com\/magaza\/urun\/cakra-dengeleyici-kolye\/\" \/>\n<meta property=\"og:site_name\" content=\"Astrolog Elvan\" \/>\n<meta property=\"article:modified_time\" content=\"2025-11-03T11:51:51+00:00\" \/>\n<meta property=\"og:image\" content=\"https:\/\/astrologelvan.com\/magaza\/wp-content\/uploads\/2024\/11\/JAGS9591-scaled.jpg\" \/>\n\t<meta property=\"og:image:width\" content=\"1920\" \/>\n\t<meta property=\"og:image:height\" content=\"2560\" \/>\n\t<meta property=\"og:image:type\" content=\"image\/jpeg\" \/>\n<meta name=\"twitter:card\" content=\"summary_large_image\" \/>\n<meta name=\"twitter:label1\" content=\"Tahmini okuma s\u00fcresi\" \/>\n\t<meta name=\"twitter:data1\" content=\"1 dakika\" \/>\n<script type=\"application\/ld+json\" class=\"yoast-schema-graph\">{\"@context\":\"https:\\\/\\\/schema.org\",\"@graph\":[{\"@type\":[\"WebPage\",\"ItemPage\"],\"@id\":\"https:\\\/\\\/astrologelvan.com\\\/magaza\\\/urun\\\/cakra-dengeleyici-kolye\\\/\",\"url\":\"https:\\\/\\\/astrologelvan.com\\\/magaza\\\/urun\\\/cakra-dengeleyici-kolye\\\/\",\"name\":\"\u00c7AKRA DENGELEY\u0130C\u0130 KOLYE - Astrolog Elvan\",\"isPartOf\":{\"@id\":\"https:\\\/\\\/astrologelvan.com\\\/magaza\\\/#website\"},\"primaryImageOfPage\":{\"@id\":\"https:\\\/\\\/astrologelvan.com\\\/magaza\\\/urun\\\/cakra-dengeleyici-kolye\\\/#primaryimage\"},\"image\":{\"@id\":\"https:\\\/\\\/astrologelvan.com\\\/magaza\\\/urun\\\/cakra-dengeleyici-kolye\\\/#primaryimage\"},\"thumbnailUrl\":\"https:\\\/\\\/astrologelvan.com\\\/magaza\\\/wp-content\\\/uploads\\\/2024\\\/11\\\/JAGS9591-scaled.jpg\",\"datePublished\":\"2024-11-02T13:06:38+00:00\",\"dateModified\":\"2025-11-03T11:51:51+00:00\",\"breadcrumb\":{\"@id\":\"https:\\\/\\\/astrologelvan.com\\\/magaza\\\/urun\\\/cakra-dengeleyici-kolye\\\/#breadcrumb\"},\"inLanguage\":\"tr\",\"potentialAction\":[{\"@type\":\"ReadAction\",\"target\":[\"https:\\\/\\\/astrologelvan.com\\\/magaza\\\/urun\\\/cakra-dengeleyici-kolye\\\/\"]}]},{\"@type\":\"ImageObject\",\"inLanguage\":\"tr\",\"@id\":\"https:\\\/\\\/astrologelvan.com\\\/magaza\\\/urun\\\/cakra-dengeleyici-kolye\\\/#primaryimage\",\"url\":\"https:\\\/\\\/astrologelvan.com\\\/magaza\\\/wp-content\\\/uploads\\\/2024\\\/11\\\/JAGS9591-scaled.jpg\",\"contentUrl\":\"https:\\\/\\\/astrologelvan.com\\\/magaza\\\/wp-content\\\/uploads\\\/2024\\\/11\\\/JAGS9591-scaled.jpg\",\"width\":1920,\"height\":2560},{\"@type\":\"BreadcrumbList\",\"@id\":\"https:\\\/\\\/astrologelvan.com\\\/magaza\\\/urun\\\/cakra-dengeleyici-kolye\\\/#breadcrumb\",\"itemListElement\":[{\"@type\":\"ListItem\",\"position\":1,\"name\":\"Anasayfa\",\"item\":\"https:\\\/\\\/astrologelvan.com\\\/magaza\\\/\"},{\"@type\":\"ListItem\",\"position\":2,\"name\":\"Ma\u011faza\",\"item\":\"https:\\\/\\\/astrologelvan.com\\\/magaza\\\/magaza\\\/\"},{\"@type\":\"ListItem\",\"position\":3,\"name\":\"\u00c7AKRA DENGELEY\u0130C\u0130 KOLYE\"}]},{\"@type\":\"WebSite\",\"@id\":\"https:\\\/\\\/astrologelvan.com\\\/magaza\\\/#website\",\"url\":\"https:\\\/\\\/astrologelvan.com\\\/magaza\\\/\",\"name\":\"Astrolog Elvan\",\"description\":\"\",\"potentialAction\":[{\"@type\":\"SearchAction\",\"target\":{\"@type\":\"EntryPoint\",\"urlTemplate\":\"https:\\\/\\\/astrologelvan.com\\\/magaza\\\/?s={search_term_string}\"},\"query-input\":{\"@type\":\"PropertyValueSpecification\",\"valueRequired\":true,\"valueName\":\"search_term_string\"}}],\"inLanguage\":\"tr\"}]}<\/script>\n<!-- \/ Yoast SEO plugin. -->","yoast_head_json":{"title":"\u00c7AKRA DENGELEY\u0130C\u0130 KOLYE - Astrolog Elvan","robots":{"index":"index","follow":"follow","max-snippet":"max-snippet:-1","max-image-preview":"max-image-preview:large","max-video-preview":"max-video-preview:-1"},"canonical":"https:\/\/astrologelvan.com\/magaza\/urun\/cakra-dengeleyici-kolye\/","og_locale":"tr_TR","og_type":"article","og_title":"\u00c7AKRA DENGELEY\u0130C\u0130 KOLYE - Astrolog Elvan","og_description":"\u00c7akra Dengeleyici Kolye  Hepimizde 7 \u00e7akra var ve her \u00e7akra dengelendi\u011finde, hayat\u0131n\u0131zdaki t\u00fcm ak\u0131\u015f\u0131n de\u011fi\u015fti\u011fini, ya\u015fam\u0131n\u0131z\u0131n d\u00fczene girdi\u011fini g\u00f6r\u00fcrs\u00fcn\u00fcz. Bu \u00e7akra kolyede 7 ta\u015f bulunur; K\u00f6k \u00e7akra i\u00e7in: Jasper Sakral \u00e7akra i\u00e7in: Sar\u0131 Akik Solar Pleksus i\u00e7in: Kaplang\u00f6z\u00fc Kalp \u00e7akras\u0131 i\u00e7in: Aventurin Bo\u011faz \u00e7akras\u0131 i\u00e7in: Sodalit Ajna \u00e7akra i\u00e7in: Lapis Lazuli Tepe \u00e7akra i\u00e7in: Ametist ta\u015f\u0131 kullan\u0131larak sevgiyle \u00fcretilmi\u015ftir.  S\u0131n\u0131rl\u0131 say\u0131da bu \u00f6zel tasar\u0131m \u00e7akra kolyeyi ka\u00e7\u0131rma. \u00c7akra dengeni sa\u011fla!","og_url":"https:\/\/astrologelvan.com\/magaza\/urun\/cakra-dengeleyici-kolye\/","og_site_name":"Astrolog Elvan","article_modified_time":"2025-11-03T11:51:51+00:00","og_image":[{"width":1920,"height":2560,"url":"https:\/\/astrologelvan.com\/magaza\/wp-content\/uploads\/2024\/11\/JAGS9591-scaled.jpg","type":"image\/jpeg"}],"twitter_card":"summary_large_image","twitter_misc":{"Tahmini okuma s\u00fcresi":"1 dakika"},"schema":{"@context":"https:\/\/schema.org","@graph":[{"@type":["WebPage","ItemPage"],"@id":"https:\/\/astrologelvan.com\/magaza\/urun\/cakra-dengeleyici-kolye\/","url":"https:\/\/astrologelvan.com\/magaza\/urun\/cakra-dengeleyici-kolye\/","name":"\u00c7AKRA DENGELEY\u0130C\u0130 KOLYE - Astrolog Elvan","isPartOf":{"@id":"https:\/\/astrologelvan.com\/magaza\/#website"},"primaryImageOfPage":{"@id":"https:\/\/astrologelvan.com\/magaza\/urun\/cakra-dengeleyici-kolye\/#primaryimage"},"image":{"@id":"https:\/\/astrologelvan.com\/magaza\/urun\/cakra-dengeleyici-kolye\/#primaryimage"},"thumbnailUrl":"https:\/\/astrologelvan.com\/magaza\/wp-content\/uploads\/2024\/11\/JAGS9591-scaled.jpg","datePublished":"2024-11-02T13:06:38+00:00","dateModified":"2025-11-03T11:51:51+00:00","breadcrumb":{"@id":"https:\/\/astrologelvan.com\/magaza\/urun\/cakra-dengeleyici-kolye\/#breadcrumb"},"inLanguage":"tr","potentialAction":[{"@type":"ReadAction","target":["https:\/\/astrologelvan.com\/magaza\/urun\/cakra-dengeleyici-kolye\/"]}]},{"@type":"ImageObject","inLanguage":"tr","@id":"https:\/\/astrologelvan.com\/magaza\/urun\/cakra-dengeleyici-kolye\/#primaryimage","url":"https:\/\/astrologelvan.com\/magaza\/wp-content\/uploads\/2024\/11\/JAGS9591-scaled.jpg","contentUrl":"https:\/\/astrologelvan.com\/magaza\/wp-content\/uploads\/2024\/11\/JAGS9591-scaled.jpg","width":1920,"height":2560},{"@type":"BreadcrumbList","@id":"https:\/\/astrologelvan.com\/magaza\/urun\/cakra-dengeleyici-kolye\/#breadcrumb","itemListElement":[{"@type":"ListItem","position":1,"name":"Anasayfa","item":"https:\/\/astrologelvan.com\/magaza\/"},{"@type":"ListItem","position":2,"name":"Ma\u011faza","item":"https:\/\/astrologelvan.com\/magaza\/magaza\/"},{"@type":"ListItem","position":3,"name":"\u00c7AKRA DENGELEY\u0130C\u0130 KOLYE"}]},{"@type":"WebSite","@id":"https:\/\/astrologelvan.com\/magaza\/#website","url":"https:\/\/astrologelvan.com\/magaza\/","name":"Astrolog Elvan","description":"","potentialAction":[{"@type":"SearchAction","target":{"@type":"EntryPoint","urlTemplate":"https:\/\/astrologelvan.com\/magaza\/?s={search_term_string}"},"query-input":{"@type":"PropertyValueSpecification","valueRequired":true,"valueName":"search_term_string"}}],"inLanguage":"tr"}]}},"_links":{"self":[{"href":"https:\/\/astrologelvan.com\/magaza\/wp-json\/wp\/v2\/product\/18821","targetHints":{"allow":["GET"]}}],"collection":[{"href":"https:\/\/astrologelvan.com\/magaza\/wp-json\/wp\/v2\/product"}],"about":[{"href":"https:\/\/astrologelvan.com\/magaza\/wp-json\/wp\/v2\/types\/product"}],"replies":[{"embeddable":true,"href":"https:\/\/astrologelvan.com\/magaza\/wp-json\/wp\/v2\/comments?post=18821"}],"wp:featuredmedia":[{"embeddable":true,"href":"https:\/\/astrologelvan.com\/magaza\/wp-json\/wp\/v2\/media\/18823"}],"wp:attachment":[{"href":"https:\/\/astrologelvan.com\/magaza\/wp-json\/wp\/v2\/media?parent=18821"}],"wp:term":[{"taxonomy":"product_brand","embeddable":true,"href":"https:\/\/astrologelvan.com\/magaza\/wp-json\/wp\/v2\/product_brand?post=18821"},{"taxonomy":"product_cat","embeddable":true,"href":"https:\/\/astrologelvan.com\/magaza\/wp-json\/wp\/v2\/product_cat?post=18821"},{"taxonomy":"product_tag","embeddable":true,"href":"https:\/\/astrologelvan.com\/magaza\/wp-json\/wp\/v2\/product_tag?post=18821"}],"curies":[{"name":"wp","href":"https:\/\/api.w.org\/{rel}","templated":true}]}}