{"id":18800,"date":"2024-11-01T16:29:51","date_gmt":"2024-11-01T13:29:51","guid":{"rendered":"https:\/\/astrologelvan.com\/magaza\/?post_type=product&#038;p=18800"},"modified":"2026-02-18T17:39:24","modified_gmt":"2026-02-18T14:39:24","slug":"faset-kesim-pembe-kuvars-bileklik","status":"publish","type":"product","link":"https:\/\/astrologelvan.com\/magaza\/urun\/faset-kesim-pembe-kuvars-bileklik\/","title":{"rendered":"FASET KES\u0130M PEMBE KUVARS B\u0130LEKL\u0130K"},"content":{"rendered":"<p>Bilekli\u011fin A\u011f\u0131rl\u0131\u011f\u0131: 20,2 Gram<\/p>\n<p class=\"s7\"><span class=\"s3\"><span class=\"bumpedFont15\">Ta\u015flar\u0131n yakla\u015f\u0131k \u00f6l\u00e7\u00fcs\u00fc:\u00a0<\/span><\/span><span class=\"s3\"><span class=\"bumpedFont15\">8\u00a0<\/span><\/span><span class=\"s3\"><span class=\"bumpedFont15\">mm<\/span><\/span><\/p>\n","protected":false},"excerpt":{"rendered":"<p><b>Pembe Kuvars<\/b>, A\u015fk ve sevgi ta\u015f\u0131d\u0131r. \u00d6zellikle ili\u015fkilerinizi yoluna koymak i\u00e7in ve i\u00e7inizdeki di\u015fi enerjiyi a\u00e7\u0131\u011fa \u00e7\u0131karmak i\u00e7in kullanabilirsiniz. Do\u011fru a\u015fk ve sevgiyi hayat\u0131n\u0131za \u00e7ekmenize yard\u0131mc\u0131 olur. \u0130li\u015fkileri dengeler. Her bur\u00e7 kullanabilir. A\u015fk rit\u00fcellerinizde \u00f6zellikle kullan\u0131n\u0131z.<\/p>\n","protected":false},"featured_media":18801,"comment_status":"open","ping_status":"closed","template":"","meta":[],"product_brand":[],"product_cat":[26,34],"product_tag":[],"class_list":{"0":"post-18800","1":"product","2":"type-product","3":"status-publish","4":"has-post-thumbnail","6":"product_cat-genel","7":"product_cat-pembe-kuvars","9":"first","10":"instock","11":"sale","12":"taxable","13":"shipping-taxable","14":"purchasable","15":"product-type-simple"},"yoast_head":"<!-- This site is optimized with the Yoast SEO plugin v27.2 - https:\/\/yoast.com\/product\/yoast-seo-wordpress\/ -->\n<title>FASET KES\u0130M PEMBE KUVARS B\u0130LEKL\u0130K - Astrolog Elvan<\/title>\n<meta name=\"robots\" content=\"index, follow, max-snippet:-1, max-image-preview:large, max-video-preview:-1\" \/>\n<link rel=\"canonical\" href=\"https:\/\/astrologelvan.com\/magaza\/urun\/faset-kesim-pembe-kuvars-bileklik\/\" \/>\n<meta property=\"og:locale\" content=\"tr_TR\" \/>\n<meta property=\"og:type\" content=\"article\" \/>\n<meta property=\"og:title\" content=\"FASET KES\u0130M PEMBE KUVARS B\u0130LEKL\u0130K - Astrolog Elvan\" \/>\n<meta property=\"og:description\" content=\"Pembe Kuvars, A\u015fk ve sevgi ta\u015f\u0131d\u0131r. \u00d6zellikle ili\u015fkilerinizi yoluna koymak i\u00e7in ve i\u00e7inizdeki di\u015fi enerjiyi a\u00e7\u0131\u011fa \u00e7\u0131karmak i\u00e7in kullanabilirsiniz. Do\u011fru a\u015fk ve sevgiyi hayat\u0131n\u0131za \u00e7ekmenize yard\u0131mc\u0131 olur. \u0130li\u015fkileri dengeler. Her bur\u00e7 kullanabilir. A\u015fk rit\u00fcellerinizde \u00f6zellikle kullan\u0131n\u0131z.\" \/>\n<meta property=\"og:url\" content=\"https:\/\/astrologelvan.com\/magaza\/urun\/faset-kesim-pembe-kuvars-bileklik\/\" \/>\n<meta property=\"og:site_name\" content=\"Astrolog Elvan\" \/>\n<meta property=\"article:modified_time\" content=\"2026-02-18T14:39:24+00:00\" \/>\n<meta property=\"og:image\" content=\"https:\/\/astrologelvan.com\/magaza\/wp-content\/uploads\/2024\/11\/JAGS9839-scaled.jpg\" \/>\n\t<meta property=\"og:image:width\" content=\"1920\" \/>\n\t<meta property=\"og:image:height\" content=\"2560\" \/>\n\t<meta property=\"og:image:type\" content=\"image\/jpeg\" \/>\n<meta name=\"twitter:card\" content=\"summary_large_image\" \/>\n<meta name=\"twitter:label1\" content=\"Tahmini okuma s\u00fcresi\" \/>\n\t<meta name=\"twitter:data1\" content=\"1 dakika\" \/>\n<script type=\"application\/ld+json\" class=\"yoast-schema-graph\">{\"@context\":\"https:\/\/schema.org\",\"@graph\":[{\"@type\":[\"WebPage\",\"ItemPage\"],\"@id\":\"https:\/\/astrologelvan.com\/magaza\/urun\/faset-kesim-pembe-kuvars-bileklik\/\",\"url\":\"https:\/\/astrologelvan.com\/magaza\/urun\/faset-kesim-pembe-kuvars-bileklik\/\",\"name\":\"FASET KES\u0130M PEMBE KUVARS B\u0130LEKL\u0130K - Astrolog Elvan\",\"isPartOf\":{\"@id\":\"https:\/\/astrologelvan.com\/magaza\/#website\"},\"primaryImageOfPage\":{\"@id\":\"https:\/\/astrologelvan.com\/magaza\/urun\/faset-kesim-pembe-kuvars-bileklik\/#primaryimage\"},\"image\":{\"@id\":\"https:\/\/astrologelvan.com\/magaza\/urun\/faset-kesim-pembe-kuvars-bileklik\/#primaryimage\"},\"thumbnailUrl\":\"https:\/\/astrologelvan.com\/magaza\/wp-content\/uploads\/2024\/11\/JAGS9839-scaled.jpg\",\"datePublished\":\"2024-11-01T13:29:51+00:00\",\"dateModified\":\"2026-02-18T14:39:24+00:00\",\"breadcrumb\":{\"@id\":\"https:\/\/astrologelvan.com\/magaza\/urun\/faset-kesim-pembe-kuvars-bileklik\/#breadcrumb\"},\"inLanguage\":\"tr\",\"potentialAction\":[{\"@type\":\"ReadAction\",\"target\":[\"https:\/\/astrologelvan.com\/magaza\/urun\/faset-kesim-pembe-kuvars-bileklik\/\"]}]},{\"@type\":\"ImageObject\",\"inLanguage\":\"tr\",\"@id\":\"https:\/\/astrologelvan.com\/magaza\/urun\/faset-kesim-pembe-kuvars-bileklik\/#primaryimage\",\"url\":\"https:\/\/astrologelvan.com\/magaza\/wp-content\/uploads\/2024\/11\/JAGS9839-scaled.jpg\",\"contentUrl\":\"https:\/\/astrologelvan.com\/magaza\/wp-content\/uploads\/2024\/11\/JAGS9839-scaled.jpg\",\"width\":1920,\"height\":2560},{\"@type\":\"BreadcrumbList\",\"@id\":\"https:\/\/astrologelvan.com\/magaza\/urun\/faset-kesim-pembe-kuvars-bileklik\/#breadcrumb\",\"itemListElement\":[{\"@type\":\"ListItem\",\"position\":1,\"name\":\"Anasayfa\",\"item\":\"https:\/\/astrologelvan.com\/magaza\/\"},{\"@type\":\"ListItem\",\"position\":2,\"name\":\"Ma\u011faza\",\"item\":\"https:\/\/astrologelvan.com\/magaza\/magaza\/\"},{\"@type\":\"ListItem\",\"position\":3,\"name\":\"FASET KES\u0130M PEMBE KUVARS B\u0130LEKL\u0130K\"}]},{\"@type\":\"WebSite\",\"@id\":\"https:\/\/astrologelvan.com\/magaza\/#website\",\"url\":\"https:\/\/astrologelvan.com\/magaza\/\",\"name\":\"Astrolog Elvan\",\"description\":\"\",\"potentialAction\":[{\"@type\":\"SearchAction\",\"target\":{\"@type\":\"EntryPoint\",\"urlTemplate\":\"https:\/\/astrologelvan.com\/magaza\/?s={search_term_string}\"},\"query-input\":{\"@type\":\"PropertyValueSpecification\",\"valueRequired\":true,\"valueName\":\"search_term_string\"}}],\"inLanguage\":\"tr\"}]}<\/script>\n<!-- \/ Yoast SEO plugin. -->","yoast_head_json":{"title":"FASET KES\u0130M PEMBE KUVARS B\u0130LEKL\u0130K - Astrolog Elvan","robots":{"index":"index","follow":"follow","max-snippet":"max-snippet:-1","max-image-preview":"max-image-preview:large","max-video-preview":"max-video-preview:-1"},"canonical":"https:\/\/astrologelvan.com\/magaza\/urun\/faset-kesim-pembe-kuvars-bileklik\/","og_locale":"tr_TR","og_type":"article","og_title":"FASET KES\u0130M PEMBE KUVARS B\u0130LEKL\u0130K - Astrolog Elvan","og_description":"Pembe Kuvars, A\u015fk ve sevgi ta\u015f\u0131d\u0131r. \u00d6zellikle ili\u015fkilerinizi yoluna koymak i\u00e7in ve i\u00e7inizdeki di\u015fi enerjiyi a\u00e7\u0131\u011fa \u00e7\u0131karmak i\u00e7in kullanabilirsiniz. Do\u011fru a\u015fk ve sevgiyi hayat\u0131n\u0131za \u00e7ekmenize yard\u0131mc\u0131 olur. \u0130li\u015fkileri dengeler. Her bur\u00e7 kullanabilir. A\u015fk rit\u00fcellerinizde \u00f6zellikle kullan\u0131n\u0131z.","og_url":"https:\/\/astrologelvan.com\/magaza\/urun\/faset-kesim-pembe-kuvars-bileklik\/","og_site_name":"Astrolog Elvan","article_modified_time":"2026-02-18T14:39:24+00:00","og_image":[{"width":1920,"height":2560,"url":"https:\/\/astrologelvan.com\/magaza\/wp-content\/uploads\/2024\/11\/JAGS9839-scaled.jpg","type":"image\/jpeg"}],"twitter_card":"summary_large_image","twitter_misc":{"Tahmini okuma s\u00fcresi":"1 dakika"},"schema":{"@context":"https:\/\/schema.org","@graph":[{"@type":["WebPage","ItemPage"],"@id":"https:\/\/astrologelvan.com\/magaza\/urun\/faset-kesim-pembe-kuvars-bileklik\/","url":"https:\/\/astrologelvan.com\/magaza\/urun\/faset-kesim-pembe-kuvars-bileklik\/","name":"FASET KES\u0130M PEMBE KUVARS B\u0130LEKL\u0130K - Astrolog Elvan","isPartOf":{"@id":"https:\/\/astrologelvan.com\/magaza\/#website"},"primaryImageOfPage":{"@id":"https:\/\/astrologelvan.com\/magaza\/urun\/faset-kesim-pembe-kuvars-bileklik\/#primaryimage"},"image":{"@id":"https:\/\/astrologelvan.com\/magaza\/urun\/faset-kesim-pembe-kuvars-bileklik\/#primaryimage"},"thumbnailUrl":"https:\/\/astrologelvan.com\/magaza\/wp-content\/uploads\/2024\/11\/JAGS9839-scaled.jpg","datePublished":"2024-11-01T13:29:51+00:00","dateModified":"2026-02-18T14:39:24+00:00","breadcrumb":{"@id":"https:\/\/astrologelvan.com\/magaza\/urun\/faset-kesim-pembe-kuvars-bileklik\/#breadcrumb"},"inLanguage":"tr","potentialAction":[{"@type":"ReadAction","target":["https:\/\/astrologelvan.com\/magaza\/urun\/faset-kesim-pembe-kuvars-bileklik\/"]}]},{"@type":"ImageObject","inLanguage":"tr","@id":"https:\/\/astrologelvan.com\/magaza\/urun\/faset-kesim-pembe-kuvars-bileklik\/#primaryimage","url":"https:\/\/astrologelvan.com\/magaza\/wp-content\/uploads\/2024\/11\/JAGS9839-scaled.jpg","contentUrl":"https:\/\/astrologelvan.com\/magaza\/wp-content\/uploads\/2024\/11\/JAGS9839-scaled.jpg","width":1920,"height":2560},{"@type":"BreadcrumbList","@id":"https:\/\/astrologelvan.com\/magaza\/urun\/faset-kesim-pembe-kuvars-bileklik\/#breadcrumb","itemListElement":[{"@type":"ListItem","position":1,"name":"Anasayfa","item":"https:\/\/astrologelvan.com\/magaza\/"},{"@type":"ListItem","position":2,"name":"Ma\u011faza","item":"https:\/\/astrologelvan.com\/magaza\/magaza\/"},{"@type":"ListItem","position":3,"name":"FASET KES\u0130M PEMBE KUVARS B\u0130LEKL\u0130K"}]},{"@type":"WebSite","@id":"https:\/\/astrologelvan.com\/magaza\/#website","url":"https:\/\/astrologelvan.com\/magaza\/","name":"Astrolog Elvan","description":"","potentialAction":[{"@type":"SearchAction","target":{"@type":"EntryPoint","urlTemplate":"https:\/\/astrologelvan.com\/magaza\/?s={search_term_string}"},"query-input":{"@type":"PropertyValueSpecification","valueRequired":true,"valueName":"search_term_string"}}],"inLanguage":"tr"}]}},"_links":{"self":[{"href":"https:\/\/astrologelvan.com\/magaza\/wp-json\/wp\/v2\/product\/18800","targetHints":{"allow":["GET"]}}],"collection":[{"href":"https:\/\/astrologelvan.com\/magaza\/wp-json\/wp\/v2\/product"}],"about":[{"href":"https:\/\/astrologelvan.com\/magaza\/wp-json\/wp\/v2\/types\/product"}],"replies":[{"embeddable":true,"href":"https:\/\/astrologelvan.com\/magaza\/wp-json\/wp\/v2\/comments?post=18800"}],"wp:featuredmedia":[{"embeddable":true,"href":"https:\/\/astrologelvan.com\/magaza\/wp-json\/wp\/v2\/media\/18801"}],"wp:attachment":[{"href":"https:\/\/astrologelvan.com\/magaza\/wp-json\/wp\/v2\/media?parent=18800"}],"wp:term":[{"taxonomy":"product_brand","embeddable":true,"href":"https:\/\/astrologelvan.com\/magaza\/wp-json\/wp\/v2\/product_brand?post=18800"},{"taxonomy":"product_cat","embeddable":true,"href":"https:\/\/astrologelvan.com\/magaza\/wp-json\/wp\/v2\/product_cat?post=18800"},{"taxonomy":"product_tag","embeddable":true,"href":"https:\/\/astrologelvan.com\/magaza\/wp-json\/wp\/v2\/product_tag?post=18800"}],"curies":[{"name":"wp","href":"https:\/\/api.w.org\/{rel}","templated":true}]}}