{"id":187898,"date":"2026-05-05T11:05:12","date_gmt":"2026-05-05T08:05:12","guid":{"rendered":"https:\/\/astrologelvan.com\/magaza\/?post_type=product&#038;p=187898"},"modified":"2026-05-13T00:08:42","modified_gmt":"2026-05-12T21:08:42","slug":"anne-cocuk-yaka-ignesi","status":"publish","type":"product","link":"https:\/\/astrologelvan.com\/magaza\/urun\/anne-cocuk-yaka-ignesi\/","title":{"rendered":"Anne &amp; \u00c7ocuk Yaka \u0130\u011fnesi"},"content":{"rendered":"","protected":false},"excerpt":{"rendered":"<p><strong>Sonsuz Ba\u011f\u0131n Sembol\u00fc\u2026<\/strong><\/p>\n<p>Bir annenin kalbinde ba\u015flayan bir hik\u00e2yenin en g\u00fczel sembol\u00fcn\u00fc size getirdik. Hem annenize, hem de \u00e7ocu\u011funuza alabilirsiniz. Bir can\u0131 i\u00e7inde ta\u015f\u0131makla ba\u015flar her \u015fey. Onu korumakla, b\u00fcy\u00fctmekle, hissetmekle\u2026 Bu \u00f6zel yaka i\u011fnesi, o ilk kalp at\u0131\u015f\u0131ndan bug\u00fcne uzanan ba\u011f\u0131 anlat\u0131r.<\/p>\n<p><strong>Hamile bal\u0131k;<br \/>\n<\/strong>i\u00e7inde bir hayat\u0131 ta\u015f\u0131yan o mucizeyi\u2026<\/p>\n<p><strong>Kaplumba\u011fa;<br \/>\n<\/strong>\u201cYava\u015f ol, ben buraday\u0131m\u201d diyen sabr\u0131 ve g\u00fcveni\u2026<\/p>\n<p><strong>Bal\u0131k kuyru\u011fu;<br \/>\n<\/strong>Anne ile \u00e7ocuk aras\u0131ndaki g\u00f6r\u00fcnmeyen ama hi\u00e7 kopmayan o ba\u011f\u0131\u2026<\/p>\n<p><strong>Cam nazarl\u0131k;<br \/>\n<\/strong>Annenin g\u00f6z\u00fc gibi her an koruyan sevgiyi\u2026<\/p>\n<p><strong>Turkuaz ta\u015f\u0131 ise;<br \/>\n<\/strong>Kalpten kalbe akan o saf, \u015fefkatli ileti\u015fimi temsil eder.<\/p>\n<p>Bu sadece bir yaka i\u011fnesi de\u011fil\u2026<\/p>\n<p>Bir annenin, \u00e7ocu\u011funa sessizce s\u00f6yledi\u011fi o c\u00fcmledir:<\/p>\n<p>\u201cBen hep seninleyim.\u201d<\/p>\n<p>Anneler G\u00fcn\u00fc\u2019ne \u00f6zel,<\/p>\n<p>kalpten kalbe bir hat\u0131rlatma\u2026<\/p>\n","protected":false},"featured_media":187906,"comment_status":"open","ping_status":"closed","template":"","meta":[],"product_brand":[],"product_cat":[9610],"product_tag":[],"class_list":{"0":"post-187898","1":"product","2":"type-product","3":"status-publish","4":"has-post-thumbnail","6":"product_cat-igne-bros","8":"first","9":"instock","10":"taxable","11":"shipping-taxable","12":"purchasable","13":"product-type-variable"},"yoast_head":"<!-- This site is optimized with the Yoast SEO plugin v27.5 - https:\/\/yoast.com\/product\/yoast-seo-wordpress\/ -->\n<title>Anne &amp; \u00c7ocuk Yaka \u0130\u011fnesi - Astrolog Elvan<\/title>\n<meta name=\"robots\" content=\"index, follow, max-snippet:-1, max-image-preview:large, max-video-preview:-1\" \/>\n<link rel=\"canonical\" href=\"https:\/\/astrologelvan.com\/magaza\/urun\/anne-cocuk-yaka-ignesi\/\" \/>\n<meta property=\"og:locale\" content=\"tr_TR\" \/>\n<meta property=\"og:type\" content=\"article\" \/>\n<meta property=\"og:title\" content=\"Anne &amp; \u00c7ocuk Yaka \u0130\u011fnesi - Astrolog Elvan\" \/>\n<meta property=\"og:description\" content=\"Sonsuz Ba\u011f\u0131n Sembol\u00fc\u2026  Bir annenin kalbinde ba\u015flayan bir hik\u00e2yenin en g\u00fczel sembol\u00fcn\u00fc size getirdik. Hem annenize, hem de \u00e7ocu\u011funuza alabilirsiniz. Bir can\u0131 i\u00e7inde ta\u015f\u0131makla ba\u015flar her \u015fey. Onu korumakla, b\u00fcy\u00fctmekle, hissetmekle\u2026 Bu \u00f6zel yaka i\u011fnesi, o ilk kalp at\u0131\u015f\u0131ndan bug\u00fcne uzanan ba\u011f\u0131 anlat\u0131r.  Hamile bal\u0131k; i\u00e7inde bir hayat\u0131 ta\u015f\u0131yan o mucizeyi\u2026  Kaplumba\u011fa; \u201cYava\u015f ol, ben buraday\u0131m\u201d diyen sabr\u0131 ve g\u00fcveni\u2026  Bal\u0131k kuyru\u011fu; Anne ile \u00e7ocuk aras\u0131ndaki g\u00f6r\u00fcnmeyen ama hi\u00e7 kopmayan o ba\u011f\u0131\u2026  Cam nazarl\u0131k; Annenin g\u00f6z\u00fc gibi her an koruyan sevgiyi\u2026  Turkuaz ta\u015f\u0131 ise; Kalpten kalbe akan o saf, \u015fefkatli ileti\u015fimi temsil eder.  Bu sadece bir yaka i\u011fnesi de\u011fil\u2026  Bir annenin, \u00e7ocu\u011funa sessizce s\u00f6yledi\u011fi o c\u00fcmledir:  \u201cBen hep seninleyim.\u201d  Anneler G\u00fcn\u00fc\u2019ne \u00f6zel,  kalpten kalbe bir hat\u0131rlatma\u2026\" \/>\n<meta property=\"og:url\" content=\"https:\/\/astrologelvan.com\/magaza\/urun\/anne-cocuk-yaka-ignesi\/\" \/>\n<meta property=\"og:site_name\" content=\"Astrolog Elvan\" \/>\n<meta property=\"article:modified_time\" content=\"2026-05-12T21:08:42+00:00\" \/>\n<meta property=\"og:image\" content=\"https:\/\/astrologelvan.com\/magaza\/wp-content\/uploads\/2026\/05\/img_5511-1-scaled.jpeg\" \/>\n\t<meta property=\"og:image:width\" content=\"1920\" \/>\n\t<meta property=\"og:image:height\" content=\"2560\" \/>\n\t<meta property=\"og:image:type\" content=\"image\/jpeg\" \/>\n<meta name=\"twitter:card\" content=\"summary_large_image\" \/>\n<meta name=\"twitter:label1\" content=\"Tahmini okuma s\u00fcresi\" \/>\n\t<meta name=\"twitter:data1\" content=\"1 dakika\" \/>\n<script type=\"application\/ld+json\" class=\"yoast-schema-graph\">{\"@context\":\"https:\\\/\\\/schema.org\",\"@graph\":[{\"@type\":[\"WebPage\",\"ItemPage\"],\"@id\":\"https:\\\/\\\/astrologelvan.com\\\/magaza\\\/urun\\\/anne-cocuk-yaka-ignesi\\\/\",\"url\":\"https:\\\/\\\/astrologelvan.com\\\/magaza\\\/urun\\\/anne-cocuk-yaka-ignesi\\\/\",\"name\":\"Anne &amp; \u00c7ocuk Yaka \u0130\u011fnesi - Astrolog Elvan\",\"isPartOf\":{\"@id\":\"https:\\\/\\\/astrologelvan.com\\\/magaza\\\/#website\"},\"primaryImageOfPage\":{\"@id\":\"https:\\\/\\\/astrologelvan.com\\\/magaza\\\/urun\\\/anne-cocuk-yaka-ignesi\\\/#primaryimage\"},\"image\":{\"@id\":\"https:\\\/\\\/astrologelvan.com\\\/magaza\\\/urun\\\/anne-cocuk-yaka-ignesi\\\/#primaryimage\"},\"thumbnailUrl\":\"https:\\\/\\\/astrologelvan.com\\\/magaza\\\/wp-content\\\/uploads\\\/2026\\\/05\\\/img_5511-1-scaled.jpeg\",\"datePublished\":\"2026-05-05T08:05:12+00:00\",\"dateModified\":\"2026-05-12T21:08:42+00:00\",\"breadcrumb\":{\"@id\":\"https:\\\/\\\/astrologelvan.com\\\/magaza\\\/urun\\\/anne-cocuk-yaka-ignesi\\\/#breadcrumb\"},\"inLanguage\":\"tr\",\"potentialAction\":[{\"@type\":\"ReadAction\",\"target\":[\"https:\\\/\\\/astrologelvan.com\\\/magaza\\\/urun\\\/anne-cocuk-yaka-ignesi\\\/\"]}]},{\"@type\":\"ImageObject\",\"inLanguage\":\"tr\",\"@id\":\"https:\\\/\\\/astrologelvan.com\\\/magaza\\\/urun\\\/anne-cocuk-yaka-ignesi\\\/#primaryimage\",\"url\":\"https:\\\/\\\/astrologelvan.com\\\/magaza\\\/wp-content\\\/uploads\\\/2026\\\/05\\\/img_5511-1-scaled.jpeg\",\"contentUrl\":\"https:\\\/\\\/astrologelvan.com\\\/magaza\\\/wp-content\\\/uploads\\\/2026\\\/05\\\/img_5511-1-scaled.jpeg\",\"width\":1920,\"height\":2560},{\"@type\":\"BreadcrumbList\",\"@id\":\"https:\\\/\\\/astrologelvan.com\\\/magaza\\\/urun\\\/anne-cocuk-yaka-ignesi\\\/#breadcrumb\",\"itemListElement\":[{\"@type\":\"ListItem\",\"position\":1,\"name\":\"Anasayfa\",\"item\":\"https:\\\/\\\/astrologelvan.com\\\/magaza\\\/\"},{\"@type\":\"ListItem\",\"position\":2,\"name\":\"Ma\u011faza\",\"item\":\"https:\\\/\\\/astrologelvan.com\\\/magaza\\\/magaza\\\/\"},{\"@type\":\"ListItem\",\"position\":3,\"name\":\"Anne &amp; \u00c7ocuk Yaka \u0130\u011fnesi\"}]},{\"@type\":\"WebSite\",\"@id\":\"https:\\\/\\\/astrologelvan.com\\\/magaza\\\/#website\",\"url\":\"https:\\\/\\\/astrologelvan.com\\\/magaza\\\/\",\"name\":\"Astrolog Elvan\",\"description\":\"\",\"potentialAction\":[{\"@type\":\"SearchAction\",\"target\":{\"@type\":\"EntryPoint\",\"urlTemplate\":\"https:\\\/\\\/astrologelvan.com\\\/magaza\\\/?s={search_term_string}\"},\"query-input\":{\"@type\":\"PropertyValueSpecification\",\"valueRequired\":true,\"valueName\":\"search_term_string\"}}],\"inLanguage\":\"tr\"}]}<\/script>\n<!-- \/ Yoast SEO plugin. -->","yoast_head_json":{"title":"Anne &amp; \u00c7ocuk Yaka \u0130\u011fnesi - Astrolog Elvan","robots":{"index":"index","follow":"follow","max-snippet":"max-snippet:-1","max-image-preview":"max-image-preview:large","max-video-preview":"max-video-preview:-1"},"canonical":"https:\/\/astrologelvan.com\/magaza\/urun\/anne-cocuk-yaka-ignesi\/","og_locale":"tr_TR","og_type":"article","og_title":"Anne &amp; \u00c7ocuk Yaka \u0130\u011fnesi - Astrolog Elvan","og_description":"Sonsuz Ba\u011f\u0131n Sembol\u00fc\u2026  Bir annenin kalbinde ba\u015flayan bir hik\u00e2yenin en g\u00fczel sembol\u00fcn\u00fc size getirdik. Hem annenize, hem de \u00e7ocu\u011funuza alabilirsiniz. Bir can\u0131 i\u00e7inde ta\u015f\u0131makla ba\u015flar her \u015fey. Onu korumakla, b\u00fcy\u00fctmekle, hissetmekle\u2026 Bu \u00f6zel yaka i\u011fnesi, o ilk kalp at\u0131\u015f\u0131ndan bug\u00fcne uzanan ba\u011f\u0131 anlat\u0131r.  Hamile bal\u0131k; i\u00e7inde bir hayat\u0131 ta\u015f\u0131yan o mucizeyi\u2026  Kaplumba\u011fa; \u201cYava\u015f ol, ben buraday\u0131m\u201d diyen sabr\u0131 ve g\u00fcveni\u2026  Bal\u0131k kuyru\u011fu; Anne ile \u00e7ocuk aras\u0131ndaki g\u00f6r\u00fcnmeyen ama hi\u00e7 kopmayan o ba\u011f\u0131\u2026  Cam nazarl\u0131k; Annenin g\u00f6z\u00fc gibi her an koruyan sevgiyi\u2026  Turkuaz ta\u015f\u0131 ise; Kalpten kalbe akan o saf, \u015fefkatli ileti\u015fimi temsil eder.  Bu sadece bir yaka i\u011fnesi de\u011fil\u2026  Bir annenin, \u00e7ocu\u011funa sessizce s\u00f6yledi\u011fi o c\u00fcmledir:  \u201cBen hep seninleyim.\u201d  Anneler G\u00fcn\u00fc\u2019ne \u00f6zel,  kalpten kalbe bir hat\u0131rlatma\u2026","og_url":"https:\/\/astrologelvan.com\/magaza\/urun\/anne-cocuk-yaka-ignesi\/","og_site_name":"Astrolog Elvan","article_modified_time":"2026-05-12T21:08:42+00:00","og_image":[{"width":1920,"height":2560,"url":"https:\/\/astrologelvan.com\/magaza\/wp-content\/uploads\/2026\/05\/img_5511-1-scaled.jpeg","type":"image\/jpeg"}],"twitter_card":"summary_large_image","twitter_misc":{"Tahmini okuma s\u00fcresi":"1 dakika"},"schema":{"@context":"https:\/\/schema.org","@graph":[{"@type":["WebPage","ItemPage"],"@id":"https:\/\/astrologelvan.com\/magaza\/urun\/anne-cocuk-yaka-ignesi\/","url":"https:\/\/astrologelvan.com\/magaza\/urun\/anne-cocuk-yaka-ignesi\/","name":"Anne &amp; \u00c7ocuk Yaka \u0130\u011fnesi - Astrolog Elvan","isPartOf":{"@id":"https:\/\/astrologelvan.com\/magaza\/#website"},"primaryImageOfPage":{"@id":"https:\/\/astrologelvan.com\/magaza\/urun\/anne-cocuk-yaka-ignesi\/#primaryimage"},"image":{"@id":"https:\/\/astrologelvan.com\/magaza\/urun\/anne-cocuk-yaka-ignesi\/#primaryimage"},"thumbnailUrl":"https:\/\/astrologelvan.com\/magaza\/wp-content\/uploads\/2026\/05\/img_5511-1-scaled.jpeg","datePublished":"2026-05-05T08:05:12+00:00","dateModified":"2026-05-12T21:08:42+00:00","breadcrumb":{"@id":"https:\/\/astrologelvan.com\/magaza\/urun\/anne-cocuk-yaka-ignesi\/#breadcrumb"},"inLanguage":"tr","potentialAction":[{"@type":"ReadAction","target":["https:\/\/astrologelvan.com\/magaza\/urun\/anne-cocuk-yaka-ignesi\/"]}]},{"@type":"ImageObject","inLanguage":"tr","@id":"https:\/\/astrologelvan.com\/magaza\/urun\/anne-cocuk-yaka-ignesi\/#primaryimage","url":"https:\/\/astrologelvan.com\/magaza\/wp-content\/uploads\/2026\/05\/img_5511-1-scaled.jpeg","contentUrl":"https:\/\/astrologelvan.com\/magaza\/wp-content\/uploads\/2026\/05\/img_5511-1-scaled.jpeg","width":1920,"height":2560},{"@type":"BreadcrumbList","@id":"https:\/\/astrologelvan.com\/magaza\/urun\/anne-cocuk-yaka-ignesi\/#breadcrumb","itemListElement":[{"@type":"ListItem","position":1,"name":"Anasayfa","item":"https:\/\/astrologelvan.com\/magaza\/"},{"@type":"ListItem","position":2,"name":"Ma\u011faza","item":"https:\/\/astrologelvan.com\/magaza\/magaza\/"},{"@type":"ListItem","position":3,"name":"Anne &amp; \u00c7ocuk Yaka \u0130\u011fnesi"}]},{"@type":"WebSite","@id":"https:\/\/astrologelvan.com\/magaza\/#website","url":"https:\/\/astrologelvan.com\/magaza\/","name":"Astrolog Elvan","description":"","potentialAction":[{"@type":"SearchAction","target":{"@type":"EntryPoint","urlTemplate":"https:\/\/astrologelvan.com\/magaza\/?s={search_term_string}"},"query-input":{"@type":"PropertyValueSpecification","valueRequired":true,"valueName":"search_term_string"}}],"inLanguage":"tr"}]}},"_links":{"self":[{"href":"https:\/\/astrologelvan.com\/magaza\/wp-json\/wp\/v2\/product\/187898","targetHints":{"allow":["GET"]}}],"collection":[{"href":"https:\/\/astrologelvan.com\/magaza\/wp-json\/wp\/v2\/product"}],"about":[{"href":"https:\/\/astrologelvan.com\/magaza\/wp-json\/wp\/v2\/types\/product"}],"replies":[{"embeddable":true,"href":"https:\/\/astrologelvan.com\/magaza\/wp-json\/wp\/v2\/comments?post=187898"}],"wp:featuredmedia":[{"embeddable":true,"href":"https:\/\/astrologelvan.com\/magaza\/wp-json\/wp\/v2\/media\/187906"}],"wp:attachment":[{"href":"https:\/\/astrologelvan.com\/magaza\/wp-json\/wp\/v2\/media?parent=187898"}],"wp:term":[{"taxonomy":"product_brand","embeddable":true,"href":"https:\/\/astrologelvan.com\/magaza\/wp-json\/wp\/v2\/product_brand?post=187898"},{"taxonomy":"product_cat","embeddable":true,"href":"https:\/\/astrologelvan.com\/magaza\/wp-json\/wp\/v2\/product_cat?post=187898"},{"taxonomy":"product_tag","embeddable":true,"href":"https:\/\/astrologelvan.com\/magaza\/wp-json\/wp\/v2\/product_tag?post=187898"}],"curies":[{"name":"wp","href":"https:\/\/api.w.org\/{rel}","templated":true}]}}