{"id":18788,"date":"2024-11-01T15:42:01","date_gmt":"2024-11-01T12:42:01","guid":{"rendered":"https:\/\/astrologelvan.com\/magaza\/?post_type=product&#038;p=18788"},"modified":"2025-10-06T08:15:22","modified_gmt":"2025-10-06T05:15:22","slug":"ruh-esi-kolyesi-a-kalite","status":"publish","type":"product","link":"https:\/\/astrologelvan.com\/magaza\/urun\/ruh-esi-kolyesi-a-kalite\/","title":{"rendered":"RUH E\u015e\u0130 KOLYES\u0130 ( A KAL\u0130TE )"},"content":{"rendered":"<p>89,4 Gram<\/p>\n<p>Kolye Uzunlu\u011fu: 45 CM<\/p>\n<p>A Kalite Ay Ta\u015f\u0131 ve Pembe Kuvars Ta\u015f Tasar\u0131m\u0131 Kolye<\/p>\n<p>925 Ayar G\u00fcm\u00fc\u015f \u00dczeri Alt\u0131n Kaplama<\/p>\n","protected":false},"excerpt":{"rendered":"<p>Pembe kuvars ve ayta\u015f\u0131n\u0131 birlikte kulland\u0131\u011f\u0131n\u0131zda ilahi ruh e\u015finiz olabilecek potansiyeldeki ki\u015fileri hayat\u0131n\u0131za \u00e7ekersiniz. Onlarla tan\u0131\u015f\u0131r ve ileti\u015fim halinde olursunuz. Hayat\u0131n\u0131za bir yerden dokunur. Yaln\u0131z olan, ilahi ruh e\u015fini arayan, kadersel partnerini arayan herkes pembe kuvars ve ayta\u015f\u0131n\u0131 en az 21 g\u00fcn uyumlanmak i\u00e7in birlikte takabilirsiniz.<\/p>\n<p>&nbsp;<\/p>\n","protected":false},"featured_media":18789,"comment_status":"open","ping_status":"closed","template":"","meta":[],"product_brand":[],"product_cat":[153,26,34],"product_tag":[],"class_list":{"0":"post-18788","1":"product","2":"type-product","3":"status-publish","4":"has-post-thumbnail","6":"product_cat-aytasi","7":"product_cat-genel","8":"product_cat-pembe-kuvars","10":"first","11":"outofstock","12":"taxable","13":"shipping-taxable","14":"purchasable","15":"product-type-simple"},"yoast_head":"<!-- This site is optimized with the Yoast SEO plugin v27.2 - https:\/\/yoast.com\/product\/yoast-seo-wordpress\/ -->\n<title>RUH E\u015e\u0130 KOLYES\u0130 ( A KAL\u0130TE ) - Astrolog Elvan<\/title>\n<meta name=\"robots\" content=\"index, follow, max-snippet:-1, max-image-preview:large, max-video-preview:-1\" \/>\n<link rel=\"canonical\" href=\"https:\/\/astrologelvan.com\/magaza\/urun\/ruh-esi-kolyesi-a-kalite\/\" \/>\n<meta property=\"og:locale\" content=\"tr_TR\" \/>\n<meta property=\"og:type\" content=\"article\" \/>\n<meta property=\"og:title\" content=\"RUH E\u015e\u0130 KOLYES\u0130 ( A KAL\u0130TE ) - Astrolog Elvan\" \/>\n<meta property=\"og:description\" content=\"Pembe kuvars ve ayta\u015f\u0131n\u0131 birlikte kulland\u0131\u011f\u0131n\u0131zda ilahi ruh e\u015finiz olabilecek potansiyeldeki ki\u015fileri hayat\u0131n\u0131za \u00e7ekersiniz. Onlarla tan\u0131\u015f\u0131r ve ileti\u015fim halinde olursunuz. Hayat\u0131n\u0131za bir yerden dokunur. Yaln\u0131z olan, ilahi ruh e\u015fini arayan, kadersel partnerini arayan herkes pembe kuvars ve ayta\u015f\u0131n\u0131 en az 21 g\u00fcn uyumlanmak i\u00e7in birlikte takabilirsiniz.  &nbsp;\" \/>\n<meta property=\"og:url\" content=\"https:\/\/astrologelvan.com\/magaza\/urun\/ruh-esi-kolyesi-a-kalite\/\" \/>\n<meta property=\"og:site_name\" content=\"Astrolog Elvan\" \/>\n<meta property=\"article:modified_time\" content=\"2025-10-06T05:15:22+00:00\" \/>\n<meta property=\"og:image\" content=\"https:\/\/astrologelvan.com\/magaza\/wp-content\/uploads\/2024\/11\/ay-scaled.jpg\" \/>\n\t<meta property=\"og:image:width\" content=\"1920\" \/>\n\t<meta property=\"og:image:height\" content=\"2560\" \/>\n\t<meta property=\"og:image:type\" content=\"image\/jpeg\" \/>\n<meta name=\"twitter:card\" content=\"summary_large_image\" \/>\n<meta name=\"twitter:label1\" content=\"Tahmini okuma s\u00fcresi\" \/>\n\t<meta name=\"twitter:data1\" content=\"1 dakika\" \/>\n<script type=\"application\/ld+json\" class=\"yoast-schema-graph\">{\"@context\":\"https:\/\/schema.org\",\"@graph\":[{\"@type\":[\"WebPage\",\"ItemPage\"],\"@id\":\"https:\/\/astrologelvan.com\/magaza\/urun\/ruh-esi-kolyesi-a-kalite\/\",\"url\":\"https:\/\/astrologelvan.com\/magaza\/urun\/ruh-esi-kolyesi-a-kalite\/\",\"name\":\"RUH E\u015e\u0130 KOLYES\u0130 ( A KAL\u0130TE ) - Astrolog Elvan\",\"isPartOf\":{\"@id\":\"https:\/\/astrologelvan.com\/magaza\/#website\"},\"primaryImageOfPage\":{\"@id\":\"https:\/\/astrologelvan.com\/magaza\/urun\/ruh-esi-kolyesi-a-kalite\/#primaryimage\"},\"image\":{\"@id\":\"https:\/\/astrologelvan.com\/magaza\/urun\/ruh-esi-kolyesi-a-kalite\/#primaryimage\"},\"thumbnailUrl\":\"https:\/\/astrologelvan.com\/magaza\/wp-content\/uploads\/2024\/11\/ay-scaled.jpg\",\"datePublished\":\"2024-11-01T12:42:01+00:00\",\"dateModified\":\"2025-10-06T05:15:22+00:00\",\"breadcrumb\":{\"@id\":\"https:\/\/astrologelvan.com\/magaza\/urun\/ruh-esi-kolyesi-a-kalite\/#breadcrumb\"},\"inLanguage\":\"tr\",\"potentialAction\":[{\"@type\":\"ReadAction\",\"target\":[\"https:\/\/astrologelvan.com\/magaza\/urun\/ruh-esi-kolyesi-a-kalite\/\"]}]},{\"@type\":\"ImageObject\",\"inLanguage\":\"tr\",\"@id\":\"https:\/\/astrologelvan.com\/magaza\/urun\/ruh-esi-kolyesi-a-kalite\/#primaryimage\",\"url\":\"https:\/\/astrologelvan.com\/magaza\/wp-content\/uploads\/2024\/11\/ay-scaled.jpg\",\"contentUrl\":\"https:\/\/astrologelvan.com\/magaza\/wp-content\/uploads\/2024\/11\/ay-scaled.jpg\",\"width\":1920,\"height\":2560},{\"@type\":\"BreadcrumbList\",\"@id\":\"https:\/\/astrologelvan.com\/magaza\/urun\/ruh-esi-kolyesi-a-kalite\/#breadcrumb\",\"itemListElement\":[{\"@type\":\"ListItem\",\"position\":1,\"name\":\"Anasayfa\",\"item\":\"https:\/\/astrologelvan.com\/magaza\/\"},{\"@type\":\"ListItem\",\"position\":2,\"name\":\"Ma\u011faza\",\"item\":\"https:\/\/astrologelvan.com\/magaza\/magaza\/\"},{\"@type\":\"ListItem\",\"position\":3,\"name\":\"RUH E\u015e\u0130 KOLYES\u0130 ( A KAL\u0130TE )\"}]},{\"@type\":\"WebSite\",\"@id\":\"https:\/\/astrologelvan.com\/magaza\/#website\",\"url\":\"https:\/\/astrologelvan.com\/magaza\/\",\"name\":\"Astrolog Elvan\",\"description\":\"\",\"potentialAction\":[{\"@type\":\"SearchAction\",\"target\":{\"@type\":\"EntryPoint\",\"urlTemplate\":\"https:\/\/astrologelvan.com\/magaza\/?s={search_term_string}\"},\"query-input\":{\"@type\":\"PropertyValueSpecification\",\"valueRequired\":true,\"valueName\":\"search_term_string\"}}],\"inLanguage\":\"tr\"}]}<\/script>\n<!-- \/ Yoast SEO plugin. -->","yoast_head_json":{"title":"RUH E\u015e\u0130 KOLYES\u0130 ( A KAL\u0130TE ) - Astrolog Elvan","robots":{"index":"index","follow":"follow","max-snippet":"max-snippet:-1","max-image-preview":"max-image-preview:large","max-video-preview":"max-video-preview:-1"},"canonical":"https:\/\/astrologelvan.com\/magaza\/urun\/ruh-esi-kolyesi-a-kalite\/","og_locale":"tr_TR","og_type":"article","og_title":"RUH E\u015e\u0130 KOLYES\u0130 ( A KAL\u0130TE ) - Astrolog Elvan","og_description":"Pembe kuvars ve ayta\u015f\u0131n\u0131 birlikte kulland\u0131\u011f\u0131n\u0131zda ilahi ruh e\u015finiz olabilecek potansiyeldeki ki\u015fileri hayat\u0131n\u0131za \u00e7ekersiniz. Onlarla tan\u0131\u015f\u0131r ve ileti\u015fim halinde olursunuz. Hayat\u0131n\u0131za bir yerden dokunur. Yaln\u0131z olan, ilahi ruh e\u015fini arayan, kadersel partnerini arayan herkes pembe kuvars ve ayta\u015f\u0131n\u0131 en az 21 g\u00fcn uyumlanmak i\u00e7in birlikte takabilirsiniz.  &nbsp;","og_url":"https:\/\/astrologelvan.com\/magaza\/urun\/ruh-esi-kolyesi-a-kalite\/","og_site_name":"Astrolog Elvan","article_modified_time":"2025-10-06T05:15:22+00:00","og_image":[{"width":1920,"height":2560,"url":"https:\/\/astrologelvan.com\/magaza\/wp-content\/uploads\/2024\/11\/ay-scaled.jpg","type":"image\/jpeg"}],"twitter_card":"summary_large_image","twitter_misc":{"Tahmini okuma s\u00fcresi":"1 dakika"},"schema":{"@context":"https:\/\/schema.org","@graph":[{"@type":["WebPage","ItemPage"],"@id":"https:\/\/astrologelvan.com\/magaza\/urun\/ruh-esi-kolyesi-a-kalite\/","url":"https:\/\/astrologelvan.com\/magaza\/urun\/ruh-esi-kolyesi-a-kalite\/","name":"RUH E\u015e\u0130 KOLYES\u0130 ( A KAL\u0130TE ) - Astrolog Elvan","isPartOf":{"@id":"https:\/\/astrologelvan.com\/magaza\/#website"},"primaryImageOfPage":{"@id":"https:\/\/astrologelvan.com\/magaza\/urun\/ruh-esi-kolyesi-a-kalite\/#primaryimage"},"image":{"@id":"https:\/\/astrologelvan.com\/magaza\/urun\/ruh-esi-kolyesi-a-kalite\/#primaryimage"},"thumbnailUrl":"https:\/\/astrologelvan.com\/magaza\/wp-content\/uploads\/2024\/11\/ay-scaled.jpg","datePublished":"2024-11-01T12:42:01+00:00","dateModified":"2025-10-06T05:15:22+00:00","breadcrumb":{"@id":"https:\/\/astrologelvan.com\/magaza\/urun\/ruh-esi-kolyesi-a-kalite\/#breadcrumb"},"inLanguage":"tr","potentialAction":[{"@type":"ReadAction","target":["https:\/\/astrologelvan.com\/magaza\/urun\/ruh-esi-kolyesi-a-kalite\/"]}]},{"@type":"ImageObject","inLanguage":"tr","@id":"https:\/\/astrologelvan.com\/magaza\/urun\/ruh-esi-kolyesi-a-kalite\/#primaryimage","url":"https:\/\/astrologelvan.com\/magaza\/wp-content\/uploads\/2024\/11\/ay-scaled.jpg","contentUrl":"https:\/\/astrologelvan.com\/magaza\/wp-content\/uploads\/2024\/11\/ay-scaled.jpg","width":1920,"height":2560},{"@type":"BreadcrumbList","@id":"https:\/\/astrologelvan.com\/magaza\/urun\/ruh-esi-kolyesi-a-kalite\/#breadcrumb","itemListElement":[{"@type":"ListItem","position":1,"name":"Anasayfa","item":"https:\/\/astrologelvan.com\/magaza\/"},{"@type":"ListItem","position":2,"name":"Ma\u011faza","item":"https:\/\/astrologelvan.com\/magaza\/magaza\/"},{"@type":"ListItem","position":3,"name":"RUH E\u015e\u0130 KOLYES\u0130 ( A KAL\u0130TE )"}]},{"@type":"WebSite","@id":"https:\/\/astrologelvan.com\/magaza\/#website","url":"https:\/\/astrologelvan.com\/magaza\/","name":"Astrolog Elvan","description":"","potentialAction":[{"@type":"SearchAction","target":{"@type":"EntryPoint","urlTemplate":"https:\/\/astrologelvan.com\/magaza\/?s={search_term_string}"},"query-input":{"@type":"PropertyValueSpecification","valueRequired":true,"valueName":"search_term_string"}}],"inLanguage":"tr"}]}},"_links":{"self":[{"href":"https:\/\/astrologelvan.com\/magaza\/wp-json\/wp\/v2\/product\/18788","targetHints":{"allow":["GET"]}}],"collection":[{"href":"https:\/\/astrologelvan.com\/magaza\/wp-json\/wp\/v2\/product"}],"about":[{"href":"https:\/\/astrologelvan.com\/magaza\/wp-json\/wp\/v2\/types\/product"}],"replies":[{"embeddable":true,"href":"https:\/\/astrologelvan.com\/magaza\/wp-json\/wp\/v2\/comments?post=18788"}],"wp:featuredmedia":[{"embeddable":true,"href":"https:\/\/astrologelvan.com\/magaza\/wp-json\/wp\/v2\/media\/18789"}],"wp:attachment":[{"href":"https:\/\/astrologelvan.com\/magaza\/wp-json\/wp\/v2\/media?parent=18788"}],"wp:term":[{"taxonomy":"product_brand","embeddable":true,"href":"https:\/\/astrologelvan.com\/magaza\/wp-json\/wp\/v2\/product_brand?post=18788"},{"taxonomy":"product_cat","embeddable":true,"href":"https:\/\/astrologelvan.com\/magaza\/wp-json\/wp\/v2\/product_cat?post=18788"},{"taxonomy":"product_tag","embeddable":true,"href":"https:\/\/astrologelvan.com\/magaza\/wp-json\/wp\/v2\/product_tag?post=18788"}],"curies":[{"name":"wp","href":"https:\/\/api.w.org\/{rel}","templated":true}]}}