{"id":18765,"date":"2024-11-01T13:41:55","date_gmt":"2024-11-01T10:41:55","guid":{"rendered":"https:\/\/astrologelvan.com\/magaza\/?post_type=product&#038;p=18765"},"modified":"2025-10-06T08:15:22","modified_gmt":"2025-10-06T05:15:22","slug":"ankh-charm","status":"publish","type":"product","link":"https:\/\/astrologelvan.com\/magaza\/urun\/ankh-charm\/","title":{"rendered":"ANKH CHARM"},"content":{"rendered":"<p>0,8 Gram<\/p>\n<p>925 Ayar G\u00fcm\u00fc\u015f \u00dczeri Alt\u0131n Kaplama<\/p>\n","protected":false},"excerpt":{"rendered":"<p>Ankh, Nil Nehri\u2019nin anahtar\u0131. M\u0131s\u0131r tarihinin en eski ve g\u00fc\u00e7l\u00fc sembollerinden. Kad\u0131n ve erke\u011fin birlikteli\u011fini anlat\u0131r. Sonsuz ya\u015fam d\u00f6ng\u00fcs\u00fcn\u00fc ve yeniden hayata gelmeyi temsil eder. T harfinin bir daire ile birle\u015fiminden olu\u015fur. T harfi, iki alem aras\u0131ndaki ileti\u015fimi ve ba\u011flant\u0131y\u0131 anlat\u0131r. Antik M\u0131s\u0131r\u2019da \u00f6l\u00fcler Ankh sembol\u00fc ile g\u00f6m\u00fcl\u00fcrlerdi. Daire ise g\u00f6ksel alemi sembolize eder.<\/p>\n<p>Ankh sembol\u00fc, ger\u00e7e\u011fi g\u00f6rmekle alakal\u0131d\u0131r. Bize anlat\u0131landan fazlas\u0131n\u0131 bilmek, s\u00f6ylenilenlerin \u00f6tesini g\u00f6rmek. Ruhsal amac\u0131m\u0131z\u0131 bulmaya yard\u0131mc\u0131 olur. Spirit\u00fcel bilgeli\u011fin bir i\u015fareti olarak ta\u015f\u0131d\u0131\u011f\u0131n\u0131zda g\u00fcnden g\u00fcne i\u00e7inizdeki de\u011fi\u015fime \u015fahit olacaks\u0131n\u0131z.<\/p>\n","protected":false},"featured_media":18768,"comment_status":"open","ping_status":"closed","template":"","meta":[],"product_brand":[],"product_cat":[26],"product_tag":[],"class_list":{"0":"post-18765","1":"product","2":"type-product","3":"status-publish","4":"has-post-thumbnail","6":"product_cat-genel","8":"first","9":"instock","10":"purchasable","11":"product-type-simple"},"yoast_head":"<!-- This site is optimized with the Yoast SEO plugin v27.3 - https:\/\/yoast.com\/product\/yoast-seo-wordpress\/ -->\n<title>ANKH CHARM - Astrolog Elvan<\/title>\n<meta name=\"robots\" content=\"index, follow, max-snippet:-1, max-image-preview:large, max-video-preview:-1\" \/>\n<link rel=\"canonical\" href=\"https:\/\/astrologelvan.com\/magaza\/urun\/ankh-charm\/\" \/>\n<meta property=\"og:locale\" content=\"tr_TR\" \/>\n<meta property=\"og:type\" content=\"article\" \/>\n<meta property=\"og:title\" content=\"ANKH CHARM - Astrolog Elvan\" \/>\n<meta property=\"og:description\" content=\"Ankh, Nil Nehri\u2019nin anahtar\u0131. M\u0131s\u0131r tarihinin en eski ve g\u00fc\u00e7l\u00fc sembollerinden. Kad\u0131n ve erke\u011fin birlikteli\u011fini anlat\u0131r. Sonsuz ya\u015fam d\u00f6ng\u00fcs\u00fcn\u00fc ve yeniden hayata gelmeyi temsil eder. T harfinin bir daire ile birle\u015fiminden olu\u015fur. T harfi, iki alem aras\u0131ndaki ileti\u015fimi ve ba\u011flant\u0131y\u0131 anlat\u0131r. Antik M\u0131s\u0131r\u2019da \u00f6l\u00fcler Ankh sembol\u00fc ile g\u00f6m\u00fcl\u00fcrlerdi. Daire ise g\u00f6ksel alemi sembolize eder.  Ankh sembol\u00fc, ger\u00e7e\u011fi g\u00f6rmekle alakal\u0131d\u0131r. Bize anlat\u0131landan fazlas\u0131n\u0131 bilmek, s\u00f6ylenilenlerin \u00f6tesini g\u00f6rmek. Ruhsal amac\u0131m\u0131z\u0131 bulmaya yard\u0131mc\u0131 olur. Spirit\u00fcel bilgeli\u011fin bir i\u015fareti olarak ta\u015f\u0131d\u0131\u011f\u0131n\u0131zda g\u00fcnden g\u00fcne i\u00e7inizdeki de\u011fi\u015fime \u015fahit olacaks\u0131n\u0131z.\" \/>\n<meta property=\"og:url\" content=\"https:\/\/astrologelvan.com\/magaza\/urun\/ankh-charm\/\" \/>\n<meta property=\"og:site_name\" content=\"Astrolog Elvan\" \/>\n<meta property=\"article:modified_time\" content=\"2025-10-06T05:15:22+00:00\" \/>\n<meta property=\"og:image\" content=\"https:\/\/astrologelvan.com\/magaza\/wp-content\/uploads\/2024\/11\/ankh-scaled.jpg\" \/>\n\t<meta property=\"og:image:width\" content=\"1920\" \/>\n\t<meta property=\"og:image:height\" content=\"2560\" \/>\n\t<meta property=\"og:image:type\" content=\"image\/jpeg\" \/>\n<meta name=\"twitter:card\" content=\"summary_large_image\" \/>\n<meta name=\"twitter:label1\" content=\"Tahmini okuma s\u00fcresi\" \/>\n\t<meta name=\"twitter:data1\" content=\"1 dakika\" \/>\n<script type=\"application\/ld+json\" class=\"yoast-schema-graph\">{\"@context\":\"https:\\\/\\\/schema.org\",\"@graph\":[{\"@type\":[\"WebPage\",\"ItemPage\"],\"@id\":\"https:\\\/\\\/astrologelvan.com\\\/magaza\\\/urun\\\/ankh-charm\\\/\",\"url\":\"https:\\\/\\\/astrologelvan.com\\\/magaza\\\/urun\\\/ankh-charm\\\/\",\"name\":\"ANKH CHARM - Astrolog Elvan\",\"isPartOf\":{\"@id\":\"https:\\\/\\\/astrologelvan.com\\\/magaza\\\/#website\"},\"primaryImageOfPage\":{\"@id\":\"https:\\\/\\\/astrologelvan.com\\\/magaza\\\/urun\\\/ankh-charm\\\/#primaryimage\"},\"image\":{\"@id\":\"https:\\\/\\\/astrologelvan.com\\\/magaza\\\/urun\\\/ankh-charm\\\/#primaryimage\"},\"thumbnailUrl\":\"https:\\\/\\\/astrologelvan.com\\\/magaza\\\/wp-content\\\/uploads\\\/2024\\\/11\\\/ankh-scaled.jpg\",\"datePublished\":\"2024-11-01T10:41:55+00:00\",\"dateModified\":\"2025-10-06T05:15:22+00:00\",\"breadcrumb\":{\"@id\":\"https:\\\/\\\/astrologelvan.com\\\/magaza\\\/urun\\\/ankh-charm\\\/#breadcrumb\"},\"inLanguage\":\"tr\",\"potentialAction\":[{\"@type\":\"ReadAction\",\"target\":[\"https:\\\/\\\/astrologelvan.com\\\/magaza\\\/urun\\\/ankh-charm\\\/\"]}]},{\"@type\":\"ImageObject\",\"inLanguage\":\"tr\",\"@id\":\"https:\\\/\\\/astrologelvan.com\\\/magaza\\\/urun\\\/ankh-charm\\\/#primaryimage\",\"url\":\"https:\\\/\\\/astrologelvan.com\\\/magaza\\\/wp-content\\\/uploads\\\/2024\\\/11\\\/ankh-scaled.jpg\",\"contentUrl\":\"https:\\\/\\\/astrologelvan.com\\\/magaza\\\/wp-content\\\/uploads\\\/2024\\\/11\\\/ankh-scaled.jpg\",\"width\":1920,\"height\":2560},{\"@type\":\"BreadcrumbList\",\"@id\":\"https:\\\/\\\/astrologelvan.com\\\/magaza\\\/urun\\\/ankh-charm\\\/#breadcrumb\",\"itemListElement\":[{\"@type\":\"ListItem\",\"position\":1,\"name\":\"Anasayfa\",\"item\":\"https:\\\/\\\/astrologelvan.com\\\/magaza\\\/\"},{\"@type\":\"ListItem\",\"position\":2,\"name\":\"Ma\u011faza\",\"item\":\"https:\\\/\\\/astrologelvan.com\\\/magaza\\\/magaza\\\/\"},{\"@type\":\"ListItem\",\"position\":3,\"name\":\"ANKH CHARM\"}]},{\"@type\":\"WebSite\",\"@id\":\"https:\\\/\\\/astrologelvan.com\\\/magaza\\\/#website\",\"url\":\"https:\\\/\\\/astrologelvan.com\\\/magaza\\\/\",\"name\":\"Astrolog Elvan\",\"description\":\"\",\"potentialAction\":[{\"@type\":\"SearchAction\",\"target\":{\"@type\":\"EntryPoint\",\"urlTemplate\":\"https:\\\/\\\/astrologelvan.com\\\/magaza\\\/?s={search_term_string}\"},\"query-input\":{\"@type\":\"PropertyValueSpecification\",\"valueRequired\":true,\"valueName\":\"search_term_string\"}}],\"inLanguage\":\"tr\"}]}<\/script>\n<!-- \/ Yoast SEO plugin. -->","yoast_head_json":{"title":"ANKH CHARM - Astrolog Elvan","robots":{"index":"index","follow":"follow","max-snippet":"max-snippet:-1","max-image-preview":"max-image-preview:large","max-video-preview":"max-video-preview:-1"},"canonical":"https:\/\/astrologelvan.com\/magaza\/urun\/ankh-charm\/","og_locale":"tr_TR","og_type":"article","og_title":"ANKH CHARM - Astrolog Elvan","og_description":"Ankh, Nil Nehri\u2019nin anahtar\u0131. M\u0131s\u0131r tarihinin en eski ve g\u00fc\u00e7l\u00fc sembollerinden. Kad\u0131n ve erke\u011fin birlikteli\u011fini anlat\u0131r. Sonsuz ya\u015fam d\u00f6ng\u00fcs\u00fcn\u00fc ve yeniden hayata gelmeyi temsil eder. T harfinin bir daire ile birle\u015fiminden olu\u015fur. T harfi, iki alem aras\u0131ndaki ileti\u015fimi ve ba\u011flant\u0131y\u0131 anlat\u0131r. Antik M\u0131s\u0131r\u2019da \u00f6l\u00fcler Ankh sembol\u00fc ile g\u00f6m\u00fcl\u00fcrlerdi. Daire ise g\u00f6ksel alemi sembolize eder.  Ankh sembol\u00fc, ger\u00e7e\u011fi g\u00f6rmekle alakal\u0131d\u0131r. Bize anlat\u0131landan fazlas\u0131n\u0131 bilmek, s\u00f6ylenilenlerin \u00f6tesini g\u00f6rmek. Ruhsal amac\u0131m\u0131z\u0131 bulmaya yard\u0131mc\u0131 olur. Spirit\u00fcel bilgeli\u011fin bir i\u015fareti olarak ta\u015f\u0131d\u0131\u011f\u0131n\u0131zda g\u00fcnden g\u00fcne i\u00e7inizdeki de\u011fi\u015fime \u015fahit olacaks\u0131n\u0131z.","og_url":"https:\/\/astrologelvan.com\/magaza\/urun\/ankh-charm\/","og_site_name":"Astrolog Elvan","article_modified_time":"2025-10-06T05:15:22+00:00","og_image":[{"width":1920,"height":2560,"url":"https:\/\/astrologelvan.com\/magaza\/wp-content\/uploads\/2024\/11\/ankh-scaled.jpg","type":"image\/jpeg"}],"twitter_card":"summary_large_image","twitter_misc":{"Tahmini okuma s\u00fcresi":"1 dakika"},"schema":{"@context":"https:\/\/schema.org","@graph":[{"@type":["WebPage","ItemPage"],"@id":"https:\/\/astrologelvan.com\/magaza\/urun\/ankh-charm\/","url":"https:\/\/astrologelvan.com\/magaza\/urun\/ankh-charm\/","name":"ANKH CHARM - Astrolog Elvan","isPartOf":{"@id":"https:\/\/astrologelvan.com\/magaza\/#website"},"primaryImageOfPage":{"@id":"https:\/\/astrologelvan.com\/magaza\/urun\/ankh-charm\/#primaryimage"},"image":{"@id":"https:\/\/astrologelvan.com\/magaza\/urun\/ankh-charm\/#primaryimage"},"thumbnailUrl":"https:\/\/astrologelvan.com\/magaza\/wp-content\/uploads\/2024\/11\/ankh-scaled.jpg","datePublished":"2024-11-01T10:41:55+00:00","dateModified":"2025-10-06T05:15:22+00:00","breadcrumb":{"@id":"https:\/\/astrologelvan.com\/magaza\/urun\/ankh-charm\/#breadcrumb"},"inLanguage":"tr","potentialAction":[{"@type":"ReadAction","target":["https:\/\/astrologelvan.com\/magaza\/urun\/ankh-charm\/"]}]},{"@type":"ImageObject","inLanguage":"tr","@id":"https:\/\/astrologelvan.com\/magaza\/urun\/ankh-charm\/#primaryimage","url":"https:\/\/astrologelvan.com\/magaza\/wp-content\/uploads\/2024\/11\/ankh-scaled.jpg","contentUrl":"https:\/\/astrologelvan.com\/magaza\/wp-content\/uploads\/2024\/11\/ankh-scaled.jpg","width":1920,"height":2560},{"@type":"BreadcrumbList","@id":"https:\/\/astrologelvan.com\/magaza\/urun\/ankh-charm\/#breadcrumb","itemListElement":[{"@type":"ListItem","position":1,"name":"Anasayfa","item":"https:\/\/astrologelvan.com\/magaza\/"},{"@type":"ListItem","position":2,"name":"Ma\u011faza","item":"https:\/\/astrologelvan.com\/magaza\/magaza\/"},{"@type":"ListItem","position":3,"name":"ANKH CHARM"}]},{"@type":"WebSite","@id":"https:\/\/astrologelvan.com\/magaza\/#website","url":"https:\/\/astrologelvan.com\/magaza\/","name":"Astrolog Elvan","description":"","potentialAction":[{"@type":"SearchAction","target":{"@type":"EntryPoint","urlTemplate":"https:\/\/astrologelvan.com\/magaza\/?s={search_term_string}"},"query-input":{"@type":"PropertyValueSpecification","valueRequired":true,"valueName":"search_term_string"}}],"inLanguage":"tr"}]}},"_links":{"self":[{"href":"https:\/\/astrologelvan.com\/magaza\/wp-json\/wp\/v2\/product\/18765","targetHints":{"allow":["GET"]}}],"collection":[{"href":"https:\/\/astrologelvan.com\/magaza\/wp-json\/wp\/v2\/product"}],"about":[{"href":"https:\/\/astrologelvan.com\/magaza\/wp-json\/wp\/v2\/types\/product"}],"replies":[{"embeddable":true,"href":"https:\/\/astrologelvan.com\/magaza\/wp-json\/wp\/v2\/comments?post=18765"}],"wp:featuredmedia":[{"embeddable":true,"href":"https:\/\/astrologelvan.com\/magaza\/wp-json\/wp\/v2\/media\/18768"}],"wp:attachment":[{"href":"https:\/\/astrologelvan.com\/magaza\/wp-json\/wp\/v2\/media?parent=18765"}],"wp:term":[{"taxonomy":"product_brand","embeddable":true,"href":"https:\/\/astrologelvan.com\/magaza\/wp-json\/wp\/v2\/product_brand?post=18765"},{"taxonomy":"product_cat","embeddable":true,"href":"https:\/\/astrologelvan.com\/magaza\/wp-json\/wp\/v2\/product_cat?post=18765"},{"taxonomy":"product_tag","embeddable":true,"href":"https:\/\/astrologelvan.com\/magaza\/wp-json\/wp\/v2\/product_tag?post=18765"}],"curies":[{"name":"wp","href":"https:\/\/api.w.org\/{rel}","templated":true}]}}