{"id":18714,"date":"2024-10-31T11:12:55","date_gmt":"2024-10-31T08:12:55","guid":{"rendered":"https:\/\/astrologelvan.com\/magaza\/?post_type=product&#038;p=18714"},"modified":"2025-10-06T08:15:22","modified_gmt":"2025-10-06T05:15:22","slug":"aytasi-unicorn-kolye","status":"publish","type":"product","link":"https:\/\/astrologelvan.com\/magaza\/urun\/aytasi-unicorn-kolye\/","title":{"rendered":"AYTA\u015eI UN\u0130CORN KOLYE"},"content":{"rendered":"<p>Kolye A\u011f\u0131rl\u0131\u011f\u0131: 85,5 Gram<\/p>\n<p>Kolye Uzunlu\u011fu: 40 CM<\/p>\n<p>925 Ayar G\u00fcm\u00fc\u015f<\/p>\n","protected":false},"excerpt":{"rendered":"<p>Ruhunun \u0131\u015f\u0131\u011f\u0131n\u0131 g\u00f6r:<\/p>\n<p>Ay ta\u015f\u0131; duygular\u0131m\u0131z\u0131 ifade etmeyi kolayla\u015ft\u0131ran ana ta\u015ft\u0131r. Duygular\u0131m\u0131z\u0131 kontrol edip, dengelemeye yarar. \u00d6zellikle a\u011flayamayanlar i\u00e7in tetikleyici bir ta\u015ft\u0131r. Takt\u0131ktan bir g\u00fcn sonra a\u011flamaya ba\u015flayabilirsiniz. Asl\u0131nda bu birikmi\u015f ve bast\u0131r\u0131lm\u0131\u015f duygular\u0131n\u0131z\u0131n d\u0131\u015fa vurulmas\u0131d\u0131r. Ayta\u015f\u0131n\u0131 takt\u0131k\u00e7a sezgileriniz g\u00fc\u00e7lenir. Size g\u00f6sterilenlerin ard\u0131ndaki ger\u00e7e\u011fi g\u00f6r\u00fcrs\u00fcn\u00fcz. Strese ve gerginli\u011fe \u00e7ok iyi gelir. \u00d6zellikle dolunay zamanlar\u0131nda takabilirsiniz.<\/p>\n<div>B\u00fct\u00fcn unicornlar (tek boynuzlu atlar) ayd\u0131nlanmam\u0131za yard\u0131mc\u0131 olur ve daha y\u00fcksek boyutlara ge\u00e7memizi sa\u011flar.<\/div>\n<div><\/div>\n<div>Unicornlar kozmik d\u00fczeyde bir grup bilincidir. K\u00e2inat\u0131n etraf\u0131nda dola\u015f\u0131p ne\u015fe ve bereket sa\u00e7an saf elmas beyaz\u0131 renginde yo\u011fun bir \u0131\u015f\u0131k k\u00fcmesi hayal edin. Bu, unicorn enerjisidir. Bu unicorn kolye sana temiz kalple ve b\u00fct\u00fcn\u00fcn hayr\u0131na diledi\u011fin her dile\u011fini getirmeye yard\u0131mc\u0131 olacak.<\/div>\n<div><\/div>\n<div>\u00dczerinde ta\u015f\u0131d\u0131\u011f\u0131n s\u00fcrece daha y\u00fcksek bir kozmik enerji alan\u0131nda oldu\u011funu fark edeceksin.<\/div>\n<div>Unicornlar tamamen ayd\u0131nlanm\u0131\u015ft\u0131r, bu sebeple al\u0131nlar\u0131ndaki \u00fc\u00e7\u00fcnc\u00fc g\u00f6z sonuna kadar a\u00e7\u0131kt\u0131r ve o kadar parlak bir \u0131\u015f\u0131k sa\u00e7ar ki bu \u0131\u015f\u0131k kat\u0131 bir cisim gibi g\u00f6r\u00fcn\u00fcr ve spiral bir boynuz \u015feklini al\u0131r. Unicorn kolyeni takt\u0131k\u00e7a 3. g\u00f6z\u00fcn\u00fcn de aktive oldu\u011funu g\u00f6receksin. Unicorn enerjisi ile hayat\u0131na mucizeleri \u00e7ekmeye haz\u0131rs\u0131n.<\/div>\n","protected":false},"featured_media":18715,"comment_status":"open","ping_status":"closed","template":"","meta":[],"product_brand":[],"product_cat":[26],"product_tag":[],"class_list":{"0":"post-18714","1":"product","2":"type-product","3":"status-publish","4":"has-post-thumbnail","6":"product_cat-genel","8":"first","9":"outofstock","10":"taxable","11":"shipping-taxable","12":"purchasable","13":"product-type-simple"},"yoast_head":"<!-- This site is optimized with the Yoast SEO plugin v27.3 - https:\/\/yoast.com\/product\/yoast-seo-wordpress\/ -->\n<title>AYTA\u015eI UN\u0130CORN KOLYE - Astrolog Elvan<\/title>\n<meta name=\"robots\" content=\"index, follow, max-snippet:-1, max-image-preview:large, max-video-preview:-1\" \/>\n<link rel=\"canonical\" href=\"https:\/\/astrologelvan.com\/magaza\/urun\/aytasi-unicorn-kolye\/\" \/>\n<meta property=\"og:locale\" content=\"tr_TR\" \/>\n<meta property=\"og:type\" content=\"article\" \/>\n<meta property=\"og:title\" content=\"AYTA\u015eI UN\u0130CORN KOLYE - Astrolog Elvan\" \/>\n<meta property=\"og:description\" content=\"Ruhunun \u0131\u015f\u0131\u011f\u0131n\u0131 g\u00f6r:  Ay ta\u015f\u0131; duygular\u0131m\u0131z\u0131 ifade etmeyi kolayla\u015ft\u0131ran ana ta\u015ft\u0131r. Duygular\u0131m\u0131z\u0131 kontrol edip, dengelemeye yarar. \u00d6zellikle a\u011flayamayanlar i\u00e7in tetikleyici bir ta\u015ft\u0131r. Takt\u0131ktan bir g\u00fcn sonra a\u011flamaya ba\u015flayabilirsiniz. Asl\u0131nda bu birikmi\u015f ve bast\u0131r\u0131lm\u0131\u015f duygular\u0131n\u0131z\u0131n d\u0131\u015fa vurulmas\u0131d\u0131r. Ayta\u015f\u0131n\u0131 takt\u0131k\u00e7a sezgileriniz g\u00fc\u00e7lenir. Size g\u00f6sterilenlerin ard\u0131ndaki ger\u00e7e\u011fi g\u00f6r\u00fcrs\u00fcn\u00fcz. Strese ve gerginli\u011fe \u00e7ok iyi gelir. \u00d6zellikle dolunay zamanlar\u0131nda takabilirsiniz. B\u00fct\u00fcn unicornlar (tek boynuzlu atlar) ayd\u0131nlanmam\u0131za yard\u0131mc\u0131 olur ve daha y\u00fcksek boyutlara ge\u00e7memizi sa\u011flar.  Unicornlar kozmik d\u00fczeyde bir grup bilincidir. K\u00e2inat\u0131n etraf\u0131nda dola\u015f\u0131p ne\u015fe ve bereket sa\u00e7an saf elmas beyaz\u0131 renginde yo\u011fun bir \u0131\u015f\u0131k k\u00fcmesi hayal edin. Bu, unicorn enerjisidir. Bu unicorn kolye sana temiz kalple ve b\u00fct\u00fcn\u00fcn hayr\u0131na diledi\u011fin her dile\u011fini getirmeye yard\u0131mc\u0131 olacak.  \u00dczerinde ta\u015f\u0131d\u0131\u011f\u0131n s\u00fcrece daha y\u00fcksek bir kozmik enerji alan\u0131nda oldu\u011funu fark edeceksin. Unicornlar tamamen ayd\u0131nlanm\u0131\u015ft\u0131r, bu sebeple al\u0131nlar\u0131ndaki \u00fc\u00e7\u00fcnc\u00fc g\u00f6z sonuna kadar a\u00e7\u0131kt\u0131r ve o kadar parlak bir \u0131\u015f\u0131k sa\u00e7ar ki bu \u0131\u015f\u0131k kat\u0131 bir cisim gibi g\u00f6r\u00fcn\u00fcr ve spiral bir boynuz \u015feklini al\u0131r. Unicorn kolyeni takt\u0131k\u00e7a 3. g\u00f6z\u00fcn\u00fcn de aktive oldu\u011funu g\u00f6receksin. Unicorn enerjisi ile hayat\u0131na mucizeleri \u00e7ekmeye haz\u0131rs\u0131n.\" \/>\n<meta property=\"og:url\" content=\"https:\/\/astrologelvan.com\/magaza\/urun\/aytasi-unicorn-kolye\/\" \/>\n<meta property=\"og:site_name\" content=\"Astrolog Elvan\" \/>\n<meta property=\"article:modified_time\" content=\"2025-10-06T05:15:22+00:00\" \/>\n<meta property=\"og:image\" content=\"https:\/\/astrologelvan.com\/magaza\/wp-content\/uploads\/2024\/10\/2-7.jpg\" \/>\n\t<meta property=\"og:image:width\" content=\"1600\" \/>\n\t<meta property=\"og:image:height\" content=\"1600\" \/>\n\t<meta property=\"og:image:type\" content=\"image\/jpeg\" \/>\n<meta name=\"twitter:card\" content=\"summary_large_image\" \/>\n<meta name=\"twitter:label1\" content=\"Tahmini okuma s\u00fcresi\" \/>\n\t<meta name=\"twitter:data1\" content=\"1 dakika\" \/>\n<script type=\"application\/ld+json\" class=\"yoast-schema-graph\">{\"@context\":\"https:\\\/\\\/schema.org\",\"@graph\":[{\"@type\":[\"WebPage\",\"ItemPage\"],\"@id\":\"https:\\\/\\\/astrologelvan.com\\\/magaza\\\/urun\\\/aytasi-unicorn-kolye\\\/\",\"url\":\"https:\\\/\\\/astrologelvan.com\\\/magaza\\\/urun\\\/aytasi-unicorn-kolye\\\/\",\"name\":\"AYTA\u015eI UN\u0130CORN KOLYE - Astrolog Elvan\",\"isPartOf\":{\"@id\":\"https:\\\/\\\/astrologelvan.com\\\/magaza\\\/#website\"},\"primaryImageOfPage\":{\"@id\":\"https:\\\/\\\/astrologelvan.com\\\/magaza\\\/urun\\\/aytasi-unicorn-kolye\\\/#primaryimage\"},\"image\":{\"@id\":\"https:\\\/\\\/astrologelvan.com\\\/magaza\\\/urun\\\/aytasi-unicorn-kolye\\\/#primaryimage\"},\"thumbnailUrl\":\"https:\\\/\\\/astrologelvan.com\\\/magaza\\\/wp-content\\\/uploads\\\/2024\\\/10\\\/2-7.jpg\",\"datePublished\":\"2024-10-31T08:12:55+00:00\",\"dateModified\":\"2025-10-06T05:15:22+00:00\",\"breadcrumb\":{\"@id\":\"https:\\\/\\\/astrologelvan.com\\\/magaza\\\/urun\\\/aytasi-unicorn-kolye\\\/#breadcrumb\"},\"inLanguage\":\"tr\",\"potentialAction\":[{\"@type\":\"ReadAction\",\"target\":[\"https:\\\/\\\/astrologelvan.com\\\/magaza\\\/urun\\\/aytasi-unicorn-kolye\\\/\"]}]},{\"@type\":\"ImageObject\",\"inLanguage\":\"tr\",\"@id\":\"https:\\\/\\\/astrologelvan.com\\\/magaza\\\/urun\\\/aytasi-unicorn-kolye\\\/#primaryimage\",\"url\":\"https:\\\/\\\/astrologelvan.com\\\/magaza\\\/wp-content\\\/uploads\\\/2024\\\/10\\\/2-7.jpg\",\"contentUrl\":\"https:\\\/\\\/astrologelvan.com\\\/magaza\\\/wp-content\\\/uploads\\\/2024\\\/10\\\/2-7.jpg\",\"width\":1600,\"height\":1600},{\"@type\":\"BreadcrumbList\",\"@id\":\"https:\\\/\\\/astrologelvan.com\\\/magaza\\\/urun\\\/aytasi-unicorn-kolye\\\/#breadcrumb\",\"itemListElement\":[{\"@type\":\"ListItem\",\"position\":1,\"name\":\"Anasayfa\",\"item\":\"https:\\\/\\\/astrologelvan.com\\\/magaza\\\/\"},{\"@type\":\"ListItem\",\"position\":2,\"name\":\"Ma\u011faza\",\"item\":\"https:\\\/\\\/astrologelvan.com\\\/magaza\\\/magaza\\\/\"},{\"@type\":\"ListItem\",\"position\":3,\"name\":\"AYTA\u015eI UN\u0130CORN KOLYE\"}]},{\"@type\":\"WebSite\",\"@id\":\"https:\\\/\\\/astrologelvan.com\\\/magaza\\\/#website\",\"url\":\"https:\\\/\\\/astrologelvan.com\\\/magaza\\\/\",\"name\":\"Astrolog Elvan\",\"description\":\"\",\"potentialAction\":[{\"@type\":\"SearchAction\",\"target\":{\"@type\":\"EntryPoint\",\"urlTemplate\":\"https:\\\/\\\/astrologelvan.com\\\/magaza\\\/?s={search_term_string}\"},\"query-input\":{\"@type\":\"PropertyValueSpecification\",\"valueRequired\":true,\"valueName\":\"search_term_string\"}}],\"inLanguage\":\"tr\"}]}<\/script>\n<!-- \/ Yoast SEO plugin. -->","yoast_head_json":{"title":"AYTA\u015eI UN\u0130CORN KOLYE - Astrolog Elvan","robots":{"index":"index","follow":"follow","max-snippet":"max-snippet:-1","max-image-preview":"max-image-preview:large","max-video-preview":"max-video-preview:-1"},"canonical":"https:\/\/astrologelvan.com\/magaza\/urun\/aytasi-unicorn-kolye\/","og_locale":"tr_TR","og_type":"article","og_title":"AYTA\u015eI UN\u0130CORN KOLYE - Astrolog Elvan","og_description":"Ruhunun \u0131\u015f\u0131\u011f\u0131n\u0131 g\u00f6r:  Ay ta\u015f\u0131; duygular\u0131m\u0131z\u0131 ifade etmeyi kolayla\u015ft\u0131ran ana ta\u015ft\u0131r. Duygular\u0131m\u0131z\u0131 kontrol edip, dengelemeye yarar. \u00d6zellikle a\u011flayamayanlar i\u00e7in tetikleyici bir ta\u015ft\u0131r. Takt\u0131ktan bir g\u00fcn sonra a\u011flamaya ba\u015flayabilirsiniz. Asl\u0131nda bu birikmi\u015f ve bast\u0131r\u0131lm\u0131\u015f duygular\u0131n\u0131z\u0131n d\u0131\u015fa vurulmas\u0131d\u0131r. Ayta\u015f\u0131n\u0131 takt\u0131k\u00e7a sezgileriniz g\u00fc\u00e7lenir. Size g\u00f6sterilenlerin ard\u0131ndaki ger\u00e7e\u011fi g\u00f6r\u00fcrs\u00fcn\u00fcz. Strese ve gerginli\u011fe \u00e7ok iyi gelir. \u00d6zellikle dolunay zamanlar\u0131nda takabilirsiniz. B\u00fct\u00fcn unicornlar (tek boynuzlu atlar) ayd\u0131nlanmam\u0131za yard\u0131mc\u0131 olur ve daha y\u00fcksek boyutlara ge\u00e7memizi sa\u011flar.  Unicornlar kozmik d\u00fczeyde bir grup bilincidir. K\u00e2inat\u0131n etraf\u0131nda dola\u015f\u0131p ne\u015fe ve bereket sa\u00e7an saf elmas beyaz\u0131 renginde yo\u011fun bir \u0131\u015f\u0131k k\u00fcmesi hayal edin. Bu, unicorn enerjisidir. Bu unicorn kolye sana temiz kalple ve b\u00fct\u00fcn\u00fcn hayr\u0131na diledi\u011fin her dile\u011fini getirmeye yard\u0131mc\u0131 olacak.  \u00dczerinde ta\u015f\u0131d\u0131\u011f\u0131n s\u00fcrece daha y\u00fcksek bir kozmik enerji alan\u0131nda oldu\u011funu fark edeceksin. Unicornlar tamamen ayd\u0131nlanm\u0131\u015ft\u0131r, bu sebeple al\u0131nlar\u0131ndaki \u00fc\u00e7\u00fcnc\u00fc g\u00f6z sonuna kadar a\u00e7\u0131kt\u0131r ve o kadar parlak bir \u0131\u015f\u0131k sa\u00e7ar ki bu \u0131\u015f\u0131k kat\u0131 bir cisim gibi g\u00f6r\u00fcn\u00fcr ve spiral bir boynuz \u015feklini al\u0131r. Unicorn kolyeni takt\u0131k\u00e7a 3. g\u00f6z\u00fcn\u00fcn de aktive oldu\u011funu g\u00f6receksin. Unicorn enerjisi ile hayat\u0131na mucizeleri \u00e7ekmeye haz\u0131rs\u0131n.","og_url":"https:\/\/astrologelvan.com\/magaza\/urun\/aytasi-unicorn-kolye\/","og_site_name":"Astrolog Elvan","article_modified_time":"2025-10-06T05:15:22+00:00","og_image":[{"width":1600,"height":1600,"url":"https:\/\/astrologelvan.com\/magaza\/wp-content\/uploads\/2024\/10\/2-7.jpg","type":"image\/jpeg"}],"twitter_card":"summary_large_image","twitter_misc":{"Tahmini okuma s\u00fcresi":"1 dakika"},"schema":{"@context":"https:\/\/schema.org","@graph":[{"@type":["WebPage","ItemPage"],"@id":"https:\/\/astrologelvan.com\/magaza\/urun\/aytasi-unicorn-kolye\/","url":"https:\/\/astrologelvan.com\/magaza\/urun\/aytasi-unicorn-kolye\/","name":"AYTA\u015eI UN\u0130CORN KOLYE - Astrolog Elvan","isPartOf":{"@id":"https:\/\/astrologelvan.com\/magaza\/#website"},"primaryImageOfPage":{"@id":"https:\/\/astrologelvan.com\/magaza\/urun\/aytasi-unicorn-kolye\/#primaryimage"},"image":{"@id":"https:\/\/astrologelvan.com\/magaza\/urun\/aytasi-unicorn-kolye\/#primaryimage"},"thumbnailUrl":"https:\/\/astrologelvan.com\/magaza\/wp-content\/uploads\/2024\/10\/2-7.jpg","datePublished":"2024-10-31T08:12:55+00:00","dateModified":"2025-10-06T05:15:22+00:00","breadcrumb":{"@id":"https:\/\/astrologelvan.com\/magaza\/urun\/aytasi-unicorn-kolye\/#breadcrumb"},"inLanguage":"tr","potentialAction":[{"@type":"ReadAction","target":["https:\/\/astrologelvan.com\/magaza\/urun\/aytasi-unicorn-kolye\/"]}]},{"@type":"ImageObject","inLanguage":"tr","@id":"https:\/\/astrologelvan.com\/magaza\/urun\/aytasi-unicorn-kolye\/#primaryimage","url":"https:\/\/astrologelvan.com\/magaza\/wp-content\/uploads\/2024\/10\/2-7.jpg","contentUrl":"https:\/\/astrologelvan.com\/magaza\/wp-content\/uploads\/2024\/10\/2-7.jpg","width":1600,"height":1600},{"@type":"BreadcrumbList","@id":"https:\/\/astrologelvan.com\/magaza\/urun\/aytasi-unicorn-kolye\/#breadcrumb","itemListElement":[{"@type":"ListItem","position":1,"name":"Anasayfa","item":"https:\/\/astrologelvan.com\/magaza\/"},{"@type":"ListItem","position":2,"name":"Ma\u011faza","item":"https:\/\/astrologelvan.com\/magaza\/magaza\/"},{"@type":"ListItem","position":3,"name":"AYTA\u015eI UN\u0130CORN KOLYE"}]},{"@type":"WebSite","@id":"https:\/\/astrologelvan.com\/magaza\/#website","url":"https:\/\/astrologelvan.com\/magaza\/","name":"Astrolog Elvan","description":"","potentialAction":[{"@type":"SearchAction","target":{"@type":"EntryPoint","urlTemplate":"https:\/\/astrologelvan.com\/magaza\/?s={search_term_string}"},"query-input":{"@type":"PropertyValueSpecification","valueRequired":true,"valueName":"search_term_string"}}],"inLanguage":"tr"}]}},"_links":{"self":[{"href":"https:\/\/astrologelvan.com\/magaza\/wp-json\/wp\/v2\/product\/18714","targetHints":{"allow":["GET"]}}],"collection":[{"href":"https:\/\/astrologelvan.com\/magaza\/wp-json\/wp\/v2\/product"}],"about":[{"href":"https:\/\/astrologelvan.com\/magaza\/wp-json\/wp\/v2\/types\/product"}],"replies":[{"embeddable":true,"href":"https:\/\/astrologelvan.com\/magaza\/wp-json\/wp\/v2\/comments?post=18714"}],"wp:featuredmedia":[{"embeddable":true,"href":"https:\/\/astrologelvan.com\/magaza\/wp-json\/wp\/v2\/media\/18715"}],"wp:attachment":[{"href":"https:\/\/astrologelvan.com\/magaza\/wp-json\/wp\/v2\/media?parent=18714"}],"wp:term":[{"taxonomy":"product_brand","embeddable":true,"href":"https:\/\/astrologelvan.com\/magaza\/wp-json\/wp\/v2\/product_brand?post=18714"},{"taxonomy":"product_cat","embeddable":true,"href":"https:\/\/astrologelvan.com\/magaza\/wp-json\/wp\/v2\/product_cat?post=18714"},{"taxonomy":"product_tag","embeddable":true,"href":"https:\/\/astrologelvan.com\/magaza\/wp-json\/wp\/v2\/product_tag?post=18714"}],"curies":[{"name":"wp","href":"https:\/\/api.w.org\/{rel}","templated":true}]}}