{"id":18628,"date":"2024-10-30T12:53:16","date_gmt":"2024-10-30T09:53:16","guid":{"rendered":"https:\/\/astrologelvan.com\/magaza\/?post_type=product&#038;p=18628"},"modified":"2025-10-06T08:15:22","modified_gmt":"2025-10-06T05:15:22","slug":"kadin-kilic-kolye","status":"publish","type":"product","link":"https:\/\/astrologelvan.com\/magaza\/urun\/kadin-kilic-kolye\/","title":{"rendered":"KADIN KILI\u00c7 KOLYE"},"content":{"rendered":"<p>Kolye A\u011f\u0131rl\u0131\u011f\u0131: 6,3<\/p>\n<p>Zincir Uzunlu\u011fu: 50+5 cm<\/p>\n<p>925 Ayar G\u00fcm\u00fc\u015f<\/p>\n","protected":false},"excerpt":{"rendered":"<p>K\u0131l\u0131\u00e7 sembol\u00fc, adaletin, iyinin, k\u00f6t\u00fcl\u00fc\u011f\u00fcn karanl\u0131\u011f\u0131n\u0131 yok etmesinin, adil olman\u0131n, d\u00fcr\u00fcstl\u00fc\u011f\u00fcn ve yi\u011fitli\u011fin sembol\u00fcd\u00fcr.<\/p>\n<p>Simyada ar\u0131nmay\u0131 temsil eder. Eril di\u015fi enerjiyi dengeler ve y\u00fckseltir.<\/p>\n<p>Kad\u0131nlarda ise e\u011fer \u00e7ok pasif, g\u00fc\u00e7s\u00fcz ve cesaretsiz iseniz bu konular\u0131 dengelemek i\u00e7in takabilirsiniz.<\/p>\n","protected":false},"featured_media":18629,"comment_status":"open","ping_status":"closed","template":"","meta":[],"product_brand":[],"product_cat":[255,48],"product_tag":[],"class_list":{"0":"post-18628","1":"product","2":"type-product","3":"status-publish","4":"has-post-thumbnail","6":"product_cat-gumus-kolye","7":"product_cat-kolyeler","9":"first","10":"instock","11":"purchasable","12":"product-type-simple"},"yoast_head":"<!-- This site is optimized with the Yoast SEO plugin v27.3 - https:\/\/yoast.com\/product\/yoast-seo-wordpress\/ -->\n<title>KADIN KILI\u00c7 KOLYE - Astrolog Elvan<\/title>\n<meta name=\"robots\" content=\"index, follow, max-snippet:-1, max-image-preview:large, max-video-preview:-1\" \/>\n<link rel=\"canonical\" href=\"https:\/\/astrologelvan.com\/magaza\/urun\/kadin-kilic-kolye\/\" \/>\n<meta property=\"og:locale\" content=\"tr_TR\" \/>\n<meta property=\"og:type\" content=\"article\" \/>\n<meta property=\"og:title\" content=\"KADIN KILI\u00c7 KOLYE - Astrolog Elvan\" \/>\n<meta property=\"og:description\" content=\"K\u0131l\u0131\u00e7 sembol\u00fc, adaletin, iyinin, k\u00f6t\u00fcl\u00fc\u011f\u00fcn karanl\u0131\u011f\u0131n\u0131 yok etmesinin, adil olman\u0131n, d\u00fcr\u00fcstl\u00fc\u011f\u00fcn ve yi\u011fitli\u011fin sembol\u00fcd\u00fcr.  Simyada ar\u0131nmay\u0131 temsil eder. Eril di\u015fi enerjiyi dengeler ve y\u00fckseltir.  Kad\u0131nlarda ise e\u011fer \u00e7ok pasif, g\u00fc\u00e7s\u00fcz ve cesaretsiz iseniz bu konular\u0131 dengelemek i\u00e7in takabilirsiniz.\" \/>\n<meta property=\"og:url\" content=\"https:\/\/astrologelvan.com\/magaza\/urun\/kadin-kilic-kolye\/\" \/>\n<meta property=\"og:site_name\" content=\"Astrolog Elvan\" \/>\n<meta property=\"article:modified_time\" content=\"2025-10-06T05:15:22+00:00\" \/>\n<meta property=\"og:image\" content=\"https:\/\/astrologelvan.com\/magaza\/wp-content\/uploads\/2024\/10\/kadin-kilic-kolye-scaled.jpg\" \/>\n\t<meta property=\"og:image:width\" content=\"1920\" \/>\n\t<meta property=\"og:image:height\" content=\"2560\" \/>\n\t<meta property=\"og:image:type\" content=\"image\/jpeg\" \/>\n<meta name=\"twitter:card\" content=\"summary_large_image\" \/>\n<meta name=\"twitter:label1\" content=\"Tahmini okuma s\u00fcresi\" \/>\n\t<meta name=\"twitter:data1\" content=\"1 dakika\" \/>\n<script type=\"application\/ld+json\" class=\"yoast-schema-graph\">{\"@context\":\"https:\\\/\\\/schema.org\",\"@graph\":[{\"@type\":[\"WebPage\",\"ItemPage\"],\"@id\":\"https:\\\/\\\/astrologelvan.com\\\/magaza\\\/urun\\\/kadin-kilic-kolye\\\/\",\"url\":\"https:\\\/\\\/astrologelvan.com\\\/magaza\\\/urun\\\/kadin-kilic-kolye\\\/\",\"name\":\"KADIN KILI\u00c7 KOLYE - Astrolog Elvan\",\"isPartOf\":{\"@id\":\"https:\\\/\\\/astrologelvan.com\\\/magaza\\\/#website\"},\"primaryImageOfPage\":{\"@id\":\"https:\\\/\\\/astrologelvan.com\\\/magaza\\\/urun\\\/kadin-kilic-kolye\\\/#primaryimage\"},\"image\":{\"@id\":\"https:\\\/\\\/astrologelvan.com\\\/magaza\\\/urun\\\/kadin-kilic-kolye\\\/#primaryimage\"},\"thumbnailUrl\":\"https:\\\/\\\/astrologelvan.com\\\/magaza\\\/wp-content\\\/uploads\\\/2024\\\/10\\\/kadin-kilic-kolye-scaled.jpg\",\"datePublished\":\"2024-10-30T09:53:16+00:00\",\"dateModified\":\"2025-10-06T05:15:22+00:00\",\"breadcrumb\":{\"@id\":\"https:\\\/\\\/astrologelvan.com\\\/magaza\\\/urun\\\/kadin-kilic-kolye\\\/#breadcrumb\"},\"inLanguage\":\"tr\",\"potentialAction\":[{\"@type\":\"ReadAction\",\"target\":[\"https:\\\/\\\/astrologelvan.com\\\/magaza\\\/urun\\\/kadin-kilic-kolye\\\/\"]}]},{\"@type\":\"ImageObject\",\"inLanguage\":\"tr\",\"@id\":\"https:\\\/\\\/astrologelvan.com\\\/magaza\\\/urun\\\/kadin-kilic-kolye\\\/#primaryimage\",\"url\":\"https:\\\/\\\/astrologelvan.com\\\/magaza\\\/wp-content\\\/uploads\\\/2024\\\/10\\\/kadin-kilic-kolye-scaled.jpg\",\"contentUrl\":\"https:\\\/\\\/astrologelvan.com\\\/magaza\\\/wp-content\\\/uploads\\\/2024\\\/10\\\/kadin-kilic-kolye-scaled.jpg\",\"width\":1920,\"height\":2560},{\"@type\":\"BreadcrumbList\",\"@id\":\"https:\\\/\\\/astrologelvan.com\\\/magaza\\\/urun\\\/kadin-kilic-kolye\\\/#breadcrumb\",\"itemListElement\":[{\"@type\":\"ListItem\",\"position\":1,\"name\":\"Anasayfa\",\"item\":\"https:\\\/\\\/astrologelvan.com\\\/magaza\\\/\"},{\"@type\":\"ListItem\",\"position\":2,\"name\":\"Ma\u011faza\",\"item\":\"https:\\\/\\\/astrologelvan.com\\\/magaza\\\/magaza\\\/\"},{\"@type\":\"ListItem\",\"position\":3,\"name\":\"KADIN KILI\u00c7 KOLYE\"}]},{\"@type\":\"WebSite\",\"@id\":\"https:\\\/\\\/astrologelvan.com\\\/magaza\\\/#website\",\"url\":\"https:\\\/\\\/astrologelvan.com\\\/magaza\\\/\",\"name\":\"Astrolog Elvan\",\"description\":\"\",\"potentialAction\":[{\"@type\":\"SearchAction\",\"target\":{\"@type\":\"EntryPoint\",\"urlTemplate\":\"https:\\\/\\\/astrologelvan.com\\\/magaza\\\/?s={search_term_string}\"},\"query-input\":{\"@type\":\"PropertyValueSpecification\",\"valueRequired\":true,\"valueName\":\"search_term_string\"}}],\"inLanguage\":\"tr\"}]}<\/script>\n<!-- \/ Yoast SEO plugin. -->","yoast_head_json":{"title":"KADIN KILI\u00c7 KOLYE - Astrolog Elvan","robots":{"index":"index","follow":"follow","max-snippet":"max-snippet:-1","max-image-preview":"max-image-preview:large","max-video-preview":"max-video-preview:-1"},"canonical":"https:\/\/astrologelvan.com\/magaza\/urun\/kadin-kilic-kolye\/","og_locale":"tr_TR","og_type":"article","og_title":"KADIN KILI\u00c7 KOLYE - Astrolog Elvan","og_description":"K\u0131l\u0131\u00e7 sembol\u00fc, adaletin, iyinin, k\u00f6t\u00fcl\u00fc\u011f\u00fcn karanl\u0131\u011f\u0131n\u0131 yok etmesinin, adil olman\u0131n, d\u00fcr\u00fcstl\u00fc\u011f\u00fcn ve yi\u011fitli\u011fin sembol\u00fcd\u00fcr.  Simyada ar\u0131nmay\u0131 temsil eder. Eril di\u015fi enerjiyi dengeler ve y\u00fckseltir.  Kad\u0131nlarda ise e\u011fer \u00e7ok pasif, g\u00fc\u00e7s\u00fcz ve cesaretsiz iseniz bu konular\u0131 dengelemek i\u00e7in takabilirsiniz.","og_url":"https:\/\/astrologelvan.com\/magaza\/urun\/kadin-kilic-kolye\/","og_site_name":"Astrolog Elvan","article_modified_time":"2025-10-06T05:15:22+00:00","og_image":[{"width":1920,"height":2560,"url":"https:\/\/astrologelvan.com\/magaza\/wp-content\/uploads\/2024\/10\/kadin-kilic-kolye-scaled.jpg","type":"image\/jpeg"}],"twitter_card":"summary_large_image","twitter_misc":{"Tahmini okuma s\u00fcresi":"1 dakika"},"schema":{"@context":"https:\/\/schema.org","@graph":[{"@type":["WebPage","ItemPage"],"@id":"https:\/\/astrologelvan.com\/magaza\/urun\/kadin-kilic-kolye\/","url":"https:\/\/astrologelvan.com\/magaza\/urun\/kadin-kilic-kolye\/","name":"KADIN KILI\u00c7 KOLYE - Astrolog Elvan","isPartOf":{"@id":"https:\/\/astrologelvan.com\/magaza\/#website"},"primaryImageOfPage":{"@id":"https:\/\/astrologelvan.com\/magaza\/urun\/kadin-kilic-kolye\/#primaryimage"},"image":{"@id":"https:\/\/astrologelvan.com\/magaza\/urun\/kadin-kilic-kolye\/#primaryimage"},"thumbnailUrl":"https:\/\/astrologelvan.com\/magaza\/wp-content\/uploads\/2024\/10\/kadin-kilic-kolye-scaled.jpg","datePublished":"2024-10-30T09:53:16+00:00","dateModified":"2025-10-06T05:15:22+00:00","breadcrumb":{"@id":"https:\/\/astrologelvan.com\/magaza\/urun\/kadin-kilic-kolye\/#breadcrumb"},"inLanguage":"tr","potentialAction":[{"@type":"ReadAction","target":["https:\/\/astrologelvan.com\/magaza\/urun\/kadin-kilic-kolye\/"]}]},{"@type":"ImageObject","inLanguage":"tr","@id":"https:\/\/astrologelvan.com\/magaza\/urun\/kadin-kilic-kolye\/#primaryimage","url":"https:\/\/astrologelvan.com\/magaza\/wp-content\/uploads\/2024\/10\/kadin-kilic-kolye-scaled.jpg","contentUrl":"https:\/\/astrologelvan.com\/magaza\/wp-content\/uploads\/2024\/10\/kadin-kilic-kolye-scaled.jpg","width":1920,"height":2560},{"@type":"BreadcrumbList","@id":"https:\/\/astrologelvan.com\/magaza\/urun\/kadin-kilic-kolye\/#breadcrumb","itemListElement":[{"@type":"ListItem","position":1,"name":"Anasayfa","item":"https:\/\/astrologelvan.com\/magaza\/"},{"@type":"ListItem","position":2,"name":"Ma\u011faza","item":"https:\/\/astrologelvan.com\/magaza\/magaza\/"},{"@type":"ListItem","position":3,"name":"KADIN KILI\u00c7 KOLYE"}]},{"@type":"WebSite","@id":"https:\/\/astrologelvan.com\/magaza\/#website","url":"https:\/\/astrologelvan.com\/magaza\/","name":"Astrolog Elvan","description":"","potentialAction":[{"@type":"SearchAction","target":{"@type":"EntryPoint","urlTemplate":"https:\/\/astrologelvan.com\/magaza\/?s={search_term_string}"},"query-input":{"@type":"PropertyValueSpecification","valueRequired":true,"valueName":"search_term_string"}}],"inLanguage":"tr"}]}},"_links":{"self":[{"href":"https:\/\/astrologelvan.com\/magaza\/wp-json\/wp\/v2\/product\/18628","targetHints":{"allow":["GET"]}}],"collection":[{"href":"https:\/\/astrologelvan.com\/magaza\/wp-json\/wp\/v2\/product"}],"about":[{"href":"https:\/\/astrologelvan.com\/magaza\/wp-json\/wp\/v2\/types\/product"}],"replies":[{"embeddable":true,"href":"https:\/\/astrologelvan.com\/magaza\/wp-json\/wp\/v2\/comments?post=18628"}],"wp:featuredmedia":[{"embeddable":true,"href":"https:\/\/astrologelvan.com\/magaza\/wp-json\/wp\/v2\/media\/18629"}],"wp:attachment":[{"href":"https:\/\/astrologelvan.com\/magaza\/wp-json\/wp\/v2\/media?parent=18628"}],"wp:term":[{"taxonomy":"product_brand","embeddable":true,"href":"https:\/\/astrologelvan.com\/magaza\/wp-json\/wp\/v2\/product_brand?post=18628"},{"taxonomy":"product_cat","embeddable":true,"href":"https:\/\/astrologelvan.com\/magaza\/wp-json\/wp\/v2\/product_cat?post=18628"},{"taxonomy":"product_tag","embeddable":true,"href":"https:\/\/astrologelvan.com\/magaza\/wp-json\/wp\/v2\/product_tag?post=18628"}],"curies":[{"name":"wp","href":"https:\/\/api.w.org\/{rel}","templated":true}]}}