{"id":18597,"date":"2024-10-30T11:09:25","date_gmt":"2024-10-30T08:09:25","guid":{"rendered":"https:\/\/astrologelvan.com\/magaza\/?post_type=product&#038;p=18597"},"modified":"2026-03-10T12:55:08","modified_gmt":"2026-03-10T09:55:08","slug":"ametrin-kayac-form-kolye","status":"publish","type":"product","link":"https:\/\/astrologelvan.com\/magaza\/urun\/ametrin-kayac-form-kolye\/","title":{"rendered":"AMETR\u0130N KAYA\u00c7 FORM KOLYE"},"content":{"rendered":"<p>Kolye A\u011f\u0131rl\u0131\u011f\u0131: 11,8 Gram<\/p>\n","protected":false},"excerpt":{"rendered":"<p>Ametrin ta\u015f\u0131n\u0131n olu\u015fumu, Ametist ta\u015f\u0131 ile Sitrin ta\u015f\u0131n\u0131n sentezinden olu\u015fur<\/p>\n<p><strong>Ametist Ta\u015f\u0131:<\/strong><\/p>\n<p>\u00d6fke, kin ve korkuyu yat\u0131\u015ft\u0131r\u0131r stresi giderir ve pozitif enerji verir. Do\u011fal bir sakinle\u015ftiricidir.\u00a0 Negatif elektrik y\u00fck\u00fc ta\u015f\u0131d\u0131\u011f\u0131ndan dolay\u0131: bedendeki fazla elektrik y\u00fck\u00fcn\u00fc topraklayarak beyin g\u00fcc\u00fcn\u00fc y\u00fckseltti\u011fi d\u00fc\u015f\u00fcn\u00fclmektedir. Bir meditasyon ta\u015f\u0131 oldu\u011fu d\u00fc\u015f\u00fcn\u00fclmektedir. Odaklanmay\u0131 kuvvetlendirir. En etkili oldu\u011fu faydalar\u0131 aras\u0131nda negatif enerjiyi pozitif enerjiye \u00e7evirmesi olarak d\u00fc\u015f\u00fcn\u00fclmektedir.<\/p>\n<p><strong>Sitrin Ta\u015f\u0131:<\/strong><\/p>\n<p>Hayat\u0131n\u0131za bolluk, bereket ve \u015fans\u0131 \u00e7ekin! Para ta\u015f\u0131 olarak da bilinen Sitrin kolyeyi kullanmaya ba\u015flad\u0131\u011f\u0131n\u0131z andan itibaren finansal a\u00e7\u0131dan f\u0131rsatlar\u0131 hayat\u0131n\u0131za \u00e7ekersiniz. Ada\u00e7ay\u0131 ile t\u00fcts\u00fcleyip, \u015fans ve berekete niyet ederek takabilirsiniz!<\/p>\n<h1 class=\"product-title product_title entry-title\"><\/h1>\n","protected":false},"featured_media":18603,"comment_status":"open","ping_status":"closed","template":"","meta":[],"product_brand":[],"product_cat":[178,26],"product_tag":[],"class_list":{"0":"post-18597","1":"product","2":"type-product","3":"status-publish","4":"has-post-thumbnail","6":"product_cat-ametrin-tasi","7":"product_cat-genel","9":"first","10":"outofstock","11":"taxable","12":"shipping-taxable","13":"purchasable","14":"product-type-variable"},"yoast_head":"<!-- This site is optimized with the Yoast SEO plugin v27.3 - https:\/\/yoast.com\/product\/yoast-seo-wordpress\/ -->\n<title>AMETR\u0130N KAYA\u00c7 FORM KOLYE - Astrolog Elvan<\/title>\n<meta name=\"robots\" content=\"index, follow, max-snippet:-1, max-image-preview:large, max-video-preview:-1\" \/>\n<link rel=\"canonical\" href=\"https:\/\/astrologelvan.com\/magaza\/urun\/ametrin-kayac-form-kolye\/\" \/>\n<meta property=\"og:locale\" content=\"tr_TR\" \/>\n<meta property=\"og:type\" content=\"article\" \/>\n<meta property=\"og:title\" content=\"AMETR\u0130N KAYA\u00c7 FORM KOLYE - Astrolog Elvan\" \/>\n<meta property=\"og:description\" content=\"Ametrin ta\u015f\u0131n\u0131n olu\u015fumu, Ametist ta\u015f\u0131 ile Sitrin ta\u015f\u0131n\u0131n sentezinden olu\u015fur  Ametist Ta\u015f\u0131:  \u00d6fke, kin ve korkuyu yat\u0131\u015ft\u0131r\u0131r stresi giderir ve pozitif enerji verir. Do\u011fal bir sakinle\u015ftiricidir.\u00a0 Negatif elektrik y\u00fck\u00fc ta\u015f\u0131d\u0131\u011f\u0131ndan dolay\u0131: bedendeki fazla elektrik y\u00fck\u00fcn\u00fc topraklayarak beyin g\u00fcc\u00fcn\u00fc y\u00fckseltti\u011fi d\u00fc\u015f\u00fcn\u00fclmektedir. Bir meditasyon ta\u015f\u0131 oldu\u011fu d\u00fc\u015f\u00fcn\u00fclmektedir. Odaklanmay\u0131 kuvvetlendirir. En etkili oldu\u011fu faydalar\u0131 aras\u0131nda negatif enerjiyi pozitif enerjiye \u00e7evirmesi olarak d\u00fc\u015f\u00fcn\u00fclmektedir.  Sitrin Ta\u015f\u0131:  Hayat\u0131n\u0131za bolluk, bereket ve \u015fans\u0131 \u00e7ekin! Para ta\u015f\u0131 olarak da bilinen Sitrin kolyeyi kullanmaya ba\u015flad\u0131\u011f\u0131n\u0131z andan itibaren finansal a\u00e7\u0131dan f\u0131rsatlar\u0131 hayat\u0131n\u0131za \u00e7ekersiniz. Ada\u00e7ay\u0131 ile t\u00fcts\u00fcleyip, \u015fans ve berekete niyet ederek takabilirsiniz!\" \/>\n<meta property=\"og:url\" content=\"https:\/\/astrologelvan.com\/magaza\/urun\/ametrin-kayac-form-kolye\/\" \/>\n<meta property=\"og:site_name\" content=\"Astrolog Elvan\" \/>\n<meta property=\"article:modified_time\" content=\"2026-03-10T09:55:08+00:00\" \/>\n<meta property=\"og:image\" content=\"https:\/\/astrologelvan.com\/magaza\/wp-content\/uploads\/2024\/10\/ametrin0-scaled.jpg\" \/>\n\t<meta property=\"og:image:width\" content=\"1920\" \/>\n\t<meta property=\"og:image:height\" content=\"2560\" \/>\n\t<meta property=\"og:image:type\" content=\"image\/jpeg\" \/>\n<meta name=\"twitter:card\" content=\"summary_large_image\" \/>\n<meta name=\"twitter:label1\" content=\"Tahmini okuma s\u00fcresi\" \/>\n\t<meta name=\"twitter:data1\" content=\"1 dakika\" \/>\n<script type=\"application\/ld+json\" class=\"yoast-schema-graph\">{\"@context\":\"https:\\\/\\\/schema.org\",\"@graph\":[{\"@type\":[\"WebPage\",\"ItemPage\"],\"@id\":\"https:\\\/\\\/astrologelvan.com\\\/magaza\\\/urun\\\/ametrin-kayac-form-kolye\\\/\",\"url\":\"https:\\\/\\\/astrologelvan.com\\\/magaza\\\/urun\\\/ametrin-kayac-form-kolye\\\/\",\"name\":\"AMETR\u0130N KAYA\u00c7 FORM KOLYE - Astrolog Elvan\",\"isPartOf\":{\"@id\":\"https:\\\/\\\/astrologelvan.com\\\/magaza\\\/#website\"},\"primaryImageOfPage\":{\"@id\":\"https:\\\/\\\/astrologelvan.com\\\/magaza\\\/urun\\\/ametrin-kayac-form-kolye\\\/#primaryimage\"},\"image\":{\"@id\":\"https:\\\/\\\/astrologelvan.com\\\/magaza\\\/urun\\\/ametrin-kayac-form-kolye\\\/#primaryimage\"},\"thumbnailUrl\":\"https:\\\/\\\/astrologelvan.com\\\/magaza\\\/wp-content\\\/uploads\\\/2024\\\/10\\\/ametrin0-scaled.jpg\",\"datePublished\":\"2024-10-30T08:09:25+00:00\",\"dateModified\":\"2026-03-10T09:55:08+00:00\",\"breadcrumb\":{\"@id\":\"https:\\\/\\\/astrologelvan.com\\\/magaza\\\/urun\\\/ametrin-kayac-form-kolye\\\/#breadcrumb\"},\"inLanguage\":\"tr\",\"potentialAction\":[{\"@type\":\"ReadAction\",\"target\":[\"https:\\\/\\\/astrologelvan.com\\\/magaza\\\/urun\\\/ametrin-kayac-form-kolye\\\/\"]}]},{\"@type\":\"ImageObject\",\"inLanguage\":\"tr\",\"@id\":\"https:\\\/\\\/astrologelvan.com\\\/magaza\\\/urun\\\/ametrin-kayac-form-kolye\\\/#primaryimage\",\"url\":\"https:\\\/\\\/astrologelvan.com\\\/magaza\\\/wp-content\\\/uploads\\\/2024\\\/10\\\/ametrin0-scaled.jpg\",\"contentUrl\":\"https:\\\/\\\/astrologelvan.com\\\/magaza\\\/wp-content\\\/uploads\\\/2024\\\/10\\\/ametrin0-scaled.jpg\",\"width\":1920,\"height\":2560},{\"@type\":\"BreadcrumbList\",\"@id\":\"https:\\\/\\\/astrologelvan.com\\\/magaza\\\/urun\\\/ametrin-kayac-form-kolye\\\/#breadcrumb\",\"itemListElement\":[{\"@type\":\"ListItem\",\"position\":1,\"name\":\"Anasayfa\",\"item\":\"https:\\\/\\\/astrologelvan.com\\\/magaza\\\/\"},{\"@type\":\"ListItem\",\"position\":2,\"name\":\"Ma\u011faza\",\"item\":\"https:\\\/\\\/astrologelvan.com\\\/magaza\\\/magaza\\\/\"},{\"@type\":\"ListItem\",\"position\":3,\"name\":\"AMETR\u0130N KAYA\u00c7 FORM KOLYE\"}]},{\"@type\":\"WebSite\",\"@id\":\"https:\\\/\\\/astrologelvan.com\\\/magaza\\\/#website\",\"url\":\"https:\\\/\\\/astrologelvan.com\\\/magaza\\\/\",\"name\":\"Astrolog Elvan\",\"description\":\"\",\"potentialAction\":[{\"@type\":\"SearchAction\",\"target\":{\"@type\":\"EntryPoint\",\"urlTemplate\":\"https:\\\/\\\/astrologelvan.com\\\/magaza\\\/?s={search_term_string}\"},\"query-input\":{\"@type\":\"PropertyValueSpecification\",\"valueRequired\":true,\"valueName\":\"search_term_string\"}}],\"inLanguage\":\"tr\"}]}<\/script>\n<!-- \/ Yoast SEO plugin. -->","yoast_head_json":{"title":"AMETR\u0130N KAYA\u00c7 FORM KOLYE - Astrolog Elvan","robots":{"index":"index","follow":"follow","max-snippet":"max-snippet:-1","max-image-preview":"max-image-preview:large","max-video-preview":"max-video-preview:-1"},"canonical":"https:\/\/astrologelvan.com\/magaza\/urun\/ametrin-kayac-form-kolye\/","og_locale":"tr_TR","og_type":"article","og_title":"AMETR\u0130N KAYA\u00c7 FORM KOLYE - Astrolog Elvan","og_description":"Ametrin ta\u015f\u0131n\u0131n olu\u015fumu, Ametist ta\u015f\u0131 ile Sitrin ta\u015f\u0131n\u0131n sentezinden olu\u015fur  Ametist Ta\u015f\u0131:  \u00d6fke, kin ve korkuyu yat\u0131\u015ft\u0131r\u0131r stresi giderir ve pozitif enerji verir. Do\u011fal bir sakinle\u015ftiricidir.\u00a0 Negatif elektrik y\u00fck\u00fc ta\u015f\u0131d\u0131\u011f\u0131ndan dolay\u0131: bedendeki fazla elektrik y\u00fck\u00fcn\u00fc topraklayarak beyin g\u00fcc\u00fcn\u00fc y\u00fckseltti\u011fi d\u00fc\u015f\u00fcn\u00fclmektedir. Bir meditasyon ta\u015f\u0131 oldu\u011fu d\u00fc\u015f\u00fcn\u00fclmektedir. Odaklanmay\u0131 kuvvetlendirir. En etkili oldu\u011fu faydalar\u0131 aras\u0131nda negatif enerjiyi pozitif enerjiye \u00e7evirmesi olarak d\u00fc\u015f\u00fcn\u00fclmektedir.  Sitrin Ta\u015f\u0131:  Hayat\u0131n\u0131za bolluk, bereket ve \u015fans\u0131 \u00e7ekin! Para ta\u015f\u0131 olarak da bilinen Sitrin kolyeyi kullanmaya ba\u015flad\u0131\u011f\u0131n\u0131z andan itibaren finansal a\u00e7\u0131dan f\u0131rsatlar\u0131 hayat\u0131n\u0131za \u00e7ekersiniz. Ada\u00e7ay\u0131 ile t\u00fcts\u00fcleyip, \u015fans ve berekete niyet ederek takabilirsiniz!","og_url":"https:\/\/astrologelvan.com\/magaza\/urun\/ametrin-kayac-form-kolye\/","og_site_name":"Astrolog Elvan","article_modified_time":"2026-03-10T09:55:08+00:00","og_image":[{"width":1920,"height":2560,"url":"https:\/\/astrologelvan.com\/magaza\/wp-content\/uploads\/2024\/10\/ametrin0-scaled.jpg","type":"image\/jpeg"}],"twitter_card":"summary_large_image","twitter_misc":{"Tahmini okuma s\u00fcresi":"1 dakika"},"schema":{"@context":"https:\/\/schema.org","@graph":[{"@type":["WebPage","ItemPage"],"@id":"https:\/\/astrologelvan.com\/magaza\/urun\/ametrin-kayac-form-kolye\/","url":"https:\/\/astrologelvan.com\/magaza\/urun\/ametrin-kayac-form-kolye\/","name":"AMETR\u0130N KAYA\u00c7 FORM KOLYE - Astrolog Elvan","isPartOf":{"@id":"https:\/\/astrologelvan.com\/magaza\/#website"},"primaryImageOfPage":{"@id":"https:\/\/astrologelvan.com\/magaza\/urun\/ametrin-kayac-form-kolye\/#primaryimage"},"image":{"@id":"https:\/\/astrologelvan.com\/magaza\/urun\/ametrin-kayac-form-kolye\/#primaryimage"},"thumbnailUrl":"https:\/\/astrologelvan.com\/magaza\/wp-content\/uploads\/2024\/10\/ametrin0-scaled.jpg","datePublished":"2024-10-30T08:09:25+00:00","dateModified":"2026-03-10T09:55:08+00:00","breadcrumb":{"@id":"https:\/\/astrologelvan.com\/magaza\/urun\/ametrin-kayac-form-kolye\/#breadcrumb"},"inLanguage":"tr","potentialAction":[{"@type":"ReadAction","target":["https:\/\/astrologelvan.com\/magaza\/urun\/ametrin-kayac-form-kolye\/"]}]},{"@type":"ImageObject","inLanguage":"tr","@id":"https:\/\/astrologelvan.com\/magaza\/urun\/ametrin-kayac-form-kolye\/#primaryimage","url":"https:\/\/astrologelvan.com\/magaza\/wp-content\/uploads\/2024\/10\/ametrin0-scaled.jpg","contentUrl":"https:\/\/astrologelvan.com\/magaza\/wp-content\/uploads\/2024\/10\/ametrin0-scaled.jpg","width":1920,"height":2560},{"@type":"BreadcrumbList","@id":"https:\/\/astrologelvan.com\/magaza\/urun\/ametrin-kayac-form-kolye\/#breadcrumb","itemListElement":[{"@type":"ListItem","position":1,"name":"Anasayfa","item":"https:\/\/astrologelvan.com\/magaza\/"},{"@type":"ListItem","position":2,"name":"Ma\u011faza","item":"https:\/\/astrologelvan.com\/magaza\/magaza\/"},{"@type":"ListItem","position":3,"name":"AMETR\u0130N KAYA\u00c7 FORM KOLYE"}]},{"@type":"WebSite","@id":"https:\/\/astrologelvan.com\/magaza\/#website","url":"https:\/\/astrologelvan.com\/magaza\/","name":"Astrolog Elvan","description":"","potentialAction":[{"@type":"SearchAction","target":{"@type":"EntryPoint","urlTemplate":"https:\/\/astrologelvan.com\/magaza\/?s={search_term_string}"},"query-input":{"@type":"PropertyValueSpecification","valueRequired":true,"valueName":"search_term_string"}}],"inLanguage":"tr"}]}},"_links":{"self":[{"href":"https:\/\/astrologelvan.com\/magaza\/wp-json\/wp\/v2\/product\/18597","targetHints":{"allow":["GET"]}}],"collection":[{"href":"https:\/\/astrologelvan.com\/magaza\/wp-json\/wp\/v2\/product"}],"about":[{"href":"https:\/\/astrologelvan.com\/magaza\/wp-json\/wp\/v2\/types\/product"}],"replies":[{"embeddable":true,"href":"https:\/\/astrologelvan.com\/magaza\/wp-json\/wp\/v2\/comments?post=18597"}],"wp:featuredmedia":[{"embeddable":true,"href":"https:\/\/astrologelvan.com\/magaza\/wp-json\/wp\/v2\/media\/18603"}],"wp:attachment":[{"href":"https:\/\/astrologelvan.com\/magaza\/wp-json\/wp\/v2\/media?parent=18597"}],"wp:term":[{"taxonomy":"product_brand","embeddable":true,"href":"https:\/\/astrologelvan.com\/magaza\/wp-json\/wp\/v2\/product_brand?post=18597"},{"taxonomy":"product_cat","embeddable":true,"href":"https:\/\/astrologelvan.com\/magaza\/wp-json\/wp\/v2\/product_cat?post=18597"},{"taxonomy":"product_tag","embeddable":true,"href":"https:\/\/astrologelvan.com\/magaza\/wp-json\/wp\/v2\/product_tag?post=18597"}],"curies":[{"name":"wp","href":"https:\/\/api.w.org\/{rel}","templated":true}]}}