{"id":185592,"date":"2026-04-30T12:16:51","date_gmt":"2026-04-30T09:16:51","guid":{"rendered":"https:\/\/astrologelvan.com\/magaza\/?post_type=product&#038;p=185592"},"modified":"2026-05-01T00:08:00","modified_gmt":"2026-04-30T21:08:00","slug":"hidirellez-rituel-kesesi-rose-edition","status":"publish","type":"product","link":"https:\/\/astrologelvan.com\/magaza\/urun\/hidirellez-rituel-kesesi-rose-edition\/","title":{"rendered":"H\u0131d\u0131rellez Rit\u00fcel Kesesi \/ Rose EDITION"},"content":{"rendered":"<p>\ud83c\udf19 HIDIRELLEZ R\u0130T\u00dcEL\u0130 NASIL YAPILIR?<\/p>\n<p>H\u0131d\u0131rellez gecesi, (5 May\u0131s\u2019\u0131 6 May\u0131s\u2019a ba\u011flayan gece) m\u00fcmk\u00fcnse do\u011fayla temas halinde ya da pencere kenar\u0131nda uygulaman \u00f6nerilir. Evin do\u011fu cephesinde olabilir.<\/p>\n<p><strong>Alan\u0131 Ar\u0131nd\u0131r<\/strong><\/p>\n<p>\u00d6nce, ada\u00e7ay\u0131 t\u00fcts\u00fcs\u00fcn\u00fc yakarak bulundu\u011fun ortam\u0131 temizle. Duman\u0131n enerjiyi hafifletti\u011fini ve alan\u0131 s\u0131f\u0131rlad\u0131\u011f\u0131n\u0131 hisset.<\/p>\n<p><strong>Niyetini Netle\u015ftir<\/strong><\/p>\n<p>3 defne yapra\u011f\u0131n\u0131 t\u00fcts\u00fcl\u00fckten \u00e7\u0131kar. Hepsine birer dilek yaz (a\u015fk, para, sa\u011fl\u0131k) gibi tek kelime.<\/p>\n<p>Ve sonra bir beyaz ka\u011f\u0131da uzun uzun niyetlerini yaz, \u00e7iz)<\/p>\n<p><strong>Kalp Enerjini A\u00e7<\/strong><\/p>\n<p>G\u00fcl tomurcuklar\u0131n\u0131 topra\u011fa g\u00f6m. B\u00f6ylece sevgi frekans\u0131n evrenle bir olsun.<\/p>\n<p><strong>Niyetini Keseye B\u0131rak<\/strong><\/p>\n<p>Defne yapra\u011f\u0131n\u0131, \u015fans anahtar\u0131n\u0131, \u00e7ift halkay\u0131 ve ka\u011f\u0131da yazd\u0131klar\u0131n\u0131 k\u0131rm\u0131z\u0131 keseye b\u0131rak.<\/p>\n<p><strong>Evrene Teslim Et<\/strong><\/p>\n<p>Keseyi gece boyunca pencere kenar\u0131nda, balkonunda ya da topra\u011fa yak\u0131n \u00f6zellikle g\u00fcl a\u011fac\u0131na yak\u0131n bir yerde b\u0131rak.<\/p>\n<p>Sabah g\u00fcne\u015fiyle birlikte niyetini evrene teslim etti\u011fini kabul et. Ve keseni al. Sakla. Kese i\u00e7indeki \u015eans Anahtarl\u0131\u011f\u0131n\u0131 y\u0131l boyu kullan. \u0130ster \u00e7antana tak, ister anahtarlar\u0131na. Dileklerin bir bir ger\u00e7ek olsun!<\/p>\n","protected":false},"excerpt":{"rendered":"<p><span style=\"color: #9134b0\"><strong>Bu \u00dcr\u00fcnde, Rit\u00fcel S\u00fcresi Gere\u011fi \u0130ptal ve \u0130ade Yoktur.<\/strong><\/span><\/p>\n<div>Niyetini evrene b\u0131rakt\u0131\u011f\u0131n o efsanevi gece i\u00e7in tasarland\u0131.<\/div>\n<div><\/div>\n<div>Y\u0131l\u0131n en g\u00fc\u00e7l\u00fc enerji kap\u0131lar\u0131ndan biri olan H\u0131d\u0131rellez gecesi\u2026 Dileklerin sadece s\u00f6ylendi\u011fi de\u011fil, hissedildi\u011fi ve kabul edildi\u011fi bir e\u015fiktir.<\/div>\n<div><\/div>\n<div>H\u0131d\u0131rellez rit\u00fceli kiti, niyetini ar\u0131nd\u0131rarak netle\u015ftirmen ve do\u011fru frekansta evrene b\u0131rakman i\u00e7in haz\u0131rland\u0131.<\/div>\n<div><\/div>\n<div>Her bir par\u00e7a, kadim semboller ve do\u011fan\u0131n enerjisiyle se\u00e7ildi.<\/div>\n<div><\/div>\n<div>\u2e3b<\/div>\n<div><\/div>\n<div><strong>\u2728 R\u0130T\u00dcEL \u0130\u00c7ER\u0130\u011e\u0130 &amp; ANLAMLARI<\/strong><\/div>\n<div><\/div>\n<div><strong>\ud83d\udd34 K\u0131rm\u0131z\u0131 Rit\u00fcel Kesesi<\/strong><\/div>\n<div>Niyetlerin sakland\u0131\u011f\u0131 ve korundu\u011fu alan. K\u0131rm\u0131z\u0131 renk; ya\u015fam enerjisini, \u00e7ekim g\u00fcc\u00fcn\u00fc ve kalpten gelen arzular\u0131 temsil eder.<\/div>\n<div><\/div>\n<div><strong>\ud83c\udf39 Kurutulmu\u015f G\u00fcl Tomurcuklar\u0131<\/strong><\/div>\n<div>Kalp frekans\u0131n\u0131 aktive eder. A\u015fk, \u00f6z sevgi ve duygusal a\u00e7\u0131kl\u0131k enerjisini destekler.<\/div>\n<div><\/div>\n<div><strong>\ud83c\udf43 Defne Yapra\u011f\u0131<\/strong><\/div>\n<div>Antik \u00e7a\u011flardan beri dileklerin kabul\u00fc ve ba\u015far\u0131yla ili\u015fkilendirilir. Yaz\u0131lan niyetin evrene iletilmesini simgeler.<\/div>\n<div><\/div>\n<div><strong>\ud83c\udf3f Ada\u00e7ay\u0131 T\u00fcts\u00fc Demeti<\/strong><\/div>\n<div>Alan\u0131 ve enerjini ar\u0131nd\u0131r\u0131r. Yeni niyetlerin i\u00e7in temiz bir alan a\u00e7ar.<\/div>\n<div><\/div>\n<div><strong>\ud83c\udf39H\u0131drellez Anahtar\u0131<\/strong><\/div>\n<div>Sevgi, mutluluk frekans\u0131n\u0131 aktive eden sembolik bir anahtar. Ametist, Pembe Kuvars ve Sitrin ta\u015f\u0131 ile tasarland\u0131. G\u00fcl\u00fcn g\u00fc\u00e7l\u00fc enerjisi ile m\u00fch\u00fcrlendi.<\/div>\n<div><\/div>\n<div><strong>\ud83d\udd17 \u00c7ift Halka Anahtarl\u0131k<\/strong><\/div>\n<div>Evlilik, g\u00fczel ve dengeli bir ili\u015fki niyeti ta\u015f\u0131r.<\/div>\n<div><\/div>\n","protected":false},"featured_media":185593,"comment_status":"open","ping_status":"closed","template":"","meta":[],"product_brand":[596],"product_cat":[35],"product_tag":[],"class_list":{"0":"post-185592","1":"product","2":"type-product","3":"status-publish","4":"has-post-thumbnail","6":"product_brand-astrolog-elvan","7":"product_cat-rituel-kitleri","9":"first","10":"instock","11":"taxable","12":"shipping-taxable","13":"purchasable","14":"product-type-simple"},"yoast_head":"<!-- This site is optimized with the Yoast SEO plugin v27.5 - https:\/\/yoast.com\/product\/yoast-seo-wordpress\/ -->\n<title>H\u0131d\u0131rellez Rit\u00fcel Kesesi \/ Rose EDITION - Astrolog Elvan<\/title>\n<meta name=\"robots\" content=\"index, follow, max-snippet:-1, max-image-preview:large, max-video-preview:-1\" \/>\n<link rel=\"canonical\" href=\"https:\/\/astrologelvan.com\/magaza\/urun\/hidirellez-rituel-kesesi-rose-edition\/\" \/>\n<meta property=\"og:locale\" content=\"tr_TR\" \/>\n<meta property=\"og:type\" content=\"article\" \/>\n<meta property=\"og:title\" content=\"H\u0131d\u0131rellez Rit\u00fcel Kesesi \/ Rose EDITION - Astrolog Elvan\" \/>\n<meta property=\"og:description\" content=\"Bu \u00dcr\u00fcnde, Rit\u00fcel S\u00fcresi Gere\u011fi \u0130ptal ve \u0130ade Yoktur. Niyetini evrene b\u0131rakt\u0131\u011f\u0131n o efsanevi gece i\u00e7in tasarland\u0131.  Y\u0131l\u0131n en g\u00fc\u00e7l\u00fc enerji kap\u0131lar\u0131ndan biri olan H\u0131d\u0131rellez gecesi\u2026 Dileklerin sadece s\u00f6ylendi\u011fi de\u011fil, hissedildi\u011fi ve kabul edildi\u011fi bir e\u015fiktir.  H\u0131d\u0131rellez rit\u00fceli kiti, niyetini ar\u0131nd\u0131rarak netle\u015ftirmen ve do\u011fru frekansta evrene b\u0131rakman i\u00e7in haz\u0131rland\u0131.  Her bir par\u00e7a, kadim semboller ve do\u011fan\u0131n enerjisiyle se\u00e7ildi.  \u2e3b  \u2728 R\u0130T\u00dcEL \u0130\u00c7ER\u0130\u011e\u0130 &amp; ANLAMLARI  \ud83d\udd34 K\u0131rm\u0131z\u0131 Rit\u00fcel Kesesi Niyetlerin sakland\u0131\u011f\u0131 ve korundu\u011fu alan. K\u0131rm\u0131z\u0131 renk; ya\u015fam enerjisini, \u00e7ekim g\u00fcc\u00fcn\u00fc ve kalpten gelen arzular\u0131 temsil eder.  \ud83c\udf39 Kurutulmu\u015f G\u00fcl Tomurcuklar\u0131 Kalp frekans\u0131n\u0131 aktive eder. A\u015fk, \u00f6z sevgi ve duygusal a\u00e7\u0131kl\u0131k enerjisini destekler.  \ud83c\udf43 Defne Yapra\u011f\u0131 Antik \u00e7a\u011flardan beri dileklerin kabul\u00fc ve ba\u015far\u0131yla ili\u015fkilendirilir. Yaz\u0131lan niyetin evrene iletilmesini simgeler.  \ud83c\udf3f Ada\u00e7ay\u0131 T\u00fcts\u00fc Demeti Alan\u0131 ve enerjini ar\u0131nd\u0131r\u0131r. Yeni niyetlerin i\u00e7in temiz bir alan a\u00e7ar.  \ud83c\udf39H\u0131drellez Anahtar\u0131 Sevgi, mutluluk frekans\u0131n\u0131 aktive eden sembolik bir anahtar. Ametist, Pembe Kuvars ve Sitrin ta\u015f\u0131 ile tasarland\u0131. G\u00fcl\u00fcn g\u00fc\u00e7l\u00fc enerjisi ile m\u00fch\u00fcrlendi.  \ud83d\udd17 \u00c7ift Halka Anahtarl\u0131k Evlilik, g\u00fczel ve dengeli bir ili\u015fki niyeti ta\u015f\u0131r.\" \/>\n<meta property=\"og:url\" content=\"https:\/\/astrologelvan.com\/magaza\/urun\/hidirellez-rituel-kesesi-rose-edition\/\" \/>\n<meta property=\"og:site_name\" content=\"Astrolog Elvan\" \/>\n<meta property=\"article:modified_time\" content=\"2026-04-30T21:08:00+00:00\" \/>\n<meta property=\"og:image\" content=\"https:\/\/astrologelvan.com\/magaza\/wp-content\/uploads\/2026\/04\/IMG_6169-scaled.webp\" \/>\n\t<meta property=\"og:image:width\" content=\"1440\" \/>\n\t<meta property=\"og:image:height\" content=\"2560\" \/>\n\t<meta property=\"og:image:type\" content=\"image\/webp\" \/>\n<meta name=\"twitter:card\" content=\"summary_large_image\" \/>\n<meta name=\"twitter:label1\" content=\"Tahmini okuma s\u00fcresi\" \/>\n\t<meta name=\"twitter:data1\" content=\"2 dakika\" \/>\n<script type=\"application\/ld+json\" class=\"yoast-schema-graph\">{\"@context\":\"https:\\\/\\\/schema.org\",\"@graph\":[{\"@type\":[\"WebPage\",\"ItemPage\"],\"@id\":\"https:\\\/\\\/astrologelvan.com\\\/magaza\\\/urun\\\/hidirellez-rituel-kesesi-rose-edition\\\/\",\"url\":\"https:\\\/\\\/astrologelvan.com\\\/magaza\\\/urun\\\/hidirellez-rituel-kesesi-rose-edition\\\/\",\"name\":\"H\u0131d\u0131rellez Rit\u00fcel Kesesi \\\/ Rose EDITION - Astrolog Elvan\",\"isPartOf\":{\"@id\":\"https:\\\/\\\/astrologelvan.com\\\/magaza\\\/#website\"},\"primaryImageOfPage\":{\"@id\":\"https:\\\/\\\/astrologelvan.com\\\/magaza\\\/urun\\\/hidirellez-rituel-kesesi-rose-edition\\\/#primaryimage\"},\"image\":{\"@id\":\"https:\\\/\\\/astrologelvan.com\\\/magaza\\\/urun\\\/hidirellez-rituel-kesesi-rose-edition\\\/#primaryimage\"},\"thumbnailUrl\":\"https:\\\/\\\/astrologelvan.com\\\/magaza\\\/wp-content\\\/uploads\\\/2026\\\/04\\\/IMG_6169-scaled.webp\",\"datePublished\":\"2026-04-30T09:16:51+00:00\",\"dateModified\":\"2026-04-30T21:08:00+00:00\",\"breadcrumb\":{\"@id\":\"https:\\\/\\\/astrologelvan.com\\\/magaza\\\/urun\\\/hidirellez-rituel-kesesi-rose-edition\\\/#breadcrumb\"},\"inLanguage\":\"tr\",\"potentialAction\":[{\"@type\":\"ReadAction\",\"target\":[\"https:\\\/\\\/astrologelvan.com\\\/magaza\\\/urun\\\/hidirellez-rituel-kesesi-rose-edition\\\/\"]}]},{\"@type\":\"ImageObject\",\"inLanguage\":\"tr\",\"@id\":\"https:\\\/\\\/astrologelvan.com\\\/magaza\\\/urun\\\/hidirellez-rituel-kesesi-rose-edition\\\/#primaryimage\",\"url\":\"https:\\\/\\\/astrologelvan.com\\\/magaza\\\/wp-content\\\/uploads\\\/2026\\\/04\\\/IMG_6169-scaled.webp\",\"contentUrl\":\"https:\\\/\\\/astrologelvan.com\\\/magaza\\\/wp-content\\\/uploads\\\/2026\\\/04\\\/IMG_6169-scaled.webp\",\"width\":1440,\"height\":2560},{\"@type\":\"BreadcrumbList\",\"@id\":\"https:\\\/\\\/astrologelvan.com\\\/magaza\\\/urun\\\/hidirellez-rituel-kesesi-rose-edition\\\/#breadcrumb\",\"itemListElement\":[{\"@type\":\"ListItem\",\"position\":1,\"name\":\"Anasayfa\",\"item\":\"https:\\\/\\\/astrologelvan.com\\\/magaza\\\/\"},{\"@type\":\"ListItem\",\"position\":2,\"name\":\"Ma\u011faza\",\"item\":\"https:\\\/\\\/astrologelvan.com\\\/magaza\\\/magaza\\\/\"},{\"@type\":\"ListItem\",\"position\":3,\"name\":\"H\u0131d\u0131rellez Rit\u00fcel Kesesi \\\/ Rose EDITION\"}]},{\"@type\":\"WebSite\",\"@id\":\"https:\\\/\\\/astrologelvan.com\\\/magaza\\\/#website\",\"url\":\"https:\\\/\\\/astrologelvan.com\\\/magaza\\\/\",\"name\":\"Astrolog Elvan\",\"description\":\"\",\"potentialAction\":[{\"@type\":\"SearchAction\",\"target\":{\"@type\":\"EntryPoint\",\"urlTemplate\":\"https:\\\/\\\/astrologelvan.com\\\/magaza\\\/?s={search_term_string}\"},\"query-input\":{\"@type\":\"PropertyValueSpecification\",\"valueRequired\":true,\"valueName\":\"search_term_string\"}}],\"inLanguage\":\"tr\"}]}<\/script>\n<!-- \/ Yoast SEO plugin. -->","yoast_head_json":{"title":"H\u0131d\u0131rellez Rit\u00fcel Kesesi \/ Rose EDITION - Astrolog Elvan","robots":{"index":"index","follow":"follow","max-snippet":"max-snippet:-1","max-image-preview":"max-image-preview:large","max-video-preview":"max-video-preview:-1"},"canonical":"https:\/\/astrologelvan.com\/magaza\/urun\/hidirellez-rituel-kesesi-rose-edition\/","og_locale":"tr_TR","og_type":"article","og_title":"H\u0131d\u0131rellez Rit\u00fcel Kesesi \/ Rose EDITION - Astrolog Elvan","og_description":"Bu \u00dcr\u00fcnde, Rit\u00fcel S\u00fcresi Gere\u011fi \u0130ptal ve \u0130ade Yoktur. Niyetini evrene b\u0131rakt\u0131\u011f\u0131n o efsanevi gece i\u00e7in tasarland\u0131.  Y\u0131l\u0131n en g\u00fc\u00e7l\u00fc enerji kap\u0131lar\u0131ndan biri olan H\u0131d\u0131rellez gecesi\u2026 Dileklerin sadece s\u00f6ylendi\u011fi de\u011fil, hissedildi\u011fi ve kabul edildi\u011fi bir e\u015fiktir.  H\u0131d\u0131rellez rit\u00fceli kiti, niyetini ar\u0131nd\u0131rarak netle\u015ftirmen ve do\u011fru frekansta evrene b\u0131rakman i\u00e7in haz\u0131rland\u0131.  Her bir par\u00e7a, kadim semboller ve do\u011fan\u0131n enerjisiyle se\u00e7ildi.  \u2e3b  \u2728 R\u0130T\u00dcEL \u0130\u00c7ER\u0130\u011e\u0130 &amp; ANLAMLARI  \ud83d\udd34 K\u0131rm\u0131z\u0131 Rit\u00fcel Kesesi Niyetlerin sakland\u0131\u011f\u0131 ve korundu\u011fu alan. K\u0131rm\u0131z\u0131 renk; ya\u015fam enerjisini, \u00e7ekim g\u00fcc\u00fcn\u00fc ve kalpten gelen arzular\u0131 temsil eder.  \ud83c\udf39 Kurutulmu\u015f G\u00fcl Tomurcuklar\u0131 Kalp frekans\u0131n\u0131 aktive eder. A\u015fk, \u00f6z sevgi ve duygusal a\u00e7\u0131kl\u0131k enerjisini destekler.  \ud83c\udf43 Defne Yapra\u011f\u0131 Antik \u00e7a\u011flardan beri dileklerin kabul\u00fc ve ba\u015far\u0131yla ili\u015fkilendirilir. Yaz\u0131lan niyetin evrene iletilmesini simgeler.  \ud83c\udf3f Ada\u00e7ay\u0131 T\u00fcts\u00fc Demeti Alan\u0131 ve enerjini ar\u0131nd\u0131r\u0131r. Yeni niyetlerin i\u00e7in temiz bir alan a\u00e7ar.  \ud83c\udf39H\u0131drellez Anahtar\u0131 Sevgi, mutluluk frekans\u0131n\u0131 aktive eden sembolik bir anahtar. Ametist, Pembe Kuvars ve Sitrin ta\u015f\u0131 ile tasarland\u0131. G\u00fcl\u00fcn g\u00fc\u00e7l\u00fc enerjisi ile m\u00fch\u00fcrlendi.  \ud83d\udd17 \u00c7ift Halka Anahtarl\u0131k Evlilik, g\u00fczel ve dengeli bir ili\u015fki niyeti ta\u015f\u0131r.","og_url":"https:\/\/astrologelvan.com\/magaza\/urun\/hidirellez-rituel-kesesi-rose-edition\/","og_site_name":"Astrolog Elvan","article_modified_time":"2026-04-30T21:08:00+00:00","og_image":[{"width":1440,"height":2560,"url":"https:\/\/astrologelvan.com\/magaza\/wp-content\/uploads\/2026\/04\/IMG_6169-scaled.webp","type":"image\/webp"}],"twitter_card":"summary_large_image","twitter_misc":{"Tahmini okuma s\u00fcresi":"2 dakika"},"schema":{"@context":"https:\/\/schema.org","@graph":[{"@type":["WebPage","ItemPage"],"@id":"https:\/\/astrologelvan.com\/magaza\/urun\/hidirellez-rituel-kesesi-rose-edition\/","url":"https:\/\/astrologelvan.com\/magaza\/urun\/hidirellez-rituel-kesesi-rose-edition\/","name":"H\u0131d\u0131rellez Rit\u00fcel Kesesi \/ Rose EDITION - Astrolog Elvan","isPartOf":{"@id":"https:\/\/astrologelvan.com\/magaza\/#website"},"primaryImageOfPage":{"@id":"https:\/\/astrologelvan.com\/magaza\/urun\/hidirellez-rituel-kesesi-rose-edition\/#primaryimage"},"image":{"@id":"https:\/\/astrologelvan.com\/magaza\/urun\/hidirellez-rituel-kesesi-rose-edition\/#primaryimage"},"thumbnailUrl":"https:\/\/astrologelvan.com\/magaza\/wp-content\/uploads\/2026\/04\/IMG_6169-scaled.webp","datePublished":"2026-04-30T09:16:51+00:00","dateModified":"2026-04-30T21:08:00+00:00","breadcrumb":{"@id":"https:\/\/astrologelvan.com\/magaza\/urun\/hidirellez-rituel-kesesi-rose-edition\/#breadcrumb"},"inLanguage":"tr","potentialAction":[{"@type":"ReadAction","target":["https:\/\/astrologelvan.com\/magaza\/urun\/hidirellez-rituel-kesesi-rose-edition\/"]}]},{"@type":"ImageObject","inLanguage":"tr","@id":"https:\/\/astrologelvan.com\/magaza\/urun\/hidirellez-rituel-kesesi-rose-edition\/#primaryimage","url":"https:\/\/astrologelvan.com\/magaza\/wp-content\/uploads\/2026\/04\/IMG_6169-scaled.webp","contentUrl":"https:\/\/astrologelvan.com\/magaza\/wp-content\/uploads\/2026\/04\/IMG_6169-scaled.webp","width":1440,"height":2560},{"@type":"BreadcrumbList","@id":"https:\/\/astrologelvan.com\/magaza\/urun\/hidirellez-rituel-kesesi-rose-edition\/#breadcrumb","itemListElement":[{"@type":"ListItem","position":1,"name":"Anasayfa","item":"https:\/\/astrologelvan.com\/magaza\/"},{"@type":"ListItem","position":2,"name":"Ma\u011faza","item":"https:\/\/astrologelvan.com\/magaza\/magaza\/"},{"@type":"ListItem","position":3,"name":"H\u0131d\u0131rellez Rit\u00fcel Kesesi \/ Rose EDITION"}]},{"@type":"WebSite","@id":"https:\/\/astrologelvan.com\/magaza\/#website","url":"https:\/\/astrologelvan.com\/magaza\/","name":"Astrolog Elvan","description":"","potentialAction":[{"@type":"SearchAction","target":{"@type":"EntryPoint","urlTemplate":"https:\/\/astrologelvan.com\/magaza\/?s={search_term_string}"},"query-input":{"@type":"PropertyValueSpecification","valueRequired":true,"valueName":"search_term_string"}}],"inLanguage":"tr"}]}},"_links":{"self":[{"href":"https:\/\/astrologelvan.com\/magaza\/wp-json\/wp\/v2\/product\/185592","targetHints":{"allow":["GET"]}}],"collection":[{"href":"https:\/\/astrologelvan.com\/magaza\/wp-json\/wp\/v2\/product"}],"about":[{"href":"https:\/\/astrologelvan.com\/magaza\/wp-json\/wp\/v2\/types\/product"}],"replies":[{"embeddable":true,"href":"https:\/\/astrologelvan.com\/magaza\/wp-json\/wp\/v2\/comments?post=185592"}],"wp:featuredmedia":[{"embeddable":true,"href":"https:\/\/astrologelvan.com\/magaza\/wp-json\/wp\/v2\/media\/185593"}],"wp:attachment":[{"href":"https:\/\/astrologelvan.com\/magaza\/wp-json\/wp\/v2\/media?parent=185592"}],"wp:term":[{"taxonomy":"product_brand","embeddable":true,"href":"https:\/\/astrologelvan.com\/magaza\/wp-json\/wp\/v2\/product_brand?post=185592"},{"taxonomy":"product_cat","embeddable":true,"href":"https:\/\/astrologelvan.com\/magaza\/wp-json\/wp\/v2\/product_cat?post=185592"},{"taxonomy":"product_tag","embeddable":true,"href":"https:\/\/astrologelvan.com\/magaza\/wp-json\/wp\/v2\/product_tag?post=185592"}],"curies":[{"name":"wp","href":"https:\/\/api.w.org\/{rel}","templated":true}]}}