{"id":18535,"date":"2024-10-29T18:18:24","date_gmt":"2024-10-29T15:18:24","guid":{"rendered":"https:\/\/astrologelvan.com\/magaza\/?post_type=product&#038;p=18535"},"modified":"2026-04-19T15:06:44","modified_gmt":"2026-04-19T12:06:44","slug":"venus-ask-yantrasi","status":"publish","type":"product","link":"https:\/\/astrologelvan.com\/magaza\/urun\/venus-ask-yantrasi\/","title":{"rendered":"VEN\u00dcS A\u015eK MANTRASI"},"content":{"rendered":"<p>Kolye A\u011f\u0131rl\u0131\u011f\u0131: 5 Gram<\/p>\n<p>Kolye Uzunlu\u011fu: 60 CM<\/p>\n<p>925 Ayar G\u00fcm\u00fc\u015f \u00dczeri Alt\u0131n Kaplama<\/p>\n","protected":false},"excerpt":{"rendered":"<p>Ven\u00fcs, astrolojide a\u015fk, sevgi, fl\u00f6rt, refah ve zenginlik konular\u0131yla ilgilidir. As\u0131rlard\u0131r Hindistan\u2019da kullan\u0131lan en pop\u00fcler a\u015fk mantras\u0131 \u015fimdi g\u00fcm\u00fc\u015f \u00fczeri alt\u0131n kaplama ve mine i\u015flemeli muhte\u015fem bir tasar\u0131mla sizlerle!<\/p>\n<p>Yapman\u0131z gereken 30 g\u00fcn boyunca Ven\u00fcs Mantra Kolyeyi takmak. A\u015fk, sevmek, sevilmek, lay\u0131k oldu\u011funuz partnerleri hayat\u0131n\u0131za \u00e7ekmek, zor giden bir ili\u015fkiyi dengelemek, kendi zenginlik ve refah frekans\u0131n\u0131z\u0131 artt\u0131rmak i\u00e7in kullan\u0131n. Muhte\u015fem sonu\u00e7lar alacaks\u0131n\u0131z.<\/p>\n","protected":false},"featured_media":93647,"comment_status":"open","ping_status":"closed","template":"","meta":[],"product_brand":[596],"product_cat":[321,48,8106],"product_tag":[],"class_list":{"0":"post-18535","1":"product","2":"type-product","3":"status-publish","4":"has-post-thumbnail","6":"product_brand-astrolog-elvan","7":"product_cat-altin-kaplama-kolye","8":"product_cat-kolyeler","9":"product_cat--gumus-kolyeler","11":"first","12":"instock","13":"purchasable","14":"product-type-simple"},"yoast_head":"<!-- This site is optimized with the Yoast SEO plugin v27.3 - https:\/\/yoast.com\/product\/yoast-seo-wordpress\/ -->\n<title>VEN\u00dcS A\u015eK MANTRASI - Astrolog Elvan<\/title>\n<meta name=\"robots\" content=\"index, follow, max-snippet:-1, max-image-preview:large, max-video-preview:-1\" \/>\n<link rel=\"canonical\" href=\"https:\/\/astrologelvan.com\/magaza\/urun\/venus-ask-yantrasi\/\" \/>\n<meta property=\"og:locale\" content=\"tr_TR\" \/>\n<meta property=\"og:type\" content=\"article\" \/>\n<meta property=\"og:title\" content=\"VEN\u00dcS A\u015eK MANTRASI - Astrolog Elvan\" \/>\n<meta property=\"og:description\" content=\"Ven\u00fcs, astrolojide a\u015fk, sevgi, fl\u00f6rt, refah ve zenginlik konular\u0131yla ilgilidir. As\u0131rlard\u0131r Hindistan\u2019da kullan\u0131lan en pop\u00fcler a\u015fk mantras\u0131 \u015fimdi g\u00fcm\u00fc\u015f \u00fczeri alt\u0131n kaplama ve mine i\u015flemeli muhte\u015fem bir tasar\u0131mla sizlerle!  Yapman\u0131z gereken 30 g\u00fcn boyunca Ven\u00fcs Mantra Kolyeyi takmak. A\u015fk, sevmek, sevilmek, lay\u0131k oldu\u011funuz partnerleri hayat\u0131n\u0131za \u00e7ekmek, zor giden bir ili\u015fkiyi dengelemek, kendi zenginlik ve refah frekans\u0131n\u0131z\u0131 artt\u0131rmak i\u00e7in kullan\u0131n. Muhte\u015fem sonu\u00e7lar alacaks\u0131n\u0131z.\" \/>\n<meta property=\"og:url\" content=\"https:\/\/astrologelvan.com\/magaza\/urun\/venus-ask-yantrasi\/\" \/>\n<meta property=\"og:site_name\" content=\"Astrolog Elvan\" \/>\n<meta property=\"article:modified_time\" content=\"2026-04-19T12:06:44+00:00\" \/>\n<meta property=\"og:image\" content=\"https:\/\/astrologelvan.com\/magaza\/wp-content\/uploads\/2024\/10\/Untitled-Session0075.jpg\" \/>\n\t<meta property=\"og:image:width\" content=\"591\" \/>\n\t<meta property=\"og:image:height\" content=\"887\" \/>\n\t<meta property=\"og:image:type\" content=\"image\/jpeg\" \/>\n<meta name=\"twitter:card\" content=\"summary_large_image\" \/>\n<meta name=\"twitter:label1\" content=\"Tahmini okuma s\u00fcresi\" \/>\n\t<meta name=\"twitter:data1\" content=\"1 dakika\" \/>\n<script type=\"application\/ld+json\" class=\"yoast-schema-graph\">{\"@context\":\"https:\\\/\\\/schema.org\",\"@graph\":[{\"@type\":[\"WebPage\",\"ItemPage\"],\"@id\":\"https:\\\/\\\/astrologelvan.com\\\/magaza\\\/urun\\\/venus-ask-yantrasi\\\/\",\"url\":\"https:\\\/\\\/astrologelvan.com\\\/magaza\\\/urun\\\/venus-ask-yantrasi\\\/\",\"name\":\"VEN\u00dcS A\u015eK MANTRASI - Astrolog Elvan\",\"isPartOf\":{\"@id\":\"https:\\\/\\\/astrologelvan.com\\\/magaza\\\/#website\"},\"primaryImageOfPage\":{\"@id\":\"https:\\\/\\\/astrologelvan.com\\\/magaza\\\/urun\\\/venus-ask-yantrasi\\\/#primaryimage\"},\"image\":{\"@id\":\"https:\\\/\\\/astrologelvan.com\\\/magaza\\\/urun\\\/venus-ask-yantrasi\\\/#primaryimage\"},\"thumbnailUrl\":\"https:\\\/\\\/astrologelvan.com\\\/magaza\\\/wp-content\\\/uploads\\\/2024\\\/10\\\/Untitled-Session0075.jpg\",\"datePublished\":\"2024-10-29T15:18:24+00:00\",\"dateModified\":\"2026-04-19T12:06:44+00:00\",\"breadcrumb\":{\"@id\":\"https:\\\/\\\/astrologelvan.com\\\/magaza\\\/urun\\\/venus-ask-yantrasi\\\/#breadcrumb\"},\"inLanguage\":\"tr\",\"potentialAction\":[{\"@type\":\"ReadAction\",\"target\":[\"https:\\\/\\\/astrologelvan.com\\\/magaza\\\/urun\\\/venus-ask-yantrasi\\\/\"]}]},{\"@type\":\"ImageObject\",\"inLanguage\":\"tr\",\"@id\":\"https:\\\/\\\/astrologelvan.com\\\/magaza\\\/urun\\\/venus-ask-yantrasi\\\/#primaryimage\",\"url\":\"https:\\\/\\\/astrologelvan.com\\\/magaza\\\/wp-content\\\/uploads\\\/2024\\\/10\\\/Untitled-Session0075.jpg\",\"contentUrl\":\"https:\\\/\\\/astrologelvan.com\\\/magaza\\\/wp-content\\\/uploads\\\/2024\\\/10\\\/Untitled-Session0075.jpg\",\"width\":591,\"height\":887},{\"@type\":\"BreadcrumbList\",\"@id\":\"https:\\\/\\\/astrologelvan.com\\\/magaza\\\/urun\\\/venus-ask-yantrasi\\\/#breadcrumb\",\"itemListElement\":[{\"@type\":\"ListItem\",\"position\":1,\"name\":\"Anasayfa\",\"item\":\"https:\\\/\\\/astrologelvan.com\\\/magaza\\\/\"},{\"@type\":\"ListItem\",\"position\":2,\"name\":\"Ma\u011faza\",\"item\":\"https:\\\/\\\/astrologelvan.com\\\/magaza\\\/magaza\\\/\"},{\"@type\":\"ListItem\",\"position\":3,\"name\":\"VEN\u00dcS A\u015eK MANTRASI\"}]},{\"@type\":\"WebSite\",\"@id\":\"https:\\\/\\\/astrologelvan.com\\\/magaza\\\/#website\",\"url\":\"https:\\\/\\\/astrologelvan.com\\\/magaza\\\/\",\"name\":\"Astrolog Elvan\",\"description\":\"\",\"potentialAction\":[{\"@type\":\"SearchAction\",\"target\":{\"@type\":\"EntryPoint\",\"urlTemplate\":\"https:\\\/\\\/astrologelvan.com\\\/magaza\\\/?s={search_term_string}\"},\"query-input\":{\"@type\":\"PropertyValueSpecification\",\"valueRequired\":true,\"valueName\":\"search_term_string\"}}],\"inLanguage\":\"tr\"}]}<\/script>\n<!-- \/ Yoast SEO plugin. -->","yoast_head_json":{"title":"VEN\u00dcS A\u015eK MANTRASI - Astrolog Elvan","robots":{"index":"index","follow":"follow","max-snippet":"max-snippet:-1","max-image-preview":"max-image-preview:large","max-video-preview":"max-video-preview:-1"},"canonical":"https:\/\/astrologelvan.com\/magaza\/urun\/venus-ask-yantrasi\/","og_locale":"tr_TR","og_type":"article","og_title":"VEN\u00dcS A\u015eK MANTRASI - Astrolog Elvan","og_description":"Ven\u00fcs, astrolojide a\u015fk, sevgi, fl\u00f6rt, refah ve zenginlik konular\u0131yla ilgilidir. As\u0131rlard\u0131r Hindistan\u2019da kullan\u0131lan en pop\u00fcler a\u015fk mantras\u0131 \u015fimdi g\u00fcm\u00fc\u015f \u00fczeri alt\u0131n kaplama ve mine i\u015flemeli muhte\u015fem bir tasar\u0131mla sizlerle!  Yapman\u0131z gereken 30 g\u00fcn boyunca Ven\u00fcs Mantra Kolyeyi takmak. A\u015fk, sevmek, sevilmek, lay\u0131k oldu\u011funuz partnerleri hayat\u0131n\u0131za \u00e7ekmek, zor giden bir ili\u015fkiyi dengelemek, kendi zenginlik ve refah frekans\u0131n\u0131z\u0131 artt\u0131rmak i\u00e7in kullan\u0131n. Muhte\u015fem sonu\u00e7lar alacaks\u0131n\u0131z.","og_url":"https:\/\/astrologelvan.com\/magaza\/urun\/venus-ask-yantrasi\/","og_site_name":"Astrolog Elvan","article_modified_time":"2026-04-19T12:06:44+00:00","og_image":[{"width":591,"height":887,"url":"https:\/\/astrologelvan.com\/magaza\/wp-content\/uploads\/2024\/10\/Untitled-Session0075.jpg","type":"image\/jpeg"}],"twitter_card":"summary_large_image","twitter_misc":{"Tahmini okuma s\u00fcresi":"1 dakika"},"schema":{"@context":"https:\/\/schema.org","@graph":[{"@type":["WebPage","ItemPage"],"@id":"https:\/\/astrologelvan.com\/magaza\/urun\/venus-ask-yantrasi\/","url":"https:\/\/astrologelvan.com\/magaza\/urun\/venus-ask-yantrasi\/","name":"VEN\u00dcS A\u015eK MANTRASI - Astrolog Elvan","isPartOf":{"@id":"https:\/\/astrologelvan.com\/magaza\/#website"},"primaryImageOfPage":{"@id":"https:\/\/astrologelvan.com\/magaza\/urun\/venus-ask-yantrasi\/#primaryimage"},"image":{"@id":"https:\/\/astrologelvan.com\/magaza\/urun\/venus-ask-yantrasi\/#primaryimage"},"thumbnailUrl":"https:\/\/astrologelvan.com\/magaza\/wp-content\/uploads\/2024\/10\/Untitled-Session0075.jpg","datePublished":"2024-10-29T15:18:24+00:00","dateModified":"2026-04-19T12:06:44+00:00","breadcrumb":{"@id":"https:\/\/astrologelvan.com\/magaza\/urun\/venus-ask-yantrasi\/#breadcrumb"},"inLanguage":"tr","potentialAction":[{"@type":"ReadAction","target":["https:\/\/astrologelvan.com\/magaza\/urun\/venus-ask-yantrasi\/"]}]},{"@type":"ImageObject","inLanguage":"tr","@id":"https:\/\/astrologelvan.com\/magaza\/urun\/venus-ask-yantrasi\/#primaryimage","url":"https:\/\/astrologelvan.com\/magaza\/wp-content\/uploads\/2024\/10\/Untitled-Session0075.jpg","contentUrl":"https:\/\/astrologelvan.com\/magaza\/wp-content\/uploads\/2024\/10\/Untitled-Session0075.jpg","width":591,"height":887},{"@type":"BreadcrumbList","@id":"https:\/\/astrologelvan.com\/magaza\/urun\/venus-ask-yantrasi\/#breadcrumb","itemListElement":[{"@type":"ListItem","position":1,"name":"Anasayfa","item":"https:\/\/astrologelvan.com\/magaza\/"},{"@type":"ListItem","position":2,"name":"Ma\u011faza","item":"https:\/\/astrologelvan.com\/magaza\/magaza\/"},{"@type":"ListItem","position":3,"name":"VEN\u00dcS A\u015eK MANTRASI"}]},{"@type":"WebSite","@id":"https:\/\/astrologelvan.com\/magaza\/#website","url":"https:\/\/astrologelvan.com\/magaza\/","name":"Astrolog Elvan","description":"","potentialAction":[{"@type":"SearchAction","target":{"@type":"EntryPoint","urlTemplate":"https:\/\/astrologelvan.com\/magaza\/?s={search_term_string}"},"query-input":{"@type":"PropertyValueSpecification","valueRequired":true,"valueName":"search_term_string"}}],"inLanguage":"tr"}]}},"_links":{"self":[{"href":"https:\/\/astrologelvan.com\/magaza\/wp-json\/wp\/v2\/product\/18535","targetHints":{"allow":["GET"]}}],"collection":[{"href":"https:\/\/astrologelvan.com\/magaza\/wp-json\/wp\/v2\/product"}],"about":[{"href":"https:\/\/astrologelvan.com\/magaza\/wp-json\/wp\/v2\/types\/product"}],"replies":[{"embeddable":true,"href":"https:\/\/astrologelvan.com\/magaza\/wp-json\/wp\/v2\/comments?post=18535"}],"wp:featuredmedia":[{"embeddable":true,"href":"https:\/\/astrologelvan.com\/magaza\/wp-json\/wp\/v2\/media\/93647"}],"wp:attachment":[{"href":"https:\/\/astrologelvan.com\/magaza\/wp-json\/wp\/v2\/media?parent=18535"}],"wp:term":[{"taxonomy":"product_brand","embeddable":true,"href":"https:\/\/astrologelvan.com\/magaza\/wp-json\/wp\/v2\/product_brand?post=18535"},{"taxonomy":"product_cat","embeddable":true,"href":"https:\/\/astrologelvan.com\/magaza\/wp-json\/wp\/v2\/product_cat?post=18535"},{"taxonomy":"product_tag","embeddable":true,"href":"https:\/\/astrologelvan.com\/magaza\/wp-json\/wp\/v2\/product_tag?post=18535"}],"curies":[{"name":"wp","href":"https:\/\/api.w.org\/{rel}","templated":true}]}}