{"id":183904,"date":"2026-04-29T05:10:16","date_gmt":"2026-04-29T02:10:16","guid":{"rendered":"https:\/\/astrologelvan.com\/magaza\/?post_type=product&#038;p=183904"},"modified":"2026-04-28T22:16:07","modified_gmt":"2026-04-28T19:16:07","slug":"saman-bilekligi","status":"publish","type":"product","link":"https:\/\/astrologelvan.com\/magaza\/urun\/saman-bilekligi\/","title":{"rendered":"\u015eaman Bilekli\u011fi"},"content":{"rendered":"","protected":false},"excerpt":{"rendered":"<p>Bu bileklik, sadece bir aksesuar de\u011fil\u2026<br \/>\n\u00fc\u00e7 g\u00fc\u00e7l\u00fc ta\u015f\u0131n birle\u015fiminden do\u011fan bir koruma alan\u0131.<\/p>\n<p>Karpuz Turmalin kalbini a\u00e7arken,<br \/>\nOniks seni d\u0131\u015f etkilerden korur,<br \/>\nClear Kuvars ise t\u00fcm enerjiyi y\u00fckseltir ve g\u00fc\u00e7lendirir.<\/p>\n<p>Bir araya geldiklerinde\u2026<br \/>\n\u2728 Negatif etkileri uzakla\u015ft\u0131ran<br \/>\n\u2728 Enerji alan\u0131n\u0131 stabilize eden<br \/>\n\u2728 Seni merkezinde tutan<br \/>\n\u00e7ok katmanl\u0131 bir koruma frekans\u0131 olu\u015ftururlar.<\/p>\n<p>Bu kombinasyon, kadim \u015famanik \u00e7al\u0131\u015fmalarda kullan\u0131lan<br \/>\nen g\u00fc\u00e7l\u00fc koruma d\u00fczenlerinden biri olarak bilinir.<\/p>\n<p>\u2e3b<\/p>\n<p>\u2728 TA\u015eLARIN G\u00dcC\u00dc<\/p>\n<p>\ud83d\udc97 Karpuz Turmalin<br \/>\nKalp alan\u0131n\u0131 a\u00e7ar, sevgi frekans\u0131n\u0131 aktive eder.<\/p>\n<p>\ud83d\udda4 Oniks<br \/>\nTopraklar, g\u00fc\u00e7lendirir, d\u0131\u015f enerjilere kar\u015f\u0131 kalkan olu\u015fturur.<\/p>\n<p>\ud83e\udd0d Clear Kuvars (Berrak Kuvars)<br \/>\nT\u00fcm enerjiyi y\u00fckseltir, niyeti b\u00fcy\u00fct\u00fcr ve netle\u015ftirir.<\/p>\n","protected":false},"featured_media":183906,"comment_status":"open","ping_status":"closed","template":"","meta":[],"product_brand":[596],"product_cat":[9554,258,259,123,227],"product_tag":[],"class_list":{"0":"post-183904","1":"product","2":"type-product","3":"status-publish","4":"has-post-thumbnail","6":"product_brand-astrolog-elvan","7":"product_cat-beyaz-kuvars","8":"product_cat-bileklik","9":"product_cat-bileklikler","10":"product_cat-onix-tasi","11":"product_cat-turmalin-tasi","13":"first","14":"instock","15":"taxable","16":"shipping-taxable","17":"purchasable","18":"product-type-simple"},"yoast_head":"<!-- This site is optimized with the Yoast SEO plugin v27.3 - https:\/\/yoast.com\/product\/yoast-seo-wordpress\/ -->\n<title>\u015eaman Bilekli\u011fi - Astrolog Elvan<\/title>\n<meta name=\"robots\" content=\"index, follow, max-snippet:-1, max-image-preview:large, max-video-preview:-1\" \/>\n<link rel=\"canonical\" href=\"https:\/\/astrologelvan.com\/magaza\/urun\/saman-bilekligi\/\" \/>\n<meta property=\"og:locale\" content=\"tr_TR\" \/>\n<meta property=\"og:type\" content=\"article\" \/>\n<meta property=\"og:title\" content=\"\u015eaman Bilekli\u011fi - Astrolog Elvan\" \/>\n<meta property=\"og:description\" content=\"Bu bileklik, sadece bir aksesuar de\u011fil\u2026 \u00fc\u00e7 g\u00fc\u00e7l\u00fc ta\u015f\u0131n birle\u015fiminden do\u011fan bir koruma alan\u0131.  Karpuz Turmalin kalbini a\u00e7arken, Oniks seni d\u0131\u015f etkilerden korur, Clear Kuvars ise t\u00fcm enerjiyi y\u00fckseltir ve g\u00fc\u00e7lendirir.  Bir araya geldiklerinde\u2026 \u2728 Negatif etkileri uzakla\u015ft\u0131ran \u2728 Enerji alan\u0131n\u0131 stabilize eden \u2728 Seni merkezinde tutan \u00e7ok katmanl\u0131 bir koruma frekans\u0131 olu\u015ftururlar.  Bu kombinasyon, kadim \u015famanik \u00e7al\u0131\u015fmalarda kullan\u0131lan en g\u00fc\u00e7l\u00fc koruma d\u00fczenlerinden biri olarak bilinir.  \u2e3b  \u2728 TA\u015eLARIN G\u00dcC\u00dc  \ud83d\udc97 Karpuz Turmalin Kalp alan\u0131n\u0131 a\u00e7ar, sevgi frekans\u0131n\u0131 aktive eder.  \ud83d\udda4 Oniks Topraklar, g\u00fc\u00e7lendirir, d\u0131\u015f enerjilere kar\u015f\u0131 kalkan olu\u015fturur.  \ud83e\udd0d Clear Kuvars (Berrak Kuvars) T\u00fcm enerjiyi y\u00fckseltir, niyeti b\u00fcy\u00fct\u00fcr ve netle\u015ftirir.\" \/>\n<meta property=\"og:url\" content=\"https:\/\/astrologelvan.com\/magaza\/urun\/saman-bilekligi\/\" \/>\n<meta property=\"og:site_name\" content=\"Astrolog Elvan\" \/>\n<meta property=\"og:image\" content=\"https:\/\/astrologelvan.com\/magaza\/wp-content\/uploads\/2026\/04\/IMG_6059-scaled.webp\" \/>\n\t<meta property=\"og:image:width\" content=\"1440\" \/>\n\t<meta property=\"og:image:height\" content=\"2560\" \/>\n\t<meta property=\"og:image:type\" content=\"image\/webp\" \/>\n<meta name=\"twitter:card\" content=\"summary_large_image\" \/>\n<meta name=\"twitter:label1\" content=\"Tahmini okuma s\u00fcresi\" \/>\n\t<meta name=\"twitter:data1\" content=\"1 dakika\" \/>\n<script type=\"application\/ld+json\" class=\"yoast-schema-graph\">{\"@context\":\"https:\\\/\\\/schema.org\",\"@graph\":[{\"@type\":[\"WebPage\",\"ItemPage\"],\"@id\":\"https:\\\/\\\/astrologelvan.com\\\/magaza\\\/urun\\\/saman-bilekligi\\\/\",\"url\":\"https:\\\/\\\/astrologelvan.com\\\/magaza\\\/urun\\\/saman-bilekligi\\\/\",\"name\":\"\u015eaman Bilekli\u011fi - Astrolog Elvan\",\"isPartOf\":{\"@id\":\"https:\\\/\\\/astrologelvan.com\\\/magaza\\\/#website\"},\"primaryImageOfPage\":{\"@id\":\"https:\\\/\\\/astrologelvan.com\\\/magaza\\\/urun\\\/saman-bilekligi\\\/#primaryimage\"},\"image\":{\"@id\":\"https:\\\/\\\/astrologelvan.com\\\/magaza\\\/urun\\\/saman-bilekligi\\\/#primaryimage\"},\"thumbnailUrl\":\"https:\\\/\\\/astrologelvan.com\\\/magaza\\\/wp-content\\\/uploads\\\/2026\\\/04\\\/IMG_6059-scaled.webp\",\"datePublished\":\"2026-04-29T02:10:16+00:00\",\"breadcrumb\":{\"@id\":\"https:\\\/\\\/astrologelvan.com\\\/magaza\\\/urun\\\/saman-bilekligi\\\/#breadcrumb\"},\"inLanguage\":\"tr\",\"potentialAction\":[{\"@type\":\"ReadAction\",\"target\":[\"https:\\\/\\\/astrologelvan.com\\\/magaza\\\/urun\\\/saman-bilekligi\\\/\"]}]},{\"@type\":\"ImageObject\",\"inLanguage\":\"tr\",\"@id\":\"https:\\\/\\\/astrologelvan.com\\\/magaza\\\/urun\\\/saman-bilekligi\\\/#primaryimage\",\"url\":\"https:\\\/\\\/astrologelvan.com\\\/magaza\\\/wp-content\\\/uploads\\\/2026\\\/04\\\/IMG_6059-scaled.webp\",\"contentUrl\":\"https:\\\/\\\/astrologelvan.com\\\/magaza\\\/wp-content\\\/uploads\\\/2026\\\/04\\\/IMG_6059-scaled.webp\",\"width\":1440,\"height\":2560},{\"@type\":\"BreadcrumbList\",\"@id\":\"https:\\\/\\\/astrologelvan.com\\\/magaza\\\/urun\\\/saman-bilekligi\\\/#breadcrumb\",\"itemListElement\":[{\"@type\":\"ListItem\",\"position\":1,\"name\":\"Anasayfa\",\"item\":\"https:\\\/\\\/astrologelvan.com\\\/magaza\\\/\"},{\"@type\":\"ListItem\",\"position\":2,\"name\":\"Ma\u011faza\",\"item\":\"https:\\\/\\\/astrologelvan.com\\\/magaza\\\/magaza\\\/\"},{\"@type\":\"ListItem\",\"position\":3,\"name\":\"\u015eaman Bilekli\u011fi\"}]},{\"@type\":\"WebSite\",\"@id\":\"https:\\\/\\\/astrologelvan.com\\\/magaza\\\/#website\",\"url\":\"https:\\\/\\\/astrologelvan.com\\\/magaza\\\/\",\"name\":\"Astrolog Elvan\",\"description\":\"\",\"potentialAction\":[{\"@type\":\"SearchAction\",\"target\":{\"@type\":\"EntryPoint\",\"urlTemplate\":\"https:\\\/\\\/astrologelvan.com\\\/magaza\\\/?s={search_term_string}\"},\"query-input\":{\"@type\":\"PropertyValueSpecification\",\"valueRequired\":true,\"valueName\":\"search_term_string\"}}],\"inLanguage\":\"tr\"}]}<\/script>\n<!-- \/ Yoast SEO plugin. -->","yoast_head_json":{"title":"\u015eaman Bilekli\u011fi - Astrolog Elvan","robots":{"index":"index","follow":"follow","max-snippet":"max-snippet:-1","max-image-preview":"max-image-preview:large","max-video-preview":"max-video-preview:-1"},"canonical":"https:\/\/astrologelvan.com\/magaza\/urun\/saman-bilekligi\/","og_locale":"tr_TR","og_type":"article","og_title":"\u015eaman Bilekli\u011fi - Astrolog Elvan","og_description":"Bu bileklik, sadece bir aksesuar de\u011fil\u2026 \u00fc\u00e7 g\u00fc\u00e7l\u00fc ta\u015f\u0131n birle\u015fiminden do\u011fan bir koruma alan\u0131.  Karpuz Turmalin kalbini a\u00e7arken, Oniks seni d\u0131\u015f etkilerden korur, Clear Kuvars ise t\u00fcm enerjiyi y\u00fckseltir ve g\u00fc\u00e7lendirir.  Bir araya geldiklerinde\u2026 \u2728 Negatif etkileri uzakla\u015ft\u0131ran \u2728 Enerji alan\u0131n\u0131 stabilize eden \u2728 Seni merkezinde tutan \u00e7ok katmanl\u0131 bir koruma frekans\u0131 olu\u015ftururlar.  Bu kombinasyon, kadim \u015famanik \u00e7al\u0131\u015fmalarda kullan\u0131lan en g\u00fc\u00e7l\u00fc koruma d\u00fczenlerinden biri olarak bilinir.  \u2e3b  \u2728 TA\u015eLARIN G\u00dcC\u00dc  \ud83d\udc97 Karpuz Turmalin Kalp alan\u0131n\u0131 a\u00e7ar, sevgi frekans\u0131n\u0131 aktive eder.  \ud83d\udda4 Oniks Topraklar, g\u00fc\u00e7lendirir, d\u0131\u015f enerjilere kar\u015f\u0131 kalkan olu\u015fturur.  \ud83e\udd0d Clear Kuvars (Berrak Kuvars) T\u00fcm enerjiyi y\u00fckseltir, niyeti b\u00fcy\u00fct\u00fcr ve netle\u015ftirir.","og_url":"https:\/\/astrologelvan.com\/magaza\/urun\/saman-bilekligi\/","og_site_name":"Astrolog Elvan","og_image":[{"width":1440,"height":2560,"url":"https:\/\/astrologelvan.com\/magaza\/wp-content\/uploads\/2026\/04\/IMG_6059-scaled.webp","type":"image\/webp"}],"twitter_card":"summary_large_image","twitter_misc":{"Tahmini okuma s\u00fcresi":"1 dakika"},"schema":{"@context":"https:\/\/schema.org","@graph":[{"@type":["WebPage","ItemPage"],"@id":"https:\/\/astrologelvan.com\/magaza\/urun\/saman-bilekligi\/","url":"https:\/\/astrologelvan.com\/magaza\/urun\/saman-bilekligi\/","name":"\u015eaman Bilekli\u011fi - Astrolog Elvan","isPartOf":{"@id":"https:\/\/astrologelvan.com\/magaza\/#website"},"primaryImageOfPage":{"@id":"https:\/\/astrologelvan.com\/magaza\/urun\/saman-bilekligi\/#primaryimage"},"image":{"@id":"https:\/\/astrologelvan.com\/magaza\/urun\/saman-bilekligi\/#primaryimage"},"thumbnailUrl":"https:\/\/astrologelvan.com\/magaza\/wp-content\/uploads\/2026\/04\/IMG_6059-scaled.webp","datePublished":"2026-04-29T02:10:16+00:00","breadcrumb":{"@id":"https:\/\/astrologelvan.com\/magaza\/urun\/saman-bilekligi\/#breadcrumb"},"inLanguage":"tr","potentialAction":[{"@type":"ReadAction","target":["https:\/\/astrologelvan.com\/magaza\/urun\/saman-bilekligi\/"]}]},{"@type":"ImageObject","inLanguage":"tr","@id":"https:\/\/astrologelvan.com\/magaza\/urun\/saman-bilekligi\/#primaryimage","url":"https:\/\/astrologelvan.com\/magaza\/wp-content\/uploads\/2026\/04\/IMG_6059-scaled.webp","contentUrl":"https:\/\/astrologelvan.com\/magaza\/wp-content\/uploads\/2026\/04\/IMG_6059-scaled.webp","width":1440,"height":2560},{"@type":"BreadcrumbList","@id":"https:\/\/astrologelvan.com\/magaza\/urun\/saman-bilekligi\/#breadcrumb","itemListElement":[{"@type":"ListItem","position":1,"name":"Anasayfa","item":"https:\/\/astrologelvan.com\/magaza\/"},{"@type":"ListItem","position":2,"name":"Ma\u011faza","item":"https:\/\/astrologelvan.com\/magaza\/magaza\/"},{"@type":"ListItem","position":3,"name":"\u015eaman Bilekli\u011fi"}]},{"@type":"WebSite","@id":"https:\/\/astrologelvan.com\/magaza\/#website","url":"https:\/\/astrologelvan.com\/magaza\/","name":"Astrolog Elvan","description":"","potentialAction":[{"@type":"SearchAction","target":{"@type":"EntryPoint","urlTemplate":"https:\/\/astrologelvan.com\/magaza\/?s={search_term_string}"},"query-input":{"@type":"PropertyValueSpecification","valueRequired":true,"valueName":"search_term_string"}}],"inLanguage":"tr"}]}},"_links":{"self":[{"href":"https:\/\/astrologelvan.com\/magaza\/wp-json\/wp\/v2\/product\/183904","targetHints":{"allow":["GET"]}}],"collection":[{"href":"https:\/\/astrologelvan.com\/magaza\/wp-json\/wp\/v2\/product"}],"about":[{"href":"https:\/\/astrologelvan.com\/magaza\/wp-json\/wp\/v2\/types\/product"}],"replies":[{"embeddable":true,"href":"https:\/\/astrologelvan.com\/magaza\/wp-json\/wp\/v2\/comments?post=183904"}],"wp:featuredmedia":[{"embeddable":true,"href":"https:\/\/astrologelvan.com\/magaza\/wp-json\/wp\/v2\/media\/183906"}],"wp:attachment":[{"href":"https:\/\/astrologelvan.com\/magaza\/wp-json\/wp\/v2\/media?parent=183904"}],"wp:term":[{"taxonomy":"product_brand","embeddable":true,"href":"https:\/\/astrologelvan.com\/magaza\/wp-json\/wp\/v2\/product_brand?post=183904"},{"taxonomy":"product_cat","embeddable":true,"href":"https:\/\/astrologelvan.com\/magaza\/wp-json\/wp\/v2\/product_cat?post=183904"},{"taxonomy":"product_tag","embeddable":true,"href":"https:\/\/astrologelvan.com\/magaza\/wp-json\/wp\/v2\/product_tag?post=183904"}],"curies":[{"name":"wp","href":"https:\/\/api.w.org\/{rel}","templated":true}]}}