{"id":183902,"date":"2026-04-29T05:09:49","date_gmt":"2026-04-29T02:09:49","guid":{"rendered":"https:\/\/astrologelvan.com\/magaza\/?post_type=product&#038;p=183902"},"modified":"2026-04-28T22:14:33","modified_gmt":"2026-04-28T19:14:33","slug":"karpuz-turmalin-kolye","status":"publish","type":"product","link":"https:\/\/astrologelvan.com\/magaza\/urun\/karpuz-turmalin-kolye\/","title":{"rendered":"Karpuz Turmalin Kolye"},"content":{"rendered":"","protected":false},"excerpt":{"rendered":"<p>A\u015fk\u0131n frekans\u0131, kalbin korumas\u0131<\/p>\n<p>Karpuz Turmalin, do\u011fan\u0131n en \u00f6zel ta\u015flar\u0131ndan biri\u2026<br \/>\n\u0130\u00e7inde hem pembenin sevgisini hem ye\u015filin koruyucu g\u00fcc\u00fcn\u00fc ta\u015f\u0131r.<\/p>\n<p>Bu kolye;<br \/>\nkalbini a\u00e7arken ayn\u0131 anda seni koruyan bir enerji alan\u0131 yarat\u0131r.<\/p>\n<p>\u2728 A\u015fk\u0131 \u00e7ekmek<br \/>\n\u2728 \u00d6z sevgiyi derinle\u015ftirmek<br \/>\n\u2728 Kalbini k\u0131r\u0131lganl\u0131ktan korumak<\/p>\n<p>i\u00e7in tasarland\u0131.<\/p>\n<p>Her bir do\u011fal ta\u015f, kendine \u00f6zg\u00fc renk ge\u00e7i\u015fleriyle<br \/>\nsenin hik\u00e2yene \u00f6zel bir titre\u015fim ta\u015f\u0131r.<\/p>\n<p>Bu sadece bir kolye de\u011fil\u2026<br \/>\nkalbinin hem daveti hem kalkan\u0131.<\/p>\n","protected":false},"featured_media":183903,"comment_status":"open","ping_status":"closed","template":"","meta":[],"product_brand":[596],"product_cat":[48,227],"product_tag":[],"class_list":{"0":"post-183902","1":"product","2":"type-product","3":"status-publish","4":"has-post-thumbnail","6":"product_brand-astrolog-elvan","7":"product_cat-kolyeler","8":"product_cat-turmalin-tasi","10":"first","11":"instock","12":"taxable","13":"shipping-taxable","14":"purchasable","15":"product-type-simple"},"yoast_head":"<!-- This site is optimized with the Yoast SEO plugin v27.3 - https:\/\/yoast.com\/product\/yoast-seo-wordpress\/ -->\n<title>Karpuz Turmalin Kolye - Astrolog Elvan<\/title>\n<meta name=\"robots\" content=\"index, follow, max-snippet:-1, max-image-preview:large, max-video-preview:-1\" \/>\n<link rel=\"canonical\" href=\"https:\/\/astrologelvan.com\/magaza\/urun\/karpuz-turmalin-kolye\/\" \/>\n<meta property=\"og:locale\" content=\"tr_TR\" \/>\n<meta property=\"og:type\" content=\"article\" \/>\n<meta property=\"og:title\" content=\"Karpuz Turmalin Kolye - Astrolog Elvan\" \/>\n<meta property=\"og:description\" content=\"A\u015fk\u0131n frekans\u0131, kalbin korumas\u0131  Karpuz Turmalin, do\u011fan\u0131n en \u00f6zel ta\u015flar\u0131ndan biri\u2026 \u0130\u00e7inde hem pembenin sevgisini hem ye\u015filin koruyucu g\u00fcc\u00fcn\u00fc ta\u015f\u0131r.  Bu kolye; kalbini a\u00e7arken ayn\u0131 anda seni koruyan bir enerji alan\u0131 yarat\u0131r.  \u2728 A\u015fk\u0131 \u00e7ekmek \u2728 \u00d6z sevgiyi derinle\u015ftirmek \u2728 Kalbini k\u0131r\u0131lganl\u0131ktan korumak  i\u00e7in tasarland\u0131.  Her bir do\u011fal ta\u015f, kendine \u00f6zg\u00fc renk ge\u00e7i\u015fleriyle senin hik\u00e2yene \u00f6zel bir titre\u015fim ta\u015f\u0131r.  Bu sadece bir kolye de\u011fil\u2026 kalbinin hem daveti hem kalkan\u0131.\" \/>\n<meta property=\"og:url\" content=\"https:\/\/astrologelvan.com\/magaza\/urun\/karpuz-turmalin-kolye\/\" \/>\n<meta property=\"og:site_name\" content=\"Astrolog Elvan\" \/>\n<meta property=\"og:image\" content=\"https:\/\/astrologelvan.com\/magaza\/wp-content\/uploads\/2026\/04\/IMG_6072-scaled.webp\" \/>\n\t<meta property=\"og:image:width\" content=\"1920\" \/>\n\t<meta property=\"og:image:height\" content=\"2560\" \/>\n\t<meta property=\"og:image:type\" content=\"image\/webp\" \/>\n<meta name=\"twitter:card\" content=\"summary_large_image\" \/>\n<meta name=\"twitter:label1\" content=\"Tahmini okuma s\u00fcresi\" \/>\n\t<meta name=\"twitter:data1\" content=\"1 dakika\" \/>\n<script type=\"application\/ld+json\" class=\"yoast-schema-graph\">{\"@context\":\"https:\\\/\\\/schema.org\",\"@graph\":[{\"@type\":[\"WebPage\",\"ItemPage\"],\"@id\":\"https:\\\/\\\/astrologelvan.com\\\/magaza\\\/urun\\\/karpuz-turmalin-kolye\\\/\",\"url\":\"https:\\\/\\\/astrologelvan.com\\\/magaza\\\/urun\\\/karpuz-turmalin-kolye\\\/\",\"name\":\"Karpuz Turmalin Kolye - Astrolog Elvan\",\"isPartOf\":{\"@id\":\"https:\\\/\\\/astrologelvan.com\\\/magaza\\\/#website\"},\"primaryImageOfPage\":{\"@id\":\"https:\\\/\\\/astrologelvan.com\\\/magaza\\\/urun\\\/karpuz-turmalin-kolye\\\/#primaryimage\"},\"image\":{\"@id\":\"https:\\\/\\\/astrologelvan.com\\\/magaza\\\/urun\\\/karpuz-turmalin-kolye\\\/#primaryimage\"},\"thumbnailUrl\":\"https:\\\/\\\/astrologelvan.com\\\/magaza\\\/wp-content\\\/uploads\\\/2026\\\/04\\\/IMG_6072-scaled.webp\",\"datePublished\":\"2026-04-29T02:09:49+00:00\",\"breadcrumb\":{\"@id\":\"https:\\\/\\\/astrologelvan.com\\\/magaza\\\/urun\\\/karpuz-turmalin-kolye\\\/#breadcrumb\"},\"inLanguage\":\"tr\",\"potentialAction\":[{\"@type\":\"ReadAction\",\"target\":[\"https:\\\/\\\/astrologelvan.com\\\/magaza\\\/urun\\\/karpuz-turmalin-kolye\\\/\"]}]},{\"@type\":\"ImageObject\",\"inLanguage\":\"tr\",\"@id\":\"https:\\\/\\\/astrologelvan.com\\\/magaza\\\/urun\\\/karpuz-turmalin-kolye\\\/#primaryimage\",\"url\":\"https:\\\/\\\/astrologelvan.com\\\/magaza\\\/wp-content\\\/uploads\\\/2026\\\/04\\\/IMG_6072-scaled.webp\",\"contentUrl\":\"https:\\\/\\\/astrologelvan.com\\\/magaza\\\/wp-content\\\/uploads\\\/2026\\\/04\\\/IMG_6072-scaled.webp\",\"width\":1920,\"height\":2560},{\"@type\":\"BreadcrumbList\",\"@id\":\"https:\\\/\\\/astrologelvan.com\\\/magaza\\\/urun\\\/karpuz-turmalin-kolye\\\/#breadcrumb\",\"itemListElement\":[{\"@type\":\"ListItem\",\"position\":1,\"name\":\"Anasayfa\",\"item\":\"https:\\\/\\\/astrologelvan.com\\\/magaza\\\/\"},{\"@type\":\"ListItem\",\"position\":2,\"name\":\"Ma\u011faza\",\"item\":\"https:\\\/\\\/astrologelvan.com\\\/magaza\\\/magaza\\\/\"},{\"@type\":\"ListItem\",\"position\":3,\"name\":\"Karpuz Turmalin Kolye\"}]},{\"@type\":\"WebSite\",\"@id\":\"https:\\\/\\\/astrologelvan.com\\\/magaza\\\/#website\",\"url\":\"https:\\\/\\\/astrologelvan.com\\\/magaza\\\/\",\"name\":\"Astrolog Elvan\",\"description\":\"\",\"potentialAction\":[{\"@type\":\"SearchAction\",\"target\":{\"@type\":\"EntryPoint\",\"urlTemplate\":\"https:\\\/\\\/astrologelvan.com\\\/magaza\\\/?s={search_term_string}\"},\"query-input\":{\"@type\":\"PropertyValueSpecification\",\"valueRequired\":true,\"valueName\":\"search_term_string\"}}],\"inLanguage\":\"tr\"}]}<\/script>\n<!-- \/ Yoast SEO plugin. -->","yoast_head_json":{"title":"Karpuz Turmalin Kolye - Astrolog Elvan","robots":{"index":"index","follow":"follow","max-snippet":"max-snippet:-1","max-image-preview":"max-image-preview:large","max-video-preview":"max-video-preview:-1"},"canonical":"https:\/\/astrologelvan.com\/magaza\/urun\/karpuz-turmalin-kolye\/","og_locale":"tr_TR","og_type":"article","og_title":"Karpuz Turmalin Kolye - Astrolog Elvan","og_description":"A\u015fk\u0131n frekans\u0131, kalbin korumas\u0131  Karpuz Turmalin, do\u011fan\u0131n en \u00f6zel ta\u015flar\u0131ndan biri\u2026 \u0130\u00e7inde hem pembenin sevgisini hem ye\u015filin koruyucu g\u00fcc\u00fcn\u00fc ta\u015f\u0131r.  Bu kolye; kalbini a\u00e7arken ayn\u0131 anda seni koruyan bir enerji alan\u0131 yarat\u0131r.  \u2728 A\u015fk\u0131 \u00e7ekmek \u2728 \u00d6z sevgiyi derinle\u015ftirmek \u2728 Kalbini k\u0131r\u0131lganl\u0131ktan korumak  i\u00e7in tasarland\u0131.  Her bir do\u011fal ta\u015f, kendine \u00f6zg\u00fc renk ge\u00e7i\u015fleriyle senin hik\u00e2yene \u00f6zel bir titre\u015fim ta\u015f\u0131r.  Bu sadece bir kolye de\u011fil\u2026 kalbinin hem daveti hem kalkan\u0131.","og_url":"https:\/\/astrologelvan.com\/magaza\/urun\/karpuz-turmalin-kolye\/","og_site_name":"Astrolog Elvan","og_image":[{"width":1920,"height":2560,"url":"https:\/\/astrologelvan.com\/magaza\/wp-content\/uploads\/2026\/04\/IMG_6072-scaled.webp","type":"image\/webp"}],"twitter_card":"summary_large_image","twitter_misc":{"Tahmini okuma s\u00fcresi":"1 dakika"},"schema":{"@context":"https:\/\/schema.org","@graph":[{"@type":["WebPage","ItemPage"],"@id":"https:\/\/astrologelvan.com\/magaza\/urun\/karpuz-turmalin-kolye\/","url":"https:\/\/astrologelvan.com\/magaza\/urun\/karpuz-turmalin-kolye\/","name":"Karpuz Turmalin Kolye - Astrolog Elvan","isPartOf":{"@id":"https:\/\/astrologelvan.com\/magaza\/#website"},"primaryImageOfPage":{"@id":"https:\/\/astrologelvan.com\/magaza\/urun\/karpuz-turmalin-kolye\/#primaryimage"},"image":{"@id":"https:\/\/astrologelvan.com\/magaza\/urun\/karpuz-turmalin-kolye\/#primaryimage"},"thumbnailUrl":"https:\/\/astrologelvan.com\/magaza\/wp-content\/uploads\/2026\/04\/IMG_6072-scaled.webp","datePublished":"2026-04-29T02:09:49+00:00","breadcrumb":{"@id":"https:\/\/astrologelvan.com\/magaza\/urun\/karpuz-turmalin-kolye\/#breadcrumb"},"inLanguage":"tr","potentialAction":[{"@type":"ReadAction","target":["https:\/\/astrologelvan.com\/magaza\/urun\/karpuz-turmalin-kolye\/"]}]},{"@type":"ImageObject","inLanguage":"tr","@id":"https:\/\/astrologelvan.com\/magaza\/urun\/karpuz-turmalin-kolye\/#primaryimage","url":"https:\/\/astrologelvan.com\/magaza\/wp-content\/uploads\/2026\/04\/IMG_6072-scaled.webp","contentUrl":"https:\/\/astrologelvan.com\/magaza\/wp-content\/uploads\/2026\/04\/IMG_6072-scaled.webp","width":1920,"height":2560},{"@type":"BreadcrumbList","@id":"https:\/\/astrologelvan.com\/magaza\/urun\/karpuz-turmalin-kolye\/#breadcrumb","itemListElement":[{"@type":"ListItem","position":1,"name":"Anasayfa","item":"https:\/\/astrologelvan.com\/magaza\/"},{"@type":"ListItem","position":2,"name":"Ma\u011faza","item":"https:\/\/astrologelvan.com\/magaza\/magaza\/"},{"@type":"ListItem","position":3,"name":"Karpuz Turmalin Kolye"}]},{"@type":"WebSite","@id":"https:\/\/astrologelvan.com\/magaza\/#website","url":"https:\/\/astrologelvan.com\/magaza\/","name":"Astrolog Elvan","description":"","potentialAction":[{"@type":"SearchAction","target":{"@type":"EntryPoint","urlTemplate":"https:\/\/astrologelvan.com\/magaza\/?s={search_term_string}"},"query-input":{"@type":"PropertyValueSpecification","valueRequired":true,"valueName":"search_term_string"}}],"inLanguage":"tr"}]}},"_links":{"self":[{"href":"https:\/\/astrologelvan.com\/magaza\/wp-json\/wp\/v2\/product\/183902","targetHints":{"allow":["GET"]}}],"collection":[{"href":"https:\/\/astrologelvan.com\/magaza\/wp-json\/wp\/v2\/product"}],"about":[{"href":"https:\/\/astrologelvan.com\/magaza\/wp-json\/wp\/v2\/types\/product"}],"replies":[{"embeddable":true,"href":"https:\/\/astrologelvan.com\/magaza\/wp-json\/wp\/v2\/comments?post=183902"}],"wp:featuredmedia":[{"embeddable":true,"href":"https:\/\/astrologelvan.com\/magaza\/wp-json\/wp\/v2\/media\/183903"}],"wp:attachment":[{"href":"https:\/\/astrologelvan.com\/magaza\/wp-json\/wp\/v2\/media?parent=183902"}],"wp:term":[{"taxonomy":"product_brand","embeddable":true,"href":"https:\/\/astrologelvan.com\/magaza\/wp-json\/wp\/v2\/product_brand?post=183902"},{"taxonomy":"product_cat","embeddable":true,"href":"https:\/\/astrologelvan.com\/magaza\/wp-json\/wp\/v2\/product_cat?post=183902"},{"taxonomy":"product_tag","embeddable":true,"href":"https:\/\/astrologelvan.com\/magaza\/wp-json\/wp\/v2\/product_tag?post=183902"}],"curies":[{"name":"wp","href":"https:\/\/api.w.org\/{rel}","templated":true}]}}