{"id":180654,"date":"2026-04-14T18:10:15","date_gmt":"2026-04-14T15:10:15","guid":{"rendered":"https:\/\/astrologelvan.com\/magaza\/urun\/rodonit-kolye-silindir-form-altin-kaplama\/"},"modified":"2026-04-14T22:53:21","modified_gmt":"2026-04-14T19:53:21","slug":"rodonit-kolye-silindir-form-altin-kaplama","status":"publish","type":"product","link":"https:\/\/astrologelvan.com\/magaza\/urun\/rodonit-kolye-silindir-form-altin-kaplama\/","title":{"rendered":"RODON\u0130T KOLYE S\u0130L\u0130ND\u0130R FORM ALTIN KAPLAMA"},"content":{"rendered":"","protected":false},"excerpt":{"rendered":"<p>Do\u011fan\u0131n en zarif dokunu\u015flar\u0131ndan biri olan Rodonit, pembe tonlar\u0131 ve karakteristik siyah damarlar\u0131yla her par\u00e7ada benzersiz bir g\u00f6r\u00fcn\u00fcm sunar<\/p>\n<p>Detoks ta\u015f\u0131 olarak bilinen Rodonit v\u00fccudun g\u00fc\u00e7lenmesini destekler.<\/p>\n<p>\u0130li\u015fkilere bar\u0131\u015f getirmeye yard\u0131mc\u0131 olur.<\/p>\n<p>Kar\u015f\u0131l\u0131ks\u0131z sevgiyi temsil eden pembe ta\u015flardan biri olan Rodonit, enerji dengelemeye yard\u0131mc\u0131 alan\u0131nda etkili bir kristaldir.<\/p>\n<p>Kalp \u00e7akras\u0131 ile yak\u0131ndan ili\u015fkilidir.<\/p>\n<p>\u015eifal\u0131 enerjisi y\u00fcksektir ve \u00e7akra ta\u015f\u0131 olarak kullan\u0131labilir.<\/p>\n","protected":false},"featured_media":180653,"comment_status":"open","ping_status":"closed","template":"","meta":[],"product_brand":[],"product_cat":[26],"product_tag":[],"class_list":{"0":"post-180654","1":"product","2":"type-product","3":"status-publish","4":"has-post-thumbnail","6":"product_cat-genel","8":"first","9":"instock","10":"taxable","11":"shipping-taxable","12":"purchasable","13":"product-type-simple"},"yoast_head":"<!-- This site is optimized with the Yoast SEO plugin v27.3 - https:\/\/yoast.com\/product\/yoast-seo-wordpress\/ -->\n<title>RODON\u0130T KOLYE S\u0130L\u0130ND\u0130R FORM ALTIN KAPLAMA - Astrolog Elvan<\/title>\n<meta name=\"robots\" content=\"index, follow, max-snippet:-1, max-image-preview:large, max-video-preview:-1\" \/>\n<link rel=\"canonical\" href=\"https:\/\/astrologelvan.com\/magaza\/urun\/rodonit-kolye-silindir-form-altin-kaplama\/\" \/>\n<meta property=\"og:locale\" content=\"tr_TR\" \/>\n<meta property=\"og:type\" content=\"article\" \/>\n<meta property=\"og:title\" content=\"RODON\u0130T KOLYE S\u0130L\u0130ND\u0130R FORM ALTIN KAPLAMA - Astrolog Elvan\" \/>\n<meta property=\"og:description\" content=\"Do\u011fan\u0131n en zarif dokunu\u015flar\u0131ndan biri olan Rodonit, pembe tonlar\u0131 ve karakteristik siyah damarlar\u0131yla her par\u00e7ada benzersiz bir g\u00f6r\u00fcn\u00fcm sunar Detoks ta\u015f\u0131 olarak bilinen Rodonit v\u00fccudun g\u00fc\u00e7lenmesini destekler. \u0130li\u015fkilere bar\u0131\u015f getirmeye yard\u0131mc\u0131 olur. Kar\u015f\u0131l\u0131ks\u0131z sevgiyi temsil eden pembe ta\u015flardan biri olan Rodonit, enerji dengelemeye yard\u0131mc\u0131 alan\u0131nda etkili bir kristaldir. Kalp \u00e7akras\u0131 ile yak\u0131ndan ili\u015fkilidir. \u015eifal\u0131 enerjisi y\u00fcksektir ve \u00e7akra ta\u015f\u0131 olarak kullan\u0131labilir.\" \/>\n<meta property=\"og:url\" content=\"https:\/\/astrologelvan.com\/magaza\/urun\/rodonit-kolye-silindir-form-altin-kaplama\/\" \/>\n<meta property=\"og:site_name\" content=\"Astrolog Elvan\" \/>\n<meta property=\"article:modified_time\" content=\"2026-04-14T19:53:21+00:00\" \/>\n<meta name=\"twitter:card\" content=\"summary_large_image\" \/>\n<script type=\"application\/ld+json\" class=\"yoast-schema-graph\">{\"@context\":\"https:\\\/\\\/schema.org\",\"@graph\":[{\"@type\":[\"WebPage\",\"ItemPage\"],\"@id\":\"https:\\\/\\\/astrologelvan.com\\\/magaza\\\/urun\\\/rodonit-kolye-silindir-form-altin-kaplama\\\/\",\"url\":\"https:\\\/\\\/astrologelvan.com\\\/magaza\\\/urun\\\/rodonit-kolye-silindir-form-altin-kaplama\\\/\",\"name\":\"RODON\u0130T KOLYE S\u0130L\u0130ND\u0130R FORM ALTIN KAPLAMA - Astrolog Elvan\",\"isPartOf\":{\"@id\":\"https:\\\/\\\/astrologelvan.com\\\/magaza\\\/#website\"},\"primaryImageOfPage\":{\"@id\":\"https:\\\/\\\/astrologelvan.com\\\/magaza\\\/urun\\\/rodonit-kolye-silindir-form-altin-kaplama\\\/#primaryimage\"},\"image\":{\"@id\":\"https:\\\/\\\/astrologelvan.com\\\/magaza\\\/urun\\\/rodonit-kolye-silindir-form-altin-kaplama\\\/#primaryimage\"},\"thumbnailUrl\":\"https:\\\/\\\/astrologelvan.com\\\/magaza\\\/wp-content\\\/uploads\\\/2026\\\/04\\\/57c744e9-c9f2-4cce-af37-4d657d0dd1d9.jpeg\",\"datePublished\":\"2026-04-14T15:10:15+00:00\",\"dateModified\":\"2026-04-14T19:53:21+00:00\",\"breadcrumb\":{\"@id\":\"https:\\\/\\\/astrologelvan.com\\\/magaza\\\/urun\\\/rodonit-kolye-silindir-form-altin-kaplama\\\/#breadcrumb\"},\"inLanguage\":\"tr\",\"potentialAction\":[{\"@type\":\"ReadAction\",\"target\":[\"https:\\\/\\\/astrologelvan.com\\\/magaza\\\/urun\\\/rodonit-kolye-silindir-form-altin-kaplama\\\/\"]}]},{\"@type\":\"ImageObject\",\"inLanguage\":\"tr\",\"@id\":\"https:\\\/\\\/astrologelvan.com\\\/magaza\\\/urun\\\/rodonit-kolye-silindir-form-altin-kaplama\\\/#primaryimage\",\"url\":\"https:\\\/\\\/astrologelvan.com\\\/magaza\\\/wp-content\\\/uploads\\\/2026\\\/04\\\/57c744e9-c9f2-4cce-af37-4d657d0dd1d9.jpeg\",\"contentUrl\":\"https:\\\/\\\/astrologelvan.com\\\/magaza\\\/wp-content\\\/uploads\\\/2026\\\/04\\\/57c744e9-c9f2-4cce-af37-4d657d0dd1d9.jpeg\",\"width\":1024,\"height\":1536},{\"@type\":\"BreadcrumbList\",\"@id\":\"https:\\\/\\\/astrologelvan.com\\\/magaza\\\/urun\\\/rodonit-kolye-silindir-form-altin-kaplama\\\/#breadcrumb\",\"itemListElement\":[{\"@type\":\"ListItem\",\"position\":1,\"name\":\"Anasayfa\",\"item\":\"https:\\\/\\\/astrologelvan.com\\\/magaza\\\/\"},{\"@type\":\"ListItem\",\"position\":2,\"name\":\"Ma\u011faza\",\"item\":\"https:\\\/\\\/astrologelvan.com\\\/magaza\\\/magaza\\\/\"},{\"@type\":\"ListItem\",\"position\":3,\"name\":\"RODON\u0130T KOLYE S\u0130L\u0130ND\u0130R FORM ALTIN KAPLAMA\"}]},{\"@type\":\"WebSite\",\"@id\":\"https:\\\/\\\/astrologelvan.com\\\/magaza\\\/#website\",\"url\":\"https:\\\/\\\/astrologelvan.com\\\/magaza\\\/\",\"name\":\"Astrolog Elvan\",\"description\":\"\",\"potentialAction\":[{\"@type\":\"SearchAction\",\"target\":{\"@type\":\"EntryPoint\",\"urlTemplate\":\"https:\\\/\\\/astrologelvan.com\\\/magaza\\\/?s={search_term_string}\"},\"query-input\":{\"@type\":\"PropertyValueSpecification\",\"valueRequired\":true,\"valueName\":\"search_term_string\"}}],\"inLanguage\":\"tr\"}]}<\/script>\n<!-- \/ Yoast SEO plugin. -->","yoast_head_json":{"title":"RODON\u0130T KOLYE S\u0130L\u0130ND\u0130R FORM ALTIN KAPLAMA - Astrolog Elvan","robots":{"index":"index","follow":"follow","max-snippet":"max-snippet:-1","max-image-preview":"max-image-preview:large","max-video-preview":"max-video-preview:-1"},"canonical":"https:\/\/astrologelvan.com\/magaza\/urun\/rodonit-kolye-silindir-form-altin-kaplama\/","og_locale":"tr_TR","og_type":"article","og_title":"RODON\u0130T KOLYE S\u0130L\u0130ND\u0130R FORM ALTIN KAPLAMA - Astrolog Elvan","og_description":"Do\u011fan\u0131n en zarif dokunu\u015flar\u0131ndan biri olan Rodonit, pembe tonlar\u0131 ve karakteristik siyah damarlar\u0131yla her par\u00e7ada benzersiz bir g\u00f6r\u00fcn\u00fcm sunar Detoks ta\u015f\u0131 olarak bilinen Rodonit v\u00fccudun g\u00fc\u00e7lenmesini destekler. \u0130li\u015fkilere bar\u0131\u015f getirmeye yard\u0131mc\u0131 olur. Kar\u015f\u0131l\u0131ks\u0131z sevgiyi temsil eden pembe ta\u015flardan biri olan Rodonit, enerji dengelemeye yard\u0131mc\u0131 alan\u0131nda etkili bir kristaldir. Kalp \u00e7akras\u0131 ile yak\u0131ndan ili\u015fkilidir. \u015eifal\u0131 enerjisi y\u00fcksektir ve \u00e7akra ta\u015f\u0131 olarak kullan\u0131labilir.","og_url":"https:\/\/astrologelvan.com\/magaza\/urun\/rodonit-kolye-silindir-form-altin-kaplama\/","og_site_name":"Astrolog Elvan","article_modified_time":"2026-04-14T19:53:21+00:00","twitter_card":"summary_large_image","schema":{"@context":"https:\/\/schema.org","@graph":[{"@type":["WebPage","ItemPage"],"@id":"https:\/\/astrologelvan.com\/magaza\/urun\/rodonit-kolye-silindir-form-altin-kaplama\/","url":"https:\/\/astrologelvan.com\/magaza\/urun\/rodonit-kolye-silindir-form-altin-kaplama\/","name":"RODON\u0130T KOLYE S\u0130L\u0130ND\u0130R FORM ALTIN KAPLAMA - Astrolog Elvan","isPartOf":{"@id":"https:\/\/astrologelvan.com\/magaza\/#website"},"primaryImageOfPage":{"@id":"https:\/\/astrologelvan.com\/magaza\/urun\/rodonit-kolye-silindir-form-altin-kaplama\/#primaryimage"},"image":{"@id":"https:\/\/astrologelvan.com\/magaza\/urun\/rodonit-kolye-silindir-form-altin-kaplama\/#primaryimage"},"thumbnailUrl":"https:\/\/astrologelvan.com\/magaza\/wp-content\/uploads\/2026\/04\/57c744e9-c9f2-4cce-af37-4d657d0dd1d9.jpeg","datePublished":"2026-04-14T15:10:15+00:00","dateModified":"2026-04-14T19:53:21+00:00","breadcrumb":{"@id":"https:\/\/astrologelvan.com\/magaza\/urun\/rodonit-kolye-silindir-form-altin-kaplama\/#breadcrumb"},"inLanguage":"tr","potentialAction":[{"@type":"ReadAction","target":["https:\/\/astrologelvan.com\/magaza\/urun\/rodonit-kolye-silindir-form-altin-kaplama\/"]}]},{"@type":"ImageObject","inLanguage":"tr","@id":"https:\/\/astrologelvan.com\/magaza\/urun\/rodonit-kolye-silindir-form-altin-kaplama\/#primaryimage","url":"https:\/\/astrologelvan.com\/magaza\/wp-content\/uploads\/2026\/04\/57c744e9-c9f2-4cce-af37-4d657d0dd1d9.jpeg","contentUrl":"https:\/\/astrologelvan.com\/magaza\/wp-content\/uploads\/2026\/04\/57c744e9-c9f2-4cce-af37-4d657d0dd1d9.jpeg","width":1024,"height":1536},{"@type":"BreadcrumbList","@id":"https:\/\/astrologelvan.com\/magaza\/urun\/rodonit-kolye-silindir-form-altin-kaplama\/#breadcrumb","itemListElement":[{"@type":"ListItem","position":1,"name":"Anasayfa","item":"https:\/\/astrologelvan.com\/magaza\/"},{"@type":"ListItem","position":2,"name":"Ma\u011faza","item":"https:\/\/astrologelvan.com\/magaza\/magaza\/"},{"@type":"ListItem","position":3,"name":"RODON\u0130T KOLYE S\u0130L\u0130ND\u0130R FORM ALTIN KAPLAMA"}]},{"@type":"WebSite","@id":"https:\/\/astrologelvan.com\/magaza\/#website","url":"https:\/\/astrologelvan.com\/magaza\/","name":"Astrolog Elvan","description":"","potentialAction":[{"@type":"SearchAction","target":{"@type":"EntryPoint","urlTemplate":"https:\/\/astrologelvan.com\/magaza\/?s={search_term_string}"},"query-input":{"@type":"PropertyValueSpecification","valueRequired":true,"valueName":"search_term_string"}}],"inLanguage":"tr"}]}},"_links":{"self":[{"href":"https:\/\/astrologelvan.com\/magaza\/wp-json\/wp\/v2\/product\/180654","targetHints":{"allow":["GET"]}}],"collection":[{"href":"https:\/\/astrologelvan.com\/magaza\/wp-json\/wp\/v2\/product"}],"about":[{"href":"https:\/\/astrologelvan.com\/magaza\/wp-json\/wp\/v2\/types\/product"}],"replies":[{"embeddable":true,"href":"https:\/\/astrologelvan.com\/magaza\/wp-json\/wp\/v2\/comments?post=180654"}],"wp:featuredmedia":[{"embeddable":true,"href":"https:\/\/astrologelvan.com\/magaza\/wp-json\/wp\/v2\/media\/180653"}],"wp:attachment":[{"href":"https:\/\/astrologelvan.com\/magaza\/wp-json\/wp\/v2\/media?parent=180654"}],"wp:term":[{"taxonomy":"product_brand","embeddable":true,"href":"https:\/\/astrologelvan.com\/magaza\/wp-json\/wp\/v2\/product_brand?post=180654"},{"taxonomy":"product_cat","embeddable":true,"href":"https:\/\/astrologelvan.com\/magaza\/wp-json\/wp\/v2\/product_cat?post=180654"},{"taxonomy":"product_tag","embeddable":true,"href":"https:\/\/astrologelvan.com\/magaza\/wp-json\/wp\/v2\/product_tag?post=180654"}],"curies":[{"name":"wp","href":"https:\/\/api.w.org\/{rel}","templated":true}]}}