{"id":180609,"date":"2026-04-14T14:49:58","date_gmt":"2026-04-14T11:49:58","guid":{"rendered":"https:\/\/astrologelvan.com\/magaza\/?post_type=product&#038;p=180609"},"modified":"2026-04-14T20:01:17","modified_gmt":"2026-04-14T17:01:17","slug":"para-seni-secsin-bolluk-bereket-atolyesi-sema-tavsanli","status":"publish","type":"product","link":"https:\/\/astrologelvan.com\/magaza\/urun\/para-seni-secsin-bolluk-bereket-atolyesi-sema-tavsanli\/","title":{"rendered":"PARA SEN\u0130 SE\u00c7S\u0130N \ud83d\udcb8\u2728 Bolluk &#038; Bereket At\u00f6lyesi | Sema Tav\u015fanl\u0131"},"content":{"rendered":"","protected":false},"excerpt":{"rendered":"<p><strong>Paray\u0131 kovalamay\u0131 b\u0131rak.<\/strong><br \/>\n<strong>Onu kabul etmeyi \u00f6\u011fren!<\/strong><\/p>\n<p>Para sadece kazan\u0131lan bir \u015fey de\u011fil,<br \/>\nkabul edilen bir enerjidir.<\/p>\n<p>E\u011fer hayat\u0131nda;<br \/>\nparay\u0131 tutam\u0131yor,<br \/>\n\u00e7ok \u00e7al\u0131\u015f\u0131p az kazan\u0131yor<br \/>\nya da s\u00fcrekli s\u0131k\u0131\u015f\u0131kl\u0131k ya\u015f\u0131yorsan\u2026<\/p>\n<p>Sorun \u201cne kadar istedi\u011fin\u201d de\u011fil,<br \/>\nne kadar almaya a\u00e7\u0131k oldu\u011fun.<\/p>\n<p><strong>K\u0130MLER \u0130\u00c7\u0130N?<\/strong><\/p>\n<p>* Para ak\u0131\u015f\u0131 s\u00fcrekli duranlar<br \/>\n* Paray\u0131 elde tutamayanlar<br \/>\n* Hak etti\u011fini alamad\u0131\u011f\u0131n\u0131 hissedenler<br \/>\n* Bolluk enerjisine ge\u00e7mek isteyenler<\/p>\n<p><strong>At\u00f6lyede De\u011finilecek Konular<\/strong><\/p>\n<p>* Almaya kapal\u0131 olma hali<br \/>\n* Bilin\u00e7alt\u0131 para korkular\u0131<br \/>\n* Su\u00e7luluk ve de\u011fersizlik hissi<br \/>\n* Ak\u0131\u015fa diren\u00e7<br \/>\n* Aileden gelen para kal\u0131plar\u0131<br \/>\n* Enerji alan\u0131n\u0131n dar olmas\u0131<br \/>\n* Almay\u0131 reddeden di\u015fil veya eril enerji<\/p>\n<p>&nbsp;<\/p>\n<p><strong><div class=\"message-box relative dark\" style=\"padding-top:15px;padding-bottom:15px;\"><div class=\"message-box-bg-image bg-fill fill\" style=\"background-image:url(#hex or http:\/\/imageurl);\"><\/div><div class=\"message-box-bg-overlay bg-fill fill\" ><\/div><div class=\"container relative\"><div class=\"inner last-reset\"> At\u00f6lye 19 Nisan ak\u015fam\u0131 T\u00fcrkiye saati ile 21:00\u2019da Zoom \u00fczerinden\u00a0 Sema Tav\u015fanl\u0131 e\u015fli\u011finde canl\u0131 olarak yap\u0131lacakt\u0131r.<br \/>\n<\/div><\/div><\/div><\/strong><\/p>\n<p>&nbsp;<\/p>\n<p><strong>At\u00f6lye kat\u0131l\u0131m linkleri<\/strong>\u00a0<u>belirtti\u011finiz telefon numaras\u0131na SMS olarak ve belirtti\u011finiz e-mail adresine e-mail olarak g\u00f6nderilecektir. Sipari\u015flerinizi olu\u015ftururken aktif kulland\u0131\u011f\u0131n\u0131z telefon numaran\u0131z\u0131 ve e-mail adresinizi girmelisiniz.\u00a0<\/u>E-mail adresinizi do\u011fru yazd\u0131\u011f\u0131n\u0131za ve e-mail kutunuzun dolu olmad\u0131\u011f\u0131na dikkat ediniz.<\/p>\n<p>At\u00f6lye kay\u0131tlar\u0131 sat\u0131n alan ki\u015filere canl\u0131 yay\u0131n sonras\u0131ndaki g\u00fcnlerde yine ayn\u0131 kanallardan iletilecektir.<br \/>\n<strong>Her at\u00f6lye kayd\u0131 yasal olarak yaln\u0131zca bir ki\u015fi i\u00e7in ge\u00e7erlidir, bir ba\u015fkas\u0131 ile payla\u015f\u0131lamaz.<\/strong><\/p>\n<div class=\"sales-counter\" style=\" margin: 1em 0; padding: 10px; background-color: #fff; border: 1px solid #ddd;\">\u2728 18 Ki\u015fi Yerini Ay\u0131rd\u0131!<\/div>\n","protected":false},"featured_media":180615,"comment_status":"open","ping_status":"closed","template":"","meta":[],"product_brand":[],"product_cat":[494],"product_tag":[],"class_list":{"0":"post-180609","1":"product","2":"type-product","3":"status-publish","4":"has-post-thumbnail","6":"product_cat-atolyeler","8":"first","9":"instock","10":"virtual","11":"taxable","12":"purchasable","13":"product-type-simple"},"yoast_head":"<!-- This site is optimized with the Yoast SEO plugin v27.3 - https:\/\/yoast.com\/product\/yoast-seo-wordpress\/ -->\n<title>PARA SEN\u0130 SE\u00c7S\u0130N \ud83d\udcb8\u2728 Bolluk &amp; Bereket At\u00f6lyesi | Sema Tav\u015fanl\u0131 - Astrolog Elvan<\/title>\n<meta name=\"robots\" content=\"index, follow, max-snippet:-1, max-image-preview:large, max-video-preview:-1\" \/>\n<link rel=\"canonical\" href=\"https:\/\/astrologelvan.com\/magaza\/urun\/para-seni-secsin-bolluk-bereket-atolyesi-sema-tavsanli\/\" \/>\n<meta property=\"og:locale\" content=\"tr_TR\" \/>\n<meta property=\"og:type\" content=\"article\" \/>\n<meta property=\"og:title\" content=\"PARA SEN\u0130 SE\u00c7S\u0130N \ud83d\udcb8\u2728 Bolluk &amp; Bereket At\u00f6lyesi | Sema Tav\u015fanl\u0131 - Astrolog Elvan\" \/>\n<meta property=\"og:description\" content=\"Paray\u0131 kovalamay\u0131 b\u0131rak. Onu kabul etmeyi \u00f6\u011fren!  Para sadece kazan\u0131lan bir \u015fey de\u011fil, kabul edilen bir enerjidir.  E\u011fer hayat\u0131nda; paray\u0131 tutam\u0131yor, \u00e7ok \u00e7al\u0131\u015f\u0131p az kazan\u0131yor ya da s\u00fcrekli s\u0131k\u0131\u015f\u0131kl\u0131k ya\u015f\u0131yorsan\u2026  Sorun \u201cne kadar istedi\u011fin\u201d de\u011fil, ne kadar almaya a\u00e7\u0131k oldu\u011fun.  K\u0130MLER \u0130\u00c7\u0130N?  * Para ak\u0131\u015f\u0131 s\u00fcrekli duranlar * Paray\u0131 elde tutamayanlar * Hak etti\u011fini alamad\u0131\u011f\u0131n\u0131 hissedenler * Bolluk enerjisine ge\u00e7mek isteyenler  At\u00f6lyede De\u011finilecek Konular  * Almaya kapal\u0131 olma hali * Bilin\u00e7alt\u0131 para korkular\u0131 * Su\u00e7luluk ve de\u011fersizlik hissi * Ak\u0131\u015fa diren\u00e7 * Aileden gelen para kal\u0131plar\u0131 * Enerji alan\u0131n\u0131n dar olmas\u0131 * Almay\u0131 reddeden di\u015fil veya eril enerji  &nbsp;    &nbsp;  At\u00f6lye kat\u0131l\u0131m linkleri\u00a0belirtti\u011finiz telefon numaras\u0131na SMS olarak ve belirtti\u011finiz e-mail adresine e-mail olarak g\u00f6nderilecektir. Sipari\u015flerinizi olu\u015ftururken aktif kulland\u0131\u011f\u0131n\u0131z telefon numaran\u0131z\u0131 ve e-mail adresinizi girmelisiniz.\u00a0E-mail adresinizi do\u011fru yazd\u0131\u011f\u0131n\u0131za ve e-mail kutunuzun dolu olmad\u0131\u011f\u0131na dikkat ediniz.  At\u00f6lye kay\u0131tlar\u0131 sat\u0131n alan ki\u015filere canl\u0131 yay\u0131n sonras\u0131ndaki g\u00fcnlerde yine ayn\u0131 kanallardan iletilecektir. Her at\u00f6lye kayd\u0131 yasal olarak yaln\u0131zca bir ki\u015fi i\u00e7in ge\u00e7erlidir, bir ba\u015fkas\u0131 ile payla\u015f\u0131lamaz.\" \/>\n<meta property=\"og:url\" content=\"https:\/\/astrologelvan.com\/magaza\/urun\/para-seni-secsin-bolluk-bereket-atolyesi-sema-tavsanli\/\" \/>\n<meta property=\"og:site_name\" content=\"Astrolog Elvan\" \/>\n<meta property=\"article:modified_time\" content=\"2026-04-14T17:01:17+00:00\" \/>\n<meta property=\"og:image\" content=\"https:\/\/astrologelvan.com\/magaza\/wp-content\/uploads\/2026\/04\/listeleme.jpg.jpeg\" \/>\n\t<meta property=\"og:image:width\" content=\"1000\" \/>\n\t<meta property=\"og:image:height\" content=\"1300\" \/>\n\t<meta property=\"og:image:type\" content=\"image\/jpeg\" \/>\n<meta name=\"twitter:card\" content=\"summary_large_image\" \/>\n<meta name=\"twitter:label1\" content=\"Tahmini okuma s\u00fcresi\" \/>\n\t<meta name=\"twitter:data1\" content=\"1 dakika\" \/>\n<script type=\"application\/ld+json\" class=\"yoast-schema-graph\">{\"@context\":\"https:\\\/\\\/schema.org\",\"@graph\":[{\"@type\":[\"WebPage\",\"ItemPage\"],\"@id\":\"https:\\\/\\\/astrologelvan.com\\\/magaza\\\/urun\\\/para-seni-secsin-bolluk-bereket-atolyesi-sema-tavsanli\\\/\",\"url\":\"https:\\\/\\\/astrologelvan.com\\\/magaza\\\/urun\\\/para-seni-secsin-bolluk-bereket-atolyesi-sema-tavsanli\\\/\",\"name\":\"PARA SEN\u0130 SE\u00c7S\u0130N \ud83d\udcb8\u2728 Bolluk & Bereket At\u00f6lyesi | Sema Tav\u015fanl\u0131 - Astrolog Elvan\",\"isPartOf\":{\"@id\":\"https:\\\/\\\/astrologelvan.com\\\/magaza\\\/#website\"},\"primaryImageOfPage\":{\"@id\":\"https:\\\/\\\/astrologelvan.com\\\/magaza\\\/urun\\\/para-seni-secsin-bolluk-bereket-atolyesi-sema-tavsanli\\\/#primaryimage\"},\"image\":{\"@id\":\"https:\\\/\\\/astrologelvan.com\\\/magaza\\\/urun\\\/para-seni-secsin-bolluk-bereket-atolyesi-sema-tavsanli\\\/#primaryimage\"},\"thumbnailUrl\":\"https:\\\/\\\/astrologelvan.com\\\/magaza\\\/wp-content\\\/uploads\\\/2026\\\/04\\\/listeleme.jpg.jpeg\",\"datePublished\":\"2026-04-14T11:49:58+00:00\",\"dateModified\":\"2026-04-14T17:01:17+00:00\",\"breadcrumb\":{\"@id\":\"https:\\\/\\\/astrologelvan.com\\\/magaza\\\/urun\\\/para-seni-secsin-bolluk-bereket-atolyesi-sema-tavsanli\\\/#breadcrumb\"},\"inLanguage\":\"tr\",\"potentialAction\":[{\"@type\":\"ReadAction\",\"target\":[\"https:\\\/\\\/astrologelvan.com\\\/magaza\\\/urun\\\/para-seni-secsin-bolluk-bereket-atolyesi-sema-tavsanli\\\/\"]}]},{\"@type\":\"ImageObject\",\"inLanguage\":\"tr\",\"@id\":\"https:\\\/\\\/astrologelvan.com\\\/magaza\\\/urun\\\/para-seni-secsin-bolluk-bereket-atolyesi-sema-tavsanli\\\/#primaryimage\",\"url\":\"https:\\\/\\\/astrologelvan.com\\\/magaza\\\/wp-content\\\/uploads\\\/2026\\\/04\\\/listeleme.jpg.jpeg\",\"contentUrl\":\"https:\\\/\\\/astrologelvan.com\\\/magaza\\\/wp-content\\\/uploads\\\/2026\\\/04\\\/listeleme.jpg.jpeg\",\"width\":1000,\"height\":1300},{\"@type\":\"BreadcrumbList\",\"@id\":\"https:\\\/\\\/astrologelvan.com\\\/magaza\\\/urun\\\/para-seni-secsin-bolluk-bereket-atolyesi-sema-tavsanli\\\/#breadcrumb\",\"itemListElement\":[{\"@type\":\"ListItem\",\"position\":1,\"name\":\"Anasayfa\",\"item\":\"https:\\\/\\\/astrologelvan.com\\\/magaza\\\/\"},{\"@type\":\"ListItem\",\"position\":2,\"name\":\"Ma\u011faza\",\"item\":\"https:\\\/\\\/astrologelvan.com\\\/magaza\\\/magaza\\\/\"},{\"@type\":\"ListItem\",\"position\":3,\"name\":\"PARA SEN\u0130 SE\u00c7S\u0130N \ud83d\udcb8\u2728 Bolluk &#038; Bereket At\u00f6lyesi | Sema Tav\u015fanl\u0131\"}]},{\"@type\":\"WebSite\",\"@id\":\"https:\\\/\\\/astrologelvan.com\\\/magaza\\\/#website\",\"url\":\"https:\\\/\\\/astrologelvan.com\\\/magaza\\\/\",\"name\":\"Astrolog Elvan\",\"description\":\"\",\"potentialAction\":[{\"@type\":\"SearchAction\",\"target\":{\"@type\":\"EntryPoint\",\"urlTemplate\":\"https:\\\/\\\/astrologelvan.com\\\/magaza\\\/?s={search_term_string}\"},\"query-input\":{\"@type\":\"PropertyValueSpecification\",\"valueRequired\":true,\"valueName\":\"search_term_string\"}}],\"inLanguage\":\"tr\"}]}<\/script>\n<!-- \/ Yoast SEO plugin. -->","yoast_head_json":{"title":"PARA SEN\u0130 SE\u00c7S\u0130N \ud83d\udcb8\u2728 Bolluk & Bereket At\u00f6lyesi | Sema Tav\u015fanl\u0131 - Astrolog Elvan","robots":{"index":"index","follow":"follow","max-snippet":"max-snippet:-1","max-image-preview":"max-image-preview:large","max-video-preview":"max-video-preview:-1"},"canonical":"https:\/\/astrologelvan.com\/magaza\/urun\/para-seni-secsin-bolluk-bereket-atolyesi-sema-tavsanli\/","og_locale":"tr_TR","og_type":"article","og_title":"PARA SEN\u0130 SE\u00c7S\u0130N \ud83d\udcb8\u2728 Bolluk & Bereket At\u00f6lyesi | Sema Tav\u015fanl\u0131 - Astrolog Elvan","og_description":"Paray\u0131 kovalamay\u0131 b\u0131rak. Onu kabul etmeyi \u00f6\u011fren!  Para sadece kazan\u0131lan bir \u015fey de\u011fil, kabul edilen bir enerjidir.  E\u011fer hayat\u0131nda; paray\u0131 tutam\u0131yor, \u00e7ok \u00e7al\u0131\u015f\u0131p az kazan\u0131yor ya da s\u00fcrekli s\u0131k\u0131\u015f\u0131kl\u0131k ya\u015f\u0131yorsan\u2026  Sorun \u201cne kadar istedi\u011fin\u201d de\u011fil, ne kadar almaya a\u00e7\u0131k oldu\u011fun.  K\u0130MLER \u0130\u00c7\u0130N?  * Para ak\u0131\u015f\u0131 s\u00fcrekli duranlar * Paray\u0131 elde tutamayanlar * Hak etti\u011fini alamad\u0131\u011f\u0131n\u0131 hissedenler * Bolluk enerjisine ge\u00e7mek isteyenler  At\u00f6lyede De\u011finilecek Konular  * Almaya kapal\u0131 olma hali * Bilin\u00e7alt\u0131 para korkular\u0131 * Su\u00e7luluk ve de\u011fersizlik hissi * Ak\u0131\u015fa diren\u00e7 * Aileden gelen para kal\u0131plar\u0131 * Enerji alan\u0131n\u0131n dar olmas\u0131 * Almay\u0131 reddeden di\u015fil veya eril enerji  &nbsp;    &nbsp;  At\u00f6lye kat\u0131l\u0131m linkleri\u00a0belirtti\u011finiz telefon numaras\u0131na SMS olarak ve belirtti\u011finiz e-mail adresine e-mail olarak g\u00f6nderilecektir. Sipari\u015flerinizi olu\u015ftururken aktif kulland\u0131\u011f\u0131n\u0131z telefon numaran\u0131z\u0131 ve e-mail adresinizi girmelisiniz.\u00a0E-mail adresinizi do\u011fru yazd\u0131\u011f\u0131n\u0131za ve e-mail kutunuzun dolu olmad\u0131\u011f\u0131na dikkat ediniz.  At\u00f6lye kay\u0131tlar\u0131 sat\u0131n alan ki\u015filere canl\u0131 yay\u0131n sonras\u0131ndaki g\u00fcnlerde yine ayn\u0131 kanallardan iletilecektir. Her at\u00f6lye kayd\u0131 yasal olarak yaln\u0131zca bir ki\u015fi i\u00e7in ge\u00e7erlidir, bir ba\u015fkas\u0131 ile payla\u015f\u0131lamaz.","og_url":"https:\/\/astrologelvan.com\/magaza\/urun\/para-seni-secsin-bolluk-bereket-atolyesi-sema-tavsanli\/","og_site_name":"Astrolog Elvan","article_modified_time":"2026-04-14T17:01:17+00:00","og_image":[{"width":1000,"height":1300,"url":"https:\/\/astrologelvan.com\/magaza\/wp-content\/uploads\/2026\/04\/listeleme.jpg.jpeg","type":"image\/jpeg"}],"twitter_card":"summary_large_image","twitter_misc":{"Tahmini okuma s\u00fcresi":"1 dakika"},"schema":{"@context":"https:\/\/schema.org","@graph":[{"@type":["WebPage","ItemPage"],"@id":"https:\/\/astrologelvan.com\/magaza\/urun\/para-seni-secsin-bolluk-bereket-atolyesi-sema-tavsanli\/","url":"https:\/\/astrologelvan.com\/magaza\/urun\/para-seni-secsin-bolluk-bereket-atolyesi-sema-tavsanli\/","name":"PARA SEN\u0130 SE\u00c7S\u0130N \ud83d\udcb8\u2728 Bolluk & Bereket At\u00f6lyesi | Sema Tav\u015fanl\u0131 - Astrolog Elvan","isPartOf":{"@id":"https:\/\/astrologelvan.com\/magaza\/#website"},"primaryImageOfPage":{"@id":"https:\/\/astrologelvan.com\/magaza\/urun\/para-seni-secsin-bolluk-bereket-atolyesi-sema-tavsanli\/#primaryimage"},"image":{"@id":"https:\/\/astrologelvan.com\/magaza\/urun\/para-seni-secsin-bolluk-bereket-atolyesi-sema-tavsanli\/#primaryimage"},"thumbnailUrl":"https:\/\/astrologelvan.com\/magaza\/wp-content\/uploads\/2026\/04\/listeleme.jpg.jpeg","datePublished":"2026-04-14T11:49:58+00:00","dateModified":"2026-04-14T17:01:17+00:00","breadcrumb":{"@id":"https:\/\/astrologelvan.com\/magaza\/urun\/para-seni-secsin-bolluk-bereket-atolyesi-sema-tavsanli\/#breadcrumb"},"inLanguage":"tr","potentialAction":[{"@type":"ReadAction","target":["https:\/\/astrologelvan.com\/magaza\/urun\/para-seni-secsin-bolluk-bereket-atolyesi-sema-tavsanli\/"]}]},{"@type":"ImageObject","inLanguage":"tr","@id":"https:\/\/astrologelvan.com\/magaza\/urun\/para-seni-secsin-bolluk-bereket-atolyesi-sema-tavsanli\/#primaryimage","url":"https:\/\/astrologelvan.com\/magaza\/wp-content\/uploads\/2026\/04\/listeleme.jpg.jpeg","contentUrl":"https:\/\/astrologelvan.com\/magaza\/wp-content\/uploads\/2026\/04\/listeleme.jpg.jpeg","width":1000,"height":1300},{"@type":"BreadcrumbList","@id":"https:\/\/astrologelvan.com\/magaza\/urun\/para-seni-secsin-bolluk-bereket-atolyesi-sema-tavsanli\/#breadcrumb","itemListElement":[{"@type":"ListItem","position":1,"name":"Anasayfa","item":"https:\/\/astrologelvan.com\/magaza\/"},{"@type":"ListItem","position":2,"name":"Ma\u011faza","item":"https:\/\/astrologelvan.com\/magaza\/magaza\/"},{"@type":"ListItem","position":3,"name":"PARA SEN\u0130 SE\u00c7S\u0130N \ud83d\udcb8\u2728 Bolluk &#038; Bereket At\u00f6lyesi | Sema Tav\u015fanl\u0131"}]},{"@type":"WebSite","@id":"https:\/\/astrologelvan.com\/magaza\/#website","url":"https:\/\/astrologelvan.com\/magaza\/","name":"Astrolog Elvan","description":"","potentialAction":[{"@type":"SearchAction","target":{"@type":"EntryPoint","urlTemplate":"https:\/\/astrologelvan.com\/magaza\/?s={search_term_string}"},"query-input":{"@type":"PropertyValueSpecification","valueRequired":true,"valueName":"search_term_string"}}],"inLanguage":"tr"}]}},"_links":{"self":[{"href":"https:\/\/astrologelvan.com\/magaza\/wp-json\/wp\/v2\/product\/180609","targetHints":{"allow":["GET"]}}],"collection":[{"href":"https:\/\/astrologelvan.com\/magaza\/wp-json\/wp\/v2\/product"}],"about":[{"href":"https:\/\/astrologelvan.com\/magaza\/wp-json\/wp\/v2\/types\/product"}],"replies":[{"embeddable":true,"href":"https:\/\/astrologelvan.com\/magaza\/wp-json\/wp\/v2\/comments?post=180609"}],"wp:featuredmedia":[{"embeddable":true,"href":"https:\/\/astrologelvan.com\/magaza\/wp-json\/wp\/v2\/media\/180615"}],"wp:attachment":[{"href":"https:\/\/astrologelvan.com\/magaza\/wp-json\/wp\/v2\/media?parent=180609"}],"wp:term":[{"taxonomy":"product_brand","embeddable":true,"href":"https:\/\/astrologelvan.com\/magaza\/wp-json\/wp\/v2\/product_brand?post=180609"},{"taxonomy":"product_cat","embeddable":true,"href":"https:\/\/astrologelvan.com\/magaza\/wp-json\/wp\/v2\/product_cat?post=180609"},{"taxonomy":"product_tag","embeddable":true,"href":"https:\/\/astrologelvan.com\/magaza\/wp-json\/wp\/v2\/product_tag?post=180609"}],"curies":[{"name":"wp","href":"https:\/\/api.w.org\/{rel}","templated":true}]}}