{"id":176425,"date":"2026-04-03T21:12:07","date_gmt":"2026-04-03T18:12:07","guid":{"rendered":"https:\/\/astrologelvan.com\/magaza\/?post_type=product&#038;p=176425"},"modified":"2026-04-04T10:32:45","modified_gmt":"2026-04-04T07:32:45","slug":"ucretsiz-thetahealing-atolyesi","status":"publish","type":"product","link":"https:\/\/astrologelvan.com\/magaza\/urun\/ucretsiz-thetahealing-atolyesi\/","title":{"rendered":"\u00dccretsiz ThetaHealing At\u00f6lyesi |\u00a0Sema Tav\u015fanl\u0131 &#038; Bur\u00e7in Ko\u00e7lar"},"content":{"rendered":"","protected":false},"excerpt":{"rendered":"<p><strong>Siz de hayallerinizi ger\u00e7ekle\u015ftirmek ister misiniz? <\/strong><br \/>\nNedenini bilmedi\u011finiz ancak s\u00fcrekli ayn\u0131 toksik ili\u015fkiler, paran\u0131n sizi bulmamas\u0131 ya da bulunan paran\u0131n bereketinin olmamas\u0131 , negatif t\u00fcm d\u00f6ng\u00fcleri de\u011fi\u015ftirmek sizin elinizde.<\/p>\n<p>Bu at\u00f6lye de t\u00fcm negatiflerden ar\u0131narak hayat\u0131n\u0131zda ya\u015fad\u0131klar\u0131m\u0131z\u0131n sebebini bularak hayalinizi hayat\u0131n\u0131z yapmaya haz\u0131r m\u0131s\u0131n\u0131z?<\/p>\n<ul>\n<li>Theta healing nedir?<\/li>\n<li>Nas\u0131l uygulan\u0131r?<\/li>\n<li>Bize nerelerde fayda sa\u011flar?<\/li>\n<li>Hangi blokajlar neye sebep olur?<\/li>\n<\/ul>\n<p><strong>Bunlar\u0131n hepsi bu at\u00f6lyede. <\/strong><br \/>\n<span style=\"color: #ff0000;\">S\u0131n\u0131rl\u0131 say\u0131da kat\u0131l\u0131m olacak olan bu at\u00f6lyede \u00f6rnek bir theta kaz\u0131s\u0131 ve jaas a\u00e7\u0131l\u0131m\u0131 yap\u0131lacakt\u0131r.<\/span><\/p>\n<p>\ud83d\udc78\ud83c\udffbBur\u00e7in Ko\u00e7lar ve \ud83d\udc78Sema Tav\u015fanl\u0131&#8217;n\u0131n Ortak Kat\u0131l\u0131m\u0131yla Ger\u00e7ekle\u015ftirilecektir<\/p>\n<p>&nbsp;<\/p>\n<p><strong><div class=\"message-box relative dark\" style=\"padding-top:15px;padding-bottom:15px;\"><div class=\"message-box-bg-image bg-fill fill\" style=\"background-image:url(#hex or http:\/\/imageurl);\"><\/div><div class=\"message-box-bg-overlay bg-fill fill\" ><\/div><div class=\"container relative\"><div class=\"inner last-reset\"> At\u00f6lye 5 Nisan ak\u015fam\u0131 T\u00fcrkiye saati ile 21:00\u2019da Zoom \u00fczerinden Bur\u00e7in Ko\u00e7lar ve Sema Tav\u015fanl\u0131 e\u015fli\u011finde canl\u0131 olarak yap\u0131lacakt\u0131r.<br \/>\n<\/div><\/div><\/div><\/strong><\/p>\n<p>&nbsp;<\/p>\n<p><strong>At\u00f6lye kat\u0131l\u0131m linkleri<\/strong>\u00a0<u>belirtti\u011finiz telefon numaras\u0131na SMS olarak ve belirtti\u011finiz e-mail adresine e-mail olarak g\u00f6nderilecektir. Sipari\u015flerinizi olu\u015ftururken aktif kulland\u0131\u011f\u0131n\u0131z telefon numaran\u0131z\u0131 ve e-mail adresinizi girmelisiniz.\u00a0<\/u>E-mail adresinizi do\u011fru yazd\u0131\u011f\u0131n\u0131za ve e-mail kutunuzun dolu olmad\u0131\u011f\u0131na dikkat ediniz.<\/p>\n<p>At\u00f6lye kay\u0131tlar\u0131 sat\u0131n alan ki\u015filere canl\u0131 yay\u0131n sonras\u0131ndaki g\u00fcnlerde yine ayn\u0131 kanallardan iletilecektir.<br \/>\n<strong>Her at\u00f6lye kayd\u0131 yasal olarak yaln\u0131zca bir ki\u015fi i\u00e7in ge\u00e7erlidir, bir ba\u015fkas\u0131 ile payla\u015f\u0131lamaz.<\/strong><\/p>\n<div class=\"sales-counter\" style=\" margin: 1em 0; padding: 10px; background-color: #fff; border: 1px solid #ddd;\">\u2728 10 Ki\u015fi Yerini Ay\u0131rd\u0131!<\/div>\n","protected":false},"featured_media":176433,"comment_status":"open","ping_status":"closed","template":"","meta":[],"product_brand":[],"product_cat":[494],"product_tag":[],"class_list":{"0":"post-176425","1":"product","2":"type-product","3":"status-publish","4":"has-post-thumbnail","6":"product_cat-atolyeler","8":"first","9":"instock","10":"virtual","11":"taxable","12":"purchasable","13":"product-type-simple"},"yoast_head":"<!-- This site is optimized with the Yoast SEO plugin v27.3 - https:\/\/yoast.com\/product\/yoast-seo-wordpress\/ -->\n<title>\u00dccretsiz ThetaHealing At\u00f6lyesi |\u00a0Sema Tav\u015fanl\u0131 &amp; Bur\u00e7in Ko\u00e7lar - Astrolog Elvan<\/title>\n<meta name=\"robots\" content=\"index, follow, max-snippet:-1, max-image-preview:large, max-video-preview:-1\" \/>\n<link rel=\"canonical\" href=\"https:\/\/astrologelvan.com\/magaza\/urun\/ucretsiz-thetahealing-atolyesi\/\" \/>\n<meta property=\"og:locale\" content=\"tr_TR\" \/>\n<meta property=\"og:type\" content=\"article\" \/>\n<meta property=\"og:title\" content=\"\u00dccretsiz ThetaHealing At\u00f6lyesi |\u00a0Sema Tav\u015fanl\u0131 &amp; Bur\u00e7in Ko\u00e7lar - Astrolog Elvan\" \/>\n<meta property=\"og:description\" content=\"Siz de hayallerinizi ger\u00e7ekle\u015ftirmek ister misiniz?  Nedenini bilmedi\u011finiz ancak s\u00fcrekli ayn\u0131 toksik ili\u015fkiler, paran\u0131n sizi bulmamas\u0131 ya da bulunan paran\u0131n bereketinin olmamas\u0131 , negatif t\u00fcm d\u00f6ng\u00fcleri de\u011fi\u015ftirmek sizin elinizde.  Bu at\u00f6lye de t\u00fcm negatiflerden ar\u0131narak hayat\u0131n\u0131zda ya\u015fad\u0131klar\u0131m\u0131z\u0131n sebebini bularak hayalinizi hayat\u0131n\u0131z yapmaya haz\u0131r m\u0131s\u0131n\u0131z?   Theta healing nedir?  Nas\u0131l uygulan\u0131r?  Bize nerelerde fayda sa\u011flar?  Hangi blokajlar neye sebep olur?  Bunlar\u0131n hepsi bu at\u00f6lyede.  S\u0131n\u0131rl\u0131 say\u0131da kat\u0131l\u0131m olacak olan bu at\u00f6lyede \u00f6rnek bir theta kaz\u0131s\u0131 ve jaas a\u00e7\u0131l\u0131m\u0131 yap\u0131lacakt\u0131r.  \ud83d\udc78\ud83c\udffbBur\u00e7in Ko\u00e7lar ve \ud83d\udc78Sema Tav\u015fanl\u0131&#039;n\u0131n Ortak Kat\u0131l\u0131m\u0131yla Ger\u00e7ekle\u015ftirilecektir  &nbsp;    &nbsp;  At\u00f6lye kat\u0131l\u0131m linkleri\u00a0belirtti\u011finiz telefon numaras\u0131na SMS olarak ve belirtti\u011finiz e-mail adresine e-mail olarak g\u00f6nderilecektir. Sipari\u015flerinizi olu\u015ftururken aktif kulland\u0131\u011f\u0131n\u0131z telefon numaran\u0131z\u0131 ve e-mail adresinizi girmelisiniz.\u00a0E-mail adresinizi do\u011fru yazd\u0131\u011f\u0131n\u0131za ve e-mail kutunuzun dolu olmad\u0131\u011f\u0131na dikkat ediniz.  At\u00f6lye kay\u0131tlar\u0131 sat\u0131n alan ki\u015filere canl\u0131 yay\u0131n sonras\u0131ndaki g\u00fcnlerde yine ayn\u0131 kanallardan iletilecektir. Her at\u00f6lye kayd\u0131 yasal olarak yaln\u0131zca bir ki\u015fi i\u00e7in ge\u00e7erlidir, bir ba\u015fkas\u0131 ile payla\u015f\u0131lamaz.\" \/>\n<meta property=\"og:url\" content=\"https:\/\/astrologelvan.com\/magaza\/urun\/ucretsiz-thetahealing-atolyesi\/\" \/>\n<meta property=\"og:site_name\" content=\"Astrolog Elvan\" \/>\n<meta property=\"article:modified_time\" content=\"2026-04-04T07:32:45+00:00\" \/>\n<meta property=\"og:image\" content=\"https:\/\/astrologelvan.com\/magaza\/wp-content\/uploads\/2026\/04\/1_Mobil-1-1.webp\" \/>\n\t<meta property=\"og:image:width\" content=\"1000\" \/>\n\t<meta property=\"og:image:height\" content=\"1300\" \/>\n\t<meta property=\"og:image:type\" content=\"image\/webp\" \/>\n<meta name=\"twitter:card\" content=\"summary_large_image\" \/>\n<meta name=\"twitter:label1\" content=\"Tahmini okuma s\u00fcresi\" \/>\n\t<meta name=\"twitter:data1\" content=\"1 dakika\" \/>\n<script type=\"application\/ld+json\" class=\"yoast-schema-graph\">{\"@context\":\"https:\\\/\\\/schema.org\",\"@graph\":[{\"@type\":[\"WebPage\",\"ItemPage\"],\"@id\":\"https:\\\/\\\/astrologelvan.com\\\/magaza\\\/urun\\\/ucretsiz-thetahealing-atolyesi\\\/\",\"url\":\"https:\\\/\\\/astrologelvan.com\\\/magaza\\\/urun\\\/ucretsiz-thetahealing-atolyesi\\\/\",\"name\":\"\u00dccretsiz ThetaHealing At\u00f6lyesi |\u00a0Sema Tav\u015fanl\u0131 & Bur\u00e7in Ko\u00e7lar - Astrolog Elvan\",\"isPartOf\":{\"@id\":\"https:\\\/\\\/astrologelvan.com\\\/magaza\\\/#website\"},\"primaryImageOfPage\":{\"@id\":\"https:\\\/\\\/astrologelvan.com\\\/magaza\\\/urun\\\/ucretsiz-thetahealing-atolyesi\\\/#primaryimage\"},\"image\":{\"@id\":\"https:\\\/\\\/astrologelvan.com\\\/magaza\\\/urun\\\/ucretsiz-thetahealing-atolyesi\\\/#primaryimage\"},\"thumbnailUrl\":\"https:\\\/\\\/astrologelvan.com\\\/magaza\\\/wp-content\\\/uploads\\\/2026\\\/04\\\/1_Mobil-1-1.webp\",\"datePublished\":\"2026-04-03T18:12:07+00:00\",\"dateModified\":\"2026-04-04T07:32:45+00:00\",\"breadcrumb\":{\"@id\":\"https:\\\/\\\/astrologelvan.com\\\/magaza\\\/urun\\\/ucretsiz-thetahealing-atolyesi\\\/#breadcrumb\"},\"inLanguage\":\"tr\",\"potentialAction\":[{\"@type\":\"ReadAction\",\"target\":[\"https:\\\/\\\/astrologelvan.com\\\/magaza\\\/urun\\\/ucretsiz-thetahealing-atolyesi\\\/\"]}]},{\"@type\":\"ImageObject\",\"inLanguage\":\"tr\",\"@id\":\"https:\\\/\\\/astrologelvan.com\\\/magaza\\\/urun\\\/ucretsiz-thetahealing-atolyesi\\\/#primaryimage\",\"url\":\"https:\\\/\\\/astrologelvan.com\\\/magaza\\\/wp-content\\\/uploads\\\/2026\\\/04\\\/1_Mobil-1-1.webp\",\"contentUrl\":\"https:\\\/\\\/astrologelvan.com\\\/magaza\\\/wp-content\\\/uploads\\\/2026\\\/04\\\/1_Mobil-1-1.webp\",\"width\":1000,\"height\":1300},{\"@type\":\"BreadcrumbList\",\"@id\":\"https:\\\/\\\/astrologelvan.com\\\/magaza\\\/urun\\\/ucretsiz-thetahealing-atolyesi\\\/#breadcrumb\",\"itemListElement\":[{\"@type\":\"ListItem\",\"position\":1,\"name\":\"Anasayfa\",\"item\":\"https:\\\/\\\/astrologelvan.com\\\/magaza\\\/\"},{\"@type\":\"ListItem\",\"position\":2,\"name\":\"Ma\u011faza\",\"item\":\"https:\\\/\\\/astrologelvan.com\\\/magaza\\\/magaza\\\/\"},{\"@type\":\"ListItem\",\"position\":3,\"name\":\"\u00dccretsiz ThetaHealing At\u00f6lyesi |\u00a0Sema Tav\u015fanl\u0131 &#038; Bur\u00e7in Ko\u00e7lar\"}]},{\"@type\":\"WebSite\",\"@id\":\"https:\\\/\\\/astrologelvan.com\\\/magaza\\\/#website\",\"url\":\"https:\\\/\\\/astrologelvan.com\\\/magaza\\\/\",\"name\":\"Astrolog Elvan\",\"description\":\"\",\"potentialAction\":[{\"@type\":\"SearchAction\",\"target\":{\"@type\":\"EntryPoint\",\"urlTemplate\":\"https:\\\/\\\/astrologelvan.com\\\/magaza\\\/?s={search_term_string}\"},\"query-input\":{\"@type\":\"PropertyValueSpecification\",\"valueRequired\":true,\"valueName\":\"search_term_string\"}}],\"inLanguage\":\"tr\"}]}<\/script>\n<!-- \/ Yoast SEO plugin. -->","yoast_head_json":{"title":"\u00dccretsiz ThetaHealing At\u00f6lyesi |\u00a0Sema Tav\u015fanl\u0131 & Bur\u00e7in Ko\u00e7lar - Astrolog Elvan","robots":{"index":"index","follow":"follow","max-snippet":"max-snippet:-1","max-image-preview":"max-image-preview:large","max-video-preview":"max-video-preview:-1"},"canonical":"https:\/\/astrologelvan.com\/magaza\/urun\/ucretsiz-thetahealing-atolyesi\/","og_locale":"tr_TR","og_type":"article","og_title":"\u00dccretsiz ThetaHealing At\u00f6lyesi |\u00a0Sema Tav\u015fanl\u0131 & Bur\u00e7in Ko\u00e7lar - Astrolog Elvan","og_description":"Siz de hayallerinizi ger\u00e7ekle\u015ftirmek ister misiniz?  Nedenini bilmedi\u011finiz ancak s\u00fcrekli ayn\u0131 toksik ili\u015fkiler, paran\u0131n sizi bulmamas\u0131 ya da bulunan paran\u0131n bereketinin olmamas\u0131 , negatif t\u00fcm d\u00f6ng\u00fcleri de\u011fi\u015ftirmek sizin elinizde.  Bu at\u00f6lye de t\u00fcm negatiflerden ar\u0131narak hayat\u0131n\u0131zda ya\u015fad\u0131klar\u0131m\u0131z\u0131n sebebini bularak hayalinizi hayat\u0131n\u0131z yapmaya haz\u0131r m\u0131s\u0131n\u0131z?   Theta healing nedir?  Nas\u0131l uygulan\u0131r?  Bize nerelerde fayda sa\u011flar?  Hangi blokajlar neye sebep olur?  Bunlar\u0131n hepsi bu at\u00f6lyede.  S\u0131n\u0131rl\u0131 say\u0131da kat\u0131l\u0131m olacak olan bu at\u00f6lyede \u00f6rnek bir theta kaz\u0131s\u0131 ve jaas a\u00e7\u0131l\u0131m\u0131 yap\u0131lacakt\u0131r.  \ud83d\udc78\ud83c\udffbBur\u00e7in Ko\u00e7lar ve \ud83d\udc78Sema Tav\u015fanl\u0131'n\u0131n Ortak Kat\u0131l\u0131m\u0131yla Ger\u00e7ekle\u015ftirilecektir  &nbsp;    &nbsp;  At\u00f6lye kat\u0131l\u0131m linkleri\u00a0belirtti\u011finiz telefon numaras\u0131na SMS olarak ve belirtti\u011finiz e-mail adresine e-mail olarak g\u00f6nderilecektir. Sipari\u015flerinizi olu\u015ftururken aktif kulland\u0131\u011f\u0131n\u0131z telefon numaran\u0131z\u0131 ve e-mail adresinizi girmelisiniz.\u00a0E-mail adresinizi do\u011fru yazd\u0131\u011f\u0131n\u0131za ve e-mail kutunuzun dolu olmad\u0131\u011f\u0131na dikkat ediniz.  At\u00f6lye kay\u0131tlar\u0131 sat\u0131n alan ki\u015filere canl\u0131 yay\u0131n sonras\u0131ndaki g\u00fcnlerde yine ayn\u0131 kanallardan iletilecektir. Her at\u00f6lye kayd\u0131 yasal olarak yaln\u0131zca bir ki\u015fi i\u00e7in ge\u00e7erlidir, bir ba\u015fkas\u0131 ile payla\u015f\u0131lamaz.","og_url":"https:\/\/astrologelvan.com\/magaza\/urun\/ucretsiz-thetahealing-atolyesi\/","og_site_name":"Astrolog Elvan","article_modified_time":"2026-04-04T07:32:45+00:00","og_image":[{"width":1000,"height":1300,"url":"https:\/\/astrologelvan.com\/magaza\/wp-content\/uploads\/2026\/04\/1_Mobil-1-1.webp","type":"image\/webp"}],"twitter_card":"summary_large_image","twitter_misc":{"Tahmini okuma s\u00fcresi":"1 dakika"},"schema":{"@context":"https:\/\/schema.org","@graph":[{"@type":["WebPage","ItemPage"],"@id":"https:\/\/astrologelvan.com\/magaza\/urun\/ucretsiz-thetahealing-atolyesi\/","url":"https:\/\/astrologelvan.com\/magaza\/urun\/ucretsiz-thetahealing-atolyesi\/","name":"\u00dccretsiz ThetaHealing At\u00f6lyesi |\u00a0Sema Tav\u015fanl\u0131 & Bur\u00e7in Ko\u00e7lar - Astrolog Elvan","isPartOf":{"@id":"https:\/\/astrologelvan.com\/magaza\/#website"},"primaryImageOfPage":{"@id":"https:\/\/astrologelvan.com\/magaza\/urun\/ucretsiz-thetahealing-atolyesi\/#primaryimage"},"image":{"@id":"https:\/\/astrologelvan.com\/magaza\/urun\/ucretsiz-thetahealing-atolyesi\/#primaryimage"},"thumbnailUrl":"https:\/\/astrologelvan.com\/magaza\/wp-content\/uploads\/2026\/04\/1_Mobil-1-1.webp","datePublished":"2026-04-03T18:12:07+00:00","dateModified":"2026-04-04T07:32:45+00:00","breadcrumb":{"@id":"https:\/\/astrologelvan.com\/magaza\/urun\/ucretsiz-thetahealing-atolyesi\/#breadcrumb"},"inLanguage":"tr","potentialAction":[{"@type":"ReadAction","target":["https:\/\/astrologelvan.com\/magaza\/urun\/ucretsiz-thetahealing-atolyesi\/"]}]},{"@type":"ImageObject","inLanguage":"tr","@id":"https:\/\/astrologelvan.com\/magaza\/urun\/ucretsiz-thetahealing-atolyesi\/#primaryimage","url":"https:\/\/astrologelvan.com\/magaza\/wp-content\/uploads\/2026\/04\/1_Mobil-1-1.webp","contentUrl":"https:\/\/astrologelvan.com\/magaza\/wp-content\/uploads\/2026\/04\/1_Mobil-1-1.webp","width":1000,"height":1300},{"@type":"BreadcrumbList","@id":"https:\/\/astrologelvan.com\/magaza\/urun\/ucretsiz-thetahealing-atolyesi\/#breadcrumb","itemListElement":[{"@type":"ListItem","position":1,"name":"Anasayfa","item":"https:\/\/astrologelvan.com\/magaza\/"},{"@type":"ListItem","position":2,"name":"Ma\u011faza","item":"https:\/\/astrologelvan.com\/magaza\/magaza\/"},{"@type":"ListItem","position":3,"name":"\u00dccretsiz ThetaHealing At\u00f6lyesi |\u00a0Sema Tav\u015fanl\u0131 &#038; Bur\u00e7in Ko\u00e7lar"}]},{"@type":"WebSite","@id":"https:\/\/astrologelvan.com\/magaza\/#website","url":"https:\/\/astrologelvan.com\/magaza\/","name":"Astrolog Elvan","description":"","potentialAction":[{"@type":"SearchAction","target":{"@type":"EntryPoint","urlTemplate":"https:\/\/astrologelvan.com\/magaza\/?s={search_term_string}"},"query-input":{"@type":"PropertyValueSpecification","valueRequired":true,"valueName":"search_term_string"}}],"inLanguage":"tr"}]}},"_links":{"self":[{"href":"https:\/\/astrologelvan.com\/magaza\/wp-json\/wp\/v2\/product\/176425","targetHints":{"allow":["GET"]}}],"collection":[{"href":"https:\/\/astrologelvan.com\/magaza\/wp-json\/wp\/v2\/product"}],"about":[{"href":"https:\/\/astrologelvan.com\/magaza\/wp-json\/wp\/v2\/types\/product"}],"replies":[{"embeddable":true,"href":"https:\/\/astrologelvan.com\/magaza\/wp-json\/wp\/v2\/comments?post=176425"}],"wp:featuredmedia":[{"embeddable":true,"href":"https:\/\/astrologelvan.com\/magaza\/wp-json\/wp\/v2\/media\/176433"}],"wp:attachment":[{"href":"https:\/\/astrologelvan.com\/magaza\/wp-json\/wp\/v2\/media?parent=176425"}],"wp:term":[{"taxonomy":"product_brand","embeddable":true,"href":"https:\/\/astrologelvan.com\/magaza\/wp-json\/wp\/v2\/product_brand?post=176425"},{"taxonomy":"product_cat","embeddable":true,"href":"https:\/\/astrologelvan.com\/magaza\/wp-json\/wp\/v2\/product_cat?post=176425"},{"taxonomy":"product_tag","embeddable":true,"href":"https:\/\/astrologelvan.com\/magaza\/wp-json\/wp\/v2\/product_tag?post=176425"}],"curies":[{"name":"wp","href":"https:\/\/api.w.org\/{rel}","templated":true}]}}