{"id":176210,"date":"2026-04-03T00:30:54","date_gmt":"2026-04-02T21:30:54","guid":{"rendered":"https:\/\/astrologelvan.com\/magaza\/?post_type=product&#038;p=176210"},"modified":"2026-04-03T10:23:51","modified_gmt":"2026-04-03T07:23:51","slug":"kilo-fit-beden-genclik-atolyesi","status":"publish","type":"product","link":"https:\/\/astrologelvan.com\/magaza\/urun\/kilo-fit-beden-genclik-atolyesi\/","title":{"rendered":"Kilo &#038; Fit Beden &#038; Gen\u00e7lik At\u00f6lyesi |\u00a0Astrolog Elvan Lapis"},"content":{"rendered":"","protected":false},"excerpt":{"rendered":"<p>E\u011fer bir t\u00fcrl\u00fc kilo veremiyorsan ya da alam\u0131yorsan, belki de baz\u0131 kilolar\u0131n sana ait olmad\u0131\u011f\u0131n\u0131 anlama zaman\u0131 gelmi\u015ftir. Duygusal travmalar, affedilemeyen olaylar, kendimizi koruma ihtiyac\u0131 \u00e7o\u011fu zaman bize kilo olarak geri d\u00f6ner.<\/p>\n<p><span style=\"color: #9134b0;\">Bazen t\u00fckenmek, yok olmak istedi\u011fimiz travmalar sonras\u0131 ki\u015fi ne yese kilo alamayabilir.<\/span><\/p>\n<p>Kilo &amp; Fit Beden &amp; Gen\u00e7lik at\u00f6lyesinde; v\u00fccudumuzdaki k\u0131rk alt\u0131 kromozomu uyaracak ve DNA aktivasyonu yapaca\u011f\u0131z. Ya\u015fland\u0131k\u00e7a Dna kromozomlar\u0131n\u0131n ba\u015fl\u0131\u011f\u0131ndaki telomer incelir ve a\u015f\u0131n\u0131r. Gen\u00e7lik ve canl\u0131l\u0131k kromozomlar\u0131n\u0131n aktivasyonu ile 21 g\u00fcnl\u00fck s\u00fcre\u00e7 sonras\u0131 aynada bamba\u015fka bir \u2018sen\u2019 g\u00f6receksin.<\/p>\n<p><strong>Bu \u00f6zel at\u00f6lyede;<\/strong><br \/>\nFazla kilolar\u0131n ard\u0131ndaki duygusal ba\u011flar\u0131 \u00e7\u00f6z\u00fcyor,<br \/>\nAl\u0131namayan kilolar\u0131n arkas\u0131ndaki bilin\u00e7alt\u0131 kay\u0131tlar\u0131n\u0131 d\u00f6n\u00fc\u015ft\u00fcr\u00fcyoruz.<br \/>\nVe gitgide gen\u00e7le\u015fti\u011finiz h\u00fccresel enerjiyi uyand\u0131r\u0131yoruzz<\/p>\n<p>ThetaHealing ile h\u00fccresel d\u00fczeyde d\u00f6n\u00fc\u015f\u00fcm,<br \/>\nJean Adrianne Ar\u0131nd\u0131rma Sistemi (JAAS) ile enerji alan\u0131nda derin temizlik yap\u0131yoruz.<br \/>\nBu yaln\u0131zca fiziksel bir de\u011fi\u015fim de\u011fil; Kendini yeniden sevme, bedeninle bar\u0131\u015fma, \u00f6zg\u00fcrle\u015fme yolculu\u011fu\u2026<br \/>\nBahar\u0131n ar\u0131nd\u0131r\u0131c\u0131 enerjisiyle, ideal bedenine kavu\u015fmak i\u00e7in sen de yerini al.<br \/>\nBu at\u00f6lyeden sonra bedenin sana te\u015fekk\u00fcr edecek. Sak\u0131n ka\u00e7\u0131rma!<\/p>\n<p><strong>\ud83c\udf19 Tarih: 10 Nisan 2026 21:00<\/strong><\/p>\n<p>\ud83c\udfa5 Platform: Zoom \u00fczerinden ve kay\u0131t g\u00f6r\u00fcnt\u00fcler<br \/>\nSipari\u015flerinizi olu\u015ftururken aktif kulland\u0131\u011f\u0131n\u0131z telefon numaran\u0131z\u0131 ve e-mail adresinizi girmelisiniz!<\/p>\n<p>At\u00f6lye kay\u0131tlar\u0131 sat\u0131n alan ki\u015filere canl\u0131 yay\u0131n sonras\u0131ndaki g\u00fcnlerde yine ayn\u0131 kanallardan iletilecektir.<br \/>\n<strong>Her at\u00f6lye kayd\u0131 yasal olarak yaln\u0131zca bir ki\u015fi i\u00e7in ge\u00e7erlidir, bir ba\u015fkas\u0131 ile payla\u015f\u0131lamaz.<\/strong><\/p>\n<div class=\"sales-counter\" style=\" margin: 1em 0; padding: 10px; background-color: #fff; border: 1px solid #ddd;\">\u2728 45 Ki\u015fi Yerini Ay\u0131rd\u0131!<\/div>\n","protected":false},"featured_media":176211,"comment_status":"open","ping_status":"closed","template":"","meta":[],"product_brand":[596],"product_cat":[494],"product_tag":[],"class_list":{"0":"post-176210","1":"product","2":"type-product","3":"status-publish","4":"has-post-thumbnail","6":"product_brand-astrolog-elvan","7":"product_cat-atolyeler","9":"first","10":"instock","11":"virtual","12":"taxable","13":"purchasable","14":"product-type-simple"},"yoast_head":"<!-- This site is optimized with the Yoast SEO plugin v27.2 - https:\/\/yoast.com\/product\/yoast-seo-wordpress\/ -->\n<title>Kilo &amp; Fit Beden &amp; Gen\u00e7lik At\u00f6lyesi |\u00a0Astrolog Elvan Lapis - Astrolog Elvan<\/title>\n<meta name=\"robots\" content=\"index, follow, max-snippet:-1, max-image-preview:large, max-video-preview:-1\" \/>\n<link rel=\"canonical\" href=\"https:\/\/astrologelvan.com\/magaza\/urun\/kilo-fit-beden-genclik-atolyesi\/\" \/>\n<meta property=\"og:locale\" content=\"tr_TR\" \/>\n<meta property=\"og:type\" content=\"article\" \/>\n<meta property=\"og:title\" content=\"Kilo &amp; Fit Beden &amp; Gen\u00e7lik At\u00f6lyesi |\u00a0Astrolog Elvan Lapis - Astrolog Elvan\" \/>\n<meta property=\"og:description\" content=\"E\u011fer bir t\u00fcrl\u00fc kilo veremiyorsan ya da alam\u0131yorsan, belki de baz\u0131 kilolar\u0131n sana ait olmad\u0131\u011f\u0131n\u0131 anlama zaman\u0131 gelmi\u015ftir. Duygusal travmalar, affedilemeyen olaylar, kendimizi koruma ihtiyac\u0131 \u00e7o\u011fu zaman bize kilo olarak geri d\u00f6ner.  Bazen t\u00fckenmek, yok olmak istedi\u011fimiz travmalar sonras\u0131 ki\u015fi ne yese kilo alamayabilir.  Kilo &amp; Fit Beden &amp; Gen\u00e7lik at\u00f6lyesinde; v\u00fccudumuzdaki k\u0131rk alt\u0131 kromozomu uyaracak ve DNA aktivasyonu yapaca\u011f\u0131z. Ya\u015fland\u0131k\u00e7a Dna kromozomlar\u0131n\u0131n ba\u015fl\u0131\u011f\u0131ndaki telomer incelir ve a\u015f\u0131n\u0131r. Gen\u00e7lik ve canl\u0131l\u0131k kromozomlar\u0131n\u0131n aktivasyonu ile 21 g\u00fcnl\u00fck s\u00fcre\u00e7 sonras\u0131 aynada bamba\u015fka bir \u2018sen\u2019 g\u00f6receksin.  Bu \u00f6zel at\u00f6lyede; Fazla kilolar\u0131n ard\u0131ndaki duygusal ba\u011flar\u0131 \u00e7\u00f6z\u00fcyor, Al\u0131namayan kilolar\u0131n arkas\u0131ndaki bilin\u00e7alt\u0131 kay\u0131tlar\u0131n\u0131 d\u00f6n\u00fc\u015ft\u00fcr\u00fcyoruz. Ve gitgide gen\u00e7le\u015fti\u011finiz h\u00fccresel enerjiyi uyand\u0131r\u0131yoruzz  ThetaHealing ile h\u00fccresel d\u00fczeyde d\u00f6n\u00fc\u015f\u00fcm, Jean Adrianne Ar\u0131nd\u0131rma Sistemi (JAAS) ile enerji alan\u0131nda derin temizlik yap\u0131yoruz. Bu yaln\u0131zca fiziksel bir de\u011fi\u015fim de\u011fil; Kendini yeniden sevme, bedeninle bar\u0131\u015fma, \u00f6zg\u00fcrle\u015fme yolculu\u011fu\u2026 Bahar\u0131n ar\u0131nd\u0131r\u0131c\u0131 enerjisiyle, ideal bedenine kavu\u015fmak i\u00e7in sen de yerini al. Bu at\u00f6lyeden sonra bedenin sana te\u015fekk\u00fcr edecek. Sak\u0131n ka\u00e7\u0131rma!  \ud83c\udf19 Tarih: 10 Nisan 2026 21:00  \ud83c\udfa5 Platform: Zoom \u00fczerinden ve kay\u0131t g\u00f6r\u00fcnt\u00fcler Sipari\u015flerinizi olu\u015ftururken aktif kulland\u0131\u011f\u0131n\u0131z telefon numaran\u0131z\u0131 ve e-mail adresinizi girmelisiniz!  At\u00f6lye kay\u0131tlar\u0131 sat\u0131n alan ki\u015filere canl\u0131 yay\u0131n sonras\u0131ndaki g\u00fcnlerde yine ayn\u0131 kanallardan iletilecektir. Her at\u00f6lye kayd\u0131 yasal olarak yaln\u0131zca bir ki\u015fi i\u00e7in ge\u00e7erlidir, bir ba\u015fkas\u0131 ile payla\u015f\u0131lamaz.\" \/>\n<meta property=\"og:url\" content=\"https:\/\/astrologelvan.com\/magaza\/urun\/kilo-fit-beden-genclik-atolyesi\/\" \/>\n<meta property=\"og:site_name\" content=\"Astrolog Elvan\" \/>\n<meta property=\"article:modified_time\" content=\"2026-04-03T07:23:51+00:00\" \/>\n<meta property=\"og:image\" content=\"https:\/\/astrologelvan.com\/magaza\/wp-content\/uploads\/2026\/04\/Kilo-atolyesi.webp\" \/>\n\t<meta property=\"og:image:width\" content=\"1000\" \/>\n\t<meta property=\"og:image:height\" content=\"1300\" \/>\n\t<meta property=\"og:image:type\" content=\"image\/webp\" \/>\n<meta name=\"twitter:card\" content=\"summary_large_image\" \/>\n<meta name=\"twitter:label1\" content=\"Tahmini okuma s\u00fcresi\" \/>\n\t<meta name=\"twitter:data1\" content=\"1 dakika\" \/>\n<script type=\"application\/ld+json\" class=\"yoast-schema-graph\">{\"@context\":\"https:\/\/schema.org\",\"@graph\":[{\"@type\":[\"WebPage\",\"ItemPage\"],\"@id\":\"https:\/\/astrologelvan.com\/magaza\/urun\/kilo-fit-beden-genclik-atolyesi\/\",\"url\":\"https:\/\/astrologelvan.com\/magaza\/urun\/kilo-fit-beden-genclik-atolyesi\/\",\"name\":\"Kilo & Fit Beden & Gen\u00e7lik At\u00f6lyesi |\u00a0Astrolog Elvan Lapis - Astrolog Elvan\",\"isPartOf\":{\"@id\":\"https:\/\/astrologelvan.com\/magaza\/#website\"},\"primaryImageOfPage\":{\"@id\":\"https:\/\/astrologelvan.com\/magaza\/urun\/kilo-fit-beden-genclik-atolyesi\/#primaryimage\"},\"image\":{\"@id\":\"https:\/\/astrologelvan.com\/magaza\/urun\/kilo-fit-beden-genclik-atolyesi\/#primaryimage\"},\"thumbnailUrl\":\"https:\/\/astrologelvan.com\/magaza\/wp-content\/uploads\/2026\/04\/Kilo-atolyesi.webp\",\"datePublished\":\"2026-04-02T21:30:54+00:00\",\"dateModified\":\"2026-04-03T07:23:51+00:00\",\"breadcrumb\":{\"@id\":\"https:\/\/astrologelvan.com\/magaza\/urun\/kilo-fit-beden-genclik-atolyesi\/#breadcrumb\"},\"inLanguage\":\"tr\",\"potentialAction\":[{\"@type\":\"ReadAction\",\"target\":[\"https:\/\/astrologelvan.com\/magaza\/urun\/kilo-fit-beden-genclik-atolyesi\/\"]}]},{\"@type\":\"ImageObject\",\"inLanguage\":\"tr\",\"@id\":\"https:\/\/astrologelvan.com\/magaza\/urun\/kilo-fit-beden-genclik-atolyesi\/#primaryimage\",\"url\":\"https:\/\/astrologelvan.com\/magaza\/wp-content\/uploads\/2026\/04\/Kilo-atolyesi.webp\",\"contentUrl\":\"https:\/\/astrologelvan.com\/magaza\/wp-content\/uploads\/2026\/04\/Kilo-atolyesi.webp\",\"width\":1000,\"height\":1300},{\"@type\":\"BreadcrumbList\",\"@id\":\"https:\/\/astrologelvan.com\/magaza\/urun\/kilo-fit-beden-genclik-atolyesi\/#breadcrumb\",\"itemListElement\":[{\"@type\":\"ListItem\",\"position\":1,\"name\":\"Anasayfa\",\"item\":\"https:\/\/astrologelvan.com\/magaza\/\"},{\"@type\":\"ListItem\",\"position\":2,\"name\":\"Ma\u011faza\",\"item\":\"https:\/\/astrologelvan.com\/magaza\/magaza\/\"},{\"@type\":\"ListItem\",\"position\":3,\"name\":\"Kilo &#038; Fit Beden &#038; Gen\u00e7lik At\u00f6lyesi |\u00a0Astrolog Elvan Lapis\"}]},{\"@type\":\"WebSite\",\"@id\":\"https:\/\/astrologelvan.com\/magaza\/#website\",\"url\":\"https:\/\/astrologelvan.com\/magaza\/\",\"name\":\"Astrolog Elvan\",\"description\":\"\",\"potentialAction\":[{\"@type\":\"SearchAction\",\"target\":{\"@type\":\"EntryPoint\",\"urlTemplate\":\"https:\/\/astrologelvan.com\/magaza\/?s={search_term_string}\"},\"query-input\":{\"@type\":\"PropertyValueSpecification\",\"valueRequired\":true,\"valueName\":\"search_term_string\"}}],\"inLanguage\":\"tr\"}]}<\/script>\n<!-- \/ Yoast SEO plugin. -->","yoast_head_json":{"title":"Kilo & Fit Beden & Gen\u00e7lik At\u00f6lyesi |\u00a0Astrolog Elvan Lapis - Astrolog Elvan","robots":{"index":"index","follow":"follow","max-snippet":"max-snippet:-1","max-image-preview":"max-image-preview:large","max-video-preview":"max-video-preview:-1"},"canonical":"https:\/\/astrologelvan.com\/magaza\/urun\/kilo-fit-beden-genclik-atolyesi\/","og_locale":"tr_TR","og_type":"article","og_title":"Kilo & Fit Beden & Gen\u00e7lik At\u00f6lyesi |\u00a0Astrolog Elvan Lapis - Astrolog Elvan","og_description":"E\u011fer bir t\u00fcrl\u00fc kilo veremiyorsan ya da alam\u0131yorsan, belki de baz\u0131 kilolar\u0131n sana ait olmad\u0131\u011f\u0131n\u0131 anlama zaman\u0131 gelmi\u015ftir. Duygusal travmalar, affedilemeyen olaylar, kendimizi koruma ihtiyac\u0131 \u00e7o\u011fu zaman bize kilo olarak geri d\u00f6ner.  Bazen t\u00fckenmek, yok olmak istedi\u011fimiz travmalar sonras\u0131 ki\u015fi ne yese kilo alamayabilir.  Kilo &amp; Fit Beden &amp; Gen\u00e7lik at\u00f6lyesinde; v\u00fccudumuzdaki k\u0131rk alt\u0131 kromozomu uyaracak ve DNA aktivasyonu yapaca\u011f\u0131z. Ya\u015fland\u0131k\u00e7a Dna kromozomlar\u0131n\u0131n ba\u015fl\u0131\u011f\u0131ndaki telomer incelir ve a\u015f\u0131n\u0131r. Gen\u00e7lik ve canl\u0131l\u0131k kromozomlar\u0131n\u0131n aktivasyonu ile 21 g\u00fcnl\u00fck s\u00fcre\u00e7 sonras\u0131 aynada bamba\u015fka bir \u2018sen\u2019 g\u00f6receksin.  Bu \u00f6zel at\u00f6lyede; Fazla kilolar\u0131n ard\u0131ndaki duygusal ba\u011flar\u0131 \u00e7\u00f6z\u00fcyor, Al\u0131namayan kilolar\u0131n arkas\u0131ndaki bilin\u00e7alt\u0131 kay\u0131tlar\u0131n\u0131 d\u00f6n\u00fc\u015ft\u00fcr\u00fcyoruz. Ve gitgide gen\u00e7le\u015fti\u011finiz h\u00fccresel enerjiyi uyand\u0131r\u0131yoruzz  ThetaHealing ile h\u00fccresel d\u00fczeyde d\u00f6n\u00fc\u015f\u00fcm, Jean Adrianne Ar\u0131nd\u0131rma Sistemi (JAAS) ile enerji alan\u0131nda derin temizlik yap\u0131yoruz. Bu yaln\u0131zca fiziksel bir de\u011fi\u015fim de\u011fil; Kendini yeniden sevme, bedeninle bar\u0131\u015fma, \u00f6zg\u00fcrle\u015fme yolculu\u011fu\u2026 Bahar\u0131n ar\u0131nd\u0131r\u0131c\u0131 enerjisiyle, ideal bedenine kavu\u015fmak i\u00e7in sen de yerini al. Bu at\u00f6lyeden sonra bedenin sana te\u015fekk\u00fcr edecek. Sak\u0131n ka\u00e7\u0131rma!  \ud83c\udf19 Tarih: 10 Nisan 2026 21:00  \ud83c\udfa5 Platform: Zoom \u00fczerinden ve kay\u0131t g\u00f6r\u00fcnt\u00fcler Sipari\u015flerinizi olu\u015ftururken aktif kulland\u0131\u011f\u0131n\u0131z telefon numaran\u0131z\u0131 ve e-mail adresinizi girmelisiniz!  At\u00f6lye kay\u0131tlar\u0131 sat\u0131n alan ki\u015filere canl\u0131 yay\u0131n sonras\u0131ndaki g\u00fcnlerde yine ayn\u0131 kanallardan iletilecektir. Her at\u00f6lye kayd\u0131 yasal olarak yaln\u0131zca bir ki\u015fi i\u00e7in ge\u00e7erlidir, bir ba\u015fkas\u0131 ile payla\u015f\u0131lamaz.","og_url":"https:\/\/astrologelvan.com\/magaza\/urun\/kilo-fit-beden-genclik-atolyesi\/","og_site_name":"Astrolog Elvan","article_modified_time":"2026-04-03T07:23:51+00:00","og_image":[{"width":1000,"height":1300,"url":"https:\/\/astrologelvan.com\/magaza\/wp-content\/uploads\/2026\/04\/Kilo-atolyesi.webp","type":"image\/webp"}],"twitter_card":"summary_large_image","twitter_misc":{"Tahmini okuma s\u00fcresi":"1 dakika"},"schema":{"@context":"https:\/\/schema.org","@graph":[{"@type":["WebPage","ItemPage"],"@id":"https:\/\/astrologelvan.com\/magaza\/urun\/kilo-fit-beden-genclik-atolyesi\/","url":"https:\/\/astrologelvan.com\/magaza\/urun\/kilo-fit-beden-genclik-atolyesi\/","name":"Kilo & Fit Beden & Gen\u00e7lik At\u00f6lyesi |\u00a0Astrolog Elvan Lapis - Astrolog Elvan","isPartOf":{"@id":"https:\/\/astrologelvan.com\/magaza\/#website"},"primaryImageOfPage":{"@id":"https:\/\/astrologelvan.com\/magaza\/urun\/kilo-fit-beden-genclik-atolyesi\/#primaryimage"},"image":{"@id":"https:\/\/astrologelvan.com\/magaza\/urun\/kilo-fit-beden-genclik-atolyesi\/#primaryimage"},"thumbnailUrl":"https:\/\/astrologelvan.com\/magaza\/wp-content\/uploads\/2026\/04\/Kilo-atolyesi.webp","datePublished":"2026-04-02T21:30:54+00:00","dateModified":"2026-04-03T07:23:51+00:00","breadcrumb":{"@id":"https:\/\/astrologelvan.com\/magaza\/urun\/kilo-fit-beden-genclik-atolyesi\/#breadcrumb"},"inLanguage":"tr","potentialAction":[{"@type":"ReadAction","target":["https:\/\/astrologelvan.com\/magaza\/urun\/kilo-fit-beden-genclik-atolyesi\/"]}]},{"@type":"ImageObject","inLanguage":"tr","@id":"https:\/\/astrologelvan.com\/magaza\/urun\/kilo-fit-beden-genclik-atolyesi\/#primaryimage","url":"https:\/\/astrologelvan.com\/magaza\/wp-content\/uploads\/2026\/04\/Kilo-atolyesi.webp","contentUrl":"https:\/\/astrologelvan.com\/magaza\/wp-content\/uploads\/2026\/04\/Kilo-atolyesi.webp","width":1000,"height":1300},{"@type":"BreadcrumbList","@id":"https:\/\/astrologelvan.com\/magaza\/urun\/kilo-fit-beden-genclik-atolyesi\/#breadcrumb","itemListElement":[{"@type":"ListItem","position":1,"name":"Anasayfa","item":"https:\/\/astrologelvan.com\/magaza\/"},{"@type":"ListItem","position":2,"name":"Ma\u011faza","item":"https:\/\/astrologelvan.com\/magaza\/magaza\/"},{"@type":"ListItem","position":3,"name":"Kilo &#038; Fit Beden &#038; Gen\u00e7lik At\u00f6lyesi |\u00a0Astrolog Elvan Lapis"}]},{"@type":"WebSite","@id":"https:\/\/astrologelvan.com\/magaza\/#website","url":"https:\/\/astrologelvan.com\/magaza\/","name":"Astrolog Elvan","description":"","potentialAction":[{"@type":"SearchAction","target":{"@type":"EntryPoint","urlTemplate":"https:\/\/astrologelvan.com\/magaza\/?s={search_term_string}"},"query-input":{"@type":"PropertyValueSpecification","valueRequired":true,"valueName":"search_term_string"}}],"inLanguage":"tr"}]}},"_links":{"self":[{"href":"https:\/\/astrologelvan.com\/magaza\/wp-json\/wp\/v2\/product\/176210","targetHints":{"allow":["GET"]}}],"collection":[{"href":"https:\/\/astrologelvan.com\/magaza\/wp-json\/wp\/v2\/product"}],"about":[{"href":"https:\/\/astrologelvan.com\/magaza\/wp-json\/wp\/v2\/types\/product"}],"replies":[{"embeddable":true,"href":"https:\/\/astrologelvan.com\/magaza\/wp-json\/wp\/v2\/comments?post=176210"}],"wp:featuredmedia":[{"embeddable":true,"href":"https:\/\/astrologelvan.com\/magaza\/wp-json\/wp\/v2\/media\/176211"}],"wp:attachment":[{"href":"https:\/\/astrologelvan.com\/magaza\/wp-json\/wp\/v2\/media?parent=176210"}],"wp:term":[{"taxonomy":"product_brand","embeddable":true,"href":"https:\/\/astrologelvan.com\/magaza\/wp-json\/wp\/v2\/product_brand?post=176210"},{"taxonomy":"product_cat","embeddable":true,"href":"https:\/\/astrologelvan.com\/magaza\/wp-json\/wp\/v2\/product_cat?post=176210"},{"taxonomy":"product_tag","embeddable":true,"href":"https:\/\/astrologelvan.com\/magaza\/wp-json\/wp\/v2\/product_tag?post=176210"}],"curies":[{"name":"wp","href":"https:\/\/api.w.org\/{rel}","templated":true}]}}