{"id":174797,"date":"2026-03-28T21:52:49","date_gmt":"2026-03-28T18:52:49","guid":{"rendered":"https:\/\/astrologelvan.com\/magaza\/?post_type=product&#038;p=174797"},"modified":"2026-04-14T22:37:34","modified_gmt":"2026-04-14T19:37:34","slug":"basari-buyume-bilekligi","status":"publish","type":"product","link":"https:\/\/astrologelvan.com\/magaza\/urun\/basari-buyume-bilekligi\/","title":{"rendered":"Ba\u015far\u0131 &amp; B\u00fcy\u00fcme Bilekli\u011fi"},"content":{"rendered":"","protected":false},"excerpt":{"rendered":"<p>Formul\u00fcnde, Oniks ve mokait jasper ta\u015flar\u0131n\u0131n bir arada kullan\u0131ld\u0131\u011f\u0131 bu \u00f6zel Theta Bilekli\u011fi, erkekler i\u00e7in \u00f6zenle tasarland\u0131.<\/p>\n<p>Ba\u015far\u0131, bolluk ve her ad\u0131mda b\u00fcy\u00fcmeyi hedefleyenler i\u00e7in. ThetaHealing tekni\u011fi ile bahsetti\u011fimiz hisler y\u00fcklenmi\u015ftir.<\/p>\n<p><strong>Etkisini g\u00f6rmek i\u00e7in en az 21 g\u00fcn kullan\u0131lmal\u0131d\u0131r.<\/strong><\/p>\n","protected":false},"featured_media":174798,"comment_status":"open","ping_status":"closed","template":"","meta":[],"product_brand":[596],"product_cat":[9608],"product_tag":[],"class_list":{"0":"post-174797","1":"product","2":"type-product","3":"status-publish","4":"has-post-thumbnail","6":"product_brand-astrolog-elvan","7":"product_cat-theta-his-bileklikleri","9":"first","10":"instock","11":"taxable","12":"shipping-taxable","13":"purchasable","14":"product-type-simple"},"yoast_head":"<!-- This site is optimized with the Yoast SEO plugin v27.3 - https:\/\/yoast.com\/product\/yoast-seo-wordpress\/ -->\n<title>Ba\u015far\u0131 &amp; B\u00fcy\u00fcme Bilekli\u011fi - Astrolog Elvan<\/title>\n<meta name=\"robots\" content=\"index, follow, max-snippet:-1, max-image-preview:large, max-video-preview:-1\" \/>\n<link rel=\"canonical\" href=\"https:\/\/astrologelvan.com\/magaza\/urun\/basari-buyume-bilekligi\/\" \/>\n<meta property=\"og:locale\" content=\"tr_TR\" \/>\n<meta property=\"og:type\" content=\"article\" \/>\n<meta property=\"og:title\" content=\"Ba\u015far\u0131 &amp; B\u00fcy\u00fcme Bilekli\u011fi - Astrolog Elvan\" \/>\n<meta property=\"og:description\" content=\"Formul\u00fcnde, Oniks ve mokait jasper ta\u015flar\u0131n\u0131n bir arada kullan\u0131ld\u0131\u011f\u0131 bu \u00f6zel Theta Bilekli\u011fi, erkekler i\u00e7in \u00f6zenle tasarland\u0131.  Ba\u015far\u0131, bolluk ve her ad\u0131mda b\u00fcy\u00fcmeyi hedefleyenler i\u00e7in. ThetaHealing tekni\u011fi ile bahsetti\u011fimiz hisler y\u00fcklenmi\u015ftir.  Etkisini g\u00f6rmek i\u00e7in en az 21 g\u00fcn kullan\u0131lmal\u0131d\u0131r.\" \/>\n<meta property=\"og:url\" content=\"https:\/\/astrologelvan.com\/magaza\/urun\/basari-buyume-bilekligi\/\" \/>\n<meta property=\"og:site_name\" content=\"Astrolog Elvan\" \/>\n<meta property=\"article:modified_time\" content=\"2026-04-14T19:37:34+00:00\" \/>\n<meta property=\"og:image\" content=\"https:\/\/astrologelvan.com\/magaza\/wp-content\/uploads\/2026\/03\/IMG_3272.webp\" \/>\n\t<meta property=\"og:image:width\" content=\"1024\" \/>\n\t<meta property=\"og:image:height\" content=\"1024\" \/>\n\t<meta property=\"og:image:type\" content=\"image\/webp\" \/>\n<meta name=\"twitter:card\" content=\"summary_large_image\" \/>\n<meta name=\"twitter:label1\" content=\"Tahmini okuma s\u00fcresi\" \/>\n\t<meta name=\"twitter:data1\" content=\"1 dakika\" \/>\n<script type=\"application\/ld+json\" class=\"yoast-schema-graph\">{\"@context\":\"https:\\\/\\\/schema.org\",\"@graph\":[{\"@type\":[\"WebPage\",\"ItemPage\"],\"@id\":\"https:\\\/\\\/astrologelvan.com\\\/magaza\\\/urun\\\/basari-buyume-bilekligi\\\/\",\"url\":\"https:\\\/\\\/astrologelvan.com\\\/magaza\\\/urun\\\/basari-buyume-bilekligi\\\/\",\"name\":\"Ba\u015far\u0131 &amp; B\u00fcy\u00fcme Bilekli\u011fi - Astrolog Elvan\",\"isPartOf\":{\"@id\":\"https:\\\/\\\/astrologelvan.com\\\/magaza\\\/#website\"},\"primaryImageOfPage\":{\"@id\":\"https:\\\/\\\/astrologelvan.com\\\/magaza\\\/urun\\\/basari-buyume-bilekligi\\\/#primaryimage\"},\"image\":{\"@id\":\"https:\\\/\\\/astrologelvan.com\\\/magaza\\\/urun\\\/basari-buyume-bilekligi\\\/#primaryimage\"},\"thumbnailUrl\":\"https:\\\/\\\/astrologelvan.com\\\/magaza\\\/wp-content\\\/uploads\\\/2026\\\/03\\\/IMG_3272.webp\",\"datePublished\":\"2026-03-28T18:52:49+00:00\",\"dateModified\":\"2026-04-14T19:37:34+00:00\",\"breadcrumb\":{\"@id\":\"https:\\\/\\\/astrologelvan.com\\\/magaza\\\/urun\\\/basari-buyume-bilekligi\\\/#breadcrumb\"},\"inLanguage\":\"tr\",\"potentialAction\":[{\"@type\":\"ReadAction\",\"target\":[\"https:\\\/\\\/astrologelvan.com\\\/magaza\\\/urun\\\/basari-buyume-bilekligi\\\/\"]}]},{\"@type\":\"ImageObject\",\"inLanguage\":\"tr\",\"@id\":\"https:\\\/\\\/astrologelvan.com\\\/magaza\\\/urun\\\/basari-buyume-bilekligi\\\/#primaryimage\",\"url\":\"https:\\\/\\\/astrologelvan.com\\\/magaza\\\/wp-content\\\/uploads\\\/2026\\\/03\\\/IMG_3272.webp\",\"contentUrl\":\"https:\\\/\\\/astrologelvan.com\\\/magaza\\\/wp-content\\\/uploads\\\/2026\\\/03\\\/IMG_3272.webp\",\"width\":1024,\"height\":1024},{\"@type\":\"BreadcrumbList\",\"@id\":\"https:\\\/\\\/astrologelvan.com\\\/magaza\\\/urun\\\/basari-buyume-bilekligi\\\/#breadcrumb\",\"itemListElement\":[{\"@type\":\"ListItem\",\"position\":1,\"name\":\"Anasayfa\",\"item\":\"https:\\\/\\\/astrologelvan.com\\\/magaza\\\/\"},{\"@type\":\"ListItem\",\"position\":2,\"name\":\"Ma\u011faza\",\"item\":\"https:\\\/\\\/astrologelvan.com\\\/magaza\\\/magaza\\\/\"},{\"@type\":\"ListItem\",\"position\":3,\"name\":\"Ba\u015far\u0131 &amp; B\u00fcy\u00fcme Bilekli\u011fi\"}]},{\"@type\":\"WebSite\",\"@id\":\"https:\\\/\\\/astrologelvan.com\\\/magaza\\\/#website\",\"url\":\"https:\\\/\\\/astrologelvan.com\\\/magaza\\\/\",\"name\":\"Astrolog Elvan\",\"description\":\"\",\"potentialAction\":[{\"@type\":\"SearchAction\",\"target\":{\"@type\":\"EntryPoint\",\"urlTemplate\":\"https:\\\/\\\/astrologelvan.com\\\/magaza\\\/?s={search_term_string}\"},\"query-input\":{\"@type\":\"PropertyValueSpecification\",\"valueRequired\":true,\"valueName\":\"search_term_string\"}}],\"inLanguage\":\"tr\"}]}<\/script>\n<!-- \/ Yoast SEO plugin. -->","yoast_head_json":{"title":"Ba\u015far\u0131 &amp; B\u00fcy\u00fcme Bilekli\u011fi - Astrolog Elvan","robots":{"index":"index","follow":"follow","max-snippet":"max-snippet:-1","max-image-preview":"max-image-preview:large","max-video-preview":"max-video-preview:-1"},"canonical":"https:\/\/astrologelvan.com\/magaza\/urun\/basari-buyume-bilekligi\/","og_locale":"tr_TR","og_type":"article","og_title":"Ba\u015far\u0131 &amp; B\u00fcy\u00fcme Bilekli\u011fi - Astrolog Elvan","og_description":"Formul\u00fcnde, Oniks ve mokait jasper ta\u015flar\u0131n\u0131n bir arada kullan\u0131ld\u0131\u011f\u0131 bu \u00f6zel Theta Bilekli\u011fi, erkekler i\u00e7in \u00f6zenle tasarland\u0131.  Ba\u015far\u0131, bolluk ve her ad\u0131mda b\u00fcy\u00fcmeyi hedefleyenler i\u00e7in. ThetaHealing tekni\u011fi ile bahsetti\u011fimiz hisler y\u00fcklenmi\u015ftir.  Etkisini g\u00f6rmek i\u00e7in en az 21 g\u00fcn kullan\u0131lmal\u0131d\u0131r.","og_url":"https:\/\/astrologelvan.com\/magaza\/urun\/basari-buyume-bilekligi\/","og_site_name":"Astrolog Elvan","article_modified_time":"2026-04-14T19:37:34+00:00","og_image":[{"width":1024,"height":1024,"url":"https:\/\/astrologelvan.com\/magaza\/wp-content\/uploads\/2026\/03\/IMG_3272.webp","type":"image\/webp"}],"twitter_card":"summary_large_image","twitter_misc":{"Tahmini okuma s\u00fcresi":"1 dakika"},"schema":{"@context":"https:\/\/schema.org","@graph":[{"@type":["WebPage","ItemPage"],"@id":"https:\/\/astrologelvan.com\/magaza\/urun\/basari-buyume-bilekligi\/","url":"https:\/\/astrologelvan.com\/magaza\/urun\/basari-buyume-bilekligi\/","name":"Ba\u015far\u0131 &amp; B\u00fcy\u00fcme Bilekli\u011fi - Astrolog Elvan","isPartOf":{"@id":"https:\/\/astrologelvan.com\/magaza\/#website"},"primaryImageOfPage":{"@id":"https:\/\/astrologelvan.com\/magaza\/urun\/basari-buyume-bilekligi\/#primaryimage"},"image":{"@id":"https:\/\/astrologelvan.com\/magaza\/urun\/basari-buyume-bilekligi\/#primaryimage"},"thumbnailUrl":"https:\/\/astrologelvan.com\/magaza\/wp-content\/uploads\/2026\/03\/IMG_3272.webp","datePublished":"2026-03-28T18:52:49+00:00","dateModified":"2026-04-14T19:37:34+00:00","breadcrumb":{"@id":"https:\/\/astrologelvan.com\/magaza\/urun\/basari-buyume-bilekligi\/#breadcrumb"},"inLanguage":"tr","potentialAction":[{"@type":"ReadAction","target":["https:\/\/astrologelvan.com\/magaza\/urun\/basari-buyume-bilekligi\/"]}]},{"@type":"ImageObject","inLanguage":"tr","@id":"https:\/\/astrologelvan.com\/magaza\/urun\/basari-buyume-bilekligi\/#primaryimage","url":"https:\/\/astrologelvan.com\/magaza\/wp-content\/uploads\/2026\/03\/IMG_3272.webp","contentUrl":"https:\/\/astrologelvan.com\/magaza\/wp-content\/uploads\/2026\/03\/IMG_3272.webp","width":1024,"height":1024},{"@type":"BreadcrumbList","@id":"https:\/\/astrologelvan.com\/magaza\/urun\/basari-buyume-bilekligi\/#breadcrumb","itemListElement":[{"@type":"ListItem","position":1,"name":"Anasayfa","item":"https:\/\/astrologelvan.com\/magaza\/"},{"@type":"ListItem","position":2,"name":"Ma\u011faza","item":"https:\/\/astrologelvan.com\/magaza\/magaza\/"},{"@type":"ListItem","position":3,"name":"Ba\u015far\u0131 &amp; B\u00fcy\u00fcme Bilekli\u011fi"}]},{"@type":"WebSite","@id":"https:\/\/astrologelvan.com\/magaza\/#website","url":"https:\/\/astrologelvan.com\/magaza\/","name":"Astrolog Elvan","description":"","potentialAction":[{"@type":"SearchAction","target":{"@type":"EntryPoint","urlTemplate":"https:\/\/astrologelvan.com\/magaza\/?s={search_term_string}"},"query-input":{"@type":"PropertyValueSpecification","valueRequired":true,"valueName":"search_term_string"}}],"inLanguage":"tr"}]}},"_links":{"self":[{"href":"https:\/\/astrologelvan.com\/magaza\/wp-json\/wp\/v2\/product\/174797","targetHints":{"allow":["GET"]}}],"collection":[{"href":"https:\/\/astrologelvan.com\/magaza\/wp-json\/wp\/v2\/product"}],"about":[{"href":"https:\/\/astrologelvan.com\/magaza\/wp-json\/wp\/v2\/types\/product"}],"replies":[{"embeddable":true,"href":"https:\/\/astrologelvan.com\/magaza\/wp-json\/wp\/v2\/comments?post=174797"}],"wp:featuredmedia":[{"embeddable":true,"href":"https:\/\/astrologelvan.com\/magaza\/wp-json\/wp\/v2\/media\/174798"}],"wp:attachment":[{"href":"https:\/\/astrologelvan.com\/magaza\/wp-json\/wp\/v2\/media?parent=174797"}],"wp:term":[{"taxonomy":"product_brand","embeddable":true,"href":"https:\/\/astrologelvan.com\/magaza\/wp-json\/wp\/v2\/product_brand?post=174797"},{"taxonomy":"product_cat","embeddable":true,"href":"https:\/\/astrologelvan.com\/magaza\/wp-json\/wp\/v2\/product_cat?post=174797"},{"taxonomy":"product_tag","embeddable":true,"href":"https:\/\/astrologelvan.com\/magaza\/wp-json\/wp\/v2\/product_tag?post=174797"}],"curies":[{"name":"wp","href":"https:\/\/api.w.org\/{rel}","templated":true}]}}