{"id":174773,"date":"2026-03-28T20:41:21","date_gmt":"2026-03-28T17:41:21","guid":{"rendered":"https:\/\/astrologelvan.com\/magaza\/?post_type=product&#038;p=174773"},"modified":"2026-04-15T15:18:40","modified_gmt":"2026-04-15T12:18:40","slug":"sevgiyi-alma-sefkat-bilekligi","status":"publish","type":"product","link":"https:\/\/astrologelvan.com\/magaza\/urun\/sevgiyi-alma-sefkat-bilekligi\/","title":{"rendered":"Sevgiyi Alma &amp; \u015eefkat Bilekli\u011fi"},"content":{"rendered":"","protected":false},"excerpt":{"rendered":"<p>Formul\u00fcnde, akuamarin ve clear kuvars ta\u015f\u0131 bir arada kullan\u0131lan bu \u00f6zel Theta bilekli\u011fi, kad\u0131nlar i\u00e7in \u00f6zenle tasarland\u0131.<\/p>\n<p>Her kad\u0131n\u0131n sevgiyi almaya hakk\u0131 var. Ama bir\u00e7o\u011fu bunu se\u00e7miyor. \u0130\u015fte bu bilekli\u011fi kulland\u0131k\u00e7a; partnerinizin size sevgisini g\u00f6recek, \u00e7evrenizdeki insanlar\u0131n size \u015fefkat ve anlay\u0131\u015fla yakla\u015ft\u0131\u011f\u0131n\u0131 g\u00f6receksiniz.<\/p>\n<p>ThetaHealing tekni\u011fi ile bahsetti\u011fimiz hisler y\u00fcklenmi\u015ftir. <strong>Etkisini g\u00f6rmek i\u00e7in en az 21 g\u00fcn kullan\u0131lmal\u0131d\u0131r.<\/strong><\/p>\n","protected":false},"featured_media":174774,"comment_status":"open","ping_status":"closed","template":"","meta":[],"product_brand":[596],"product_cat":[9608],"product_tag":[],"class_list":{"0":"post-174773","1":"product","2":"type-product","3":"status-publish","4":"has-post-thumbnail","6":"product_brand-astrolog-elvan","7":"product_cat-theta-his-bileklikleri","9":"first","10":"instock","11":"taxable","12":"shipping-taxable","13":"purchasable","14":"product-type-simple"},"yoast_head":"<!-- This site is optimized with the Yoast SEO plugin v27.3 - https:\/\/yoast.com\/product\/yoast-seo-wordpress\/ -->\n<title>Sevgiyi Alma &amp; \u015eefkat Bilekli\u011fi - Astrolog Elvan<\/title>\n<meta name=\"robots\" content=\"index, follow, max-snippet:-1, max-image-preview:large, max-video-preview:-1\" \/>\n<link rel=\"canonical\" href=\"https:\/\/astrologelvan.com\/magaza\/urun\/sevgiyi-alma-sefkat-bilekligi\/\" \/>\n<meta property=\"og:locale\" content=\"tr_TR\" \/>\n<meta property=\"og:type\" content=\"article\" \/>\n<meta property=\"og:title\" content=\"Sevgiyi Alma &amp; \u015eefkat Bilekli\u011fi - Astrolog Elvan\" \/>\n<meta property=\"og:description\" content=\"Formul\u00fcnde, akuamarin ve clear kuvars ta\u015f\u0131 bir arada kullan\u0131lan bu \u00f6zel Theta bilekli\u011fi, kad\u0131nlar i\u00e7in \u00f6zenle tasarland\u0131.  Her kad\u0131n\u0131n sevgiyi almaya hakk\u0131 var. Ama bir\u00e7o\u011fu bunu se\u00e7miyor. \u0130\u015fte bu bilekli\u011fi kulland\u0131k\u00e7a; partnerinizin size sevgisini g\u00f6recek, \u00e7evrenizdeki insanlar\u0131n size \u015fefkat ve anlay\u0131\u015fla yakla\u015ft\u0131\u011f\u0131n\u0131 g\u00f6receksiniz.  ThetaHealing tekni\u011fi ile bahsetti\u011fimiz hisler y\u00fcklenmi\u015ftir. Etkisini g\u00f6rmek i\u00e7in en az 21 g\u00fcn kullan\u0131lmal\u0131d\u0131r.\" \/>\n<meta property=\"og:url\" content=\"https:\/\/astrologelvan.com\/magaza\/urun\/sevgiyi-alma-sefkat-bilekligi\/\" \/>\n<meta property=\"og:site_name\" content=\"Astrolog Elvan\" \/>\n<meta property=\"article:modified_time\" content=\"2026-04-15T12:18:40+00:00\" \/>\n<meta property=\"og:image\" content=\"https:\/\/astrologelvan.com\/magaza\/wp-content\/uploads\/2026\/03\/IMG_3267.webp\" \/>\n\t<meta property=\"og:image:width\" content=\"1024\" \/>\n\t<meta property=\"og:image:height\" content=\"1024\" \/>\n\t<meta property=\"og:image:type\" content=\"image\/webp\" \/>\n<meta name=\"twitter:card\" content=\"summary_large_image\" \/>\n<meta name=\"twitter:label1\" content=\"Tahmini okuma s\u00fcresi\" \/>\n\t<meta name=\"twitter:data1\" content=\"1 dakika\" \/>\n<script type=\"application\/ld+json\" class=\"yoast-schema-graph\">{\"@context\":\"https:\\\/\\\/schema.org\",\"@graph\":[{\"@type\":[\"WebPage\",\"ItemPage\"],\"@id\":\"https:\\\/\\\/astrologelvan.com\\\/magaza\\\/urun\\\/sevgiyi-alma-sefkat-bilekligi\\\/\",\"url\":\"https:\\\/\\\/astrologelvan.com\\\/magaza\\\/urun\\\/sevgiyi-alma-sefkat-bilekligi\\\/\",\"name\":\"Sevgiyi Alma &amp; \u015eefkat Bilekli\u011fi - Astrolog Elvan\",\"isPartOf\":{\"@id\":\"https:\\\/\\\/astrologelvan.com\\\/magaza\\\/#website\"},\"primaryImageOfPage\":{\"@id\":\"https:\\\/\\\/astrologelvan.com\\\/magaza\\\/urun\\\/sevgiyi-alma-sefkat-bilekligi\\\/#primaryimage\"},\"image\":{\"@id\":\"https:\\\/\\\/astrologelvan.com\\\/magaza\\\/urun\\\/sevgiyi-alma-sefkat-bilekligi\\\/#primaryimage\"},\"thumbnailUrl\":\"https:\\\/\\\/astrologelvan.com\\\/magaza\\\/wp-content\\\/uploads\\\/2026\\\/03\\\/IMG_3267.webp\",\"datePublished\":\"2026-03-28T17:41:21+00:00\",\"dateModified\":\"2026-04-15T12:18:40+00:00\",\"breadcrumb\":{\"@id\":\"https:\\\/\\\/astrologelvan.com\\\/magaza\\\/urun\\\/sevgiyi-alma-sefkat-bilekligi\\\/#breadcrumb\"},\"inLanguage\":\"tr\",\"potentialAction\":[{\"@type\":\"ReadAction\",\"target\":[\"https:\\\/\\\/astrologelvan.com\\\/magaza\\\/urun\\\/sevgiyi-alma-sefkat-bilekligi\\\/\"]}]},{\"@type\":\"ImageObject\",\"inLanguage\":\"tr\",\"@id\":\"https:\\\/\\\/astrologelvan.com\\\/magaza\\\/urun\\\/sevgiyi-alma-sefkat-bilekligi\\\/#primaryimage\",\"url\":\"https:\\\/\\\/astrologelvan.com\\\/magaza\\\/wp-content\\\/uploads\\\/2026\\\/03\\\/IMG_3267.webp\",\"contentUrl\":\"https:\\\/\\\/astrologelvan.com\\\/magaza\\\/wp-content\\\/uploads\\\/2026\\\/03\\\/IMG_3267.webp\",\"width\":1024,\"height\":1024},{\"@type\":\"BreadcrumbList\",\"@id\":\"https:\\\/\\\/astrologelvan.com\\\/magaza\\\/urun\\\/sevgiyi-alma-sefkat-bilekligi\\\/#breadcrumb\",\"itemListElement\":[{\"@type\":\"ListItem\",\"position\":1,\"name\":\"Anasayfa\",\"item\":\"https:\\\/\\\/astrologelvan.com\\\/magaza\\\/\"},{\"@type\":\"ListItem\",\"position\":2,\"name\":\"Ma\u011faza\",\"item\":\"https:\\\/\\\/astrologelvan.com\\\/magaza\\\/magaza\\\/\"},{\"@type\":\"ListItem\",\"position\":3,\"name\":\"Sevgiyi Alma &amp; \u015eefkat Bilekli\u011fi\"}]},{\"@type\":\"WebSite\",\"@id\":\"https:\\\/\\\/astrologelvan.com\\\/magaza\\\/#website\",\"url\":\"https:\\\/\\\/astrologelvan.com\\\/magaza\\\/\",\"name\":\"Astrolog Elvan\",\"description\":\"\",\"potentialAction\":[{\"@type\":\"SearchAction\",\"target\":{\"@type\":\"EntryPoint\",\"urlTemplate\":\"https:\\\/\\\/astrologelvan.com\\\/magaza\\\/?s={search_term_string}\"},\"query-input\":{\"@type\":\"PropertyValueSpecification\",\"valueRequired\":true,\"valueName\":\"search_term_string\"}}],\"inLanguage\":\"tr\"}]}<\/script>\n<!-- \/ Yoast SEO plugin. -->","yoast_head_json":{"title":"Sevgiyi Alma &amp; \u015eefkat Bilekli\u011fi - Astrolog Elvan","robots":{"index":"index","follow":"follow","max-snippet":"max-snippet:-1","max-image-preview":"max-image-preview:large","max-video-preview":"max-video-preview:-1"},"canonical":"https:\/\/astrologelvan.com\/magaza\/urun\/sevgiyi-alma-sefkat-bilekligi\/","og_locale":"tr_TR","og_type":"article","og_title":"Sevgiyi Alma &amp; \u015eefkat Bilekli\u011fi - Astrolog Elvan","og_description":"Formul\u00fcnde, akuamarin ve clear kuvars ta\u015f\u0131 bir arada kullan\u0131lan bu \u00f6zel Theta bilekli\u011fi, kad\u0131nlar i\u00e7in \u00f6zenle tasarland\u0131.  Her kad\u0131n\u0131n sevgiyi almaya hakk\u0131 var. Ama bir\u00e7o\u011fu bunu se\u00e7miyor. \u0130\u015fte bu bilekli\u011fi kulland\u0131k\u00e7a; partnerinizin size sevgisini g\u00f6recek, \u00e7evrenizdeki insanlar\u0131n size \u015fefkat ve anlay\u0131\u015fla yakla\u015ft\u0131\u011f\u0131n\u0131 g\u00f6receksiniz.  ThetaHealing tekni\u011fi ile bahsetti\u011fimiz hisler y\u00fcklenmi\u015ftir. Etkisini g\u00f6rmek i\u00e7in en az 21 g\u00fcn kullan\u0131lmal\u0131d\u0131r.","og_url":"https:\/\/astrologelvan.com\/magaza\/urun\/sevgiyi-alma-sefkat-bilekligi\/","og_site_name":"Astrolog Elvan","article_modified_time":"2026-04-15T12:18:40+00:00","og_image":[{"width":1024,"height":1024,"url":"https:\/\/astrologelvan.com\/magaza\/wp-content\/uploads\/2026\/03\/IMG_3267.webp","type":"image\/webp"}],"twitter_card":"summary_large_image","twitter_misc":{"Tahmini okuma s\u00fcresi":"1 dakika"},"schema":{"@context":"https:\/\/schema.org","@graph":[{"@type":["WebPage","ItemPage"],"@id":"https:\/\/astrologelvan.com\/magaza\/urun\/sevgiyi-alma-sefkat-bilekligi\/","url":"https:\/\/astrologelvan.com\/magaza\/urun\/sevgiyi-alma-sefkat-bilekligi\/","name":"Sevgiyi Alma &amp; \u015eefkat Bilekli\u011fi - Astrolog Elvan","isPartOf":{"@id":"https:\/\/astrologelvan.com\/magaza\/#website"},"primaryImageOfPage":{"@id":"https:\/\/astrologelvan.com\/magaza\/urun\/sevgiyi-alma-sefkat-bilekligi\/#primaryimage"},"image":{"@id":"https:\/\/astrologelvan.com\/magaza\/urun\/sevgiyi-alma-sefkat-bilekligi\/#primaryimage"},"thumbnailUrl":"https:\/\/astrologelvan.com\/magaza\/wp-content\/uploads\/2026\/03\/IMG_3267.webp","datePublished":"2026-03-28T17:41:21+00:00","dateModified":"2026-04-15T12:18:40+00:00","breadcrumb":{"@id":"https:\/\/astrologelvan.com\/magaza\/urun\/sevgiyi-alma-sefkat-bilekligi\/#breadcrumb"},"inLanguage":"tr","potentialAction":[{"@type":"ReadAction","target":["https:\/\/astrologelvan.com\/magaza\/urun\/sevgiyi-alma-sefkat-bilekligi\/"]}]},{"@type":"ImageObject","inLanguage":"tr","@id":"https:\/\/astrologelvan.com\/magaza\/urun\/sevgiyi-alma-sefkat-bilekligi\/#primaryimage","url":"https:\/\/astrologelvan.com\/magaza\/wp-content\/uploads\/2026\/03\/IMG_3267.webp","contentUrl":"https:\/\/astrologelvan.com\/magaza\/wp-content\/uploads\/2026\/03\/IMG_3267.webp","width":1024,"height":1024},{"@type":"BreadcrumbList","@id":"https:\/\/astrologelvan.com\/magaza\/urun\/sevgiyi-alma-sefkat-bilekligi\/#breadcrumb","itemListElement":[{"@type":"ListItem","position":1,"name":"Anasayfa","item":"https:\/\/astrologelvan.com\/magaza\/"},{"@type":"ListItem","position":2,"name":"Ma\u011faza","item":"https:\/\/astrologelvan.com\/magaza\/magaza\/"},{"@type":"ListItem","position":3,"name":"Sevgiyi Alma &amp; \u015eefkat Bilekli\u011fi"}]},{"@type":"WebSite","@id":"https:\/\/astrologelvan.com\/magaza\/#website","url":"https:\/\/astrologelvan.com\/magaza\/","name":"Astrolog Elvan","description":"","potentialAction":[{"@type":"SearchAction","target":{"@type":"EntryPoint","urlTemplate":"https:\/\/astrologelvan.com\/magaza\/?s={search_term_string}"},"query-input":{"@type":"PropertyValueSpecification","valueRequired":true,"valueName":"search_term_string"}}],"inLanguage":"tr"}]}},"_links":{"self":[{"href":"https:\/\/astrologelvan.com\/magaza\/wp-json\/wp\/v2\/product\/174773","targetHints":{"allow":["GET"]}}],"collection":[{"href":"https:\/\/astrologelvan.com\/magaza\/wp-json\/wp\/v2\/product"}],"about":[{"href":"https:\/\/astrologelvan.com\/magaza\/wp-json\/wp\/v2\/types\/product"}],"replies":[{"embeddable":true,"href":"https:\/\/astrologelvan.com\/magaza\/wp-json\/wp\/v2\/comments?post=174773"}],"wp:featuredmedia":[{"embeddable":true,"href":"https:\/\/astrologelvan.com\/magaza\/wp-json\/wp\/v2\/media\/174774"}],"wp:attachment":[{"href":"https:\/\/astrologelvan.com\/magaza\/wp-json\/wp\/v2\/media?parent=174773"}],"wp:term":[{"taxonomy":"product_brand","embeddable":true,"href":"https:\/\/astrologelvan.com\/magaza\/wp-json\/wp\/v2\/product_brand?post=174773"},{"taxonomy":"product_cat","embeddable":true,"href":"https:\/\/astrologelvan.com\/magaza\/wp-json\/wp\/v2\/product_cat?post=174773"},{"taxonomy":"product_tag","embeddable":true,"href":"https:\/\/astrologelvan.com\/magaza\/wp-json\/wp\/v2\/product_tag?post=174773"}],"curies":[{"name":"wp","href":"https:\/\/api.w.org\/{rel}","templated":true}]}}