{"id":174767,"date":"2026-03-28T20:38:44","date_gmt":"2026-03-28T17:38:44","guid":{"rendered":"https:\/\/astrologelvan.com\/magaza\/?post_type=product&#038;p=174767"},"modified":"2026-03-29T15:57:33","modified_gmt":"2026-03-29T12:57:33","slug":"dengede-erillik-uyum-bilekligi","status":"publish","type":"product","link":"https:\/\/astrologelvan.com\/magaza\/urun\/dengede-erillik-uyum-bilekligi\/","title":{"rendered":"Dengede Erillik &#038; Uyum Bilekli\u011fi"},"content":{"rendered":"","protected":false},"excerpt":{"rendered":"<p>Formul\u00fcnde; Oniks ve Clear Kuvars ta\u015f\u0131 bir arada kullan\u0131lan bu \u00f6zel Theta bilekli\u011fi, erkekler i\u00e7in \u00f6zenle tasarland\u0131. Her erke\u011fin i\u00e7inde do\u011fru eril oldu\u011fu s\u00fcrece ili\u015fkileri d\u00fczenlidir.<\/p>\n<p>Dengesi oldu\u011fu s\u00fcrece g\u00fcc\u00fc vard\u0131r. \u0130\u00e7indeki \u015fefkatli taraf\u0131 do\u011fru kullan\u0131rsa hayat\u0131na do\u011fru kad\u0131n\u0131 \u00e7eker. \u0130\u015fte bu niyetler ile kullanman\u0131z gereken uyum bilekli\u011fine; ThetaHealing tekni\u011fi ile yukar\u0131da bahsi ge\u00e7en hisler y\u00fcklenmi\u015ftir. Etkisini g\u00f6rmek i\u00e7in az 21 g\u00fcn kullan\u0131lmal\u0131d\u0131r.<\/p>\n","protected":false},"featured_media":174771,"comment_status":"open","ping_status":"closed","template":"","meta":[],"product_brand":[596],"product_cat":[9608],"product_tag":[],"class_list":{"0":"post-174767","1":"product","2":"type-product","3":"status-publish","4":"has-post-thumbnail","6":"product_brand-astrolog-elvan","7":"product_cat-theta-his-bileklikleri","9":"first","10":"instock","11":"taxable","12":"shipping-taxable","13":"purchasable","14":"product-type-simple"},"yoast_head":"<!-- This site is optimized with the Yoast SEO plugin v27.3 - https:\/\/yoast.com\/product\/yoast-seo-wordpress\/ -->\n<title>Dengede Erillik &amp; Uyum Bilekli\u011fi - Astrolog Elvan<\/title>\n<meta name=\"robots\" content=\"index, follow, max-snippet:-1, max-image-preview:large, max-video-preview:-1\" \/>\n<link rel=\"canonical\" href=\"https:\/\/astrologelvan.com\/magaza\/urun\/dengede-erillik-uyum-bilekligi\/\" \/>\n<meta property=\"og:locale\" content=\"tr_TR\" \/>\n<meta property=\"og:type\" content=\"article\" \/>\n<meta property=\"og:title\" content=\"Dengede Erillik &amp; Uyum Bilekli\u011fi - Astrolog Elvan\" \/>\n<meta property=\"og:description\" content=\"Formul\u00fcnde; Oniks ve Clear Kuvars ta\u015f\u0131 bir arada kullan\u0131lan bu \u00f6zel Theta bilekli\u011fi, erkekler i\u00e7in \u00f6zenle tasarland\u0131. Her erke\u011fin i\u00e7inde do\u011fru eril oldu\u011fu s\u00fcrece ili\u015fkileri d\u00fczenlidir.  Dengesi oldu\u011fu s\u00fcrece g\u00fcc\u00fc vard\u0131r. \u0130\u00e7indeki \u015fefkatli taraf\u0131 do\u011fru kullan\u0131rsa hayat\u0131na do\u011fru kad\u0131n\u0131 \u00e7eker. \u0130\u015fte bu niyetler ile kullanman\u0131z gereken uyum bilekli\u011fine; ThetaHealing tekni\u011fi ile yukar\u0131da bahsi ge\u00e7en hisler y\u00fcklenmi\u015ftir. Etkisini g\u00f6rmek i\u00e7in az 21 g\u00fcn kullan\u0131lmal\u0131d\u0131r.\" \/>\n<meta property=\"og:url\" content=\"https:\/\/astrologelvan.com\/magaza\/urun\/dengede-erillik-uyum-bilekligi\/\" \/>\n<meta property=\"og:site_name\" content=\"Astrolog Elvan\" \/>\n<meta property=\"article:modified_time\" content=\"2026-03-29T12:57:33+00:00\" \/>\n<meta property=\"og:image\" content=\"https:\/\/astrologelvan.com\/magaza\/wp-content\/uploads\/2026\/03\/IMG_3266.webp\" \/>\n\t<meta property=\"og:image:width\" content=\"1024\" \/>\n\t<meta property=\"og:image:height\" content=\"1536\" \/>\n\t<meta property=\"og:image:type\" content=\"image\/webp\" \/>\n<meta name=\"twitter:card\" content=\"summary_large_image\" \/>\n<meta name=\"twitter:label1\" content=\"Tahmini okuma s\u00fcresi\" \/>\n\t<meta name=\"twitter:data1\" content=\"1 dakika\" \/>\n<script type=\"application\/ld+json\" class=\"yoast-schema-graph\">{\"@context\":\"https:\\\/\\\/schema.org\",\"@graph\":[{\"@type\":[\"WebPage\",\"ItemPage\"],\"@id\":\"https:\\\/\\\/astrologelvan.com\\\/magaza\\\/urun\\\/dengede-erillik-uyum-bilekligi\\\/\",\"url\":\"https:\\\/\\\/astrologelvan.com\\\/magaza\\\/urun\\\/dengede-erillik-uyum-bilekligi\\\/\",\"name\":\"Dengede Erillik & Uyum Bilekli\u011fi - Astrolog Elvan\",\"isPartOf\":{\"@id\":\"https:\\\/\\\/astrologelvan.com\\\/magaza\\\/#website\"},\"primaryImageOfPage\":{\"@id\":\"https:\\\/\\\/astrologelvan.com\\\/magaza\\\/urun\\\/dengede-erillik-uyum-bilekligi\\\/#primaryimage\"},\"image\":{\"@id\":\"https:\\\/\\\/astrologelvan.com\\\/magaza\\\/urun\\\/dengede-erillik-uyum-bilekligi\\\/#primaryimage\"},\"thumbnailUrl\":\"https:\\\/\\\/astrologelvan.com\\\/magaza\\\/wp-content\\\/uploads\\\/2026\\\/03\\\/IMG_3266.webp\",\"datePublished\":\"2026-03-28T17:38:44+00:00\",\"dateModified\":\"2026-03-29T12:57:33+00:00\",\"breadcrumb\":{\"@id\":\"https:\\\/\\\/astrologelvan.com\\\/magaza\\\/urun\\\/dengede-erillik-uyum-bilekligi\\\/#breadcrumb\"},\"inLanguage\":\"tr\",\"potentialAction\":[{\"@type\":\"ReadAction\",\"target\":[\"https:\\\/\\\/astrologelvan.com\\\/magaza\\\/urun\\\/dengede-erillik-uyum-bilekligi\\\/\"]}]},{\"@type\":\"ImageObject\",\"inLanguage\":\"tr\",\"@id\":\"https:\\\/\\\/astrologelvan.com\\\/magaza\\\/urun\\\/dengede-erillik-uyum-bilekligi\\\/#primaryimage\",\"url\":\"https:\\\/\\\/astrologelvan.com\\\/magaza\\\/wp-content\\\/uploads\\\/2026\\\/03\\\/IMG_3266.webp\",\"contentUrl\":\"https:\\\/\\\/astrologelvan.com\\\/magaza\\\/wp-content\\\/uploads\\\/2026\\\/03\\\/IMG_3266.webp\",\"width\":1024,\"height\":1536},{\"@type\":\"BreadcrumbList\",\"@id\":\"https:\\\/\\\/astrologelvan.com\\\/magaza\\\/urun\\\/dengede-erillik-uyum-bilekligi\\\/#breadcrumb\",\"itemListElement\":[{\"@type\":\"ListItem\",\"position\":1,\"name\":\"Anasayfa\",\"item\":\"https:\\\/\\\/astrologelvan.com\\\/magaza\\\/\"},{\"@type\":\"ListItem\",\"position\":2,\"name\":\"Ma\u011faza\",\"item\":\"https:\\\/\\\/astrologelvan.com\\\/magaza\\\/magaza\\\/\"},{\"@type\":\"ListItem\",\"position\":3,\"name\":\"Dengede Erillik &#038; Uyum Bilekli\u011fi\"}]},{\"@type\":\"WebSite\",\"@id\":\"https:\\\/\\\/astrologelvan.com\\\/magaza\\\/#website\",\"url\":\"https:\\\/\\\/astrologelvan.com\\\/magaza\\\/\",\"name\":\"Astrolog Elvan\",\"description\":\"\",\"potentialAction\":[{\"@type\":\"SearchAction\",\"target\":{\"@type\":\"EntryPoint\",\"urlTemplate\":\"https:\\\/\\\/astrologelvan.com\\\/magaza\\\/?s={search_term_string}\"},\"query-input\":{\"@type\":\"PropertyValueSpecification\",\"valueRequired\":true,\"valueName\":\"search_term_string\"}}],\"inLanguage\":\"tr\"}]}<\/script>\n<!-- \/ Yoast SEO plugin. -->","yoast_head_json":{"title":"Dengede Erillik & Uyum Bilekli\u011fi - Astrolog Elvan","robots":{"index":"index","follow":"follow","max-snippet":"max-snippet:-1","max-image-preview":"max-image-preview:large","max-video-preview":"max-video-preview:-1"},"canonical":"https:\/\/astrologelvan.com\/magaza\/urun\/dengede-erillik-uyum-bilekligi\/","og_locale":"tr_TR","og_type":"article","og_title":"Dengede Erillik & Uyum Bilekli\u011fi - Astrolog Elvan","og_description":"Formul\u00fcnde; Oniks ve Clear Kuvars ta\u015f\u0131 bir arada kullan\u0131lan bu \u00f6zel Theta bilekli\u011fi, erkekler i\u00e7in \u00f6zenle tasarland\u0131. Her erke\u011fin i\u00e7inde do\u011fru eril oldu\u011fu s\u00fcrece ili\u015fkileri d\u00fczenlidir.  Dengesi oldu\u011fu s\u00fcrece g\u00fcc\u00fc vard\u0131r. \u0130\u00e7indeki \u015fefkatli taraf\u0131 do\u011fru kullan\u0131rsa hayat\u0131na do\u011fru kad\u0131n\u0131 \u00e7eker. \u0130\u015fte bu niyetler ile kullanman\u0131z gereken uyum bilekli\u011fine; ThetaHealing tekni\u011fi ile yukar\u0131da bahsi ge\u00e7en hisler y\u00fcklenmi\u015ftir. Etkisini g\u00f6rmek i\u00e7in az 21 g\u00fcn kullan\u0131lmal\u0131d\u0131r.","og_url":"https:\/\/astrologelvan.com\/magaza\/urun\/dengede-erillik-uyum-bilekligi\/","og_site_name":"Astrolog Elvan","article_modified_time":"2026-03-29T12:57:33+00:00","og_image":[{"width":1024,"height":1536,"url":"https:\/\/astrologelvan.com\/magaza\/wp-content\/uploads\/2026\/03\/IMG_3266.webp","type":"image\/webp"}],"twitter_card":"summary_large_image","twitter_misc":{"Tahmini okuma s\u00fcresi":"1 dakika"},"schema":{"@context":"https:\/\/schema.org","@graph":[{"@type":["WebPage","ItemPage"],"@id":"https:\/\/astrologelvan.com\/magaza\/urun\/dengede-erillik-uyum-bilekligi\/","url":"https:\/\/astrologelvan.com\/magaza\/urun\/dengede-erillik-uyum-bilekligi\/","name":"Dengede Erillik & Uyum Bilekli\u011fi - Astrolog Elvan","isPartOf":{"@id":"https:\/\/astrologelvan.com\/magaza\/#website"},"primaryImageOfPage":{"@id":"https:\/\/astrologelvan.com\/magaza\/urun\/dengede-erillik-uyum-bilekligi\/#primaryimage"},"image":{"@id":"https:\/\/astrologelvan.com\/magaza\/urun\/dengede-erillik-uyum-bilekligi\/#primaryimage"},"thumbnailUrl":"https:\/\/astrologelvan.com\/magaza\/wp-content\/uploads\/2026\/03\/IMG_3266.webp","datePublished":"2026-03-28T17:38:44+00:00","dateModified":"2026-03-29T12:57:33+00:00","breadcrumb":{"@id":"https:\/\/astrologelvan.com\/magaza\/urun\/dengede-erillik-uyum-bilekligi\/#breadcrumb"},"inLanguage":"tr","potentialAction":[{"@type":"ReadAction","target":["https:\/\/astrologelvan.com\/magaza\/urun\/dengede-erillik-uyum-bilekligi\/"]}]},{"@type":"ImageObject","inLanguage":"tr","@id":"https:\/\/astrologelvan.com\/magaza\/urun\/dengede-erillik-uyum-bilekligi\/#primaryimage","url":"https:\/\/astrologelvan.com\/magaza\/wp-content\/uploads\/2026\/03\/IMG_3266.webp","contentUrl":"https:\/\/astrologelvan.com\/magaza\/wp-content\/uploads\/2026\/03\/IMG_3266.webp","width":1024,"height":1536},{"@type":"BreadcrumbList","@id":"https:\/\/astrologelvan.com\/magaza\/urun\/dengede-erillik-uyum-bilekligi\/#breadcrumb","itemListElement":[{"@type":"ListItem","position":1,"name":"Anasayfa","item":"https:\/\/astrologelvan.com\/magaza\/"},{"@type":"ListItem","position":2,"name":"Ma\u011faza","item":"https:\/\/astrologelvan.com\/magaza\/magaza\/"},{"@type":"ListItem","position":3,"name":"Dengede Erillik &#038; Uyum Bilekli\u011fi"}]},{"@type":"WebSite","@id":"https:\/\/astrologelvan.com\/magaza\/#website","url":"https:\/\/astrologelvan.com\/magaza\/","name":"Astrolog Elvan","description":"","potentialAction":[{"@type":"SearchAction","target":{"@type":"EntryPoint","urlTemplate":"https:\/\/astrologelvan.com\/magaza\/?s={search_term_string}"},"query-input":{"@type":"PropertyValueSpecification","valueRequired":true,"valueName":"search_term_string"}}],"inLanguage":"tr"}]}},"_links":{"self":[{"href":"https:\/\/astrologelvan.com\/magaza\/wp-json\/wp\/v2\/product\/174767","targetHints":{"allow":["GET"]}}],"collection":[{"href":"https:\/\/astrologelvan.com\/magaza\/wp-json\/wp\/v2\/product"}],"about":[{"href":"https:\/\/astrologelvan.com\/magaza\/wp-json\/wp\/v2\/types\/product"}],"replies":[{"embeddable":true,"href":"https:\/\/astrologelvan.com\/magaza\/wp-json\/wp\/v2\/comments?post=174767"}],"wp:featuredmedia":[{"embeddable":true,"href":"https:\/\/astrologelvan.com\/magaza\/wp-json\/wp\/v2\/media\/174771"}],"wp:attachment":[{"href":"https:\/\/astrologelvan.com\/magaza\/wp-json\/wp\/v2\/media?parent=174767"}],"wp:term":[{"taxonomy":"product_brand","embeddable":true,"href":"https:\/\/astrologelvan.com\/magaza\/wp-json\/wp\/v2\/product_brand?post=174767"},{"taxonomy":"product_cat","embeddable":true,"href":"https:\/\/astrologelvan.com\/magaza\/wp-json\/wp\/v2\/product_cat?post=174767"},{"taxonomy":"product_tag","embeddable":true,"href":"https:\/\/astrologelvan.com\/magaza\/wp-json\/wp\/v2\/product_tag?post=174767"}],"curies":[{"name":"wp","href":"https:\/\/api.w.org\/{rel}","templated":true}]}}