{"id":17457,"date":"2024-10-23T11:50:53","date_gmt":"2024-10-23T08:50:53","guid":{"rendered":"https:\/\/astrologelvan.com\/magaza\/?post_type=product&#038;p=17457"},"modified":"2025-10-06T08:15:22","modified_gmt":"2025-10-06T05:15:22","slug":"yaratim-ve-bolluk-atolyesi","status":"publish","type":"product","link":"https:\/\/astrologelvan.com\/magaza\/urun\/yaratim-ve-bolluk-atolyesi\/","title":{"rendered":"YARATIM VE BOLLUK AT\u00d6LYES\u0130"},"content":{"rendered":"","protected":false},"excerpt":{"rendered":"<p>Yarat\u0131m ve bolluk at\u00f6lyesinde sizin bollu\u011funuzu bereketinizi \u00e7o\u011faltacak tavsiyelerden bahsederken fark\u0131ndal\u0131\u011f\u0131n\u0131z artacak ve daha sonras\u0131nda Theta frekans\u0131nda buna engel olan bilin\u00e7alt\u0131 inan\u00e7lar\u0131n\u0131zdan ar\u0131nmam\u0131z\u0131 sa\u011flayacak bir meditasyonla devam edece\u011fiz ,en sonunda ise m\u00fcthi\u015f bir ar\u0131nma tekni\u011fi olan JAAS sistemi ile blokajlar\u0131 ortadan kald\u0131r\u0131p hayat\u0131m\u0131z\u0131 bollu\u011fa berekete zenginli\u011fe a\u00e7aca\u011f\u0131z.<\/p>\n<p><strong>At\u00f6lyenin Kayd\u0131 Kat\u0131lan ve Kat\u0131lamayan T\u00fcm Kat\u0131l\u0131mc\u0131larla Payla\u015f\u0131lacakt\u0131r.<\/strong><\/p>\n<div><u>Sipari\u015flerinizi olu\u015ftururken Whatsapp kulland\u0131\u011f\u0131n\u0131z telefon numaran\u0131z\u0131 do\u011fru \u015fekilde girmelisiniz.<\/u><\/div>\n<div>At\u00f6lye kat\u0131l\u0131m linkleri belirtti\u011finiz numaraya g\u00f6nderilecektir. Daha sonra at\u00f6lye kayd\u0131n\u0131 yine Whatsapp \u00fczerinden payla\u015faca\u011f\u0131z.<\/div>\n<div>Ama \u00f6nemli ricam\u0131z, canl\u0131 olarak kat\u0131l\u0131m sa\u011flaman\u0131zd\u0131r.<\/div>\n<div><\/div>\n<div>Her at\u00f6lye kayd\u0131 bir ki\u015fi i\u00e7in ge\u00e7erlidir, yasal olarak bir ba\u015fkas\u0131 ile payla\u015f\u0131lamaz. Sadece at\u00f6lyeye kat\u0131lanlara ThetaHealing his y\u00fcklemeleri, anne karn\u0131 ve grup \u015fifas\u0131 yap\u0131lacakt\u0131r.<\/div>\n<div><\/div>\n","protected":false},"featured_media":17468,"comment_status":"open","ping_status":"closed","template":"","meta":[],"product_brand":[],"product_cat":[494],"product_tag":[],"class_list":{"0":"post-17457","1":"product","2":"type-product","3":"status-publish","4":"has-post-thumbnail","6":"product_cat-atolyeler","8":"first","9":"outofstock","10":"virtual","11":"taxable","12":"purchasable","13":"product-type-simple"},"yoast_head":"<!-- This site is optimized with the Yoast SEO plugin v27.3 - https:\/\/yoast.com\/product\/yoast-seo-wordpress\/ -->\n<title>YARATIM VE BOLLUK AT\u00d6LYES\u0130 - Astrolog Elvan<\/title>\n<meta name=\"robots\" content=\"index, follow, max-snippet:-1, max-image-preview:large, max-video-preview:-1\" \/>\n<link rel=\"canonical\" href=\"https:\/\/astrologelvan.com\/magaza\/urun\/yaratim-ve-bolluk-atolyesi\/\" \/>\n<meta property=\"og:locale\" content=\"tr_TR\" \/>\n<meta property=\"og:type\" content=\"article\" \/>\n<meta property=\"og:title\" content=\"YARATIM VE BOLLUK AT\u00d6LYES\u0130 - Astrolog Elvan\" \/>\n<meta property=\"og:description\" content=\"Yarat\u0131m ve bolluk at\u00f6lyesinde sizin bollu\u011funuzu bereketinizi \u00e7o\u011faltacak tavsiyelerden bahsederken fark\u0131ndal\u0131\u011f\u0131n\u0131z artacak ve daha sonras\u0131nda Theta frekans\u0131nda buna engel olan bilin\u00e7alt\u0131 inan\u00e7lar\u0131n\u0131zdan ar\u0131nmam\u0131z\u0131 sa\u011flayacak bir meditasyonla devam edece\u011fiz ,en sonunda ise m\u00fcthi\u015f bir ar\u0131nma tekni\u011fi olan JAAS sistemi ile blokajlar\u0131 ortadan kald\u0131r\u0131p hayat\u0131m\u0131z\u0131 bollu\u011fa berekete zenginli\u011fe a\u00e7aca\u011f\u0131z.  At\u00f6lyenin Kayd\u0131 Kat\u0131lan ve Kat\u0131lamayan T\u00fcm Kat\u0131l\u0131mc\u0131larla Payla\u015f\u0131lacakt\u0131r. Sipari\u015flerinizi olu\u015ftururken Whatsapp kulland\u0131\u011f\u0131n\u0131z telefon numaran\u0131z\u0131 do\u011fru \u015fekilde girmelisiniz. At\u00f6lye kat\u0131l\u0131m linkleri belirtti\u011finiz numaraya g\u00f6nderilecektir. Daha sonra at\u00f6lye kayd\u0131n\u0131 yine Whatsapp \u00fczerinden payla\u015faca\u011f\u0131z. Ama \u00f6nemli ricam\u0131z, canl\u0131 olarak kat\u0131l\u0131m sa\u011flaman\u0131zd\u0131r.  Her at\u00f6lye kayd\u0131 bir ki\u015fi i\u00e7in ge\u00e7erlidir, yasal olarak bir ba\u015fkas\u0131 ile payla\u015f\u0131lamaz. Sadece at\u00f6lyeye kat\u0131lanlara ThetaHealing his y\u00fcklemeleri, anne karn\u0131 ve grup \u015fifas\u0131 yap\u0131lacakt\u0131r.\" \/>\n<meta property=\"og:url\" content=\"https:\/\/astrologelvan.com\/magaza\/urun\/yaratim-ve-bolluk-atolyesi\/\" \/>\n<meta property=\"og:site_name\" content=\"Astrolog Elvan\" \/>\n<meta property=\"article:modified_time\" content=\"2025-10-06T05:15:22+00:00\" \/>\n<meta property=\"og:image\" content=\"https:\/\/astrologelvan.com\/magaza\/wp-content\/uploads\/2024\/10\/Firefly-Altin-detayli-Hazine-sandigi-etrafta-altin-sikkeler-guzel-hafif-mor-bir-astrolojik-arkapla-kopya-e1729787636500.jpg\" \/>\n\t<meta property=\"og:image:width\" content=\"1728\" \/>\n\t<meta property=\"og:image:height\" content=\"2304\" \/>\n\t<meta property=\"og:image:type\" content=\"image\/jpeg\" \/>\n<meta name=\"twitter:card\" content=\"summary_large_image\" \/>\n<meta name=\"twitter:label1\" content=\"Tahmini okuma s\u00fcresi\" \/>\n\t<meta name=\"twitter:data1\" content=\"1 dakika\" \/>\n<script type=\"application\/ld+json\" class=\"yoast-schema-graph\">{\"@context\":\"https:\\\/\\\/schema.org\",\"@graph\":[{\"@type\":[\"WebPage\",\"ItemPage\"],\"@id\":\"https:\\\/\\\/astrologelvan.com\\\/magaza\\\/urun\\\/yaratim-ve-bolluk-atolyesi\\\/\",\"url\":\"https:\\\/\\\/astrologelvan.com\\\/magaza\\\/urun\\\/yaratim-ve-bolluk-atolyesi\\\/\",\"name\":\"YARATIM VE BOLLUK AT\u00d6LYES\u0130 - Astrolog Elvan\",\"isPartOf\":{\"@id\":\"https:\\\/\\\/astrologelvan.com\\\/magaza\\\/#website\"},\"primaryImageOfPage\":{\"@id\":\"https:\\\/\\\/astrologelvan.com\\\/magaza\\\/urun\\\/yaratim-ve-bolluk-atolyesi\\\/#primaryimage\"},\"image\":{\"@id\":\"https:\\\/\\\/astrologelvan.com\\\/magaza\\\/urun\\\/yaratim-ve-bolluk-atolyesi\\\/#primaryimage\"},\"thumbnailUrl\":\"https:\\\/\\\/astrologelvan.com\\\/magaza\\\/wp-content\\\/uploads\\\/2024\\\/10\\\/Firefly-Altin-detayli-Hazine-sandigi-etrafta-altin-sikkeler-guzel-hafif-mor-bir-astrolojik-arkapla-kopya-e1729787636500.jpg\",\"datePublished\":\"2024-10-23T08:50:53+00:00\",\"dateModified\":\"2025-10-06T05:15:22+00:00\",\"breadcrumb\":{\"@id\":\"https:\\\/\\\/astrologelvan.com\\\/magaza\\\/urun\\\/yaratim-ve-bolluk-atolyesi\\\/#breadcrumb\"},\"inLanguage\":\"tr\",\"potentialAction\":[{\"@type\":\"ReadAction\",\"target\":[\"https:\\\/\\\/astrologelvan.com\\\/magaza\\\/urun\\\/yaratim-ve-bolluk-atolyesi\\\/\"]}]},{\"@type\":\"ImageObject\",\"inLanguage\":\"tr\",\"@id\":\"https:\\\/\\\/astrologelvan.com\\\/magaza\\\/urun\\\/yaratim-ve-bolluk-atolyesi\\\/#primaryimage\",\"url\":\"https:\\\/\\\/astrologelvan.com\\\/magaza\\\/wp-content\\\/uploads\\\/2024\\\/10\\\/Firefly-Altin-detayli-Hazine-sandigi-etrafta-altin-sikkeler-guzel-hafif-mor-bir-astrolojik-arkapla-kopya-e1729787636500.jpg\",\"contentUrl\":\"https:\\\/\\\/astrologelvan.com\\\/magaza\\\/wp-content\\\/uploads\\\/2024\\\/10\\\/Firefly-Altin-detayli-Hazine-sandigi-etrafta-altin-sikkeler-guzel-hafif-mor-bir-astrolojik-arkapla-kopya-e1729787636500.jpg\",\"width\":1728,\"height\":2304},{\"@type\":\"BreadcrumbList\",\"@id\":\"https:\\\/\\\/astrologelvan.com\\\/magaza\\\/urun\\\/yaratim-ve-bolluk-atolyesi\\\/#breadcrumb\",\"itemListElement\":[{\"@type\":\"ListItem\",\"position\":1,\"name\":\"Anasayfa\",\"item\":\"https:\\\/\\\/astrologelvan.com\\\/magaza\\\/\"},{\"@type\":\"ListItem\",\"position\":2,\"name\":\"Ma\u011faza\",\"item\":\"https:\\\/\\\/astrologelvan.com\\\/magaza\\\/magaza\\\/\"},{\"@type\":\"ListItem\",\"position\":3,\"name\":\"YARATIM VE BOLLUK AT\u00d6LYES\u0130\"}]},{\"@type\":\"WebSite\",\"@id\":\"https:\\\/\\\/astrologelvan.com\\\/magaza\\\/#website\",\"url\":\"https:\\\/\\\/astrologelvan.com\\\/magaza\\\/\",\"name\":\"Astrolog Elvan\",\"description\":\"\",\"potentialAction\":[{\"@type\":\"SearchAction\",\"target\":{\"@type\":\"EntryPoint\",\"urlTemplate\":\"https:\\\/\\\/astrologelvan.com\\\/magaza\\\/?s={search_term_string}\"},\"query-input\":{\"@type\":\"PropertyValueSpecification\",\"valueRequired\":true,\"valueName\":\"search_term_string\"}}],\"inLanguage\":\"tr\"}]}<\/script>\n<!-- \/ Yoast SEO plugin. -->","yoast_head_json":{"title":"YARATIM VE BOLLUK AT\u00d6LYES\u0130 - Astrolog Elvan","robots":{"index":"index","follow":"follow","max-snippet":"max-snippet:-1","max-image-preview":"max-image-preview:large","max-video-preview":"max-video-preview:-1"},"canonical":"https:\/\/astrologelvan.com\/magaza\/urun\/yaratim-ve-bolluk-atolyesi\/","og_locale":"tr_TR","og_type":"article","og_title":"YARATIM VE BOLLUK AT\u00d6LYES\u0130 - Astrolog Elvan","og_description":"Yarat\u0131m ve bolluk at\u00f6lyesinde sizin bollu\u011funuzu bereketinizi \u00e7o\u011faltacak tavsiyelerden bahsederken fark\u0131ndal\u0131\u011f\u0131n\u0131z artacak ve daha sonras\u0131nda Theta frekans\u0131nda buna engel olan bilin\u00e7alt\u0131 inan\u00e7lar\u0131n\u0131zdan ar\u0131nmam\u0131z\u0131 sa\u011flayacak bir meditasyonla devam edece\u011fiz ,en sonunda ise m\u00fcthi\u015f bir ar\u0131nma tekni\u011fi olan JAAS sistemi ile blokajlar\u0131 ortadan kald\u0131r\u0131p hayat\u0131m\u0131z\u0131 bollu\u011fa berekete zenginli\u011fe a\u00e7aca\u011f\u0131z.  At\u00f6lyenin Kayd\u0131 Kat\u0131lan ve Kat\u0131lamayan T\u00fcm Kat\u0131l\u0131mc\u0131larla Payla\u015f\u0131lacakt\u0131r. Sipari\u015flerinizi olu\u015ftururken Whatsapp kulland\u0131\u011f\u0131n\u0131z telefon numaran\u0131z\u0131 do\u011fru \u015fekilde girmelisiniz. At\u00f6lye kat\u0131l\u0131m linkleri belirtti\u011finiz numaraya g\u00f6nderilecektir. Daha sonra at\u00f6lye kayd\u0131n\u0131 yine Whatsapp \u00fczerinden payla\u015faca\u011f\u0131z. Ama \u00f6nemli ricam\u0131z, canl\u0131 olarak kat\u0131l\u0131m sa\u011flaman\u0131zd\u0131r.  Her at\u00f6lye kayd\u0131 bir ki\u015fi i\u00e7in ge\u00e7erlidir, yasal olarak bir ba\u015fkas\u0131 ile payla\u015f\u0131lamaz. Sadece at\u00f6lyeye kat\u0131lanlara ThetaHealing his y\u00fcklemeleri, anne karn\u0131 ve grup \u015fifas\u0131 yap\u0131lacakt\u0131r.","og_url":"https:\/\/astrologelvan.com\/magaza\/urun\/yaratim-ve-bolluk-atolyesi\/","og_site_name":"Astrolog Elvan","article_modified_time":"2025-10-06T05:15:22+00:00","og_image":[{"width":1728,"height":2304,"url":"https:\/\/astrologelvan.com\/magaza\/wp-content\/uploads\/2024\/10\/Firefly-Altin-detayli-Hazine-sandigi-etrafta-altin-sikkeler-guzel-hafif-mor-bir-astrolojik-arkapla-kopya-e1729787636500.jpg","type":"image\/jpeg"}],"twitter_card":"summary_large_image","twitter_misc":{"Tahmini okuma s\u00fcresi":"1 dakika"},"schema":{"@context":"https:\/\/schema.org","@graph":[{"@type":["WebPage","ItemPage"],"@id":"https:\/\/astrologelvan.com\/magaza\/urun\/yaratim-ve-bolluk-atolyesi\/","url":"https:\/\/astrologelvan.com\/magaza\/urun\/yaratim-ve-bolluk-atolyesi\/","name":"YARATIM VE BOLLUK AT\u00d6LYES\u0130 - Astrolog Elvan","isPartOf":{"@id":"https:\/\/astrologelvan.com\/magaza\/#website"},"primaryImageOfPage":{"@id":"https:\/\/astrologelvan.com\/magaza\/urun\/yaratim-ve-bolluk-atolyesi\/#primaryimage"},"image":{"@id":"https:\/\/astrologelvan.com\/magaza\/urun\/yaratim-ve-bolluk-atolyesi\/#primaryimage"},"thumbnailUrl":"https:\/\/astrologelvan.com\/magaza\/wp-content\/uploads\/2024\/10\/Firefly-Altin-detayli-Hazine-sandigi-etrafta-altin-sikkeler-guzel-hafif-mor-bir-astrolojik-arkapla-kopya-e1729787636500.jpg","datePublished":"2024-10-23T08:50:53+00:00","dateModified":"2025-10-06T05:15:22+00:00","breadcrumb":{"@id":"https:\/\/astrologelvan.com\/magaza\/urun\/yaratim-ve-bolluk-atolyesi\/#breadcrumb"},"inLanguage":"tr","potentialAction":[{"@type":"ReadAction","target":["https:\/\/astrologelvan.com\/magaza\/urun\/yaratim-ve-bolluk-atolyesi\/"]}]},{"@type":"ImageObject","inLanguage":"tr","@id":"https:\/\/astrologelvan.com\/magaza\/urun\/yaratim-ve-bolluk-atolyesi\/#primaryimage","url":"https:\/\/astrologelvan.com\/magaza\/wp-content\/uploads\/2024\/10\/Firefly-Altin-detayli-Hazine-sandigi-etrafta-altin-sikkeler-guzel-hafif-mor-bir-astrolojik-arkapla-kopya-e1729787636500.jpg","contentUrl":"https:\/\/astrologelvan.com\/magaza\/wp-content\/uploads\/2024\/10\/Firefly-Altin-detayli-Hazine-sandigi-etrafta-altin-sikkeler-guzel-hafif-mor-bir-astrolojik-arkapla-kopya-e1729787636500.jpg","width":1728,"height":2304},{"@type":"BreadcrumbList","@id":"https:\/\/astrologelvan.com\/magaza\/urun\/yaratim-ve-bolluk-atolyesi\/#breadcrumb","itemListElement":[{"@type":"ListItem","position":1,"name":"Anasayfa","item":"https:\/\/astrologelvan.com\/magaza\/"},{"@type":"ListItem","position":2,"name":"Ma\u011faza","item":"https:\/\/astrologelvan.com\/magaza\/magaza\/"},{"@type":"ListItem","position":3,"name":"YARATIM VE BOLLUK AT\u00d6LYES\u0130"}]},{"@type":"WebSite","@id":"https:\/\/astrologelvan.com\/magaza\/#website","url":"https:\/\/astrologelvan.com\/magaza\/","name":"Astrolog Elvan","description":"","potentialAction":[{"@type":"SearchAction","target":{"@type":"EntryPoint","urlTemplate":"https:\/\/astrologelvan.com\/magaza\/?s={search_term_string}"},"query-input":{"@type":"PropertyValueSpecification","valueRequired":true,"valueName":"search_term_string"}}],"inLanguage":"tr"}]}},"_links":{"self":[{"href":"https:\/\/astrologelvan.com\/magaza\/wp-json\/wp\/v2\/product\/17457","targetHints":{"allow":["GET"]}}],"collection":[{"href":"https:\/\/astrologelvan.com\/magaza\/wp-json\/wp\/v2\/product"}],"about":[{"href":"https:\/\/astrologelvan.com\/magaza\/wp-json\/wp\/v2\/types\/product"}],"replies":[{"embeddable":true,"href":"https:\/\/astrologelvan.com\/magaza\/wp-json\/wp\/v2\/comments?post=17457"}],"wp:featuredmedia":[{"embeddable":true,"href":"https:\/\/astrologelvan.com\/magaza\/wp-json\/wp\/v2\/media\/17468"}],"wp:attachment":[{"href":"https:\/\/astrologelvan.com\/magaza\/wp-json\/wp\/v2\/media?parent=17457"}],"wp:term":[{"taxonomy":"product_brand","embeddable":true,"href":"https:\/\/astrologelvan.com\/magaza\/wp-json\/wp\/v2\/product_brand?post=17457"},{"taxonomy":"product_cat","embeddable":true,"href":"https:\/\/astrologelvan.com\/magaza\/wp-json\/wp\/v2\/product_cat?post=17457"},{"taxonomy":"product_tag","embeddable":true,"href":"https:\/\/astrologelvan.com\/magaza\/wp-json\/wp\/v2\/product_tag?post=17457"}],"curies":[{"name":"wp","href":"https:\/\/api.w.org\/{rel}","templated":true}]}}